{"id":57454,"date":"2025-03-06T00:32:31","date_gmt":"2025-03-05T22:32:31","guid":{"rendered":"https:\/\/vmsport.fi\/verkkokauppa\/Ei-luokiteltu\/trek-dual-sport-3-equipped-stagger-gen-5-galactic-grey\/"},"modified":"2026-01-30T12:16:13","modified_gmt":"2026-01-30T10:16:13","slug":"trek-dual-sport-3-utrustad-stagger-gen-5-galactic-grey","status":"publish","type":"product","link":"https:\/\/vmsport.fi\/sv\/verkkokauppa\/polkupyorat\/kaupunki-ja-hybridipyorat\/hybridit\/trek-dual-sport-3-equipped-stagger-gen-5-galactic-grey\/","title":{"rendered":"Trek Dual Sport 3 utrustad Stagger Gen 5 - GALAKTISK GR\u00c5"},"content":{"rendered":"<p>TREK Dual Sport 3 MS EQ tarjoaa kattavat varusteet, sis\u00e4lt\u00e4en tavaratelineen, lokasuojat, valot ja seisontatuen. Shimano CUES 1&#215;10 -voimansiirto on helppok\u00e4ytt\u00f6inen ja pitk\u00e4ik\u00e4inen LINKGLIDE-tekniikalla. Kevyt alumiinirunko ja hiilikuituhaarukka lis\u00e4\u00e4v\u00e4t ajovakautta. Leve\u00e4t ja mukavat renkaat sopivat asfaltille ja hiekkateille. Napadynamo pit\u00e4\u00e4 valot p\u00e4\u00e4ll\u00e4 ilman paristojen vaihtoa.<\/p>","protected":false},"excerpt":{"rendered":"<p>Monipuolinen ja hyvin varusteltu hybridipy\u00f6r\u00e4 laadukkaalla Shimano CUES 1&#215;10 -vaihteistolla ja k\u00e4yt\u00e4nn\u00f6llisill\u00e4 vakiovarusteilla p\u00e4ivitt\u00e4iseen py\u00f6r\u00e4ilyyn. [&#8230;]<\/p>\n<p><a class=\"btn btn-secondary understrap-read-more-link\" href=\"https:\/\/vmsport.fi\/sv\/verkkokauppa\/polkupyorat\/kaupunki-ja-hybridipyorat\/hybridit\/trek-dual-sport-3-equipped-stagger-gen-5-galactic-grey\/\">L\u00e4s mer \u2026<span class=\"screen-reader-text\"> from Trek Dual Sport 3 Equipped Stagger Gen 5 &#8211; GALACTIC GREY<\/span><\/a><\/p>\n","protected":false},"featured_media":57453,"comment_status":"open","ping_status":"closed","template":"","meta":{"_acf_changed":false,"_improvement_type_select":"improve_an_existing","_thumb_yes_seoaic":false,"_frame_yes_seoaic":false,"seoaic_generate_description":"","seoaic_improve_instructions_prompt":"","seoaic_rollback_content_improvement":"","seoaic_idea_thumbnail_generator":"","thumbnail_generated":false,"thumbnail_generate_prompt":"","seoaic_article_description":"","_supplier_stock_quantity":0},"product_brand":[37],"product_model":[],"product_cat":[9398],"product_tag":[],"industry-terminology":[],"class_list":{"0":"post-57454","1":"product","2":"type-product","3":"status-publish","4":"has-post-thumbnail","6":"product_brand-trek","7":"product_cat-hybridit","9":"first","10":"instock","11":"taxable","12":"shipping-taxable","13":"purchasable","14":"product-type-variable"},"acf":{"bike_features":[{"image":"https:\/\/media.trekbikes.com\/image\/upload\/w_768,c_pad,f_auto,fl_progressive:semi,q_auto\/ShimanoCues_techfeature_16x9_31Jan2022","header":"Shimano CUES Voimansiirto","description":"Tasainen ja luotettava vaihteenvaihto saavutetaan Shimano CUESill\u00e4, joka sis\u00e4lt\u00e4\u00e4 LINKGLIDE-teknologiaa kulutuskest\u00e4vyyden ja suoritusvarmuuden takaamiseksi."},{"image":"https:\/\/media.trekbikes.com\/image\/upload\/w_768,c_pad,f_auto,fl_progressive:semi,q_auto\/ShimanoLinkGlide_techfeature_16x9_31Jan2022","header":"LinkGlide Teknologia","description":"LinkGlide tarjoaa saumattoman osana Shimano voimansiirtoa, optimoiden pitk\u00e4aikaisen keston ja tarkkuuden k\u00e4yt\u00f6ss\u00e4."},{"image":"https:\/\/media.trekbikes.com\/image\/upload\/w_768,c_pad,f_auto,fl_progressive:semi,q_auto\/TK23_Kovee_Line_Pedals_Tech_Features_Primary_13_Upgrade_your_pedals","header":"Leve\u00e4t Bontrager Kiekot ja Gravel Renkaat","description":"Leve\u00e4t gravel-renkaat Bontragerin kiekoilla tarjoavat vakaata ajoa ja mukavuutta, verrattavissa jousitettuihin etuhaarukoihin ilman niiden lis\u00e4painoa."}],"overview":{"copy_overview":[{"overview":"Koe monipuolisuus Dual Sport 3 Mid-stepin avulla. T\u00e4m\u00e4 hybridipy\u00f6r\u00e4 yhdist\u00e4\u00e4 mukavuuden ja suorituskyvyn, ja sen Lowstep-runko mahdollistaa saumattoman siirtym\u00e4n kaupunkiliikenteest\u00e4 maaseudun kevyille poluille."},{"overview":"Shimano CUESin tarjoama tekniikka varmistaa vaivattoman vaihteenvaihdon, ja Bontragerin leve\u00e4t py\u00f6r\u00e4t tasaavat matkan mahdolliset ep\u00e4tasaisuudet."},{"overview":"Sis\u00e4\u00e4nrakennetut lis\u00e4varusteet, kuten napadynaamoilla toimintaa saavat valot, tarjoavat vaivattoman py\u00f6r\u00e4ilykokemuksen, p\u00e4iv\u00e4st\u00e4 toiseen."}],"key_features":[{"feature":"Kevyt ja helposti hallittava Lowstep-runko."},{"feature":"Leve\u00e4t Bontragerin Kovee-kiekot vakauteen ja mukavuuteen eri alustoilla."},{"feature":"Shimano CUESin 1x10 voimansiirto, joka sopii monipuoliseen ajoon."},{"feature":"Napadynamo, joka tuottaa virtaa ajovaloille, lis\u00e4\u00e4 turvallisuutta."},{"feature":"Hiilikuituhaarukka v\u00e4hent\u00e4\u00e4 painoa ja lis\u00e4\u00e4 ajoergonomiaa."},{"feature":"Lis\u00e4varusteiksi integroitu muun muassa MIK-yhteensopiva tavarateline ja lokasuojat."}],"statement":"Dual Sport 3 Mid-step on huolella suunniteltu hybridipy\u00f6r\u00e4, joka yhdist\u00e4\u00e4 mukavuuden ja suorituskyvyn jokap\u00e4iv\u00e4iseen k\u00e4ytt\u00f6\u00f6n.","youtube_url":"https:\/\/www.youtube.com\/watch?v=vKiZblfVr1E"}},"yoast_head":"<!-- This site is optimized with the Yoast SEO plugin v27.3 - https:\/\/yoast.com\/product\/yoast-seo-wordpress\/ -->\n<title>Trek Dual Sport 3 Equipped Stagger Gen 5 - GALACTIC GREY - VM Sport<\/title>\n<meta name=\"robots\" content=\"index, follow, max-snippet:-1, max-image-preview:large, max-video-preview:-1\" \/>\n<link rel=\"canonical\" href=\"https:\/\/vmsport.fi\/sv\/webbutik\/cyklar\/stads-och-hybridcyklar\/hybrider\/trek-dual-sport-3-utrustad-stagger-gen-5-galactic-grey\/\" \/>\n<meta property=\"og:locale\" content=\"sv_SE\" \/>\n<meta property=\"og:type\" content=\"article\" \/>\n<meta property=\"og:title\" content=\"Trek Dual Sport 3 Equipped Stagger Gen 5 - GALACTIC GREY - VM Sport\" \/>\n<meta property=\"og:description\" content=\"Monipuolinen ja hyvin varusteltu hybridipy\u00f6r\u00e4 laadukkaalla Shimano CUES 1x10 -vaihteistolla ja k\u00e4yt\u00e4nn\u00f6llisill\u00e4 vakiovarusteilla p\u00e4ivitt\u00e4iseen py\u00f6r\u00e4ilyyn. [...]L\u00e4s mer \u2026 from Trek Dual Sport 3 Equipped Stagger Gen 5 &#8211; GALACTIC GREY\" \/>\n<meta property=\"og:url\" content=\"https:\/\/vmsport.fi\/sv\/webbutik\/cyklar\/stads-och-hybridcyklar\/hybrider\/trek-dual-sport-3-utrustad-stagger-gen-5-galactic-grey\/\" \/>\n<meta property=\"og:site_name\" content=\"VM Sport\" \/>\n<meta property=\"article:publisher\" content=\"https:\/\/www.facebook.com\/Vmsport.fi\/\" \/>\n<meta property=\"article:modified_time\" content=\"2026-01-30T10:16:13+00:00\" \/>\n<meta property=\"og:image\" content=\"https:\/\/vmsport.fi\/wp-content\/uploads\/2025\/03\/Ul8zhZwYBfeIvZiuxLGSY0dfhJ57tiSz6GoIh8fNsSUmaUFC3V-1.jpg\" \/>\n\t<meta property=\"og:image:width\" content=\"1000\" \/>\n\t<meta property=\"og:image:height\" content=\"585\" \/>\n\t<meta property=\"og:image:type\" content=\"image\/jpeg\" \/>\n<meta name=\"twitter:card\" content=\"summary_large_image\" \/>\n<script type=\"application\/ld+json\" class=\"yoast-schema-graph\">{\"@context\":\"https:\\\/\\\/schema.org\",\"@graph\":[{\"@type\":[\"WebPage\",\"ItemPage\"],\"@id\":\"https:\\\/\\\/vmsport.fi\\\/verkkokauppa\\\/polkupyorat\\\/kaupunki-ja-hybridipyorat\\\/hybridit\\\/trek-dual-sport-3-equipped-stagger-gen-5-galactic-grey\\\/\",\"url\":\"https:\\\/\\\/vmsport.fi\\\/verkkokauppa\\\/polkupyorat\\\/kaupunki-ja-hybridipyorat\\\/hybridit\\\/trek-dual-sport-3-equipped-stagger-gen-5-galactic-grey\\\/\",\"name\":\"Trek Dual Sport 3 Equipped Stagger Gen 5 - GALACTIC GREY - VM Sport\",\"isPartOf\":{\"@id\":\"https:\\\/\\\/vmsport.fi\\\/#website\"},\"primaryImageOfPage\":{\"@id\":\"https:\\\/\\\/vmsport.fi\\\/verkkokauppa\\\/polkupyorat\\\/kaupunki-ja-hybridipyorat\\\/hybridit\\\/trek-dual-sport-3-equipped-stagger-gen-5-galactic-grey\\\/#primaryimage\"},\"image\":{\"@id\":\"https:\\\/\\\/vmsport.fi\\\/verkkokauppa\\\/polkupyorat\\\/kaupunki-ja-hybridipyorat\\\/hybridit\\\/trek-dual-sport-3-equipped-stagger-gen-5-galactic-grey\\\/#primaryimage\"},\"thumbnailUrl\":\"https:\\\/\\\/vmsport.fi\\\/wp-content\\\/uploads\\\/2025\\\/03\\\/Ul8zhZwYBfeIvZiuxLGSY0dfhJ57tiSz6GoIh8fNsSUmaUFC3V-1.jpg\",\"datePublished\":\"2025-03-05T22:32:31+00:00\",\"dateModified\":\"2026-01-30T10:16:13+00:00\",\"breadcrumb\":{\"@id\":\"https:\\\/\\\/vmsport.fi\\\/verkkokauppa\\\/polkupyorat\\\/kaupunki-ja-hybridipyorat\\\/hybridit\\\/trek-dual-sport-3-equipped-stagger-gen-5-galactic-grey\\\/#breadcrumb\"},\"inLanguage\":\"sv-SE\",\"potentialAction\":[{\"@type\":\"ReadAction\",\"target\":[\"https:\\\/\\\/vmsport.fi\\\/verkkokauppa\\\/polkupyorat\\\/kaupunki-ja-hybridipyorat\\\/hybridit\\\/trek-dual-sport-3-equipped-stagger-gen-5-galactic-grey\\\/\"]}]},{\"@type\":\"ImageObject\",\"inLanguage\":\"sv-SE\",\"@id\":\"https:\\\/\\\/vmsport.fi\\\/verkkokauppa\\\/polkupyorat\\\/kaupunki-ja-hybridipyorat\\\/hybridit\\\/trek-dual-sport-3-equipped-stagger-gen-5-galactic-grey\\\/#primaryimage\",\"url\":\"https:\\\/\\\/vmsport.fi\\\/wp-content\\\/uploads\\\/2025\\\/03\\\/Ul8zhZwYBfeIvZiuxLGSY0dfhJ57tiSz6GoIh8fNsSUmaUFC3V-1.jpg\",\"contentUrl\":\"https:\\\/\\\/vmsport.fi\\\/wp-content\\\/uploads\\\/2025\\\/03\\\/Ul8zhZwYBfeIvZiuxLGSY0dfhJ57tiSz6GoIh8fNsSUmaUFC3V-1.jpg\",\"width\":1000,\"height\":585,\"caption\":\"Ul8zhZwYBfeIvZiuxLGSY0dfhJ57tiSz6GoIh8fNsSUmaUFC3V\"},{\"@type\":\"BreadcrumbList\",\"@id\":\"https:\\\/\\\/vmsport.fi\\\/verkkokauppa\\\/polkupyorat\\\/kaupunki-ja-hybridipyorat\\\/hybridit\\\/trek-dual-sport-3-equipped-stagger-gen-5-galactic-grey\\\/#breadcrumb\",\"itemListElement\":[{\"@type\":\"ListItem\",\"position\":1,\"name\":\"Etusivu\",\"item\":\"https:\\\/\\\/vmsport.fi\\\/\"},{\"@type\":\"ListItem\",\"position\":2,\"name\":\"Online Store\",\"item\":\"https:\\\/\\\/vmsport.fi\\\/en\\\/online-store\\\/\"},{\"@type\":\"ListItem\",\"position\":3,\"name\":\"Trek polkupy\u00f6r\u00e4t\",\"item\":\"https:\\\/\\\/vmsport.fi\\\/sv\\\/merkki\\\/trek\\\/\"},{\"@type\":\"ListItem\",\"position\":4,\"name\":\"Trek Dual Sport 3 Equipped Stagger Gen 5 &#8211; GALACTIC GREY\"}]},{\"@type\":\"WebSite\",\"@id\":\"https:\\\/\\\/vmsport.fi\\\/#website\",\"url\":\"https:\\\/\\\/vmsport.fi\\\/\",\"name\":\"Vmsport\",\"description\":\"Kaikki py\u00f6r\u00e4ilyyn yhdest\u00e4 paikasta\",\"publisher\":{\"@id\":\"https:\\\/\\\/vmsport.fi\\\/#organization\"},\"potentialAction\":[{\"@type\":\"SearchAction\",\"target\":{\"@type\":\"EntryPoint\",\"urlTemplate\":\"https:\\\/\\\/vmsport.fi\\\/?s={search_term_string}\"},\"query-input\":{\"@type\":\"PropertyValueSpecification\",\"valueRequired\":true,\"valueName\":\"search_term_string\"}}],\"inLanguage\":\"sv-SE\"},{\"@type\":\"Organization\",\"@id\":\"https:\\\/\\\/vmsport.fi\\\/#organization\",\"name\":\"Vmsport\",\"url\":\"https:\\\/\\\/vmsport.fi\\\/\",\"logo\":{\"@type\":\"ImageObject\",\"inLanguage\":\"sv-SE\",\"@id\":\"https:\\\/\\\/vmsport.fi\\\/#\\\/schema\\\/logo\\\/image\\\/\",\"url\":\"https:\\\/\\\/vmsport.fi\\\/wp-content\\\/uploads\\\/2024\\\/12\\\/vm_sport_RGB_horisontal-e1734526017575.png\",\"contentUrl\":\"https:\\\/\\\/vmsport.fi\\\/wp-content\\\/uploads\\\/2024\\\/12\\\/vm_sport_RGB_horisontal-e1734526017575.png\",\"width\":668,\"height\":85,\"caption\":\"Vmsport\"},\"image\":{\"@id\":\"https:\\\/\\\/vmsport.fi\\\/#\\\/schema\\\/logo\\\/image\\\/\"},\"sameAs\":[\"https:\\\/\\\/www.facebook.com\\\/Vmsport.fi\\\/\",\"https:\\\/\\\/www.instagram.com\\\/vmsport\\\/\"]}]}<\/script>\n<!-- \/ Yoast SEO plugin. -->","yoast_head_json":{"title":"Trek Dual Sport 3 utrustad Stagger Gen 5 - GALAKTISK GR\u00c5 - VM Sport","robots":{"index":"index","follow":"follow","max-snippet":"max-snippet:-1","max-image-preview":"max-image-preview:large","max-video-preview":"max-video-preview:-1"},"canonical":"https:\/\/vmsport.fi\/sv\/webbutik\/cyklar\/stads-och-hybridcyklar\/hybrider\/trek-dual-sport-3-utrustad-stagger-gen-5-galactic-grey\/","og_locale":"sv_SE","og_type":"article","og_title":"Trek Dual Sport 3 Equipped Stagger Gen 5 - GALACTIC GREY - VM Sport","og_description":"Monipuolinen ja hyvin varusteltu hybridipy\u00f6r\u00e4 laadukkaalla Shimano CUES 1x10 -vaihteistolla ja k\u00e4yt\u00e4nn\u00f6llisill\u00e4 vakiovarusteilla p\u00e4ivitt\u00e4iseen py\u00f6r\u00e4ilyyn. [...]L\u00e4s mer \u2026 from Trek Dual Sport 3 Equipped Stagger Gen 5 &#8211; GALACTIC GREY","og_url":"https:\/\/vmsport.fi\/sv\/webbutik\/cyklar\/stads-och-hybridcyklar\/hybrider\/trek-dual-sport-3-utrustad-stagger-gen-5-galactic-grey\/","og_site_name":"VM Sport","article_publisher":"https:\/\/www.facebook.com\/Vmsport.fi\/","article_modified_time":"2026-01-30T10:16:13+00:00","og_image":[{"width":1000,"height":585,"url":"https:\/\/vmsport.fi\/wp-content\/uploads\/2025\/03\/Ul8zhZwYBfeIvZiuxLGSY0dfhJ57tiSz6GoIh8fNsSUmaUFC3V-1.jpg","type":"image\/jpeg"}],"twitter_card":"summary_large_image","schema":{"@context":"https:\/\/schema.org","@graph":[{"@type":["WebPage","ItemPage"],"@id":"https:\/\/vmsport.fi\/verkkokauppa\/polkupyorat\/kaupunki-ja-hybridipyorat\/hybridit\/trek-dual-sport-3-equipped-stagger-gen-5-galactic-grey\/","url":"https:\/\/vmsport.fi\/verkkokauppa\/polkupyorat\/kaupunki-ja-hybridipyorat\/hybridit\/trek-dual-sport-3-equipped-stagger-gen-5-galactic-grey\/","name":"Trek Dual Sport 3 utrustad Stagger Gen 5 - GALAKTISK GR\u00c5 - VM Sport","isPartOf":{"@id":"https:\/\/vmsport.fi\/#website"},"primaryImageOfPage":{"@id":"https:\/\/vmsport.fi\/verkkokauppa\/polkupyorat\/kaupunki-ja-hybridipyorat\/hybridit\/trek-dual-sport-3-equipped-stagger-gen-5-galactic-grey\/#primaryimage"},"image":{"@id":"https:\/\/vmsport.fi\/verkkokauppa\/polkupyorat\/kaupunki-ja-hybridipyorat\/hybridit\/trek-dual-sport-3-equipped-stagger-gen-5-galactic-grey\/#primaryimage"},"thumbnailUrl":"https:\/\/vmsport.fi\/wp-content\/uploads\/2025\/03\/Ul8zhZwYBfeIvZiuxLGSY0dfhJ57tiSz6GoIh8fNsSUmaUFC3V-1.jpg","datePublished":"2025-03-05T22:32:31+00:00","dateModified":"2026-01-30T10:16:13+00:00","breadcrumb":{"@id":"https:\/\/vmsport.fi\/verkkokauppa\/polkupyorat\/kaupunki-ja-hybridipyorat\/hybridit\/trek-dual-sport-3-equipped-stagger-gen-5-galactic-grey\/#breadcrumb"},"inLanguage":"sv-SE","potentialAction":[{"@type":"ReadAction","target":["https:\/\/vmsport.fi\/verkkokauppa\/polkupyorat\/kaupunki-ja-hybridipyorat\/hybridit\/trek-dual-sport-3-equipped-stagger-gen-5-galactic-grey\/"]}]},{"@type":"ImageObject","inLanguage":"sv-SE","@id":"https:\/\/vmsport.fi\/verkkokauppa\/polkupyorat\/kaupunki-ja-hybridipyorat\/hybridit\/trek-dual-sport-3-equipped-stagger-gen-5-galactic-grey\/#primaryimage","url":"https:\/\/vmsport.fi\/wp-content\/uploads\/2025\/03\/Ul8zhZwYBfeIvZiuxLGSY0dfhJ57tiSz6GoIh8fNsSUmaUFC3V-1.jpg","contentUrl":"https:\/\/vmsport.fi\/wp-content\/uploads\/2025\/03\/Ul8zhZwYBfeIvZiuxLGSY0dfhJ57tiSz6GoIh8fNsSUmaUFC3V-1.jpg","width":1000,"height":585,"caption":"Ul8zhZwYBfeIvZiuxLGSY0dfhJ57tiSz6GoIh8fNsSUmaUFC3V"},{"@type":"BreadcrumbList","@id":"https:\/\/vmsport.fi\/verkkokauppa\/polkupyorat\/kaupunki-ja-hybridipyorat\/hybridit\/trek-dual-sport-3-equipped-stagger-gen-5-galactic-grey\/#breadcrumb","itemListElement":[{"@type":"ListItem","position":1,"name":"Etusivu","item":"https:\/\/vmsport.fi\/"},{"@type":"ListItem","position":2,"name":"Online Store","item":"https:\/\/vmsport.fi\/en\/online-store\/"},{"@type":"ListItem","position":3,"name":"Trek polkupy\u00f6r\u00e4t","item":"https:\/\/vmsport.fi\/sv\/merkki\/trek\/"},{"@type":"ListItem","position":4,"name":"Trek Dual Sport 3 Equipped Stagger Gen 5 &#8211; GALACTIC GREY"}]},{"@type":"WebSite","@id":"https:\/\/vmsport.fi\/#website","url":"https:\/\/vmsport.fi\/","name":"Vmsport","description":"Allt p\u00e5 ett st\u00e4lle f\u00f6r cykling","publisher":{"@id":"https:\/\/vmsport.fi\/#organization"},"potentialAction":[{"@type":"SearchAction","target":{"@type":"EntryPoint","urlTemplate":"https:\/\/vmsport.fi\/?s={search_term_string}"},"query-input":{"@type":"PropertyValueSpecification","valueRequired":true,"valueName":"search_term_string"}}],"inLanguage":"sv-SE"},{"@type":"Organization","@id":"https:\/\/vmsport.fi\/#organization","name":"Vmsport","url":"https:\/\/vmsport.fi\/","logo":{"@type":"ImageObject","inLanguage":"sv-SE","@id":"https:\/\/vmsport.fi\/#\/schema\/logo\/image\/","url":"https:\/\/vmsport.fi\/wp-content\/uploads\/2024\/12\/vm_sport_RGB_horisontal-e1734526017575.png","contentUrl":"https:\/\/vmsport.fi\/wp-content\/uploads\/2024\/12\/vm_sport_RGB_horisontal-e1734526017575.png","width":668,"height":85,"caption":"Vmsport"},"image":{"@id":"https:\/\/vmsport.fi\/#\/schema\/logo\/image\/"},"sameAs":["https:\/\/www.facebook.com\/Vmsport.fi\/","https:\/\/www.instagram.com\/vmsport\/"]}]}},"global_unique_id":"","_links":{"self":[{"href":"https:\/\/vmsport.fi\/sv\/wp-json\/wp\/v2\/product\/57454","targetHints":{"allow":["GET"]}}],"collection":[{"href":"https:\/\/vmsport.fi\/sv\/wp-json\/wp\/v2\/product"}],"about":[{"href":"https:\/\/vmsport.fi\/sv\/wp-json\/wp\/v2\/types\/product"}],"replies":[{"embeddable":true,"href":"https:\/\/vmsport.fi\/sv\/wp-json\/wp\/v2\/comments?post=57454"}],"wp:featuredmedia":[{"embeddable":true,"href":"https:\/\/vmsport.fi\/sv\/wp-json\/wp\/v2\/media\/57453"}],"wp:attachment":[{"href":"https:\/\/vmsport.fi\/sv\/wp-json\/wp\/v2\/media?parent=57454"}],"wp:term":[{"taxonomy":"product_brand","embeddable":true,"href":"https:\/\/vmsport.fi\/sv\/wp-json\/wp\/v2\/product_brand?post=57454"},{"taxonomy":"product_model","embeddable":true,"href":"https:\/\/vmsport.fi\/sv\/wp-json\/wp\/v2\/product_model?post=57454"},{"taxonomy":"product_cat","embeddable":true,"href":"https:\/\/vmsport.fi\/sv\/wp-json\/wp\/v2\/product_cat?post=57454"},{"taxonomy":"product_tag","embeddable":true,"href":"https:\/\/vmsport.fi\/sv\/wp-json\/wp\/v2\/product_tag?post=57454"},{"taxonomy":"industry_terminology","embeddable":true,"href":"https:\/\/vmsport.fi\/sv\/wp-json\/wp\/v2\/industry-terminology?post=57454"}],"curies":[{"name":"wp","href":"https:\/\/api.w.org\/{rel}","templated":true}]}}