{"id":57450,"date":"2025-03-06T00:32:28","date_gmt":"2025-03-05T22:32:28","guid":{"rendered":"https:\/\/vmsport.fi\/verkkokauppa\/Ei-luokiteltu\/orange-seal-tubeless-sealant-473-ml\/"},"modified":"2026-01-16T13:21:17","modified_gmt":"2026-01-16T11:21:17","slug":"orange-seal-slanglos-tatningsmedel-473-ml","status":"publish","type":"product","link":"https:\/\/vmsport.fi\/sv\/verkkokauppa\/renkaat\/tubeless-tarvikkeet\/tubeless-nesteet\/orange-seal-tubeless-sealant-473-ml\/","title":{"rendered":"ORANGE SEAL Tubeless t\u00e4tningsmedel 473 ml"},"content":{"rendered":"<p>Orange Seal tubeless sealant, 473 ml, \u00e4r en p\u00e5litlig l\u00f6sning f\u00f6r att skydda dina d\u00e4ck. Den \u00e4r speciellt utformad f\u00f6r offroad-, BMX-, landsv\u00e4gs- och cyclocrossd\u00e4ck och l\u00e4mpar sig f\u00f6r en m\u00e4ngd olika anv\u00e4ndningsomr\u00e5den. T\u00e4tningsmedlet t\u00e4tar inte bara slangl\u00f6sa d\u00e4ck, utan fungerar \u00e4ven med konventionella d\u00e4ck, vilket g\u00f6r det till ett m\u00e5ngsidigt alternativ f\u00f6r alla cyklister. Dess utm\u00e4rkta prestanda s\u00e4kerst\u00e4ller att sm\u00e5 h\u00e5l och l\u00e4ckande s\u00f6mmar snabbt repareras. Det h\u00e4r \u00e4r ett utm\u00e4rkt val f\u00f6r dem som v\u00e4rdes\u00e4tter effektivitet och bekv\u00e4mlighet.<\/p>","protected":false},"excerpt":{"rendered":"<p>Orange Seal -tubeless-tiiviste, 473 ml, on luotettava ratkaisu renkaidesi suojaamiseen. Se on erityisesti suunniteltu maasto-, BMX-, maantie- ja cyclocross-renkaille, joten se soveltuu monenlaiseen k\u00e4ytt\u00f6\u00f6n. Tiiviste ei pelk\u00e4st\u00e4\u00e4n tiivist\u00e4 tubeless-renkaita, vaan se toimii my\u00f6s perinteisten renkaiden kanssa, mik\u00e4 tekee siit\u00e4 monik\u00e4ytt\u00f6isen vaihtoehdon jokaiselle py\u00f6r\u00e4ilij\u00e4lle. Erinomainen suorituskyky varmistaa, ett\u00e4 pienet rei\u00e4t ja vuotavat saumat saadaan nopeasti kuntoon. [&#8230;]<\/p>\n<p><a class=\"btn btn-secondary understrap-read-more-link\" href=\"https:\/\/vmsport.fi\/sv\/verkkokauppa\/renkaat\/tubeless-tarvikkeet\/tubeless-nesteet\/orange-seal-tubeless-sealant-473-ml\/\">L\u00e4s mer \u2026<span class=\"screen-reader-text\"> from ORANGE SEAL Tubeless Sealant  473 ml<\/span><\/a><\/p>\n","protected":false},"featured_media":57449,"comment_status":"open","ping_status":"closed","template":"","meta":{"_acf_changed":false,"_improvement_type_select":"improve_an_existing","_thumb_yes_seoaic":false,"_frame_yes_seoaic":false,"seoaic_generate_description":"","seoaic_improve_instructions_prompt":"","seoaic_rollback_content_improvement":"","seoaic_idea_thumbnail_generator":"","thumbnail_generated":false,"thumbnail_generate_prompt":"","seoaic_article_description":"","_supplier_stock_quantity":0},"product_brand":[],"product_model":[],"product_cat":[9370],"product_tag":[],"industry-terminology":[],"class_list":{"0":"post-57450","1":"product","2":"type-product","3":"status-publish","4":"has-post-thumbnail","6":"product_cat-tubeless-nesteet","8":"first","9":"outofstock","10":"taxable","11":"shipping-taxable","12":"product-type-simple"},"acf":{"bike_features":null,"overview":{"copy_overview":null,"key_features":null,"statement":"","youtube_url":""}},"yoast_head":"<!-- This site is optimized with the Yoast SEO plugin v27.3 - https:\/\/yoast.com\/product\/yoast-seo-wordpress\/ -->\n<title>ORANGE SEAL Tubeless Sealant 473 ml - VM Sport<\/title>\n<meta name=\"robots\" content=\"index, follow, max-snippet:-1, max-image-preview:large, max-video-preview:-1\" \/>\n<link rel=\"canonical\" href=\"https:\/\/vmsport.fi\/sv\/webbutik\/dack\/slanglosa-tillbehor\/slanglosa-vatskor\/orange-seal-slanglos-tatningsmedel-473-ml\/\" \/>\n<meta property=\"og:locale\" content=\"sv_SE\" \/>\n<meta property=\"og:type\" content=\"article\" \/>\n<meta property=\"og:title\" content=\"ORANGE SEAL Tubeless Sealant 473 ml - VM Sport\" \/>\n<meta property=\"og:description\" content=\"Orange Seal -tubeless-tiiviste, 473 ml, on luotettava ratkaisu renkaidesi suojaamiseen. Se on erityisesti suunniteltu maasto-, BMX-, maantie- ja cyclocross-renkaille, joten se soveltuu monenlaiseen k\u00e4ytt\u00f6\u00f6n. Tiiviste ei pelk\u00e4st\u00e4\u00e4n tiivist\u00e4 tubeless-renkaita, vaan se toimii my\u00f6s perinteisten renkaiden kanssa, mik\u00e4 tekee siit\u00e4 monik\u00e4ytt\u00f6isen vaihtoehdon jokaiselle py\u00f6r\u00e4ilij\u00e4lle. Erinomainen suorituskyky varmistaa, ett\u00e4 pienet rei\u00e4t ja vuotavat saumat saadaan nopeasti kuntoon. [...]L\u00e4s mer \u2026 from ORANGE SEAL Tubeless Sealant 473 ml\" \/>\n<meta property=\"og:url\" content=\"https:\/\/vmsport.fi\/sv\/webbutik\/dack\/slanglosa-tillbehor\/slanglosa-vatskor\/orange-seal-slanglos-tatningsmedel-473-ml\/\" \/>\n<meta property=\"og:site_name\" content=\"VM Sport\" \/>\n<meta property=\"article:publisher\" content=\"https:\/\/www.facebook.com\/Vmsport.fi\/\" \/>\n<meta property=\"article:modified_time\" content=\"2026-01-16T11:21:17+00:00\" \/>\n<meta property=\"og:image\" content=\"https:\/\/vmsport.fi\/wp-content\/uploads\/2025\/03\/KOVA3D3VLVKykuJyq1ASiTM5nSrV3WenJI1lKmhSZJIA5t1GMw-1.jpg\" \/>\n\t<meta property=\"og:image:width\" content=\"800\" \/>\n\t<meta property=\"og:image:height\" content=\"800\" \/>\n\t<meta property=\"og:image:type\" content=\"image\/jpeg\" \/>\n<meta name=\"twitter:card\" content=\"summary_large_image\" \/>\n<script type=\"application\/ld+json\" class=\"yoast-schema-graph\">{\"@context\":\"https:\\\/\\\/schema.org\",\"@graph\":[{\"@type\":[\"WebPage\",\"ItemPage\"],\"@id\":\"https:\\\/\\\/vmsport.fi\\\/verkkokauppa\\\/renkaat\\\/tubeless-tarvikkeet\\\/tubeless-nesteet\\\/orange-seal-tubeless-sealant-473-ml\\\/\",\"url\":\"https:\\\/\\\/vmsport.fi\\\/verkkokauppa\\\/renkaat\\\/tubeless-tarvikkeet\\\/tubeless-nesteet\\\/orange-seal-tubeless-sealant-473-ml\\\/\",\"name\":\"ORANGE SEAL Tubeless Sealant 473 ml - VM Sport\",\"isPartOf\":{\"@id\":\"https:\\\/\\\/vmsport.fi\\\/#website\"},\"primaryImageOfPage\":{\"@id\":\"https:\\\/\\\/vmsport.fi\\\/verkkokauppa\\\/renkaat\\\/tubeless-tarvikkeet\\\/tubeless-nesteet\\\/orange-seal-tubeless-sealant-473-ml\\\/#primaryimage\"},\"image\":{\"@id\":\"https:\\\/\\\/vmsport.fi\\\/verkkokauppa\\\/renkaat\\\/tubeless-tarvikkeet\\\/tubeless-nesteet\\\/orange-seal-tubeless-sealant-473-ml\\\/#primaryimage\"},\"thumbnailUrl\":\"https:\\\/\\\/vmsport.fi\\\/wp-content\\\/uploads\\\/2025\\\/03\\\/KOVA3D3VLVKykuJyq1ASiTM5nSrV3WenJI1lKmhSZJIA5t1GMw-1.jpg\",\"datePublished\":\"2025-03-05T22:32:28+00:00\",\"dateModified\":\"2026-01-16T11:21:17+00:00\",\"breadcrumb\":{\"@id\":\"https:\\\/\\\/vmsport.fi\\\/verkkokauppa\\\/renkaat\\\/tubeless-tarvikkeet\\\/tubeless-nesteet\\\/orange-seal-tubeless-sealant-473-ml\\\/#breadcrumb\"},\"inLanguage\":\"sv-SE\",\"potentialAction\":[{\"@type\":\"ReadAction\",\"target\":[\"https:\\\/\\\/vmsport.fi\\\/verkkokauppa\\\/renkaat\\\/tubeless-tarvikkeet\\\/tubeless-nesteet\\\/orange-seal-tubeless-sealant-473-ml\\\/\"]}]},{\"@type\":\"ImageObject\",\"inLanguage\":\"sv-SE\",\"@id\":\"https:\\\/\\\/vmsport.fi\\\/verkkokauppa\\\/renkaat\\\/tubeless-tarvikkeet\\\/tubeless-nesteet\\\/orange-seal-tubeless-sealant-473-ml\\\/#primaryimage\",\"url\":\"https:\\\/\\\/vmsport.fi\\\/wp-content\\\/uploads\\\/2025\\\/03\\\/KOVA3D3VLVKykuJyq1ASiTM5nSrV3WenJI1lKmhSZJIA5t1GMw-1.jpg\",\"contentUrl\":\"https:\\\/\\\/vmsport.fi\\\/wp-content\\\/uploads\\\/2025\\\/03\\\/KOVA3D3VLVKykuJyq1ASiTM5nSrV3WenJI1lKmhSZJIA5t1GMw-1.jpg\",\"width\":800,\"height\":800,\"caption\":\"KOVA3D3VLVKykuJyq1ASiTM5nSrV3WenJI1lKmhSZJIA5t1GMw\"},{\"@type\":\"BreadcrumbList\",\"@id\":\"https:\\\/\\\/vmsport.fi\\\/verkkokauppa\\\/renkaat\\\/tubeless-tarvikkeet\\\/tubeless-nesteet\\\/orange-seal-tubeless-sealant-473-ml\\\/#breadcrumb\",\"itemListElement\":[{\"@type\":\"ListItem\",\"position\":1,\"name\":\"Etusivu\",\"item\":\"https:\\\/\\\/vmsport.fi\\\/\"},{\"@type\":\"ListItem\",\"position\":2,\"name\":\"Online Store\",\"item\":\"https:\\\/\\\/vmsport.fi\\\/en\\\/online-store\\\/\"},{\"@type\":\"ListItem\",\"position\":3,\"name\":\"ORANGE SEAL Tubeless Sealant 473 ml\"}]},{\"@type\":\"WebSite\",\"@id\":\"https:\\\/\\\/vmsport.fi\\\/#website\",\"url\":\"https:\\\/\\\/vmsport.fi\\\/\",\"name\":\"Vmsport\",\"description\":\"Kaikki py\u00f6r\u00e4ilyyn yhdest\u00e4 paikasta\",\"publisher\":{\"@id\":\"https:\\\/\\\/vmsport.fi\\\/#organization\"},\"potentialAction\":[{\"@type\":\"SearchAction\",\"target\":{\"@type\":\"EntryPoint\",\"urlTemplate\":\"https:\\\/\\\/vmsport.fi\\\/?s={search_term_string}\"},\"query-input\":{\"@type\":\"PropertyValueSpecification\",\"valueRequired\":true,\"valueName\":\"search_term_string\"}}],\"inLanguage\":\"sv-SE\"},{\"@type\":\"Organization\",\"@id\":\"https:\\\/\\\/vmsport.fi\\\/#organization\",\"name\":\"Vmsport\",\"url\":\"https:\\\/\\\/vmsport.fi\\\/\",\"logo\":{\"@type\":\"ImageObject\",\"inLanguage\":\"sv-SE\",\"@id\":\"https:\\\/\\\/vmsport.fi\\\/#\\\/schema\\\/logo\\\/image\\\/\",\"url\":\"https:\\\/\\\/vmsport.fi\\\/wp-content\\\/uploads\\\/2024\\\/12\\\/vm_sport_RGB_horisontal-e1734526017575.png\",\"contentUrl\":\"https:\\\/\\\/vmsport.fi\\\/wp-content\\\/uploads\\\/2024\\\/12\\\/vm_sport_RGB_horisontal-e1734526017575.png\",\"width\":668,\"height\":85,\"caption\":\"Vmsport\"},\"image\":{\"@id\":\"https:\\\/\\\/vmsport.fi\\\/#\\\/schema\\\/logo\\\/image\\\/\"},\"sameAs\":[\"https:\\\/\\\/www.facebook.com\\\/Vmsport.fi\\\/\",\"https:\\\/\\\/www.instagram.com\\\/vmsport\\\/\"]}]}<\/script>\n<!-- \/ Yoast SEO plugin. -->","yoast_head_json":{"title":"ORANGE SEAL Tubeless t\u00e4tningsmedel 473 ml - VM Sport","robots":{"index":"index","follow":"follow","max-snippet":"max-snippet:-1","max-image-preview":"max-image-preview:large","max-video-preview":"max-video-preview:-1"},"canonical":"https:\/\/vmsport.fi\/sv\/webbutik\/dack\/slanglosa-tillbehor\/slanglosa-vatskor\/orange-seal-slanglos-tatningsmedel-473-ml\/","og_locale":"sv_SE","og_type":"article","og_title":"ORANGE SEAL Tubeless Sealant 473 ml - VM Sport","og_description":"Orange Seal -tubeless-tiiviste, 473 ml, on luotettava ratkaisu renkaidesi suojaamiseen. Se on erityisesti suunniteltu maasto-, BMX-, maantie- ja cyclocross-renkaille, joten se soveltuu monenlaiseen k\u00e4ytt\u00f6\u00f6n. Tiiviste ei pelk\u00e4st\u00e4\u00e4n tiivist\u00e4 tubeless-renkaita, vaan se toimii my\u00f6s perinteisten renkaiden kanssa, mik\u00e4 tekee siit\u00e4 monik\u00e4ytt\u00f6isen vaihtoehdon jokaiselle py\u00f6r\u00e4ilij\u00e4lle. Erinomainen suorituskyky varmistaa, ett\u00e4 pienet rei\u00e4t ja vuotavat saumat saadaan nopeasti kuntoon. [...]L\u00e4s mer \u2026 from ORANGE SEAL Tubeless Sealant 473 ml","og_url":"https:\/\/vmsport.fi\/sv\/webbutik\/dack\/slanglosa-tillbehor\/slanglosa-vatskor\/orange-seal-slanglos-tatningsmedel-473-ml\/","og_site_name":"VM Sport","article_publisher":"https:\/\/www.facebook.com\/Vmsport.fi\/","article_modified_time":"2026-01-16T11:21:17+00:00","og_image":[{"width":800,"height":800,"url":"https:\/\/vmsport.fi\/wp-content\/uploads\/2025\/03\/KOVA3D3VLVKykuJyq1ASiTM5nSrV3WenJI1lKmhSZJIA5t1GMw-1.jpg","type":"image\/jpeg"}],"twitter_card":"summary_large_image","schema":{"@context":"https:\/\/schema.org","@graph":[{"@type":["WebPage","ItemPage"],"@id":"https:\/\/vmsport.fi\/verkkokauppa\/renkaat\/tubeless-tarvikkeet\/tubeless-nesteet\/orange-seal-tubeless-sealant-473-ml\/","url":"https:\/\/vmsport.fi\/verkkokauppa\/renkaat\/tubeless-tarvikkeet\/tubeless-nesteet\/orange-seal-tubeless-sealant-473-ml\/","name":"ORANGE SEAL Tubeless t\u00e4tningsmedel 473 ml - VM Sport","isPartOf":{"@id":"https:\/\/vmsport.fi\/#website"},"primaryImageOfPage":{"@id":"https:\/\/vmsport.fi\/verkkokauppa\/renkaat\/tubeless-tarvikkeet\/tubeless-nesteet\/orange-seal-tubeless-sealant-473-ml\/#primaryimage"},"image":{"@id":"https:\/\/vmsport.fi\/verkkokauppa\/renkaat\/tubeless-tarvikkeet\/tubeless-nesteet\/orange-seal-tubeless-sealant-473-ml\/#primaryimage"},"thumbnailUrl":"https:\/\/vmsport.fi\/wp-content\/uploads\/2025\/03\/KOVA3D3VLVKykuJyq1ASiTM5nSrV3WenJI1lKmhSZJIA5t1GMw-1.jpg","datePublished":"2025-03-05T22:32:28+00:00","dateModified":"2026-01-16T11:21:17+00:00","breadcrumb":{"@id":"https:\/\/vmsport.fi\/verkkokauppa\/renkaat\/tubeless-tarvikkeet\/tubeless-nesteet\/orange-seal-tubeless-sealant-473-ml\/#breadcrumb"},"inLanguage":"sv-SE","potentialAction":[{"@type":"ReadAction","target":["https:\/\/vmsport.fi\/verkkokauppa\/renkaat\/tubeless-tarvikkeet\/tubeless-nesteet\/orange-seal-tubeless-sealant-473-ml\/"]}]},{"@type":"ImageObject","inLanguage":"sv-SE","@id":"https:\/\/vmsport.fi\/verkkokauppa\/renkaat\/tubeless-tarvikkeet\/tubeless-nesteet\/orange-seal-tubeless-sealant-473-ml\/#primaryimage","url":"https:\/\/vmsport.fi\/wp-content\/uploads\/2025\/03\/KOVA3D3VLVKykuJyq1ASiTM5nSrV3WenJI1lKmhSZJIA5t1GMw-1.jpg","contentUrl":"https:\/\/vmsport.fi\/wp-content\/uploads\/2025\/03\/KOVA3D3VLVKykuJyq1ASiTM5nSrV3WenJI1lKmhSZJIA5t1GMw-1.jpg","width":800,"height":800,"caption":"KOVA3D3VLVKykuJyq1ASiTM5nSrV3WenJI1lKmhSZJIA5t1GMw"},{"@type":"BreadcrumbList","@id":"https:\/\/vmsport.fi\/verkkokauppa\/renkaat\/tubeless-tarvikkeet\/tubeless-nesteet\/orange-seal-tubeless-sealant-473-ml\/#breadcrumb","itemListElement":[{"@type":"ListItem","position":1,"name":"Etusivu","item":"https:\/\/vmsport.fi\/"},{"@type":"ListItem","position":2,"name":"Online Store","item":"https:\/\/vmsport.fi\/en\/online-store\/"},{"@type":"ListItem","position":3,"name":"ORANGE SEAL Tubeless Sealant 473 ml"}]},{"@type":"WebSite","@id":"https:\/\/vmsport.fi\/#website","url":"https:\/\/vmsport.fi\/","name":"Vmsport","description":"Allt p\u00e5 ett st\u00e4lle f\u00f6r cykling","publisher":{"@id":"https:\/\/vmsport.fi\/#organization"},"potentialAction":[{"@type":"SearchAction","target":{"@type":"EntryPoint","urlTemplate":"https:\/\/vmsport.fi\/?s={search_term_string}"},"query-input":{"@type":"PropertyValueSpecification","valueRequired":true,"valueName":"search_term_string"}}],"inLanguage":"sv-SE"},{"@type":"Organization","@id":"https:\/\/vmsport.fi\/#organization","name":"Vmsport","url":"https:\/\/vmsport.fi\/","logo":{"@type":"ImageObject","inLanguage":"sv-SE","@id":"https:\/\/vmsport.fi\/#\/schema\/logo\/image\/","url":"https:\/\/vmsport.fi\/wp-content\/uploads\/2024\/12\/vm_sport_RGB_horisontal-e1734526017575.png","contentUrl":"https:\/\/vmsport.fi\/wp-content\/uploads\/2024\/12\/vm_sport_RGB_horisontal-e1734526017575.png","width":668,"height":85,"caption":"Vmsport"},"image":{"@id":"https:\/\/vmsport.fi\/#\/schema\/logo\/image\/"},"sameAs":["https:\/\/www.facebook.com\/Vmsport.fi\/","https:\/\/www.instagram.com\/vmsport\/"]}]}},"global_unique_id":"","_links":{"self":[{"href":"https:\/\/vmsport.fi\/sv\/wp-json\/wp\/v2\/product\/57450","targetHints":{"allow":["GET"]}}],"collection":[{"href":"https:\/\/vmsport.fi\/sv\/wp-json\/wp\/v2\/product"}],"about":[{"href":"https:\/\/vmsport.fi\/sv\/wp-json\/wp\/v2\/types\/product"}],"replies":[{"embeddable":true,"href":"https:\/\/vmsport.fi\/sv\/wp-json\/wp\/v2\/comments?post=57450"}],"wp:featuredmedia":[{"embeddable":true,"href":"https:\/\/vmsport.fi\/sv\/wp-json\/wp\/v2\/media\/57449"}],"wp:attachment":[{"href":"https:\/\/vmsport.fi\/sv\/wp-json\/wp\/v2\/media?parent=57450"}],"wp:term":[{"taxonomy":"product_brand","embeddable":true,"href":"https:\/\/vmsport.fi\/sv\/wp-json\/wp\/v2\/product_brand?post=57450"},{"taxonomy":"product_model","embeddable":true,"href":"https:\/\/vmsport.fi\/sv\/wp-json\/wp\/v2\/product_model?post=57450"},{"taxonomy":"product_cat","embeddable":true,"href":"https:\/\/vmsport.fi\/sv\/wp-json\/wp\/v2\/product_cat?post=57450"},{"taxonomy":"product_tag","embeddable":true,"href":"https:\/\/vmsport.fi\/sv\/wp-json\/wp\/v2\/product_tag?post=57450"},{"taxonomy":"industry_terminology","embeddable":true,"href":"https:\/\/vmsport.fi\/sv\/wp-json\/wp\/v2\/industry-terminology?post=57450"}],"curies":[{"name":"wp","href":"https:\/\/api.w.org\/{rel}","templated":true}]}}