{"id":57440,"date":"2025-03-06T00:32:25","date_gmt":"2025-03-05T22:32:25","guid":{"rendered":"https:\/\/vmsport.fi\/verkkokauppa\/Ei-luokiteltu\/absoluteblack-chainring-direct-mount-singlespeed-28t\/"},"modified":"2026-01-16T13:23:43","modified_gmt":"2026-01-16T11:23:43","slug":"absoluteblack-chainring-direct-mount-singlespeed-28t","status":"publish","type":"product","link":"https:\/\/vmsport.fi\/sv\/verkkokauppa\/varaosat\/voimansiirto\/eturattaat\/absoluteblack-chainring-direct-mount-singlespeed-28t\/","title":{"rendered":"ABSOLUTEBLACK Chainring Direct Mount Singlespeed 28T"},"content":{"rendered":"<p>ABSOLUTEBLACK Chainring Direct Mount Singlespeed 28T on huippulaatuinen yksivaihteinen eturatas, joka parantaa py\u00f6r\u00e4ilyn suorituskyky\u00e4si. Sen suora kiinnitys tarkoittaa, ett\u00e4 ratas yhdistyy kevyemmin ja vahvemmin polkupy\u00f6r\u00e4\u00e4n, tehden siit\u00e4 erinomaisen valinnan vaativille reiteille. Ratassa on 28 hammasta, jotka on suunniteltu tarjoamaan tehokas voimansiirto ja miellytt\u00e4v\u00e4 ajotuntuma. Valmistuksessa on k\u00e4ytetty huolellisesti valittuja materiaaleja, jotka takaavat kest\u00e4vyyden ja pitk\u00e4n k\u00e4ytt\u00f6i\u00e4n. Nauti sulavasta ajokokemuksesta ja hy\u00f6dynn\u00e4 t\u00e4m\u00e4n edistyneen suunnittelun tuomaa ajamisen iloa.<\/p>","protected":false},"excerpt":{"rendered":"<p>ABSOLUTEBLACK Chainring Direct Mount Singlespeed 28T on huippulaatuinen yksivaihteinen eturatas, joka parantaa py\u00f6r\u00e4ilyn suorituskyky\u00e4si. Sen suora kiinnitys tarkoittaa, ett\u00e4 ratas yhdistyy kevyemmin ja vahvemmin polkupy\u00f6r\u00e4\u00e4n, tehden siit\u00e4 erinomaisen valinnan vaativille reiteille. Ratassa on 28 hammasta, jotka on suunniteltu tarjoamaan tehokas voimansiirto ja miellytt\u00e4v\u00e4 ajotuntuma. Valmistuksessa on k\u00e4ytetty huolellisesti valittuja materiaaleja, jotka takaavat kest\u00e4vyyden ja pitk\u00e4n [&#8230;]<\/p>\n<p><a class=\"btn btn-secondary understrap-read-more-link\" href=\"https:\/\/vmsport.fi\/sv\/verkkokauppa\/varaosat\/voimansiirto\/eturattaat\/absoluteblack-chainring-direct-mount-singlespeed-28t\/\">L\u00e4s mer \u2026<span class=\"screen-reader-text\"> from ABSOLUTEBLACK Chainring Direct Mount Singlespeed 28T<\/span><\/a><\/p>\n","protected":false},"featured_media":57439,"comment_status":"open","ping_status":"closed","template":"","meta":{"_acf_changed":false,"_improvement_type_select":"improve_an_existing","_thumb_yes_seoaic":false,"_frame_yes_seoaic":false,"seoaic_generate_description":"","seoaic_improve_instructions_prompt":"","seoaic_rollback_content_improvement":"","seoaic_idea_thumbnail_generator":"","thumbnail_generated":false,"thumbnail_generate_prompt":"","seoaic_article_description":"","_supplier_stock_quantity":0},"product_brand":[],"product_model":[],"product_cat":[9252],"product_tag":[],"industry-terminology":[],"class_list":{"0":"post-57440","1":"product","2":"type-product","3":"status-publish","4":"has-post-thumbnail","6":"product_cat-eturattaat","8":"first","9":"instock","10":"taxable","11":"shipping-taxable","12":"purchasable","13":"product-type-simple"},"acf":{"bike_features":null,"overview":{"copy_overview":null,"key_features":null,"statement":"","youtube_url":""}},"yoast_head":"<!-- This site is optimized with the Yoast SEO plugin v27.3 - https:\/\/yoast.com\/product\/yoast-seo-wordpress\/ -->\n<title>ABSOLUTEBLACK Chainring Direct Mount Singlespeed 28T - VM Sport<\/title>\n<meta name=\"robots\" content=\"index, follow, max-snippet:-1, max-image-preview:large, max-video-preview:-1\" \/>\n<link rel=\"canonical\" href=\"https:\/\/vmsport.fi\/sv\/webbutik\/reservdelar\/transmission\/framhjulsdrift\/absoluteblack-chainring-direct-mount-singlespeed-28t\/\" \/>\n<meta property=\"og:locale\" content=\"sv_SE\" \/>\n<meta property=\"og:type\" content=\"article\" \/>\n<meta property=\"og:title\" content=\"ABSOLUTEBLACK Chainring Direct Mount Singlespeed 28T - VM Sport\" \/>\n<meta property=\"og:description\" content=\"ABSOLUTEBLACK Chainring Direct Mount Singlespeed 28T on huippulaatuinen yksivaihteinen eturatas, joka parantaa py\u00f6r\u00e4ilyn suorituskyky\u00e4si. Sen suora kiinnitys tarkoittaa, ett\u00e4 ratas yhdistyy kevyemmin ja vahvemmin polkupy\u00f6r\u00e4\u00e4n, tehden siit\u00e4 erinomaisen valinnan vaativille reiteille. Ratassa on 28 hammasta, jotka on suunniteltu tarjoamaan tehokas voimansiirto ja miellytt\u00e4v\u00e4 ajotuntuma. Valmistuksessa on k\u00e4ytetty huolellisesti valittuja materiaaleja, jotka takaavat kest\u00e4vyyden ja pitk\u00e4n [...]L\u00e4s mer \u2026 from ABSOLUTEBLACK Chainring Direct Mount Singlespeed 28T\" \/>\n<meta property=\"og:url\" content=\"https:\/\/vmsport.fi\/sv\/webbutik\/reservdelar\/transmission\/framhjulsdrift\/absoluteblack-chainring-direct-mount-singlespeed-28t\/\" \/>\n<meta property=\"og:site_name\" content=\"VM Sport\" \/>\n<meta property=\"article:publisher\" content=\"https:\/\/www.facebook.com\/Vmsport.fi\/\" \/>\n<meta property=\"article:modified_time\" content=\"2026-01-16T11:23:43+00:00\" \/>\n<meta property=\"og:image\" content=\"https:\/\/vmsport.fi\/wp-content\/uploads\/2025\/03\/XUTZdPlISBDmCZftu8mrZbBvuP97yRgnR2NG6t6d4up5dsTNzh-1.jpg\" \/>\n\t<meta property=\"og:image:width\" content=\"800\" \/>\n\t<meta property=\"og:image:height\" content=\"800\" \/>\n\t<meta property=\"og:image:type\" content=\"image\/jpeg\" \/>\n<meta name=\"twitter:card\" content=\"summary_large_image\" \/>\n<script type=\"application\/ld+json\" class=\"yoast-schema-graph\">{\"@context\":\"https:\\\/\\\/schema.org\",\"@graph\":[{\"@type\":[\"WebPage\",\"ItemPage\"],\"@id\":\"https:\\\/\\\/vmsport.fi\\\/verkkokauppa\\\/varaosat\\\/voimansiirto\\\/eturattaat\\\/absoluteblack-chainring-direct-mount-singlespeed-28t\\\/\",\"url\":\"https:\\\/\\\/vmsport.fi\\\/verkkokauppa\\\/varaosat\\\/voimansiirto\\\/eturattaat\\\/absoluteblack-chainring-direct-mount-singlespeed-28t\\\/\",\"name\":\"ABSOLUTEBLACK Chainring Direct Mount Singlespeed 28T - VM Sport\",\"isPartOf\":{\"@id\":\"https:\\\/\\\/vmsport.fi\\\/#website\"},\"primaryImageOfPage\":{\"@id\":\"https:\\\/\\\/vmsport.fi\\\/verkkokauppa\\\/varaosat\\\/voimansiirto\\\/eturattaat\\\/absoluteblack-chainring-direct-mount-singlespeed-28t\\\/#primaryimage\"},\"image\":{\"@id\":\"https:\\\/\\\/vmsport.fi\\\/verkkokauppa\\\/varaosat\\\/voimansiirto\\\/eturattaat\\\/absoluteblack-chainring-direct-mount-singlespeed-28t\\\/#primaryimage\"},\"thumbnailUrl\":\"https:\\\/\\\/vmsport.fi\\\/wp-content\\\/uploads\\\/2025\\\/03\\\/XUTZdPlISBDmCZftu8mrZbBvuP97yRgnR2NG6t6d4up5dsTNzh-1.jpg\",\"datePublished\":\"2025-03-05T22:32:25+00:00\",\"dateModified\":\"2026-01-16T11:23:43+00:00\",\"breadcrumb\":{\"@id\":\"https:\\\/\\\/vmsport.fi\\\/verkkokauppa\\\/varaosat\\\/voimansiirto\\\/eturattaat\\\/absoluteblack-chainring-direct-mount-singlespeed-28t\\\/#breadcrumb\"},\"inLanguage\":\"sv-SE\",\"potentialAction\":[{\"@type\":\"ReadAction\",\"target\":[\"https:\\\/\\\/vmsport.fi\\\/verkkokauppa\\\/varaosat\\\/voimansiirto\\\/eturattaat\\\/absoluteblack-chainring-direct-mount-singlespeed-28t\\\/\"]}]},{\"@type\":\"ImageObject\",\"inLanguage\":\"sv-SE\",\"@id\":\"https:\\\/\\\/vmsport.fi\\\/verkkokauppa\\\/varaosat\\\/voimansiirto\\\/eturattaat\\\/absoluteblack-chainring-direct-mount-singlespeed-28t\\\/#primaryimage\",\"url\":\"https:\\\/\\\/vmsport.fi\\\/wp-content\\\/uploads\\\/2025\\\/03\\\/XUTZdPlISBDmCZftu8mrZbBvuP97yRgnR2NG6t6d4up5dsTNzh-1.jpg\",\"contentUrl\":\"https:\\\/\\\/vmsport.fi\\\/wp-content\\\/uploads\\\/2025\\\/03\\\/XUTZdPlISBDmCZftu8mrZbBvuP97yRgnR2NG6t6d4up5dsTNzh-1.jpg\",\"width\":800,\"height\":800,\"caption\":\"XUTZdPlISBDmCZftu8mrZbBvuP97yRgnR2NG6t6d4up5dsTNzh\"},{\"@type\":\"BreadcrumbList\",\"@id\":\"https:\\\/\\\/vmsport.fi\\\/verkkokauppa\\\/varaosat\\\/voimansiirto\\\/eturattaat\\\/absoluteblack-chainring-direct-mount-singlespeed-28t\\\/#breadcrumb\",\"itemListElement\":[{\"@type\":\"ListItem\",\"position\":1,\"name\":\"Etusivu\",\"item\":\"https:\\\/\\\/vmsport.fi\\\/\"},{\"@type\":\"ListItem\",\"position\":2,\"name\":\"Online Store\",\"item\":\"https:\\\/\\\/vmsport.fi\\\/en\\\/online-store\\\/\"},{\"@type\":\"ListItem\",\"position\":3,\"name\":\"ABSOLUTEBLACK Chainring Direct Mount Singlespeed 28T\"}]},{\"@type\":\"WebSite\",\"@id\":\"https:\\\/\\\/vmsport.fi\\\/#website\",\"url\":\"https:\\\/\\\/vmsport.fi\\\/\",\"name\":\"Vmsport\",\"description\":\"Kaikki py\u00f6r\u00e4ilyyn yhdest\u00e4 paikasta\",\"publisher\":{\"@id\":\"https:\\\/\\\/vmsport.fi\\\/#organization\"},\"potentialAction\":[{\"@type\":\"SearchAction\",\"target\":{\"@type\":\"EntryPoint\",\"urlTemplate\":\"https:\\\/\\\/vmsport.fi\\\/?s={search_term_string}\"},\"query-input\":{\"@type\":\"PropertyValueSpecification\",\"valueRequired\":true,\"valueName\":\"search_term_string\"}}],\"inLanguage\":\"sv-SE\"},{\"@type\":\"Organization\",\"@id\":\"https:\\\/\\\/vmsport.fi\\\/#organization\",\"name\":\"Vmsport\",\"url\":\"https:\\\/\\\/vmsport.fi\\\/\",\"logo\":{\"@type\":\"ImageObject\",\"inLanguage\":\"sv-SE\",\"@id\":\"https:\\\/\\\/vmsport.fi\\\/#\\\/schema\\\/logo\\\/image\\\/\",\"url\":\"https:\\\/\\\/vmsport.fi\\\/wp-content\\\/uploads\\\/2024\\\/12\\\/vm_sport_RGB_horisontal-e1734526017575.png\",\"contentUrl\":\"https:\\\/\\\/vmsport.fi\\\/wp-content\\\/uploads\\\/2024\\\/12\\\/vm_sport_RGB_horisontal-e1734526017575.png\",\"width\":668,\"height\":85,\"caption\":\"Vmsport\"},\"image\":{\"@id\":\"https:\\\/\\\/vmsport.fi\\\/#\\\/schema\\\/logo\\\/image\\\/\"},\"sameAs\":[\"https:\\\/\\\/www.facebook.com\\\/Vmsport.fi\\\/\",\"https:\\\/\\\/www.instagram.com\\\/vmsport\\\/\"]}]}<\/script>\n<!-- \/ Yoast SEO plugin. -->","yoast_head_json":{"title":"ABSOLUTEBLACK Chainring Direct Mount Singlespeed 28T - VM Sport","robots":{"index":"index","follow":"follow","max-snippet":"max-snippet:-1","max-image-preview":"max-image-preview:large","max-video-preview":"max-video-preview:-1"},"canonical":"https:\/\/vmsport.fi\/sv\/webbutik\/reservdelar\/transmission\/framhjulsdrift\/absoluteblack-chainring-direct-mount-singlespeed-28t\/","og_locale":"sv_SE","og_type":"article","og_title":"ABSOLUTEBLACK Chainring Direct Mount Singlespeed 28T - VM Sport","og_description":"ABSOLUTEBLACK Chainring Direct Mount Singlespeed 28T on huippulaatuinen yksivaihteinen eturatas, joka parantaa py\u00f6r\u00e4ilyn suorituskyky\u00e4si. Sen suora kiinnitys tarkoittaa, ett\u00e4 ratas yhdistyy kevyemmin ja vahvemmin polkupy\u00f6r\u00e4\u00e4n, tehden siit\u00e4 erinomaisen valinnan vaativille reiteille. Ratassa on 28 hammasta, jotka on suunniteltu tarjoamaan tehokas voimansiirto ja miellytt\u00e4v\u00e4 ajotuntuma. Valmistuksessa on k\u00e4ytetty huolellisesti valittuja materiaaleja, jotka takaavat kest\u00e4vyyden ja pitk\u00e4n [...]L\u00e4s mer \u2026 from ABSOLUTEBLACK Chainring Direct Mount Singlespeed 28T","og_url":"https:\/\/vmsport.fi\/sv\/webbutik\/reservdelar\/transmission\/framhjulsdrift\/absoluteblack-chainring-direct-mount-singlespeed-28t\/","og_site_name":"VM Sport","article_publisher":"https:\/\/www.facebook.com\/Vmsport.fi\/","article_modified_time":"2026-01-16T11:23:43+00:00","og_image":[{"width":800,"height":800,"url":"https:\/\/vmsport.fi\/wp-content\/uploads\/2025\/03\/XUTZdPlISBDmCZftu8mrZbBvuP97yRgnR2NG6t6d4up5dsTNzh-1.jpg","type":"image\/jpeg"}],"twitter_card":"summary_large_image","schema":{"@context":"https:\/\/schema.org","@graph":[{"@type":["WebPage","ItemPage"],"@id":"https:\/\/vmsport.fi\/verkkokauppa\/varaosat\/voimansiirto\/eturattaat\/absoluteblack-chainring-direct-mount-singlespeed-28t\/","url":"https:\/\/vmsport.fi\/verkkokauppa\/varaosat\/voimansiirto\/eturattaat\/absoluteblack-chainring-direct-mount-singlespeed-28t\/","name":"ABSOLUTEBLACK Chainring Direct Mount Singlespeed 28T - VM Sport","isPartOf":{"@id":"https:\/\/vmsport.fi\/#website"},"primaryImageOfPage":{"@id":"https:\/\/vmsport.fi\/verkkokauppa\/varaosat\/voimansiirto\/eturattaat\/absoluteblack-chainring-direct-mount-singlespeed-28t\/#primaryimage"},"image":{"@id":"https:\/\/vmsport.fi\/verkkokauppa\/varaosat\/voimansiirto\/eturattaat\/absoluteblack-chainring-direct-mount-singlespeed-28t\/#primaryimage"},"thumbnailUrl":"https:\/\/vmsport.fi\/wp-content\/uploads\/2025\/03\/XUTZdPlISBDmCZftu8mrZbBvuP97yRgnR2NG6t6d4up5dsTNzh-1.jpg","datePublished":"2025-03-05T22:32:25+00:00","dateModified":"2026-01-16T11:23:43+00:00","breadcrumb":{"@id":"https:\/\/vmsport.fi\/verkkokauppa\/varaosat\/voimansiirto\/eturattaat\/absoluteblack-chainring-direct-mount-singlespeed-28t\/#breadcrumb"},"inLanguage":"sv-SE","potentialAction":[{"@type":"ReadAction","target":["https:\/\/vmsport.fi\/verkkokauppa\/varaosat\/voimansiirto\/eturattaat\/absoluteblack-chainring-direct-mount-singlespeed-28t\/"]}]},{"@type":"ImageObject","inLanguage":"sv-SE","@id":"https:\/\/vmsport.fi\/verkkokauppa\/varaosat\/voimansiirto\/eturattaat\/absoluteblack-chainring-direct-mount-singlespeed-28t\/#primaryimage","url":"https:\/\/vmsport.fi\/wp-content\/uploads\/2025\/03\/XUTZdPlISBDmCZftu8mrZbBvuP97yRgnR2NG6t6d4up5dsTNzh-1.jpg","contentUrl":"https:\/\/vmsport.fi\/wp-content\/uploads\/2025\/03\/XUTZdPlISBDmCZftu8mrZbBvuP97yRgnR2NG6t6d4up5dsTNzh-1.jpg","width":800,"height":800,"caption":"XUTZdPlISBDmCZftu8mrZbBvuP97yRgnR2NG6t6d4up5dsTNzh"},{"@type":"BreadcrumbList","@id":"https:\/\/vmsport.fi\/verkkokauppa\/varaosat\/voimansiirto\/eturattaat\/absoluteblack-chainring-direct-mount-singlespeed-28t\/#breadcrumb","itemListElement":[{"@type":"ListItem","position":1,"name":"Etusivu","item":"https:\/\/vmsport.fi\/"},{"@type":"ListItem","position":2,"name":"Online Store","item":"https:\/\/vmsport.fi\/en\/online-store\/"},{"@type":"ListItem","position":3,"name":"ABSOLUTEBLACK Chainring Direct Mount Singlespeed 28T"}]},{"@type":"WebSite","@id":"https:\/\/vmsport.fi\/#website","url":"https:\/\/vmsport.fi\/","name":"Vmsport","description":"Allt p\u00e5 ett st\u00e4lle f\u00f6r cykling","publisher":{"@id":"https:\/\/vmsport.fi\/#organization"},"potentialAction":[{"@type":"SearchAction","target":{"@type":"EntryPoint","urlTemplate":"https:\/\/vmsport.fi\/?s={search_term_string}"},"query-input":{"@type":"PropertyValueSpecification","valueRequired":true,"valueName":"search_term_string"}}],"inLanguage":"sv-SE"},{"@type":"Organization","@id":"https:\/\/vmsport.fi\/#organization","name":"Vmsport","url":"https:\/\/vmsport.fi\/","logo":{"@type":"ImageObject","inLanguage":"sv-SE","@id":"https:\/\/vmsport.fi\/#\/schema\/logo\/image\/","url":"https:\/\/vmsport.fi\/wp-content\/uploads\/2024\/12\/vm_sport_RGB_horisontal-e1734526017575.png","contentUrl":"https:\/\/vmsport.fi\/wp-content\/uploads\/2024\/12\/vm_sport_RGB_horisontal-e1734526017575.png","width":668,"height":85,"caption":"Vmsport"},"image":{"@id":"https:\/\/vmsport.fi\/#\/schema\/logo\/image\/"},"sameAs":["https:\/\/www.facebook.com\/Vmsport.fi\/","https:\/\/www.instagram.com\/vmsport\/"]}]}},"global_unique_id":"","_links":{"self":[{"href":"https:\/\/vmsport.fi\/sv\/wp-json\/wp\/v2\/product\/57440","targetHints":{"allow":["GET"]}}],"collection":[{"href":"https:\/\/vmsport.fi\/sv\/wp-json\/wp\/v2\/product"}],"about":[{"href":"https:\/\/vmsport.fi\/sv\/wp-json\/wp\/v2\/types\/product"}],"replies":[{"embeddable":true,"href":"https:\/\/vmsport.fi\/sv\/wp-json\/wp\/v2\/comments?post=57440"}],"wp:featuredmedia":[{"embeddable":true,"href":"https:\/\/vmsport.fi\/sv\/wp-json\/wp\/v2\/media\/57439"}],"wp:attachment":[{"href":"https:\/\/vmsport.fi\/sv\/wp-json\/wp\/v2\/media?parent=57440"}],"wp:term":[{"taxonomy":"product_brand","embeddable":true,"href":"https:\/\/vmsport.fi\/sv\/wp-json\/wp\/v2\/product_brand?post=57440"},{"taxonomy":"product_model","embeddable":true,"href":"https:\/\/vmsport.fi\/sv\/wp-json\/wp\/v2\/product_model?post=57440"},{"taxonomy":"product_cat","embeddable":true,"href":"https:\/\/vmsport.fi\/sv\/wp-json\/wp\/v2\/product_cat?post=57440"},{"taxonomy":"product_tag","embeddable":true,"href":"https:\/\/vmsport.fi\/sv\/wp-json\/wp\/v2\/product_tag?post=57440"},{"taxonomy":"industry_terminology","embeddable":true,"href":"https:\/\/vmsport.fi\/sv\/wp-json\/wp\/v2\/industry-terminology?post=57440"}],"curies":[{"name":"wp","href":"https:\/\/api.w.org\/{rel}","templated":true}]}}