{"id":57438,"date":"2025-03-06T00:32:24","date_gmt":"2025-03-05T22:32:24","guid":{"rendered":"https:\/\/vmsport.fi\/verkkokauppa\/Ei-luokiteltu\/takakiekko-28-22-622-velosteel-1v-kromiteras\/"},"modified":"2026-01-16T13:25:59","modified_gmt":"2026-01-16T11:25:59","slug":"takakiekko-28-22-622-velosteel-1v-kromiteras","status":"publish","type":"product","link":"https:\/\/vmsport.fi\/sv\/verkkokauppa\/varaosat\/kiekot-ja-navat\/takakiekot\/takakiekko-28-22-622-velosteel-1v-kromiteras\/","title":{"rendered":"Takakiekko 28&#8243; 22-622 VELOSTEEL 1v, kromiter\u00e4s"},"content":{"rendered":"<p>T\u00e4m\u00e4 28-tuumainen takapy\u00f6r\u00e4 on suunniteltu polkupy\u00f6riin ja valmistettu kest\u00e4v\u00e4st\u00e4 kromiter\u00e4ksest\u00e4, mik\u00e4 takaa sek\u00e4 tyylikk\u00e4\u00e4n ulkon\u00e4\u00f6n ett\u00e4 pitk\u00e4kestoisen suorituskyvyn. Se on yhteensopiva 22-622 kokoluokan renkaiden kanssa ja varustettu yksivaihteisella Velosteel-takanavalla, jossa on jalkajarru. T\u00e4m\u00e4 tarjoaa perinteisen ja luotettavan jarrutusmekanismin.<\/p>\n<p>Vanteen mitat ovat 22 mm sis\u00e4leveytt\u00e4, 33 mm ulkoleveytt\u00e4 ja 14,3 mm korkeutta, kun taas reunakorkeus on 9 mm. Yhdess\u00e4 36 sapim-puolan kanssa n\u00e4m\u00e4 ominaisuudet takaavat erinomaisen vakauden ja kest\u00e4vyyden. Kirkkaasti viimeistellyt nipat lis\u00e4\u00e4v\u00e4t kokonaisuuden esteettisyytt\u00e4.<\/p>\n<p>Py\u00f6r\u00e4 on t\u00e4ydellinen valinta, kun halutaan yhdist\u00e4\u00e4 toiminnallisuus ja ajaton muotoilu ilman ajotyyliin liittyvi\u00e4 rajoituksia.<\/p>","protected":false},"excerpt":{"rendered":"<p>T\u00e4m\u00e4 28-tuumainen takapy\u00f6r\u00e4 on suunniteltu polkupy\u00f6riin ja valmistettu kest\u00e4v\u00e4st\u00e4 kromiter\u00e4ksest\u00e4, mik\u00e4 takaa sek\u00e4 tyylikk\u00e4\u00e4n ulkon\u00e4\u00f6n ett\u00e4 pitk\u00e4kestoisen suorituskyvyn. Se on yhteensopiva 22-622 kokoluokan renkaiden kanssa ja varustettu yksivaihteisella Velosteel-takanavalla, jossa on jalkajarru. T\u00e4m\u00e4 tarjoaa perinteisen ja luotettavan jarrutusmekanismin. Vanteen mitat ovat 22 mm sis\u00e4leveytt\u00e4, 33 mm ulkoleveytt\u00e4 ja 14,3 mm korkeutta, kun taas reunakorkeus on [&#8230;]<\/p>\n<p><a class=\"btn btn-secondary understrap-read-more-link\" href=\"https:\/\/vmsport.fi\/sv\/verkkokauppa\/varaosat\/kiekot-ja-navat\/takakiekot\/takakiekko-28-22-622-velosteel-1v-kromiteras\/\">L\u00e4s mer \u2026<span class=\"screen-reader-text\"> from Takakiekko 28&#8243; 22-622 VELOSTEEL 1v, kromiter\u00e4s<\/span><\/a><\/p>\n","protected":false},"featured_media":57437,"comment_status":"open","ping_status":"closed","template":"","meta":{"_acf_changed":false,"_improvement_type_select":"improve_an_existing","_thumb_yes_seoaic":false,"_frame_yes_seoaic":false,"seoaic_generate_description":"","seoaic_improve_instructions_prompt":"","seoaic_rollback_content_improvement":"","seoaic_idea_thumbnail_generator":"","thumbnail_generated":false,"thumbnail_generate_prompt":"","seoaic_article_description":"","_supplier_stock_quantity":0},"product_brand":[],"product_model":[],"product_cat":[9486],"product_tag":[],"industry-terminology":[],"class_list":{"0":"post-57438","1":"product","2":"type-product","3":"status-publish","4":"has-post-thumbnail","6":"product_cat-takakiekot","8":"first","9":"instock","10":"taxable","11":"shipping-taxable","12":"purchasable","13":"product-type-simple"},"acf":{"bike_features":null,"overview":{"copy_overview":null,"key_features":null,"statement":"","youtube_url":""}},"yoast_head":"<!-- This site is optimized with the Yoast SEO plugin v27.3 - https:\/\/yoast.com\/product\/yoast-seo-wordpress\/ -->\n<title>Takakiekko 28&quot; 22-622 VELOSTEEL 1v, kromiter\u00e4s - VM Sport<\/title>\n<meta name=\"robots\" content=\"index, follow, max-snippet:-1, max-image-preview:large, max-video-preview:-1\" \/>\n<link rel=\"canonical\" href=\"https:\/\/vmsport.fi\/sv\/webbutik\/reservdelar\/skivor-och-nav\/bakgrund\/takakiekko-28-22-622-velosteel-1v-kromiteras\/\" \/>\n<meta property=\"og:locale\" content=\"sv_SE\" \/>\n<meta property=\"og:type\" content=\"article\" \/>\n<meta property=\"og:title\" content=\"Takakiekko 28&quot; 22-622 VELOSTEEL 1v, kromiter\u00e4s - VM Sport\" \/>\n<meta property=\"og:description\" content=\"T\u00e4m\u00e4 28-tuumainen takapy\u00f6r\u00e4 on suunniteltu polkupy\u00f6riin ja valmistettu kest\u00e4v\u00e4st\u00e4 kromiter\u00e4ksest\u00e4, mik\u00e4 takaa sek\u00e4 tyylikk\u00e4\u00e4n ulkon\u00e4\u00f6n ett\u00e4 pitk\u00e4kestoisen suorituskyvyn. Se on yhteensopiva 22-622 kokoluokan renkaiden kanssa ja varustettu yksivaihteisella Velosteel-takanavalla, jossa on jalkajarru. T\u00e4m\u00e4 tarjoaa perinteisen ja luotettavan jarrutusmekanismin. Vanteen mitat ovat 22 mm sis\u00e4leveytt\u00e4, 33 mm ulkoleveytt\u00e4 ja 14,3 mm korkeutta, kun taas reunakorkeus on [...]L\u00e4s mer \u2026 from Takakiekko 28&#8243; 22-622 VELOSTEEL 1v, kromiter\u00e4s\" \/>\n<meta property=\"og:url\" content=\"https:\/\/vmsport.fi\/sv\/webbutik\/reservdelar\/skivor-och-nav\/bakgrund\/takakiekko-28-22-622-velosteel-1v-kromiteras\/\" \/>\n<meta property=\"og:site_name\" content=\"VM Sport\" \/>\n<meta property=\"article:publisher\" content=\"https:\/\/www.facebook.com\/Vmsport.fi\/\" \/>\n<meta property=\"article:modified_time\" content=\"2026-01-16T11:25:59+00:00\" \/>\n<meta property=\"og:image\" content=\"https:\/\/vmsport.fi\/wp-content\/uploads\/2025\/03\/60083-1.jpg\" \/>\n\t<meta property=\"og:image:width\" content=\"800\" \/>\n\t<meta property=\"og:image:height\" content=\"800\" \/>\n\t<meta property=\"og:image:type\" content=\"image\/jpeg\" \/>\n<meta name=\"twitter:card\" content=\"summary_large_image\" \/>\n<meta name=\"twitter:label1\" content=\"Ber\u00e4knad l\u00e4stid\" \/>\n\t<meta name=\"twitter:data1\" content=\"1 minut\" \/>\n<script type=\"application\/ld+json\" class=\"yoast-schema-graph\">{\"@context\":\"https:\\\/\\\/schema.org\",\"@graph\":[{\"@type\":[\"WebPage\",\"ItemPage\"],\"@id\":\"https:\\\/\\\/vmsport.fi\\\/verkkokauppa\\\/varaosat\\\/kiekot-ja-navat\\\/takakiekot\\\/takakiekko-28-22-622-velosteel-1v-kromiteras\\\/\",\"url\":\"https:\\\/\\\/vmsport.fi\\\/verkkokauppa\\\/varaosat\\\/kiekot-ja-navat\\\/takakiekot\\\/takakiekko-28-22-622-velosteel-1v-kromiteras\\\/\",\"name\":\"Takakiekko 28\\\" 22-622 VELOSTEEL 1v, kromiter\u00e4s - VM Sport\",\"isPartOf\":{\"@id\":\"https:\\\/\\\/vmsport.fi\\\/#website\"},\"primaryImageOfPage\":{\"@id\":\"https:\\\/\\\/vmsport.fi\\\/verkkokauppa\\\/varaosat\\\/kiekot-ja-navat\\\/takakiekot\\\/takakiekko-28-22-622-velosteel-1v-kromiteras\\\/#primaryimage\"},\"image\":{\"@id\":\"https:\\\/\\\/vmsport.fi\\\/verkkokauppa\\\/varaosat\\\/kiekot-ja-navat\\\/takakiekot\\\/takakiekko-28-22-622-velosteel-1v-kromiteras\\\/#primaryimage\"},\"thumbnailUrl\":\"https:\\\/\\\/vmsport.fi\\\/wp-content\\\/uploads\\\/2025\\\/03\\\/60083-1.jpg\",\"datePublished\":\"2025-03-05T22:32:24+00:00\",\"dateModified\":\"2026-01-16T11:25:59+00:00\",\"breadcrumb\":{\"@id\":\"https:\\\/\\\/vmsport.fi\\\/verkkokauppa\\\/varaosat\\\/kiekot-ja-navat\\\/takakiekot\\\/takakiekko-28-22-622-velosteel-1v-kromiteras\\\/#breadcrumb\"},\"inLanguage\":\"sv-SE\",\"potentialAction\":[{\"@type\":\"ReadAction\",\"target\":[\"https:\\\/\\\/vmsport.fi\\\/verkkokauppa\\\/varaosat\\\/kiekot-ja-navat\\\/takakiekot\\\/takakiekko-28-22-622-velosteel-1v-kromiteras\\\/\"]}]},{\"@type\":\"ImageObject\",\"inLanguage\":\"sv-SE\",\"@id\":\"https:\\\/\\\/vmsport.fi\\\/verkkokauppa\\\/varaosat\\\/kiekot-ja-navat\\\/takakiekot\\\/takakiekko-28-22-622-velosteel-1v-kromiteras\\\/#primaryimage\",\"url\":\"https:\\\/\\\/vmsport.fi\\\/wp-content\\\/uploads\\\/2025\\\/03\\\/60083-1.jpg\",\"contentUrl\":\"https:\\\/\\\/vmsport.fi\\\/wp-content\\\/uploads\\\/2025\\\/03\\\/60083-1.jpg\",\"width\":800,\"height\":800,\"caption\":\"60083\"},{\"@type\":\"BreadcrumbList\",\"@id\":\"https:\\\/\\\/vmsport.fi\\\/verkkokauppa\\\/varaosat\\\/kiekot-ja-navat\\\/takakiekot\\\/takakiekko-28-22-622-velosteel-1v-kromiteras\\\/#breadcrumb\",\"itemListElement\":[{\"@type\":\"ListItem\",\"position\":1,\"name\":\"Etusivu\",\"item\":\"https:\\\/\\\/vmsport.fi\\\/\"},{\"@type\":\"ListItem\",\"position\":2,\"name\":\"Online Store\",\"item\":\"https:\\\/\\\/vmsport.fi\\\/en\\\/online-store\\\/\"},{\"@type\":\"ListItem\",\"position\":3,\"name\":\"Takakiekko 28&#8243; 22-622 VELOSTEEL 1v, kromiter\u00e4s\"}]},{\"@type\":\"WebSite\",\"@id\":\"https:\\\/\\\/vmsport.fi\\\/#website\",\"url\":\"https:\\\/\\\/vmsport.fi\\\/\",\"name\":\"Vmsport\",\"description\":\"Kaikki py\u00f6r\u00e4ilyyn yhdest\u00e4 paikasta\",\"publisher\":{\"@id\":\"https:\\\/\\\/vmsport.fi\\\/#organization\"},\"potentialAction\":[{\"@type\":\"SearchAction\",\"target\":{\"@type\":\"EntryPoint\",\"urlTemplate\":\"https:\\\/\\\/vmsport.fi\\\/?s={search_term_string}\"},\"query-input\":{\"@type\":\"PropertyValueSpecification\",\"valueRequired\":true,\"valueName\":\"search_term_string\"}}],\"inLanguage\":\"sv-SE\"},{\"@type\":\"Organization\",\"@id\":\"https:\\\/\\\/vmsport.fi\\\/#organization\",\"name\":\"Vmsport\",\"url\":\"https:\\\/\\\/vmsport.fi\\\/\",\"logo\":{\"@type\":\"ImageObject\",\"inLanguage\":\"sv-SE\",\"@id\":\"https:\\\/\\\/vmsport.fi\\\/#\\\/schema\\\/logo\\\/image\\\/\",\"url\":\"https:\\\/\\\/vmsport.fi\\\/wp-content\\\/uploads\\\/2024\\\/12\\\/vm_sport_RGB_horisontal-e1734526017575.png\",\"contentUrl\":\"https:\\\/\\\/vmsport.fi\\\/wp-content\\\/uploads\\\/2024\\\/12\\\/vm_sport_RGB_horisontal-e1734526017575.png\",\"width\":668,\"height\":85,\"caption\":\"Vmsport\"},\"image\":{\"@id\":\"https:\\\/\\\/vmsport.fi\\\/#\\\/schema\\\/logo\\\/image\\\/\"},\"sameAs\":[\"https:\\\/\\\/www.facebook.com\\\/Vmsport.fi\\\/\",\"https:\\\/\\\/www.instagram.com\\\/vmsport\\\/\"]}]}<\/script>\n<!-- \/ Yoast SEO plugin. -->","yoast_head_json":{"title":"Takakiekko 28\" 22-622 VELOSTEEL 1v, kromiter\u00e4s - VM Sport","robots":{"index":"index","follow":"follow","max-snippet":"max-snippet:-1","max-image-preview":"max-image-preview:large","max-video-preview":"max-video-preview:-1"},"canonical":"https:\/\/vmsport.fi\/sv\/webbutik\/reservdelar\/skivor-och-nav\/bakgrund\/takakiekko-28-22-622-velosteel-1v-kromiteras\/","og_locale":"sv_SE","og_type":"article","og_title":"Takakiekko 28\" 22-622 VELOSTEEL 1v, kromiter\u00e4s - VM Sport","og_description":"T\u00e4m\u00e4 28-tuumainen takapy\u00f6r\u00e4 on suunniteltu polkupy\u00f6riin ja valmistettu kest\u00e4v\u00e4st\u00e4 kromiter\u00e4ksest\u00e4, mik\u00e4 takaa sek\u00e4 tyylikk\u00e4\u00e4n ulkon\u00e4\u00f6n ett\u00e4 pitk\u00e4kestoisen suorituskyvyn. Se on yhteensopiva 22-622 kokoluokan renkaiden kanssa ja varustettu yksivaihteisella Velosteel-takanavalla, jossa on jalkajarru. T\u00e4m\u00e4 tarjoaa perinteisen ja luotettavan jarrutusmekanismin. Vanteen mitat ovat 22 mm sis\u00e4leveytt\u00e4, 33 mm ulkoleveytt\u00e4 ja 14,3 mm korkeutta, kun taas reunakorkeus on [...]L\u00e4s mer \u2026 from Takakiekko 28&#8243; 22-622 VELOSTEEL 1v, kromiter\u00e4s","og_url":"https:\/\/vmsport.fi\/sv\/webbutik\/reservdelar\/skivor-och-nav\/bakgrund\/takakiekko-28-22-622-velosteel-1v-kromiteras\/","og_site_name":"VM Sport","article_publisher":"https:\/\/www.facebook.com\/Vmsport.fi\/","article_modified_time":"2026-01-16T11:25:59+00:00","og_image":[{"width":800,"height":800,"url":"https:\/\/vmsport.fi\/wp-content\/uploads\/2025\/03\/60083-1.jpg","type":"image\/jpeg"}],"twitter_card":"summary_large_image","twitter_misc":{"Ber\u00e4knad l\u00e4stid":"1 minut"},"schema":{"@context":"https:\/\/schema.org","@graph":[{"@type":["WebPage","ItemPage"],"@id":"https:\/\/vmsport.fi\/verkkokauppa\/varaosat\/kiekot-ja-navat\/takakiekot\/takakiekko-28-22-622-velosteel-1v-kromiteras\/","url":"https:\/\/vmsport.fi\/verkkokauppa\/varaosat\/kiekot-ja-navat\/takakiekot\/takakiekko-28-22-622-velosteel-1v-kromiteras\/","name":"Takakiekko 28\" 22-622 VELOSTEEL 1v, kromiter\u00e4s - VM Sport","isPartOf":{"@id":"https:\/\/vmsport.fi\/#website"},"primaryImageOfPage":{"@id":"https:\/\/vmsport.fi\/verkkokauppa\/varaosat\/kiekot-ja-navat\/takakiekot\/takakiekko-28-22-622-velosteel-1v-kromiteras\/#primaryimage"},"image":{"@id":"https:\/\/vmsport.fi\/verkkokauppa\/varaosat\/kiekot-ja-navat\/takakiekot\/takakiekko-28-22-622-velosteel-1v-kromiteras\/#primaryimage"},"thumbnailUrl":"https:\/\/vmsport.fi\/wp-content\/uploads\/2025\/03\/60083-1.jpg","datePublished":"2025-03-05T22:32:24+00:00","dateModified":"2026-01-16T11:25:59+00:00","breadcrumb":{"@id":"https:\/\/vmsport.fi\/verkkokauppa\/varaosat\/kiekot-ja-navat\/takakiekot\/takakiekko-28-22-622-velosteel-1v-kromiteras\/#breadcrumb"},"inLanguage":"sv-SE","potentialAction":[{"@type":"ReadAction","target":["https:\/\/vmsport.fi\/verkkokauppa\/varaosat\/kiekot-ja-navat\/takakiekot\/takakiekko-28-22-622-velosteel-1v-kromiteras\/"]}]},{"@type":"ImageObject","inLanguage":"sv-SE","@id":"https:\/\/vmsport.fi\/verkkokauppa\/varaosat\/kiekot-ja-navat\/takakiekot\/takakiekko-28-22-622-velosteel-1v-kromiteras\/#primaryimage","url":"https:\/\/vmsport.fi\/wp-content\/uploads\/2025\/03\/60083-1.jpg","contentUrl":"https:\/\/vmsport.fi\/wp-content\/uploads\/2025\/03\/60083-1.jpg","width":800,"height":800,"caption":"60083"},{"@type":"BreadcrumbList","@id":"https:\/\/vmsport.fi\/verkkokauppa\/varaosat\/kiekot-ja-navat\/takakiekot\/takakiekko-28-22-622-velosteel-1v-kromiteras\/#breadcrumb","itemListElement":[{"@type":"ListItem","position":1,"name":"Etusivu","item":"https:\/\/vmsport.fi\/"},{"@type":"ListItem","position":2,"name":"Online Store","item":"https:\/\/vmsport.fi\/en\/online-store\/"},{"@type":"ListItem","position":3,"name":"Takakiekko 28&#8243; 22-622 VELOSTEEL 1v, kromiter\u00e4s"}]},{"@type":"WebSite","@id":"https:\/\/vmsport.fi\/#website","url":"https:\/\/vmsport.fi\/","name":"Vmsport","description":"Allt p\u00e5 ett st\u00e4lle f\u00f6r cykling","publisher":{"@id":"https:\/\/vmsport.fi\/#organization"},"potentialAction":[{"@type":"SearchAction","target":{"@type":"EntryPoint","urlTemplate":"https:\/\/vmsport.fi\/?s={search_term_string}"},"query-input":{"@type":"PropertyValueSpecification","valueRequired":true,"valueName":"search_term_string"}}],"inLanguage":"sv-SE"},{"@type":"Organization","@id":"https:\/\/vmsport.fi\/#organization","name":"Vmsport","url":"https:\/\/vmsport.fi\/","logo":{"@type":"ImageObject","inLanguage":"sv-SE","@id":"https:\/\/vmsport.fi\/#\/schema\/logo\/image\/","url":"https:\/\/vmsport.fi\/wp-content\/uploads\/2024\/12\/vm_sport_RGB_horisontal-e1734526017575.png","contentUrl":"https:\/\/vmsport.fi\/wp-content\/uploads\/2024\/12\/vm_sport_RGB_horisontal-e1734526017575.png","width":668,"height":85,"caption":"Vmsport"},"image":{"@id":"https:\/\/vmsport.fi\/#\/schema\/logo\/image\/"},"sameAs":["https:\/\/www.facebook.com\/Vmsport.fi\/","https:\/\/www.instagram.com\/vmsport\/"]}]}},"global_unique_id":"","_links":{"self":[{"href":"https:\/\/vmsport.fi\/sv\/wp-json\/wp\/v2\/product\/57438","targetHints":{"allow":["GET"]}}],"collection":[{"href":"https:\/\/vmsport.fi\/sv\/wp-json\/wp\/v2\/product"}],"about":[{"href":"https:\/\/vmsport.fi\/sv\/wp-json\/wp\/v2\/types\/product"}],"replies":[{"embeddable":true,"href":"https:\/\/vmsport.fi\/sv\/wp-json\/wp\/v2\/comments?post=57438"}],"wp:featuredmedia":[{"embeddable":true,"href":"https:\/\/vmsport.fi\/sv\/wp-json\/wp\/v2\/media\/57437"}],"wp:attachment":[{"href":"https:\/\/vmsport.fi\/sv\/wp-json\/wp\/v2\/media?parent=57438"}],"wp:term":[{"taxonomy":"product_brand","embeddable":true,"href":"https:\/\/vmsport.fi\/sv\/wp-json\/wp\/v2\/product_brand?post=57438"},{"taxonomy":"product_model","embeddable":true,"href":"https:\/\/vmsport.fi\/sv\/wp-json\/wp\/v2\/product_model?post=57438"},{"taxonomy":"product_cat","embeddable":true,"href":"https:\/\/vmsport.fi\/sv\/wp-json\/wp\/v2\/product_cat?post=57438"},{"taxonomy":"product_tag","embeddable":true,"href":"https:\/\/vmsport.fi\/sv\/wp-json\/wp\/v2\/product_tag?post=57438"},{"taxonomy":"industry_terminology","embeddable":true,"href":"https:\/\/vmsport.fi\/sv\/wp-json\/wp\/v2\/industry-terminology?post=57438"}],"curies":[{"name":"wp","href":"https:\/\/api.w.org\/{rel}","templated":true}]}}