{"id":57436,"date":"2025-03-06T00:32:23","date_gmt":"2025-03-05T22:32:23","guid":{"rendered":"https:\/\/vmsport.fi\/verkkokauppa\/Ei-luokiteltu\/dt-swiss-bearing-18x30x7\/"},"modified":"2026-01-16T13:22:45","modified_gmt":"2026-01-16T11:22:45","slug":"dt-schweiziskt-lager-18x30x7","status":"publish","type":"product","link":"https:\/\/vmsport.fi\/sv\/verkkokauppa\/varaosat\/kiekot-ja-navat\/laakerit\/dt-swiss-bearing-18x30x7\/","title":{"rendered":"DT SWISS Kullager 18x30x7"},"content":{"rendered":"<p>DT Swiss-lagret, som m\u00e4ter 18x30x7, \u00e4r utformat f\u00f6r att ge tillf\u00f6rlitlig prestanda. Detta metallager \u00e4r utrustat med en orange t\u00e4tning som effektivt skyddar mot damm och fukt, vilket ger en l\u00e4ngre livsl\u00e4ngd. F\u00f6r k\u00f6rning i terr\u00e4ng och p\u00e5 v\u00e4g s\u00e4kerst\u00e4ller detta lager en j\u00e4mn och tyst r\u00f6relse under alla f\u00f6rh\u00e5llanden. Den innovativa designen g\u00f6r installationen enkel, vilket g\u00f6r det till det perfekta valet f\u00f6r kr\u00e4vande entusiaster och proffs.<\/p>","protected":false},"excerpt":{"rendered":"<p>DT Swiss -laakeri, jonka mitat ovat 18x30x7, on suunniteltu tarjoamaan luotettavaa suorituskyky\u00e4. T\u00e4m\u00e4 metallinen laakeri on varustettu oranssilla tiivisteell\u00e4, joka suojaa tehokkaasti p\u00f6lylt\u00e4 ja kosteudelta, mahdollistaen n\u00e4in pidemm\u00e4n k\u00e4ytt\u00f6i\u00e4n. Maasto- ja maantieajossa t\u00e4m\u00e4 laakeri varmistaa sujuvan ja hiljaisen liikkeen kaikissa olosuhteissa. Innovatiivinen muotoilu tekee asennuksesta vaivatonta, mink\u00e4 ansiosta se on ihanteellinen valinta vaativille harrastajille ja [&#8230;]<\/p>\n<p><a class=\"btn btn-secondary understrap-read-more-link\" href=\"https:\/\/vmsport.fi\/sv\/verkkokauppa\/varaosat\/kiekot-ja-navat\/laakerit\/dt-swiss-bearing-18x30x7\/\">L\u00e4s mer \u2026<span class=\"screen-reader-text\"> from DT SWISS Bearing 18x30x7<\/span><\/a><\/p>\n","protected":false},"featured_media":57435,"comment_status":"open","ping_status":"closed","template":"","meta":{"_acf_changed":false,"_improvement_type_select":"improve_an_existing","_thumb_yes_seoaic":false,"_frame_yes_seoaic":false,"seoaic_generate_description":"","seoaic_improve_instructions_prompt":"","seoaic_rollback_content_improvement":"","seoaic_idea_thumbnail_generator":"","thumbnail_generated":false,"thumbnail_generate_prompt":"","seoaic_article_description":"","_supplier_stock_quantity":0},"product_brand":[],"product_model":[],"product_cat":[9464],"product_tag":[],"industry-terminology":[],"class_list":{"0":"post-57436","1":"product","2":"type-product","3":"status-publish","4":"has-post-thumbnail","6":"product_cat-laakerit","8":"first","9":"instock","10":"taxable","11":"shipping-taxable","12":"purchasable","13":"product-type-simple"},"acf":{"bike_features":null,"overview":{"copy_overview":null,"key_features":null,"statement":"","youtube_url":""}},"yoast_head":"<!-- This site is optimized with the Yoast SEO plugin v27.3 - https:\/\/yoast.com\/product\/yoast-seo-wordpress\/ -->\n<title>DT SWISS Bearing 18x30x7 - VM Sport<\/title>\n<meta name=\"robots\" content=\"index, follow, max-snippet:-1, max-image-preview:large, max-video-preview:-1\" \/>\n<link rel=\"canonical\" href=\"https:\/\/vmsport.fi\/sv\/webbutik\/reservdelar\/skivor-och-nav\/lager\/dt-schweiziskt-lager-18x30x7\/\" \/>\n<meta property=\"og:locale\" content=\"sv_SE\" \/>\n<meta property=\"og:type\" content=\"article\" \/>\n<meta property=\"og:title\" content=\"DT SWISS Bearing 18x30x7 - VM Sport\" \/>\n<meta property=\"og:description\" content=\"DT Swiss -laakeri, jonka mitat ovat 18x30x7, on suunniteltu tarjoamaan luotettavaa suorituskyky\u00e4. T\u00e4m\u00e4 metallinen laakeri on varustettu oranssilla tiivisteell\u00e4, joka suojaa tehokkaasti p\u00f6lylt\u00e4 ja kosteudelta, mahdollistaen n\u00e4in pidemm\u00e4n k\u00e4ytt\u00f6i\u00e4n. Maasto- ja maantieajossa t\u00e4m\u00e4 laakeri varmistaa sujuvan ja hiljaisen liikkeen kaikissa olosuhteissa. Innovatiivinen muotoilu tekee asennuksesta vaivatonta, mink\u00e4 ansiosta se on ihanteellinen valinta vaativille harrastajille ja [...]L\u00e4s mer \u2026 from DT SWISS Bearing 18x30x7\" \/>\n<meta property=\"og:url\" content=\"https:\/\/vmsport.fi\/sv\/webbutik\/reservdelar\/skivor-och-nav\/lager\/dt-schweiziskt-lager-18x30x7\/\" \/>\n<meta property=\"og:site_name\" content=\"VM Sport\" \/>\n<meta property=\"article:publisher\" content=\"https:\/\/www.facebook.com\/Vmsport.fi\/\" \/>\n<meta property=\"article:modified_time\" content=\"2026-01-16T11:22:45+00:00\" \/>\n<meta property=\"og:image\" content=\"https:\/\/vmsport.fi\/wp-content\/uploads\/2025\/03\/AZL3NbEvzsOEimjmIaIobLaVD7CYspd8TtMyeCBTq0qcAj6goj-1.jpg\" \/>\n\t<meta property=\"og:image:width\" content=\"800\" \/>\n\t<meta property=\"og:image:height\" content=\"800\" \/>\n\t<meta property=\"og:image:type\" content=\"image\/jpeg\" \/>\n<meta name=\"twitter:card\" content=\"summary_large_image\" \/>\n<script type=\"application\/ld+json\" class=\"yoast-schema-graph\">{\"@context\":\"https:\\\/\\\/schema.org\",\"@graph\":[{\"@type\":[\"WebPage\",\"ItemPage\"],\"@id\":\"https:\\\/\\\/vmsport.fi\\\/verkkokauppa\\\/varaosat\\\/kiekot-ja-navat\\\/laakerit\\\/dt-swiss-bearing-18x30x7\\\/\",\"url\":\"https:\\\/\\\/vmsport.fi\\\/verkkokauppa\\\/varaosat\\\/kiekot-ja-navat\\\/laakerit\\\/dt-swiss-bearing-18x30x7\\\/\",\"name\":\"DT SWISS Bearing 18x30x7 - VM Sport\",\"isPartOf\":{\"@id\":\"https:\\\/\\\/vmsport.fi\\\/#website\"},\"primaryImageOfPage\":{\"@id\":\"https:\\\/\\\/vmsport.fi\\\/verkkokauppa\\\/varaosat\\\/kiekot-ja-navat\\\/laakerit\\\/dt-swiss-bearing-18x30x7\\\/#primaryimage\"},\"image\":{\"@id\":\"https:\\\/\\\/vmsport.fi\\\/verkkokauppa\\\/varaosat\\\/kiekot-ja-navat\\\/laakerit\\\/dt-swiss-bearing-18x30x7\\\/#primaryimage\"},\"thumbnailUrl\":\"https:\\\/\\\/vmsport.fi\\\/wp-content\\\/uploads\\\/2025\\\/03\\\/AZL3NbEvzsOEimjmIaIobLaVD7CYspd8TtMyeCBTq0qcAj6goj-1.jpg\",\"datePublished\":\"2025-03-05T22:32:23+00:00\",\"dateModified\":\"2026-01-16T11:22:45+00:00\",\"breadcrumb\":{\"@id\":\"https:\\\/\\\/vmsport.fi\\\/verkkokauppa\\\/varaosat\\\/kiekot-ja-navat\\\/laakerit\\\/dt-swiss-bearing-18x30x7\\\/#breadcrumb\"},\"inLanguage\":\"sv-SE\",\"potentialAction\":[{\"@type\":\"ReadAction\",\"target\":[\"https:\\\/\\\/vmsport.fi\\\/verkkokauppa\\\/varaosat\\\/kiekot-ja-navat\\\/laakerit\\\/dt-swiss-bearing-18x30x7\\\/\"]}]},{\"@type\":\"ImageObject\",\"inLanguage\":\"sv-SE\",\"@id\":\"https:\\\/\\\/vmsport.fi\\\/verkkokauppa\\\/varaosat\\\/kiekot-ja-navat\\\/laakerit\\\/dt-swiss-bearing-18x30x7\\\/#primaryimage\",\"url\":\"https:\\\/\\\/vmsport.fi\\\/wp-content\\\/uploads\\\/2025\\\/03\\\/AZL3NbEvzsOEimjmIaIobLaVD7CYspd8TtMyeCBTq0qcAj6goj-1.jpg\",\"contentUrl\":\"https:\\\/\\\/vmsport.fi\\\/wp-content\\\/uploads\\\/2025\\\/03\\\/AZL3NbEvzsOEimjmIaIobLaVD7CYspd8TtMyeCBTq0qcAj6goj-1.jpg\",\"width\":800,\"height\":800,\"caption\":\"AZL3NbEvzsOEimjmIaIobLaVD7CYspd8TtMyeCBTq0qcAj6goj\"},{\"@type\":\"BreadcrumbList\",\"@id\":\"https:\\\/\\\/vmsport.fi\\\/verkkokauppa\\\/varaosat\\\/kiekot-ja-navat\\\/laakerit\\\/dt-swiss-bearing-18x30x7\\\/#breadcrumb\",\"itemListElement\":[{\"@type\":\"ListItem\",\"position\":1,\"name\":\"Etusivu\",\"item\":\"https:\\\/\\\/vmsport.fi\\\/\"},{\"@type\":\"ListItem\",\"position\":2,\"name\":\"Online Store\",\"item\":\"https:\\\/\\\/vmsport.fi\\\/en\\\/online-store\\\/\"},{\"@type\":\"ListItem\",\"position\":3,\"name\":\"DT SWISS Bearing 18x30x7\"}]},{\"@type\":\"WebSite\",\"@id\":\"https:\\\/\\\/vmsport.fi\\\/#website\",\"url\":\"https:\\\/\\\/vmsport.fi\\\/\",\"name\":\"Vmsport\",\"description\":\"Kaikki py\u00f6r\u00e4ilyyn yhdest\u00e4 paikasta\",\"publisher\":{\"@id\":\"https:\\\/\\\/vmsport.fi\\\/#organization\"},\"potentialAction\":[{\"@type\":\"SearchAction\",\"target\":{\"@type\":\"EntryPoint\",\"urlTemplate\":\"https:\\\/\\\/vmsport.fi\\\/?s={search_term_string}\"},\"query-input\":{\"@type\":\"PropertyValueSpecification\",\"valueRequired\":true,\"valueName\":\"search_term_string\"}}],\"inLanguage\":\"sv-SE\"},{\"@type\":\"Organization\",\"@id\":\"https:\\\/\\\/vmsport.fi\\\/#organization\",\"name\":\"Vmsport\",\"url\":\"https:\\\/\\\/vmsport.fi\\\/\",\"logo\":{\"@type\":\"ImageObject\",\"inLanguage\":\"sv-SE\",\"@id\":\"https:\\\/\\\/vmsport.fi\\\/#\\\/schema\\\/logo\\\/image\\\/\",\"url\":\"https:\\\/\\\/vmsport.fi\\\/wp-content\\\/uploads\\\/2024\\\/12\\\/vm_sport_RGB_horisontal-e1734526017575.png\",\"contentUrl\":\"https:\\\/\\\/vmsport.fi\\\/wp-content\\\/uploads\\\/2024\\\/12\\\/vm_sport_RGB_horisontal-e1734526017575.png\",\"width\":668,\"height\":85,\"caption\":\"Vmsport\"},\"image\":{\"@id\":\"https:\\\/\\\/vmsport.fi\\\/#\\\/schema\\\/logo\\\/image\\\/\"},\"sameAs\":[\"https:\\\/\\\/www.facebook.com\\\/Vmsport.fi\\\/\",\"https:\\\/\\\/www.instagram.com\\\/vmsport\\\/\"]}]}<\/script>\n<!-- \/ Yoast SEO plugin. -->","yoast_head_json":{"title":"DT SWISS Kullager 18x30x7 - VM Sport","robots":{"index":"index","follow":"follow","max-snippet":"max-snippet:-1","max-image-preview":"max-image-preview:large","max-video-preview":"max-video-preview:-1"},"canonical":"https:\/\/vmsport.fi\/sv\/webbutik\/reservdelar\/skivor-och-nav\/lager\/dt-schweiziskt-lager-18x30x7\/","og_locale":"sv_SE","og_type":"article","og_title":"DT SWISS Bearing 18x30x7 - VM Sport","og_description":"DT Swiss -laakeri, jonka mitat ovat 18x30x7, on suunniteltu tarjoamaan luotettavaa suorituskyky\u00e4. T\u00e4m\u00e4 metallinen laakeri on varustettu oranssilla tiivisteell\u00e4, joka suojaa tehokkaasti p\u00f6lylt\u00e4 ja kosteudelta, mahdollistaen n\u00e4in pidemm\u00e4n k\u00e4ytt\u00f6i\u00e4n. Maasto- ja maantieajossa t\u00e4m\u00e4 laakeri varmistaa sujuvan ja hiljaisen liikkeen kaikissa olosuhteissa. Innovatiivinen muotoilu tekee asennuksesta vaivatonta, mink\u00e4 ansiosta se on ihanteellinen valinta vaativille harrastajille ja [...]L\u00e4s mer \u2026 from DT SWISS Bearing 18x30x7","og_url":"https:\/\/vmsport.fi\/sv\/webbutik\/reservdelar\/skivor-och-nav\/lager\/dt-schweiziskt-lager-18x30x7\/","og_site_name":"VM Sport","article_publisher":"https:\/\/www.facebook.com\/Vmsport.fi\/","article_modified_time":"2026-01-16T11:22:45+00:00","og_image":[{"width":800,"height":800,"url":"https:\/\/vmsport.fi\/wp-content\/uploads\/2025\/03\/AZL3NbEvzsOEimjmIaIobLaVD7CYspd8TtMyeCBTq0qcAj6goj-1.jpg","type":"image\/jpeg"}],"twitter_card":"summary_large_image","schema":{"@context":"https:\/\/schema.org","@graph":[{"@type":["WebPage","ItemPage"],"@id":"https:\/\/vmsport.fi\/verkkokauppa\/varaosat\/kiekot-ja-navat\/laakerit\/dt-swiss-bearing-18x30x7\/","url":"https:\/\/vmsport.fi\/verkkokauppa\/varaosat\/kiekot-ja-navat\/laakerit\/dt-swiss-bearing-18x30x7\/","name":"DT SWISS Kullager 18x30x7 - VM Sport","isPartOf":{"@id":"https:\/\/vmsport.fi\/#website"},"primaryImageOfPage":{"@id":"https:\/\/vmsport.fi\/verkkokauppa\/varaosat\/kiekot-ja-navat\/laakerit\/dt-swiss-bearing-18x30x7\/#primaryimage"},"image":{"@id":"https:\/\/vmsport.fi\/verkkokauppa\/varaosat\/kiekot-ja-navat\/laakerit\/dt-swiss-bearing-18x30x7\/#primaryimage"},"thumbnailUrl":"https:\/\/vmsport.fi\/wp-content\/uploads\/2025\/03\/AZL3NbEvzsOEimjmIaIobLaVD7CYspd8TtMyeCBTq0qcAj6goj-1.jpg","datePublished":"2025-03-05T22:32:23+00:00","dateModified":"2026-01-16T11:22:45+00:00","breadcrumb":{"@id":"https:\/\/vmsport.fi\/verkkokauppa\/varaosat\/kiekot-ja-navat\/laakerit\/dt-swiss-bearing-18x30x7\/#breadcrumb"},"inLanguage":"sv-SE","potentialAction":[{"@type":"ReadAction","target":["https:\/\/vmsport.fi\/verkkokauppa\/varaosat\/kiekot-ja-navat\/laakerit\/dt-swiss-bearing-18x30x7\/"]}]},{"@type":"ImageObject","inLanguage":"sv-SE","@id":"https:\/\/vmsport.fi\/verkkokauppa\/varaosat\/kiekot-ja-navat\/laakerit\/dt-swiss-bearing-18x30x7\/#primaryimage","url":"https:\/\/vmsport.fi\/wp-content\/uploads\/2025\/03\/AZL3NbEvzsOEimjmIaIobLaVD7CYspd8TtMyeCBTq0qcAj6goj-1.jpg","contentUrl":"https:\/\/vmsport.fi\/wp-content\/uploads\/2025\/03\/AZL3NbEvzsOEimjmIaIobLaVD7CYspd8TtMyeCBTq0qcAj6goj-1.jpg","width":800,"height":800,"caption":"AZL3NbEvzsOEimjmIaIobLaVD7CYspd8TtMyeCBTq0qcAj6goj"},{"@type":"BreadcrumbList","@id":"https:\/\/vmsport.fi\/verkkokauppa\/varaosat\/kiekot-ja-navat\/laakerit\/dt-swiss-bearing-18x30x7\/#breadcrumb","itemListElement":[{"@type":"ListItem","position":1,"name":"Etusivu","item":"https:\/\/vmsport.fi\/"},{"@type":"ListItem","position":2,"name":"Online Store","item":"https:\/\/vmsport.fi\/en\/online-store\/"},{"@type":"ListItem","position":3,"name":"DT SWISS Bearing 18x30x7"}]},{"@type":"WebSite","@id":"https:\/\/vmsport.fi\/#website","url":"https:\/\/vmsport.fi\/","name":"Vmsport","description":"Allt p\u00e5 ett st\u00e4lle f\u00f6r cykling","publisher":{"@id":"https:\/\/vmsport.fi\/#organization"},"potentialAction":[{"@type":"SearchAction","target":{"@type":"EntryPoint","urlTemplate":"https:\/\/vmsport.fi\/?s={search_term_string}"},"query-input":{"@type":"PropertyValueSpecification","valueRequired":true,"valueName":"search_term_string"}}],"inLanguage":"sv-SE"},{"@type":"Organization","@id":"https:\/\/vmsport.fi\/#organization","name":"Vmsport","url":"https:\/\/vmsport.fi\/","logo":{"@type":"ImageObject","inLanguage":"sv-SE","@id":"https:\/\/vmsport.fi\/#\/schema\/logo\/image\/","url":"https:\/\/vmsport.fi\/wp-content\/uploads\/2024\/12\/vm_sport_RGB_horisontal-e1734526017575.png","contentUrl":"https:\/\/vmsport.fi\/wp-content\/uploads\/2024\/12\/vm_sport_RGB_horisontal-e1734526017575.png","width":668,"height":85,"caption":"Vmsport"},"image":{"@id":"https:\/\/vmsport.fi\/#\/schema\/logo\/image\/"},"sameAs":["https:\/\/www.facebook.com\/Vmsport.fi\/","https:\/\/www.instagram.com\/vmsport\/"]}]}},"global_unique_id":"","_links":{"self":[{"href":"https:\/\/vmsport.fi\/sv\/wp-json\/wp\/v2\/product\/57436","targetHints":{"allow":["GET"]}}],"collection":[{"href":"https:\/\/vmsport.fi\/sv\/wp-json\/wp\/v2\/product"}],"about":[{"href":"https:\/\/vmsport.fi\/sv\/wp-json\/wp\/v2\/types\/product"}],"replies":[{"embeddable":true,"href":"https:\/\/vmsport.fi\/sv\/wp-json\/wp\/v2\/comments?post=57436"}],"wp:featuredmedia":[{"embeddable":true,"href":"https:\/\/vmsport.fi\/sv\/wp-json\/wp\/v2\/media\/57435"}],"wp:attachment":[{"href":"https:\/\/vmsport.fi\/sv\/wp-json\/wp\/v2\/media?parent=57436"}],"wp:term":[{"taxonomy":"product_brand","embeddable":true,"href":"https:\/\/vmsport.fi\/sv\/wp-json\/wp\/v2\/product_brand?post=57436"},{"taxonomy":"product_model","embeddable":true,"href":"https:\/\/vmsport.fi\/sv\/wp-json\/wp\/v2\/product_model?post=57436"},{"taxonomy":"product_cat","embeddable":true,"href":"https:\/\/vmsport.fi\/sv\/wp-json\/wp\/v2\/product_cat?post=57436"},{"taxonomy":"product_tag","embeddable":true,"href":"https:\/\/vmsport.fi\/sv\/wp-json\/wp\/v2\/product_tag?post=57436"},{"taxonomy":"industry_terminology","embeddable":true,"href":"https:\/\/vmsport.fi\/sv\/wp-json\/wp\/v2\/industry-terminology?post=57436"}],"curies":[{"name":"wp","href":"https:\/\/api.w.org\/{rel}","templated":true}]}}