{"id":57434,"date":"2025-03-06T00:32:22","date_gmt":"2025-03-05T22:32:22","guid":{"rendered":"https:\/\/vmsport.fi\/verkkokauppa\/Ei-luokiteltu\/bontrager-elite-recycled-water-bottle-cage\/"},"modified":"2026-01-16T13:40:01","modified_gmt":"2026-01-16T11:40:01","slug":"bontrager-elite-atervunnen-vattenflaskhallare","status":"publish","type":"product","link":"https:\/\/vmsport.fi\/sv\/verkkokauppa\/tarvikkeet\/telineet\/pullotelineet\/bontrager-elite-recycled-water-bottle-cage\/","title":{"rendered":"Bontrager Elite \u00e5tervunnen vattenflaskh\u00e5llare"},"content":{"rendered":"<p>Bontrager Elite Recycled Bottle Holder \u00e4r ett milj\u00f6v\u00e4nligt val som kombinerar h\u00e5llbarhet och stil. Den \u00e4r tillverkad av \u00e5tervunnet material, vilket st\u00f6der milj\u00f6ansvariga projekt utan att kompromissa med kvalitet eller h\u00e5llbarhet. Flaskh\u00e5llaren finns i glansigt och matt utf\u00f6rande och i en m\u00e4ngd olika f\u00e4rger, t.ex. korall, djupbl\u00e5 och svart, f\u00f6r att komplettera utseendet p\u00e5 din cykel. Den robusta konstruktionen s\u00e4kerst\u00e4ller att din vattenflaska sitter stadigt p\u00e5 plats \u00e4ven i kr\u00e4vande terr\u00e4ng, vilket ger enkel och tillf\u00f6rlitlig anv\u00e4ndning under cyklingen.<\/p>","protected":false},"excerpt":{"rendered":"<p>Bontrager Elite Recycled -juomapulloteline on ymp\u00e4rist\u00f6yst\u00e4v\u00e4llinen valinta, joka yhdist\u00e4\u00e4 kest\u00e4vyyden ja tyylikkyyden. Se on valmistettu kierr\u00e4tysmateriaaleista, tukien ymp\u00e4rist\u00f6vastuullisia hankkeita kuitenkaan tinkim\u00e4tt\u00e4 laadusta tai kest\u00e4vyydest\u00e4. Saatavilla kiilt\u00e4v\u00e4n\u00e4 ja mattapintaisena, teline tarjoaa monipuolisesti v\u00e4rej\u00e4, kuten korallinpunainen, syv\u00e4nsininen ja musta, jotka t\u00e4ydent\u00e4v\u00e4t py\u00f6r\u00e4si ilmett\u00e4. Vankka rakenne varmistaa, ett\u00e4 juomapullo pysyy tukevasti paikoillaan my\u00f6s vaativissa maastoissa, mik\u00e4 takaa helpon [&#8230;]<\/p>\n<p><a class=\"btn btn-secondary understrap-read-more-link\" href=\"https:\/\/vmsport.fi\/sv\/verkkokauppa\/tarvikkeet\/telineet\/pullotelineet\/bontrager-elite-recycled-water-bottle-cage\/\">L\u00e4s mer \u2026<span class=\"screen-reader-text\"> from Bontrager Elite Recycled Water Bottle Cage<\/span><\/a><\/p>\n","protected":false},"featured_media":57433,"comment_status":"open","ping_status":"closed","template":"","meta":{"_acf_changed":false,"_improvement_type_select":"improve_an_existing","_thumb_yes_seoaic":false,"_frame_yes_seoaic":false,"seoaic_generate_description":"","seoaic_improve_instructions_prompt":"","seoaic_rollback_content_improvement":"","seoaic_idea_thumbnail_generator":"","thumbnail_generated":false,"thumbnail_generate_prompt":"","seoaic_article_description":"","_supplier_stock_quantity":0},"product_brand":[],"product_model":[],"product_cat":[9344],"product_tag":[],"industry-terminology":[],"class_list":{"0":"post-57434","1":"product","2":"type-product","3":"status-publish","4":"has-post-thumbnail","6":"product_cat-pullotelineet","8":"first","9":"outofstock","10":"taxable","11":"shipping-taxable","12":"product-type-variable"},"acf":{"bike_features":null,"overview":{"copy_overview":null,"key_features":null,"statement":"","youtube_url":""}},"yoast_head":"<!-- This site is optimized with the Yoast SEO plugin v27.3 - https:\/\/yoast.com\/product\/yoast-seo-wordpress\/ -->\n<title>Bontrager Elite Recycled Water Bottle Cage - VM Sport<\/title>\n<meta name=\"robots\" content=\"index, follow, max-snippet:-1, max-image-preview:large, max-video-preview:-1\" \/>\n<link rel=\"canonical\" href=\"https:\/\/vmsport.fi\/sv\/webbutik\/tillbehor\/byggnadsstallningar\/flaskhallare\/bontrager-elite-atervunnen-vattenflaskhallare\/\" \/>\n<meta property=\"og:locale\" content=\"sv_SE\" \/>\n<meta property=\"og:type\" content=\"article\" \/>\n<meta property=\"og:title\" content=\"Bontrager Elite Recycled Water Bottle Cage - VM Sport\" \/>\n<meta property=\"og:description\" content=\"Bontrager Elite Recycled -juomapulloteline on ymp\u00e4rist\u00f6yst\u00e4v\u00e4llinen valinta, joka yhdist\u00e4\u00e4 kest\u00e4vyyden ja tyylikkyyden. Se on valmistettu kierr\u00e4tysmateriaaleista, tukien ymp\u00e4rist\u00f6vastuullisia hankkeita kuitenkaan tinkim\u00e4tt\u00e4 laadusta tai kest\u00e4vyydest\u00e4. Saatavilla kiilt\u00e4v\u00e4n\u00e4 ja mattapintaisena, teline tarjoaa monipuolisesti v\u00e4rej\u00e4, kuten korallinpunainen, syv\u00e4nsininen ja musta, jotka t\u00e4ydent\u00e4v\u00e4t py\u00f6r\u00e4si ilmett\u00e4. Vankka rakenne varmistaa, ett\u00e4 juomapullo pysyy tukevasti paikoillaan my\u00f6s vaativissa maastoissa, mik\u00e4 takaa helpon [...]L\u00e4s mer \u2026 from Bontrager Elite Recycled Water Bottle Cage\" \/>\n<meta property=\"og:url\" content=\"https:\/\/vmsport.fi\/sv\/webbutik\/tillbehor\/byggnadsstallningar\/flaskhallare\/bontrager-elite-atervunnen-vattenflaskhallare\/\" \/>\n<meta property=\"og:site_name\" content=\"VM Sport\" \/>\n<meta property=\"article:publisher\" content=\"https:\/\/www.facebook.com\/Vmsport.fi\/\" \/>\n<meta property=\"article:modified_time\" content=\"2026-01-16T11:40:01+00:00\" \/>\n<meta property=\"og:image\" content=\"https:\/\/vmsport.fi\/wp-content\/uploads\/2025\/03\/TNz6Mpxm8ZCmBjgovuXz2ntvKu28kadlEOBp0lOAmdQ5BttV1T-1.jpg\" \/>\n\t<meta property=\"og:image:width\" content=\"1000\" \/>\n\t<meta property=\"og:image:height\" content=\"750\" \/>\n\t<meta property=\"og:image:type\" content=\"image\/jpeg\" \/>\n<meta name=\"twitter:card\" content=\"summary_large_image\" \/>\n<script type=\"application\/ld+json\" class=\"yoast-schema-graph\">{\"@context\":\"https:\\\/\\\/schema.org\",\"@graph\":[{\"@type\":[\"WebPage\",\"ItemPage\"],\"@id\":\"https:\\\/\\\/vmsport.fi\\\/verkkokauppa\\\/tarvikkeet\\\/telineet\\\/pullotelineet\\\/bontrager-elite-recycled-water-bottle-cage\\\/\",\"url\":\"https:\\\/\\\/vmsport.fi\\\/verkkokauppa\\\/tarvikkeet\\\/telineet\\\/pullotelineet\\\/bontrager-elite-recycled-water-bottle-cage\\\/\",\"name\":\"Bontrager Elite Recycled Water Bottle Cage - VM Sport\",\"isPartOf\":{\"@id\":\"https:\\\/\\\/vmsport.fi\\\/#website\"},\"primaryImageOfPage\":{\"@id\":\"https:\\\/\\\/vmsport.fi\\\/verkkokauppa\\\/tarvikkeet\\\/telineet\\\/pullotelineet\\\/bontrager-elite-recycled-water-bottle-cage\\\/#primaryimage\"},\"image\":{\"@id\":\"https:\\\/\\\/vmsport.fi\\\/verkkokauppa\\\/tarvikkeet\\\/telineet\\\/pullotelineet\\\/bontrager-elite-recycled-water-bottle-cage\\\/#primaryimage\"},\"thumbnailUrl\":\"https:\\\/\\\/vmsport.fi\\\/wp-content\\\/uploads\\\/2025\\\/03\\\/TNz6Mpxm8ZCmBjgovuXz2ntvKu28kadlEOBp0lOAmdQ5BttV1T-1.jpg\",\"datePublished\":\"2025-03-05T22:32:22+00:00\",\"dateModified\":\"2026-01-16T11:40:01+00:00\",\"breadcrumb\":{\"@id\":\"https:\\\/\\\/vmsport.fi\\\/verkkokauppa\\\/tarvikkeet\\\/telineet\\\/pullotelineet\\\/bontrager-elite-recycled-water-bottle-cage\\\/#breadcrumb\"},\"inLanguage\":\"sv-SE\",\"potentialAction\":[{\"@type\":\"ReadAction\",\"target\":[\"https:\\\/\\\/vmsport.fi\\\/verkkokauppa\\\/tarvikkeet\\\/telineet\\\/pullotelineet\\\/bontrager-elite-recycled-water-bottle-cage\\\/\"]}]},{\"@type\":\"ImageObject\",\"inLanguage\":\"sv-SE\",\"@id\":\"https:\\\/\\\/vmsport.fi\\\/verkkokauppa\\\/tarvikkeet\\\/telineet\\\/pullotelineet\\\/bontrager-elite-recycled-water-bottle-cage\\\/#primaryimage\",\"url\":\"https:\\\/\\\/vmsport.fi\\\/wp-content\\\/uploads\\\/2025\\\/03\\\/TNz6Mpxm8ZCmBjgovuXz2ntvKu28kadlEOBp0lOAmdQ5BttV1T-1.jpg\",\"contentUrl\":\"https:\\\/\\\/vmsport.fi\\\/wp-content\\\/uploads\\\/2025\\\/03\\\/TNz6Mpxm8ZCmBjgovuXz2ntvKu28kadlEOBp0lOAmdQ5BttV1T-1.jpg\",\"width\":1000,\"height\":750,\"caption\":\"TNz6Mpxm8ZCmBjgovuXz2ntvKu28kadlEOBp0lOAmdQ5BttV1T\"},{\"@type\":\"BreadcrumbList\",\"@id\":\"https:\\\/\\\/vmsport.fi\\\/verkkokauppa\\\/tarvikkeet\\\/telineet\\\/pullotelineet\\\/bontrager-elite-recycled-water-bottle-cage\\\/#breadcrumb\",\"itemListElement\":[{\"@type\":\"ListItem\",\"position\":1,\"name\":\"Etusivu\",\"item\":\"https:\\\/\\\/vmsport.fi\\\/\"},{\"@type\":\"ListItem\",\"position\":2,\"name\":\"Online Store\",\"item\":\"https:\\\/\\\/vmsport.fi\\\/en\\\/online-store\\\/\"},{\"@type\":\"ListItem\",\"position\":3,\"name\":\"Bontrager Elite Recycled Water Bottle Cage\"}]},{\"@type\":\"WebSite\",\"@id\":\"https:\\\/\\\/vmsport.fi\\\/#website\",\"url\":\"https:\\\/\\\/vmsport.fi\\\/\",\"name\":\"Vmsport\",\"description\":\"Kaikki py\u00f6r\u00e4ilyyn yhdest\u00e4 paikasta\",\"publisher\":{\"@id\":\"https:\\\/\\\/vmsport.fi\\\/#organization\"},\"potentialAction\":[{\"@type\":\"SearchAction\",\"target\":{\"@type\":\"EntryPoint\",\"urlTemplate\":\"https:\\\/\\\/vmsport.fi\\\/?s={search_term_string}\"},\"query-input\":{\"@type\":\"PropertyValueSpecification\",\"valueRequired\":true,\"valueName\":\"search_term_string\"}}],\"inLanguage\":\"sv-SE\"},{\"@type\":\"Organization\",\"@id\":\"https:\\\/\\\/vmsport.fi\\\/#organization\",\"name\":\"Vmsport\",\"url\":\"https:\\\/\\\/vmsport.fi\\\/\",\"logo\":{\"@type\":\"ImageObject\",\"inLanguage\":\"sv-SE\",\"@id\":\"https:\\\/\\\/vmsport.fi\\\/#\\\/schema\\\/logo\\\/image\\\/\",\"url\":\"https:\\\/\\\/vmsport.fi\\\/wp-content\\\/uploads\\\/2024\\\/12\\\/vm_sport_RGB_horisontal-e1734526017575.png\",\"contentUrl\":\"https:\\\/\\\/vmsport.fi\\\/wp-content\\\/uploads\\\/2024\\\/12\\\/vm_sport_RGB_horisontal-e1734526017575.png\",\"width\":668,\"height\":85,\"caption\":\"Vmsport\"},\"image\":{\"@id\":\"https:\\\/\\\/vmsport.fi\\\/#\\\/schema\\\/logo\\\/image\\\/\"},\"sameAs\":[\"https:\\\/\\\/www.facebook.com\\\/Vmsport.fi\\\/\",\"https:\\\/\\\/www.instagram.com\\\/vmsport\\\/\"]}]}<\/script>\n<!-- \/ Yoast SEO plugin. -->","yoast_head_json":{"title":"Bontrager Elite \u00e5tervunnen vattenflaskh\u00e5llare - VM Sport","robots":{"index":"index","follow":"follow","max-snippet":"max-snippet:-1","max-image-preview":"max-image-preview:large","max-video-preview":"max-video-preview:-1"},"canonical":"https:\/\/vmsport.fi\/sv\/webbutik\/tillbehor\/byggnadsstallningar\/flaskhallare\/bontrager-elite-atervunnen-vattenflaskhallare\/","og_locale":"sv_SE","og_type":"article","og_title":"Bontrager Elite Recycled Water Bottle Cage - VM Sport","og_description":"Bontrager Elite Recycled -juomapulloteline on ymp\u00e4rist\u00f6yst\u00e4v\u00e4llinen valinta, joka yhdist\u00e4\u00e4 kest\u00e4vyyden ja tyylikkyyden. Se on valmistettu kierr\u00e4tysmateriaaleista, tukien ymp\u00e4rist\u00f6vastuullisia hankkeita kuitenkaan tinkim\u00e4tt\u00e4 laadusta tai kest\u00e4vyydest\u00e4. Saatavilla kiilt\u00e4v\u00e4n\u00e4 ja mattapintaisena, teline tarjoaa monipuolisesti v\u00e4rej\u00e4, kuten korallinpunainen, syv\u00e4nsininen ja musta, jotka t\u00e4ydent\u00e4v\u00e4t py\u00f6r\u00e4si ilmett\u00e4. Vankka rakenne varmistaa, ett\u00e4 juomapullo pysyy tukevasti paikoillaan my\u00f6s vaativissa maastoissa, mik\u00e4 takaa helpon [...]L\u00e4s mer \u2026 from Bontrager Elite Recycled Water Bottle Cage","og_url":"https:\/\/vmsport.fi\/sv\/webbutik\/tillbehor\/byggnadsstallningar\/flaskhallare\/bontrager-elite-atervunnen-vattenflaskhallare\/","og_site_name":"VM Sport","article_publisher":"https:\/\/www.facebook.com\/Vmsport.fi\/","article_modified_time":"2026-01-16T11:40:01+00:00","og_image":[{"width":1000,"height":750,"url":"https:\/\/vmsport.fi\/wp-content\/uploads\/2025\/03\/TNz6Mpxm8ZCmBjgovuXz2ntvKu28kadlEOBp0lOAmdQ5BttV1T-1.jpg","type":"image\/jpeg"}],"twitter_card":"summary_large_image","schema":{"@context":"https:\/\/schema.org","@graph":[{"@type":["WebPage","ItemPage"],"@id":"https:\/\/vmsport.fi\/verkkokauppa\/tarvikkeet\/telineet\/pullotelineet\/bontrager-elite-recycled-water-bottle-cage\/","url":"https:\/\/vmsport.fi\/verkkokauppa\/tarvikkeet\/telineet\/pullotelineet\/bontrager-elite-recycled-water-bottle-cage\/","name":"Bontrager Elite \u00e5tervunnen vattenflaskh\u00e5llare - VM Sport","isPartOf":{"@id":"https:\/\/vmsport.fi\/#website"},"primaryImageOfPage":{"@id":"https:\/\/vmsport.fi\/verkkokauppa\/tarvikkeet\/telineet\/pullotelineet\/bontrager-elite-recycled-water-bottle-cage\/#primaryimage"},"image":{"@id":"https:\/\/vmsport.fi\/verkkokauppa\/tarvikkeet\/telineet\/pullotelineet\/bontrager-elite-recycled-water-bottle-cage\/#primaryimage"},"thumbnailUrl":"https:\/\/vmsport.fi\/wp-content\/uploads\/2025\/03\/TNz6Mpxm8ZCmBjgovuXz2ntvKu28kadlEOBp0lOAmdQ5BttV1T-1.jpg","datePublished":"2025-03-05T22:32:22+00:00","dateModified":"2026-01-16T11:40:01+00:00","breadcrumb":{"@id":"https:\/\/vmsport.fi\/verkkokauppa\/tarvikkeet\/telineet\/pullotelineet\/bontrager-elite-recycled-water-bottle-cage\/#breadcrumb"},"inLanguage":"sv-SE","potentialAction":[{"@type":"ReadAction","target":["https:\/\/vmsport.fi\/verkkokauppa\/tarvikkeet\/telineet\/pullotelineet\/bontrager-elite-recycled-water-bottle-cage\/"]}]},{"@type":"ImageObject","inLanguage":"sv-SE","@id":"https:\/\/vmsport.fi\/verkkokauppa\/tarvikkeet\/telineet\/pullotelineet\/bontrager-elite-recycled-water-bottle-cage\/#primaryimage","url":"https:\/\/vmsport.fi\/wp-content\/uploads\/2025\/03\/TNz6Mpxm8ZCmBjgovuXz2ntvKu28kadlEOBp0lOAmdQ5BttV1T-1.jpg","contentUrl":"https:\/\/vmsport.fi\/wp-content\/uploads\/2025\/03\/TNz6Mpxm8ZCmBjgovuXz2ntvKu28kadlEOBp0lOAmdQ5BttV1T-1.jpg","width":1000,"height":750,"caption":"TNz6Mpxm8ZCmBjgovuXz2ntvKu28kadlEOBp0lOAmdQ5BttV1T"},{"@type":"BreadcrumbList","@id":"https:\/\/vmsport.fi\/verkkokauppa\/tarvikkeet\/telineet\/pullotelineet\/bontrager-elite-recycled-water-bottle-cage\/#breadcrumb","itemListElement":[{"@type":"ListItem","position":1,"name":"Etusivu","item":"https:\/\/vmsport.fi\/"},{"@type":"ListItem","position":2,"name":"Online Store","item":"https:\/\/vmsport.fi\/en\/online-store\/"},{"@type":"ListItem","position":3,"name":"Bontrager Elite Recycled Water Bottle Cage"}]},{"@type":"WebSite","@id":"https:\/\/vmsport.fi\/#website","url":"https:\/\/vmsport.fi\/","name":"Vmsport","description":"Allt p\u00e5 ett st\u00e4lle f\u00f6r cykling","publisher":{"@id":"https:\/\/vmsport.fi\/#organization"},"potentialAction":[{"@type":"SearchAction","target":{"@type":"EntryPoint","urlTemplate":"https:\/\/vmsport.fi\/?s={search_term_string}"},"query-input":{"@type":"PropertyValueSpecification","valueRequired":true,"valueName":"search_term_string"}}],"inLanguage":"sv-SE"},{"@type":"Organization","@id":"https:\/\/vmsport.fi\/#organization","name":"Vmsport","url":"https:\/\/vmsport.fi\/","logo":{"@type":"ImageObject","inLanguage":"sv-SE","@id":"https:\/\/vmsport.fi\/#\/schema\/logo\/image\/","url":"https:\/\/vmsport.fi\/wp-content\/uploads\/2024\/12\/vm_sport_RGB_horisontal-e1734526017575.png","contentUrl":"https:\/\/vmsport.fi\/wp-content\/uploads\/2024\/12\/vm_sport_RGB_horisontal-e1734526017575.png","width":668,"height":85,"caption":"Vmsport"},"image":{"@id":"https:\/\/vmsport.fi\/#\/schema\/logo\/image\/"},"sameAs":["https:\/\/www.facebook.com\/Vmsport.fi\/","https:\/\/www.instagram.com\/vmsport\/"]}]}},"global_unique_id":"","_links":{"self":[{"href":"https:\/\/vmsport.fi\/sv\/wp-json\/wp\/v2\/product\/57434","targetHints":{"allow":["GET"]}}],"collection":[{"href":"https:\/\/vmsport.fi\/sv\/wp-json\/wp\/v2\/product"}],"about":[{"href":"https:\/\/vmsport.fi\/sv\/wp-json\/wp\/v2\/types\/product"}],"replies":[{"embeddable":true,"href":"https:\/\/vmsport.fi\/sv\/wp-json\/wp\/v2\/comments?post=57434"}],"wp:featuredmedia":[{"embeddable":true,"href":"https:\/\/vmsport.fi\/sv\/wp-json\/wp\/v2\/media\/57433"}],"wp:attachment":[{"href":"https:\/\/vmsport.fi\/sv\/wp-json\/wp\/v2\/media?parent=57434"}],"wp:term":[{"taxonomy":"product_brand","embeddable":true,"href":"https:\/\/vmsport.fi\/sv\/wp-json\/wp\/v2\/product_brand?post=57434"},{"taxonomy":"product_model","embeddable":true,"href":"https:\/\/vmsport.fi\/sv\/wp-json\/wp\/v2\/product_model?post=57434"},{"taxonomy":"product_cat","embeddable":true,"href":"https:\/\/vmsport.fi\/sv\/wp-json\/wp\/v2\/product_cat?post=57434"},{"taxonomy":"product_tag","embeddable":true,"href":"https:\/\/vmsport.fi\/sv\/wp-json\/wp\/v2\/product_tag?post=57434"},{"taxonomy":"industry_terminology","embeddable":true,"href":"https:\/\/vmsport.fi\/sv\/wp-json\/wp\/v2\/industry-terminology?post=57434"}],"curies":[{"name":"wp","href":"https:\/\/api.w.org\/{rel}","templated":true}]}}