{"id":57430,"date":"2025-03-06T00:32:19","date_gmt":"2025-03-05T22:32:19","guid":{"rendered":"https:\/\/vmsport.fi\/verkkokauppa\/Ei-luokiteltu\/sks-etulokasuoja-shockblade-dark-2829\/"},"modified":"2026-04-24T13:28:12","modified_gmt":"2026-04-24T10:28:12","slug":"sks-framre-stankskarm-shockblade-dark-2829","status":"publish","type":"product","link":"https:\/\/vmsport.fi\/sv\/verkkokauppa\/tarvikkeet\/lokasuojat\/etulokasuojat\/sks-etulokasuoja-shockblade-dark-2829\/","title":{"rendered":"SKS Frontskydd Shockblade Dark 28\u2033+29\u2033"},"content":{"rendered":"<p>SKS Shockblade Dark \u00e4r ett snyggt och funktionellt tillbeh\u00f6r till din cykel. Detta st\u00e4nkskydd \u00e4r utformat f\u00f6r 28\" och 29\" d\u00e4ck, vilket g\u00f6r det till det perfekta valet f\u00f6r ett brett utbud av cykelmodeller. Den m\u00f6rka designen g\u00f6r din cykel mer tilltalande, samtidigt som st\u00e4nkskyddet ger ett effektivt st\u00e4nkskydd. Tack vare den slitstarka konstruktionen h\u00e5ller sk\u00e4rmen l\u00e4nge och det smarta monteringssystemet g\u00f6r den enkel att montera. \u00c4r du redo att njuta av dina cykelturer oavsett v\u00e4der? Med den h\u00e4r st\u00e4nksk\u00e4rmen h\u00e5ller du dig torr och snygg.<\/p>","protected":false},"excerpt":{"rendered":"<p>SKS Etulokasuoja Shockblade Dark on tyylik\u00e4s ja toimiva lis\u00e4varuste polkupy\u00f6r\u00e4\u00e4si. T\u00e4m\u00e4 etulokasuoja on suunniteltu 28- ja 29-tuumaisille renkaille, mik\u00e4 tekee siit\u00e4 t\u00e4ydellisen valinnan monille eri py\u00f6r\u00e4malleille. Sen tumma design lis\u00e4\u00e4 py\u00f6r\u00e4si ulkon\u00e4k\u00f6\u00f6n visuaalista vetovoimaa samalla, kun lokasuoja suojaa tehokkaasti roiskeilta. Kest\u00e4v\u00e4n rakenteensa ansiosta lokasuoja on pitk\u00e4ik\u00e4inen, ja sen \u00e4lyk\u00e4s kiinnitysj\u00e4rjestelm\u00e4 mahdollistaa vaivattoman asennuksen. Oletko valmis [&#8230;]<\/p>\n<p><a class=\"btn btn-secondary understrap-read-more-link\" href=\"https:\/\/vmsport.fi\/sv\/verkkokauppa\/tarvikkeet\/lokasuojat\/etulokasuojat\/sks-etulokasuoja-shockblade-dark-2829\/\">L\u00e4s mer \u2026<span class=\"screen-reader-text\"> from SKS Etulokasuoja Shockblade Dark 28&#8243;+29&#8243;<\/span><\/a><\/p>\n","protected":false},"featured_media":57429,"comment_status":"open","ping_status":"closed","template":"","meta":{"_acf_changed":false,"_improvement_type_select":"improve_an_existing","_thumb_yes_seoaic":false,"_frame_yes_seoaic":false,"seoaic_generate_description":"","seoaic_improve_instructions_prompt":"","seoaic_rollback_content_improvement":"","seoaic_idea_thumbnail_generator":"","thumbnail_generated":false,"thumbnail_generate_prompt":"","seoaic_article_description":"","_supplier_stock_quantity":0},"product_brand":[1583],"product_model":[],"product_cat":[9570],"product_tag":[],"industry-terminology":[],"class_list":{"0":"post-57430","1":"product","2":"type-product","3":"status-publish","4":"has-post-thumbnail","6":"product_brand-sks-germany","7":"product_cat-etulokasuojat","9":"first","10":"instock","11":"taxable","12":"shipping-taxable","13":"purchasable","14":"product-type-simple"},"acf":{"bike_features":null,"overview":{"copy_overview":null,"key_features":null,"statement":"","youtube_url":""}},"yoast_head":"<!-- This site is optimized with the Yoast SEO plugin v27.4 - https:\/\/yoast.com\/product\/yoast-seo-wordpress\/ -->\n<title>SKS Etulokasuoja Shockblade Dark 28&quot;+29&quot; - VM Sport<\/title>\n<meta name=\"robots\" content=\"index, follow, max-snippet:-1, max-image-preview:large, max-video-preview:-1\" \/>\n<link rel=\"canonical\" href=\"https:\/\/vmsport.fi\/sv\/webbutik\/tillbehor\/stankskarmar\/frontskydd\/sks-framre-stankskarm-shockblade-dark-2829\/\" \/>\n<meta property=\"og:locale\" content=\"sv_SE\" \/>\n<meta property=\"og:type\" content=\"article\" \/>\n<meta property=\"og:title\" content=\"SKS Etulokasuoja Shockblade Dark 28&quot;+29&quot; - VM Sport\" \/>\n<meta property=\"og:description\" content=\"SKS Etulokasuoja Shockblade Dark on tyylik\u00e4s ja toimiva lis\u00e4varuste polkupy\u00f6r\u00e4\u00e4si. T\u00e4m\u00e4 etulokasuoja on suunniteltu 28- ja 29-tuumaisille renkaille, mik\u00e4 tekee siit\u00e4 t\u00e4ydellisen valinnan monille eri py\u00f6r\u00e4malleille. Sen tumma design lis\u00e4\u00e4 py\u00f6r\u00e4si ulkon\u00e4k\u00f6\u00f6n visuaalista vetovoimaa samalla, kun lokasuoja suojaa tehokkaasti roiskeilta. Kest\u00e4v\u00e4n rakenteensa ansiosta lokasuoja on pitk\u00e4ik\u00e4inen, ja sen \u00e4lyk\u00e4s kiinnitysj\u00e4rjestelm\u00e4 mahdollistaa vaivattoman asennuksen. Oletko valmis [...]L\u00e4s mer \u2026 from SKS Etulokasuoja Shockblade Dark 28&#8243;+29&#8243;\" \/>\n<meta property=\"og:url\" content=\"https:\/\/vmsport.fi\/sv\/webbutik\/tillbehor\/stankskarmar\/frontskydd\/sks-framre-stankskarm-shockblade-dark-2829\/\" \/>\n<meta property=\"og:site_name\" content=\"VM Sport\" \/>\n<meta property=\"article:publisher\" content=\"https:\/\/www.facebook.com\/Vmsport.fi\/\" \/>\n<meta property=\"article:modified_time\" content=\"2026-04-24T10:28:12+00:00\" \/>\n<meta property=\"og:image\" content=\"https:\/\/vmsport.fi\/wp-content\/uploads\/2025\/03\/11452-5-1.jpg\" \/>\n\t<meta property=\"og:image:width\" content=\"800\" \/>\n\t<meta property=\"og:image:height\" content=\"800\" \/>\n\t<meta property=\"og:image:type\" content=\"image\/jpeg\" \/>\n<meta name=\"twitter:card\" content=\"summary_large_image\" \/>\n<script type=\"application\/ld+json\" class=\"yoast-schema-graph\">{\"@context\":\"https:\\\/\\\/schema.org\",\"@graph\":[{\"@type\":[\"WebPage\",\"ItemPage\"],\"@id\":\"https:\\\/\\\/vmsport.fi\\\/verkkokauppa\\\/tarvikkeet\\\/lokasuojat\\\/etulokasuojat\\\/sks-etulokasuoja-shockblade-dark-2829\\\/\",\"url\":\"https:\\\/\\\/vmsport.fi\\\/verkkokauppa\\\/tarvikkeet\\\/lokasuojat\\\/etulokasuojat\\\/sks-etulokasuoja-shockblade-dark-2829\\\/\",\"name\":\"SKS Etulokasuoja Shockblade Dark 28\\\"+29\\\" - VM Sport\",\"isPartOf\":{\"@id\":\"https:\\\/\\\/vmsport.fi\\\/#website\"},\"primaryImageOfPage\":{\"@id\":\"https:\\\/\\\/vmsport.fi\\\/verkkokauppa\\\/tarvikkeet\\\/lokasuojat\\\/etulokasuojat\\\/sks-etulokasuoja-shockblade-dark-2829\\\/#primaryimage\"},\"image\":{\"@id\":\"https:\\\/\\\/vmsport.fi\\\/verkkokauppa\\\/tarvikkeet\\\/lokasuojat\\\/etulokasuojat\\\/sks-etulokasuoja-shockblade-dark-2829\\\/#primaryimage\"},\"thumbnailUrl\":\"https:\\\/\\\/vmsport.fi\\\/wp-content\\\/uploads\\\/2025\\\/03\\\/11452-5-1.jpg\",\"datePublished\":\"2025-03-05T22:32:19+00:00\",\"dateModified\":\"2026-04-24T10:28:12+00:00\",\"breadcrumb\":{\"@id\":\"https:\\\/\\\/vmsport.fi\\\/verkkokauppa\\\/tarvikkeet\\\/lokasuojat\\\/etulokasuojat\\\/sks-etulokasuoja-shockblade-dark-2829\\\/#breadcrumb\"},\"inLanguage\":\"sv-SE\",\"potentialAction\":[{\"@type\":\"ReadAction\",\"target\":[\"https:\\\/\\\/vmsport.fi\\\/verkkokauppa\\\/tarvikkeet\\\/lokasuojat\\\/etulokasuojat\\\/sks-etulokasuoja-shockblade-dark-2829\\\/\"]}]},{\"@type\":\"ImageObject\",\"inLanguage\":\"sv-SE\",\"@id\":\"https:\\\/\\\/vmsport.fi\\\/verkkokauppa\\\/tarvikkeet\\\/lokasuojat\\\/etulokasuojat\\\/sks-etulokasuoja-shockblade-dark-2829\\\/#primaryimage\",\"url\":\"https:\\\/\\\/vmsport.fi\\\/wp-content\\\/uploads\\\/2025\\\/03\\\/11452-5-1.jpg\",\"contentUrl\":\"https:\\\/\\\/vmsport.fi\\\/wp-content\\\/uploads\\\/2025\\\/03\\\/11452-5-1.jpg\",\"width\":800,\"height\":800,\"caption\":\"11452-5\"},{\"@type\":\"BreadcrumbList\",\"@id\":\"https:\\\/\\\/vmsport.fi\\\/verkkokauppa\\\/tarvikkeet\\\/lokasuojat\\\/etulokasuojat\\\/sks-etulokasuoja-shockblade-dark-2829\\\/#breadcrumb\",\"itemListElement\":[{\"@type\":\"ListItem\",\"position\":1,\"name\":\"Etusivu\",\"item\":\"https:\\\/\\\/vmsport.fi\\\/\"},{\"@type\":\"ListItem\",\"position\":2,\"name\":\"Online Store\",\"item\":\"https:\\\/\\\/vmsport.fi\\\/en\\\/online-store\\\/\"},{\"@type\":\"ListItem\",\"position\":3,\"name\":\"SKS Germany\",\"item\":\"https:\\\/\\\/vmsport.fi\\\/merkki\\\/sks-germany\\\/\"},{\"@type\":\"ListItem\",\"position\":4,\"name\":\"SKS Etulokasuoja Shockblade Dark 28&#8243;+29&#8243;\"}]},{\"@type\":\"WebSite\",\"@id\":\"https:\\\/\\\/vmsport.fi\\\/#website\",\"url\":\"https:\\\/\\\/vmsport.fi\\\/\",\"name\":\"Vmsport\",\"description\":\"Kaikki py\u00f6r\u00e4ilyyn yhdest\u00e4 paikasta\",\"publisher\":{\"@id\":\"https:\\\/\\\/vmsport.fi\\\/#organization\"},\"potentialAction\":[{\"@type\":\"SearchAction\",\"target\":{\"@type\":\"EntryPoint\",\"urlTemplate\":\"https:\\\/\\\/vmsport.fi\\\/?s={search_term_string}\"},\"query-input\":{\"@type\":\"PropertyValueSpecification\",\"valueRequired\":true,\"valueName\":\"search_term_string\"}}],\"inLanguage\":\"sv-SE\"},{\"@type\":\"Organization\",\"@id\":\"https:\\\/\\\/vmsport.fi\\\/#organization\",\"name\":\"Vmsport\",\"url\":\"https:\\\/\\\/vmsport.fi\\\/\",\"logo\":{\"@type\":\"ImageObject\",\"inLanguage\":\"sv-SE\",\"@id\":\"https:\\\/\\\/vmsport.fi\\\/#\\\/schema\\\/logo\\\/image\\\/\",\"url\":\"https:\\\/\\\/vmsport.fi\\\/wp-content\\\/uploads\\\/2024\\\/12\\\/vm_sport_RGB_horisontal-e1734526017575.png\",\"contentUrl\":\"https:\\\/\\\/vmsport.fi\\\/wp-content\\\/uploads\\\/2024\\\/12\\\/vm_sport_RGB_horisontal-e1734526017575.png\",\"width\":668,\"height\":85,\"caption\":\"Vmsport\"},\"image\":{\"@id\":\"https:\\\/\\\/vmsport.fi\\\/#\\\/schema\\\/logo\\\/image\\\/\"},\"sameAs\":[\"https:\\\/\\\/www.facebook.com\\\/Vmsport.fi\\\/\",\"https:\\\/\\\/www.instagram.com\\\/vmsport\\\/\"]}]}<\/script>\n<!-- \/ Yoast SEO plugin. -->","yoast_head_json":{"title":"SKS St\u00e4nksk\u00e4rm fram Shockblade Dark 28\"+29\" - VM Sport","robots":{"index":"index","follow":"follow","max-snippet":"max-snippet:-1","max-image-preview":"max-image-preview:large","max-video-preview":"max-video-preview:-1"},"canonical":"https:\/\/vmsport.fi\/sv\/webbutik\/tillbehor\/stankskarmar\/frontskydd\/sks-framre-stankskarm-shockblade-dark-2829\/","og_locale":"sv_SE","og_type":"article","og_title":"SKS Etulokasuoja Shockblade Dark 28\"+29\" - VM Sport","og_description":"SKS Etulokasuoja Shockblade Dark on tyylik\u00e4s ja toimiva lis\u00e4varuste polkupy\u00f6r\u00e4\u00e4si. T\u00e4m\u00e4 etulokasuoja on suunniteltu 28- ja 29-tuumaisille renkaille, mik\u00e4 tekee siit\u00e4 t\u00e4ydellisen valinnan monille eri py\u00f6r\u00e4malleille. Sen tumma design lis\u00e4\u00e4 py\u00f6r\u00e4si ulkon\u00e4k\u00f6\u00f6n visuaalista vetovoimaa samalla, kun lokasuoja suojaa tehokkaasti roiskeilta. Kest\u00e4v\u00e4n rakenteensa ansiosta lokasuoja on pitk\u00e4ik\u00e4inen, ja sen \u00e4lyk\u00e4s kiinnitysj\u00e4rjestelm\u00e4 mahdollistaa vaivattoman asennuksen. Oletko valmis [...]L\u00e4s mer \u2026 from SKS Etulokasuoja Shockblade Dark 28&#8243;+29&#8243;","og_url":"https:\/\/vmsport.fi\/sv\/webbutik\/tillbehor\/stankskarmar\/frontskydd\/sks-framre-stankskarm-shockblade-dark-2829\/","og_site_name":"VM Sport","article_publisher":"https:\/\/www.facebook.com\/Vmsport.fi\/","article_modified_time":"2026-04-24T10:28:12+00:00","og_image":[{"width":800,"height":800,"url":"https:\/\/vmsport.fi\/wp-content\/uploads\/2025\/03\/11452-5-1.jpg","type":"image\/jpeg"}],"twitter_card":"summary_large_image","schema":{"@context":"https:\/\/schema.org","@graph":[{"@type":["WebPage","ItemPage"],"@id":"https:\/\/vmsport.fi\/verkkokauppa\/tarvikkeet\/lokasuojat\/etulokasuojat\/sks-etulokasuoja-shockblade-dark-2829\/","url":"https:\/\/vmsport.fi\/verkkokauppa\/tarvikkeet\/lokasuojat\/etulokasuojat\/sks-etulokasuoja-shockblade-dark-2829\/","name":"SKS St\u00e4nksk\u00e4rm fram Shockblade Dark 28\"+29\" - VM Sport","isPartOf":{"@id":"https:\/\/vmsport.fi\/#website"},"primaryImageOfPage":{"@id":"https:\/\/vmsport.fi\/verkkokauppa\/tarvikkeet\/lokasuojat\/etulokasuojat\/sks-etulokasuoja-shockblade-dark-2829\/#primaryimage"},"image":{"@id":"https:\/\/vmsport.fi\/verkkokauppa\/tarvikkeet\/lokasuojat\/etulokasuojat\/sks-etulokasuoja-shockblade-dark-2829\/#primaryimage"},"thumbnailUrl":"https:\/\/vmsport.fi\/wp-content\/uploads\/2025\/03\/11452-5-1.jpg","datePublished":"2025-03-05T22:32:19+00:00","dateModified":"2026-04-24T10:28:12+00:00","breadcrumb":{"@id":"https:\/\/vmsport.fi\/verkkokauppa\/tarvikkeet\/lokasuojat\/etulokasuojat\/sks-etulokasuoja-shockblade-dark-2829\/#breadcrumb"},"inLanguage":"sv-SE","potentialAction":[{"@type":"ReadAction","target":["https:\/\/vmsport.fi\/verkkokauppa\/tarvikkeet\/lokasuojat\/etulokasuojat\/sks-etulokasuoja-shockblade-dark-2829\/"]}]},{"@type":"ImageObject","inLanguage":"sv-SE","@id":"https:\/\/vmsport.fi\/verkkokauppa\/tarvikkeet\/lokasuojat\/etulokasuojat\/sks-etulokasuoja-shockblade-dark-2829\/#primaryimage","url":"https:\/\/vmsport.fi\/wp-content\/uploads\/2025\/03\/11452-5-1.jpg","contentUrl":"https:\/\/vmsport.fi\/wp-content\/uploads\/2025\/03\/11452-5-1.jpg","width":800,"height":800,"caption":"11452-5"},{"@type":"BreadcrumbList","@id":"https:\/\/vmsport.fi\/verkkokauppa\/tarvikkeet\/lokasuojat\/etulokasuojat\/sks-etulokasuoja-shockblade-dark-2829\/#breadcrumb","itemListElement":[{"@type":"ListItem","position":1,"name":"Etusivu","item":"https:\/\/vmsport.fi\/"},{"@type":"ListItem","position":2,"name":"Online Store","item":"https:\/\/vmsport.fi\/en\/online-store\/"},{"@type":"ListItem","position":3,"name":"SKS Germany","item":"https:\/\/vmsport.fi\/merkki\/sks-germany\/"},{"@type":"ListItem","position":4,"name":"SKS Etulokasuoja Shockblade Dark 28&#8243;+29&#8243;"}]},{"@type":"WebSite","@id":"https:\/\/vmsport.fi\/#website","url":"https:\/\/vmsport.fi\/","name":"Vmsport","description":"Allt p\u00e5 ett st\u00e4lle f\u00f6r cykling","publisher":{"@id":"https:\/\/vmsport.fi\/#organization"},"potentialAction":[{"@type":"SearchAction","target":{"@type":"EntryPoint","urlTemplate":"https:\/\/vmsport.fi\/?s={search_term_string}"},"query-input":{"@type":"PropertyValueSpecification","valueRequired":true,"valueName":"search_term_string"}}],"inLanguage":"sv-SE"},{"@type":"Organization","@id":"https:\/\/vmsport.fi\/#organization","name":"Vmsport","url":"https:\/\/vmsport.fi\/","logo":{"@type":"ImageObject","inLanguage":"sv-SE","@id":"https:\/\/vmsport.fi\/#\/schema\/logo\/image\/","url":"https:\/\/vmsport.fi\/wp-content\/uploads\/2024\/12\/vm_sport_RGB_horisontal-e1734526017575.png","contentUrl":"https:\/\/vmsport.fi\/wp-content\/uploads\/2024\/12\/vm_sport_RGB_horisontal-e1734526017575.png","width":668,"height":85,"caption":"Vmsport"},"image":{"@id":"https:\/\/vmsport.fi\/#\/schema\/logo\/image\/"},"sameAs":["https:\/\/www.facebook.com\/Vmsport.fi\/","https:\/\/www.instagram.com\/vmsport\/"]}]}},"global_unique_id":"","_links":{"self":[{"href":"https:\/\/vmsport.fi\/sv\/wp-json\/wp\/v2\/product\/57430","targetHints":{"allow":["GET"]}}],"collection":[{"href":"https:\/\/vmsport.fi\/sv\/wp-json\/wp\/v2\/product"}],"about":[{"href":"https:\/\/vmsport.fi\/sv\/wp-json\/wp\/v2\/types\/product"}],"replies":[{"embeddable":true,"href":"https:\/\/vmsport.fi\/sv\/wp-json\/wp\/v2\/comments?post=57430"}],"wp:featuredmedia":[{"embeddable":true,"href":"https:\/\/vmsport.fi\/sv\/wp-json\/wp\/v2\/media\/57429"}],"wp:attachment":[{"href":"https:\/\/vmsport.fi\/sv\/wp-json\/wp\/v2\/media?parent=57430"}],"wp:term":[{"taxonomy":"product_brand","embeddable":true,"href":"https:\/\/vmsport.fi\/sv\/wp-json\/wp\/v2\/product_brand?post=57430"},{"taxonomy":"product_model","embeddable":true,"href":"https:\/\/vmsport.fi\/sv\/wp-json\/wp\/v2\/product_model?post=57430"},{"taxonomy":"product_cat","embeddable":true,"href":"https:\/\/vmsport.fi\/sv\/wp-json\/wp\/v2\/product_cat?post=57430"},{"taxonomy":"product_tag","embeddable":true,"href":"https:\/\/vmsport.fi\/sv\/wp-json\/wp\/v2\/product_tag?post=57430"},{"taxonomy":"industry_terminology","embeddable":true,"href":"https:\/\/vmsport.fi\/sv\/wp-json\/wp\/v2\/industry-terminology?post=57430"}],"curies":[{"name":"wp","href":"https:\/\/api.w.org\/{rel}","templated":true}]}}