{"id":57423,"date":"2025-03-06T00:32:16","date_gmt":"2025-03-05T22:32:16","guid":{"rendered":"https:\/\/vmsport.fi\/verkkokauppa\/Ei-luokiteltu\/ketjutyokalu-mlp-1-2-ketjun-pikaliittimen-aukaisuun\/"},"modified":"2026-03-25T02:00:24","modified_gmt":"2026-03-25T00:00:24","slug":"kedjenyckel-mlp-1-2-for-oppning-av-kedjans-snabblank","status":"publish","type":"product","link":"https:\/\/vmsport.fi\/sv\/verkkokauppa\/tarvikkeet\/tyokalut\/voimansiirtotyokalut\/ketjutyokalu-mlp-1-2-ketjun-pikaliittimen-aukaisuun\/","title":{"rendered":"Kedjeverktyg MLP-1.2 f\u00f6r att \u00f6ppna kedjans snabbl\u00e4nk"},"content":{"rendered":"<p>Kedjeverktyget MLP-1.2 \u00e4r ett mycket viktigt verktyg f\u00f6r att \u00f6ppna snabbkopplingen p\u00e5 en hjulkedja. Den ergonomiskt formade t\u00e5ngen g\u00f6r det enkelt att underh\u00e5lla kedjan eftersom den \u00e4r utformad f\u00f6r att p\u00e5skynda och f\u00f6renkla kedjeunderh\u00e5llet. Verktygets h\u00e5llbara konstruktion s\u00e4kerst\u00e4ller l\u00e5ng livsl\u00e4ngd och bidrar till att uppr\u00e4tth\u00e5lla cykelns topprestanda. Dess anv\u00e4ndarv\u00e4nlighet g\u00f6r den idealisk f\u00f6r b\u00e5de proffs och amat\u00f6rer som vill s\u00e4kerst\u00e4lla att deras cykelkedjor fungerar som de ska.<\/p>","protected":false},"excerpt":{"rendered":"<p>Ketjuty\u00f6kalu MLP-1.2 on eritt\u00e4in t\u00e4rke\u00e4 v\u00e4line py\u00f6r\u00e4n ketjun pikaliittimen avaamiseen. T\u00e4m\u00e4 ergonomisesti muotoiltu pihdit tarjoaa helpon tavan yll\u00e4pit\u00e4\u00e4 ketjua, sill\u00e4 sen tarkoituksena on nopeuttaa ja yksinkertaistaa ketjun huoltoa. Ty\u00f6kalun kest\u00e4v\u00e4 rakenne takaa sen pitk\u00e4ik\u00e4isyyden ja auttaa yll\u00e4pit\u00e4m\u00e4\u00e4n py\u00f6r\u00e4n huippusuorituskyky\u00e4. Helppok\u00e4ytt\u00f6isyytens\u00e4 vuoksi se sopii niin ammattilaisille kuin harrastajillekin, jotka haluavat varmistaa py\u00f6r\u00e4ns\u00e4 ketjujen moitteettoman toiminnan. [&#8230;]<\/p>\n<p><a class=\"btn btn-secondary understrap-read-more-link\" href=\"https:\/\/vmsport.fi\/sv\/verkkokauppa\/tarvikkeet\/tyokalut\/voimansiirtotyokalut\/ketjutyokalu-mlp-1-2-ketjun-pikaliittimen-aukaisuun\/\">L\u00e4s mer \u2026<span class=\"screen-reader-text\"> from Ketjuty\u00f6kalu MLP-1.2 ketjun pikaliittimen aukaisuun<\/span><\/a><\/p>\n","protected":false},"featured_media":57422,"comment_status":"open","ping_status":"closed","template":"","meta":{"_acf_changed":false,"_improvement_type_select":"improve_an_existing","_thumb_yes_seoaic":false,"_frame_yes_seoaic":false,"seoaic_generate_description":"","seoaic_improve_instructions_prompt":"","seoaic_rollback_content_improvement":"","seoaic_idea_thumbnail_generator":"","thumbnail_generated":false,"thumbnail_generate_prompt":"","seoaic_article_description":"","_supplier_stock_quantity":0},"product_brand":[],"product_model":[],"product_cat":[9342],"product_tag":[],"industry-terminology":[],"class_list":{"0":"post-57423","1":"product","2":"type-product","3":"status-publish","4":"has-post-thumbnail","6":"product_cat-voimansiirtotyokalut","8":"first","9":"instock","10":"taxable","11":"shipping-taxable","12":"purchasable","13":"product-type-simple"},"acf":{"bike_features":null,"overview":{"copy_overview":null,"key_features":null,"statement":"","youtube_url":""}},"yoast_head":"<!-- This site is optimized with the Yoast SEO plugin v27.3 - https:\/\/yoast.com\/product\/yoast-seo-wordpress\/ -->\n<title>Ketjuty\u00f6kalu MLP-1.2 ketjun pikaliittimen aukaisuun - VM Sport<\/title>\n<meta name=\"robots\" content=\"index, follow, max-snippet:-1, max-image-preview:large, max-video-preview:-1\" \/>\n<link rel=\"canonical\" href=\"https:\/\/vmsport.fi\/sv\/webbutik\/tillbehor\/tyokalut\/transmissionsfasten\/kedjenyckel-mlp-1-2-for-oppning-av-kedjans-snabblank\/\" \/>\n<meta property=\"og:locale\" content=\"sv_SE\" \/>\n<meta property=\"og:type\" content=\"article\" \/>\n<meta property=\"og:title\" content=\"Ketjuty\u00f6kalu MLP-1.2 ketjun pikaliittimen aukaisuun - VM Sport\" \/>\n<meta property=\"og:description\" content=\"Ketjuty\u00f6kalu MLP-1.2 on eritt\u00e4in t\u00e4rke\u00e4 v\u00e4line py\u00f6r\u00e4n ketjun pikaliittimen avaamiseen. T\u00e4m\u00e4 ergonomisesti muotoiltu pihdit tarjoaa helpon tavan yll\u00e4pit\u00e4\u00e4 ketjua, sill\u00e4 sen tarkoituksena on nopeuttaa ja yksinkertaistaa ketjun huoltoa. Ty\u00f6kalun kest\u00e4v\u00e4 rakenne takaa sen pitk\u00e4ik\u00e4isyyden ja auttaa yll\u00e4pit\u00e4m\u00e4\u00e4n py\u00f6r\u00e4n huippusuorituskyky\u00e4. Helppok\u00e4ytt\u00f6isyytens\u00e4 vuoksi se sopii niin ammattilaisille kuin harrastajillekin, jotka haluavat varmistaa py\u00f6r\u00e4ns\u00e4 ketjujen moitteettoman toiminnan. [...]L\u00e4s mer \u2026 from Ketjuty\u00f6kalu MLP-1.2 ketjun pikaliittimen aukaisuun\" \/>\n<meta property=\"og:url\" content=\"https:\/\/vmsport.fi\/sv\/webbutik\/tillbehor\/tyokalut\/transmissionsfasten\/kedjenyckel-mlp-1-2-for-oppning-av-kedjans-snabblank\/\" \/>\n<meta property=\"og:site_name\" content=\"VM Sport\" \/>\n<meta property=\"article:publisher\" content=\"https:\/\/www.facebook.com\/Vmsport.fi\/\" \/>\n<meta property=\"article:modified_time\" content=\"2026-03-25T00:00:24+00:00\" \/>\n<meta property=\"og:image\" content=\"https:\/\/vmsport.fi\/wp-content\/uploads\/2025\/03\/yQU7uNoy2vLkXqiRXJ0aTbuIj82m6iEwHy8BOK791lftgxR59e-1.jpg\" \/>\n\t<meta property=\"og:image:width\" content=\"600\" \/>\n\t<meta property=\"og:image:height\" content=\"600\" \/>\n\t<meta property=\"og:image:type\" content=\"image\/jpeg\" \/>\n<meta name=\"twitter:card\" content=\"summary_large_image\" \/>\n<script type=\"application\/ld+json\" class=\"yoast-schema-graph\">{\"@context\":\"https:\\\/\\\/schema.org\",\"@graph\":[{\"@type\":[\"WebPage\",\"ItemPage\"],\"@id\":\"https:\\\/\\\/vmsport.fi\\\/verkkokauppa\\\/tarvikkeet\\\/tyokalut\\\/voimansiirtotyokalut\\\/ketjutyokalu-mlp-1-2-ketjun-pikaliittimen-aukaisuun\\\/\",\"url\":\"https:\\\/\\\/vmsport.fi\\\/verkkokauppa\\\/tarvikkeet\\\/tyokalut\\\/voimansiirtotyokalut\\\/ketjutyokalu-mlp-1-2-ketjun-pikaliittimen-aukaisuun\\\/\",\"name\":\"Ketjuty\u00f6kalu MLP-1.2 ketjun pikaliittimen aukaisuun - VM Sport\",\"isPartOf\":{\"@id\":\"https:\\\/\\\/vmsport.fi\\\/#website\"},\"primaryImageOfPage\":{\"@id\":\"https:\\\/\\\/vmsport.fi\\\/verkkokauppa\\\/tarvikkeet\\\/tyokalut\\\/voimansiirtotyokalut\\\/ketjutyokalu-mlp-1-2-ketjun-pikaliittimen-aukaisuun\\\/#primaryimage\"},\"image\":{\"@id\":\"https:\\\/\\\/vmsport.fi\\\/verkkokauppa\\\/tarvikkeet\\\/tyokalut\\\/voimansiirtotyokalut\\\/ketjutyokalu-mlp-1-2-ketjun-pikaliittimen-aukaisuun\\\/#primaryimage\"},\"thumbnailUrl\":\"https:\\\/\\\/vmsport.fi\\\/wp-content\\\/uploads\\\/2025\\\/03\\\/yQU7uNoy2vLkXqiRXJ0aTbuIj82m6iEwHy8BOK791lftgxR59e-1.jpg\",\"datePublished\":\"2025-03-05T22:32:16+00:00\",\"dateModified\":\"2026-03-25T00:00:24+00:00\",\"breadcrumb\":{\"@id\":\"https:\\\/\\\/vmsport.fi\\\/verkkokauppa\\\/tarvikkeet\\\/tyokalut\\\/voimansiirtotyokalut\\\/ketjutyokalu-mlp-1-2-ketjun-pikaliittimen-aukaisuun\\\/#breadcrumb\"},\"inLanguage\":\"sv-SE\",\"potentialAction\":[{\"@type\":\"ReadAction\",\"target\":[\"https:\\\/\\\/vmsport.fi\\\/verkkokauppa\\\/tarvikkeet\\\/tyokalut\\\/voimansiirtotyokalut\\\/ketjutyokalu-mlp-1-2-ketjun-pikaliittimen-aukaisuun\\\/\"]}]},{\"@type\":\"ImageObject\",\"inLanguage\":\"sv-SE\",\"@id\":\"https:\\\/\\\/vmsport.fi\\\/verkkokauppa\\\/tarvikkeet\\\/tyokalut\\\/voimansiirtotyokalut\\\/ketjutyokalu-mlp-1-2-ketjun-pikaliittimen-aukaisuun\\\/#primaryimage\",\"url\":\"https:\\\/\\\/vmsport.fi\\\/wp-content\\\/uploads\\\/2025\\\/03\\\/yQU7uNoy2vLkXqiRXJ0aTbuIj82m6iEwHy8BOK791lftgxR59e-1.jpg\",\"contentUrl\":\"https:\\\/\\\/vmsport.fi\\\/wp-content\\\/uploads\\\/2025\\\/03\\\/yQU7uNoy2vLkXqiRXJ0aTbuIj82m6iEwHy8BOK791lftgxR59e-1.jpg\",\"width\":600,\"height\":600,\"caption\":\"yQU7uNoy2vLkXqiRXJ0aTbuIj82m6iEwHy8BOK791lftgxR59e\"},{\"@type\":\"BreadcrumbList\",\"@id\":\"https:\\\/\\\/vmsport.fi\\\/verkkokauppa\\\/tarvikkeet\\\/tyokalut\\\/voimansiirtotyokalut\\\/ketjutyokalu-mlp-1-2-ketjun-pikaliittimen-aukaisuun\\\/#breadcrumb\",\"itemListElement\":[{\"@type\":\"ListItem\",\"position\":1,\"name\":\"Etusivu\",\"item\":\"https:\\\/\\\/vmsport.fi\\\/\"},{\"@type\":\"ListItem\",\"position\":2,\"name\":\"Online Store\",\"item\":\"https:\\\/\\\/vmsport.fi\\\/en\\\/online-store\\\/\"},{\"@type\":\"ListItem\",\"position\":3,\"name\":\"Ketjuty\u00f6kalu MLP-1.2 ketjun pikaliittimen aukaisuun\"}]},{\"@type\":\"WebSite\",\"@id\":\"https:\\\/\\\/vmsport.fi\\\/#website\",\"url\":\"https:\\\/\\\/vmsport.fi\\\/\",\"name\":\"Vmsport\",\"description\":\"Kaikki py\u00f6r\u00e4ilyyn yhdest\u00e4 paikasta\",\"publisher\":{\"@id\":\"https:\\\/\\\/vmsport.fi\\\/#organization\"},\"potentialAction\":[{\"@type\":\"SearchAction\",\"target\":{\"@type\":\"EntryPoint\",\"urlTemplate\":\"https:\\\/\\\/vmsport.fi\\\/?s={search_term_string}\"},\"query-input\":{\"@type\":\"PropertyValueSpecification\",\"valueRequired\":true,\"valueName\":\"search_term_string\"}}],\"inLanguage\":\"sv-SE\"},{\"@type\":\"Organization\",\"@id\":\"https:\\\/\\\/vmsport.fi\\\/#organization\",\"name\":\"Vmsport\",\"url\":\"https:\\\/\\\/vmsport.fi\\\/\",\"logo\":{\"@type\":\"ImageObject\",\"inLanguage\":\"sv-SE\",\"@id\":\"https:\\\/\\\/vmsport.fi\\\/#\\\/schema\\\/logo\\\/image\\\/\",\"url\":\"https:\\\/\\\/vmsport.fi\\\/wp-content\\\/uploads\\\/2024\\\/12\\\/vm_sport_RGB_horisontal-e1734526017575.png\",\"contentUrl\":\"https:\\\/\\\/vmsport.fi\\\/wp-content\\\/uploads\\\/2024\\\/12\\\/vm_sport_RGB_horisontal-e1734526017575.png\",\"width\":668,\"height\":85,\"caption\":\"Vmsport\"},\"image\":{\"@id\":\"https:\\\/\\\/vmsport.fi\\\/#\\\/schema\\\/logo\\\/image\\\/\"},\"sameAs\":[\"https:\\\/\\\/www.facebook.com\\\/Vmsport.fi\\\/\",\"https:\\\/\\\/www.instagram.com\\\/vmsport\\\/\"]}]}<\/script>\n<!-- \/ Yoast SEO plugin. -->","yoast_head_json":{"title":"Kedjeverktyg MLP-1.2 f\u00f6r \u00f6ppning av kedjans snabbl\u00e4nk - VM Sport","robots":{"index":"index","follow":"follow","max-snippet":"max-snippet:-1","max-image-preview":"max-image-preview:large","max-video-preview":"max-video-preview:-1"},"canonical":"https:\/\/vmsport.fi\/sv\/webbutik\/tillbehor\/tyokalut\/transmissionsfasten\/kedjenyckel-mlp-1-2-for-oppning-av-kedjans-snabblank\/","og_locale":"sv_SE","og_type":"article","og_title":"Ketjuty\u00f6kalu MLP-1.2 ketjun pikaliittimen aukaisuun - VM Sport","og_description":"Ketjuty\u00f6kalu MLP-1.2 on eritt\u00e4in t\u00e4rke\u00e4 v\u00e4line py\u00f6r\u00e4n ketjun pikaliittimen avaamiseen. T\u00e4m\u00e4 ergonomisesti muotoiltu pihdit tarjoaa helpon tavan yll\u00e4pit\u00e4\u00e4 ketjua, sill\u00e4 sen tarkoituksena on nopeuttaa ja yksinkertaistaa ketjun huoltoa. Ty\u00f6kalun kest\u00e4v\u00e4 rakenne takaa sen pitk\u00e4ik\u00e4isyyden ja auttaa yll\u00e4pit\u00e4m\u00e4\u00e4n py\u00f6r\u00e4n huippusuorituskyky\u00e4. Helppok\u00e4ytt\u00f6isyytens\u00e4 vuoksi se sopii niin ammattilaisille kuin harrastajillekin, jotka haluavat varmistaa py\u00f6r\u00e4ns\u00e4 ketjujen moitteettoman toiminnan. [...]L\u00e4s mer \u2026 from Ketjuty\u00f6kalu MLP-1.2 ketjun pikaliittimen aukaisuun","og_url":"https:\/\/vmsport.fi\/sv\/webbutik\/tillbehor\/tyokalut\/transmissionsfasten\/kedjenyckel-mlp-1-2-for-oppning-av-kedjans-snabblank\/","og_site_name":"VM Sport","article_publisher":"https:\/\/www.facebook.com\/Vmsport.fi\/","article_modified_time":"2026-03-25T00:00:24+00:00","og_image":[{"width":600,"height":600,"url":"https:\/\/vmsport.fi\/wp-content\/uploads\/2025\/03\/yQU7uNoy2vLkXqiRXJ0aTbuIj82m6iEwHy8BOK791lftgxR59e-1.jpg","type":"image\/jpeg"}],"twitter_card":"summary_large_image","schema":{"@context":"https:\/\/schema.org","@graph":[{"@type":["WebPage","ItemPage"],"@id":"https:\/\/vmsport.fi\/verkkokauppa\/tarvikkeet\/tyokalut\/voimansiirtotyokalut\/ketjutyokalu-mlp-1-2-ketjun-pikaliittimen-aukaisuun\/","url":"https:\/\/vmsport.fi\/verkkokauppa\/tarvikkeet\/tyokalut\/voimansiirtotyokalut\/ketjutyokalu-mlp-1-2-ketjun-pikaliittimen-aukaisuun\/","name":"Kedjeverktyg MLP-1.2 f\u00f6r \u00f6ppning av kedjans snabbl\u00e4nk - VM Sport","isPartOf":{"@id":"https:\/\/vmsport.fi\/#website"},"primaryImageOfPage":{"@id":"https:\/\/vmsport.fi\/verkkokauppa\/tarvikkeet\/tyokalut\/voimansiirtotyokalut\/ketjutyokalu-mlp-1-2-ketjun-pikaliittimen-aukaisuun\/#primaryimage"},"image":{"@id":"https:\/\/vmsport.fi\/verkkokauppa\/tarvikkeet\/tyokalut\/voimansiirtotyokalut\/ketjutyokalu-mlp-1-2-ketjun-pikaliittimen-aukaisuun\/#primaryimage"},"thumbnailUrl":"https:\/\/vmsport.fi\/wp-content\/uploads\/2025\/03\/yQU7uNoy2vLkXqiRXJ0aTbuIj82m6iEwHy8BOK791lftgxR59e-1.jpg","datePublished":"2025-03-05T22:32:16+00:00","dateModified":"2026-03-25T00:00:24+00:00","breadcrumb":{"@id":"https:\/\/vmsport.fi\/verkkokauppa\/tarvikkeet\/tyokalut\/voimansiirtotyokalut\/ketjutyokalu-mlp-1-2-ketjun-pikaliittimen-aukaisuun\/#breadcrumb"},"inLanguage":"sv-SE","potentialAction":[{"@type":"ReadAction","target":["https:\/\/vmsport.fi\/verkkokauppa\/tarvikkeet\/tyokalut\/voimansiirtotyokalut\/ketjutyokalu-mlp-1-2-ketjun-pikaliittimen-aukaisuun\/"]}]},{"@type":"ImageObject","inLanguage":"sv-SE","@id":"https:\/\/vmsport.fi\/verkkokauppa\/tarvikkeet\/tyokalut\/voimansiirtotyokalut\/ketjutyokalu-mlp-1-2-ketjun-pikaliittimen-aukaisuun\/#primaryimage","url":"https:\/\/vmsport.fi\/wp-content\/uploads\/2025\/03\/yQU7uNoy2vLkXqiRXJ0aTbuIj82m6iEwHy8BOK791lftgxR59e-1.jpg","contentUrl":"https:\/\/vmsport.fi\/wp-content\/uploads\/2025\/03\/yQU7uNoy2vLkXqiRXJ0aTbuIj82m6iEwHy8BOK791lftgxR59e-1.jpg","width":600,"height":600,"caption":"yQU7uNoy2vLkXqiRXJ0aTbuIj82m6iEwHy8BOK791lftgxR59e"},{"@type":"BreadcrumbList","@id":"https:\/\/vmsport.fi\/verkkokauppa\/tarvikkeet\/tyokalut\/voimansiirtotyokalut\/ketjutyokalu-mlp-1-2-ketjun-pikaliittimen-aukaisuun\/#breadcrumb","itemListElement":[{"@type":"ListItem","position":1,"name":"Etusivu","item":"https:\/\/vmsport.fi\/"},{"@type":"ListItem","position":2,"name":"Online Store","item":"https:\/\/vmsport.fi\/en\/online-store\/"},{"@type":"ListItem","position":3,"name":"Ketjuty\u00f6kalu MLP-1.2 ketjun pikaliittimen aukaisuun"}]},{"@type":"WebSite","@id":"https:\/\/vmsport.fi\/#website","url":"https:\/\/vmsport.fi\/","name":"Vmsport","description":"Allt p\u00e5 ett st\u00e4lle f\u00f6r cykling","publisher":{"@id":"https:\/\/vmsport.fi\/#organization"},"potentialAction":[{"@type":"SearchAction","target":{"@type":"EntryPoint","urlTemplate":"https:\/\/vmsport.fi\/?s={search_term_string}"},"query-input":{"@type":"PropertyValueSpecification","valueRequired":true,"valueName":"search_term_string"}}],"inLanguage":"sv-SE"},{"@type":"Organization","@id":"https:\/\/vmsport.fi\/#organization","name":"Vmsport","url":"https:\/\/vmsport.fi\/","logo":{"@type":"ImageObject","inLanguage":"sv-SE","@id":"https:\/\/vmsport.fi\/#\/schema\/logo\/image\/","url":"https:\/\/vmsport.fi\/wp-content\/uploads\/2024\/12\/vm_sport_RGB_horisontal-e1734526017575.png","contentUrl":"https:\/\/vmsport.fi\/wp-content\/uploads\/2024\/12\/vm_sport_RGB_horisontal-e1734526017575.png","width":668,"height":85,"caption":"Vmsport"},"image":{"@id":"https:\/\/vmsport.fi\/#\/schema\/logo\/image\/"},"sameAs":["https:\/\/www.facebook.com\/Vmsport.fi\/","https:\/\/www.instagram.com\/vmsport\/"]}]}},"global_unique_id":"","_links":{"self":[{"href":"https:\/\/vmsport.fi\/sv\/wp-json\/wp\/v2\/product\/57423","targetHints":{"allow":["GET"]}}],"collection":[{"href":"https:\/\/vmsport.fi\/sv\/wp-json\/wp\/v2\/product"}],"about":[{"href":"https:\/\/vmsport.fi\/sv\/wp-json\/wp\/v2\/types\/product"}],"replies":[{"embeddable":true,"href":"https:\/\/vmsport.fi\/sv\/wp-json\/wp\/v2\/comments?post=57423"}],"wp:featuredmedia":[{"embeddable":true,"href":"https:\/\/vmsport.fi\/sv\/wp-json\/wp\/v2\/media\/57422"}],"wp:attachment":[{"href":"https:\/\/vmsport.fi\/sv\/wp-json\/wp\/v2\/media?parent=57423"}],"wp:term":[{"taxonomy":"product_brand","embeddable":true,"href":"https:\/\/vmsport.fi\/sv\/wp-json\/wp\/v2\/product_brand?post=57423"},{"taxonomy":"product_model","embeddable":true,"href":"https:\/\/vmsport.fi\/sv\/wp-json\/wp\/v2\/product_model?post=57423"},{"taxonomy":"product_cat","embeddable":true,"href":"https:\/\/vmsport.fi\/sv\/wp-json\/wp\/v2\/product_cat?post=57423"},{"taxonomy":"product_tag","embeddable":true,"href":"https:\/\/vmsport.fi\/sv\/wp-json\/wp\/v2\/product_tag?post=57423"},{"taxonomy":"industry_terminology","embeddable":true,"href":"https:\/\/vmsport.fi\/sv\/wp-json\/wp\/v2\/industry-terminology?post=57423"}],"curies":[{"name":"wp","href":"https:\/\/api.w.org\/{rel}","templated":true}]}}