{"id":57393,"date":"2025-03-06T00:31:58","date_gmt":"2025-03-05T22:31:58","guid":{"rendered":"https:\/\/vmsport.fi\/verkkokauppa\/Ei-luokiteltu\/vaihdevaijeri-mtb-road-100kpl-12mmx2100mm\/"},"modified":"2026-01-16T13:23:42","modified_gmt":"2026-01-16T11:23:42","slug":"vaxelkabel-mtb-landsvag-100st-12mmx2100mm","status":"publish","type":"product","link":"https:\/\/vmsport.fi\/sv\/verkkokauppa\/varaosat\/vaihteistot\/vaihdevaijerit-ja-vaijerikuoret\/vaihdevaijeri-mtb-road-100kpl-12mmx2100mm\/","title":{"rendered":"V\u00e4xelkabel MTB\/Road 100st, 1,2mmx2100mm"},"content":{"rendered":"<p>Shimanos ers\u00e4ttningskabel \u00e4r l\u00e4mplig f\u00f6r b\u00e5de landsv\u00e4gs- och terr\u00e4ngcyklar och levereras i en servicesats med 100 delar. Varje 1,2 mm tjock, 2100 mm l\u00e5ng st\u00e5lkabel \u00e4r l\u00e4mplig f\u00f6r de flesta ramar och v\u00e4xell\u00e5dor. Satsen \u00e4r s\u00e4rskilt utformad f\u00f6r verkst\u00e4der och servicebutiker.<\/p>","protected":false},"excerpt":{"rendered":"<p>100 kpl ter\u00e4svaijeria sopii sek\u00e4 MTB- ett\u00e4 maantiepy\u00f6riin. Suunniteltu huolto- ja ammattik\u00e4ytt\u00f6\u00f6n. 2100 mm pituus riitt\u00e4\u00e4 useimpiin runkoihin. [&#8230;]<\/p>\n<p><a class=\"btn btn-secondary understrap-read-more-link\" href=\"https:\/\/vmsport.fi\/sv\/verkkokauppa\/varaosat\/vaihteistot\/vaihdevaijerit-ja-vaijerikuoret\/vaihdevaijeri-mtb-road-100kpl-12mmx2100mm\/\">L\u00e4s mer \u2026<span class=\"screen-reader-text\"> from Vaihdevaijeri MTB\/Road 100kpl, 1,2mmx2100mm<\/span><\/a><\/p>\n","protected":false},"featured_media":57392,"comment_status":"open","ping_status":"closed","template":"","meta":{"_acf_changed":false,"_improvement_type_select":"improve_an_existing","_thumb_yes_seoaic":false,"_frame_yes_seoaic":false,"seoaic_generate_description":"","seoaic_improve_instructions_prompt":"","seoaic_rollback_content_improvement":"","seoaic_idea_thumbnail_generator":"","thumbnail_generated":false,"thumbnail_generate_prompt":"","seoaic_article_description":"","_supplier_stock_quantity":0},"product_brand":[],"product_model":[],"product_cat":[9386],"product_tag":[],"industry-terminology":[],"class_list":{"0":"post-57393","1":"product","2":"type-product","3":"status-publish","4":"has-post-thumbnail","6":"product_cat-vaihdevaijerit-ja-vaijerikuoret","8":"first","9":"outofstock","10":"taxable","11":"shipping-taxable","12":"product-type-simple"},"acf":{"bike_features":null,"overview":{"copy_overview":null,"key_features":null,"statement":"","youtube_url":""}},"yoast_head":"<!-- This site is optimized with the Yoast SEO plugin v27.3 - https:\/\/yoast.com\/product\/yoast-seo-wordpress\/ -->\n<title>Vaihdevaijeri MTB\/Road 100kpl, 1,2mmx2100mm - VM Sport<\/title>\n<meta name=\"robots\" content=\"index, follow, max-snippet:-1, max-image-preview:large, max-video-preview:-1\" \/>\n<link rel=\"canonical\" href=\"https:\/\/vmsport.fi\/sv\/webbutik\/reservdelar\/vaxellador\/vaxelkablar-och-kabelmantlar\/vaxelkabel-mtb-landsvag-100st-12mmx2100mm\/\" \/>\n<meta property=\"og:locale\" content=\"sv_SE\" \/>\n<meta property=\"og:type\" content=\"article\" \/>\n<meta property=\"og:title\" content=\"Vaihdevaijeri MTB\/Road 100kpl, 1,2mmx2100mm - VM Sport\" \/>\n<meta property=\"og:description\" content=\"100 kpl ter\u00e4svaijeria sopii sek\u00e4 MTB- ett\u00e4 maantiepy\u00f6riin. Suunniteltu huolto- ja ammattik\u00e4ytt\u00f6\u00f6n. 2100 mm pituus riitt\u00e4\u00e4 useimpiin runkoihin. [...]L\u00e4s mer \u2026 from Vaihdevaijeri MTB\/Road 100kpl, 1,2mmx2100mm\" \/>\n<meta property=\"og:url\" content=\"https:\/\/vmsport.fi\/sv\/webbutik\/reservdelar\/vaxellador\/vaxelkablar-och-kabelmantlar\/vaxelkabel-mtb-landsvag-100st-12mmx2100mm\/\" \/>\n<meta property=\"og:site_name\" content=\"VM Sport\" \/>\n<meta property=\"article:publisher\" content=\"https:\/\/www.facebook.com\/Vmsport.fi\/\" \/>\n<meta property=\"article:modified_time\" content=\"2026-01-16T11:23:42+00:00\" \/>\n<meta property=\"og:image\" content=\"https:\/\/vmsport.fi\/wp-content\/uploads\/2025\/03\/vUmicRqz9ARFgDAIST7Kdk6UHaoFeIYoiSGCihKeSAj0hr7zpg-1.jpg\" \/>\n\t<meta property=\"og:image:width\" content=\"600\" \/>\n\t<meta property=\"og:image:height\" content=\"600\" \/>\n\t<meta property=\"og:image:type\" content=\"image\/jpeg\" \/>\n<meta name=\"twitter:card\" content=\"summary_large_image\" \/>\n<script type=\"application\/ld+json\" class=\"yoast-schema-graph\">{\"@context\":\"https:\\\/\\\/schema.org\",\"@graph\":[{\"@type\":[\"WebPage\",\"ItemPage\"],\"@id\":\"https:\\\/\\\/vmsport.fi\\\/verkkokauppa\\\/varaosat\\\/vaihteistot\\\/vaihdevaijerit-ja-vaijerikuoret\\\/vaihdevaijeri-mtb-road-100kpl-12mmx2100mm\\\/\",\"url\":\"https:\\\/\\\/vmsport.fi\\\/verkkokauppa\\\/varaosat\\\/vaihteistot\\\/vaihdevaijerit-ja-vaijerikuoret\\\/vaihdevaijeri-mtb-road-100kpl-12mmx2100mm\\\/\",\"name\":\"Vaihdevaijeri MTB\\\/Road 100kpl, 1,2mmx2100mm - VM Sport\",\"isPartOf\":{\"@id\":\"https:\\\/\\\/vmsport.fi\\\/#website\"},\"primaryImageOfPage\":{\"@id\":\"https:\\\/\\\/vmsport.fi\\\/verkkokauppa\\\/varaosat\\\/vaihteistot\\\/vaihdevaijerit-ja-vaijerikuoret\\\/vaihdevaijeri-mtb-road-100kpl-12mmx2100mm\\\/#primaryimage\"},\"image\":{\"@id\":\"https:\\\/\\\/vmsport.fi\\\/verkkokauppa\\\/varaosat\\\/vaihteistot\\\/vaihdevaijerit-ja-vaijerikuoret\\\/vaihdevaijeri-mtb-road-100kpl-12mmx2100mm\\\/#primaryimage\"},\"thumbnailUrl\":\"https:\\\/\\\/vmsport.fi\\\/wp-content\\\/uploads\\\/2025\\\/03\\\/vUmicRqz9ARFgDAIST7Kdk6UHaoFeIYoiSGCihKeSAj0hr7zpg-1.jpg\",\"datePublished\":\"2025-03-05T22:31:58+00:00\",\"dateModified\":\"2026-01-16T11:23:42+00:00\",\"breadcrumb\":{\"@id\":\"https:\\\/\\\/vmsport.fi\\\/verkkokauppa\\\/varaosat\\\/vaihteistot\\\/vaihdevaijerit-ja-vaijerikuoret\\\/vaihdevaijeri-mtb-road-100kpl-12mmx2100mm\\\/#breadcrumb\"},\"inLanguage\":\"sv-SE\",\"potentialAction\":[{\"@type\":\"ReadAction\",\"target\":[\"https:\\\/\\\/vmsport.fi\\\/verkkokauppa\\\/varaosat\\\/vaihteistot\\\/vaihdevaijerit-ja-vaijerikuoret\\\/vaihdevaijeri-mtb-road-100kpl-12mmx2100mm\\\/\"]}]},{\"@type\":\"ImageObject\",\"inLanguage\":\"sv-SE\",\"@id\":\"https:\\\/\\\/vmsport.fi\\\/verkkokauppa\\\/varaosat\\\/vaihteistot\\\/vaihdevaijerit-ja-vaijerikuoret\\\/vaihdevaijeri-mtb-road-100kpl-12mmx2100mm\\\/#primaryimage\",\"url\":\"https:\\\/\\\/vmsport.fi\\\/wp-content\\\/uploads\\\/2025\\\/03\\\/vUmicRqz9ARFgDAIST7Kdk6UHaoFeIYoiSGCihKeSAj0hr7zpg-1.jpg\",\"contentUrl\":\"https:\\\/\\\/vmsport.fi\\\/wp-content\\\/uploads\\\/2025\\\/03\\\/vUmicRqz9ARFgDAIST7Kdk6UHaoFeIYoiSGCihKeSAj0hr7zpg-1.jpg\",\"width\":600,\"height\":600,\"caption\":\"vUmicRqz9ARFgDAIST7Kdk6UHaoFeIYoiSGCihKeSAj0hr7zpg\"},{\"@type\":\"BreadcrumbList\",\"@id\":\"https:\\\/\\\/vmsport.fi\\\/verkkokauppa\\\/varaosat\\\/vaihteistot\\\/vaihdevaijerit-ja-vaijerikuoret\\\/vaihdevaijeri-mtb-road-100kpl-12mmx2100mm\\\/#breadcrumb\",\"itemListElement\":[{\"@type\":\"ListItem\",\"position\":1,\"name\":\"Etusivu\",\"item\":\"https:\\\/\\\/vmsport.fi\\\/\"},{\"@type\":\"ListItem\",\"position\":2,\"name\":\"Online Store\",\"item\":\"https:\\\/\\\/vmsport.fi\\\/en\\\/online-store\\\/\"},{\"@type\":\"ListItem\",\"position\":3,\"name\":\"Vaihdevaijeri MTB\\\/Road 100kpl, 1,2mmx2100mm\"}]},{\"@type\":\"WebSite\",\"@id\":\"https:\\\/\\\/vmsport.fi\\\/#website\",\"url\":\"https:\\\/\\\/vmsport.fi\\\/\",\"name\":\"Vmsport\",\"description\":\"Kaikki py\u00f6r\u00e4ilyyn yhdest\u00e4 paikasta\",\"publisher\":{\"@id\":\"https:\\\/\\\/vmsport.fi\\\/#organization\"},\"potentialAction\":[{\"@type\":\"SearchAction\",\"target\":{\"@type\":\"EntryPoint\",\"urlTemplate\":\"https:\\\/\\\/vmsport.fi\\\/?s={search_term_string}\"},\"query-input\":{\"@type\":\"PropertyValueSpecification\",\"valueRequired\":true,\"valueName\":\"search_term_string\"}}],\"inLanguage\":\"sv-SE\"},{\"@type\":\"Organization\",\"@id\":\"https:\\\/\\\/vmsport.fi\\\/#organization\",\"name\":\"Vmsport\",\"url\":\"https:\\\/\\\/vmsport.fi\\\/\",\"logo\":{\"@type\":\"ImageObject\",\"inLanguage\":\"sv-SE\",\"@id\":\"https:\\\/\\\/vmsport.fi\\\/#\\\/schema\\\/logo\\\/image\\\/\",\"url\":\"https:\\\/\\\/vmsport.fi\\\/wp-content\\\/uploads\\\/2024\\\/12\\\/vm_sport_RGB_horisontal-e1734526017575.png\",\"contentUrl\":\"https:\\\/\\\/vmsport.fi\\\/wp-content\\\/uploads\\\/2024\\\/12\\\/vm_sport_RGB_horisontal-e1734526017575.png\",\"width\":668,\"height\":85,\"caption\":\"Vmsport\"},\"image\":{\"@id\":\"https:\\\/\\\/vmsport.fi\\\/#\\\/schema\\\/logo\\\/image\\\/\"},\"sameAs\":[\"https:\\\/\\\/www.facebook.com\\\/Vmsport.fi\\\/\",\"https:\\\/\\\/www.instagram.com\\\/vmsport\\\/\"]}]}<\/script>\n<!-- \/ Yoast SEO plugin. -->","yoast_head_json":{"title":"V\u00e4xelkabel MTB\/v\u00e4g 100st, 1,2mmx2100mm - VM Sport","robots":{"index":"index","follow":"follow","max-snippet":"max-snippet:-1","max-image-preview":"max-image-preview:large","max-video-preview":"max-video-preview:-1"},"canonical":"https:\/\/vmsport.fi\/sv\/webbutik\/reservdelar\/vaxellador\/vaxelkablar-och-kabelmantlar\/vaxelkabel-mtb-landsvag-100st-12mmx2100mm\/","og_locale":"sv_SE","og_type":"article","og_title":"Vaihdevaijeri MTB\/Road 100kpl, 1,2mmx2100mm - VM Sport","og_description":"100 kpl ter\u00e4svaijeria sopii sek\u00e4 MTB- ett\u00e4 maantiepy\u00f6riin. Suunniteltu huolto- ja ammattik\u00e4ytt\u00f6\u00f6n. 2100 mm pituus riitt\u00e4\u00e4 useimpiin runkoihin. [...]L\u00e4s mer \u2026 from Vaihdevaijeri MTB\/Road 100kpl, 1,2mmx2100mm","og_url":"https:\/\/vmsport.fi\/sv\/webbutik\/reservdelar\/vaxellador\/vaxelkablar-och-kabelmantlar\/vaxelkabel-mtb-landsvag-100st-12mmx2100mm\/","og_site_name":"VM Sport","article_publisher":"https:\/\/www.facebook.com\/Vmsport.fi\/","article_modified_time":"2026-01-16T11:23:42+00:00","og_image":[{"width":600,"height":600,"url":"https:\/\/vmsport.fi\/wp-content\/uploads\/2025\/03\/vUmicRqz9ARFgDAIST7Kdk6UHaoFeIYoiSGCihKeSAj0hr7zpg-1.jpg","type":"image\/jpeg"}],"twitter_card":"summary_large_image","schema":{"@context":"https:\/\/schema.org","@graph":[{"@type":["WebPage","ItemPage"],"@id":"https:\/\/vmsport.fi\/verkkokauppa\/varaosat\/vaihteistot\/vaihdevaijerit-ja-vaijerikuoret\/vaihdevaijeri-mtb-road-100kpl-12mmx2100mm\/","url":"https:\/\/vmsport.fi\/verkkokauppa\/varaosat\/vaihteistot\/vaihdevaijerit-ja-vaijerikuoret\/vaihdevaijeri-mtb-road-100kpl-12mmx2100mm\/","name":"V\u00e4xelkabel MTB\/v\u00e4g 100st, 1,2mmx2100mm - VM Sport","isPartOf":{"@id":"https:\/\/vmsport.fi\/#website"},"primaryImageOfPage":{"@id":"https:\/\/vmsport.fi\/verkkokauppa\/varaosat\/vaihteistot\/vaihdevaijerit-ja-vaijerikuoret\/vaihdevaijeri-mtb-road-100kpl-12mmx2100mm\/#primaryimage"},"image":{"@id":"https:\/\/vmsport.fi\/verkkokauppa\/varaosat\/vaihteistot\/vaihdevaijerit-ja-vaijerikuoret\/vaihdevaijeri-mtb-road-100kpl-12mmx2100mm\/#primaryimage"},"thumbnailUrl":"https:\/\/vmsport.fi\/wp-content\/uploads\/2025\/03\/vUmicRqz9ARFgDAIST7Kdk6UHaoFeIYoiSGCihKeSAj0hr7zpg-1.jpg","datePublished":"2025-03-05T22:31:58+00:00","dateModified":"2026-01-16T11:23:42+00:00","breadcrumb":{"@id":"https:\/\/vmsport.fi\/verkkokauppa\/varaosat\/vaihteistot\/vaihdevaijerit-ja-vaijerikuoret\/vaihdevaijeri-mtb-road-100kpl-12mmx2100mm\/#breadcrumb"},"inLanguage":"sv-SE","potentialAction":[{"@type":"ReadAction","target":["https:\/\/vmsport.fi\/verkkokauppa\/varaosat\/vaihteistot\/vaihdevaijerit-ja-vaijerikuoret\/vaihdevaijeri-mtb-road-100kpl-12mmx2100mm\/"]}]},{"@type":"ImageObject","inLanguage":"sv-SE","@id":"https:\/\/vmsport.fi\/verkkokauppa\/varaosat\/vaihteistot\/vaihdevaijerit-ja-vaijerikuoret\/vaihdevaijeri-mtb-road-100kpl-12mmx2100mm\/#primaryimage","url":"https:\/\/vmsport.fi\/wp-content\/uploads\/2025\/03\/vUmicRqz9ARFgDAIST7Kdk6UHaoFeIYoiSGCihKeSAj0hr7zpg-1.jpg","contentUrl":"https:\/\/vmsport.fi\/wp-content\/uploads\/2025\/03\/vUmicRqz9ARFgDAIST7Kdk6UHaoFeIYoiSGCihKeSAj0hr7zpg-1.jpg","width":600,"height":600,"caption":"vUmicRqz9ARFgDAIST7Kdk6UHaoFeIYoiSGCihKeSAj0hr7zpg"},{"@type":"BreadcrumbList","@id":"https:\/\/vmsport.fi\/verkkokauppa\/varaosat\/vaihteistot\/vaihdevaijerit-ja-vaijerikuoret\/vaihdevaijeri-mtb-road-100kpl-12mmx2100mm\/#breadcrumb","itemListElement":[{"@type":"ListItem","position":1,"name":"Etusivu","item":"https:\/\/vmsport.fi\/"},{"@type":"ListItem","position":2,"name":"Online Store","item":"https:\/\/vmsport.fi\/en\/online-store\/"},{"@type":"ListItem","position":3,"name":"Vaihdevaijeri MTB\/Road 100kpl, 1,2mmx2100mm"}]},{"@type":"WebSite","@id":"https:\/\/vmsport.fi\/#website","url":"https:\/\/vmsport.fi\/","name":"Vmsport","description":"Allt p\u00e5 ett st\u00e4lle f\u00f6r cykling","publisher":{"@id":"https:\/\/vmsport.fi\/#organization"},"potentialAction":[{"@type":"SearchAction","target":{"@type":"EntryPoint","urlTemplate":"https:\/\/vmsport.fi\/?s={search_term_string}"},"query-input":{"@type":"PropertyValueSpecification","valueRequired":true,"valueName":"search_term_string"}}],"inLanguage":"sv-SE"},{"@type":"Organization","@id":"https:\/\/vmsport.fi\/#organization","name":"Vmsport","url":"https:\/\/vmsport.fi\/","logo":{"@type":"ImageObject","inLanguage":"sv-SE","@id":"https:\/\/vmsport.fi\/#\/schema\/logo\/image\/","url":"https:\/\/vmsport.fi\/wp-content\/uploads\/2024\/12\/vm_sport_RGB_horisontal-e1734526017575.png","contentUrl":"https:\/\/vmsport.fi\/wp-content\/uploads\/2024\/12\/vm_sport_RGB_horisontal-e1734526017575.png","width":668,"height":85,"caption":"Vmsport"},"image":{"@id":"https:\/\/vmsport.fi\/#\/schema\/logo\/image\/"},"sameAs":["https:\/\/www.facebook.com\/Vmsport.fi\/","https:\/\/www.instagram.com\/vmsport\/"]}]}},"global_unique_id":"","_links":{"self":[{"href":"https:\/\/vmsport.fi\/sv\/wp-json\/wp\/v2\/product\/57393","targetHints":{"allow":["GET"]}}],"collection":[{"href":"https:\/\/vmsport.fi\/sv\/wp-json\/wp\/v2\/product"}],"about":[{"href":"https:\/\/vmsport.fi\/sv\/wp-json\/wp\/v2\/types\/product"}],"replies":[{"embeddable":true,"href":"https:\/\/vmsport.fi\/sv\/wp-json\/wp\/v2\/comments?post=57393"}],"wp:featuredmedia":[{"embeddable":true,"href":"https:\/\/vmsport.fi\/sv\/wp-json\/wp\/v2\/media\/57392"}],"wp:attachment":[{"href":"https:\/\/vmsport.fi\/sv\/wp-json\/wp\/v2\/media?parent=57393"}],"wp:term":[{"taxonomy":"product_brand","embeddable":true,"href":"https:\/\/vmsport.fi\/sv\/wp-json\/wp\/v2\/product_brand?post=57393"},{"taxonomy":"product_model","embeddable":true,"href":"https:\/\/vmsport.fi\/sv\/wp-json\/wp\/v2\/product_model?post=57393"},{"taxonomy":"product_cat","embeddable":true,"href":"https:\/\/vmsport.fi\/sv\/wp-json\/wp\/v2\/product_cat?post=57393"},{"taxonomy":"product_tag","embeddable":true,"href":"https:\/\/vmsport.fi\/sv\/wp-json\/wp\/v2\/product_tag?post=57393"},{"taxonomy":"industry_terminology","embeddable":true,"href":"https:\/\/vmsport.fi\/sv\/wp-json\/wp\/v2\/industry-terminology?post=57393"}],"curies":[{"name":"wp","href":"https:\/\/api.w.org\/{rel}","templated":true}]}}