{"id":57389,"date":"2025-03-06T00:31:57","date_gmt":"2025-03-05T22:31:57","guid":{"rendered":"https:\/\/vmsport.fi\/verkkokauppa\/Ei-luokiteltu\/str-tubeless-teippi-78mm-10-metria\/"},"modified":"2026-01-16T13:25:54","modified_gmt":"2026-01-16T11:25:54","slug":"str-slanglos-tejp-78mm-10-metria","status":"publish","type":"product","link":"https:\/\/vmsport.fi\/sv\/verkkokauppa\/renkaat\/tubeless-tarvikkeet\/tubeless-teipit\/str-tubeless-teippi-78mm-10-metria\/","title":{"rendered":"STR Tubeless-tejp 78mm 10 meter"},"content":{"rendered":"<p>STR Tubeless-tejp, med en bredd p\u00e5 78 mm och en l\u00e4ngd p\u00e5 10 meter, erbjuder en utm\u00e4rkt t\u00e4tningsl\u00f6sning. Tejpens sj\u00e4lvh\u00e4ftande yta ger en h\u00e5llbar och effektiv vidh\u00e4ftning till f\u00e4lgen, vilket g\u00f6r den s\u00e4rskilt l\u00e4mplig f\u00f6r slangl\u00f6sa system. Det slitstarka materialet ger en tillf\u00f6rlitlig t\u00e4tning, vilket sparar tid under d\u00e4ckmonteringen. Den praktiska bredden g\u00f6r den idealisk f\u00f6r olika typer av f\u00e4lgar, medan den tillr\u00e4ckliga l\u00e4ngden ger m\u00f6jlighet till flera anv\u00e4ndningsomr\u00e5den. Den h\u00e4r tejpen kombinerar praktisk funktion med noggrant utformad kvalitet.<\/p>","protected":false},"excerpt":{"rendered":"<p>STR Tubeless -teippi, jonka leveys on 78 mm ja pituus 10 metri\u00e4, tarjoaa erinomaisen ratkaisun tiivistykseen. Teipin liimapinta varmistaa kest\u00e4v\u00e4n ja tehokkaan kiinnittymisen vanteisiin, joten se sopii erityisesti tubeless-j\u00e4rjestelmille. Sen kest\u00e4v\u00e4 materiaali takaa luotettavan tiiviyden, mik\u00e4 s\u00e4\u00e4st\u00e4\u00e4 aikaa renkaiden asennusvaiheessa. K\u00e4tev\u00e4 leveys tekee siit\u00e4 ihanteellisen erityyppisille vanteille, kun taas riitt\u00e4v\u00e4 pituus mahdollistaa useamman k\u00e4ytt\u00f6kerran. T\u00e4ss\u00e4 [&#8230;]<\/p>\n<p><a class=\"btn btn-secondary understrap-read-more-link\" href=\"https:\/\/vmsport.fi\/sv\/verkkokauppa\/renkaat\/tubeless-tarvikkeet\/tubeless-teipit\/str-tubeless-teippi-78mm-10-metria\/\">L\u00e4s mer \u2026<span class=\"screen-reader-text\"> from STR Tubeless teippi 78mm 10 metri\u00e4<\/span><\/a><\/p>\n","protected":false},"featured_media":57388,"comment_status":"open","ping_status":"closed","template":"","meta":{"_acf_changed":false,"_improvement_type_select":"improve_an_existing","_thumb_yes_seoaic":false,"_frame_yes_seoaic":false,"seoaic_generate_description":"","seoaic_improve_instructions_prompt":"","seoaic_rollback_content_improvement":"","seoaic_idea_thumbnail_generator":"","thumbnail_generated":false,"thumbnail_generate_prompt":"","seoaic_article_description":"","_supplier_stock_quantity":0},"product_brand":[],"product_model":[],"product_cat":[9366],"product_tag":[],"industry-terminology":[],"class_list":{"0":"post-57389","1":"product","2":"type-product","3":"status-publish","4":"has-post-thumbnail","6":"product_cat-tubeless-teipit","8":"first","9":"outofstock","10":"taxable","11":"shipping-taxable","12":"product-type-simple"},"acf":{"bike_features":null,"overview":{"copy_overview":null,"key_features":null,"statement":"","youtube_url":""}},"yoast_head":"<!-- This site is optimized with the Yoast SEO plugin v27.3 - https:\/\/yoast.com\/product\/yoast-seo-wordpress\/ -->\n<title>STR Tubeless teippi 78mm 10 metri\u00e4 - VM Sport<\/title>\n<meta name=\"robots\" content=\"index, follow, max-snippet:-1, max-image-preview:large, max-video-preview:-1\" \/>\n<link rel=\"canonical\" href=\"https:\/\/vmsport.fi\/sv\/webbutik\/dack\/slanglosa-tillbehor\/slanglosa-band\/str-slanglos-tejp-78mm-10-metria\/\" \/>\n<meta property=\"og:locale\" content=\"sv_SE\" \/>\n<meta property=\"og:type\" content=\"article\" \/>\n<meta property=\"og:title\" content=\"STR Tubeless teippi 78mm 10 metri\u00e4 - VM Sport\" \/>\n<meta property=\"og:description\" content=\"STR Tubeless -teippi, jonka leveys on 78 mm ja pituus 10 metri\u00e4, tarjoaa erinomaisen ratkaisun tiivistykseen. Teipin liimapinta varmistaa kest\u00e4v\u00e4n ja tehokkaan kiinnittymisen vanteisiin, joten se sopii erityisesti tubeless-j\u00e4rjestelmille. Sen kest\u00e4v\u00e4 materiaali takaa luotettavan tiiviyden, mik\u00e4 s\u00e4\u00e4st\u00e4\u00e4 aikaa renkaiden asennusvaiheessa. K\u00e4tev\u00e4 leveys tekee siit\u00e4 ihanteellisen erityyppisille vanteille, kun taas riitt\u00e4v\u00e4 pituus mahdollistaa useamman k\u00e4ytt\u00f6kerran. T\u00e4ss\u00e4 [...]L\u00e4s mer \u2026 from STR Tubeless teippi 78mm 10 metri\u00e4\" \/>\n<meta property=\"og:url\" content=\"https:\/\/vmsport.fi\/sv\/webbutik\/dack\/slanglosa-tillbehor\/slanglosa-band\/str-slanglos-tejp-78mm-10-metria\/\" \/>\n<meta property=\"og:site_name\" content=\"VM Sport\" \/>\n<meta property=\"article:publisher\" content=\"https:\/\/www.facebook.com\/Vmsport.fi\/\" \/>\n<meta property=\"article:modified_time\" content=\"2026-01-16T11:25:54+00:00\" \/>\n<meta property=\"og:image\" content=\"https:\/\/vmsport.fi\/wp-content\/uploads\/2025\/03\/2002-SunRingle-Tubeless-teippi-STR-78mm-x-10m-1694165882-Haye-281-31724-K004-1.jpg\" \/>\n\t<meta property=\"og:image:width\" content=\"800\" \/>\n\t<meta property=\"og:image:height\" content=\"800\" \/>\n\t<meta property=\"og:image:type\" content=\"image\/jpeg\" \/>\n<meta name=\"twitter:card\" content=\"summary_large_image\" \/>\n<script type=\"application\/ld+json\" class=\"yoast-schema-graph\">{\"@context\":\"https:\\\/\\\/schema.org\",\"@graph\":[{\"@type\":[\"WebPage\",\"ItemPage\"],\"@id\":\"https:\\\/\\\/vmsport.fi\\\/verkkokauppa\\\/renkaat\\\/tubeless-tarvikkeet\\\/tubeless-teipit\\\/str-tubeless-teippi-78mm-10-metria\\\/\",\"url\":\"https:\\\/\\\/vmsport.fi\\\/verkkokauppa\\\/renkaat\\\/tubeless-tarvikkeet\\\/tubeless-teipit\\\/str-tubeless-teippi-78mm-10-metria\\\/\",\"name\":\"STR Tubeless teippi 78mm 10 metri\u00e4 - VM Sport\",\"isPartOf\":{\"@id\":\"https:\\\/\\\/vmsport.fi\\\/#website\"},\"primaryImageOfPage\":{\"@id\":\"https:\\\/\\\/vmsport.fi\\\/verkkokauppa\\\/renkaat\\\/tubeless-tarvikkeet\\\/tubeless-teipit\\\/str-tubeless-teippi-78mm-10-metria\\\/#primaryimage\"},\"image\":{\"@id\":\"https:\\\/\\\/vmsport.fi\\\/verkkokauppa\\\/renkaat\\\/tubeless-tarvikkeet\\\/tubeless-teipit\\\/str-tubeless-teippi-78mm-10-metria\\\/#primaryimage\"},\"thumbnailUrl\":\"https:\\\/\\\/vmsport.fi\\\/wp-content\\\/uploads\\\/2025\\\/03\\\/2002-SunRingle-Tubeless-teippi-STR-78mm-x-10m-1694165882-Haye-281-31724-K004-1.jpg\",\"datePublished\":\"2025-03-05T22:31:57+00:00\",\"dateModified\":\"2026-01-16T11:25:54+00:00\",\"breadcrumb\":{\"@id\":\"https:\\\/\\\/vmsport.fi\\\/verkkokauppa\\\/renkaat\\\/tubeless-tarvikkeet\\\/tubeless-teipit\\\/str-tubeless-teippi-78mm-10-metria\\\/#breadcrumb\"},\"inLanguage\":\"sv-SE\",\"potentialAction\":[{\"@type\":\"ReadAction\",\"target\":[\"https:\\\/\\\/vmsport.fi\\\/verkkokauppa\\\/renkaat\\\/tubeless-tarvikkeet\\\/tubeless-teipit\\\/str-tubeless-teippi-78mm-10-metria\\\/\"]}]},{\"@type\":\"ImageObject\",\"inLanguage\":\"sv-SE\",\"@id\":\"https:\\\/\\\/vmsport.fi\\\/verkkokauppa\\\/renkaat\\\/tubeless-tarvikkeet\\\/tubeless-teipit\\\/str-tubeless-teippi-78mm-10-metria\\\/#primaryimage\",\"url\":\"https:\\\/\\\/vmsport.fi\\\/wp-content\\\/uploads\\\/2025\\\/03\\\/2002-SunRingle-Tubeless-teippi-STR-78mm-x-10m-1694165882-Haye-281-31724-K004-1.jpg\",\"contentUrl\":\"https:\\\/\\\/vmsport.fi\\\/wp-content\\\/uploads\\\/2025\\\/03\\\/2002-SunRingle-Tubeless-teippi-STR-78mm-x-10m-1694165882-Haye-281-31724-K004-1.jpg\",\"width\":800,\"height\":800,\"caption\":\"2002-SunRingle-Tubeless-teippi-STR-78mm-x-10m-1694165882-Haye-281-31724-K004\"},{\"@type\":\"BreadcrumbList\",\"@id\":\"https:\\\/\\\/vmsport.fi\\\/verkkokauppa\\\/renkaat\\\/tubeless-tarvikkeet\\\/tubeless-teipit\\\/str-tubeless-teippi-78mm-10-metria\\\/#breadcrumb\",\"itemListElement\":[{\"@type\":\"ListItem\",\"position\":1,\"name\":\"Etusivu\",\"item\":\"https:\\\/\\\/vmsport.fi\\\/\"},{\"@type\":\"ListItem\",\"position\":2,\"name\":\"Online Store\",\"item\":\"https:\\\/\\\/vmsport.fi\\\/en\\\/online-store\\\/\"},{\"@type\":\"ListItem\",\"position\":3,\"name\":\"STR Tubeless teippi 78mm 10 metri\u00e4\"}]},{\"@type\":\"WebSite\",\"@id\":\"https:\\\/\\\/vmsport.fi\\\/#website\",\"url\":\"https:\\\/\\\/vmsport.fi\\\/\",\"name\":\"Vmsport\",\"description\":\"Kaikki py\u00f6r\u00e4ilyyn yhdest\u00e4 paikasta\",\"publisher\":{\"@id\":\"https:\\\/\\\/vmsport.fi\\\/#organization\"},\"potentialAction\":[{\"@type\":\"SearchAction\",\"target\":{\"@type\":\"EntryPoint\",\"urlTemplate\":\"https:\\\/\\\/vmsport.fi\\\/?s={search_term_string}\"},\"query-input\":{\"@type\":\"PropertyValueSpecification\",\"valueRequired\":true,\"valueName\":\"search_term_string\"}}],\"inLanguage\":\"sv-SE\"},{\"@type\":\"Organization\",\"@id\":\"https:\\\/\\\/vmsport.fi\\\/#organization\",\"name\":\"Vmsport\",\"url\":\"https:\\\/\\\/vmsport.fi\\\/\",\"logo\":{\"@type\":\"ImageObject\",\"inLanguage\":\"sv-SE\",\"@id\":\"https:\\\/\\\/vmsport.fi\\\/#\\\/schema\\\/logo\\\/image\\\/\",\"url\":\"https:\\\/\\\/vmsport.fi\\\/wp-content\\\/uploads\\\/2024\\\/12\\\/vm_sport_RGB_horisontal-e1734526017575.png\",\"contentUrl\":\"https:\\\/\\\/vmsport.fi\\\/wp-content\\\/uploads\\\/2024\\\/12\\\/vm_sport_RGB_horisontal-e1734526017575.png\",\"width\":668,\"height\":85,\"caption\":\"Vmsport\"},\"image\":{\"@id\":\"https:\\\/\\\/vmsport.fi\\\/#\\\/schema\\\/logo\\\/image\\\/\"},\"sameAs\":[\"https:\\\/\\\/www.facebook.com\\\/Vmsport.fi\\\/\",\"https:\\\/\\\/www.instagram.com\\\/vmsport\\\/\"]}]}<\/script>\n<!-- \/ Yoast SEO plugin. -->","yoast_head_json":{"title":"STR Tubeless-tejp 78mm 10 meter - VM Sport","robots":{"index":"index","follow":"follow","max-snippet":"max-snippet:-1","max-image-preview":"max-image-preview:large","max-video-preview":"max-video-preview:-1"},"canonical":"https:\/\/vmsport.fi\/sv\/webbutik\/dack\/slanglosa-tillbehor\/slanglosa-band\/str-slanglos-tejp-78mm-10-metria\/","og_locale":"sv_SE","og_type":"article","og_title":"STR Tubeless teippi 78mm 10 metri\u00e4 - VM Sport","og_description":"STR Tubeless -teippi, jonka leveys on 78 mm ja pituus 10 metri\u00e4, tarjoaa erinomaisen ratkaisun tiivistykseen. Teipin liimapinta varmistaa kest\u00e4v\u00e4n ja tehokkaan kiinnittymisen vanteisiin, joten se sopii erityisesti tubeless-j\u00e4rjestelmille. Sen kest\u00e4v\u00e4 materiaali takaa luotettavan tiiviyden, mik\u00e4 s\u00e4\u00e4st\u00e4\u00e4 aikaa renkaiden asennusvaiheessa. K\u00e4tev\u00e4 leveys tekee siit\u00e4 ihanteellisen erityyppisille vanteille, kun taas riitt\u00e4v\u00e4 pituus mahdollistaa useamman k\u00e4ytt\u00f6kerran. T\u00e4ss\u00e4 [...]L\u00e4s mer \u2026 from STR Tubeless teippi 78mm 10 metri\u00e4","og_url":"https:\/\/vmsport.fi\/sv\/webbutik\/dack\/slanglosa-tillbehor\/slanglosa-band\/str-slanglos-tejp-78mm-10-metria\/","og_site_name":"VM Sport","article_publisher":"https:\/\/www.facebook.com\/Vmsport.fi\/","article_modified_time":"2026-01-16T11:25:54+00:00","og_image":[{"width":800,"height":800,"url":"https:\/\/vmsport.fi\/wp-content\/uploads\/2025\/03\/2002-SunRingle-Tubeless-teippi-STR-78mm-x-10m-1694165882-Haye-281-31724-K004-1.jpg","type":"image\/jpeg"}],"twitter_card":"summary_large_image","schema":{"@context":"https:\/\/schema.org","@graph":[{"@type":["WebPage","ItemPage"],"@id":"https:\/\/vmsport.fi\/verkkokauppa\/renkaat\/tubeless-tarvikkeet\/tubeless-teipit\/str-tubeless-teippi-78mm-10-metria\/","url":"https:\/\/vmsport.fi\/verkkokauppa\/renkaat\/tubeless-tarvikkeet\/tubeless-teipit\/str-tubeless-teippi-78mm-10-metria\/","name":"STR Tubeless-tejp 78mm 10 meter - VM Sport","isPartOf":{"@id":"https:\/\/vmsport.fi\/#website"},"primaryImageOfPage":{"@id":"https:\/\/vmsport.fi\/verkkokauppa\/renkaat\/tubeless-tarvikkeet\/tubeless-teipit\/str-tubeless-teippi-78mm-10-metria\/#primaryimage"},"image":{"@id":"https:\/\/vmsport.fi\/verkkokauppa\/renkaat\/tubeless-tarvikkeet\/tubeless-teipit\/str-tubeless-teippi-78mm-10-metria\/#primaryimage"},"thumbnailUrl":"https:\/\/vmsport.fi\/wp-content\/uploads\/2025\/03\/2002-SunRingle-Tubeless-teippi-STR-78mm-x-10m-1694165882-Haye-281-31724-K004-1.jpg","datePublished":"2025-03-05T22:31:57+00:00","dateModified":"2026-01-16T11:25:54+00:00","breadcrumb":{"@id":"https:\/\/vmsport.fi\/verkkokauppa\/renkaat\/tubeless-tarvikkeet\/tubeless-teipit\/str-tubeless-teippi-78mm-10-metria\/#breadcrumb"},"inLanguage":"sv-SE","potentialAction":[{"@type":"ReadAction","target":["https:\/\/vmsport.fi\/verkkokauppa\/renkaat\/tubeless-tarvikkeet\/tubeless-teipit\/str-tubeless-teippi-78mm-10-metria\/"]}]},{"@type":"ImageObject","inLanguage":"sv-SE","@id":"https:\/\/vmsport.fi\/verkkokauppa\/renkaat\/tubeless-tarvikkeet\/tubeless-teipit\/str-tubeless-teippi-78mm-10-metria\/#primaryimage","url":"https:\/\/vmsport.fi\/wp-content\/uploads\/2025\/03\/2002-SunRingle-Tubeless-teippi-STR-78mm-x-10m-1694165882-Haye-281-31724-K004-1.jpg","contentUrl":"https:\/\/vmsport.fi\/wp-content\/uploads\/2025\/03\/2002-SunRingle-Tubeless-teippi-STR-78mm-x-10m-1694165882-Haye-281-31724-K004-1.jpg","width":800,"height":800,"caption":"2002-SunRingle-Tubeless-teippi-STR-78mm-x-10m-1694165882-Haye-281-31724-K004"},{"@type":"BreadcrumbList","@id":"https:\/\/vmsport.fi\/verkkokauppa\/renkaat\/tubeless-tarvikkeet\/tubeless-teipit\/str-tubeless-teippi-78mm-10-metria\/#breadcrumb","itemListElement":[{"@type":"ListItem","position":1,"name":"Etusivu","item":"https:\/\/vmsport.fi\/"},{"@type":"ListItem","position":2,"name":"Online Store","item":"https:\/\/vmsport.fi\/en\/online-store\/"},{"@type":"ListItem","position":3,"name":"STR Tubeless teippi 78mm 10 metri\u00e4"}]},{"@type":"WebSite","@id":"https:\/\/vmsport.fi\/#website","url":"https:\/\/vmsport.fi\/","name":"Vmsport","description":"Allt p\u00e5 ett st\u00e4lle f\u00f6r cykling","publisher":{"@id":"https:\/\/vmsport.fi\/#organization"},"potentialAction":[{"@type":"SearchAction","target":{"@type":"EntryPoint","urlTemplate":"https:\/\/vmsport.fi\/?s={search_term_string}"},"query-input":{"@type":"PropertyValueSpecification","valueRequired":true,"valueName":"search_term_string"}}],"inLanguage":"sv-SE"},{"@type":"Organization","@id":"https:\/\/vmsport.fi\/#organization","name":"Vmsport","url":"https:\/\/vmsport.fi\/","logo":{"@type":"ImageObject","inLanguage":"sv-SE","@id":"https:\/\/vmsport.fi\/#\/schema\/logo\/image\/","url":"https:\/\/vmsport.fi\/wp-content\/uploads\/2024\/12\/vm_sport_RGB_horisontal-e1734526017575.png","contentUrl":"https:\/\/vmsport.fi\/wp-content\/uploads\/2024\/12\/vm_sport_RGB_horisontal-e1734526017575.png","width":668,"height":85,"caption":"Vmsport"},"image":{"@id":"https:\/\/vmsport.fi\/#\/schema\/logo\/image\/"},"sameAs":["https:\/\/www.facebook.com\/Vmsport.fi\/","https:\/\/www.instagram.com\/vmsport\/"]}]}},"global_unique_id":"","_links":{"self":[{"href":"https:\/\/vmsport.fi\/sv\/wp-json\/wp\/v2\/product\/57389","targetHints":{"allow":["GET"]}}],"collection":[{"href":"https:\/\/vmsport.fi\/sv\/wp-json\/wp\/v2\/product"}],"about":[{"href":"https:\/\/vmsport.fi\/sv\/wp-json\/wp\/v2\/types\/product"}],"replies":[{"embeddable":true,"href":"https:\/\/vmsport.fi\/sv\/wp-json\/wp\/v2\/comments?post=57389"}],"wp:featuredmedia":[{"embeddable":true,"href":"https:\/\/vmsport.fi\/sv\/wp-json\/wp\/v2\/media\/57388"}],"wp:attachment":[{"href":"https:\/\/vmsport.fi\/sv\/wp-json\/wp\/v2\/media?parent=57389"}],"wp:term":[{"taxonomy":"product_brand","embeddable":true,"href":"https:\/\/vmsport.fi\/sv\/wp-json\/wp\/v2\/product_brand?post=57389"},{"taxonomy":"product_model","embeddable":true,"href":"https:\/\/vmsport.fi\/sv\/wp-json\/wp\/v2\/product_model?post=57389"},{"taxonomy":"product_cat","embeddable":true,"href":"https:\/\/vmsport.fi\/sv\/wp-json\/wp\/v2\/product_cat?post=57389"},{"taxonomy":"product_tag","embeddable":true,"href":"https:\/\/vmsport.fi\/sv\/wp-json\/wp\/v2\/product_tag?post=57389"},{"taxonomy":"industry_terminology","embeddable":true,"href":"https:\/\/vmsport.fi\/sv\/wp-json\/wp\/v2\/industry-terminology?post=57389"}],"curies":[{"name":"wp","href":"https:\/\/api.w.org\/{rel}","templated":true}]}}