{"id":57380,"date":"2025-03-06T00:31:52","date_gmt":"2025-03-05T22:31:52","guid":{"rendered":"https:\/\/vmsport.fi\/verkkokauppa\/Ei-luokiteltu\/trek-line-elite-flat-pedal-set-volt\/"},"modified":"2026-04-22T15:06:32","modified_gmt":"2026-04-22T12:06:32","slug":"trek-line-elite-flat-pedal-set-volt","status":"publish","type":"product","link":"https:\/\/vmsport.fi\/sv\/verkkokauppa\/varaosat\/polkimet\/flat-bmx-ja-dh-polkimet\/trek-line-elite-flat-pedal-set-volt\/","title":{"rendered":"Trek Line Elite Flat Pedal Set Volt"},"content":{"rendered":"<p>Trek Line Elite Flat Volt \u00e4r det perfekta valet f\u00f6r cykling och erbjuder utm\u00e4rkt grepp och h\u00e5llbarhet. Den halkfria ytan garanterar en s\u00e4ker cykeltur, medan den h\u00e5llbara konstruktionen garanterar en l\u00e5ng livsl\u00e4ngd. Tack vare sin l\u00e4tta konstruktion tillf\u00f6r dessa pedaler inte on\u00f6dig vikt till din cykel. Det \u00e4r ett utm\u00e4rkt val f\u00f6r alla som v\u00e4rdes\u00e4tter funktionalitet och tillf\u00f6rlitlighet i sin cykelutrustning.<\/p>","protected":false},"excerpt":{"rendered":"<p>Trek Line Elite Flat -poljinsarja Volt on t\u00e4ydellinen valinta py\u00f6r\u00e4ilyyn tarjoten erinomaisen pidon ja kest\u00e4vyyden. Luistamaton pinta varmistaa turvallisen ajon, ja kest\u00e4v\u00e4 rakenne takaa pitk\u00e4n k\u00e4ytt\u00f6i\u00e4n. Kevyen rakenteensa ansiosta n\u00e4m\u00e4 polkimet eiv\u00e4t tuo turhaa lis\u00e4painoa py\u00f6r\u00e4\u00e4n. Se on erinomainen valinta kaikille, jotka arvostavat toimivuutta ja luotettavuutta py\u00f6r\u00e4varusteissaan. [&#8230;]<\/p>\n<p><a class=\"btn btn-secondary understrap-read-more-link\" href=\"https:\/\/vmsport.fi\/sv\/verkkokauppa\/varaosat\/polkimet\/flat-bmx-ja-dh-polkimet\/trek-line-elite-flat-pedal-set-volt\/\">L\u00e4s mer \u2026<span class=\"screen-reader-text\"> from Trek Line Elite Flat Pedal Set Volt<\/span><\/a><\/p>\n","protected":false},"featured_media":57379,"comment_status":"open","ping_status":"closed","template":"","meta":{"_acf_changed":false,"_improvement_type_select":"improve_an_existing","_thumb_yes_seoaic":false,"_frame_yes_seoaic":false,"seoaic_generate_description":"","seoaic_improve_instructions_prompt":"","seoaic_rollback_content_improvement":"","seoaic_idea_thumbnail_generator":"","thumbnail_generated":false,"thumbnail_generate_prompt":"","seoaic_article_description":"","_supplier_stock_quantity":0},"product_brand":[37],"product_model":[],"product_cat":[9308],"product_tag":[],"industry-terminology":[],"class_list":{"0":"post-57380","1":"product","2":"type-product","3":"status-publish","4":"has-post-thumbnail","6":"product_brand-trek","7":"product_cat-flat-bmx-ja-dh-polkimet","9":"first","10":"instock","11":"taxable","12":"shipping-taxable","13":"purchasable","14":"product-type-simple"},"acf":{"bike_features":null,"overview":{"copy_overview":null,"key_features":null,"statement":"","youtube_url":""}},"yoast_head":"<!-- This site is optimized with the Yoast SEO plugin v27.4 - https:\/\/yoast.com\/product\/yoast-seo-wordpress\/ -->\n<title>Trek Line Elite Flat Pedal Set Volt - VM Sport<\/title>\n<meta name=\"robots\" content=\"index, follow, max-snippet:-1, max-image-preview:large, max-video-preview:-1\" \/>\n<link rel=\"canonical\" href=\"https:\/\/vmsport.fi\/sv\/webbutik\/reservdelar\/pedaler\/platta-bmx-och-dh-pedaler\/trek-line-elite-flat-pedal-set-volt\/\" \/>\n<meta property=\"og:locale\" content=\"sv_SE\" \/>\n<meta property=\"og:type\" content=\"article\" \/>\n<meta property=\"og:title\" content=\"Trek Line Elite Flat Pedal Set Volt - VM Sport\" \/>\n<meta property=\"og:description\" content=\"Trek Line Elite Flat -poljinsarja Volt on t\u00e4ydellinen valinta py\u00f6r\u00e4ilyyn tarjoten erinomaisen pidon ja kest\u00e4vyyden. Luistamaton pinta varmistaa turvallisen ajon, ja kest\u00e4v\u00e4 rakenne takaa pitk\u00e4n k\u00e4ytt\u00f6i\u00e4n. Kevyen rakenteensa ansiosta n\u00e4m\u00e4 polkimet eiv\u00e4t tuo turhaa lis\u00e4painoa py\u00f6r\u00e4\u00e4n. Se on erinomainen valinta kaikille, jotka arvostavat toimivuutta ja luotettavuutta py\u00f6r\u00e4varusteissaan. [...]L\u00e4s mer \u2026 from Trek Line Elite Flat Pedal Set Volt\" \/>\n<meta property=\"og:url\" content=\"https:\/\/vmsport.fi\/sv\/webbutik\/reservdelar\/pedaler\/platta-bmx-och-dh-pedaler\/trek-line-elite-flat-pedal-set-volt\/\" \/>\n<meta property=\"og:site_name\" content=\"VM Sport\" \/>\n<meta property=\"article:publisher\" content=\"https:\/\/www.facebook.com\/Vmsport.fi\/\" \/>\n<meta property=\"article:modified_time\" content=\"2026-04-22T12:06:32+00:00\" \/>\n<meta property=\"og:image\" content=\"https:\/\/vmsport.fi\/wp-content\/uploads\/2025\/03\/TrekLineEliteFlatPedal-41409-F-Primary-1.jpg\" \/>\n\t<meta property=\"og:image:width\" content=\"1000\" \/>\n\t<meta property=\"og:image:height\" content=\"750\" \/>\n\t<meta property=\"og:image:type\" content=\"image\/jpeg\" \/>\n<meta name=\"twitter:card\" content=\"summary_large_image\" \/>\n<script type=\"application\/ld+json\" class=\"yoast-schema-graph\">{\"@context\":\"https:\\\/\\\/schema.org\",\"@graph\":[{\"@type\":[\"WebPage\",\"ItemPage\"],\"@id\":\"https:\\\/\\\/vmsport.fi\\\/verkkokauppa\\\/varaosat\\\/polkimet\\\/flat-bmx-ja-dh-polkimet\\\/trek-line-elite-flat-pedal-set-volt\\\/\",\"url\":\"https:\\\/\\\/vmsport.fi\\\/verkkokauppa\\\/varaosat\\\/polkimet\\\/flat-bmx-ja-dh-polkimet\\\/trek-line-elite-flat-pedal-set-volt\\\/\",\"name\":\"Trek Line Elite Flat Pedal Set Volt - VM Sport\",\"isPartOf\":{\"@id\":\"https:\\\/\\\/vmsport.fi\\\/#website\"},\"primaryImageOfPage\":{\"@id\":\"https:\\\/\\\/vmsport.fi\\\/verkkokauppa\\\/varaosat\\\/polkimet\\\/flat-bmx-ja-dh-polkimet\\\/trek-line-elite-flat-pedal-set-volt\\\/#primaryimage\"},\"image\":{\"@id\":\"https:\\\/\\\/vmsport.fi\\\/verkkokauppa\\\/varaosat\\\/polkimet\\\/flat-bmx-ja-dh-polkimet\\\/trek-line-elite-flat-pedal-set-volt\\\/#primaryimage\"},\"thumbnailUrl\":\"https:\\\/\\\/vmsport.fi\\\/wp-content\\\/uploads\\\/2025\\\/03\\\/TrekLineEliteFlatPedal-41409-F-Primary-1.jpg\",\"datePublished\":\"2025-03-05T22:31:52+00:00\",\"dateModified\":\"2026-04-22T12:06:32+00:00\",\"breadcrumb\":{\"@id\":\"https:\\\/\\\/vmsport.fi\\\/verkkokauppa\\\/varaosat\\\/polkimet\\\/flat-bmx-ja-dh-polkimet\\\/trek-line-elite-flat-pedal-set-volt\\\/#breadcrumb\"},\"inLanguage\":\"sv-SE\",\"potentialAction\":[{\"@type\":\"ReadAction\",\"target\":[\"https:\\\/\\\/vmsport.fi\\\/verkkokauppa\\\/varaosat\\\/polkimet\\\/flat-bmx-ja-dh-polkimet\\\/trek-line-elite-flat-pedal-set-volt\\\/\"]}]},{\"@type\":\"ImageObject\",\"inLanguage\":\"sv-SE\",\"@id\":\"https:\\\/\\\/vmsport.fi\\\/verkkokauppa\\\/varaosat\\\/polkimet\\\/flat-bmx-ja-dh-polkimet\\\/trek-line-elite-flat-pedal-set-volt\\\/#primaryimage\",\"url\":\"https:\\\/\\\/vmsport.fi\\\/wp-content\\\/uploads\\\/2025\\\/03\\\/TrekLineEliteFlatPedal-41409-F-Primary-1.jpg\",\"contentUrl\":\"https:\\\/\\\/vmsport.fi\\\/wp-content\\\/uploads\\\/2025\\\/03\\\/TrekLineEliteFlatPedal-41409-F-Primary-1.jpg\",\"width\":1000,\"height\":750,\"caption\":\"TrekLineEliteFlatPedal-41409-F-Primary\"},{\"@type\":\"BreadcrumbList\",\"@id\":\"https:\\\/\\\/vmsport.fi\\\/verkkokauppa\\\/varaosat\\\/polkimet\\\/flat-bmx-ja-dh-polkimet\\\/trek-line-elite-flat-pedal-set-volt\\\/#breadcrumb\",\"itemListElement\":[{\"@type\":\"ListItem\",\"position\":1,\"name\":\"Etusivu\",\"item\":\"https:\\\/\\\/vmsport.fi\\\/\"},{\"@type\":\"ListItem\",\"position\":2,\"name\":\"Online Store\",\"item\":\"https:\\\/\\\/vmsport.fi\\\/en\\\/online-store\\\/\"},{\"@type\":\"ListItem\",\"position\":3,\"name\":\"Trek polkupy\u00f6r\u00e4t\",\"item\":\"https:\\\/\\\/vmsport.fi\\\/sv\\\/merkki\\\/trek\\\/\"},{\"@type\":\"ListItem\",\"position\":4,\"name\":\"Trek Line Elite Flat Pedal Set Volt\"}]},{\"@type\":\"WebSite\",\"@id\":\"https:\\\/\\\/vmsport.fi\\\/#website\",\"url\":\"https:\\\/\\\/vmsport.fi\\\/\",\"name\":\"Vmsport\",\"description\":\"Kaikki py\u00f6r\u00e4ilyyn yhdest\u00e4 paikasta\",\"publisher\":{\"@id\":\"https:\\\/\\\/vmsport.fi\\\/#organization\"},\"potentialAction\":[{\"@type\":\"SearchAction\",\"target\":{\"@type\":\"EntryPoint\",\"urlTemplate\":\"https:\\\/\\\/vmsport.fi\\\/?s={search_term_string}\"},\"query-input\":{\"@type\":\"PropertyValueSpecification\",\"valueRequired\":true,\"valueName\":\"search_term_string\"}}],\"inLanguage\":\"sv-SE\"},{\"@type\":\"Organization\",\"@id\":\"https:\\\/\\\/vmsport.fi\\\/#organization\",\"name\":\"Vmsport\",\"url\":\"https:\\\/\\\/vmsport.fi\\\/\",\"logo\":{\"@type\":\"ImageObject\",\"inLanguage\":\"sv-SE\",\"@id\":\"https:\\\/\\\/vmsport.fi\\\/#\\\/schema\\\/logo\\\/image\\\/\",\"url\":\"https:\\\/\\\/vmsport.fi\\\/wp-content\\\/uploads\\\/2024\\\/12\\\/vm_sport_RGB_horisontal-e1734526017575.png\",\"contentUrl\":\"https:\\\/\\\/vmsport.fi\\\/wp-content\\\/uploads\\\/2024\\\/12\\\/vm_sport_RGB_horisontal-e1734526017575.png\",\"width\":668,\"height\":85,\"caption\":\"Vmsport\"},\"image\":{\"@id\":\"https:\\\/\\\/vmsport.fi\\\/#\\\/schema\\\/logo\\\/image\\\/\"},\"sameAs\":[\"https:\\\/\\\/www.facebook.com\\\/Vmsport.fi\\\/\",\"https:\\\/\\\/www.instagram.com\\\/vmsport\\\/\"]}]}<\/script>\n<!-- \/ Yoast SEO plugin. -->","yoast_head_json":{"title":"Trek Line Elite Flat Pedal Set Volt - VM Sport","robots":{"index":"index","follow":"follow","max-snippet":"max-snippet:-1","max-image-preview":"max-image-preview:large","max-video-preview":"max-video-preview:-1"},"canonical":"https:\/\/vmsport.fi\/sv\/webbutik\/reservdelar\/pedaler\/platta-bmx-och-dh-pedaler\/trek-line-elite-flat-pedal-set-volt\/","og_locale":"sv_SE","og_type":"article","og_title":"Trek Line Elite Flat Pedal Set Volt - VM Sport","og_description":"Trek Line Elite Flat -poljinsarja Volt on t\u00e4ydellinen valinta py\u00f6r\u00e4ilyyn tarjoten erinomaisen pidon ja kest\u00e4vyyden. Luistamaton pinta varmistaa turvallisen ajon, ja kest\u00e4v\u00e4 rakenne takaa pitk\u00e4n k\u00e4ytt\u00f6i\u00e4n. Kevyen rakenteensa ansiosta n\u00e4m\u00e4 polkimet eiv\u00e4t tuo turhaa lis\u00e4painoa py\u00f6r\u00e4\u00e4n. Se on erinomainen valinta kaikille, jotka arvostavat toimivuutta ja luotettavuutta py\u00f6r\u00e4varusteissaan. [...]L\u00e4s mer \u2026 from Trek Line Elite Flat Pedal Set Volt","og_url":"https:\/\/vmsport.fi\/sv\/webbutik\/reservdelar\/pedaler\/platta-bmx-och-dh-pedaler\/trek-line-elite-flat-pedal-set-volt\/","og_site_name":"VM Sport","article_publisher":"https:\/\/www.facebook.com\/Vmsport.fi\/","article_modified_time":"2026-04-22T12:06:32+00:00","og_image":[{"width":1000,"height":750,"url":"https:\/\/vmsport.fi\/wp-content\/uploads\/2025\/03\/TrekLineEliteFlatPedal-41409-F-Primary-1.jpg","type":"image\/jpeg"}],"twitter_card":"summary_large_image","schema":{"@context":"https:\/\/schema.org","@graph":[{"@type":["WebPage","ItemPage"],"@id":"https:\/\/vmsport.fi\/verkkokauppa\/varaosat\/polkimet\/flat-bmx-ja-dh-polkimet\/trek-line-elite-flat-pedal-set-volt\/","url":"https:\/\/vmsport.fi\/verkkokauppa\/varaosat\/polkimet\/flat-bmx-ja-dh-polkimet\/trek-line-elite-flat-pedal-set-volt\/","name":"Trek Line Elite Flat Pedal Set Volt - VM Sport","isPartOf":{"@id":"https:\/\/vmsport.fi\/#website"},"primaryImageOfPage":{"@id":"https:\/\/vmsport.fi\/verkkokauppa\/varaosat\/polkimet\/flat-bmx-ja-dh-polkimet\/trek-line-elite-flat-pedal-set-volt\/#primaryimage"},"image":{"@id":"https:\/\/vmsport.fi\/verkkokauppa\/varaosat\/polkimet\/flat-bmx-ja-dh-polkimet\/trek-line-elite-flat-pedal-set-volt\/#primaryimage"},"thumbnailUrl":"https:\/\/vmsport.fi\/wp-content\/uploads\/2025\/03\/TrekLineEliteFlatPedal-41409-F-Primary-1.jpg","datePublished":"2025-03-05T22:31:52+00:00","dateModified":"2026-04-22T12:06:32+00:00","breadcrumb":{"@id":"https:\/\/vmsport.fi\/verkkokauppa\/varaosat\/polkimet\/flat-bmx-ja-dh-polkimet\/trek-line-elite-flat-pedal-set-volt\/#breadcrumb"},"inLanguage":"sv-SE","potentialAction":[{"@type":"ReadAction","target":["https:\/\/vmsport.fi\/verkkokauppa\/varaosat\/polkimet\/flat-bmx-ja-dh-polkimet\/trek-line-elite-flat-pedal-set-volt\/"]}]},{"@type":"ImageObject","inLanguage":"sv-SE","@id":"https:\/\/vmsport.fi\/verkkokauppa\/varaosat\/polkimet\/flat-bmx-ja-dh-polkimet\/trek-line-elite-flat-pedal-set-volt\/#primaryimage","url":"https:\/\/vmsport.fi\/wp-content\/uploads\/2025\/03\/TrekLineEliteFlatPedal-41409-F-Primary-1.jpg","contentUrl":"https:\/\/vmsport.fi\/wp-content\/uploads\/2025\/03\/TrekLineEliteFlatPedal-41409-F-Primary-1.jpg","width":1000,"height":750,"caption":"TrekLineEliteFlatPedal-41409-F-Primary"},{"@type":"BreadcrumbList","@id":"https:\/\/vmsport.fi\/verkkokauppa\/varaosat\/polkimet\/flat-bmx-ja-dh-polkimet\/trek-line-elite-flat-pedal-set-volt\/#breadcrumb","itemListElement":[{"@type":"ListItem","position":1,"name":"Etusivu","item":"https:\/\/vmsport.fi\/"},{"@type":"ListItem","position":2,"name":"Online Store","item":"https:\/\/vmsport.fi\/en\/online-store\/"},{"@type":"ListItem","position":3,"name":"Trek polkupy\u00f6r\u00e4t","item":"https:\/\/vmsport.fi\/sv\/merkki\/trek\/"},{"@type":"ListItem","position":4,"name":"Trek Line Elite Flat Pedal Set Volt"}]},{"@type":"WebSite","@id":"https:\/\/vmsport.fi\/#website","url":"https:\/\/vmsport.fi\/","name":"Vmsport","description":"Allt p\u00e5 ett st\u00e4lle f\u00f6r cykling","publisher":{"@id":"https:\/\/vmsport.fi\/#organization"},"potentialAction":[{"@type":"SearchAction","target":{"@type":"EntryPoint","urlTemplate":"https:\/\/vmsport.fi\/?s={search_term_string}"},"query-input":{"@type":"PropertyValueSpecification","valueRequired":true,"valueName":"search_term_string"}}],"inLanguage":"sv-SE"},{"@type":"Organization","@id":"https:\/\/vmsport.fi\/#organization","name":"Vmsport","url":"https:\/\/vmsport.fi\/","logo":{"@type":"ImageObject","inLanguage":"sv-SE","@id":"https:\/\/vmsport.fi\/#\/schema\/logo\/image\/","url":"https:\/\/vmsport.fi\/wp-content\/uploads\/2024\/12\/vm_sport_RGB_horisontal-e1734526017575.png","contentUrl":"https:\/\/vmsport.fi\/wp-content\/uploads\/2024\/12\/vm_sport_RGB_horisontal-e1734526017575.png","width":668,"height":85,"caption":"Vmsport"},"image":{"@id":"https:\/\/vmsport.fi\/#\/schema\/logo\/image\/"},"sameAs":["https:\/\/www.facebook.com\/Vmsport.fi\/","https:\/\/www.instagram.com\/vmsport\/"]}]}},"global_unique_id":"","_links":{"self":[{"href":"https:\/\/vmsport.fi\/sv\/wp-json\/wp\/v2\/product\/57380","targetHints":{"allow":["GET"]}}],"collection":[{"href":"https:\/\/vmsport.fi\/sv\/wp-json\/wp\/v2\/product"}],"about":[{"href":"https:\/\/vmsport.fi\/sv\/wp-json\/wp\/v2\/types\/product"}],"replies":[{"embeddable":true,"href":"https:\/\/vmsport.fi\/sv\/wp-json\/wp\/v2\/comments?post=57380"}],"wp:featuredmedia":[{"embeddable":true,"href":"https:\/\/vmsport.fi\/sv\/wp-json\/wp\/v2\/media\/57379"}],"wp:attachment":[{"href":"https:\/\/vmsport.fi\/sv\/wp-json\/wp\/v2\/media?parent=57380"}],"wp:term":[{"taxonomy":"product_brand","embeddable":true,"href":"https:\/\/vmsport.fi\/sv\/wp-json\/wp\/v2\/product_brand?post=57380"},{"taxonomy":"product_model","embeddable":true,"href":"https:\/\/vmsport.fi\/sv\/wp-json\/wp\/v2\/product_model?post=57380"},{"taxonomy":"product_cat","embeddable":true,"href":"https:\/\/vmsport.fi\/sv\/wp-json\/wp\/v2\/product_cat?post=57380"},{"taxonomy":"product_tag","embeddable":true,"href":"https:\/\/vmsport.fi\/sv\/wp-json\/wp\/v2\/product_tag?post=57380"},{"taxonomy":"industry_terminology","embeddable":true,"href":"https:\/\/vmsport.fi\/sv\/wp-json\/wp\/v2\/industry-terminology?post=57380"}],"curies":[{"name":"wp","href":"https:\/\/api.w.org\/{rel}","templated":true}]}}