{"id":57367,"date":"2025-03-06T00:31:39","date_gmt":"2025-03-05T22:31:39","guid":{"rendered":"https:\/\/vmsport.fi\/verkkokauppa\/Ei-luokiteltu\/galfer-mtb-disc-wave-fixed-180mm-110gr\/"},"modified":"2026-01-16T13:23:32","modified_gmt":"2026-01-16T11:23:32","slug":"galfer-mtb-skiva-wave-fast-180mm-110gr","status":"publish","type":"product","link":"https:\/\/vmsport.fi\/sv\/verkkokauppa\/varaosat\/jarrut\/jarrulevyt\/galfer-mtb-disc-wave-fixed-180mm-110gr\/","title":{"rendered":"Galfer MTB Disc Wave Fast 180mm 110gr."},"content":{"rendered":"<p>Galfers MTB-legerade bromsskiva \u00e4r solid och erbjuder utm\u00e4rkt bromsprestanda och tillf\u00f6rlitlighet f\u00f6r kr\u00e4vande mountainbikecykling. Rotorn, med en diameter p\u00e5 180 mm och en vikt p\u00e5 endast 110 gram, m\u00f6jligg\u00f6r effektiva stopp tack vare sin l\u00e4tta konstruktion. Den noggrant utformade korrugerade formen hj\u00e4lper till att kontrollera v\u00e4rmen, vilket f\u00f6rb\u00e4ttrar prestandan, s\u00e4rskilt i l\u00e5nga nedf\u00f6rsbackar. Den fasta monteringen s\u00e4kerst\u00e4ller stabilitet f\u00f6r balanserad och konsekvent bromsning.<\/p>","protected":false},"excerpt":{"rendered":"<p>Galferin MTB-aallotettu jarrulevy on kiinte\u00e4 ja tarjoilee erinomaisen jarrutustehon sek\u00e4 luotettavuuden vaativaan maastopy\u00f6r\u00e4ilyyn. Roottori, jonka halkaisija on 180 mm ja paino vain 110 grammaa, mahdollistaa kevyen rakenteensa ansiosta tehokkaan pys\u00e4htymisen. Tarkasti suunniteltu aallotettu muoto auttaa hallitsemaan l\u00e4mp\u00f6\u00e4, mik\u00e4 parantaa suorituskyky\u00e4 erityisesti pitkill\u00e4 alam\u00e4ill\u00e4. Kiinte\u00e4 asennus takaa vakauden, jolloin jarrutus on tasapainoista ja johdonmukaista. [&#8230;]<\/p>\n<p><a class=\"btn btn-secondary understrap-read-more-link\" href=\"https:\/\/vmsport.fi\/sv\/verkkokauppa\/varaosat\/jarrut\/jarrulevyt\/galfer-mtb-disc-wave-fixed-180mm-110gr\/\">L\u00e4s mer \u2026<span class=\"screen-reader-text\"> from Galfer MTB Disc Wave Fixed 180mm 110gr.<\/span><\/a><\/p>\n","protected":false},"featured_media":57366,"comment_status":"open","ping_status":"closed","template":"","meta":{"_acf_changed":false,"_improvement_type_select":"improve_an_existing","_thumb_yes_seoaic":false,"_frame_yes_seoaic":false,"seoaic_generate_description":"","seoaic_improve_instructions_prompt":"","seoaic_rollback_content_improvement":"","seoaic_idea_thumbnail_generator":"","thumbnail_generated":false,"thumbnail_generate_prompt":"","seoaic_article_description":"","_supplier_stock_quantity":0},"product_brand":[],"product_model":[],"product_cat":[9340],"product_tag":[],"industry-terminology":[],"class_list":{"0":"post-57367","1":"product","2":"type-product","3":"status-publish","4":"has-post-thumbnail","6":"product_cat-jarrulevyt","8":"first","9":"outofstock","10":"taxable","11":"shipping-taxable","12":"product-type-simple"},"acf":{"bike_features":null,"overview":{"copy_overview":null,"key_features":null,"statement":"","youtube_url":""}},"yoast_head":"<!-- This site is optimized with the Yoast SEO plugin v27.3 - https:\/\/yoast.com\/product\/yoast-seo-wordpress\/ -->\n<title>Galfer MTB Disc Wave Fixed 180mm 110gr. - VM Sport<\/title>\n<meta name=\"robots\" content=\"index, follow, max-snippet:-1, max-image-preview:large, max-video-preview:-1\" \/>\n<link rel=\"canonical\" href=\"https:\/\/vmsport.fi\/sv\/webbutik\/reservdelar\/bromsar\/bromsskivor\/galfer-mtb-skiva-wave-fast-180mm-110gr\/\" \/>\n<meta property=\"og:locale\" content=\"sv_SE\" \/>\n<meta property=\"og:type\" content=\"article\" \/>\n<meta property=\"og:title\" content=\"Galfer MTB Disc Wave Fixed 180mm 110gr. - VM Sport\" \/>\n<meta property=\"og:description\" content=\"Galferin MTB-aallotettu jarrulevy on kiinte\u00e4 ja tarjoilee erinomaisen jarrutustehon sek\u00e4 luotettavuuden vaativaan maastopy\u00f6r\u00e4ilyyn. Roottori, jonka halkaisija on 180 mm ja paino vain 110 grammaa, mahdollistaa kevyen rakenteensa ansiosta tehokkaan pys\u00e4htymisen. Tarkasti suunniteltu aallotettu muoto auttaa hallitsemaan l\u00e4mp\u00f6\u00e4, mik\u00e4 parantaa suorituskyky\u00e4 erityisesti pitkill\u00e4 alam\u00e4ill\u00e4. Kiinte\u00e4 asennus takaa vakauden, jolloin jarrutus on tasapainoista ja johdonmukaista. [...]L\u00e4s mer \u2026 from Galfer MTB Disc Wave Fixed 180mm 110gr.\" \/>\n<meta property=\"og:url\" content=\"https:\/\/vmsport.fi\/sv\/webbutik\/reservdelar\/bromsar\/bromsskivor\/galfer-mtb-skiva-wave-fast-180mm-110gr\/\" \/>\n<meta property=\"og:site_name\" content=\"VM Sport\" \/>\n<meta property=\"article:publisher\" content=\"https:\/\/www.facebook.com\/Vmsport.fi\/\" \/>\n<meta property=\"article:modified_time\" content=\"2026-01-16T11:23:32+00:00\" \/>\n<meta property=\"og:image\" content=\"https:\/\/vmsport.fi\/wp-content\/uploads\/2025\/03\/Galfer-MTB-Disc-Wave-Fiexed-180mm-110gr-1.jpg\" \/>\n\t<meta property=\"og:image:width\" content=\"500\" \/>\n\t<meta property=\"og:image:height\" content=\"500\" \/>\n\t<meta property=\"og:image:type\" content=\"image\/jpeg\" \/>\n<meta name=\"twitter:card\" content=\"summary_large_image\" \/>\n<script type=\"application\/ld+json\" class=\"yoast-schema-graph\">{\"@context\":\"https:\\\/\\\/schema.org\",\"@graph\":[{\"@type\":[\"WebPage\",\"ItemPage\"],\"@id\":\"https:\\\/\\\/vmsport.fi\\\/verkkokauppa\\\/varaosat\\\/jarrut\\\/jarrulevyt\\\/galfer-mtb-disc-wave-fixed-180mm-110gr\\\/\",\"url\":\"https:\\\/\\\/vmsport.fi\\\/verkkokauppa\\\/varaosat\\\/jarrut\\\/jarrulevyt\\\/galfer-mtb-disc-wave-fixed-180mm-110gr\\\/\",\"name\":\"Galfer MTB Disc Wave Fixed 180mm 110gr. - VM Sport\",\"isPartOf\":{\"@id\":\"https:\\\/\\\/vmsport.fi\\\/#website\"},\"primaryImageOfPage\":{\"@id\":\"https:\\\/\\\/vmsport.fi\\\/verkkokauppa\\\/varaosat\\\/jarrut\\\/jarrulevyt\\\/galfer-mtb-disc-wave-fixed-180mm-110gr\\\/#primaryimage\"},\"image\":{\"@id\":\"https:\\\/\\\/vmsport.fi\\\/verkkokauppa\\\/varaosat\\\/jarrut\\\/jarrulevyt\\\/galfer-mtb-disc-wave-fixed-180mm-110gr\\\/#primaryimage\"},\"thumbnailUrl\":\"https:\\\/\\\/vmsport.fi\\\/wp-content\\\/uploads\\\/2025\\\/03\\\/Galfer-MTB-Disc-Wave-Fiexed-180mm-110gr-1.jpg\",\"datePublished\":\"2025-03-05T22:31:39+00:00\",\"dateModified\":\"2026-01-16T11:23:32+00:00\",\"breadcrumb\":{\"@id\":\"https:\\\/\\\/vmsport.fi\\\/verkkokauppa\\\/varaosat\\\/jarrut\\\/jarrulevyt\\\/galfer-mtb-disc-wave-fixed-180mm-110gr\\\/#breadcrumb\"},\"inLanguage\":\"sv-SE\",\"potentialAction\":[{\"@type\":\"ReadAction\",\"target\":[\"https:\\\/\\\/vmsport.fi\\\/verkkokauppa\\\/varaosat\\\/jarrut\\\/jarrulevyt\\\/galfer-mtb-disc-wave-fixed-180mm-110gr\\\/\"]}]},{\"@type\":\"ImageObject\",\"inLanguage\":\"sv-SE\",\"@id\":\"https:\\\/\\\/vmsport.fi\\\/verkkokauppa\\\/varaosat\\\/jarrut\\\/jarrulevyt\\\/galfer-mtb-disc-wave-fixed-180mm-110gr\\\/#primaryimage\",\"url\":\"https:\\\/\\\/vmsport.fi\\\/wp-content\\\/uploads\\\/2025\\\/03\\\/Galfer-MTB-Disc-Wave-Fiexed-180mm-110gr-1.jpg\",\"contentUrl\":\"https:\\\/\\\/vmsport.fi\\\/wp-content\\\/uploads\\\/2025\\\/03\\\/Galfer-MTB-Disc-Wave-Fiexed-180mm-110gr-1.jpg\",\"width\":500,\"height\":500,\"caption\":\"Galfer-MTB-Disc-Wave-Fiexed-180mm-110gr\"},{\"@type\":\"BreadcrumbList\",\"@id\":\"https:\\\/\\\/vmsport.fi\\\/verkkokauppa\\\/varaosat\\\/jarrut\\\/jarrulevyt\\\/galfer-mtb-disc-wave-fixed-180mm-110gr\\\/#breadcrumb\",\"itemListElement\":[{\"@type\":\"ListItem\",\"position\":1,\"name\":\"Etusivu\",\"item\":\"https:\\\/\\\/vmsport.fi\\\/\"},{\"@type\":\"ListItem\",\"position\":2,\"name\":\"Online Store\",\"item\":\"https:\\\/\\\/vmsport.fi\\\/en\\\/online-store\\\/\"},{\"@type\":\"ListItem\",\"position\":3,\"name\":\"Galfer MTB Disc Wave Fixed 180mm 110gr.\"}]},{\"@type\":\"WebSite\",\"@id\":\"https:\\\/\\\/vmsport.fi\\\/#website\",\"url\":\"https:\\\/\\\/vmsport.fi\\\/\",\"name\":\"Vmsport\",\"description\":\"Kaikki py\u00f6r\u00e4ilyyn yhdest\u00e4 paikasta\",\"publisher\":{\"@id\":\"https:\\\/\\\/vmsport.fi\\\/#organization\"},\"potentialAction\":[{\"@type\":\"SearchAction\",\"target\":{\"@type\":\"EntryPoint\",\"urlTemplate\":\"https:\\\/\\\/vmsport.fi\\\/?s={search_term_string}\"},\"query-input\":{\"@type\":\"PropertyValueSpecification\",\"valueRequired\":true,\"valueName\":\"search_term_string\"}}],\"inLanguage\":\"sv-SE\"},{\"@type\":\"Organization\",\"@id\":\"https:\\\/\\\/vmsport.fi\\\/#organization\",\"name\":\"Vmsport\",\"url\":\"https:\\\/\\\/vmsport.fi\\\/\",\"logo\":{\"@type\":\"ImageObject\",\"inLanguage\":\"sv-SE\",\"@id\":\"https:\\\/\\\/vmsport.fi\\\/#\\\/schema\\\/logo\\\/image\\\/\",\"url\":\"https:\\\/\\\/vmsport.fi\\\/wp-content\\\/uploads\\\/2024\\\/12\\\/vm_sport_RGB_horisontal-e1734526017575.png\",\"contentUrl\":\"https:\\\/\\\/vmsport.fi\\\/wp-content\\\/uploads\\\/2024\\\/12\\\/vm_sport_RGB_horisontal-e1734526017575.png\",\"width\":668,\"height\":85,\"caption\":\"Vmsport\"},\"image\":{\"@id\":\"https:\\\/\\\/vmsport.fi\\\/#\\\/schema\\\/logo\\\/image\\\/\"},\"sameAs\":[\"https:\\\/\\\/www.facebook.com\\\/Vmsport.fi\\\/\",\"https:\\\/\\\/www.instagram.com\\\/vmsport\\\/\"]}]}<\/script>\n<!-- \/ Yoast SEO plugin. -->","yoast_head_json":{"title":"Galfer MTB-skiva Wave Fixed 180mm 110gr - VM Sport","robots":{"index":"index","follow":"follow","max-snippet":"max-snippet:-1","max-image-preview":"max-image-preview:large","max-video-preview":"max-video-preview:-1"},"canonical":"https:\/\/vmsport.fi\/sv\/webbutik\/reservdelar\/bromsar\/bromsskivor\/galfer-mtb-skiva-wave-fast-180mm-110gr\/","og_locale":"sv_SE","og_type":"article","og_title":"Galfer MTB Disc Wave Fixed 180mm 110gr. - VM Sport","og_description":"Galferin MTB-aallotettu jarrulevy on kiinte\u00e4 ja tarjoilee erinomaisen jarrutustehon sek\u00e4 luotettavuuden vaativaan maastopy\u00f6r\u00e4ilyyn. Roottori, jonka halkaisija on 180 mm ja paino vain 110 grammaa, mahdollistaa kevyen rakenteensa ansiosta tehokkaan pys\u00e4htymisen. Tarkasti suunniteltu aallotettu muoto auttaa hallitsemaan l\u00e4mp\u00f6\u00e4, mik\u00e4 parantaa suorituskyky\u00e4 erityisesti pitkill\u00e4 alam\u00e4ill\u00e4. Kiinte\u00e4 asennus takaa vakauden, jolloin jarrutus on tasapainoista ja johdonmukaista. [...]L\u00e4s mer \u2026 from Galfer MTB Disc Wave Fixed 180mm 110gr.","og_url":"https:\/\/vmsport.fi\/sv\/webbutik\/reservdelar\/bromsar\/bromsskivor\/galfer-mtb-skiva-wave-fast-180mm-110gr\/","og_site_name":"VM Sport","article_publisher":"https:\/\/www.facebook.com\/Vmsport.fi\/","article_modified_time":"2026-01-16T11:23:32+00:00","og_image":[{"width":500,"height":500,"url":"https:\/\/vmsport.fi\/wp-content\/uploads\/2025\/03\/Galfer-MTB-Disc-Wave-Fiexed-180mm-110gr-1.jpg","type":"image\/jpeg"}],"twitter_card":"summary_large_image","schema":{"@context":"https:\/\/schema.org","@graph":[{"@type":["WebPage","ItemPage"],"@id":"https:\/\/vmsport.fi\/verkkokauppa\/varaosat\/jarrut\/jarrulevyt\/galfer-mtb-disc-wave-fixed-180mm-110gr\/","url":"https:\/\/vmsport.fi\/verkkokauppa\/varaosat\/jarrut\/jarrulevyt\/galfer-mtb-disc-wave-fixed-180mm-110gr\/","name":"Galfer MTB-skiva Wave Fixed 180mm 110gr - VM Sport","isPartOf":{"@id":"https:\/\/vmsport.fi\/#website"},"primaryImageOfPage":{"@id":"https:\/\/vmsport.fi\/verkkokauppa\/varaosat\/jarrut\/jarrulevyt\/galfer-mtb-disc-wave-fixed-180mm-110gr\/#primaryimage"},"image":{"@id":"https:\/\/vmsport.fi\/verkkokauppa\/varaosat\/jarrut\/jarrulevyt\/galfer-mtb-disc-wave-fixed-180mm-110gr\/#primaryimage"},"thumbnailUrl":"https:\/\/vmsport.fi\/wp-content\/uploads\/2025\/03\/Galfer-MTB-Disc-Wave-Fiexed-180mm-110gr-1.jpg","datePublished":"2025-03-05T22:31:39+00:00","dateModified":"2026-01-16T11:23:32+00:00","breadcrumb":{"@id":"https:\/\/vmsport.fi\/verkkokauppa\/varaosat\/jarrut\/jarrulevyt\/galfer-mtb-disc-wave-fixed-180mm-110gr\/#breadcrumb"},"inLanguage":"sv-SE","potentialAction":[{"@type":"ReadAction","target":["https:\/\/vmsport.fi\/verkkokauppa\/varaosat\/jarrut\/jarrulevyt\/galfer-mtb-disc-wave-fixed-180mm-110gr\/"]}]},{"@type":"ImageObject","inLanguage":"sv-SE","@id":"https:\/\/vmsport.fi\/verkkokauppa\/varaosat\/jarrut\/jarrulevyt\/galfer-mtb-disc-wave-fixed-180mm-110gr\/#primaryimage","url":"https:\/\/vmsport.fi\/wp-content\/uploads\/2025\/03\/Galfer-MTB-Disc-Wave-Fiexed-180mm-110gr-1.jpg","contentUrl":"https:\/\/vmsport.fi\/wp-content\/uploads\/2025\/03\/Galfer-MTB-Disc-Wave-Fiexed-180mm-110gr-1.jpg","width":500,"height":500,"caption":"Galfer-MTB-Disc-Wave-Fiexed-180mm-110gr"},{"@type":"BreadcrumbList","@id":"https:\/\/vmsport.fi\/verkkokauppa\/varaosat\/jarrut\/jarrulevyt\/galfer-mtb-disc-wave-fixed-180mm-110gr\/#breadcrumb","itemListElement":[{"@type":"ListItem","position":1,"name":"Etusivu","item":"https:\/\/vmsport.fi\/"},{"@type":"ListItem","position":2,"name":"Online Store","item":"https:\/\/vmsport.fi\/en\/online-store\/"},{"@type":"ListItem","position":3,"name":"Galfer MTB Disc Wave Fixed 180mm 110gr."}]},{"@type":"WebSite","@id":"https:\/\/vmsport.fi\/#website","url":"https:\/\/vmsport.fi\/","name":"Vmsport","description":"Allt p\u00e5 ett st\u00e4lle f\u00f6r cykling","publisher":{"@id":"https:\/\/vmsport.fi\/#organization"},"potentialAction":[{"@type":"SearchAction","target":{"@type":"EntryPoint","urlTemplate":"https:\/\/vmsport.fi\/?s={search_term_string}"},"query-input":{"@type":"PropertyValueSpecification","valueRequired":true,"valueName":"search_term_string"}}],"inLanguage":"sv-SE"},{"@type":"Organization","@id":"https:\/\/vmsport.fi\/#organization","name":"Vmsport","url":"https:\/\/vmsport.fi\/","logo":{"@type":"ImageObject","inLanguage":"sv-SE","@id":"https:\/\/vmsport.fi\/#\/schema\/logo\/image\/","url":"https:\/\/vmsport.fi\/wp-content\/uploads\/2024\/12\/vm_sport_RGB_horisontal-e1734526017575.png","contentUrl":"https:\/\/vmsport.fi\/wp-content\/uploads\/2024\/12\/vm_sport_RGB_horisontal-e1734526017575.png","width":668,"height":85,"caption":"Vmsport"},"image":{"@id":"https:\/\/vmsport.fi\/#\/schema\/logo\/image\/"},"sameAs":["https:\/\/www.facebook.com\/Vmsport.fi\/","https:\/\/www.instagram.com\/vmsport\/"]}]}},"global_unique_id":"","_links":{"self":[{"href":"https:\/\/vmsport.fi\/sv\/wp-json\/wp\/v2\/product\/57367","targetHints":{"allow":["GET"]}}],"collection":[{"href":"https:\/\/vmsport.fi\/sv\/wp-json\/wp\/v2\/product"}],"about":[{"href":"https:\/\/vmsport.fi\/sv\/wp-json\/wp\/v2\/types\/product"}],"replies":[{"embeddable":true,"href":"https:\/\/vmsport.fi\/sv\/wp-json\/wp\/v2\/comments?post=57367"}],"wp:featuredmedia":[{"embeddable":true,"href":"https:\/\/vmsport.fi\/sv\/wp-json\/wp\/v2\/media\/57366"}],"wp:attachment":[{"href":"https:\/\/vmsport.fi\/sv\/wp-json\/wp\/v2\/media?parent=57367"}],"wp:term":[{"taxonomy":"product_brand","embeddable":true,"href":"https:\/\/vmsport.fi\/sv\/wp-json\/wp\/v2\/product_brand?post=57367"},{"taxonomy":"product_model","embeddable":true,"href":"https:\/\/vmsport.fi\/sv\/wp-json\/wp\/v2\/product_model?post=57367"},{"taxonomy":"product_cat","embeddable":true,"href":"https:\/\/vmsport.fi\/sv\/wp-json\/wp\/v2\/product_cat?post=57367"},{"taxonomy":"product_tag","embeddable":true,"href":"https:\/\/vmsport.fi\/sv\/wp-json\/wp\/v2\/product_tag?post=57367"},{"taxonomy":"industry_terminology","embeddable":true,"href":"https:\/\/vmsport.fi\/sv\/wp-json\/wp\/v2\/industry-terminology?post=57367"}],"curies":[{"name":"wp","href":"https:\/\/api.w.org\/{rel}","templated":true}]}}