{"id":57363,"date":"2025-03-06T00:31:38","date_gmt":"2025-03-05T22:31:38","guid":{"rendered":"https:\/\/vmsport.fi\/verkkokauppa\/Ei-luokiteltu\/gas-gas-g-cross-country-3-0-29\/"},"modified":"2026-03-13T02:00:24","modified_gmt":"2026-03-13T00:00:24","slug":"gas-gas-g-cross-country-3-0-29","status":"publish","type":"product","link":"https:\/\/vmsport.fi\/sv\/verkkokauppa\/polkupyorat\/sahkopyorat\/sahkomaastopyorat\/etujousitetut-sahkomaastopyorat\/gas-gas-g-cross-country-3-0-29\/","title":{"rendered":"Gas Gas G Cross Country 3.0 29\u2033"},"content":{"rendered":"<p>Gas Gas G Cross Country 3.0 \u00e4r en r\u00f6d och vit mountainbike som kombinerar utm\u00e4rkt prestanda med en bekv\u00e4m \u00e5ktur. Den styva ramen ger exakt man\u00f6vrerbarhet, vilket g\u00f6r den idealisk f\u00f6r b\u00e5de snabb och avslappnad terr\u00e4ngk\u00f6rning. 29-tumsd\u00e4cken ger en skarp och exakt k\u00f6rupplevelse, medan RockShox 35 Silver TK-gaffeln med 120 mm slagl\u00e4ngd effektivt d\u00e4mpar st\u00f6tar framtill. Cykeln \u00e4r utrustad med en 12-v\u00e4xlad SRAM SX Eagle-v\u00e4xell\u00e5da f\u00f6r smidig och p\u00e5litlig v\u00e4xling. Det h\u00e4r \u00e4r det perfekta valet f\u00f6r dig som vill f\u00f6rb\u00e4ttra dina f\u00e4rdigheter inom mountainbike.<\/p>","protected":false},"excerpt":{"rendered":"<p>Gas Gas G Cross Country 3.0 on punavalkoinen maastopy\u00f6r\u00e4, joka yhdist\u00e4\u00e4 erinomaisen suorituskyvyn ja ajomukavuuden. Sen j\u00e4ykk\u00e4per\u00e4inen runko mahdollistaa tarkan ohjattavuuden, mik\u00e4 tekee py\u00f6r\u00e4st\u00e4 ihanteellisen sek\u00e4 vauhdikkaaseen ett\u00e4 rentoon maastoajoon. 29-tuumaiset renkaat tarjoavat ter\u00e4v\u00e4n ja t\u00e4sm\u00e4llisen ajokokemuksen, kun taas RockShox 35 Silver TK -etuhaarukka, jossa on 120 mm joustomatka, pehment\u00e4\u00e4 tehokkaasti etuosan iskuja. Py\u00f6r\u00e4ss\u00e4 on [&#8230;]<\/p>\n<p><a class=\"btn btn-secondary understrap-read-more-link\" href=\"https:\/\/vmsport.fi\/sv\/verkkokauppa\/polkupyorat\/sahkopyorat\/sahkomaastopyorat\/etujousitetut-sahkomaastopyorat\/gas-gas-g-cross-country-3-0-29\/\">L\u00e4s mer \u2026<span class=\"screen-reader-text\"> from Gas Gas G Cross Country 3.0 29&#8243;<\/span><\/a><\/p>\n","protected":false},"featured_media":57360,"comment_status":"open","ping_status":"closed","template":"","meta":{"_acf_changed":false,"_improvement_type_select":"improve_an_existing","_thumb_yes_seoaic":false,"_frame_yes_seoaic":false,"seoaic_generate_description":"","seoaic_improve_instructions_prompt":"","seoaic_rollback_content_improvement":"","seoaic_idea_thumbnail_generator":"","thumbnail_generated":false,"thumbnail_generate_prompt":"","seoaic_article_description":"","_supplier_stock_quantity":0},"product_brand":[42],"product_model":[1567],"product_cat":[9440],"product_tag":[],"industry-terminology":[],"class_list":{"0":"post-57363","1":"product","2":"type-product","3":"status-publish","4":"has-post-thumbnail","6":"product_brand-gas-gas","7":"product_model-g-cross-country","8":"product_cat-etujousitetut-sahkomaastopyorat","10":"first","11":"outofstock","12":"sale","13":"taxable","14":"shipping-taxable","15":"product-type-variable"},"acf":{"bike_features":null,"overview":{"copy_overview":null,"key_features":null,"statement":"","youtube_url":""}},"yoast_head":"<!-- This site is optimized with the Yoast SEO plugin v27.3 - https:\/\/yoast.com\/product\/yoast-seo-wordpress\/ -->\n<title>Gas Gas G Cross Country 3.0 29&quot; - VM Sport<\/title>\n<meta name=\"robots\" content=\"index, follow, max-snippet:-1, max-image-preview:large, max-video-preview:-1\" \/>\n<link rel=\"canonical\" href=\"https:\/\/vmsport.fi\/sv\/webbutik\/cyklar\/sahkopyorat\/sagverksskorsten\/frontfjadrade-sagtandsplogar\/gas-gas-g-cross-country-3-0-29\/\" \/>\n<meta property=\"og:locale\" content=\"sv_SE\" \/>\n<meta property=\"og:type\" content=\"article\" \/>\n<meta property=\"og:title\" content=\"Gas Gas G Cross Country 3.0 29&quot; - VM Sport\" \/>\n<meta property=\"og:description\" content=\"Gas Gas G Cross Country 3.0 on punavalkoinen maastopy\u00f6r\u00e4, joka yhdist\u00e4\u00e4 erinomaisen suorituskyvyn ja ajomukavuuden. Sen j\u00e4ykk\u00e4per\u00e4inen runko mahdollistaa tarkan ohjattavuuden, mik\u00e4 tekee py\u00f6r\u00e4st\u00e4 ihanteellisen sek\u00e4 vauhdikkaaseen ett\u00e4 rentoon maastoajoon. 29-tuumaiset renkaat tarjoavat ter\u00e4v\u00e4n ja t\u00e4sm\u00e4llisen ajokokemuksen, kun taas RockShox 35 Silver TK -etuhaarukka, jossa on 120 mm joustomatka, pehment\u00e4\u00e4 tehokkaasti etuosan iskuja. Py\u00f6r\u00e4ss\u00e4 on [...]L\u00e4s mer \u2026 from Gas Gas G Cross Country 3.0 29&#8243;\" \/>\n<meta property=\"og:url\" content=\"https:\/\/vmsport.fi\/sv\/webbutik\/cyklar\/sahkopyorat\/sagverksskorsten\/frontfjadrade-sagtandsplogar\/gas-gas-g-cross-country-3-0-29\/\" \/>\n<meta property=\"og:site_name\" content=\"VM Sport\" \/>\n<meta property=\"article:publisher\" content=\"https:\/\/www.facebook.com\/Vmsport.fi\/\" \/>\n<meta property=\"article:modified_time\" content=\"2026-03-13T00:00:24+00:00\" \/>\n<meta property=\"og:image\" content=\"https:\/\/vmsport.fi\/wp-content\/uploads\/2025\/03\/11834-G-CROSS-COUNTRY-3-0-1.jpg\" \/>\n\t<meta property=\"og:image:width\" content=\"1000\" \/>\n\t<meta property=\"og:image:height\" content=\"666\" \/>\n\t<meta property=\"og:image:type\" content=\"image\/jpeg\" \/>\n<meta name=\"twitter:card\" content=\"summary_large_image\" \/>\n<script type=\"application\/ld+json\" class=\"yoast-schema-graph\">{\"@context\":\"https:\\\/\\\/schema.org\",\"@graph\":[{\"@type\":[\"WebPage\",\"ItemPage\"],\"@id\":\"https:\\\/\\\/vmsport.fi\\\/verkkokauppa\\\/polkupyorat\\\/sahkopyorat\\\/sahkomaastopyorat\\\/etujousitetut-sahkomaastopyorat\\\/gas-gas-g-cross-country-3-0-29\\\/\",\"url\":\"https:\\\/\\\/vmsport.fi\\\/verkkokauppa\\\/polkupyorat\\\/sahkopyorat\\\/sahkomaastopyorat\\\/etujousitetut-sahkomaastopyorat\\\/gas-gas-g-cross-country-3-0-29\\\/\",\"name\":\"Gas Gas G Cross Country 3.0 29\\\" - VM Sport\",\"isPartOf\":{\"@id\":\"https:\\\/\\\/vmsport.fi\\\/#website\"},\"primaryImageOfPage\":{\"@id\":\"https:\\\/\\\/vmsport.fi\\\/verkkokauppa\\\/polkupyorat\\\/sahkopyorat\\\/sahkomaastopyorat\\\/etujousitetut-sahkomaastopyorat\\\/gas-gas-g-cross-country-3-0-29\\\/#primaryimage\"},\"image\":{\"@id\":\"https:\\\/\\\/vmsport.fi\\\/verkkokauppa\\\/polkupyorat\\\/sahkopyorat\\\/sahkomaastopyorat\\\/etujousitetut-sahkomaastopyorat\\\/gas-gas-g-cross-country-3-0-29\\\/#primaryimage\"},\"thumbnailUrl\":\"https:\\\/\\\/vmsport.fi\\\/wp-content\\\/uploads\\\/2025\\\/03\\\/11834-G-CROSS-COUNTRY-3-0-1.jpg\",\"datePublished\":\"2025-03-05T22:31:38+00:00\",\"dateModified\":\"2026-03-13T00:00:24+00:00\",\"breadcrumb\":{\"@id\":\"https:\\\/\\\/vmsport.fi\\\/verkkokauppa\\\/polkupyorat\\\/sahkopyorat\\\/sahkomaastopyorat\\\/etujousitetut-sahkomaastopyorat\\\/gas-gas-g-cross-country-3-0-29\\\/#breadcrumb\"},\"inLanguage\":\"sv-SE\",\"potentialAction\":[{\"@type\":\"ReadAction\",\"target\":[\"https:\\\/\\\/vmsport.fi\\\/verkkokauppa\\\/polkupyorat\\\/sahkopyorat\\\/sahkomaastopyorat\\\/etujousitetut-sahkomaastopyorat\\\/gas-gas-g-cross-country-3-0-29\\\/\"]}]},{\"@type\":\"ImageObject\",\"inLanguage\":\"sv-SE\",\"@id\":\"https:\\\/\\\/vmsport.fi\\\/verkkokauppa\\\/polkupyorat\\\/sahkopyorat\\\/sahkomaastopyorat\\\/etujousitetut-sahkomaastopyorat\\\/gas-gas-g-cross-country-3-0-29\\\/#primaryimage\",\"url\":\"https:\\\/\\\/vmsport.fi\\\/wp-content\\\/uploads\\\/2025\\\/03\\\/11834-G-CROSS-COUNTRY-3-0-1.jpg\",\"contentUrl\":\"https:\\\/\\\/vmsport.fi\\\/wp-content\\\/uploads\\\/2025\\\/03\\\/11834-G-CROSS-COUNTRY-3-0-1.jpg\",\"width\":1000,\"height\":666,\"caption\":\"11834-G-CROSS-COUNTRY-3-0\"},{\"@type\":\"BreadcrumbList\",\"@id\":\"https:\\\/\\\/vmsport.fi\\\/verkkokauppa\\\/polkupyorat\\\/sahkopyorat\\\/sahkomaastopyorat\\\/etujousitetut-sahkomaastopyorat\\\/gas-gas-g-cross-country-3-0-29\\\/#breadcrumb\",\"itemListElement\":[{\"@type\":\"ListItem\",\"position\":1,\"name\":\"Etusivu\",\"item\":\"https:\\\/\\\/vmsport.fi\\\/\"},{\"@type\":\"ListItem\",\"position\":2,\"name\":\"Online Store\",\"item\":\"https:\\\/\\\/vmsport.fi\\\/en\\\/online-store\\\/\"},{\"@type\":\"ListItem\",\"position\":3,\"name\":\"Gas Gas polkupy\u00f6r\u00e4t\",\"item\":\"https:\\\/\\\/vmsport.fi\\\/sv\\\/merkki\\\/gas-gas\\\/\"},{\"@type\":\"ListItem\",\"position\":4,\"name\":\"Gas Gas G Cross Country 3.0 29&#8243;\"}]},{\"@type\":\"WebSite\",\"@id\":\"https:\\\/\\\/vmsport.fi\\\/#website\",\"url\":\"https:\\\/\\\/vmsport.fi\\\/\",\"name\":\"Vmsport\",\"description\":\"Kaikki py\u00f6r\u00e4ilyyn yhdest\u00e4 paikasta\",\"publisher\":{\"@id\":\"https:\\\/\\\/vmsport.fi\\\/#organization\"},\"potentialAction\":[{\"@type\":\"SearchAction\",\"target\":{\"@type\":\"EntryPoint\",\"urlTemplate\":\"https:\\\/\\\/vmsport.fi\\\/?s={search_term_string}\"},\"query-input\":{\"@type\":\"PropertyValueSpecification\",\"valueRequired\":true,\"valueName\":\"search_term_string\"}}],\"inLanguage\":\"sv-SE\"},{\"@type\":\"Organization\",\"@id\":\"https:\\\/\\\/vmsport.fi\\\/#organization\",\"name\":\"Vmsport\",\"url\":\"https:\\\/\\\/vmsport.fi\\\/\",\"logo\":{\"@type\":\"ImageObject\",\"inLanguage\":\"sv-SE\",\"@id\":\"https:\\\/\\\/vmsport.fi\\\/#\\\/schema\\\/logo\\\/image\\\/\",\"url\":\"https:\\\/\\\/vmsport.fi\\\/wp-content\\\/uploads\\\/2024\\\/12\\\/vm_sport_RGB_horisontal-e1734526017575.png\",\"contentUrl\":\"https:\\\/\\\/vmsport.fi\\\/wp-content\\\/uploads\\\/2024\\\/12\\\/vm_sport_RGB_horisontal-e1734526017575.png\",\"width\":668,\"height\":85,\"caption\":\"Vmsport\"},\"image\":{\"@id\":\"https:\\\/\\\/vmsport.fi\\\/#\\\/schema\\\/logo\\\/image\\\/\"},\"sameAs\":[\"https:\\\/\\\/www.facebook.com\\\/Vmsport.fi\\\/\",\"https:\\\/\\\/www.instagram.com\\\/vmsport\\\/\"]}]}<\/script>\n<!-- \/ Yoast SEO plugin. -->","yoast_head_json":{"title":"Gas Gas G Cross Country 3.0 29\" - VM Sport","robots":{"index":"index","follow":"follow","max-snippet":"max-snippet:-1","max-image-preview":"max-image-preview:large","max-video-preview":"max-video-preview:-1"},"canonical":"https:\/\/vmsport.fi\/sv\/webbutik\/cyklar\/sahkopyorat\/sagverksskorsten\/frontfjadrade-sagtandsplogar\/gas-gas-g-cross-country-3-0-29\/","og_locale":"sv_SE","og_type":"article","og_title":"Gas Gas G Cross Country 3.0 29\" - VM Sport","og_description":"Gas Gas G Cross Country 3.0 on punavalkoinen maastopy\u00f6r\u00e4, joka yhdist\u00e4\u00e4 erinomaisen suorituskyvyn ja ajomukavuuden. Sen j\u00e4ykk\u00e4per\u00e4inen runko mahdollistaa tarkan ohjattavuuden, mik\u00e4 tekee py\u00f6r\u00e4st\u00e4 ihanteellisen sek\u00e4 vauhdikkaaseen ett\u00e4 rentoon maastoajoon. 29-tuumaiset renkaat tarjoavat ter\u00e4v\u00e4n ja t\u00e4sm\u00e4llisen ajokokemuksen, kun taas RockShox 35 Silver TK -etuhaarukka, jossa on 120 mm joustomatka, pehment\u00e4\u00e4 tehokkaasti etuosan iskuja. Py\u00f6r\u00e4ss\u00e4 on [...]L\u00e4s mer \u2026 from Gas Gas G Cross Country 3.0 29&#8243;","og_url":"https:\/\/vmsport.fi\/sv\/webbutik\/cyklar\/sahkopyorat\/sagverksskorsten\/frontfjadrade-sagtandsplogar\/gas-gas-g-cross-country-3-0-29\/","og_site_name":"VM Sport","article_publisher":"https:\/\/www.facebook.com\/Vmsport.fi\/","article_modified_time":"2026-03-13T00:00:24+00:00","og_image":[{"width":1000,"height":666,"url":"https:\/\/vmsport.fi\/wp-content\/uploads\/2025\/03\/11834-G-CROSS-COUNTRY-3-0-1.jpg","type":"image\/jpeg"}],"twitter_card":"summary_large_image","schema":{"@context":"https:\/\/schema.org","@graph":[{"@type":["WebPage","ItemPage"],"@id":"https:\/\/vmsport.fi\/verkkokauppa\/polkupyorat\/sahkopyorat\/sahkomaastopyorat\/etujousitetut-sahkomaastopyorat\/gas-gas-g-cross-country-3-0-29\/","url":"https:\/\/vmsport.fi\/verkkokauppa\/polkupyorat\/sahkopyorat\/sahkomaastopyorat\/etujousitetut-sahkomaastopyorat\/gas-gas-g-cross-country-3-0-29\/","name":"Gas Gas G Cross Country 3.0 29\" - VM Sport","isPartOf":{"@id":"https:\/\/vmsport.fi\/#website"},"primaryImageOfPage":{"@id":"https:\/\/vmsport.fi\/verkkokauppa\/polkupyorat\/sahkopyorat\/sahkomaastopyorat\/etujousitetut-sahkomaastopyorat\/gas-gas-g-cross-country-3-0-29\/#primaryimage"},"image":{"@id":"https:\/\/vmsport.fi\/verkkokauppa\/polkupyorat\/sahkopyorat\/sahkomaastopyorat\/etujousitetut-sahkomaastopyorat\/gas-gas-g-cross-country-3-0-29\/#primaryimage"},"thumbnailUrl":"https:\/\/vmsport.fi\/wp-content\/uploads\/2025\/03\/11834-G-CROSS-COUNTRY-3-0-1.jpg","datePublished":"2025-03-05T22:31:38+00:00","dateModified":"2026-03-13T00:00:24+00:00","breadcrumb":{"@id":"https:\/\/vmsport.fi\/verkkokauppa\/polkupyorat\/sahkopyorat\/sahkomaastopyorat\/etujousitetut-sahkomaastopyorat\/gas-gas-g-cross-country-3-0-29\/#breadcrumb"},"inLanguage":"sv-SE","potentialAction":[{"@type":"ReadAction","target":["https:\/\/vmsport.fi\/verkkokauppa\/polkupyorat\/sahkopyorat\/sahkomaastopyorat\/etujousitetut-sahkomaastopyorat\/gas-gas-g-cross-country-3-0-29\/"]}]},{"@type":"ImageObject","inLanguage":"sv-SE","@id":"https:\/\/vmsport.fi\/verkkokauppa\/polkupyorat\/sahkopyorat\/sahkomaastopyorat\/etujousitetut-sahkomaastopyorat\/gas-gas-g-cross-country-3-0-29\/#primaryimage","url":"https:\/\/vmsport.fi\/wp-content\/uploads\/2025\/03\/11834-G-CROSS-COUNTRY-3-0-1.jpg","contentUrl":"https:\/\/vmsport.fi\/wp-content\/uploads\/2025\/03\/11834-G-CROSS-COUNTRY-3-0-1.jpg","width":1000,"height":666,"caption":"11834-G-CROSS-COUNTRY-3-0"},{"@type":"BreadcrumbList","@id":"https:\/\/vmsport.fi\/verkkokauppa\/polkupyorat\/sahkopyorat\/sahkomaastopyorat\/etujousitetut-sahkomaastopyorat\/gas-gas-g-cross-country-3-0-29\/#breadcrumb","itemListElement":[{"@type":"ListItem","position":1,"name":"Etusivu","item":"https:\/\/vmsport.fi\/"},{"@type":"ListItem","position":2,"name":"Online Store","item":"https:\/\/vmsport.fi\/en\/online-store\/"},{"@type":"ListItem","position":3,"name":"Gas Gas polkupy\u00f6r\u00e4t","item":"https:\/\/vmsport.fi\/sv\/merkki\/gas-gas\/"},{"@type":"ListItem","position":4,"name":"Gas Gas G Cross Country 3.0 29&#8243;"}]},{"@type":"WebSite","@id":"https:\/\/vmsport.fi\/#website","url":"https:\/\/vmsport.fi\/","name":"Vmsport","description":"Allt p\u00e5 ett st\u00e4lle f\u00f6r cykling","publisher":{"@id":"https:\/\/vmsport.fi\/#organization"},"potentialAction":[{"@type":"SearchAction","target":{"@type":"EntryPoint","urlTemplate":"https:\/\/vmsport.fi\/?s={search_term_string}"},"query-input":{"@type":"PropertyValueSpecification","valueRequired":true,"valueName":"search_term_string"}}],"inLanguage":"sv-SE"},{"@type":"Organization","@id":"https:\/\/vmsport.fi\/#organization","name":"Vmsport","url":"https:\/\/vmsport.fi\/","logo":{"@type":"ImageObject","inLanguage":"sv-SE","@id":"https:\/\/vmsport.fi\/#\/schema\/logo\/image\/","url":"https:\/\/vmsport.fi\/wp-content\/uploads\/2024\/12\/vm_sport_RGB_horisontal-e1734526017575.png","contentUrl":"https:\/\/vmsport.fi\/wp-content\/uploads\/2024\/12\/vm_sport_RGB_horisontal-e1734526017575.png","width":668,"height":85,"caption":"Vmsport"},"image":{"@id":"https:\/\/vmsport.fi\/#\/schema\/logo\/image\/"},"sameAs":["https:\/\/www.facebook.com\/Vmsport.fi\/","https:\/\/www.instagram.com\/vmsport\/"]}]}},"global_unique_id":"","_links":{"self":[{"href":"https:\/\/vmsport.fi\/sv\/wp-json\/wp\/v2\/product\/57363","targetHints":{"allow":["GET"]}}],"collection":[{"href":"https:\/\/vmsport.fi\/sv\/wp-json\/wp\/v2\/product"}],"about":[{"href":"https:\/\/vmsport.fi\/sv\/wp-json\/wp\/v2\/types\/product"}],"replies":[{"embeddable":true,"href":"https:\/\/vmsport.fi\/sv\/wp-json\/wp\/v2\/comments?post=57363"}],"wp:featuredmedia":[{"embeddable":true,"href":"https:\/\/vmsport.fi\/sv\/wp-json\/wp\/v2\/media\/57360"}],"wp:attachment":[{"href":"https:\/\/vmsport.fi\/sv\/wp-json\/wp\/v2\/media?parent=57363"}],"wp:term":[{"taxonomy":"product_brand","embeddable":true,"href":"https:\/\/vmsport.fi\/sv\/wp-json\/wp\/v2\/product_brand?post=57363"},{"taxonomy":"product_model","embeddable":true,"href":"https:\/\/vmsport.fi\/sv\/wp-json\/wp\/v2\/product_model?post=57363"},{"taxonomy":"product_cat","embeddable":true,"href":"https:\/\/vmsport.fi\/sv\/wp-json\/wp\/v2\/product_cat?post=57363"},{"taxonomy":"product_tag","embeddable":true,"href":"https:\/\/vmsport.fi\/sv\/wp-json\/wp\/v2\/product_tag?post=57363"},{"taxonomy":"industry_terminology","embeddable":true,"href":"https:\/\/vmsport.fi\/sv\/wp-json\/wp\/v2\/industry-terminology?post=57363"}],"curies":[{"name":"wp","href":"https:\/\/api.w.org\/{rel}","templated":true}]}}