{"id":57357,"date":"2025-03-06T00:31:34","date_gmt":"2025-03-05T22:31:34","guid":{"rendered":"https:\/\/vmsport.fi\/verkkokauppa\/Ei-luokiteltu\/trek-kickster-flamingo-pink\/"},"modified":"2026-01-30T12:26:53","modified_gmt":"2026-01-30T10:26:53","slug":"trek-kickster-flamingo-rosa","status":"publish","type":"product","link":"https:\/\/vmsport.fi\/sv\/verkkokauppa\/polkupyorat\/lastenpyorat\/12-tuumaiset-lasten-pyora\/trek-kickster-flamingo-pink\/","title":{"rendered":"Trek Kickster - flamingorosa"},"content":{"rendered":"<p>Kevyt alumiinirunkoinen potkupy\u00f6r\u00e4 tekee tasapainon harjoittelusta helppoa ja turvallista nuorimmille lapsille. Ohjausrajoitin est\u00e4\u00e4 \u00e4killiset k\u00e4\u00e4nn\u00f6kset, satulakahva tukee aikuisen avustusta, ja matala runko mahdollistaa helpon nousun py\u00f6r\u00e4n kyytiin. Polkimettomuus v\u00e4hent\u00e4\u00e4 huoltotarvetta ja pitk\u00e4n k\u00e4ytt\u00f6i\u00e4n laadukkaille komponenteille.<\/p>","protected":false},"excerpt":{"rendered":"<p>Kevyt ja vakaa potkupy\u00f6r\u00e4 pienille lapsille, jossa on matala runko, ohjausrajoitin ja satulakahva apua varten. Hyvin v\u00e4h\u00e4inen huoltotarve. [&#8230;]<\/p>\n<p><a class=\"btn btn-secondary understrap-read-more-link\" href=\"https:\/\/vmsport.fi\/sv\/verkkokauppa\/polkupyorat\/lastenpyorat\/12-tuumaiset-lasten-pyora\/trek-kickster-flamingo-pink\/\">L\u00e4s mer \u2026<span class=\"screen-reader-text\"> from Trek Kickster &#8211; Flamingo Pink<\/span><\/a><\/p>\n","protected":false},"featured_media":57349,"comment_status":"open","ping_status":"closed","template":"","meta":{"_acf_changed":false,"_improvement_type_select":"improve_an_existing","_thumb_yes_seoaic":false,"_frame_yes_seoaic":false,"seoaic_generate_description":"","seoaic_improve_instructions_prompt":"","seoaic_rollback_content_improvement":"","seoaic_idea_thumbnail_generator":"","thumbnail_generated":false,"thumbnail_generate_prompt":"","seoaic_article_description":"","_supplier_stock_quantity":0},"product_brand":[37],"product_model":[],"product_cat":[9408],"product_tag":[],"industry-terminology":[],"class_list":{"0":"post-57357","1":"product","2":"type-product","3":"status-publish","4":"has-post-thumbnail","6":"product_brand-trek","7":"product_cat-12-tuumaiset-lasten-pyora","9":"first","10":"instock","11":"taxable","12":"shipping-taxable","13":"purchasable","14":"product-type-variable"},"acf":{"bike_features":null,"overview":{"copy_overview":null,"key_features":null,"statement":"","youtube_url":""}},"yoast_head":"<!-- This site is optimized with the Yoast SEO plugin v27.3 - https:\/\/yoast.com\/product\/yoast-seo-wordpress\/ -->\n<title>Trek Kickster - Flamingo Pink - VM Sport<\/title>\n<meta name=\"robots\" content=\"index, follow, max-snippet:-1, max-image-preview:large, max-video-preview:-1\" \/>\n<link rel=\"canonical\" href=\"https:\/\/vmsport.fi\/sv\/webbutik\/cyklar\/barnomsorg\/12-tums-pyora-for-barn\/trek-kickster-flamingo-rosa\/\" \/>\n<meta property=\"og:locale\" content=\"sv_SE\" \/>\n<meta property=\"og:type\" content=\"article\" \/>\n<meta property=\"og:title\" content=\"Trek Kickster - Flamingo Pink - VM Sport\" \/>\n<meta property=\"og:description\" content=\"Kevyt ja vakaa potkupy\u00f6r\u00e4 pienille lapsille, jossa on matala runko, ohjausrajoitin ja satulakahva apua varten. Hyvin v\u00e4h\u00e4inen huoltotarve. [...]L\u00e4s mer \u2026 from Trek Kickster &#8211; Flamingo Pink\" \/>\n<meta property=\"og:url\" content=\"https:\/\/vmsport.fi\/sv\/webbutik\/cyklar\/barnomsorg\/12-tums-pyora-for-barn\/trek-kickster-flamingo-rosa\/\" \/>\n<meta property=\"og:site_name\" content=\"VM Sport\" \/>\n<meta property=\"article:publisher\" content=\"https:\/\/www.facebook.com\/Vmsport.fi\/\" \/>\n<meta property=\"article:modified_time\" content=\"2026-01-30T10:26:53+00:00\" \/>\n<meta property=\"og:image\" content=\"https:\/\/vmsport.fi\/wp-content\/uploads\/2025\/03\/SrxsZAWWxqnKREaQckW8u7Yjl1Ge2F2gH78QxRGJ8iDvYze3rN-1.jpg\" \/>\n\t<meta property=\"og:image:width\" content=\"1000\" \/>\n\t<meta property=\"og:image:height\" content=\"725\" \/>\n\t<meta property=\"og:image:type\" content=\"image\/jpeg\" \/>\n<meta name=\"twitter:card\" content=\"summary_large_image\" \/>\n<script type=\"application\/ld+json\" class=\"yoast-schema-graph\">{\"@context\":\"https:\\\/\\\/schema.org\",\"@graph\":[{\"@type\":[\"WebPage\",\"ItemPage\"],\"@id\":\"https:\\\/\\\/vmsport.fi\\\/verkkokauppa\\\/polkupyorat\\\/lastenpyorat\\\/12-tuumaiset-lasten-pyora\\\/trek-kickster-flamingo-pink\\\/\",\"url\":\"https:\\\/\\\/vmsport.fi\\\/verkkokauppa\\\/polkupyorat\\\/lastenpyorat\\\/12-tuumaiset-lasten-pyora\\\/trek-kickster-flamingo-pink\\\/\",\"name\":\"Trek Kickster - Flamingo Pink - VM Sport\",\"isPartOf\":{\"@id\":\"https:\\\/\\\/vmsport.fi\\\/#website\"},\"primaryImageOfPage\":{\"@id\":\"https:\\\/\\\/vmsport.fi\\\/verkkokauppa\\\/polkupyorat\\\/lastenpyorat\\\/12-tuumaiset-lasten-pyora\\\/trek-kickster-flamingo-pink\\\/#primaryimage\"},\"image\":{\"@id\":\"https:\\\/\\\/vmsport.fi\\\/verkkokauppa\\\/polkupyorat\\\/lastenpyorat\\\/12-tuumaiset-lasten-pyora\\\/trek-kickster-flamingo-pink\\\/#primaryimage\"},\"thumbnailUrl\":\"https:\\\/\\\/vmsport.fi\\\/wp-content\\\/uploads\\\/2025\\\/03\\\/SrxsZAWWxqnKREaQckW8u7Yjl1Ge2F2gH78QxRGJ8iDvYze3rN-1.jpg\",\"datePublished\":\"2025-03-05T22:31:34+00:00\",\"dateModified\":\"2026-01-30T10:26:53+00:00\",\"breadcrumb\":{\"@id\":\"https:\\\/\\\/vmsport.fi\\\/verkkokauppa\\\/polkupyorat\\\/lastenpyorat\\\/12-tuumaiset-lasten-pyora\\\/trek-kickster-flamingo-pink\\\/#breadcrumb\"},\"inLanguage\":\"sv-SE\",\"potentialAction\":[{\"@type\":\"ReadAction\",\"target\":[\"https:\\\/\\\/vmsport.fi\\\/verkkokauppa\\\/polkupyorat\\\/lastenpyorat\\\/12-tuumaiset-lasten-pyora\\\/trek-kickster-flamingo-pink\\\/\"]}]},{\"@type\":\"ImageObject\",\"inLanguage\":\"sv-SE\",\"@id\":\"https:\\\/\\\/vmsport.fi\\\/verkkokauppa\\\/polkupyorat\\\/lastenpyorat\\\/12-tuumaiset-lasten-pyora\\\/trek-kickster-flamingo-pink\\\/#primaryimage\",\"url\":\"https:\\\/\\\/vmsport.fi\\\/wp-content\\\/uploads\\\/2025\\\/03\\\/SrxsZAWWxqnKREaQckW8u7Yjl1Ge2F2gH78QxRGJ8iDvYze3rN-1.jpg\",\"contentUrl\":\"https:\\\/\\\/vmsport.fi\\\/wp-content\\\/uploads\\\/2025\\\/03\\\/SrxsZAWWxqnKREaQckW8u7Yjl1Ge2F2gH78QxRGJ8iDvYze3rN-1.jpg\",\"width\":1000,\"height\":725,\"caption\":\"SrxsZAWWxqnKREaQckW8u7Yjl1Ge2F2gH78QxRGJ8iDvYze3rN\"},{\"@type\":\"BreadcrumbList\",\"@id\":\"https:\\\/\\\/vmsport.fi\\\/verkkokauppa\\\/polkupyorat\\\/lastenpyorat\\\/12-tuumaiset-lasten-pyora\\\/trek-kickster-flamingo-pink\\\/#breadcrumb\",\"itemListElement\":[{\"@type\":\"ListItem\",\"position\":1,\"name\":\"Etusivu\",\"item\":\"https:\\\/\\\/vmsport.fi\\\/\"},{\"@type\":\"ListItem\",\"position\":2,\"name\":\"Online Store\",\"item\":\"https:\\\/\\\/vmsport.fi\\\/en\\\/online-store\\\/\"},{\"@type\":\"ListItem\",\"position\":3,\"name\":\"Trek polkupy\u00f6r\u00e4t\",\"item\":\"https:\\\/\\\/vmsport.fi\\\/sv\\\/merkki\\\/trek\\\/\"},{\"@type\":\"ListItem\",\"position\":4,\"name\":\"Trek Kickster &#8211; Flamingo Pink\"}]},{\"@type\":\"WebSite\",\"@id\":\"https:\\\/\\\/vmsport.fi\\\/#website\",\"url\":\"https:\\\/\\\/vmsport.fi\\\/\",\"name\":\"Vmsport\",\"description\":\"Kaikki py\u00f6r\u00e4ilyyn yhdest\u00e4 paikasta\",\"publisher\":{\"@id\":\"https:\\\/\\\/vmsport.fi\\\/#organization\"},\"potentialAction\":[{\"@type\":\"SearchAction\",\"target\":{\"@type\":\"EntryPoint\",\"urlTemplate\":\"https:\\\/\\\/vmsport.fi\\\/?s={search_term_string}\"},\"query-input\":{\"@type\":\"PropertyValueSpecification\",\"valueRequired\":true,\"valueName\":\"search_term_string\"}}],\"inLanguage\":\"sv-SE\"},{\"@type\":\"Organization\",\"@id\":\"https:\\\/\\\/vmsport.fi\\\/#organization\",\"name\":\"Vmsport\",\"url\":\"https:\\\/\\\/vmsport.fi\\\/\",\"logo\":{\"@type\":\"ImageObject\",\"inLanguage\":\"sv-SE\",\"@id\":\"https:\\\/\\\/vmsport.fi\\\/#\\\/schema\\\/logo\\\/image\\\/\",\"url\":\"https:\\\/\\\/vmsport.fi\\\/wp-content\\\/uploads\\\/2024\\\/12\\\/vm_sport_RGB_horisontal-e1734526017575.png\",\"contentUrl\":\"https:\\\/\\\/vmsport.fi\\\/wp-content\\\/uploads\\\/2024\\\/12\\\/vm_sport_RGB_horisontal-e1734526017575.png\",\"width\":668,\"height\":85,\"caption\":\"Vmsport\"},\"image\":{\"@id\":\"https:\\\/\\\/vmsport.fi\\\/#\\\/schema\\\/logo\\\/image\\\/\"},\"sameAs\":[\"https:\\\/\\\/www.facebook.com\\\/Vmsport.fi\\\/\",\"https:\\\/\\\/www.instagram.com\\\/vmsport\\\/\"]}]}<\/script>\n<!-- \/ Yoast SEO plugin. -->","yoast_head_json":{"title":"Trek Kickster - Flamingorosa - VM Sport","robots":{"index":"index","follow":"follow","max-snippet":"max-snippet:-1","max-image-preview":"max-image-preview:large","max-video-preview":"max-video-preview:-1"},"canonical":"https:\/\/vmsport.fi\/sv\/webbutik\/cyklar\/barnomsorg\/12-tums-pyora-for-barn\/trek-kickster-flamingo-rosa\/","og_locale":"sv_SE","og_type":"article","og_title":"Trek Kickster - Flamingo Pink - VM Sport","og_description":"Kevyt ja vakaa potkupy\u00f6r\u00e4 pienille lapsille, jossa on matala runko, ohjausrajoitin ja satulakahva apua varten. Hyvin v\u00e4h\u00e4inen huoltotarve. [...]L\u00e4s mer \u2026 from Trek Kickster &#8211; Flamingo Pink","og_url":"https:\/\/vmsport.fi\/sv\/webbutik\/cyklar\/barnomsorg\/12-tums-pyora-for-barn\/trek-kickster-flamingo-rosa\/","og_site_name":"VM Sport","article_publisher":"https:\/\/www.facebook.com\/Vmsport.fi\/","article_modified_time":"2026-01-30T10:26:53+00:00","og_image":[{"width":1000,"height":725,"url":"https:\/\/vmsport.fi\/wp-content\/uploads\/2025\/03\/SrxsZAWWxqnKREaQckW8u7Yjl1Ge2F2gH78QxRGJ8iDvYze3rN-1.jpg","type":"image\/jpeg"}],"twitter_card":"summary_large_image","schema":{"@context":"https:\/\/schema.org","@graph":[{"@type":["WebPage","ItemPage"],"@id":"https:\/\/vmsport.fi\/verkkokauppa\/polkupyorat\/lastenpyorat\/12-tuumaiset-lasten-pyora\/trek-kickster-flamingo-pink\/","url":"https:\/\/vmsport.fi\/verkkokauppa\/polkupyorat\/lastenpyorat\/12-tuumaiset-lasten-pyora\/trek-kickster-flamingo-pink\/","name":"Trek Kickster - Flamingorosa - VM Sport","isPartOf":{"@id":"https:\/\/vmsport.fi\/#website"},"primaryImageOfPage":{"@id":"https:\/\/vmsport.fi\/verkkokauppa\/polkupyorat\/lastenpyorat\/12-tuumaiset-lasten-pyora\/trek-kickster-flamingo-pink\/#primaryimage"},"image":{"@id":"https:\/\/vmsport.fi\/verkkokauppa\/polkupyorat\/lastenpyorat\/12-tuumaiset-lasten-pyora\/trek-kickster-flamingo-pink\/#primaryimage"},"thumbnailUrl":"https:\/\/vmsport.fi\/wp-content\/uploads\/2025\/03\/SrxsZAWWxqnKREaQckW8u7Yjl1Ge2F2gH78QxRGJ8iDvYze3rN-1.jpg","datePublished":"2025-03-05T22:31:34+00:00","dateModified":"2026-01-30T10:26:53+00:00","breadcrumb":{"@id":"https:\/\/vmsport.fi\/verkkokauppa\/polkupyorat\/lastenpyorat\/12-tuumaiset-lasten-pyora\/trek-kickster-flamingo-pink\/#breadcrumb"},"inLanguage":"sv-SE","potentialAction":[{"@type":"ReadAction","target":["https:\/\/vmsport.fi\/verkkokauppa\/polkupyorat\/lastenpyorat\/12-tuumaiset-lasten-pyora\/trek-kickster-flamingo-pink\/"]}]},{"@type":"ImageObject","inLanguage":"sv-SE","@id":"https:\/\/vmsport.fi\/verkkokauppa\/polkupyorat\/lastenpyorat\/12-tuumaiset-lasten-pyora\/trek-kickster-flamingo-pink\/#primaryimage","url":"https:\/\/vmsport.fi\/wp-content\/uploads\/2025\/03\/SrxsZAWWxqnKREaQckW8u7Yjl1Ge2F2gH78QxRGJ8iDvYze3rN-1.jpg","contentUrl":"https:\/\/vmsport.fi\/wp-content\/uploads\/2025\/03\/SrxsZAWWxqnKREaQckW8u7Yjl1Ge2F2gH78QxRGJ8iDvYze3rN-1.jpg","width":1000,"height":725,"caption":"SrxsZAWWxqnKREaQckW8u7Yjl1Ge2F2gH78QxRGJ8iDvYze3rN"},{"@type":"BreadcrumbList","@id":"https:\/\/vmsport.fi\/verkkokauppa\/polkupyorat\/lastenpyorat\/12-tuumaiset-lasten-pyora\/trek-kickster-flamingo-pink\/#breadcrumb","itemListElement":[{"@type":"ListItem","position":1,"name":"Etusivu","item":"https:\/\/vmsport.fi\/"},{"@type":"ListItem","position":2,"name":"Online Store","item":"https:\/\/vmsport.fi\/en\/online-store\/"},{"@type":"ListItem","position":3,"name":"Trek polkupy\u00f6r\u00e4t","item":"https:\/\/vmsport.fi\/sv\/merkki\/trek\/"},{"@type":"ListItem","position":4,"name":"Trek Kickster &#8211; Flamingo Pink"}]},{"@type":"WebSite","@id":"https:\/\/vmsport.fi\/#website","url":"https:\/\/vmsport.fi\/","name":"Vmsport","description":"Allt p\u00e5 ett st\u00e4lle f\u00f6r cykling","publisher":{"@id":"https:\/\/vmsport.fi\/#organization"},"potentialAction":[{"@type":"SearchAction","target":{"@type":"EntryPoint","urlTemplate":"https:\/\/vmsport.fi\/?s={search_term_string}"},"query-input":{"@type":"PropertyValueSpecification","valueRequired":true,"valueName":"search_term_string"}}],"inLanguage":"sv-SE"},{"@type":"Organization","@id":"https:\/\/vmsport.fi\/#organization","name":"Vmsport","url":"https:\/\/vmsport.fi\/","logo":{"@type":"ImageObject","inLanguage":"sv-SE","@id":"https:\/\/vmsport.fi\/#\/schema\/logo\/image\/","url":"https:\/\/vmsport.fi\/wp-content\/uploads\/2024\/12\/vm_sport_RGB_horisontal-e1734526017575.png","contentUrl":"https:\/\/vmsport.fi\/wp-content\/uploads\/2024\/12\/vm_sport_RGB_horisontal-e1734526017575.png","width":668,"height":85,"caption":"Vmsport"},"image":{"@id":"https:\/\/vmsport.fi\/#\/schema\/logo\/image\/"},"sameAs":["https:\/\/www.facebook.com\/Vmsport.fi\/","https:\/\/www.instagram.com\/vmsport\/"]}]}},"global_unique_id":"","_links":{"self":[{"href":"https:\/\/vmsport.fi\/sv\/wp-json\/wp\/v2\/product\/57357","targetHints":{"allow":["GET"]}}],"collection":[{"href":"https:\/\/vmsport.fi\/sv\/wp-json\/wp\/v2\/product"}],"about":[{"href":"https:\/\/vmsport.fi\/sv\/wp-json\/wp\/v2\/types\/product"}],"replies":[{"embeddable":true,"href":"https:\/\/vmsport.fi\/sv\/wp-json\/wp\/v2\/comments?post=57357"}],"wp:featuredmedia":[{"embeddable":true,"href":"https:\/\/vmsport.fi\/sv\/wp-json\/wp\/v2\/media\/57349"}],"wp:attachment":[{"href":"https:\/\/vmsport.fi\/sv\/wp-json\/wp\/v2\/media?parent=57357"}],"wp:term":[{"taxonomy":"product_brand","embeddable":true,"href":"https:\/\/vmsport.fi\/sv\/wp-json\/wp\/v2\/product_brand?post=57357"},{"taxonomy":"product_model","embeddable":true,"href":"https:\/\/vmsport.fi\/sv\/wp-json\/wp\/v2\/product_model?post=57357"},{"taxonomy":"product_cat","embeddable":true,"href":"https:\/\/vmsport.fi\/sv\/wp-json\/wp\/v2\/product_cat?post=57357"},{"taxonomy":"product_tag","embeddable":true,"href":"https:\/\/vmsport.fi\/sv\/wp-json\/wp\/v2\/product_tag?post=57357"},{"taxonomy":"industry_terminology","embeddable":true,"href":"https:\/\/vmsport.fi\/sv\/wp-json\/wp\/v2\/industry-terminology?post=57357"}],"curies":[{"name":"wp","href":"https:\/\/api.w.org\/{rel}","templated":true}]}}