{"id":57348,"date":"2025-03-06T00:31:27","date_gmt":"2025-03-05T22:31:27","guid":{"rendered":"https:\/\/vmsport.fi\/verkkokauppa\/Ei-luokiteltu\/xlc-jarrukahva-bl-c04-black\/"},"modified":"2026-04-22T15:09:16","modified_gmt":"2026-04-22T12:09:16","slug":"xlc-bromshandtag-bl-c04-svart","status":"publish","type":"product","link":"https:\/\/vmsport.fi\/sv\/verkkokauppa\/varaosat\/jarrut\/jarrukahvat\/xlc-jarrukahva-bl-c04-black\/","title":{"rendered":"XLC Bromshandtag BL-C04 Svart"},"content":{"rendered":"<p>XLC bromshandtag BL-C04 \u00e4r ett utm\u00e4rkt val f\u00f6r cyklister som letar efter en p\u00e5litlig och effektiv bromsl\u00f6sning f\u00f6r sitt styre. N\u00e4r det h\u00e4r noggrant utformade tillbeh\u00f6ret \u00e4r monterat s\u00e4kerst\u00e4ller det en smidig och tillf\u00f6rlitlig bromsning. Den ergonomiska designen f\u00f6rb\u00e4ttrar komforten och f\u00f6rl\u00e4nger produktens livsl\u00e4ngd, vilket g\u00f6r den l\u00e4mplig f\u00f6r ett brett spektrum av cykelf\u00f6rh\u00e5llanden. Dessutom \u00e4r den h\u00e4r bromshandtaget l\u00e4tt att justera, vilket g\u00f6r att din cykel kan anv\u00e4ndas och prestera optimalt.<\/p>","protected":false},"excerpt":{"rendered":"<p>XLC Jarrukahva BL-C04 on loistava valinta py\u00f6r\u00e4ilij\u00f6ille, jotka etsiv\u00e4t luotettavaa ja tehokasta jarrutusratkaisua ohjaustangolleen. Kun t\u00e4m\u00e4 huolellisesti suunniteltu lis\u00e4varuste on asennettuna, se takaa tasaisen ja varman jarrutuksen. Ergonominen muotoilu parantaa k\u00e4ytt\u00f6mukavuutta ja pident\u00e4\u00e4 tuotteen k\u00e4ytt\u00f6ik\u00e4\u00e4, mik\u00e4 tekee siit\u00e4 sopivan monenlaisiin py\u00f6r\u00e4ilyolosuhteisiin. Lis\u00e4ksi, t\u00e4m\u00e4 jarrukahva on helposti s\u00e4\u00e4dett\u00e4viss\u00e4, mik\u00e4 mahdollistaa py\u00f6r\u00e4si optimaalisen toiminnan ja suorituskyvyn. [&#8230;]<\/p>\n<p><a class=\"btn btn-secondary understrap-read-more-link\" href=\"https:\/\/vmsport.fi\/sv\/verkkokauppa\/varaosat\/jarrut\/jarrukahvat\/xlc-jarrukahva-bl-c04-black\/\">L\u00e4s mer \u2026<span class=\"screen-reader-text\"> from XLC Jarrukahva BL-C04 Black<\/span><\/a><\/p>\n","protected":false},"featured_media":57347,"comment_status":"open","ping_status":"closed","template":"","meta":{"_acf_changed":false,"_improvement_type_select":"improve_an_existing","_thumb_yes_seoaic":false,"_frame_yes_seoaic":false,"seoaic_generate_description":"","seoaic_improve_instructions_prompt":"","seoaic_rollback_content_improvement":"","seoaic_idea_thumbnail_generator":"","thumbnail_generated":false,"thumbnail_generate_prompt":"","seoaic_article_description":"","_supplier_stock_quantity":0},"product_brand":[],"product_model":[],"product_cat":[9430],"product_tag":[],"industry-terminology":[],"class_list":{"0":"post-57348","1":"product","2":"type-product","3":"status-publish","4":"has-post-thumbnail","6":"product_cat-jarrukahvat","8":"first","9":"outofstock","10":"taxable","11":"shipping-taxable","12":"product-type-simple"},"acf":{"bike_features":null,"overview":{"copy_overview":null,"key_features":null,"statement":"","youtube_url":""}},"yoast_head":"<!-- This site is optimized with the Yoast SEO plugin v27.4 - https:\/\/yoast.com\/product\/yoast-seo-wordpress\/ -->\n<title>XLC Jarrukahva BL-C04 Black - VM Sport<\/title>\n<meta name=\"robots\" content=\"index, follow, max-snippet:-1, max-image-preview:large, max-video-preview:-1\" \/>\n<link rel=\"canonical\" href=\"https:\/\/vmsport.fi\/sv\/webbutik\/reservdelar\/bromsar\/bromshandtag\/xlc-bromshandtag-bl-c04-svart\/\" \/>\n<meta property=\"og:locale\" content=\"sv_SE\" \/>\n<meta property=\"og:type\" content=\"article\" \/>\n<meta property=\"og:title\" content=\"XLC Jarrukahva BL-C04 Black - VM Sport\" \/>\n<meta property=\"og:description\" content=\"XLC Jarrukahva BL-C04 on loistava valinta py\u00f6r\u00e4ilij\u00f6ille, jotka etsiv\u00e4t luotettavaa ja tehokasta jarrutusratkaisua ohjaustangolleen. Kun t\u00e4m\u00e4 huolellisesti suunniteltu lis\u00e4varuste on asennettuna, se takaa tasaisen ja varman jarrutuksen. Ergonominen muotoilu parantaa k\u00e4ytt\u00f6mukavuutta ja pident\u00e4\u00e4 tuotteen k\u00e4ytt\u00f6ik\u00e4\u00e4, mik\u00e4 tekee siit\u00e4 sopivan monenlaisiin py\u00f6r\u00e4ilyolosuhteisiin. Lis\u00e4ksi, t\u00e4m\u00e4 jarrukahva on helposti s\u00e4\u00e4dett\u00e4viss\u00e4, mik\u00e4 mahdollistaa py\u00f6r\u00e4si optimaalisen toiminnan ja suorituskyvyn. [...]L\u00e4s mer \u2026 from XLC Jarrukahva BL-C04 Black\" \/>\n<meta property=\"og:url\" content=\"https:\/\/vmsport.fi\/sv\/webbutik\/reservdelar\/bromsar\/bromshandtag\/xlc-bromshandtag-bl-c04-svart\/\" \/>\n<meta property=\"og:site_name\" content=\"VM Sport\" \/>\n<meta property=\"article:publisher\" content=\"https:\/\/www.facebook.com\/Vmsport.fi\/\" \/>\n<meta property=\"article:modified_time\" content=\"2026-04-22T12:09:16+00:00\" \/>\n<meta property=\"og:image\" content=\"https:\/\/vmsport.fi\/wp-content\/uploads\/2025\/03\/FA87T0K4VXOmp9lsYwuhisVWxUs4Ge74ywFvA3QFQLChXaWz9v-1.jpg\" \/>\n\t<meta property=\"og:image:width\" content=\"800\" \/>\n\t<meta property=\"og:image:height\" content=\"800\" \/>\n\t<meta property=\"og:image:type\" content=\"image\/jpeg\" \/>\n<meta name=\"twitter:card\" content=\"summary_large_image\" \/>\n<script type=\"application\/ld+json\" class=\"yoast-schema-graph\">{\"@context\":\"https:\\\/\\\/schema.org\",\"@graph\":[{\"@type\":[\"WebPage\",\"ItemPage\"],\"@id\":\"https:\\\/\\\/vmsport.fi\\\/verkkokauppa\\\/varaosat\\\/jarrut\\\/jarrukahvat\\\/xlc-jarrukahva-bl-c04-black\\\/\",\"url\":\"https:\\\/\\\/vmsport.fi\\\/verkkokauppa\\\/varaosat\\\/jarrut\\\/jarrukahvat\\\/xlc-jarrukahva-bl-c04-black\\\/\",\"name\":\"XLC Jarrukahva BL-C04 Black - VM Sport\",\"isPartOf\":{\"@id\":\"https:\\\/\\\/vmsport.fi\\\/#website\"},\"primaryImageOfPage\":{\"@id\":\"https:\\\/\\\/vmsport.fi\\\/verkkokauppa\\\/varaosat\\\/jarrut\\\/jarrukahvat\\\/xlc-jarrukahva-bl-c04-black\\\/#primaryimage\"},\"image\":{\"@id\":\"https:\\\/\\\/vmsport.fi\\\/verkkokauppa\\\/varaosat\\\/jarrut\\\/jarrukahvat\\\/xlc-jarrukahva-bl-c04-black\\\/#primaryimage\"},\"thumbnailUrl\":\"https:\\\/\\\/vmsport.fi\\\/wp-content\\\/uploads\\\/2025\\\/03\\\/FA87T0K4VXOmp9lsYwuhisVWxUs4Ge74ywFvA3QFQLChXaWz9v-1.jpg\",\"datePublished\":\"2025-03-05T22:31:27+00:00\",\"dateModified\":\"2026-04-22T12:09:16+00:00\",\"breadcrumb\":{\"@id\":\"https:\\\/\\\/vmsport.fi\\\/verkkokauppa\\\/varaosat\\\/jarrut\\\/jarrukahvat\\\/xlc-jarrukahva-bl-c04-black\\\/#breadcrumb\"},\"inLanguage\":\"sv-SE\",\"potentialAction\":[{\"@type\":\"ReadAction\",\"target\":[\"https:\\\/\\\/vmsport.fi\\\/verkkokauppa\\\/varaosat\\\/jarrut\\\/jarrukahvat\\\/xlc-jarrukahva-bl-c04-black\\\/\"]}]},{\"@type\":\"ImageObject\",\"inLanguage\":\"sv-SE\",\"@id\":\"https:\\\/\\\/vmsport.fi\\\/verkkokauppa\\\/varaosat\\\/jarrut\\\/jarrukahvat\\\/xlc-jarrukahva-bl-c04-black\\\/#primaryimage\",\"url\":\"https:\\\/\\\/vmsport.fi\\\/wp-content\\\/uploads\\\/2025\\\/03\\\/FA87T0K4VXOmp9lsYwuhisVWxUs4Ge74ywFvA3QFQLChXaWz9v-1.jpg\",\"contentUrl\":\"https:\\\/\\\/vmsport.fi\\\/wp-content\\\/uploads\\\/2025\\\/03\\\/FA87T0K4VXOmp9lsYwuhisVWxUs4Ge74ywFvA3QFQLChXaWz9v-1.jpg\",\"width\":800,\"height\":800,\"caption\":\"FA87T0K4VXOmp9lsYwuhisVWxUs4Ge74ywFvA3QFQLChXaWz9v\"},{\"@type\":\"BreadcrumbList\",\"@id\":\"https:\\\/\\\/vmsport.fi\\\/verkkokauppa\\\/varaosat\\\/jarrut\\\/jarrukahvat\\\/xlc-jarrukahva-bl-c04-black\\\/#breadcrumb\",\"itemListElement\":[{\"@type\":\"ListItem\",\"position\":1,\"name\":\"Etusivu\",\"item\":\"https:\\\/\\\/vmsport.fi\\\/\"},{\"@type\":\"ListItem\",\"position\":2,\"name\":\"Online Store\",\"item\":\"https:\\\/\\\/vmsport.fi\\\/en\\\/online-store\\\/\"},{\"@type\":\"ListItem\",\"position\":3,\"name\":\"XLC Jarrukahva BL-C04 Black\"}]},{\"@type\":\"WebSite\",\"@id\":\"https:\\\/\\\/vmsport.fi\\\/#website\",\"url\":\"https:\\\/\\\/vmsport.fi\\\/\",\"name\":\"Vmsport\",\"description\":\"Kaikki py\u00f6r\u00e4ilyyn yhdest\u00e4 paikasta\",\"publisher\":{\"@id\":\"https:\\\/\\\/vmsport.fi\\\/#organization\"},\"potentialAction\":[{\"@type\":\"SearchAction\",\"target\":{\"@type\":\"EntryPoint\",\"urlTemplate\":\"https:\\\/\\\/vmsport.fi\\\/?s={search_term_string}\"},\"query-input\":{\"@type\":\"PropertyValueSpecification\",\"valueRequired\":true,\"valueName\":\"search_term_string\"}}],\"inLanguage\":\"sv-SE\"},{\"@type\":\"Organization\",\"@id\":\"https:\\\/\\\/vmsport.fi\\\/#organization\",\"name\":\"Vmsport\",\"url\":\"https:\\\/\\\/vmsport.fi\\\/\",\"logo\":{\"@type\":\"ImageObject\",\"inLanguage\":\"sv-SE\",\"@id\":\"https:\\\/\\\/vmsport.fi\\\/#\\\/schema\\\/logo\\\/image\\\/\",\"url\":\"https:\\\/\\\/vmsport.fi\\\/wp-content\\\/uploads\\\/2024\\\/12\\\/vm_sport_RGB_horisontal-e1734526017575.png\",\"contentUrl\":\"https:\\\/\\\/vmsport.fi\\\/wp-content\\\/uploads\\\/2024\\\/12\\\/vm_sport_RGB_horisontal-e1734526017575.png\",\"width\":668,\"height\":85,\"caption\":\"Vmsport\"},\"image\":{\"@id\":\"https:\\\/\\\/vmsport.fi\\\/#\\\/schema\\\/logo\\\/image\\\/\"},\"sameAs\":[\"https:\\\/\\\/www.facebook.com\\\/Vmsport.fi\\\/\",\"https:\\\/\\\/www.instagram.com\\\/vmsport\\\/\"]}]}<\/script>\n<!-- \/ Yoast SEO plugin. -->","yoast_head_json":{"title":"XLC Bromshandtag BL-C04 Svart - VM Sport","robots":{"index":"index","follow":"follow","max-snippet":"max-snippet:-1","max-image-preview":"max-image-preview:large","max-video-preview":"max-video-preview:-1"},"canonical":"https:\/\/vmsport.fi\/sv\/webbutik\/reservdelar\/bromsar\/bromshandtag\/xlc-bromshandtag-bl-c04-svart\/","og_locale":"sv_SE","og_type":"article","og_title":"XLC Jarrukahva BL-C04 Black - VM Sport","og_description":"XLC Jarrukahva BL-C04 on loistava valinta py\u00f6r\u00e4ilij\u00f6ille, jotka etsiv\u00e4t luotettavaa ja tehokasta jarrutusratkaisua ohjaustangolleen. Kun t\u00e4m\u00e4 huolellisesti suunniteltu lis\u00e4varuste on asennettuna, se takaa tasaisen ja varman jarrutuksen. Ergonominen muotoilu parantaa k\u00e4ytt\u00f6mukavuutta ja pident\u00e4\u00e4 tuotteen k\u00e4ytt\u00f6ik\u00e4\u00e4, mik\u00e4 tekee siit\u00e4 sopivan monenlaisiin py\u00f6r\u00e4ilyolosuhteisiin. Lis\u00e4ksi, t\u00e4m\u00e4 jarrukahva on helposti s\u00e4\u00e4dett\u00e4viss\u00e4, mik\u00e4 mahdollistaa py\u00f6r\u00e4si optimaalisen toiminnan ja suorituskyvyn. [...]L\u00e4s mer \u2026 from XLC Jarrukahva BL-C04 Black","og_url":"https:\/\/vmsport.fi\/sv\/webbutik\/reservdelar\/bromsar\/bromshandtag\/xlc-bromshandtag-bl-c04-svart\/","og_site_name":"VM Sport","article_publisher":"https:\/\/www.facebook.com\/Vmsport.fi\/","article_modified_time":"2026-04-22T12:09:16+00:00","og_image":[{"width":800,"height":800,"url":"https:\/\/vmsport.fi\/wp-content\/uploads\/2025\/03\/FA87T0K4VXOmp9lsYwuhisVWxUs4Ge74ywFvA3QFQLChXaWz9v-1.jpg","type":"image\/jpeg"}],"twitter_card":"summary_large_image","schema":{"@context":"https:\/\/schema.org","@graph":[{"@type":["WebPage","ItemPage"],"@id":"https:\/\/vmsport.fi\/verkkokauppa\/varaosat\/jarrut\/jarrukahvat\/xlc-jarrukahva-bl-c04-black\/","url":"https:\/\/vmsport.fi\/verkkokauppa\/varaosat\/jarrut\/jarrukahvat\/xlc-jarrukahva-bl-c04-black\/","name":"XLC Bromshandtag BL-C04 Svart - VM Sport","isPartOf":{"@id":"https:\/\/vmsport.fi\/#website"},"primaryImageOfPage":{"@id":"https:\/\/vmsport.fi\/verkkokauppa\/varaosat\/jarrut\/jarrukahvat\/xlc-jarrukahva-bl-c04-black\/#primaryimage"},"image":{"@id":"https:\/\/vmsport.fi\/verkkokauppa\/varaosat\/jarrut\/jarrukahvat\/xlc-jarrukahva-bl-c04-black\/#primaryimage"},"thumbnailUrl":"https:\/\/vmsport.fi\/wp-content\/uploads\/2025\/03\/FA87T0K4VXOmp9lsYwuhisVWxUs4Ge74ywFvA3QFQLChXaWz9v-1.jpg","datePublished":"2025-03-05T22:31:27+00:00","dateModified":"2026-04-22T12:09:16+00:00","breadcrumb":{"@id":"https:\/\/vmsport.fi\/verkkokauppa\/varaosat\/jarrut\/jarrukahvat\/xlc-jarrukahva-bl-c04-black\/#breadcrumb"},"inLanguage":"sv-SE","potentialAction":[{"@type":"ReadAction","target":["https:\/\/vmsport.fi\/verkkokauppa\/varaosat\/jarrut\/jarrukahvat\/xlc-jarrukahva-bl-c04-black\/"]}]},{"@type":"ImageObject","inLanguage":"sv-SE","@id":"https:\/\/vmsport.fi\/verkkokauppa\/varaosat\/jarrut\/jarrukahvat\/xlc-jarrukahva-bl-c04-black\/#primaryimage","url":"https:\/\/vmsport.fi\/wp-content\/uploads\/2025\/03\/FA87T0K4VXOmp9lsYwuhisVWxUs4Ge74ywFvA3QFQLChXaWz9v-1.jpg","contentUrl":"https:\/\/vmsport.fi\/wp-content\/uploads\/2025\/03\/FA87T0K4VXOmp9lsYwuhisVWxUs4Ge74ywFvA3QFQLChXaWz9v-1.jpg","width":800,"height":800,"caption":"FA87T0K4VXOmp9lsYwuhisVWxUs4Ge74ywFvA3QFQLChXaWz9v"},{"@type":"BreadcrumbList","@id":"https:\/\/vmsport.fi\/verkkokauppa\/varaosat\/jarrut\/jarrukahvat\/xlc-jarrukahva-bl-c04-black\/#breadcrumb","itemListElement":[{"@type":"ListItem","position":1,"name":"Etusivu","item":"https:\/\/vmsport.fi\/"},{"@type":"ListItem","position":2,"name":"Online Store","item":"https:\/\/vmsport.fi\/en\/online-store\/"},{"@type":"ListItem","position":3,"name":"XLC Jarrukahva BL-C04 Black"}]},{"@type":"WebSite","@id":"https:\/\/vmsport.fi\/#website","url":"https:\/\/vmsport.fi\/","name":"Vmsport","description":"Allt p\u00e5 ett st\u00e4lle f\u00f6r cykling","publisher":{"@id":"https:\/\/vmsport.fi\/#organization"},"potentialAction":[{"@type":"SearchAction","target":{"@type":"EntryPoint","urlTemplate":"https:\/\/vmsport.fi\/?s={search_term_string}"},"query-input":{"@type":"PropertyValueSpecification","valueRequired":true,"valueName":"search_term_string"}}],"inLanguage":"sv-SE"},{"@type":"Organization","@id":"https:\/\/vmsport.fi\/#organization","name":"Vmsport","url":"https:\/\/vmsport.fi\/","logo":{"@type":"ImageObject","inLanguage":"sv-SE","@id":"https:\/\/vmsport.fi\/#\/schema\/logo\/image\/","url":"https:\/\/vmsport.fi\/wp-content\/uploads\/2024\/12\/vm_sport_RGB_horisontal-e1734526017575.png","contentUrl":"https:\/\/vmsport.fi\/wp-content\/uploads\/2024\/12\/vm_sport_RGB_horisontal-e1734526017575.png","width":668,"height":85,"caption":"Vmsport"},"image":{"@id":"https:\/\/vmsport.fi\/#\/schema\/logo\/image\/"},"sameAs":["https:\/\/www.facebook.com\/Vmsport.fi\/","https:\/\/www.instagram.com\/vmsport\/"]}]}},"global_unique_id":"","_links":{"self":[{"href":"https:\/\/vmsport.fi\/sv\/wp-json\/wp\/v2\/product\/57348","targetHints":{"allow":["GET"]}}],"collection":[{"href":"https:\/\/vmsport.fi\/sv\/wp-json\/wp\/v2\/product"}],"about":[{"href":"https:\/\/vmsport.fi\/sv\/wp-json\/wp\/v2\/types\/product"}],"replies":[{"embeddable":true,"href":"https:\/\/vmsport.fi\/sv\/wp-json\/wp\/v2\/comments?post=57348"}],"wp:featuredmedia":[{"embeddable":true,"href":"https:\/\/vmsport.fi\/sv\/wp-json\/wp\/v2\/media\/57347"}],"wp:attachment":[{"href":"https:\/\/vmsport.fi\/sv\/wp-json\/wp\/v2\/media?parent=57348"}],"wp:term":[{"taxonomy":"product_brand","embeddable":true,"href":"https:\/\/vmsport.fi\/sv\/wp-json\/wp\/v2\/product_brand?post=57348"},{"taxonomy":"product_model","embeddable":true,"href":"https:\/\/vmsport.fi\/sv\/wp-json\/wp\/v2\/product_model?post=57348"},{"taxonomy":"product_cat","embeddable":true,"href":"https:\/\/vmsport.fi\/sv\/wp-json\/wp\/v2\/product_cat?post=57348"},{"taxonomy":"product_tag","embeddable":true,"href":"https:\/\/vmsport.fi\/sv\/wp-json\/wp\/v2\/product_tag?post=57348"},{"taxonomy":"industry_terminology","embeddable":true,"href":"https:\/\/vmsport.fi\/sv\/wp-json\/wp\/v2\/industry-terminology?post=57348"}],"curies":[{"name":"wp","href":"https:\/\/api.w.org\/{rel}","templated":true}]}}