{"id":57345,"date":"2025-03-06T00:31:25","date_gmt":"2025-03-05T22:31:25","guid":{"rendered":"https:\/\/vmsport.fi\/verkkokauppa\/Ei-luokiteltu\/xlc-stem-st-m15-60-mm-35-o254-mm-black-1-1-8\/"},"modified":"2026-04-22T15:05:47","modified_gmt":"2026-04-22T12:05:47","slug":"xlc-stem-st-m15-60-mm-35-o254-mm-black-1-1-8","status":"publish","type":"product","link":"https:\/\/vmsport.fi\/sv\/verkkokauppa\/varaosat\/ohjaamo\/ohjainkannattimet\/xlc-stem-st-m15-60-mm-35-o254-mm-black-1-1-8\/","title":{"rendered":"XLC Stem ST-M15 60 mm 35\u00b0 \u00d825,4 mm, svart, 1-1\/8\u2033"},"content":{"rendered":"<p>XLC:n ohjainkannatin ST-M15, jonka pituus on 60 mm ja kulma 35 astetta, tarjoaa luotettavaa suorituskyky\u00e4 elegantissa mustassa v\u00e4riss\u00e4. T\u00e4m\u00e4 ohjainkannatin, jonka halkaisija on 25,4 mm ja joka sopii 1-1\/8 tuuman em\u00e4putkeen, parantaa py\u00f6r\u00e4n hallittavuutta ja ajomukavuutta. Se on erinomainen valinta maastopy\u00f6riin ja muihin polkupy\u00f6r\u00e4malleihin, joissa tarvitaan kest\u00e4vyytt\u00e4 ja tehokkuutta.<\/p>","protected":false},"excerpt":{"rendered":"<p>XLC:n ohjainkannatin ST-M15, jonka pituus on 60 mm ja kulma 35 astetta, tarjoaa luotettavaa suorituskyky\u00e4 elegantissa mustassa v\u00e4riss\u00e4. T\u00e4m\u00e4 ohjainkannatin, jonka halkaisija on 25,4 mm ja joka sopii 1-1\/8 tuuman em\u00e4putkeen, parantaa py\u00f6r\u00e4n hallittavuutta ja ajomukavuutta. Se on erinomainen valinta maastopy\u00f6riin ja muihin polkupy\u00f6r\u00e4malleihin, joissa tarvitaan kest\u00e4vyytt\u00e4 ja tehokkuutta. [&#8230;]<\/p>\n<p><a class=\"btn btn-secondary understrap-read-more-link\" href=\"https:\/\/vmsport.fi\/sv\/verkkokauppa\/varaosat\/ohjaamo\/ohjainkannattimet\/xlc-stem-st-m15-60-mm-35-o254-mm-black-1-1-8\/\">L\u00e4s mer \u2026<span class=\"screen-reader-text\"> from XLC Stem ST-M15 60 mm 35\u00b0 \u00d825,4 mm, Black, 1-1\/8&#8243;<\/span><\/a><\/p>\n","protected":false},"featured_media":57344,"comment_status":"open","ping_status":"closed","template":"","meta":{"_acf_changed":false,"_improvement_type_select":"improve_an_existing","_thumb_yes_seoaic":false,"_frame_yes_seoaic":false,"seoaic_generate_description":"","seoaic_improve_instructions_prompt":"","seoaic_rollback_content_improvement":"","seoaic_idea_thumbnail_generator":"","thumbnail_generated":false,"thumbnail_generate_prompt":"","seoaic_article_description":"","_supplier_stock_quantity":0},"product_brand":[],"product_model":[],"product_cat":[9432],"product_tag":[],"industry-terminology":[],"class_list":{"0":"post-57345","1":"product","2":"type-product","3":"status-publish","4":"has-post-thumbnail","6":"product_cat-ohjainkannattimet","8":"first","9":"outofstock","10":"taxable","11":"shipping-taxable","12":"product-type-simple"},"acf":{"bike_features":null,"overview":{"copy_overview":null,"key_features":null,"statement":"","youtube_url":""}},"yoast_head":"<!-- This site is optimized with the Yoast SEO plugin v27.4 - https:\/\/yoast.com\/product\/yoast-seo-wordpress\/ -->\n<title>XLC Stem ST-M15 60 mm 35\u00b0 \u00d825,4 mm, Black, 1-1\/8&quot; - VM Sport<\/title>\n<meta name=\"robots\" content=\"index, follow, max-snippet:-1, max-image-preview:large, max-video-preview:-1\" \/>\n<link rel=\"canonical\" href=\"https:\/\/vmsport.fi\/sv\/webbutik\/reservdelar\/taxi\/styrfasten\/xlc-stem-st-m15-60-mm-35-o254-mm-black-1-1-8\/\" \/>\n<meta property=\"og:locale\" content=\"sv_SE\" \/>\n<meta property=\"og:type\" content=\"article\" \/>\n<meta property=\"og:title\" content=\"XLC Stem ST-M15 60 mm 35\u00b0 \u00d825,4 mm, Black, 1-1\/8&quot; - VM Sport\" \/>\n<meta property=\"og:description\" content=\"XLC:n ohjainkannatin ST-M15, jonka pituus on 60 mm ja kulma 35 astetta, tarjoaa luotettavaa suorituskyky\u00e4 elegantissa mustassa v\u00e4riss\u00e4. T\u00e4m\u00e4 ohjainkannatin, jonka halkaisija on 25,4 mm ja joka sopii 1-1\/8 tuuman em\u00e4putkeen, parantaa py\u00f6r\u00e4n hallittavuutta ja ajomukavuutta. Se on erinomainen valinta maastopy\u00f6riin ja muihin polkupy\u00f6r\u00e4malleihin, joissa tarvitaan kest\u00e4vyytt\u00e4 ja tehokkuutta. [...]L\u00e4s mer \u2026 from XLC Stem ST-M15 60 mm 35\u00b0 \u00d825,4 mm, Black, 1-1\/8&#8243;\" \/>\n<meta property=\"og:url\" content=\"https:\/\/vmsport.fi\/sv\/webbutik\/reservdelar\/taxi\/styrfasten\/xlc-stem-st-m15-60-mm-35-o254-mm-black-1-1-8\/\" \/>\n<meta property=\"og:site_name\" content=\"VM Sport\" \/>\n<meta property=\"article:publisher\" content=\"https:\/\/www.facebook.com\/Vmsport.fi\/\" \/>\n<meta property=\"article:modified_time\" content=\"2026-04-22T12:05:47+00:00\" \/>\n<meta property=\"og:image\" content=\"https:\/\/vmsport.fi\/wp-content\/uploads\/2025\/03\/e33ha2kXX8sOqjUwB430mVgbwheItpxdWKg84mR8zdv02CepJw-1.jpg\" \/>\n\t<meta property=\"og:image:width\" content=\"345\" \/>\n\t<meta property=\"og:image:height\" content=\"247\" \/>\n\t<meta property=\"og:image:type\" content=\"image\/jpeg\" \/>\n<meta name=\"twitter:card\" content=\"summary_large_image\" \/>\n<script type=\"application\/ld+json\" class=\"yoast-schema-graph\">{\"@context\":\"https:\\\/\\\/schema.org\",\"@graph\":[{\"@type\":[\"WebPage\",\"ItemPage\"],\"@id\":\"https:\\\/\\\/vmsport.fi\\\/verkkokauppa\\\/varaosat\\\/ohjaamo\\\/ohjainkannattimet\\\/xlc-stem-st-m15-60-mm-35-o254-mm-black-1-1-8\\\/\",\"url\":\"https:\\\/\\\/vmsport.fi\\\/verkkokauppa\\\/varaosat\\\/ohjaamo\\\/ohjainkannattimet\\\/xlc-stem-st-m15-60-mm-35-o254-mm-black-1-1-8\\\/\",\"name\":\"XLC Stem ST-M15 60 mm 35\u00b0 \u00d825,4 mm, Black, 1-1\\\/8\\\" - VM Sport\",\"isPartOf\":{\"@id\":\"https:\\\/\\\/vmsport.fi\\\/#website\"},\"primaryImageOfPage\":{\"@id\":\"https:\\\/\\\/vmsport.fi\\\/verkkokauppa\\\/varaosat\\\/ohjaamo\\\/ohjainkannattimet\\\/xlc-stem-st-m15-60-mm-35-o254-mm-black-1-1-8\\\/#primaryimage\"},\"image\":{\"@id\":\"https:\\\/\\\/vmsport.fi\\\/verkkokauppa\\\/varaosat\\\/ohjaamo\\\/ohjainkannattimet\\\/xlc-stem-st-m15-60-mm-35-o254-mm-black-1-1-8\\\/#primaryimage\"},\"thumbnailUrl\":\"https:\\\/\\\/vmsport.fi\\\/wp-content\\\/uploads\\\/2025\\\/03\\\/e33ha2kXX8sOqjUwB430mVgbwheItpxdWKg84mR8zdv02CepJw-1.jpg\",\"datePublished\":\"2025-03-05T22:31:25+00:00\",\"dateModified\":\"2026-04-22T12:05:47+00:00\",\"breadcrumb\":{\"@id\":\"https:\\\/\\\/vmsport.fi\\\/verkkokauppa\\\/varaosat\\\/ohjaamo\\\/ohjainkannattimet\\\/xlc-stem-st-m15-60-mm-35-o254-mm-black-1-1-8\\\/#breadcrumb\"},\"inLanguage\":\"sv-SE\",\"potentialAction\":[{\"@type\":\"ReadAction\",\"target\":[\"https:\\\/\\\/vmsport.fi\\\/verkkokauppa\\\/varaosat\\\/ohjaamo\\\/ohjainkannattimet\\\/xlc-stem-st-m15-60-mm-35-o254-mm-black-1-1-8\\\/\"]}]},{\"@type\":\"ImageObject\",\"inLanguage\":\"sv-SE\",\"@id\":\"https:\\\/\\\/vmsport.fi\\\/verkkokauppa\\\/varaosat\\\/ohjaamo\\\/ohjainkannattimet\\\/xlc-stem-st-m15-60-mm-35-o254-mm-black-1-1-8\\\/#primaryimage\",\"url\":\"https:\\\/\\\/vmsport.fi\\\/wp-content\\\/uploads\\\/2025\\\/03\\\/e33ha2kXX8sOqjUwB430mVgbwheItpxdWKg84mR8zdv02CepJw-1.jpg\",\"contentUrl\":\"https:\\\/\\\/vmsport.fi\\\/wp-content\\\/uploads\\\/2025\\\/03\\\/e33ha2kXX8sOqjUwB430mVgbwheItpxdWKg84mR8zdv02CepJw-1.jpg\",\"width\":345,\"height\":247,\"caption\":\"e33ha2kXX8sOqjUwB430mVgbwheItpxdWKg84mR8zdv02CepJw\"},{\"@type\":\"BreadcrumbList\",\"@id\":\"https:\\\/\\\/vmsport.fi\\\/verkkokauppa\\\/varaosat\\\/ohjaamo\\\/ohjainkannattimet\\\/xlc-stem-st-m15-60-mm-35-o254-mm-black-1-1-8\\\/#breadcrumb\",\"itemListElement\":[{\"@type\":\"ListItem\",\"position\":1,\"name\":\"Etusivu\",\"item\":\"https:\\\/\\\/vmsport.fi\\\/\"},{\"@type\":\"ListItem\",\"position\":2,\"name\":\"Online Store\",\"item\":\"https:\\\/\\\/vmsport.fi\\\/en\\\/online-store\\\/\"},{\"@type\":\"ListItem\",\"position\":3,\"name\":\"XLC Stem ST-M15 60 mm 35\u00b0 \u00d825,4 mm, Black, 1-1\\\/8&#8243;\"}]},{\"@type\":\"WebSite\",\"@id\":\"https:\\\/\\\/vmsport.fi\\\/#website\",\"url\":\"https:\\\/\\\/vmsport.fi\\\/\",\"name\":\"Vmsport\",\"description\":\"Kaikki py\u00f6r\u00e4ilyyn yhdest\u00e4 paikasta\",\"publisher\":{\"@id\":\"https:\\\/\\\/vmsport.fi\\\/#organization\"},\"potentialAction\":[{\"@type\":\"SearchAction\",\"target\":{\"@type\":\"EntryPoint\",\"urlTemplate\":\"https:\\\/\\\/vmsport.fi\\\/?s={search_term_string}\"},\"query-input\":{\"@type\":\"PropertyValueSpecification\",\"valueRequired\":true,\"valueName\":\"search_term_string\"}}],\"inLanguage\":\"sv-SE\"},{\"@type\":\"Organization\",\"@id\":\"https:\\\/\\\/vmsport.fi\\\/#organization\",\"name\":\"Vmsport\",\"url\":\"https:\\\/\\\/vmsport.fi\\\/\",\"logo\":{\"@type\":\"ImageObject\",\"inLanguage\":\"sv-SE\",\"@id\":\"https:\\\/\\\/vmsport.fi\\\/#\\\/schema\\\/logo\\\/image\\\/\",\"url\":\"https:\\\/\\\/vmsport.fi\\\/wp-content\\\/uploads\\\/2024\\\/12\\\/vm_sport_RGB_horisontal-e1734526017575.png\",\"contentUrl\":\"https:\\\/\\\/vmsport.fi\\\/wp-content\\\/uploads\\\/2024\\\/12\\\/vm_sport_RGB_horisontal-e1734526017575.png\",\"width\":668,\"height\":85,\"caption\":\"Vmsport\"},\"image\":{\"@id\":\"https:\\\/\\\/vmsport.fi\\\/#\\\/schema\\\/logo\\\/image\\\/\"},\"sameAs\":[\"https:\\\/\\\/www.facebook.com\\\/Vmsport.fi\\\/\",\"https:\\\/\\\/www.instagram.com\\\/vmsport\\\/\"]}]}<\/script>\n<!-- \/ Yoast SEO plugin. -->","yoast_head_json":{"title":"XLC Stem ST-M15 60 mm 35\u00b0 \u00d825,4 mm, Black, 1-1\/8\" - VM Sport","robots":{"index":"index","follow":"follow","max-snippet":"max-snippet:-1","max-image-preview":"max-image-preview:large","max-video-preview":"max-video-preview:-1"},"canonical":"https:\/\/vmsport.fi\/sv\/webbutik\/reservdelar\/taxi\/styrfasten\/xlc-stem-st-m15-60-mm-35-o254-mm-black-1-1-8\/","og_locale":"sv_SE","og_type":"article","og_title":"XLC Stem ST-M15 60 mm 35\u00b0 \u00d825,4 mm, Black, 1-1\/8\" - VM Sport","og_description":"XLC:n ohjainkannatin ST-M15, jonka pituus on 60 mm ja kulma 35 astetta, tarjoaa luotettavaa suorituskyky\u00e4 elegantissa mustassa v\u00e4riss\u00e4. T\u00e4m\u00e4 ohjainkannatin, jonka halkaisija on 25,4 mm ja joka sopii 1-1\/8 tuuman em\u00e4putkeen, parantaa py\u00f6r\u00e4n hallittavuutta ja ajomukavuutta. Se on erinomainen valinta maastopy\u00f6riin ja muihin polkupy\u00f6r\u00e4malleihin, joissa tarvitaan kest\u00e4vyytt\u00e4 ja tehokkuutta. [...]L\u00e4s mer \u2026 from XLC Stem ST-M15 60 mm 35\u00b0 \u00d825,4 mm, Black, 1-1\/8&#8243;","og_url":"https:\/\/vmsport.fi\/sv\/webbutik\/reservdelar\/taxi\/styrfasten\/xlc-stem-st-m15-60-mm-35-o254-mm-black-1-1-8\/","og_site_name":"VM Sport","article_publisher":"https:\/\/www.facebook.com\/Vmsport.fi\/","article_modified_time":"2026-04-22T12:05:47+00:00","og_image":[{"width":345,"height":247,"url":"https:\/\/vmsport.fi\/wp-content\/uploads\/2025\/03\/e33ha2kXX8sOqjUwB430mVgbwheItpxdWKg84mR8zdv02CepJw-1.jpg","type":"image\/jpeg"}],"twitter_card":"summary_large_image","schema":{"@context":"https:\/\/schema.org","@graph":[{"@type":["WebPage","ItemPage"],"@id":"https:\/\/vmsport.fi\/verkkokauppa\/varaosat\/ohjaamo\/ohjainkannattimet\/xlc-stem-st-m15-60-mm-35-o254-mm-black-1-1-8\/","url":"https:\/\/vmsport.fi\/verkkokauppa\/varaosat\/ohjaamo\/ohjainkannattimet\/xlc-stem-st-m15-60-mm-35-o254-mm-black-1-1-8\/","name":"XLC Stem ST-M15 60 mm 35\u00b0 \u00d825,4 mm, Black, 1-1\/8\" - VM Sport","isPartOf":{"@id":"https:\/\/vmsport.fi\/#website"},"primaryImageOfPage":{"@id":"https:\/\/vmsport.fi\/verkkokauppa\/varaosat\/ohjaamo\/ohjainkannattimet\/xlc-stem-st-m15-60-mm-35-o254-mm-black-1-1-8\/#primaryimage"},"image":{"@id":"https:\/\/vmsport.fi\/verkkokauppa\/varaosat\/ohjaamo\/ohjainkannattimet\/xlc-stem-st-m15-60-mm-35-o254-mm-black-1-1-8\/#primaryimage"},"thumbnailUrl":"https:\/\/vmsport.fi\/wp-content\/uploads\/2025\/03\/e33ha2kXX8sOqjUwB430mVgbwheItpxdWKg84mR8zdv02CepJw-1.jpg","datePublished":"2025-03-05T22:31:25+00:00","dateModified":"2026-04-22T12:05:47+00:00","breadcrumb":{"@id":"https:\/\/vmsport.fi\/verkkokauppa\/varaosat\/ohjaamo\/ohjainkannattimet\/xlc-stem-st-m15-60-mm-35-o254-mm-black-1-1-8\/#breadcrumb"},"inLanguage":"sv-SE","potentialAction":[{"@type":"ReadAction","target":["https:\/\/vmsport.fi\/verkkokauppa\/varaosat\/ohjaamo\/ohjainkannattimet\/xlc-stem-st-m15-60-mm-35-o254-mm-black-1-1-8\/"]}]},{"@type":"ImageObject","inLanguage":"sv-SE","@id":"https:\/\/vmsport.fi\/verkkokauppa\/varaosat\/ohjaamo\/ohjainkannattimet\/xlc-stem-st-m15-60-mm-35-o254-mm-black-1-1-8\/#primaryimage","url":"https:\/\/vmsport.fi\/wp-content\/uploads\/2025\/03\/e33ha2kXX8sOqjUwB430mVgbwheItpxdWKg84mR8zdv02CepJw-1.jpg","contentUrl":"https:\/\/vmsport.fi\/wp-content\/uploads\/2025\/03\/e33ha2kXX8sOqjUwB430mVgbwheItpxdWKg84mR8zdv02CepJw-1.jpg","width":345,"height":247,"caption":"e33ha2kXX8sOqjUwB430mVgbwheItpxdWKg84mR8zdv02CepJw"},{"@type":"BreadcrumbList","@id":"https:\/\/vmsport.fi\/verkkokauppa\/varaosat\/ohjaamo\/ohjainkannattimet\/xlc-stem-st-m15-60-mm-35-o254-mm-black-1-1-8\/#breadcrumb","itemListElement":[{"@type":"ListItem","position":1,"name":"Etusivu","item":"https:\/\/vmsport.fi\/"},{"@type":"ListItem","position":2,"name":"Online Store","item":"https:\/\/vmsport.fi\/en\/online-store\/"},{"@type":"ListItem","position":3,"name":"XLC Stem ST-M15 60 mm 35\u00b0 \u00d825,4 mm, Black, 1-1\/8&#8243;"}]},{"@type":"WebSite","@id":"https:\/\/vmsport.fi\/#website","url":"https:\/\/vmsport.fi\/","name":"Vmsport","description":"Allt p\u00e5 ett st\u00e4lle f\u00f6r cykling","publisher":{"@id":"https:\/\/vmsport.fi\/#organization"},"potentialAction":[{"@type":"SearchAction","target":{"@type":"EntryPoint","urlTemplate":"https:\/\/vmsport.fi\/?s={search_term_string}"},"query-input":{"@type":"PropertyValueSpecification","valueRequired":true,"valueName":"search_term_string"}}],"inLanguage":"sv-SE"},{"@type":"Organization","@id":"https:\/\/vmsport.fi\/#organization","name":"Vmsport","url":"https:\/\/vmsport.fi\/","logo":{"@type":"ImageObject","inLanguage":"sv-SE","@id":"https:\/\/vmsport.fi\/#\/schema\/logo\/image\/","url":"https:\/\/vmsport.fi\/wp-content\/uploads\/2024\/12\/vm_sport_RGB_horisontal-e1734526017575.png","contentUrl":"https:\/\/vmsport.fi\/wp-content\/uploads\/2024\/12\/vm_sport_RGB_horisontal-e1734526017575.png","width":668,"height":85,"caption":"Vmsport"},"image":{"@id":"https:\/\/vmsport.fi\/#\/schema\/logo\/image\/"},"sameAs":["https:\/\/www.facebook.com\/Vmsport.fi\/","https:\/\/www.instagram.com\/vmsport\/"]}]}},"global_unique_id":"","_links":{"self":[{"href":"https:\/\/vmsport.fi\/sv\/wp-json\/wp\/v2\/product\/57345","targetHints":{"allow":["GET"]}}],"collection":[{"href":"https:\/\/vmsport.fi\/sv\/wp-json\/wp\/v2\/product"}],"about":[{"href":"https:\/\/vmsport.fi\/sv\/wp-json\/wp\/v2\/types\/product"}],"replies":[{"embeddable":true,"href":"https:\/\/vmsport.fi\/sv\/wp-json\/wp\/v2\/comments?post=57345"}],"wp:featuredmedia":[{"embeddable":true,"href":"https:\/\/vmsport.fi\/sv\/wp-json\/wp\/v2\/media\/57344"}],"wp:attachment":[{"href":"https:\/\/vmsport.fi\/sv\/wp-json\/wp\/v2\/media?parent=57345"}],"wp:term":[{"taxonomy":"product_brand","embeddable":true,"href":"https:\/\/vmsport.fi\/sv\/wp-json\/wp\/v2\/product_brand?post=57345"},{"taxonomy":"product_model","embeddable":true,"href":"https:\/\/vmsport.fi\/sv\/wp-json\/wp\/v2\/product_model?post=57345"},{"taxonomy":"product_cat","embeddable":true,"href":"https:\/\/vmsport.fi\/sv\/wp-json\/wp\/v2\/product_cat?post=57345"},{"taxonomy":"product_tag","embeddable":true,"href":"https:\/\/vmsport.fi\/sv\/wp-json\/wp\/v2\/product_tag?post=57345"},{"taxonomy":"industry_terminology","embeddable":true,"href":"https:\/\/vmsport.fi\/sv\/wp-json\/wp\/v2\/industry-terminology?post=57345"}],"curies":[{"name":"wp","href":"https:\/\/api.w.org\/{rel}","templated":true}]}}