{"id":57339,"date":"2025-03-06T00:31:23","date_gmt":"2025-03-05T22:31:23","guid":{"rendered":"https:\/\/vmsport.fi\/verkkokauppa\/Ei-luokiteltu\/jakorasia-di2-3-porttia\/"},"modified":"2026-01-16T13:22:40","modified_gmt":"2026-01-16T11:22:40","slug":"smyckeskrin-di2-3-portar","status":"publish","type":"product","link":"https:\/\/vmsport.fi\/sv\/verkkokauppa\/varaosat\/vaihteistot\/sahkovaihteet-ja-osat\/jakorasia-di2-3-porttia\/","title":{"rendered":"Smyckeskrin Di2 3 portar"},"content":{"rendered":"<p>Shimano Di2 splitterbox, med tre anslutningspunkter, \u00e4r en viktig del av det elektroniska cykelsystemet. Detta svarta smyckeskrin s\u00e4kerst\u00e4ller en tillf\u00f6rlitlig anslutning mellan komponenterna i Di2-systemet, vilket f\u00f6rb\u00e4ttrar prestandan och garanterar problemfri drift. Den kompakta designen g\u00f6r den enkel att montera p\u00e5 en m\u00e4ngd olika hjulmodeller, vilket \u00f6kar dess flexibilitet och anv\u00e4ndbarhet.<\/p>","protected":false},"excerpt":{"rendered":"<p>Shimano Di2 -jakorasia, jossa on kolme liit\u00e4nt\u00e4paikkaa, on keskeinen osa elektronista py\u00f6r\u00e4j\u00e4rjestelm\u00e4\u00e4. T\u00e4m\u00e4 musta jakorasia varmistaa luotettavan kytkenn\u00e4n Di2-j\u00e4rjestelm\u00e4n osien v\u00e4lill\u00e4, mik\u00e4 parantaa suorituskyky\u00e4 ja takaa h\u00e4iri\u00f6tt\u00f6m\u00e4n toiminnan. Sen kompakti muotoilu tekee siit\u00e4 helpon asentaa useisiin eri py\u00f6r\u00e4malleihin, mik\u00e4 lis\u00e4\u00e4 sen joustavuutta ja k\u00e4yt\u00e4nn\u00f6llisyytt\u00e4. [&#8230;]<\/p>\n<p><a class=\"btn btn-secondary understrap-read-more-link\" href=\"https:\/\/vmsport.fi\/sv\/verkkokauppa\/varaosat\/vaihteistot\/sahkovaihteet-ja-osat\/jakorasia-di2-3-porttia\/\">L\u00e4s mer \u2026<span class=\"screen-reader-text\"> from Jakorasia Di2 3 porttia<\/span><\/a><\/p>\n","protected":false},"featured_media":57338,"comment_status":"open","ping_status":"closed","template":"","meta":{"_acf_changed":false,"_improvement_type_select":"improve_an_existing","_thumb_yes_seoaic":false,"_frame_yes_seoaic":false,"seoaic_generate_description":"","seoaic_improve_instructions_prompt":"","seoaic_rollback_content_improvement":"","seoaic_idea_thumbnail_generator":"","thumbnail_generated":false,"thumbnail_generate_prompt":"","seoaic_article_description":"","_supplier_stock_quantity":0},"product_brand":[],"product_model":[],"product_cat":[9522],"product_tag":[],"industry-terminology":[],"class_list":{"0":"post-57339","1":"product","2":"type-product","3":"status-publish","4":"has-post-thumbnail","6":"product_cat-sahkovaihteet-ja-osat","8":"first","9":"instock","10":"taxable","11":"shipping-taxable","12":"purchasable","13":"product-type-simple"},"acf":{"bike_features":null,"overview":{"copy_overview":null,"key_features":null,"statement":"","youtube_url":""}},"yoast_head":"<!-- This site is optimized with the Yoast SEO plugin v27.3 - https:\/\/yoast.com\/product\/yoast-seo-wordpress\/ -->\n<title>Jakorasia Di2 3 porttia - VM Sport<\/title>\n<meta name=\"robots\" content=\"index, follow, max-snippet:-1, max-image-preview:large, max-video-preview:-1\" \/>\n<link rel=\"canonical\" href=\"https:\/\/vmsport.fi\/sv\/webbutik\/cyklar\/smyckeskrin-di2-3-portar\/\" \/>\n<meta property=\"og:locale\" content=\"sv_SE\" \/>\n<meta property=\"og:type\" content=\"article\" \/>\n<meta property=\"og:title\" content=\"Jakorasia Di2 3 porttia - VM Sport\" \/>\n<meta property=\"og:description\" content=\"Shimano Di2 -jakorasia, jossa on kolme liit\u00e4nt\u00e4paikkaa, on keskeinen osa elektronista py\u00f6r\u00e4j\u00e4rjestelm\u00e4\u00e4. T\u00e4m\u00e4 musta jakorasia varmistaa luotettavan kytkenn\u00e4n Di2-j\u00e4rjestelm\u00e4n osien v\u00e4lill\u00e4, mik\u00e4 parantaa suorituskyky\u00e4 ja takaa h\u00e4iri\u00f6tt\u00f6m\u00e4n toiminnan. Sen kompakti muotoilu tekee siit\u00e4 helpon asentaa useisiin eri py\u00f6r\u00e4malleihin, mik\u00e4 lis\u00e4\u00e4 sen joustavuutta ja k\u00e4yt\u00e4nn\u00f6llisyytt\u00e4. [...]L\u00e4s mer \u2026 from Jakorasia Di2 3 porttia\" \/>\n<meta property=\"og:url\" content=\"https:\/\/vmsport.fi\/sv\/webbutik\/cyklar\/smyckeskrin-di2-3-portar\/\" \/>\n<meta property=\"og:site_name\" content=\"VM Sport\" \/>\n<meta property=\"article:publisher\" content=\"https:\/\/www.facebook.com\/Vmsport.fi\/\" \/>\n<meta property=\"article:modified_time\" content=\"2026-01-16T11:22:40+00:00\" \/>\n<meta property=\"og:image\" content=\"https:\/\/vmsport.fi\/wp-content\/uploads\/2025\/03\/N7ygpDeQpLcWgdcEIyrNOckyFPgJiCQGVhJqEfWuSLSI2cfTwE-1.jpg\" \/>\n\t<meta property=\"og:image:width\" content=\"600\" \/>\n\t<meta property=\"og:image:height\" content=\"600\" \/>\n\t<meta property=\"og:image:type\" content=\"image\/jpeg\" \/>\n<meta name=\"twitter:card\" content=\"summary_large_image\" \/>\n<script type=\"application\/ld+json\" class=\"yoast-schema-graph\">{\"@context\":\"https:\\\/\\\/schema.org\",\"@graph\":[{\"@type\":[\"WebPage\",\"ItemPage\"],\"@id\":\"https:\\\/\\\/vmsport.fi\\\/verkkokauppa\\\/polkupyorat\\\/jakorasia-di2-3-porttia\\\/\",\"url\":\"https:\\\/\\\/vmsport.fi\\\/verkkokauppa\\\/polkupyorat\\\/jakorasia-di2-3-porttia\\\/\",\"name\":\"Jakorasia Di2 3 porttia - VM Sport\",\"isPartOf\":{\"@id\":\"https:\\\/\\\/vmsport.fi\\\/#website\"},\"primaryImageOfPage\":{\"@id\":\"https:\\\/\\\/vmsport.fi\\\/verkkokauppa\\\/polkupyorat\\\/jakorasia-di2-3-porttia\\\/#primaryimage\"},\"image\":{\"@id\":\"https:\\\/\\\/vmsport.fi\\\/verkkokauppa\\\/polkupyorat\\\/jakorasia-di2-3-porttia\\\/#primaryimage\"},\"thumbnailUrl\":\"https:\\\/\\\/vmsport.fi\\\/wp-content\\\/uploads\\\/2025\\\/03\\\/N7ygpDeQpLcWgdcEIyrNOckyFPgJiCQGVhJqEfWuSLSI2cfTwE-1.jpg\",\"datePublished\":\"2025-03-05T22:31:23+00:00\",\"dateModified\":\"2026-01-16T11:22:40+00:00\",\"breadcrumb\":{\"@id\":\"https:\\\/\\\/vmsport.fi\\\/verkkokauppa\\\/polkupyorat\\\/jakorasia-di2-3-porttia\\\/#breadcrumb\"},\"inLanguage\":\"sv-SE\",\"potentialAction\":[{\"@type\":\"ReadAction\",\"target\":[\"https:\\\/\\\/vmsport.fi\\\/verkkokauppa\\\/polkupyorat\\\/jakorasia-di2-3-porttia\\\/\"]}]},{\"@type\":\"ImageObject\",\"inLanguage\":\"sv-SE\",\"@id\":\"https:\\\/\\\/vmsport.fi\\\/verkkokauppa\\\/polkupyorat\\\/jakorasia-di2-3-porttia\\\/#primaryimage\",\"url\":\"https:\\\/\\\/vmsport.fi\\\/wp-content\\\/uploads\\\/2025\\\/03\\\/N7ygpDeQpLcWgdcEIyrNOckyFPgJiCQGVhJqEfWuSLSI2cfTwE-1.jpg\",\"contentUrl\":\"https:\\\/\\\/vmsport.fi\\\/wp-content\\\/uploads\\\/2025\\\/03\\\/N7ygpDeQpLcWgdcEIyrNOckyFPgJiCQGVhJqEfWuSLSI2cfTwE-1.jpg\",\"width\":600,\"height\":600,\"caption\":\"N7ygpDeQpLcWgdcEIyrNOckyFPgJiCQGVhJqEfWuSLSI2cfTwE\"},{\"@type\":\"BreadcrumbList\",\"@id\":\"https:\\\/\\\/vmsport.fi\\\/verkkokauppa\\\/polkupyorat\\\/jakorasia-di2-3-porttia\\\/#breadcrumb\",\"itemListElement\":[{\"@type\":\"ListItem\",\"position\":1,\"name\":\"Etusivu\",\"item\":\"https:\\\/\\\/vmsport.fi\\\/\"},{\"@type\":\"ListItem\",\"position\":2,\"name\":\"Online Store\",\"item\":\"https:\\\/\\\/vmsport.fi\\\/en\\\/online-store\\\/\"},{\"@type\":\"ListItem\",\"position\":3,\"name\":\"Jakorasia Di2 3 porttia\"}]},{\"@type\":\"WebSite\",\"@id\":\"https:\\\/\\\/vmsport.fi\\\/#website\",\"url\":\"https:\\\/\\\/vmsport.fi\\\/\",\"name\":\"Vmsport\",\"description\":\"Kaikki py\u00f6r\u00e4ilyyn yhdest\u00e4 paikasta\",\"publisher\":{\"@id\":\"https:\\\/\\\/vmsport.fi\\\/#organization\"},\"potentialAction\":[{\"@type\":\"SearchAction\",\"target\":{\"@type\":\"EntryPoint\",\"urlTemplate\":\"https:\\\/\\\/vmsport.fi\\\/?s={search_term_string}\"},\"query-input\":{\"@type\":\"PropertyValueSpecification\",\"valueRequired\":true,\"valueName\":\"search_term_string\"}}],\"inLanguage\":\"sv-SE\"},{\"@type\":\"Organization\",\"@id\":\"https:\\\/\\\/vmsport.fi\\\/#organization\",\"name\":\"Vmsport\",\"url\":\"https:\\\/\\\/vmsport.fi\\\/\",\"logo\":{\"@type\":\"ImageObject\",\"inLanguage\":\"sv-SE\",\"@id\":\"https:\\\/\\\/vmsport.fi\\\/#\\\/schema\\\/logo\\\/image\\\/\",\"url\":\"https:\\\/\\\/vmsport.fi\\\/wp-content\\\/uploads\\\/2024\\\/12\\\/vm_sport_RGB_horisontal-e1734526017575.png\",\"contentUrl\":\"https:\\\/\\\/vmsport.fi\\\/wp-content\\\/uploads\\\/2024\\\/12\\\/vm_sport_RGB_horisontal-e1734526017575.png\",\"width\":668,\"height\":85,\"caption\":\"Vmsport\"},\"image\":{\"@id\":\"https:\\\/\\\/vmsport.fi\\\/#\\\/schema\\\/logo\\\/image\\\/\"},\"sameAs\":[\"https:\\\/\\\/www.facebook.com\\\/Vmsport.fi\\\/\",\"https:\\\/\\\/www.instagram.com\\\/vmsport\\\/\"]}]}<\/script>\n<!-- \/ Yoast SEO plugin. -->","yoast_head_json":{"title":"Smyckeskrin Di2 3 portar - VM Sport","robots":{"index":"index","follow":"follow","max-snippet":"max-snippet:-1","max-image-preview":"max-image-preview:large","max-video-preview":"max-video-preview:-1"},"canonical":"https:\/\/vmsport.fi\/sv\/webbutik\/cyklar\/smyckeskrin-di2-3-portar\/","og_locale":"sv_SE","og_type":"article","og_title":"Jakorasia Di2 3 porttia - VM Sport","og_description":"Shimano Di2 -jakorasia, jossa on kolme liit\u00e4nt\u00e4paikkaa, on keskeinen osa elektronista py\u00f6r\u00e4j\u00e4rjestelm\u00e4\u00e4. T\u00e4m\u00e4 musta jakorasia varmistaa luotettavan kytkenn\u00e4n Di2-j\u00e4rjestelm\u00e4n osien v\u00e4lill\u00e4, mik\u00e4 parantaa suorituskyky\u00e4 ja takaa h\u00e4iri\u00f6tt\u00f6m\u00e4n toiminnan. Sen kompakti muotoilu tekee siit\u00e4 helpon asentaa useisiin eri py\u00f6r\u00e4malleihin, mik\u00e4 lis\u00e4\u00e4 sen joustavuutta ja k\u00e4yt\u00e4nn\u00f6llisyytt\u00e4. [...]L\u00e4s mer \u2026 from Jakorasia Di2 3 porttia","og_url":"https:\/\/vmsport.fi\/sv\/webbutik\/cyklar\/smyckeskrin-di2-3-portar\/","og_site_name":"VM Sport","article_publisher":"https:\/\/www.facebook.com\/Vmsport.fi\/","article_modified_time":"2026-01-16T11:22:40+00:00","og_image":[{"width":600,"height":600,"url":"https:\/\/vmsport.fi\/wp-content\/uploads\/2025\/03\/N7ygpDeQpLcWgdcEIyrNOckyFPgJiCQGVhJqEfWuSLSI2cfTwE-1.jpg","type":"image\/jpeg"}],"twitter_card":"summary_large_image","schema":{"@context":"https:\/\/schema.org","@graph":[{"@type":["WebPage","ItemPage"],"@id":"https:\/\/vmsport.fi\/verkkokauppa\/polkupyorat\/jakorasia-di2-3-porttia\/","url":"https:\/\/vmsport.fi\/verkkokauppa\/polkupyorat\/jakorasia-di2-3-porttia\/","name":"Smyckeskrin Di2 3 portar - VM Sport","isPartOf":{"@id":"https:\/\/vmsport.fi\/#website"},"primaryImageOfPage":{"@id":"https:\/\/vmsport.fi\/verkkokauppa\/polkupyorat\/jakorasia-di2-3-porttia\/#primaryimage"},"image":{"@id":"https:\/\/vmsport.fi\/verkkokauppa\/polkupyorat\/jakorasia-di2-3-porttia\/#primaryimage"},"thumbnailUrl":"https:\/\/vmsport.fi\/wp-content\/uploads\/2025\/03\/N7ygpDeQpLcWgdcEIyrNOckyFPgJiCQGVhJqEfWuSLSI2cfTwE-1.jpg","datePublished":"2025-03-05T22:31:23+00:00","dateModified":"2026-01-16T11:22:40+00:00","breadcrumb":{"@id":"https:\/\/vmsport.fi\/verkkokauppa\/polkupyorat\/jakorasia-di2-3-porttia\/#breadcrumb"},"inLanguage":"sv-SE","potentialAction":[{"@type":"ReadAction","target":["https:\/\/vmsport.fi\/verkkokauppa\/polkupyorat\/jakorasia-di2-3-porttia\/"]}]},{"@type":"ImageObject","inLanguage":"sv-SE","@id":"https:\/\/vmsport.fi\/verkkokauppa\/polkupyorat\/jakorasia-di2-3-porttia\/#primaryimage","url":"https:\/\/vmsport.fi\/wp-content\/uploads\/2025\/03\/N7ygpDeQpLcWgdcEIyrNOckyFPgJiCQGVhJqEfWuSLSI2cfTwE-1.jpg","contentUrl":"https:\/\/vmsport.fi\/wp-content\/uploads\/2025\/03\/N7ygpDeQpLcWgdcEIyrNOckyFPgJiCQGVhJqEfWuSLSI2cfTwE-1.jpg","width":600,"height":600,"caption":"N7ygpDeQpLcWgdcEIyrNOckyFPgJiCQGVhJqEfWuSLSI2cfTwE"},{"@type":"BreadcrumbList","@id":"https:\/\/vmsport.fi\/verkkokauppa\/polkupyorat\/jakorasia-di2-3-porttia\/#breadcrumb","itemListElement":[{"@type":"ListItem","position":1,"name":"Etusivu","item":"https:\/\/vmsport.fi\/"},{"@type":"ListItem","position":2,"name":"Online Store","item":"https:\/\/vmsport.fi\/en\/online-store\/"},{"@type":"ListItem","position":3,"name":"Jakorasia Di2 3 porttia"}]},{"@type":"WebSite","@id":"https:\/\/vmsport.fi\/#website","url":"https:\/\/vmsport.fi\/","name":"Vmsport","description":"Allt p\u00e5 ett st\u00e4lle f\u00f6r cykling","publisher":{"@id":"https:\/\/vmsport.fi\/#organization"},"potentialAction":[{"@type":"SearchAction","target":{"@type":"EntryPoint","urlTemplate":"https:\/\/vmsport.fi\/?s={search_term_string}"},"query-input":{"@type":"PropertyValueSpecification","valueRequired":true,"valueName":"search_term_string"}}],"inLanguage":"sv-SE"},{"@type":"Organization","@id":"https:\/\/vmsport.fi\/#organization","name":"Vmsport","url":"https:\/\/vmsport.fi\/","logo":{"@type":"ImageObject","inLanguage":"sv-SE","@id":"https:\/\/vmsport.fi\/#\/schema\/logo\/image\/","url":"https:\/\/vmsport.fi\/wp-content\/uploads\/2024\/12\/vm_sport_RGB_horisontal-e1734526017575.png","contentUrl":"https:\/\/vmsport.fi\/wp-content\/uploads\/2024\/12\/vm_sport_RGB_horisontal-e1734526017575.png","width":668,"height":85,"caption":"Vmsport"},"image":{"@id":"https:\/\/vmsport.fi\/#\/schema\/logo\/image\/"},"sameAs":["https:\/\/www.facebook.com\/Vmsport.fi\/","https:\/\/www.instagram.com\/vmsport\/"]}]}},"global_unique_id":"","_links":{"self":[{"href":"https:\/\/vmsport.fi\/sv\/wp-json\/wp\/v2\/product\/57339","targetHints":{"allow":["GET"]}}],"collection":[{"href":"https:\/\/vmsport.fi\/sv\/wp-json\/wp\/v2\/product"}],"about":[{"href":"https:\/\/vmsport.fi\/sv\/wp-json\/wp\/v2\/types\/product"}],"replies":[{"embeddable":true,"href":"https:\/\/vmsport.fi\/sv\/wp-json\/wp\/v2\/comments?post=57339"}],"wp:featuredmedia":[{"embeddable":true,"href":"https:\/\/vmsport.fi\/sv\/wp-json\/wp\/v2\/media\/57338"}],"wp:attachment":[{"href":"https:\/\/vmsport.fi\/sv\/wp-json\/wp\/v2\/media?parent=57339"}],"wp:term":[{"taxonomy":"product_brand","embeddable":true,"href":"https:\/\/vmsport.fi\/sv\/wp-json\/wp\/v2\/product_brand?post=57339"},{"taxonomy":"product_model","embeddable":true,"href":"https:\/\/vmsport.fi\/sv\/wp-json\/wp\/v2\/product_model?post=57339"},{"taxonomy":"product_cat","embeddable":true,"href":"https:\/\/vmsport.fi\/sv\/wp-json\/wp\/v2\/product_cat?post=57339"},{"taxonomy":"product_tag","embeddable":true,"href":"https:\/\/vmsport.fi\/sv\/wp-json\/wp\/v2\/product_tag?post=57339"},{"taxonomy":"industry_terminology","embeddable":true,"href":"https:\/\/vmsport.fi\/sv\/wp-json\/wp\/v2\/industry-terminology?post=57339"}],"curies":[{"name":"wp","href":"https:\/\/api.w.org\/{rel}","templated":true}]}}