{"id":57333,"date":"2025-03-06T00:31:21","date_gmt":"2025-03-05T22:31:21","guid":{"rendered":"https:\/\/vmsport.fi\/verkkokauppa\/Ei-luokiteltu\/sram-eturatas-direct-mount-bosch-singlespeed-38t\/"},"modified":"2026-04-23T14:48:03","modified_gmt":"2026-04-23T11:48:03","slug":"sram-eturatas-direktfaste-bosch-singlespeed-38t","status":"publish","type":"product","link":"https:\/\/vmsport.fi\/sv\/verkkokauppa\/varaosat\/sahkopyorien-osat\/sahkopyorien-osat-sahkopyorien-osat\/sram-eturatas-direct-mount-bosch-singlespeed-38t\/","title":{"rendered":"SRAM Eturatas direktmonterad (Bosch) Singlespeed 38T"},"content":{"rendered":"<p>SRAM framhjul med direktmontering (Bosch) Singlespeed 38T \u00e4r s\u00e4rskilt utformad f\u00f6r Bosch Gen4-motorer, vilket ger utm\u00e4rkt prestanda f\u00f6r elektriska mountainbikecyklister. X-SYNC\u21222 Eagle\u2122 kedjehanteringsteknik s\u00e4kerst\u00e4ller exakt kedjesp\u00e4nning och drift, vilket \u00e4r typiskt f\u00f6r SRAM 1x\u2122 drivlinesystem.<\/p>\n<p>De vassa, smala t\u00e4nderna och de rundade kanterna p\u00e5 detta fr\u00e4mre kedjehjul kontrollerar effektivt kedjans r\u00f6relse och f\u00f6rb\u00e4ttrar transmissionsupplevelsen. Det har ocks\u00e5 speciella sp\u00e5r som avl\u00e4gsnar lera f\u00f6r att bibeh\u00e5lla effektiviteten under utmanande f\u00f6rh\u00e5llanden.<\/p>\n<p>Direct Mount \u00e4r kompatibelt med vissa Bosch-motorsystem och l\u00e4mpar sig f\u00f6r anv\u00e4ndning i 11- och 12-v\u00e4xlade transmissionskonfigurationer. Det slitstarka st\u00e5lmaterialet garanterar l\u00e5ng livsl\u00e4ngd och styrka, medan den svarta f\u00e4rgen g\u00f6r detta framhjul till ett snyggt tillskott till din cykel.<\/p>","protected":false},"excerpt":{"rendered":"<p>SRAM Eturatas Direct Mount (Bosch) Singlespeed 38T on suunniteltu erityisesti Bosch Gen4 -moottoreille, tarjoten erinomaisen suorituskyvyn s\u00e4hk\u00f6maastopy\u00f6r\u00e4ilij\u00f6ille. X-SYNC\u21222 Eagle\u2122 -ketjunhallintateknologia takaa tarkan ketjunkiristyksen ja -toiminnan, mik\u00e4 on tyypillist\u00e4 SRAM 1x\u2122-voimansiirtoj\u00e4rjestelmille. T\u00e4m\u00e4n eturattaan ter\u00e4v\u00e4, kapea hammastus sek\u00e4 py\u00f6ristetyt reunat hallitsevat tehokkaasti ketjun liikkumista, parantaen n\u00e4in voimansiirtokokemusta. Lis\u00e4ksi siin\u00e4 on erityiset mutaa poistavat kourut, jotka yll\u00e4pit\u00e4v\u00e4t tehokkuutta [&#8230;]<\/p>\n<p><a class=\"btn btn-secondary understrap-read-more-link\" href=\"https:\/\/vmsport.fi\/sv\/verkkokauppa\/varaosat\/sahkopyorien-osat\/sahkopyorien-osat-sahkopyorien-osat\/sram-eturatas-direct-mount-bosch-singlespeed-38t\/\">L\u00e4s mer \u2026<span class=\"screen-reader-text\"> from SRAM Eturatas Direct Mount (Bosch) Singlespeed 38T<\/span><\/a><\/p>\n","protected":false},"featured_media":57332,"comment_status":"open","ping_status":"closed","template":"","meta":{"_acf_changed":false,"_improvement_type_select":"improve_an_existing","_thumb_yes_seoaic":false,"_frame_yes_seoaic":false,"seoaic_generate_description":"","seoaic_improve_instructions_prompt":"","seoaic_rollback_content_improvement":"","seoaic_idea_thumbnail_generator":"","thumbnail_generated":false,"thumbnail_generate_prompt":"","seoaic_article_description":"","_supplier_stock_quantity":0},"product_brand":[1588],"product_model":[],"product_cat":[9482,9252],"product_tag":[],"industry-terminology":[],"class_list":{"0":"post-57333","1":"product","2":"type-product","3":"status-publish","4":"has-post-thumbnail","6":"product_brand-sram","7":"product_cat-sahkopyorien-osat-sahkopyorien-osat","8":"product_cat-eturattaat","10":"first","11":"instock","12":"taxable","13":"shipping-taxable","14":"purchasable","15":"product-type-simple"},"acf":{"bike_features":null,"overview":{"copy_overview":null,"key_features":null,"statement":"","youtube_url":""}},"yoast_head":"<!-- This site is optimized with the Yoast SEO plugin v27.4 - https:\/\/yoast.com\/product\/yoast-seo-wordpress\/ -->\n<title>SRAM Eturatas Direct Mount (Bosch) Singlespeed 38T - VM Sport<\/title>\n<meta name=\"robots\" content=\"index, follow, max-snippet:-1, max-image-preview:large, max-video-preview:-1\" \/>\n<link rel=\"canonical\" href=\"https:\/\/vmsport.fi\/sv\/webbutik\/reservdelar\/delar-av-sagbockar\/delar-av-sagbock-delar-av-sagbock\/sram-eturatas-direktfaste-bosch-singlespeed-38t\/\" \/>\n<meta property=\"og:locale\" content=\"sv_SE\" \/>\n<meta property=\"og:type\" content=\"article\" \/>\n<meta property=\"og:title\" content=\"SRAM Eturatas Direct Mount (Bosch) Singlespeed 38T - VM Sport\" \/>\n<meta property=\"og:description\" content=\"SRAM Eturatas Direct Mount (Bosch) Singlespeed 38T on suunniteltu erityisesti Bosch Gen4 -moottoreille, tarjoten erinomaisen suorituskyvyn s\u00e4hk\u00f6maastopy\u00f6r\u00e4ilij\u00f6ille. X-SYNC\u21222 Eagle\u2122 -ketjunhallintateknologia takaa tarkan ketjunkiristyksen ja -toiminnan, mik\u00e4 on tyypillist\u00e4 SRAM 1x\u2122-voimansiirtoj\u00e4rjestelmille. T\u00e4m\u00e4n eturattaan ter\u00e4v\u00e4, kapea hammastus sek\u00e4 py\u00f6ristetyt reunat hallitsevat tehokkaasti ketjun liikkumista, parantaen n\u00e4in voimansiirtokokemusta. Lis\u00e4ksi siin\u00e4 on erityiset mutaa poistavat kourut, jotka yll\u00e4pit\u00e4v\u00e4t tehokkuutta [...]L\u00e4s mer \u2026 from SRAM Eturatas Direct Mount (Bosch) Singlespeed 38T\" \/>\n<meta property=\"og:url\" content=\"https:\/\/vmsport.fi\/sv\/webbutik\/reservdelar\/delar-av-sagbockar\/delar-av-sagbock-delar-av-sagbock\/sram-eturatas-direktfaste-bosch-singlespeed-38t\/\" \/>\n<meta property=\"og:site_name\" content=\"VM Sport\" \/>\n<meta property=\"article:publisher\" content=\"https:\/\/www.facebook.com\/Vmsport.fi\/\" \/>\n<meta property=\"article:modified_time\" content=\"2026-04-23T11:48:03+00:00\" \/>\n<meta property=\"og:image\" content=\"https:\/\/vmsport.fi\/wp-content\/uploads\/2025\/03\/5lolbnrAwHnCH5F6QywZpfQPScKTfck35crRQywXr1kgBMMMus-1.jpg\" \/>\n\t<meta property=\"og:image:width\" content=\"800\" \/>\n\t<meta property=\"og:image:height\" content=\"800\" \/>\n\t<meta property=\"og:image:type\" content=\"image\/jpeg\" \/>\n<meta name=\"twitter:card\" content=\"summary_large_image\" \/>\n<meta name=\"twitter:label1\" content=\"Ber\u00e4knad l\u00e4stid\" \/>\n\t<meta name=\"twitter:data1\" content=\"1 minut\" \/>\n<script type=\"application\/ld+json\" class=\"yoast-schema-graph\">{\"@context\":\"https:\\\/\\\/schema.org\",\"@graph\":[{\"@type\":[\"WebPage\",\"ItemPage\"],\"@id\":\"https:\\\/\\\/vmsport.fi\\\/verkkokauppa\\\/varaosat\\\/sahkopyorien-osat\\\/sahkopyorien-osat-sahkopyorien-osat\\\/sram-eturatas-direct-mount-bosch-singlespeed-38t\\\/\",\"url\":\"https:\\\/\\\/vmsport.fi\\\/verkkokauppa\\\/varaosat\\\/sahkopyorien-osat\\\/sahkopyorien-osat-sahkopyorien-osat\\\/sram-eturatas-direct-mount-bosch-singlespeed-38t\\\/\",\"name\":\"SRAM Eturatas Direct Mount (Bosch) Singlespeed 38T - VM Sport\",\"isPartOf\":{\"@id\":\"https:\\\/\\\/vmsport.fi\\\/#website\"},\"primaryImageOfPage\":{\"@id\":\"https:\\\/\\\/vmsport.fi\\\/verkkokauppa\\\/varaosat\\\/sahkopyorien-osat\\\/sahkopyorien-osat-sahkopyorien-osat\\\/sram-eturatas-direct-mount-bosch-singlespeed-38t\\\/#primaryimage\"},\"image\":{\"@id\":\"https:\\\/\\\/vmsport.fi\\\/verkkokauppa\\\/varaosat\\\/sahkopyorien-osat\\\/sahkopyorien-osat-sahkopyorien-osat\\\/sram-eturatas-direct-mount-bosch-singlespeed-38t\\\/#primaryimage\"},\"thumbnailUrl\":\"https:\\\/\\\/vmsport.fi\\\/wp-content\\\/uploads\\\/2025\\\/03\\\/5lolbnrAwHnCH5F6QywZpfQPScKTfck35crRQywXr1kgBMMMus-1.jpg\",\"datePublished\":\"2025-03-05T22:31:21+00:00\",\"dateModified\":\"2026-04-23T11:48:03+00:00\",\"breadcrumb\":{\"@id\":\"https:\\\/\\\/vmsport.fi\\\/verkkokauppa\\\/varaosat\\\/sahkopyorien-osat\\\/sahkopyorien-osat-sahkopyorien-osat\\\/sram-eturatas-direct-mount-bosch-singlespeed-38t\\\/#breadcrumb\"},\"inLanguage\":\"sv-SE\",\"potentialAction\":[{\"@type\":\"ReadAction\",\"target\":[\"https:\\\/\\\/vmsport.fi\\\/verkkokauppa\\\/varaosat\\\/sahkopyorien-osat\\\/sahkopyorien-osat-sahkopyorien-osat\\\/sram-eturatas-direct-mount-bosch-singlespeed-38t\\\/\"]}]},{\"@type\":\"ImageObject\",\"inLanguage\":\"sv-SE\",\"@id\":\"https:\\\/\\\/vmsport.fi\\\/verkkokauppa\\\/varaosat\\\/sahkopyorien-osat\\\/sahkopyorien-osat-sahkopyorien-osat\\\/sram-eturatas-direct-mount-bosch-singlespeed-38t\\\/#primaryimage\",\"url\":\"https:\\\/\\\/vmsport.fi\\\/wp-content\\\/uploads\\\/2025\\\/03\\\/5lolbnrAwHnCH5F6QywZpfQPScKTfck35crRQywXr1kgBMMMus-1.jpg\",\"contentUrl\":\"https:\\\/\\\/vmsport.fi\\\/wp-content\\\/uploads\\\/2025\\\/03\\\/5lolbnrAwHnCH5F6QywZpfQPScKTfck35crRQywXr1kgBMMMus-1.jpg\",\"width\":800,\"height\":800,\"caption\":\"5lolbnrAwHnCH5F6QywZpfQPScKTfck35crRQywXr1kgBMMMus\"},{\"@type\":\"BreadcrumbList\",\"@id\":\"https:\\\/\\\/vmsport.fi\\\/verkkokauppa\\\/varaosat\\\/sahkopyorien-osat\\\/sahkopyorien-osat-sahkopyorien-osat\\\/sram-eturatas-direct-mount-bosch-singlespeed-38t\\\/#breadcrumb\",\"itemListElement\":[{\"@type\":\"ListItem\",\"position\":1,\"name\":\"Etusivu\",\"item\":\"https:\\\/\\\/vmsport.fi\\\/\"},{\"@type\":\"ListItem\",\"position\":2,\"name\":\"Online Store\",\"item\":\"https:\\\/\\\/vmsport.fi\\\/en\\\/online-store\\\/\"},{\"@type\":\"ListItem\",\"position\":3,\"name\":\"SRAM Eturatas Direct Mount (Bosch) Singlespeed 38T\"}]},{\"@type\":\"WebSite\",\"@id\":\"https:\\\/\\\/vmsport.fi\\\/#website\",\"url\":\"https:\\\/\\\/vmsport.fi\\\/\",\"name\":\"Vmsport\",\"description\":\"Kaikki py\u00f6r\u00e4ilyyn yhdest\u00e4 paikasta\",\"publisher\":{\"@id\":\"https:\\\/\\\/vmsport.fi\\\/#organization\"},\"potentialAction\":[{\"@type\":\"SearchAction\",\"target\":{\"@type\":\"EntryPoint\",\"urlTemplate\":\"https:\\\/\\\/vmsport.fi\\\/?s={search_term_string}\"},\"query-input\":{\"@type\":\"PropertyValueSpecification\",\"valueRequired\":true,\"valueName\":\"search_term_string\"}}],\"inLanguage\":\"sv-SE\"},{\"@type\":\"Organization\",\"@id\":\"https:\\\/\\\/vmsport.fi\\\/#organization\",\"name\":\"Vmsport\",\"url\":\"https:\\\/\\\/vmsport.fi\\\/\",\"logo\":{\"@type\":\"ImageObject\",\"inLanguage\":\"sv-SE\",\"@id\":\"https:\\\/\\\/vmsport.fi\\\/#\\\/schema\\\/logo\\\/image\\\/\",\"url\":\"https:\\\/\\\/vmsport.fi\\\/wp-content\\\/uploads\\\/2024\\\/12\\\/vm_sport_RGB_horisontal-e1734526017575.png\",\"contentUrl\":\"https:\\\/\\\/vmsport.fi\\\/wp-content\\\/uploads\\\/2024\\\/12\\\/vm_sport_RGB_horisontal-e1734526017575.png\",\"width\":668,\"height\":85,\"caption\":\"Vmsport\"},\"image\":{\"@id\":\"https:\\\/\\\/vmsport.fi\\\/#\\\/schema\\\/logo\\\/image\\\/\"},\"sameAs\":[\"https:\\\/\\\/www.facebook.com\\\/Vmsport.fi\\\/\",\"https:\\\/\\\/www.instagram.com\\\/vmsport\\\/\"]}]}<\/script>\n<!-- \/ Yoast SEO plugin. -->","yoast_head_json":{"title":"SRAM Eturatas direktmonterad (Bosch) Singlespeed 38T - VM Sport","robots":{"index":"index","follow":"follow","max-snippet":"max-snippet:-1","max-image-preview":"max-image-preview:large","max-video-preview":"max-video-preview:-1"},"canonical":"https:\/\/vmsport.fi\/sv\/webbutik\/reservdelar\/delar-av-sagbockar\/delar-av-sagbock-delar-av-sagbock\/sram-eturatas-direktfaste-bosch-singlespeed-38t\/","og_locale":"sv_SE","og_type":"article","og_title":"SRAM Eturatas Direct Mount (Bosch) Singlespeed 38T - VM Sport","og_description":"SRAM Eturatas Direct Mount (Bosch) Singlespeed 38T on suunniteltu erityisesti Bosch Gen4 -moottoreille, tarjoten erinomaisen suorituskyvyn s\u00e4hk\u00f6maastopy\u00f6r\u00e4ilij\u00f6ille. X-SYNC\u21222 Eagle\u2122 -ketjunhallintateknologia takaa tarkan ketjunkiristyksen ja -toiminnan, mik\u00e4 on tyypillist\u00e4 SRAM 1x\u2122-voimansiirtoj\u00e4rjestelmille. T\u00e4m\u00e4n eturattaan ter\u00e4v\u00e4, kapea hammastus sek\u00e4 py\u00f6ristetyt reunat hallitsevat tehokkaasti ketjun liikkumista, parantaen n\u00e4in voimansiirtokokemusta. Lis\u00e4ksi siin\u00e4 on erityiset mutaa poistavat kourut, jotka yll\u00e4pit\u00e4v\u00e4t tehokkuutta [...]L\u00e4s mer \u2026 from SRAM Eturatas Direct Mount (Bosch) Singlespeed 38T","og_url":"https:\/\/vmsport.fi\/sv\/webbutik\/reservdelar\/delar-av-sagbockar\/delar-av-sagbock-delar-av-sagbock\/sram-eturatas-direktfaste-bosch-singlespeed-38t\/","og_site_name":"VM Sport","article_publisher":"https:\/\/www.facebook.com\/Vmsport.fi\/","article_modified_time":"2026-04-23T11:48:03+00:00","og_image":[{"width":800,"height":800,"url":"https:\/\/vmsport.fi\/wp-content\/uploads\/2025\/03\/5lolbnrAwHnCH5F6QywZpfQPScKTfck35crRQywXr1kgBMMMus-1.jpg","type":"image\/jpeg"}],"twitter_card":"summary_large_image","twitter_misc":{"Ber\u00e4knad l\u00e4stid":"1 minut"},"schema":{"@context":"https:\/\/schema.org","@graph":[{"@type":["WebPage","ItemPage"],"@id":"https:\/\/vmsport.fi\/verkkokauppa\/varaosat\/sahkopyorien-osat\/sahkopyorien-osat-sahkopyorien-osat\/sram-eturatas-direct-mount-bosch-singlespeed-38t\/","url":"https:\/\/vmsport.fi\/verkkokauppa\/varaosat\/sahkopyorien-osat\/sahkopyorien-osat-sahkopyorien-osat\/sram-eturatas-direct-mount-bosch-singlespeed-38t\/","name":"SRAM Eturatas direktmonterad (Bosch) Singlespeed 38T - VM Sport","isPartOf":{"@id":"https:\/\/vmsport.fi\/#website"},"primaryImageOfPage":{"@id":"https:\/\/vmsport.fi\/verkkokauppa\/varaosat\/sahkopyorien-osat\/sahkopyorien-osat-sahkopyorien-osat\/sram-eturatas-direct-mount-bosch-singlespeed-38t\/#primaryimage"},"image":{"@id":"https:\/\/vmsport.fi\/verkkokauppa\/varaosat\/sahkopyorien-osat\/sahkopyorien-osat-sahkopyorien-osat\/sram-eturatas-direct-mount-bosch-singlespeed-38t\/#primaryimage"},"thumbnailUrl":"https:\/\/vmsport.fi\/wp-content\/uploads\/2025\/03\/5lolbnrAwHnCH5F6QywZpfQPScKTfck35crRQywXr1kgBMMMus-1.jpg","datePublished":"2025-03-05T22:31:21+00:00","dateModified":"2026-04-23T11:48:03+00:00","breadcrumb":{"@id":"https:\/\/vmsport.fi\/verkkokauppa\/varaosat\/sahkopyorien-osat\/sahkopyorien-osat-sahkopyorien-osat\/sram-eturatas-direct-mount-bosch-singlespeed-38t\/#breadcrumb"},"inLanguage":"sv-SE","potentialAction":[{"@type":"ReadAction","target":["https:\/\/vmsport.fi\/verkkokauppa\/varaosat\/sahkopyorien-osat\/sahkopyorien-osat-sahkopyorien-osat\/sram-eturatas-direct-mount-bosch-singlespeed-38t\/"]}]},{"@type":"ImageObject","inLanguage":"sv-SE","@id":"https:\/\/vmsport.fi\/verkkokauppa\/varaosat\/sahkopyorien-osat\/sahkopyorien-osat-sahkopyorien-osat\/sram-eturatas-direct-mount-bosch-singlespeed-38t\/#primaryimage","url":"https:\/\/vmsport.fi\/wp-content\/uploads\/2025\/03\/5lolbnrAwHnCH5F6QywZpfQPScKTfck35crRQywXr1kgBMMMus-1.jpg","contentUrl":"https:\/\/vmsport.fi\/wp-content\/uploads\/2025\/03\/5lolbnrAwHnCH5F6QywZpfQPScKTfck35crRQywXr1kgBMMMus-1.jpg","width":800,"height":800,"caption":"5lolbnrAwHnCH5F6QywZpfQPScKTfck35crRQywXr1kgBMMMus"},{"@type":"BreadcrumbList","@id":"https:\/\/vmsport.fi\/verkkokauppa\/varaosat\/sahkopyorien-osat\/sahkopyorien-osat-sahkopyorien-osat\/sram-eturatas-direct-mount-bosch-singlespeed-38t\/#breadcrumb","itemListElement":[{"@type":"ListItem","position":1,"name":"Etusivu","item":"https:\/\/vmsport.fi\/"},{"@type":"ListItem","position":2,"name":"Online Store","item":"https:\/\/vmsport.fi\/en\/online-store\/"},{"@type":"ListItem","position":3,"name":"SRAM Eturatas Direct Mount (Bosch) Singlespeed 38T"}]},{"@type":"WebSite","@id":"https:\/\/vmsport.fi\/#website","url":"https:\/\/vmsport.fi\/","name":"Vmsport","description":"Allt p\u00e5 ett st\u00e4lle f\u00f6r cykling","publisher":{"@id":"https:\/\/vmsport.fi\/#organization"},"potentialAction":[{"@type":"SearchAction","target":{"@type":"EntryPoint","urlTemplate":"https:\/\/vmsport.fi\/?s={search_term_string}"},"query-input":{"@type":"PropertyValueSpecification","valueRequired":true,"valueName":"search_term_string"}}],"inLanguage":"sv-SE"},{"@type":"Organization","@id":"https:\/\/vmsport.fi\/#organization","name":"Vmsport","url":"https:\/\/vmsport.fi\/","logo":{"@type":"ImageObject","inLanguage":"sv-SE","@id":"https:\/\/vmsport.fi\/#\/schema\/logo\/image\/","url":"https:\/\/vmsport.fi\/wp-content\/uploads\/2024\/12\/vm_sport_RGB_horisontal-e1734526017575.png","contentUrl":"https:\/\/vmsport.fi\/wp-content\/uploads\/2024\/12\/vm_sport_RGB_horisontal-e1734526017575.png","width":668,"height":85,"caption":"Vmsport"},"image":{"@id":"https:\/\/vmsport.fi\/#\/schema\/logo\/image\/"},"sameAs":["https:\/\/www.facebook.com\/Vmsport.fi\/","https:\/\/www.instagram.com\/vmsport\/"]}]}},"global_unique_id":"","_links":{"self":[{"href":"https:\/\/vmsport.fi\/sv\/wp-json\/wp\/v2\/product\/57333","targetHints":{"allow":["GET"]}}],"collection":[{"href":"https:\/\/vmsport.fi\/sv\/wp-json\/wp\/v2\/product"}],"about":[{"href":"https:\/\/vmsport.fi\/sv\/wp-json\/wp\/v2\/types\/product"}],"replies":[{"embeddable":true,"href":"https:\/\/vmsport.fi\/sv\/wp-json\/wp\/v2\/comments?post=57333"}],"wp:featuredmedia":[{"embeddable":true,"href":"https:\/\/vmsport.fi\/sv\/wp-json\/wp\/v2\/media\/57332"}],"wp:attachment":[{"href":"https:\/\/vmsport.fi\/sv\/wp-json\/wp\/v2\/media?parent=57333"}],"wp:term":[{"taxonomy":"product_brand","embeddable":true,"href":"https:\/\/vmsport.fi\/sv\/wp-json\/wp\/v2\/product_brand?post=57333"},{"taxonomy":"product_model","embeddable":true,"href":"https:\/\/vmsport.fi\/sv\/wp-json\/wp\/v2\/product_model?post=57333"},{"taxonomy":"product_cat","embeddable":true,"href":"https:\/\/vmsport.fi\/sv\/wp-json\/wp\/v2\/product_cat?post=57333"},{"taxonomy":"product_tag","embeddable":true,"href":"https:\/\/vmsport.fi\/sv\/wp-json\/wp\/v2\/product_tag?post=57333"},{"taxonomy":"industry_terminology","embeddable":true,"href":"https:\/\/vmsport.fi\/sv\/wp-json\/wp\/v2\/industry-terminology?post=57333"}],"curies":[{"name":"wp","href":"https:\/\/api.w.org\/{rel}","templated":true}]}}