{"id":57320,"date":"2025-03-06T00:31:15","date_gmt":"2025-03-05T22:31:15","guid":{"rendered":"https:\/\/vmsport.fi\/verkkokauppa\/Ei-luokiteltu\/ilmaussarja-tl-br002-vaihde-jarruvipu\/"},"modified":"2026-03-21T10:38:00","modified_gmt":"2026-03-21T08:38:00","slug":"indikatorkit-tl-br002-vaxelspak-bromsspak","status":"publish","type":"product","link":"https:\/\/vmsport.fi\/sv\/verkkokauppa\/tarvikkeet\/tyokalut\/jarrunilmaussarjat\/ilmaussarja-tl-br002-vaihde-jarruvipu\/","title":{"rendered":"Detektorsats TL-BR002 - V\u00e4xel-\/bromsspak"},"content":{"rendered":"<p>Shimano TL-BR002 \u00e4r en luftsats av professionell kvalitet som \u00e4r s\u00e4rskilt utformad f\u00f6r underh\u00e5ll av skivbromsar. Satsen inneh\u00e5ller en m\u00e5ngsidig upps\u00e4ttning verktyg som hj\u00e4lper dig att serva ditt bromssystem p\u00e5 ett enkelt och effektivt s\u00e4tt. Det \u00e4r det perfekta valet n\u00e4r du vill s\u00e4kerst\u00e4lla att din cykels bromsar alltid fungerar som b\u00e4st. Den h\u00f6gkvalitativa konstruktionen, utformad med Shimanos expertis, g\u00f6r denna luftbromssats till ett p\u00e5litligt verktyg f\u00f6r alla cykel\u00e4gare som vill utf\u00f6ra professionell service p\u00e5 sitt bromssystem.<\/p>","protected":false},"excerpt":{"rendered":"<p>Shimano TL-BR002 on ammattitason ilmaussarja, joka on suunniteltu erityisesti levyjarrujen huoltoon. T\u00e4m\u00e4 sarja tarjoaa monipuoliset ty\u00f6kalut, joiden avulla voit huoltaa jarruj\u00e4rjestelm\u00e4\u00e4si helposti ja tehokkaasti. Se on ihanteellinen valinta, kun haluat varmistaa, ett\u00e4 py\u00f6r\u00e4si jarrut toimivat aina parhaimmillaan. Korkealaatuinen rakenne, joka on suunniteltu Shimano-tuotemerkin asiantuntemuksella, tekee t\u00e4st\u00e4 ilmaussarjasta luotettavan ty\u00f6kalun jokaiselle py\u00f6r\u00e4nomistajalle, joka haluaa suorittaa jarruj\u00e4rjestelm\u00e4ns\u00e4 [&#8230;]<\/p>\n<p><a class=\"btn btn-secondary understrap-read-more-link\" href=\"https:\/\/vmsport.fi\/sv\/verkkokauppa\/tarvikkeet\/tyokalut\/jarrunilmaussarjat\/ilmaussarja-tl-br002-vaihde-jarruvipu\/\">L\u00e4s mer \u2026<span class=\"screen-reader-text\"> from Ilmaussarja TL-BR002 &#8211; Vaihde-\/Jarruvipu<\/span><\/a><\/p>\n","protected":false},"featured_media":57319,"comment_status":"open","ping_status":"closed","template":"","meta":{"_acf_changed":false,"_improvement_type_select":"improve_an_existing","_thumb_yes_seoaic":false,"_frame_yes_seoaic":false,"seoaic_generate_description":"","seoaic_improve_instructions_prompt":"","seoaic_rollback_content_improvement":"","seoaic_idea_thumbnail_generator":"","thumbnail_generated":false,"thumbnail_generate_prompt":"","seoaic_article_description":"","_supplier_stock_quantity":0},"product_brand":[],"product_model":[],"product_cat":[9578],"product_tag":[],"industry-terminology":[],"class_list":{"0":"post-57320","1":"product","2":"type-product","3":"status-publish","4":"has-post-thumbnail","6":"product_cat-jarrunilmaussarjat","8":"first","9":"instock","10":"taxable","11":"shipping-taxable","12":"purchasable","13":"product-type-simple"},"acf":{"bike_features":null,"overview":{"copy_overview":null,"key_features":null,"statement":"","youtube_url":""}},"yoast_head":"<!-- This site is optimized with the Yoast SEO plugin v27.3 - https:\/\/yoast.com\/product\/yoast-seo-wordpress\/ -->\n<title>Ilmaussarja TL-BR002 - Vaihde-\/Jarruvipu - VM Sport<\/title>\n<meta name=\"robots\" content=\"index, follow, max-snippet:-1, max-image-preview:large, max-video-preview:-1\" \/>\n<link rel=\"canonical\" href=\"https:\/\/vmsport.fi\/sv\/webbutik\/tillbehor\/tyokalut\/bromsdetekteringssatser\/indikatorkit-tl-br002-vaxelspak-bromsspak\/\" \/>\n<meta property=\"og:locale\" content=\"sv_SE\" \/>\n<meta property=\"og:type\" content=\"article\" \/>\n<meta property=\"og:title\" content=\"Ilmaussarja TL-BR002 - Vaihde-\/Jarruvipu - VM Sport\" \/>\n<meta property=\"og:description\" content=\"Shimano TL-BR002 on ammattitason ilmaussarja, joka on suunniteltu erityisesti levyjarrujen huoltoon. T\u00e4m\u00e4 sarja tarjoaa monipuoliset ty\u00f6kalut, joiden avulla voit huoltaa jarruj\u00e4rjestelm\u00e4\u00e4si helposti ja tehokkaasti. Se on ihanteellinen valinta, kun haluat varmistaa, ett\u00e4 py\u00f6r\u00e4si jarrut toimivat aina parhaimmillaan. Korkealaatuinen rakenne, joka on suunniteltu Shimano-tuotemerkin asiantuntemuksella, tekee t\u00e4st\u00e4 ilmaussarjasta luotettavan ty\u00f6kalun jokaiselle py\u00f6r\u00e4nomistajalle, joka haluaa suorittaa jarruj\u00e4rjestelm\u00e4ns\u00e4 [...]L\u00e4s mer \u2026 from Ilmaussarja TL-BR002 &#8211; Vaihde-\/Jarruvipu\" \/>\n<meta property=\"og:url\" content=\"https:\/\/vmsport.fi\/sv\/webbutik\/tillbehor\/tyokalut\/bromsdetekteringssatser\/indikatorkit-tl-br002-vaxelspak-bromsspak\/\" \/>\n<meta property=\"og:site_name\" content=\"VM Sport\" \/>\n<meta property=\"article:publisher\" content=\"https:\/\/www.facebook.com\/Vmsport.fi\/\" \/>\n<meta property=\"article:modified_time\" content=\"2026-03-21T08:38:00+00:00\" \/>\n<meta property=\"og:image\" content=\"https:\/\/vmsport.fi\/wp-content\/uploads\/2025\/03\/JADxTcozXYtQLKfhsk3Xp9qSLh6tSAQmSnpxxCwKXSHJEqdENM-1.jpg\" \/>\n\t<meta property=\"og:image:width\" content=\"600\" \/>\n\t<meta property=\"og:image:height\" content=\"600\" \/>\n\t<meta property=\"og:image:type\" content=\"image\/jpeg\" \/>\n<meta name=\"twitter:card\" content=\"summary_large_image\" \/>\n<script type=\"application\/ld+json\" class=\"yoast-schema-graph\">{\"@context\":\"https:\\\/\\\/schema.org\",\"@graph\":[{\"@type\":[\"WebPage\",\"ItemPage\"],\"@id\":\"https:\\\/\\\/vmsport.fi\\\/verkkokauppa\\\/tarvikkeet\\\/tyokalut\\\/jarrunilmaussarjat\\\/ilmaussarja-tl-br002-vaihde-jarruvipu\\\/\",\"url\":\"https:\\\/\\\/vmsport.fi\\\/verkkokauppa\\\/tarvikkeet\\\/tyokalut\\\/jarrunilmaussarjat\\\/ilmaussarja-tl-br002-vaihde-jarruvipu\\\/\",\"name\":\"Ilmaussarja TL-BR002 - Vaihde-\\\/Jarruvipu - VM Sport\",\"isPartOf\":{\"@id\":\"https:\\\/\\\/vmsport.fi\\\/#website\"},\"primaryImageOfPage\":{\"@id\":\"https:\\\/\\\/vmsport.fi\\\/verkkokauppa\\\/tarvikkeet\\\/tyokalut\\\/jarrunilmaussarjat\\\/ilmaussarja-tl-br002-vaihde-jarruvipu\\\/#primaryimage\"},\"image\":{\"@id\":\"https:\\\/\\\/vmsport.fi\\\/verkkokauppa\\\/tarvikkeet\\\/tyokalut\\\/jarrunilmaussarjat\\\/ilmaussarja-tl-br002-vaihde-jarruvipu\\\/#primaryimage\"},\"thumbnailUrl\":\"https:\\\/\\\/vmsport.fi\\\/wp-content\\\/uploads\\\/2025\\\/03\\\/JADxTcozXYtQLKfhsk3Xp9qSLh6tSAQmSnpxxCwKXSHJEqdENM-1.jpg\",\"datePublished\":\"2025-03-05T22:31:15+00:00\",\"dateModified\":\"2026-03-21T08:38:00+00:00\",\"breadcrumb\":{\"@id\":\"https:\\\/\\\/vmsport.fi\\\/verkkokauppa\\\/tarvikkeet\\\/tyokalut\\\/jarrunilmaussarjat\\\/ilmaussarja-tl-br002-vaihde-jarruvipu\\\/#breadcrumb\"},\"inLanguage\":\"sv-SE\",\"potentialAction\":[{\"@type\":\"ReadAction\",\"target\":[\"https:\\\/\\\/vmsport.fi\\\/verkkokauppa\\\/tarvikkeet\\\/tyokalut\\\/jarrunilmaussarjat\\\/ilmaussarja-tl-br002-vaihde-jarruvipu\\\/\"]}]},{\"@type\":\"ImageObject\",\"inLanguage\":\"sv-SE\",\"@id\":\"https:\\\/\\\/vmsport.fi\\\/verkkokauppa\\\/tarvikkeet\\\/tyokalut\\\/jarrunilmaussarjat\\\/ilmaussarja-tl-br002-vaihde-jarruvipu\\\/#primaryimage\",\"url\":\"https:\\\/\\\/vmsport.fi\\\/wp-content\\\/uploads\\\/2025\\\/03\\\/JADxTcozXYtQLKfhsk3Xp9qSLh6tSAQmSnpxxCwKXSHJEqdENM-1.jpg\",\"contentUrl\":\"https:\\\/\\\/vmsport.fi\\\/wp-content\\\/uploads\\\/2025\\\/03\\\/JADxTcozXYtQLKfhsk3Xp9qSLh6tSAQmSnpxxCwKXSHJEqdENM-1.jpg\",\"width\":600,\"height\":600,\"caption\":\"JADxTcozXYtQLKfhsk3Xp9qSLh6tSAQmSnpxxCwKXSHJEqdENM\"},{\"@type\":\"BreadcrumbList\",\"@id\":\"https:\\\/\\\/vmsport.fi\\\/verkkokauppa\\\/tarvikkeet\\\/tyokalut\\\/jarrunilmaussarjat\\\/ilmaussarja-tl-br002-vaihde-jarruvipu\\\/#breadcrumb\",\"itemListElement\":[{\"@type\":\"ListItem\",\"position\":1,\"name\":\"Etusivu\",\"item\":\"https:\\\/\\\/vmsport.fi\\\/\"},{\"@type\":\"ListItem\",\"position\":2,\"name\":\"Online Store\",\"item\":\"https:\\\/\\\/vmsport.fi\\\/en\\\/online-store\\\/\"},{\"@type\":\"ListItem\",\"position\":3,\"name\":\"Ilmaussarja TL-BR002 &#8211; Vaihde-\\\/Jarruvipu\"}]},{\"@type\":\"WebSite\",\"@id\":\"https:\\\/\\\/vmsport.fi\\\/#website\",\"url\":\"https:\\\/\\\/vmsport.fi\\\/\",\"name\":\"Vmsport\",\"description\":\"Kaikki py\u00f6r\u00e4ilyyn yhdest\u00e4 paikasta\",\"publisher\":{\"@id\":\"https:\\\/\\\/vmsport.fi\\\/#organization\"},\"potentialAction\":[{\"@type\":\"SearchAction\",\"target\":{\"@type\":\"EntryPoint\",\"urlTemplate\":\"https:\\\/\\\/vmsport.fi\\\/?s={search_term_string}\"},\"query-input\":{\"@type\":\"PropertyValueSpecification\",\"valueRequired\":true,\"valueName\":\"search_term_string\"}}],\"inLanguage\":\"sv-SE\"},{\"@type\":\"Organization\",\"@id\":\"https:\\\/\\\/vmsport.fi\\\/#organization\",\"name\":\"Vmsport\",\"url\":\"https:\\\/\\\/vmsport.fi\\\/\",\"logo\":{\"@type\":\"ImageObject\",\"inLanguage\":\"sv-SE\",\"@id\":\"https:\\\/\\\/vmsport.fi\\\/#\\\/schema\\\/logo\\\/image\\\/\",\"url\":\"https:\\\/\\\/vmsport.fi\\\/wp-content\\\/uploads\\\/2024\\\/12\\\/vm_sport_RGB_horisontal-e1734526017575.png\",\"contentUrl\":\"https:\\\/\\\/vmsport.fi\\\/wp-content\\\/uploads\\\/2024\\\/12\\\/vm_sport_RGB_horisontal-e1734526017575.png\",\"width\":668,\"height\":85,\"caption\":\"Vmsport\"},\"image\":{\"@id\":\"https:\\\/\\\/vmsport.fi\\\/#\\\/schema\\\/logo\\\/image\\\/\"},\"sameAs\":[\"https:\\\/\\\/www.facebook.com\\\/Vmsport.fi\\\/\",\"https:\\\/\\\/www.instagram.com\\\/vmsport\\\/\"]}]}<\/script>\n<!-- \/ Yoast SEO plugin. -->","yoast_head_json":{"title":"TL-BR002 - V\u00e4xel-\/bromsspak - VM Sport","robots":{"index":"index","follow":"follow","max-snippet":"max-snippet:-1","max-image-preview":"max-image-preview:large","max-video-preview":"max-video-preview:-1"},"canonical":"https:\/\/vmsport.fi\/sv\/webbutik\/tillbehor\/tyokalut\/bromsdetekteringssatser\/indikatorkit-tl-br002-vaxelspak-bromsspak\/","og_locale":"sv_SE","og_type":"article","og_title":"Ilmaussarja TL-BR002 - Vaihde-\/Jarruvipu - VM Sport","og_description":"Shimano TL-BR002 on ammattitason ilmaussarja, joka on suunniteltu erityisesti levyjarrujen huoltoon. T\u00e4m\u00e4 sarja tarjoaa monipuoliset ty\u00f6kalut, joiden avulla voit huoltaa jarruj\u00e4rjestelm\u00e4\u00e4si helposti ja tehokkaasti. Se on ihanteellinen valinta, kun haluat varmistaa, ett\u00e4 py\u00f6r\u00e4si jarrut toimivat aina parhaimmillaan. Korkealaatuinen rakenne, joka on suunniteltu Shimano-tuotemerkin asiantuntemuksella, tekee t\u00e4st\u00e4 ilmaussarjasta luotettavan ty\u00f6kalun jokaiselle py\u00f6r\u00e4nomistajalle, joka haluaa suorittaa jarruj\u00e4rjestelm\u00e4ns\u00e4 [...]L\u00e4s mer \u2026 from Ilmaussarja TL-BR002 &#8211; Vaihde-\/Jarruvipu","og_url":"https:\/\/vmsport.fi\/sv\/webbutik\/tillbehor\/tyokalut\/bromsdetekteringssatser\/indikatorkit-tl-br002-vaxelspak-bromsspak\/","og_site_name":"VM Sport","article_publisher":"https:\/\/www.facebook.com\/Vmsport.fi\/","article_modified_time":"2026-03-21T08:38:00+00:00","og_image":[{"width":600,"height":600,"url":"https:\/\/vmsport.fi\/wp-content\/uploads\/2025\/03\/JADxTcozXYtQLKfhsk3Xp9qSLh6tSAQmSnpxxCwKXSHJEqdENM-1.jpg","type":"image\/jpeg"}],"twitter_card":"summary_large_image","schema":{"@context":"https:\/\/schema.org","@graph":[{"@type":["WebPage","ItemPage"],"@id":"https:\/\/vmsport.fi\/verkkokauppa\/tarvikkeet\/tyokalut\/jarrunilmaussarjat\/ilmaussarja-tl-br002-vaihde-jarruvipu\/","url":"https:\/\/vmsport.fi\/verkkokauppa\/tarvikkeet\/tyokalut\/jarrunilmaussarjat\/ilmaussarja-tl-br002-vaihde-jarruvipu\/","name":"TL-BR002 - V\u00e4xel-\/bromsspak - VM Sport","isPartOf":{"@id":"https:\/\/vmsport.fi\/#website"},"primaryImageOfPage":{"@id":"https:\/\/vmsport.fi\/verkkokauppa\/tarvikkeet\/tyokalut\/jarrunilmaussarjat\/ilmaussarja-tl-br002-vaihde-jarruvipu\/#primaryimage"},"image":{"@id":"https:\/\/vmsport.fi\/verkkokauppa\/tarvikkeet\/tyokalut\/jarrunilmaussarjat\/ilmaussarja-tl-br002-vaihde-jarruvipu\/#primaryimage"},"thumbnailUrl":"https:\/\/vmsport.fi\/wp-content\/uploads\/2025\/03\/JADxTcozXYtQLKfhsk3Xp9qSLh6tSAQmSnpxxCwKXSHJEqdENM-1.jpg","datePublished":"2025-03-05T22:31:15+00:00","dateModified":"2026-03-21T08:38:00+00:00","breadcrumb":{"@id":"https:\/\/vmsport.fi\/verkkokauppa\/tarvikkeet\/tyokalut\/jarrunilmaussarjat\/ilmaussarja-tl-br002-vaihde-jarruvipu\/#breadcrumb"},"inLanguage":"sv-SE","potentialAction":[{"@type":"ReadAction","target":["https:\/\/vmsport.fi\/verkkokauppa\/tarvikkeet\/tyokalut\/jarrunilmaussarjat\/ilmaussarja-tl-br002-vaihde-jarruvipu\/"]}]},{"@type":"ImageObject","inLanguage":"sv-SE","@id":"https:\/\/vmsport.fi\/verkkokauppa\/tarvikkeet\/tyokalut\/jarrunilmaussarjat\/ilmaussarja-tl-br002-vaihde-jarruvipu\/#primaryimage","url":"https:\/\/vmsport.fi\/wp-content\/uploads\/2025\/03\/JADxTcozXYtQLKfhsk3Xp9qSLh6tSAQmSnpxxCwKXSHJEqdENM-1.jpg","contentUrl":"https:\/\/vmsport.fi\/wp-content\/uploads\/2025\/03\/JADxTcozXYtQLKfhsk3Xp9qSLh6tSAQmSnpxxCwKXSHJEqdENM-1.jpg","width":600,"height":600,"caption":"JADxTcozXYtQLKfhsk3Xp9qSLh6tSAQmSnpxxCwKXSHJEqdENM"},{"@type":"BreadcrumbList","@id":"https:\/\/vmsport.fi\/verkkokauppa\/tarvikkeet\/tyokalut\/jarrunilmaussarjat\/ilmaussarja-tl-br002-vaihde-jarruvipu\/#breadcrumb","itemListElement":[{"@type":"ListItem","position":1,"name":"Etusivu","item":"https:\/\/vmsport.fi\/"},{"@type":"ListItem","position":2,"name":"Online Store","item":"https:\/\/vmsport.fi\/en\/online-store\/"},{"@type":"ListItem","position":3,"name":"Ilmaussarja TL-BR002 &#8211; Vaihde-\/Jarruvipu"}]},{"@type":"WebSite","@id":"https:\/\/vmsport.fi\/#website","url":"https:\/\/vmsport.fi\/","name":"Vmsport","description":"Allt p\u00e5 ett st\u00e4lle f\u00f6r cykling","publisher":{"@id":"https:\/\/vmsport.fi\/#organization"},"potentialAction":[{"@type":"SearchAction","target":{"@type":"EntryPoint","urlTemplate":"https:\/\/vmsport.fi\/?s={search_term_string}"},"query-input":{"@type":"PropertyValueSpecification","valueRequired":true,"valueName":"search_term_string"}}],"inLanguage":"sv-SE"},{"@type":"Organization","@id":"https:\/\/vmsport.fi\/#organization","name":"Vmsport","url":"https:\/\/vmsport.fi\/","logo":{"@type":"ImageObject","inLanguage":"sv-SE","@id":"https:\/\/vmsport.fi\/#\/schema\/logo\/image\/","url":"https:\/\/vmsport.fi\/wp-content\/uploads\/2024\/12\/vm_sport_RGB_horisontal-e1734526017575.png","contentUrl":"https:\/\/vmsport.fi\/wp-content\/uploads\/2024\/12\/vm_sport_RGB_horisontal-e1734526017575.png","width":668,"height":85,"caption":"Vmsport"},"image":{"@id":"https:\/\/vmsport.fi\/#\/schema\/logo\/image\/"},"sameAs":["https:\/\/www.facebook.com\/Vmsport.fi\/","https:\/\/www.instagram.com\/vmsport\/"]}]}},"global_unique_id":"","_links":{"self":[{"href":"https:\/\/vmsport.fi\/sv\/wp-json\/wp\/v2\/product\/57320","targetHints":{"allow":["GET"]}}],"collection":[{"href":"https:\/\/vmsport.fi\/sv\/wp-json\/wp\/v2\/product"}],"about":[{"href":"https:\/\/vmsport.fi\/sv\/wp-json\/wp\/v2\/types\/product"}],"replies":[{"embeddable":true,"href":"https:\/\/vmsport.fi\/sv\/wp-json\/wp\/v2\/comments?post=57320"}],"wp:featuredmedia":[{"embeddable":true,"href":"https:\/\/vmsport.fi\/sv\/wp-json\/wp\/v2\/media\/57319"}],"wp:attachment":[{"href":"https:\/\/vmsport.fi\/sv\/wp-json\/wp\/v2\/media?parent=57320"}],"wp:term":[{"taxonomy":"product_brand","embeddable":true,"href":"https:\/\/vmsport.fi\/sv\/wp-json\/wp\/v2\/product_brand?post=57320"},{"taxonomy":"product_model","embeddable":true,"href":"https:\/\/vmsport.fi\/sv\/wp-json\/wp\/v2\/product_model?post=57320"},{"taxonomy":"product_cat","embeddable":true,"href":"https:\/\/vmsport.fi\/sv\/wp-json\/wp\/v2\/product_cat?post=57320"},{"taxonomy":"product_tag","embeddable":true,"href":"https:\/\/vmsport.fi\/sv\/wp-json\/wp\/v2\/product_tag?post=57320"},{"taxonomy":"industry_terminology","embeddable":true,"href":"https:\/\/vmsport.fi\/sv\/wp-json\/wp\/v2\/industry-terminology?post=57320"}],"curies":[{"name":"wp","href":"https:\/\/api.w.org\/{rel}","templated":true}]}}