{"id":57318,"date":"2025-03-06T00:31:14","date_gmt":"2025-03-05T22:31:14","guid":{"rendered":"https:\/\/vmsport.fi\/verkkokauppa\/Ei-luokiteltu\/fox-ranger-2-5l-water-jacket-crml\/"},"modified":"2026-03-10T02:00:34","modified_gmt":"2026-03-10T00:00:34","slug":"fox-ranger-2-5l-water-jacket-crml","status":"publish","type":"product","link":"https:\/\/vmsport.fi\/sv\/verkkokauppa\/ajovarusteet\/vaatteet\/takit-ja-liivit\/fox-ranger-2-5l-water-jacket-crml\/","title":{"rendered":"FOX RANGER 2,5L VATTENMANTEL CRML"},"content":{"rendered":"<p>FOX Ranger 2.5L Water Jacket CRML on suunniteltu erityisesti maastopy\u00f6r\u00e4ilij\u00f6ille. Sen 10K vedenpit\u00e4vyys takaa suojan sateelta, kun taas 3K hengitt\u00e4vyys varmistaa, ettei kosteus j\u00e4\u00e4 iholle. T\u00e4m\u00e4 kaksikerroksinen takki yhdist\u00e4\u00e4 keveyden ja suojan, sopien erinomaisesti vaihteleviin s\u00e4\u00e4olosuhteisiin. Se on rakenteeltaan kevyt ja mahdollistaa mukavan ja esteett\u00f6m\u00e4n liikkumisen ajon aikana. Takki tarjoaa kest\u00e4vyytt\u00e4 ja joustavuutta, mik\u00e4 tekee siit\u00e4 t\u00e4ydellisen valinnan ulkoilusta nauttiville py\u00f6r\u00e4ilij\u00f6ille, jotka tarvitsevat luotettavaa suojaa ja mukavuutta poluille.<\/p>","protected":false},"excerpt":{"rendered":"<p>FOX Ranger 2.5L Water Jacket CRML on suunniteltu erityisesti maastopy\u00f6r\u00e4ilij\u00f6ille. Sen 10K vedenpit\u00e4vyys takaa suojan sateelta, kun taas 3K hengitt\u00e4vyys varmistaa, ettei kosteus j\u00e4\u00e4 iholle. T\u00e4m\u00e4 kaksikerroksinen takki yhdist\u00e4\u00e4 keveyden ja suojan, sopien erinomaisesti vaihteleviin s\u00e4\u00e4olosuhteisiin. Se on rakenteeltaan kevyt ja mahdollistaa mukavan ja esteett\u00f6m\u00e4n liikkumisen ajon aikana. Takki tarjoaa kest\u00e4vyytt\u00e4 ja joustavuutta, mik\u00e4 tekee [&#8230;]<\/p>\n<p><a class=\"btn btn-secondary understrap-read-more-link\" href=\"https:\/\/vmsport.fi\/sv\/verkkokauppa\/ajovarusteet\/vaatteet\/takit-ja-liivit\/fox-ranger-2-5l-water-jacket-crml\/\">L\u00e4s mer \u2026<span class=\"screen-reader-text\"> from FOX RANGER 2.5L WATER JACKET CRML<\/span><\/a><\/p>\n","protected":false},"featured_media":57317,"comment_status":"open","ping_status":"closed","template":"","meta":{"_acf_changed":false,"_improvement_type_select":"improve_an_existing","_thumb_yes_seoaic":false,"_frame_yes_seoaic":false,"seoaic_generate_description":"","seoaic_improve_instructions_prompt":"","seoaic_rollback_content_improvement":"","seoaic_idea_thumbnail_generator":"","thumbnail_generated":false,"thumbnail_generate_prompt":"","seoaic_article_description":"","_supplier_stock_quantity":0},"product_brand":[45],"product_model":[],"product_cat":[9458],"product_tag":[],"industry-terminology":[],"class_list":{"0":"post-57318","1":"product","2":"type-product","3":"status-publish","4":"has-post-thumbnail","6":"product_brand-fox","7":"product_cat-takit-ja-liivit","9":"first","10":"outofstock","11":"sale","12":"taxable","13":"shipping-taxable","14":"product-type-variable"},"acf":{"bike_features":null,"overview":{"copy_overview":null,"key_features":null,"statement":"","youtube_url":""}},"yoast_head":"<!-- This site is optimized with the Yoast SEO plugin v27.3 - https:\/\/yoast.com\/product\/yoast-seo-wordpress\/ -->\n<title>FOX RANGER 2.5L WATER JACKET CRML - VM Sport<\/title>\n<meta name=\"robots\" content=\"index, follow, max-snippet:-1, max-image-preview:large, max-video-preview:-1\" \/>\n<link rel=\"canonical\" href=\"https:\/\/vmsport.fi\/sv\/webbutik\/korutrustning\/klader\/jackor-och-vastar\/fox-ranger-2-5l-water-jacket-crml\/\" \/>\n<meta property=\"og:locale\" content=\"sv_SE\" \/>\n<meta property=\"og:type\" content=\"article\" \/>\n<meta property=\"og:title\" content=\"FOX RANGER 2.5L WATER JACKET CRML - VM Sport\" \/>\n<meta property=\"og:description\" content=\"FOX Ranger 2.5L Water Jacket CRML on suunniteltu erityisesti maastopy\u00f6r\u00e4ilij\u00f6ille. Sen 10K vedenpit\u00e4vyys takaa suojan sateelta, kun taas 3K hengitt\u00e4vyys varmistaa, ettei kosteus j\u00e4\u00e4 iholle. T\u00e4m\u00e4 kaksikerroksinen takki yhdist\u00e4\u00e4 keveyden ja suojan, sopien erinomaisesti vaihteleviin s\u00e4\u00e4olosuhteisiin. Se on rakenteeltaan kevyt ja mahdollistaa mukavan ja esteett\u00f6m\u00e4n liikkumisen ajon aikana. Takki tarjoaa kest\u00e4vyytt\u00e4 ja joustavuutta, mik\u00e4 tekee [...]L\u00e4s mer \u2026 from FOX RANGER 2.5L WATER JACKET CRML\" \/>\n<meta property=\"og:url\" content=\"https:\/\/vmsport.fi\/sv\/webbutik\/korutrustning\/klader\/jackor-och-vastar\/fox-ranger-2-5l-water-jacket-crml\/\" \/>\n<meta property=\"og:site_name\" content=\"VM Sport\" \/>\n<meta property=\"article:publisher\" content=\"https:\/\/www.facebook.com\/Vmsport.fi\/\" \/>\n<meta property=\"article:modified_time\" content=\"2026-03-10T00:00:34+00:00\" \/>\n<meta property=\"og:image\" content=\"https:\/\/vmsport.fi\/wp-content\/uploads\/2025\/03\/JAC-Fx3RAN25W-FOX-RANGER-25L-WATER-CARAMEL-02-il-1.jpg\" \/>\n\t<meta property=\"og:image:width\" content=\"1000\" \/>\n\t<meta property=\"og:image:height\" content=\"556\" \/>\n\t<meta property=\"og:image:type\" content=\"image\/jpeg\" \/>\n<meta name=\"twitter:card\" content=\"summary_large_image\" \/>\n<script type=\"application\/ld+json\" class=\"yoast-schema-graph\">{\"@context\":\"https:\\\/\\\/schema.org\",\"@graph\":[{\"@type\":[\"WebPage\",\"ItemPage\"],\"@id\":\"https:\\\/\\\/vmsport.fi\\\/verkkokauppa\\\/ajovarusteet\\\/vaatteet\\\/takit-ja-liivit\\\/fox-ranger-2-5l-water-jacket-crml\\\/\",\"url\":\"https:\\\/\\\/vmsport.fi\\\/verkkokauppa\\\/ajovarusteet\\\/vaatteet\\\/takit-ja-liivit\\\/fox-ranger-2-5l-water-jacket-crml\\\/\",\"name\":\"FOX RANGER 2.5L WATER JACKET CRML - VM Sport\",\"isPartOf\":{\"@id\":\"https:\\\/\\\/vmsport.fi\\\/#website\"},\"primaryImageOfPage\":{\"@id\":\"https:\\\/\\\/vmsport.fi\\\/verkkokauppa\\\/ajovarusteet\\\/vaatteet\\\/takit-ja-liivit\\\/fox-ranger-2-5l-water-jacket-crml\\\/#primaryimage\"},\"image\":{\"@id\":\"https:\\\/\\\/vmsport.fi\\\/verkkokauppa\\\/ajovarusteet\\\/vaatteet\\\/takit-ja-liivit\\\/fox-ranger-2-5l-water-jacket-crml\\\/#primaryimage\"},\"thumbnailUrl\":\"https:\\\/\\\/vmsport.fi\\\/wp-content\\\/uploads\\\/2025\\\/03\\\/JAC-Fx3RAN25W-FOX-RANGER-25L-WATER-CARAMEL-02-il-1.jpg\",\"datePublished\":\"2025-03-05T22:31:14+00:00\",\"dateModified\":\"2026-03-10T00:00:34+00:00\",\"breadcrumb\":{\"@id\":\"https:\\\/\\\/vmsport.fi\\\/verkkokauppa\\\/ajovarusteet\\\/vaatteet\\\/takit-ja-liivit\\\/fox-ranger-2-5l-water-jacket-crml\\\/#breadcrumb\"},\"inLanguage\":\"sv-SE\",\"potentialAction\":[{\"@type\":\"ReadAction\",\"target\":[\"https:\\\/\\\/vmsport.fi\\\/verkkokauppa\\\/ajovarusteet\\\/vaatteet\\\/takit-ja-liivit\\\/fox-ranger-2-5l-water-jacket-crml\\\/\"]}]},{\"@type\":\"ImageObject\",\"inLanguage\":\"sv-SE\",\"@id\":\"https:\\\/\\\/vmsport.fi\\\/verkkokauppa\\\/ajovarusteet\\\/vaatteet\\\/takit-ja-liivit\\\/fox-ranger-2-5l-water-jacket-crml\\\/#primaryimage\",\"url\":\"https:\\\/\\\/vmsport.fi\\\/wp-content\\\/uploads\\\/2025\\\/03\\\/JAC-Fx3RAN25W-FOX-RANGER-25L-WATER-CARAMEL-02-il-1.jpg\",\"contentUrl\":\"https:\\\/\\\/vmsport.fi\\\/wp-content\\\/uploads\\\/2025\\\/03\\\/JAC-Fx3RAN25W-FOX-RANGER-25L-WATER-CARAMEL-02-il-1.jpg\",\"width\":1000,\"height\":556,\"caption\":\"JAC-Fx3RAN25W-FOX-RANGER-25L-WATER-CARAMEL-02-il\"},{\"@type\":\"BreadcrumbList\",\"@id\":\"https:\\\/\\\/vmsport.fi\\\/verkkokauppa\\\/ajovarusteet\\\/vaatteet\\\/takit-ja-liivit\\\/fox-ranger-2-5l-water-jacket-crml\\\/#breadcrumb\",\"itemListElement\":[{\"@type\":\"ListItem\",\"position\":1,\"name\":\"Etusivu\",\"item\":\"https:\\\/\\\/vmsport.fi\\\/\"},{\"@type\":\"ListItem\",\"position\":2,\"name\":\"Online Store\",\"item\":\"https:\\\/\\\/vmsport.fi\\\/en\\\/online-store\\\/\"},{\"@type\":\"ListItem\",\"position\":3,\"name\":\"FOX RANGER 2.5L WATER JACKET CRML\"}]},{\"@type\":\"WebSite\",\"@id\":\"https:\\\/\\\/vmsport.fi\\\/#website\",\"url\":\"https:\\\/\\\/vmsport.fi\\\/\",\"name\":\"Vmsport\",\"description\":\"Kaikki py\u00f6r\u00e4ilyyn yhdest\u00e4 paikasta\",\"publisher\":{\"@id\":\"https:\\\/\\\/vmsport.fi\\\/#organization\"},\"potentialAction\":[{\"@type\":\"SearchAction\",\"target\":{\"@type\":\"EntryPoint\",\"urlTemplate\":\"https:\\\/\\\/vmsport.fi\\\/?s={search_term_string}\"},\"query-input\":{\"@type\":\"PropertyValueSpecification\",\"valueRequired\":true,\"valueName\":\"search_term_string\"}}],\"inLanguage\":\"sv-SE\"},{\"@type\":\"Organization\",\"@id\":\"https:\\\/\\\/vmsport.fi\\\/#organization\",\"name\":\"Vmsport\",\"url\":\"https:\\\/\\\/vmsport.fi\\\/\",\"logo\":{\"@type\":\"ImageObject\",\"inLanguage\":\"sv-SE\",\"@id\":\"https:\\\/\\\/vmsport.fi\\\/#\\\/schema\\\/logo\\\/image\\\/\",\"url\":\"https:\\\/\\\/vmsport.fi\\\/wp-content\\\/uploads\\\/2024\\\/12\\\/vm_sport_RGB_horisontal-e1734526017575.png\",\"contentUrl\":\"https:\\\/\\\/vmsport.fi\\\/wp-content\\\/uploads\\\/2024\\\/12\\\/vm_sport_RGB_horisontal-e1734526017575.png\",\"width\":668,\"height\":85,\"caption\":\"Vmsport\"},\"image\":{\"@id\":\"https:\\\/\\\/vmsport.fi\\\/#\\\/schema\\\/logo\\\/image\\\/\"},\"sameAs\":[\"https:\\\/\\\/www.facebook.com\\\/Vmsport.fi\\\/\",\"https:\\\/\\\/www.instagram.com\\\/vmsport\\\/\"]}]}<\/script>\n<!-- \/ Yoast SEO plugin. -->","yoast_head_json":{"title":"FOX RANGER 2.5L WATER JACKET CRML - VM Sport","robots":{"index":"index","follow":"follow","max-snippet":"max-snippet:-1","max-image-preview":"max-image-preview:large","max-video-preview":"max-video-preview:-1"},"canonical":"https:\/\/vmsport.fi\/sv\/webbutik\/korutrustning\/klader\/jackor-och-vastar\/fox-ranger-2-5l-water-jacket-crml\/","og_locale":"sv_SE","og_type":"article","og_title":"FOX RANGER 2.5L WATER JACKET CRML - VM Sport","og_description":"FOX Ranger 2.5L Water Jacket CRML on suunniteltu erityisesti maastopy\u00f6r\u00e4ilij\u00f6ille. Sen 10K vedenpit\u00e4vyys takaa suojan sateelta, kun taas 3K hengitt\u00e4vyys varmistaa, ettei kosteus j\u00e4\u00e4 iholle. T\u00e4m\u00e4 kaksikerroksinen takki yhdist\u00e4\u00e4 keveyden ja suojan, sopien erinomaisesti vaihteleviin s\u00e4\u00e4olosuhteisiin. Se on rakenteeltaan kevyt ja mahdollistaa mukavan ja esteett\u00f6m\u00e4n liikkumisen ajon aikana. Takki tarjoaa kest\u00e4vyytt\u00e4 ja joustavuutta, mik\u00e4 tekee [...]L\u00e4s mer \u2026 from FOX RANGER 2.5L WATER JACKET CRML","og_url":"https:\/\/vmsport.fi\/sv\/webbutik\/korutrustning\/klader\/jackor-och-vastar\/fox-ranger-2-5l-water-jacket-crml\/","og_site_name":"VM Sport","article_publisher":"https:\/\/www.facebook.com\/Vmsport.fi\/","article_modified_time":"2026-03-10T00:00:34+00:00","og_image":[{"width":1000,"height":556,"url":"https:\/\/vmsport.fi\/wp-content\/uploads\/2025\/03\/JAC-Fx3RAN25W-FOX-RANGER-25L-WATER-CARAMEL-02-il-1.jpg","type":"image\/jpeg"}],"twitter_card":"summary_large_image","schema":{"@context":"https:\/\/schema.org","@graph":[{"@type":["WebPage","ItemPage"],"@id":"https:\/\/vmsport.fi\/verkkokauppa\/ajovarusteet\/vaatteet\/takit-ja-liivit\/fox-ranger-2-5l-water-jacket-crml\/","url":"https:\/\/vmsport.fi\/verkkokauppa\/ajovarusteet\/vaatteet\/takit-ja-liivit\/fox-ranger-2-5l-water-jacket-crml\/","name":"FOX RANGER 2.5L WATER JACKET CRML - VM Sport","isPartOf":{"@id":"https:\/\/vmsport.fi\/#website"},"primaryImageOfPage":{"@id":"https:\/\/vmsport.fi\/verkkokauppa\/ajovarusteet\/vaatteet\/takit-ja-liivit\/fox-ranger-2-5l-water-jacket-crml\/#primaryimage"},"image":{"@id":"https:\/\/vmsport.fi\/verkkokauppa\/ajovarusteet\/vaatteet\/takit-ja-liivit\/fox-ranger-2-5l-water-jacket-crml\/#primaryimage"},"thumbnailUrl":"https:\/\/vmsport.fi\/wp-content\/uploads\/2025\/03\/JAC-Fx3RAN25W-FOX-RANGER-25L-WATER-CARAMEL-02-il-1.jpg","datePublished":"2025-03-05T22:31:14+00:00","dateModified":"2026-03-10T00:00:34+00:00","breadcrumb":{"@id":"https:\/\/vmsport.fi\/verkkokauppa\/ajovarusteet\/vaatteet\/takit-ja-liivit\/fox-ranger-2-5l-water-jacket-crml\/#breadcrumb"},"inLanguage":"sv-SE","potentialAction":[{"@type":"ReadAction","target":["https:\/\/vmsport.fi\/verkkokauppa\/ajovarusteet\/vaatteet\/takit-ja-liivit\/fox-ranger-2-5l-water-jacket-crml\/"]}]},{"@type":"ImageObject","inLanguage":"sv-SE","@id":"https:\/\/vmsport.fi\/verkkokauppa\/ajovarusteet\/vaatteet\/takit-ja-liivit\/fox-ranger-2-5l-water-jacket-crml\/#primaryimage","url":"https:\/\/vmsport.fi\/wp-content\/uploads\/2025\/03\/JAC-Fx3RAN25W-FOX-RANGER-25L-WATER-CARAMEL-02-il-1.jpg","contentUrl":"https:\/\/vmsport.fi\/wp-content\/uploads\/2025\/03\/JAC-Fx3RAN25W-FOX-RANGER-25L-WATER-CARAMEL-02-il-1.jpg","width":1000,"height":556,"caption":"JAC-Fx3RAN25W-FOX-RANGER-25L-WATER-CARAMEL-02-il"},{"@type":"BreadcrumbList","@id":"https:\/\/vmsport.fi\/verkkokauppa\/ajovarusteet\/vaatteet\/takit-ja-liivit\/fox-ranger-2-5l-water-jacket-crml\/#breadcrumb","itemListElement":[{"@type":"ListItem","position":1,"name":"Etusivu","item":"https:\/\/vmsport.fi\/"},{"@type":"ListItem","position":2,"name":"Online Store","item":"https:\/\/vmsport.fi\/en\/online-store\/"},{"@type":"ListItem","position":3,"name":"FOX RANGER 2.5L WATER JACKET CRML"}]},{"@type":"WebSite","@id":"https:\/\/vmsport.fi\/#website","url":"https:\/\/vmsport.fi\/","name":"Vmsport","description":"Allt p\u00e5 ett st\u00e4lle f\u00f6r cykling","publisher":{"@id":"https:\/\/vmsport.fi\/#organization"},"potentialAction":[{"@type":"SearchAction","target":{"@type":"EntryPoint","urlTemplate":"https:\/\/vmsport.fi\/?s={search_term_string}"},"query-input":{"@type":"PropertyValueSpecification","valueRequired":true,"valueName":"search_term_string"}}],"inLanguage":"sv-SE"},{"@type":"Organization","@id":"https:\/\/vmsport.fi\/#organization","name":"Vmsport","url":"https:\/\/vmsport.fi\/","logo":{"@type":"ImageObject","inLanguage":"sv-SE","@id":"https:\/\/vmsport.fi\/#\/schema\/logo\/image\/","url":"https:\/\/vmsport.fi\/wp-content\/uploads\/2024\/12\/vm_sport_RGB_horisontal-e1734526017575.png","contentUrl":"https:\/\/vmsport.fi\/wp-content\/uploads\/2024\/12\/vm_sport_RGB_horisontal-e1734526017575.png","width":668,"height":85,"caption":"Vmsport"},"image":{"@id":"https:\/\/vmsport.fi\/#\/schema\/logo\/image\/"},"sameAs":["https:\/\/www.facebook.com\/Vmsport.fi\/","https:\/\/www.instagram.com\/vmsport\/"]}]}},"global_unique_id":"","_links":{"self":[{"href":"https:\/\/vmsport.fi\/sv\/wp-json\/wp\/v2\/product\/57318","targetHints":{"allow":["GET"]}}],"collection":[{"href":"https:\/\/vmsport.fi\/sv\/wp-json\/wp\/v2\/product"}],"about":[{"href":"https:\/\/vmsport.fi\/sv\/wp-json\/wp\/v2\/types\/product"}],"replies":[{"embeddable":true,"href":"https:\/\/vmsport.fi\/sv\/wp-json\/wp\/v2\/comments?post=57318"}],"wp:featuredmedia":[{"embeddable":true,"href":"https:\/\/vmsport.fi\/sv\/wp-json\/wp\/v2\/media\/57317"}],"wp:attachment":[{"href":"https:\/\/vmsport.fi\/sv\/wp-json\/wp\/v2\/media?parent=57318"}],"wp:term":[{"taxonomy":"product_brand","embeddable":true,"href":"https:\/\/vmsport.fi\/sv\/wp-json\/wp\/v2\/product_brand?post=57318"},{"taxonomy":"product_model","embeddable":true,"href":"https:\/\/vmsport.fi\/sv\/wp-json\/wp\/v2\/product_model?post=57318"},{"taxonomy":"product_cat","embeddable":true,"href":"https:\/\/vmsport.fi\/sv\/wp-json\/wp\/v2\/product_cat?post=57318"},{"taxonomy":"product_tag","embeddable":true,"href":"https:\/\/vmsport.fi\/sv\/wp-json\/wp\/v2\/product_tag?post=57318"},{"taxonomy":"industry_terminology","embeddable":true,"href":"https:\/\/vmsport.fi\/sv\/wp-json\/wp\/v2\/industry-terminology?post=57318"}],"curies":[{"name":"wp","href":"https:\/\/api.w.org\/{rel}","templated":true}]}}