{"id":57313,"date":"2025-03-06T00:31:13","date_gmt":"2025-03-05T22:31:13","guid":{"rendered":"https:\/\/vmsport.fi\/verkkokauppa\/Ei-luokiteltu\/avid-set-for-code-my11-my16\/"},"modified":"2026-04-01T03:00:23","modified_gmt":"2026-04-01T00:00:23","slug":"avid-set-for-kod-my11-my16","status":"publish","type":"product","link":"https:\/\/vmsport.fi\/sv\/verkkokauppa\/varaosat\/jarrut\/jarrupalat\/avid-set-for-code-my11-my16\/","title":{"rendered":"AVID Skivbromsbel\u00e4ggsats f\u00f6r kod (MY11-MY16)"},"content":{"rendered":"<p>AVID Set for Code \u00e4r en p\u00e5litlig upps\u00e4ttning bromsbel\u00e4gg f\u00f6r cyklar, s\u00e4rskilt l\u00e4mpliga f\u00f6r cyklar MY11-MY16. Setet \u00e4r utformat f\u00f6r att f\u00f6rb\u00e4ttra bromsprestandan och fungerar perfekt som en del av cykelns bromssystem. Delarna \u00e4r l\u00e4tt utbytbara, vilket g\u00f6r dem idealiska som reservdelar. De \u00e4r tillverkade av slitstarka material, vilket garanterar l\u00e5ng livsl\u00e4ngd och h\u00e5llbarhet under en m\u00e4ngd olika k\u00f6rf\u00f6rh\u00e5llanden. Installationen \u00e4r problemfri och underh\u00e5llet enkelt, vilket g\u00f6r detta kit till ett anv\u00e4ndarv\u00e4nligt alternativ f\u00f6r cyklister som v\u00e4rdes\u00e4tter kvalitet och tillf\u00f6rlitlighet.<\/p>","protected":false},"excerpt":{"rendered":"<p>AVID Set for Code on luotettava jarrupalasarja polkupy\u00f6rille, joka sopii erityisesti vuosimallien MY11-MY16 py\u00f6riin. Sarja on suunniteltu parantamaan jarrutustehoa ja toimii erinomaisesti osana polkupy\u00f6r\u00e4n jarruj\u00e4rjestelm\u00e4\u00e4. Osat ovat helposti vaihdettavia, mik\u00e4 tekee niist\u00e4 ihanteelliset varaosiksi. Ne on valmistettu kest\u00e4vist\u00e4 materiaaleista, mik\u00e4 takaa pitk\u00e4n k\u00e4ytt\u00f6i\u00e4n ja keston erilaisissa ajo-olosuhteissa. Asentaminen on vaivatonta ja yll\u00e4pito helppoa, mik\u00e4 tekee [&#8230;]<\/p>\n<p><a class=\"btn btn-secondary understrap-read-more-link\" href=\"https:\/\/vmsport.fi\/sv\/verkkokauppa\/varaosat\/jarrut\/jarrupalat\/avid-set-for-code-my11-my16\/\">L\u00e4s mer \u2026<span class=\"screen-reader-text\"> from AVID Disc brake pad Set for Code (MY11-MY16)<\/span><\/a><\/p>\n","protected":false},"featured_media":57312,"comment_status":"open","ping_status":"closed","template":"","meta":{"_acf_changed":false,"_improvement_type_select":"improve_an_existing","_thumb_yes_seoaic":false,"_frame_yes_seoaic":false,"seoaic_generate_description":"","seoaic_improve_instructions_prompt":"","seoaic_rollback_content_improvement":"","seoaic_idea_thumbnail_generator":"","thumbnail_generated":false,"thumbnail_generate_prompt":"","seoaic_article_description":"","_supplier_stock_quantity":0},"product_brand":[],"product_model":[],"product_cat":[9288],"product_tag":[],"industry-terminology":[],"class_list":{"0":"post-57313","1":"product","2":"type-product","3":"status-publish","4":"has-post-thumbnail","6":"product_cat-jarrupalat","8":"first","9":"instock","10":"taxable","11":"shipping-taxable","12":"purchasable","13":"product-type-simple"},"acf":{"bike_features":null,"overview":{"copy_overview":null,"key_features":null,"statement":"","youtube_url":""}},"yoast_head":"<!-- This site is optimized with the Yoast SEO plugin v27.3 - https:\/\/yoast.com\/product\/yoast-seo-wordpress\/ -->\n<title>AVID Disc brake pad Set for Code (MY11-MY16) - VM Sport<\/title>\n<meta name=\"robots\" content=\"index, follow, max-snippet:-1, max-image-preview:large, max-video-preview:-1\" \/>\n<link rel=\"canonical\" href=\"https:\/\/vmsport.fi\/sv\/webbutik\/reservdelar\/bromsar\/bromsbelagg\/avid-set-for-kod-my11-my16\/\" \/>\n<meta property=\"og:locale\" content=\"sv_SE\" \/>\n<meta property=\"og:type\" content=\"article\" \/>\n<meta property=\"og:title\" content=\"AVID Disc brake pad Set for Code (MY11-MY16) - VM Sport\" \/>\n<meta property=\"og:description\" content=\"AVID Set for Code on luotettava jarrupalasarja polkupy\u00f6rille, joka sopii erityisesti vuosimallien MY11-MY16 py\u00f6riin. Sarja on suunniteltu parantamaan jarrutustehoa ja toimii erinomaisesti osana polkupy\u00f6r\u00e4n jarruj\u00e4rjestelm\u00e4\u00e4. Osat ovat helposti vaihdettavia, mik\u00e4 tekee niist\u00e4 ihanteelliset varaosiksi. Ne on valmistettu kest\u00e4vist\u00e4 materiaaleista, mik\u00e4 takaa pitk\u00e4n k\u00e4ytt\u00f6i\u00e4n ja keston erilaisissa ajo-olosuhteissa. Asentaminen on vaivatonta ja yll\u00e4pito helppoa, mik\u00e4 tekee [...]L\u00e4s mer \u2026 from AVID Disc brake pad Set for Code (MY11-MY16)\" \/>\n<meta property=\"og:url\" content=\"https:\/\/vmsport.fi\/sv\/webbutik\/reservdelar\/bromsar\/bromsbelagg\/avid-set-for-kod-my11-my16\/\" \/>\n<meta property=\"og:site_name\" content=\"VM Sport\" \/>\n<meta property=\"article:publisher\" content=\"https:\/\/www.facebook.com\/Vmsport.fi\/\" \/>\n<meta property=\"article:modified_time\" content=\"2026-04-01T00:00:23+00:00\" \/>\n<meta property=\"og:image\" content=\"https:\/\/vmsport.fi\/wp-content\/uploads\/2025\/03\/Zd7uPPZNZLVkQfNgBpPjgTSoaHWPM6qdzYR2sliNiUAEyCTyBr-1.jpg\" \/>\n\t<meta property=\"og:image:width\" content=\"600\" \/>\n\t<meta property=\"og:image:height\" content=\"450\" \/>\n\t<meta property=\"og:image:type\" content=\"image\/jpeg\" \/>\n<meta name=\"twitter:card\" content=\"summary_large_image\" \/>\n<script type=\"application\/ld+json\" class=\"yoast-schema-graph\">{\"@context\":\"https:\\\/\\\/schema.org\",\"@graph\":[{\"@type\":[\"WebPage\",\"ItemPage\"],\"@id\":\"https:\\\/\\\/vmsport.fi\\\/verkkokauppa\\\/varaosat\\\/jarrut\\\/jarrupalat\\\/avid-set-for-code-my11-my16\\\/\",\"url\":\"https:\\\/\\\/vmsport.fi\\\/verkkokauppa\\\/varaosat\\\/jarrut\\\/jarrupalat\\\/avid-set-for-code-my11-my16\\\/\",\"name\":\"AVID Disc brake pad Set for Code (MY11-MY16) - VM Sport\",\"isPartOf\":{\"@id\":\"https:\\\/\\\/vmsport.fi\\\/#website\"},\"primaryImageOfPage\":{\"@id\":\"https:\\\/\\\/vmsport.fi\\\/verkkokauppa\\\/varaosat\\\/jarrut\\\/jarrupalat\\\/avid-set-for-code-my11-my16\\\/#primaryimage\"},\"image\":{\"@id\":\"https:\\\/\\\/vmsport.fi\\\/verkkokauppa\\\/varaosat\\\/jarrut\\\/jarrupalat\\\/avid-set-for-code-my11-my16\\\/#primaryimage\"},\"thumbnailUrl\":\"https:\\\/\\\/vmsport.fi\\\/wp-content\\\/uploads\\\/2025\\\/03\\\/Zd7uPPZNZLVkQfNgBpPjgTSoaHWPM6qdzYR2sliNiUAEyCTyBr-1.jpg\",\"datePublished\":\"2025-03-05T22:31:13+00:00\",\"dateModified\":\"2026-04-01T00:00:23+00:00\",\"breadcrumb\":{\"@id\":\"https:\\\/\\\/vmsport.fi\\\/verkkokauppa\\\/varaosat\\\/jarrut\\\/jarrupalat\\\/avid-set-for-code-my11-my16\\\/#breadcrumb\"},\"inLanguage\":\"sv-SE\",\"potentialAction\":[{\"@type\":\"ReadAction\",\"target\":[\"https:\\\/\\\/vmsport.fi\\\/verkkokauppa\\\/varaosat\\\/jarrut\\\/jarrupalat\\\/avid-set-for-code-my11-my16\\\/\"]}]},{\"@type\":\"ImageObject\",\"inLanguage\":\"sv-SE\",\"@id\":\"https:\\\/\\\/vmsport.fi\\\/verkkokauppa\\\/varaosat\\\/jarrut\\\/jarrupalat\\\/avid-set-for-code-my11-my16\\\/#primaryimage\",\"url\":\"https:\\\/\\\/vmsport.fi\\\/wp-content\\\/uploads\\\/2025\\\/03\\\/Zd7uPPZNZLVkQfNgBpPjgTSoaHWPM6qdzYR2sliNiUAEyCTyBr-1.jpg\",\"contentUrl\":\"https:\\\/\\\/vmsport.fi\\\/wp-content\\\/uploads\\\/2025\\\/03\\\/Zd7uPPZNZLVkQfNgBpPjgTSoaHWPM6qdzYR2sliNiUAEyCTyBr-1.jpg\",\"width\":600,\"height\":450,\"caption\":\"Zd7uPPZNZLVkQfNgBpPjgTSoaHWPM6qdzYR2sliNiUAEyCTyBr\"},{\"@type\":\"BreadcrumbList\",\"@id\":\"https:\\\/\\\/vmsport.fi\\\/verkkokauppa\\\/varaosat\\\/jarrut\\\/jarrupalat\\\/avid-set-for-code-my11-my16\\\/#breadcrumb\",\"itemListElement\":[{\"@type\":\"ListItem\",\"position\":1,\"name\":\"Etusivu\",\"item\":\"https:\\\/\\\/vmsport.fi\\\/\"},{\"@type\":\"ListItem\",\"position\":2,\"name\":\"Online Store\",\"item\":\"https:\\\/\\\/vmsport.fi\\\/en\\\/online-store\\\/\"},{\"@type\":\"ListItem\",\"position\":3,\"name\":\"AVID Disc brake pad Set for Code (MY11-MY16)\"}]},{\"@type\":\"WebSite\",\"@id\":\"https:\\\/\\\/vmsport.fi\\\/#website\",\"url\":\"https:\\\/\\\/vmsport.fi\\\/\",\"name\":\"Vmsport\",\"description\":\"Kaikki py\u00f6r\u00e4ilyyn yhdest\u00e4 paikasta\",\"publisher\":{\"@id\":\"https:\\\/\\\/vmsport.fi\\\/#organization\"},\"potentialAction\":[{\"@type\":\"SearchAction\",\"target\":{\"@type\":\"EntryPoint\",\"urlTemplate\":\"https:\\\/\\\/vmsport.fi\\\/?s={search_term_string}\"},\"query-input\":{\"@type\":\"PropertyValueSpecification\",\"valueRequired\":true,\"valueName\":\"search_term_string\"}}],\"inLanguage\":\"sv-SE\"},{\"@type\":\"Organization\",\"@id\":\"https:\\\/\\\/vmsport.fi\\\/#organization\",\"name\":\"Vmsport\",\"url\":\"https:\\\/\\\/vmsport.fi\\\/\",\"logo\":{\"@type\":\"ImageObject\",\"inLanguage\":\"sv-SE\",\"@id\":\"https:\\\/\\\/vmsport.fi\\\/#\\\/schema\\\/logo\\\/image\\\/\",\"url\":\"https:\\\/\\\/vmsport.fi\\\/wp-content\\\/uploads\\\/2024\\\/12\\\/vm_sport_RGB_horisontal-e1734526017575.png\",\"contentUrl\":\"https:\\\/\\\/vmsport.fi\\\/wp-content\\\/uploads\\\/2024\\\/12\\\/vm_sport_RGB_horisontal-e1734526017575.png\",\"width\":668,\"height\":85,\"caption\":\"Vmsport\"},\"image\":{\"@id\":\"https:\\\/\\\/vmsport.fi\\\/#\\\/schema\\\/logo\\\/image\\\/\"},\"sameAs\":[\"https:\\\/\\\/www.facebook.com\\\/Vmsport.fi\\\/\",\"https:\\\/\\\/www.instagram.com\\\/vmsport\\\/\"]}]}<\/script>\n<!-- \/ Yoast SEO plugin. -->","yoast_head_json":{"title":"AVID Skivbromsbel\u00e4ggsats f\u00f6r Code (MY11-MY16) - VM Sport","robots":{"index":"index","follow":"follow","max-snippet":"max-snippet:-1","max-image-preview":"max-image-preview:large","max-video-preview":"max-video-preview:-1"},"canonical":"https:\/\/vmsport.fi\/sv\/webbutik\/reservdelar\/bromsar\/bromsbelagg\/avid-set-for-kod-my11-my16\/","og_locale":"sv_SE","og_type":"article","og_title":"AVID Disc brake pad Set for Code (MY11-MY16) - VM Sport","og_description":"AVID Set for Code on luotettava jarrupalasarja polkupy\u00f6rille, joka sopii erityisesti vuosimallien MY11-MY16 py\u00f6riin. Sarja on suunniteltu parantamaan jarrutustehoa ja toimii erinomaisesti osana polkupy\u00f6r\u00e4n jarruj\u00e4rjestelm\u00e4\u00e4. Osat ovat helposti vaihdettavia, mik\u00e4 tekee niist\u00e4 ihanteelliset varaosiksi. Ne on valmistettu kest\u00e4vist\u00e4 materiaaleista, mik\u00e4 takaa pitk\u00e4n k\u00e4ytt\u00f6i\u00e4n ja keston erilaisissa ajo-olosuhteissa. Asentaminen on vaivatonta ja yll\u00e4pito helppoa, mik\u00e4 tekee [...]L\u00e4s mer \u2026 from AVID Disc brake pad Set for Code (MY11-MY16)","og_url":"https:\/\/vmsport.fi\/sv\/webbutik\/reservdelar\/bromsar\/bromsbelagg\/avid-set-for-kod-my11-my16\/","og_site_name":"VM Sport","article_publisher":"https:\/\/www.facebook.com\/Vmsport.fi\/","article_modified_time":"2026-04-01T00:00:23+00:00","og_image":[{"width":600,"height":450,"url":"https:\/\/vmsport.fi\/wp-content\/uploads\/2025\/03\/Zd7uPPZNZLVkQfNgBpPjgTSoaHWPM6qdzYR2sliNiUAEyCTyBr-1.jpg","type":"image\/jpeg"}],"twitter_card":"summary_large_image","schema":{"@context":"https:\/\/schema.org","@graph":[{"@type":["WebPage","ItemPage"],"@id":"https:\/\/vmsport.fi\/verkkokauppa\/varaosat\/jarrut\/jarrupalat\/avid-set-for-code-my11-my16\/","url":"https:\/\/vmsport.fi\/verkkokauppa\/varaosat\/jarrut\/jarrupalat\/avid-set-for-code-my11-my16\/","name":"AVID Skivbromsbel\u00e4ggsats f\u00f6r Code (MY11-MY16) - VM Sport","isPartOf":{"@id":"https:\/\/vmsport.fi\/#website"},"primaryImageOfPage":{"@id":"https:\/\/vmsport.fi\/verkkokauppa\/varaosat\/jarrut\/jarrupalat\/avid-set-for-code-my11-my16\/#primaryimage"},"image":{"@id":"https:\/\/vmsport.fi\/verkkokauppa\/varaosat\/jarrut\/jarrupalat\/avid-set-for-code-my11-my16\/#primaryimage"},"thumbnailUrl":"https:\/\/vmsport.fi\/wp-content\/uploads\/2025\/03\/Zd7uPPZNZLVkQfNgBpPjgTSoaHWPM6qdzYR2sliNiUAEyCTyBr-1.jpg","datePublished":"2025-03-05T22:31:13+00:00","dateModified":"2026-04-01T00:00:23+00:00","breadcrumb":{"@id":"https:\/\/vmsport.fi\/verkkokauppa\/varaosat\/jarrut\/jarrupalat\/avid-set-for-code-my11-my16\/#breadcrumb"},"inLanguage":"sv-SE","potentialAction":[{"@type":"ReadAction","target":["https:\/\/vmsport.fi\/verkkokauppa\/varaosat\/jarrut\/jarrupalat\/avid-set-for-code-my11-my16\/"]}]},{"@type":"ImageObject","inLanguage":"sv-SE","@id":"https:\/\/vmsport.fi\/verkkokauppa\/varaosat\/jarrut\/jarrupalat\/avid-set-for-code-my11-my16\/#primaryimage","url":"https:\/\/vmsport.fi\/wp-content\/uploads\/2025\/03\/Zd7uPPZNZLVkQfNgBpPjgTSoaHWPM6qdzYR2sliNiUAEyCTyBr-1.jpg","contentUrl":"https:\/\/vmsport.fi\/wp-content\/uploads\/2025\/03\/Zd7uPPZNZLVkQfNgBpPjgTSoaHWPM6qdzYR2sliNiUAEyCTyBr-1.jpg","width":600,"height":450,"caption":"Zd7uPPZNZLVkQfNgBpPjgTSoaHWPM6qdzYR2sliNiUAEyCTyBr"},{"@type":"BreadcrumbList","@id":"https:\/\/vmsport.fi\/verkkokauppa\/varaosat\/jarrut\/jarrupalat\/avid-set-for-code-my11-my16\/#breadcrumb","itemListElement":[{"@type":"ListItem","position":1,"name":"Etusivu","item":"https:\/\/vmsport.fi\/"},{"@type":"ListItem","position":2,"name":"Online Store","item":"https:\/\/vmsport.fi\/en\/online-store\/"},{"@type":"ListItem","position":3,"name":"AVID Disc brake pad Set for Code (MY11-MY16)"}]},{"@type":"WebSite","@id":"https:\/\/vmsport.fi\/#website","url":"https:\/\/vmsport.fi\/","name":"Vmsport","description":"Allt p\u00e5 ett st\u00e4lle f\u00f6r cykling","publisher":{"@id":"https:\/\/vmsport.fi\/#organization"},"potentialAction":[{"@type":"SearchAction","target":{"@type":"EntryPoint","urlTemplate":"https:\/\/vmsport.fi\/?s={search_term_string}"},"query-input":{"@type":"PropertyValueSpecification","valueRequired":true,"valueName":"search_term_string"}}],"inLanguage":"sv-SE"},{"@type":"Organization","@id":"https:\/\/vmsport.fi\/#organization","name":"Vmsport","url":"https:\/\/vmsport.fi\/","logo":{"@type":"ImageObject","inLanguage":"sv-SE","@id":"https:\/\/vmsport.fi\/#\/schema\/logo\/image\/","url":"https:\/\/vmsport.fi\/wp-content\/uploads\/2024\/12\/vm_sport_RGB_horisontal-e1734526017575.png","contentUrl":"https:\/\/vmsport.fi\/wp-content\/uploads\/2024\/12\/vm_sport_RGB_horisontal-e1734526017575.png","width":668,"height":85,"caption":"Vmsport"},"image":{"@id":"https:\/\/vmsport.fi\/#\/schema\/logo\/image\/"},"sameAs":["https:\/\/www.facebook.com\/Vmsport.fi\/","https:\/\/www.instagram.com\/vmsport\/"]}]}},"global_unique_id":"","_links":{"self":[{"href":"https:\/\/vmsport.fi\/sv\/wp-json\/wp\/v2\/product\/57313","targetHints":{"allow":["GET"]}}],"collection":[{"href":"https:\/\/vmsport.fi\/sv\/wp-json\/wp\/v2\/product"}],"about":[{"href":"https:\/\/vmsport.fi\/sv\/wp-json\/wp\/v2\/types\/product"}],"replies":[{"embeddable":true,"href":"https:\/\/vmsport.fi\/sv\/wp-json\/wp\/v2\/comments?post=57313"}],"wp:featuredmedia":[{"embeddable":true,"href":"https:\/\/vmsport.fi\/sv\/wp-json\/wp\/v2\/media\/57312"}],"wp:attachment":[{"href":"https:\/\/vmsport.fi\/sv\/wp-json\/wp\/v2\/media?parent=57313"}],"wp:term":[{"taxonomy":"product_brand","embeddable":true,"href":"https:\/\/vmsport.fi\/sv\/wp-json\/wp\/v2\/product_brand?post=57313"},{"taxonomy":"product_model","embeddable":true,"href":"https:\/\/vmsport.fi\/sv\/wp-json\/wp\/v2\/product_model?post=57313"},{"taxonomy":"product_cat","embeddable":true,"href":"https:\/\/vmsport.fi\/sv\/wp-json\/wp\/v2\/product_cat?post=57313"},{"taxonomy":"product_tag","embeddable":true,"href":"https:\/\/vmsport.fi\/sv\/wp-json\/wp\/v2\/product_tag?post=57313"},{"taxonomy":"industry_terminology","embeddable":true,"href":"https:\/\/vmsport.fi\/sv\/wp-json\/wp\/v2\/industry-terminology?post=57313"}],"curies":[{"name":"wp","href":"https:\/\/api.w.org\/{rel}","templated":true}]}}