{"id":57299,"date":"2025-03-06T00:30:52","date_gmt":"2025-03-05T22:30:52","guid":{"rendered":"https:\/\/vmsport.fi\/verkkokauppa\/Ei-luokiteltu\/poljin-pdm520-spd-mtb-musta\/"},"modified":"2026-03-23T10:52:56","modified_gmt":"2026-03-23T08:52:56","slug":"poljin-pdm520-spd-mtb-svart","status":"publish","type":"product","link":"https:\/\/vmsport.fi\/sv\/verkkokauppa\/varaosat\/polkimet\/lukkopolkimet-maasto\/poljin-pdm520-spd-mtb-musta\/","title":{"rendered":"Poljin PDM520 SPD MTB svart"},"content":{"rendered":"<p>Shimano PDM520 SPD MTB svarta pedaler erbjuder p\u00e5litlig prestanda f\u00f6r mountainbike, eftersom de \u00e4r utformade f\u00f6r att klara kr\u00e4vande f\u00f6rh\u00e5llanden. Den h\u00f6gh\u00e5llfasta konstruktionen kombineras med l\u00e4ttanv\u00e4nda klossar f\u00f6r att f\u00f6rb\u00e4ttra cykelkontrollen varje g\u00e5ng du cyklar. Cyklister uppskattar pedalernas l\u00e4tthet och praktiska funktion, som \u00e4r utformade f\u00f6r maximal prestanda. Dessa pedaler g\u00f6r cyklingen smidig och bekv\u00e4m.<\/p>","protected":false},"excerpt":{"rendered":"<p>Shimano PDM520 SPD MTB -mustat polkimet tarjoavat luotettavaa suorituskyky\u00e4 maastopy\u00f6r\u00e4ilyyn, sill\u00e4 ne on suunniteltu kest\u00e4m\u00e4\u00e4n vaativissa olosuhteissa. Lujatekoinen rakenne yhdistyy helppotoimisiin klosseihin, mik\u00e4 parantaa py\u00f6r\u00e4n hallintaa jokaisella ajokerralla. Py\u00f6r\u00e4ilij\u00e4t arvostavat poljinten keveytt\u00e4 ja k\u00e4yt\u00e4nn\u00f6llisyytt\u00e4, sill\u00e4 ne on suunniteltu mahdollisimman tehokkaiksi. N\u00e4ill\u00e4 polkimilla ajaminen on sujuvaa ja miellytt\u00e4v\u00e4\u00e4. [&#8230;]<\/p>\n<p><a class=\"btn btn-secondary understrap-read-more-link\" href=\"https:\/\/vmsport.fi\/sv\/verkkokauppa\/varaosat\/polkimet\/lukkopolkimet-maasto\/poljin-pdm520-spd-mtb-musta\/\">L\u00e4s mer \u2026<span class=\"screen-reader-text\"> from Poljin PDM520 SPD MTB musta<\/span><\/a><\/p>\n","protected":false},"featured_media":57298,"comment_status":"open","ping_status":"closed","template":"","meta":{"_acf_changed":false,"_improvement_type_select":"improve_an_existing","_thumb_yes_seoaic":false,"_frame_yes_seoaic":false,"seoaic_generate_description":"","seoaic_improve_instructions_prompt":"","seoaic_rollback_content_improvement":"","seoaic_idea_thumbnail_generator":"","thumbnail_generated":false,"thumbnail_generate_prompt":"","seoaic_article_description":"","_supplier_stock_quantity":0},"product_brand":[],"product_model":[],"product_cat":[9326],"product_tag":[],"industry-terminology":[],"class_list":{"0":"post-57299","1":"product","2":"type-product","3":"status-publish","4":"has-post-thumbnail","6":"product_cat-lukkopolkimet-maasto","8":"first","9":"instock","10":"taxable","11":"shipping-taxable","12":"purchasable","13":"product-type-simple"},"acf":{"bike_features":null,"overview":{"copy_overview":null,"key_features":null,"statement":"","youtube_url":""}},"yoast_head":"<!-- This site is optimized with the Yoast SEO plugin v27.3 - https:\/\/yoast.com\/product\/yoast-seo-wordpress\/ -->\n<title>Poljin PDM520 SPD MTB musta - VM Sport<\/title>\n<meta name=\"robots\" content=\"index, follow, max-snippet:-1, max-image-preview:large, max-video-preview:-1\" \/>\n<link rel=\"canonical\" href=\"https:\/\/vmsport.fi\/sv\/webbutik\/reservdelar\/pedaler\/lasa-pedaler-terrang\/poljin-pdm520-spd-mtb-svart\/\" \/>\n<meta property=\"og:locale\" content=\"sv_SE\" \/>\n<meta property=\"og:type\" content=\"article\" \/>\n<meta property=\"og:title\" content=\"Poljin PDM520 SPD MTB musta - VM Sport\" \/>\n<meta property=\"og:description\" content=\"Shimano PDM520 SPD MTB -mustat polkimet tarjoavat luotettavaa suorituskyky\u00e4 maastopy\u00f6r\u00e4ilyyn, sill\u00e4 ne on suunniteltu kest\u00e4m\u00e4\u00e4n vaativissa olosuhteissa. Lujatekoinen rakenne yhdistyy helppotoimisiin klosseihin, mik\u00e4 parantaa py\u00f6r\u00e4n hallintaa jokaisella ajokerralla. Py\u00f6r\u00e4ilij\u00e4t arvostavat poljinten keveytt\u00e4 ja k\u00e4yt\u00e4nn\u00f6llisyytt\u00e4, sill\u00e4 ne on suunniteltu mahdollisimman tehokkaiksi. N\u00e4ill\u00e4 polkimilla ajaminen on sujuvaa ja miellytt\u00e4v\u00e4\u00e4. [...]L\u00e4s mer \u2026 from Poljin PDM520 SPD MTB musta\" \/>\n<meta property=\"og:url\" content=\"https:\/\/vmsport.fi\/sv\/webbutik\/reservdelar\/pedaler\/lasa-pedaler-terrang\/poljin-pdm520-spd-mtb-svart\/\" \/>\n<meta property=\"og:site_name\" content=\"VM Sport\" \/>\n<meta property=\"article:publisher\" content=\"https:\/\/www.facebook.com\/Vmsport.fi\/\" \/>\n<meta property=\"article:modified_time\" content=\"2026-03-23T08:52:56+00:00\" \/>\n<meta property=\"og:image\" content=\"https:\/\/vmsport.fi\/wp-content\/uploads\/2025\/03\/Poljin-PDM520-SPD-MT8-1.jpg\" \/>\n\t<meta property=\"og:image:width\" content=\"1000\" \/>\n\t<meta property=\"og:image:height\" content=\"1000\" \/>\n\t<meta property=\"og:image:type\" content=\"image\/jpeg\" \/>\n<meta name=\"twitter:card\" content=\"summary_large_image\" \/>\n<script type=\"application\/ld+json\" class=\"yoast-schema-graph\">{\"@context\":\"https:\\\/\\\/schema.org\",\"@graph\":[{\"@type\":[\"WebPage\",\"ItemPage\"],\"@id\":\"https:\\\/\\\/vmsport.fi\\\/verkkokauppa\\\/varaosat\\\/polkimet\\\/lukkopolkimet-maasto\\\/poljin-pdm520-spd-mtb-musta\\\/\",\"url\":\"https:\\\/\\\/vmsport.fi\\\/verkkokauppa\\\/varaosat\\\/polkimet\\\/lukkopolkimet-maasto\\\/poljin-pdm520-spd-mtb-musta\\\/\",\"name\":\"Poljin PDM520 SPD MTB musta - VM Sport\",\"isPartOf\":{\"@id\":\"https:\\\/\\\/vmsport.fi\\\/#website\"},\"primaryImageOfPage\":{\"@id\":\"https:\\\/\\\/vmsport.fi\\\/verkkokauppa\\\/varaosat\\\/polkimet\\\/lukkopolkimet-maasto\\\/poljin-pdm520-spd-mtb-musta\\\/#primaryimage\"},\"image\":{\"@id\":\"https:\\\/\\\/vmsport.fi\\\/verkkokauppa\\\/varaosat\\\/polkimet\\\/lukkopolkimet-maasto\\\/poljin-pdm520-spd-mtb-musta\\\/#primaryimage\"},\"thumbnailUrl\":\"https:\\\/\\\/vmsport.fi\\\/wp-content\\\/uploads\\\/2025\\\/03\\\/Poljin-PDM520-SPD-MT8-1.jpg\",\"datePublished\":\"2025-03-05T22:30:52+00:00\",\"dateModified\":\"2026-03-23T08:52:56+00:00\",\"breadcrumb\":{\"@id\":\"https:\\\/\\\/vmsport.fi\\\/verkkokauppa\\\/varaosat\\\/polkimet\\\/lukkopolkimet-maasto\\\/poljin-pdm520-spd-mtb-musta\\\/#breadcrumb\"},\"inLanguage\":\"sv-SE\",\"potentialAction\":[{\"@type\":\"ReadAction\",\"target\":[\"https:\\\/\\\/vmsport.fi\\\/verkkokauppa\\\/varaosat\\\/polkimet\\\/lukkopolkimet-maasto\\\/poljin-pdm520-spd-mtb-musta\\\/\"]}]},{\"@type\":\"ImageObject\",\"inLanguage\":\"sv-SE\",\"@id\":\"https:\\\/\\\/vmsport.fi\\\/verkkokauppa\\\/varaosat\\\/polkimet\\\/lukkopolkimet-maasto\\\/poljin-pdm520-spd-mtb-musta\\\/#primaryimage\",\"url\":\"https:\\\/\\\/vmsport.fi\\\/wp-content\\\/uploads\\\/2025\\\/03\\\/Poljin-PDM520-SPD-MT8-1.jpg\",\"contentUrl\":\"https:\\\/\\\/vmsport.fi\\\/wp-content\\\/uploads\\\/2025\\\/03\\\/Poljin-PDM520-SPD-MT8-1.jpg\",\"width\":1000,\"height\":1000,\"caption\":\"Poljin-PDM520-SPD-MT8\"},{\"@type\":\"BreadcrumbList\",\"@id\":\"https:\\\/\\\/vmsport.fi\\\/verkkokauppa\\\/varaosat\\\/polkimet\\\/lukkopolkimet-maasto\\\/poljin-pdm520-spd-mtb-musta\\\/#breadcrumb\",\"itemListElement\":[{\"@type\":\"ListItem\",\"position\":1,\"name\":\"Etusivu\",\"item\":\"https:\\\/\\\/vmsport.fi\\\/\"},{\"@type\":\"ListItem\",\"position\":2,\"name\":\"Online Store\",\"item\":\"https:\\\/\\\/vmsport.fi\\\/en\\\/online-store\\\/\"},{\"@type\":\"ListItem\",\"position\":3,\"name\":\"Poljin PDM520 SPD MTB musta\"}]},{\"@type\":\"WebSite\",\"@id\":\"https:\\\/\\\/vmsport.fi\\\/#website\",\"url\":\"https:\\\/\\\/vmsport.fi\\\/\",\"name\":\"Vmsport\",\"description\":\"Kaikki py\u00f6r\u00e4ilyyn yhdest\u00e4 paikasta\",\"publisher\":{\"@id\":\"https:\\\/\\\/vmsport.fi\\\/#organization\"},\"potentialAction\":[{\"@type\":\"SearchAction\",\"target\":{\"@type\":\"EntryPoint\",\"urlTemplate\":\"https:\\\/\\\/vmsport.fi\\\/?s={search_term_string}\"},\"query-input\":{\"@type\":\"PropertyValueSpecification\",\"valueRequired\":true,\"valueName\":\"search_term_string\"}}],\"inLanguage\":\"sv-SE\"},{\"@type\":\"Organization\",\"@id\":\"https:\\\/\\\/vmsport.fi\\\/#organization\",\"name\":\"Vmsport\",\"url\":\"https:\\\/\\\/vmsport.fi\\\/\",\"logo\":{\"@type\":\"ImageObject\",\"inLanguage\":\"sv-SE\",\"@id\":\"https:\\\/\\\/vmsport.fi\\\/#\\\/schema\\\/logo\\\/image\\\/\",\"url\":\"https:\\\/\\\/vmsport.fi\\\/wp-content\\\/uploads\\\/2024\\\/12\\\/vm_sport_RGB_horisontal-e1734526017575.png\",\"contentUrl\":\"https:\\\/\\\/vmsport.fi\\\/wp-content\\\/uploads\\\/2024\\\/12\\\/vm_sport_RGB_horisontal-e1734526017575.png\",\"width\":668,\"height\":85,\"caption\":\"Vmsport\"},\"image\":{\"@id\":\"https:\\\/\\\/vmsport.fi\\\/#\\\/schema\\\/logo\\\/image\\\/\"},\"sameAs\":[\"https:\\\/\\\/www.facebook.com\\\/Vmsport.fi\\\/\",\"https:\\\/\\\/www.instagram.com\\\/vmsport\\\/\"]}]}<\/script>\n<!-- \/ Yoast SEO plugin. -->","yoast_head_json":{"title":"Poljin PDM520 SPD MTB svart - VM Sport","robots":{"index":"index","follow":"follow","max-snippet":"max-snippet:-1","max-image-preview":"max-image-preview:large","max-video-preview":"max-video-preview:-1"},"canonical":"https:\/\/vmsport.fi\/sv\/webbutik\/reservdelar\/pedaler\/lasa-pedaler-terrang\/poljin-pdm520-spd-mtb-svart\/","og_locale":"sv_SE","og_type":"article","og_title":"Poljin PDM520 SPD MTB musta - VM Sport","og_description":"Shimano PDM520 SPD MTB -mustat polkimet tarjoavat luotettavaa suorituskyky\u00e4 maastopy\u00f6r\u00e4ilyyn, sill\u00e4 ne on suunniteltu kest\u00e4m\u00e4\u00e4n vaativissa olosuhteissa. Lujatekoinen rakenne yhdistyy helppotoimisiin klosseihin, mik\u00e4 parantaa py\u00f6r\u00e4n hallintaa jokaisella ajokerralla. Py\u00f6r\u00e4ilij\u00e4t arvostavat poljinten keveytt\u00e4 ja k\u00e4yt\u00e4nn\u00f6llisyytt\u00e4, sill\u00e4 ne on suunniteltu mahdollisimman tehokkaiksi. N\u00e4ill\u00e4 polkimilla ajaminen on sujuvaa ja miellytt\u00e4v\u00e4\u00e4. [...]L\u00e4s mer \u2026 from Poljin PDM520 SPD MTB musta","og_url":"https:\/\/vmsport.fi\/sv\/webbutik\/reservdelar\/pedaler\/lasa-pedaler-terrang\/poljin-pdm520-spd-mtb-svart\/","og_site_name":"VM Sport","article_publisher":"https:\/\/www.facebook.com\/Vmsport.fi\/","article_modified_time":"2026-03-23T08:52:56+00:00","og_image":[{"width":1000,"height":1000,"url":"https:\/\/vmsport.fi\/wp-content\/uploads\/2025\/03\/Poljin-PDM520-SPD-MT8-1.jpg","type":"image\/jpeg"}],"twitter_card":"summary_large_image","schema":{"@context":"https:\/\/schema.org","@graph":[{"@type":["WebPage","ItemPage"],"@id":"https:\/\/vmsport.fi\/verkkokauppa\/varaosat\/polkimet\/lukkopolkimet-maasto\/poljin-pdm520-spd-mtb-musta\/","url":"https:\/\/vmsport.fi\/verkkokauppa\/varaosat\/polkimet\/lukkopolkimet-maasto\/poljin-pdm520-spd-mtb-musta\/","name":"Poljin PDM520 SPD MTB svart - VM Sport","isPartOf":{"@id":"https:\/\/vmsport.fi\/#website"},"primaryImageOfPage":{"@id":"https:\/\/vmsport.fi\/verkkokauppa\/varaosat\/polkimet\/lukkopolkimet-maasto\/poljin-pdm520-spd-mtb-musta\/#primaryimage"},"image":{"@id":"https:\/\/vmsport.fi\/verkkokauppa\/varaosat\/polkimet\/lukkopolkimet-maasto\/poljin-pdm520-spd-mtb-musta\/#primaryimage"},"thumbnailUrl":"https:\/\/vmsport.fi\/wp-content\/uploads\/2025\/03\/Poljin-PDM520-SPD-MT8-1.jpg","datePublished":"2025-03-05T22:30:52+00:00","dateModified":"2026-03-23T08:52:56+00:00","breadcrumb":{"@id":"https:\/\/vmsport.fi\/verkkokauppa\/varaosat\/polkimet\/lukkopolkimet-maasto\/poljin-pdm520-spd-mtb-musta\/#breadcrumb"},"inLanguage":"sv-SE","potentialAction":[{"@type":"ReadAction","target":["https:\/\/vmsport.fi\/verkkokauppa\/varaosat\/polkimet\/lukkopolkimet-maasto\/poljin-pdm520-spd-mtb-musta\/"]}]},{"@type":"ImageObject","inLanguage":"sv-SE","@id":"https:\/\/vmsport.fi\/verkkokauppa\/varaosat\/polkimet\/lukkopolkimet-maasto\/poljin-pdm520-spd-mtb-musta\/#primaryimage","url":"https:\/\/vmsport.fi\/wp-content\/uploads\/2025\/03\/Poljin-PDM520-SPD-MT8-1.jpg","contentUrl":"https:\/\/vmsport.fi\/wp-content\/uploads\/2025\/03\/Poljin-PDM520-SPD-MT8-1.jpg","width":1000,"height":1000,"caption":"Poljin-PDM520-SPD-MT8"},{"@type":"BreadcrumbList","@id":"https:\/\/vmsport.fi\/verkkokauppa\/varaosat\/polkimet\/lukkopolkimet-maasto\/poljin-pdm520-spd-mtb-musta\/#breadcrumb","itemListElement":[{"@type":"ListItem","position":1,"name":"Etusivu","item":"https:\/\/vmsport.fi\/"},{"@type":"ListItem","position":2,"name":"Online Store","item":"https:\/\/vmsport.fi\/en\/online-store\/"},{"@type":"ListItem","position":3,"name":"Poljin PDM520 SPD MTB musta"}]},{"@type":"WebSite","@id":"https:\/\/vmsport.fi\/#website","url":"https:\/\/vmsport.fi\/","name":"Vmsport","description":"Allt p\u00e5 ett st\u00e4lle f\u00f6r cykling","publisher":{"@id":"https:\/\/vmsport.fi\/#organization"},"potentialAction":[{"@type":"SearchAction","target":{"@type":"EntryPoint","urlTemplate":"https:\/\/vmsport.fi\/?s={search_term_string}"},"query-input":{"@type":"PropertyValueSpecification","valueRequired":true,"valueName":"search_term_string"}}],"inLanguage":"sv-SE"},{"@type":"Organization","@id":"https:\/\/vmsport.fi\/#organization","name":"Vmsport","url":"https:\/\/vmsport.fi\/","logo":{"@type":"ImageObject","inLanguage":"sv-SE","@id":"https:\/\/vmsport.fi\/#\/schema\/logo\/image\/","url":"https:\/\/vmsport.fi\/wp-content\/uploads\/2024\/12\/vm_sport_RGB_horisontal-e1734526017575.png","contentUrl":"https:\/\/vmsport.fi\/wp-content\/uploads\/2024\/12\/vm_sport_RGB_horisontal-e1734526017575.png","width":668,"height":85,"caption":"Vmsport"},"image":{"@id":"https:\/\/vmsport.fi\/#\/schema\/logo\/image\/"},"sameAs":["https:\/\/www.facebook.com\/Vmsport.fi\/","https:\/\/www.instagram.com\/vmsport\/"]}]}},"global_unique_id":"","_links":{"self":[{"href":"https:\/\/vmsport.fi\/sv\/wp-json\/wp\/v2\/product\/57299","targetHints":{"allow":["GET"]}}],"collection":[{"href":"https:\/\/vmsport.fi\/sv\/wp-json\/wp\/v2\/product"}],"about":[{"href":"https:\/\/vmsport.fi\/sv\/wp-json\/wp\/v2\/types\/product"}],"replies":[{"embeddable":true,"href":"https:\/\/vmsport.fi\/sv\/wp-json\/wp\/v2\/comments?post=57299"}],"wp:featuredmedia":[{"embeddable":true,"href":"https:\/\/vmsport.fi\/sv\/wp-json\/wp\/v2\/media\/57298"}],"wp:attachment":[{"href":"https:\/\/vmsport.fi\/sv\/wp-json\/wp\/v2\/media?parent=57299"}],"wp:term":[{"taxonomy":"product_brand","embeddable":true,"href":"https:\/\/vmsport.fi\/sv\/wp-json\/wp\/v2\/product_brand?post=57299"},{"taxonomy":"product_model","embeddable":true,"href":"https:\/\/vmsport.fi\/sv\/wp-json\/wp\/v2\/product_model?post=57299"},{"taxonomy":"product_cat","embeddable":true,"href":"https:\/\/vmsport.fi\/sv\/wp-json\/wp\/v2\/product_cat?post=57299"},{"taxonomy":"product_tag","embeddable":true,"href":"https:\/\/vmsport.fi\/sv\/wp-json\/wp\/v2\/product_tag?post=57299"},{"taxonomy":"industry_terminology","embeddable":true,"href":"https:\/\/vmsport.fi\/sv\/wp-json\/wp\/v2\/industry-terminology?post=57299"}],"curies":[{"name":"wp","href":"https:\/\/api.w.org\/{rel}","templated":true}]}}