{"id":57297,"date":"2025-03-06T00:30:50","date_gmt":"2025-03-05T22:30:50","guid":{"rendered":"https:\/\/vmsport.fi\/verkkokauppa\/Ei-luokiteltu\/basil-basket-cento-black-mik-ready\/"},"modified":"2026-04-01T15:45:31","modified_gmt":"2026-04-01T12:45:31","slug":"basil-basket-cento-black-mik-ready","status":"publish","type":"product","link":"https:\/\/vmsport.fi\/sv\/verkkokauppa\/tarvikkeet\/laukut\/korit\/basil-basket-cento-black-mik-ready\/","title":{"rendered":"BASIL Cento MIK, distansf\u00e4ste, svart"},"content":{"rendered":"<p>Basil Basket Cento Black MIK Ready on suunniteltu erityisesti MIK-j\u00e4rjestelm\u00e4ll\u00e4 varustettuihin py\u00f6riin. Valmiiksi asennettu MIK-adapterilevy mahdollistaa vaivattoman kiinnityksen ja irrotuksen, mik\u00e4 helpottaa kiireist\u00e4 arkea. Laadukas metalliverkkomateriaali takaa korin kest\u00e4vyyden ja pitk\u00e4ik\u00e4isyyden, ja sen vahvistettu sek\u00e4 s\u00e4\u00e4nkest\u00e4v\u00e4 rakenne sopii erinomaisesti vaihteleviin olosuhteisiin. Tyylik\u00e4s mattamusta viimeistely tekee korista houkuttelevan eri py\u00f6r\u00e4malleille. Kori tarjoaa k\u00e4yt\u00e4nn\u00f6llisen s\u00e4ilytysratkaisun arjen tarpeisiin, kuten kauppareissuille tai muuhun p\u00e4ivitt\u00e4iseen k\u00e4ytt\u00f6\u00f6n, ja se sopii kaikenik\u00e4isille py\u00f6r\u00e4ilij\u00f6ille. Innovatiivinen kiinnitysj\u00e4rjestelm\u00e4 painottaa k\u00e4ytt\u00e4j\u00e4yst\u00e4v\u00e4llisyytt\u00e4 ja kiinnityksen varmuutta.<\/p>","protected":false},"excerpt":{"rendered":"<p>Basil Basket Cento Black MIK Ready on suunniteltu erityisesti MIK-j\u00e4rjestelm\u00e4ll\u00e4 varustettuihin py\u00f6riin. Valmiiksi asennettu MIK-adapterilevy mahdollistaa vaivattoman kiinnityksen ja irrotuksen, mik\u00e4 helpottaa kiireist\u00e4 arkea. Laadukas metalliverkkomateriaali takaa korin kest\u00e4vyyden ja pitk\u00e4ik\u00e4isyyden, ja sen vahvistettu sek\u00e4 s\u00e4\u00e4nkest\u00e4v\u00e4 rakenne sopii erinomaisesti vaihteleviin olosuhteisiin. Tyylik\u00e4s mattamusta viimeistely tekee korista houkuttelevan eri py\u00f6r\u00e4malleille. Kori tarjoaa k\u00e4yt\u00e4nn\u00f6llisen s\u00e4ilytysratkaisun arjen tarpeisiin, [&#8230;]<\/p>\n<p><a class=\"btn btn-secondary understrap-read-more-link\" href=\"https:\/\/vmsport.fi\/sv\/verkkokauppa\/tarvikkeet\/laukut\/korit\/basil-basket-cento-black-mik-ready\/\">L\u00e4s mer \u2026<span class=\"screen-reader-text\"> from BASIL Cento MIK, tavaratelinekiinnitys, musta<\/span><\/a><\/p>\n","protected":false},"featured_media":57296,"comment_status":"open","ping_status":"closed","template":"","meta":{"_acf_changed":false,"_improvement_type_select":"improve_an_existing","_thumb_yes_seoaic":false,"_frame_yes_seoaic":false,"seoaic_generate_description":"","seoaic_improve_instructions_prompt":"","seoaic_rollback_content_improvement":"","seoaic_idea_thumbnail_generator":"","thumbnail_generated":false,"thumbnail_generate_prompt":"","seoaic_article_description":"","_supplier_stock_quantity":0},"product_brand":[],"product_model":[],"product_cat":[9596],"product_tag":[],"industry-terminology":[],"class_list":{"0":"post-57297","1":"product","2":"type-product","3":"status-publish","4":"has-post-thumbnail","6":"product_cat-korit","8":"first","9":"instock","10":"taxable","11":"shipping-taxable","12":"purchasable","13":"product-type-simple"},"acf":{"bike_features":null,"overview":{"copy_overview":null,"key_features":null,"statement":"","youtube_url":""}},"yoast_head":"<!-- This site is optimized with the Yoast SEO plugin v27.3 - https:\/\/yoast.com\/product\/yoast-seo-wordpress\/ -->\n<title>BASIL Cento MIK, tavaratelinekiinnitys, musta - VM Sport<\/title>\n<meta name=\"robots\" content=\"index, follow, max-snippet:-1, max-image-preview:large, max-video-preview:-1\" \/>\n<link rel=\"canonical\" href=\"https:\/\/vmsport.fi\/sv\/webbutik\/tillbehor\/vaskor\/korit\/basil-basket-cento-black-mik-ready\/\" \/>\n<meta property=\"og:locale\" content=\"sv_SE\" \/>\n<meta property=\"og:type\" content=\"article\" \/>\n<meta property=\"og:title\" content=\"BASIL Cento MIK, tavaratelinekiinnitys, musta - VM Sport\" \/>\n<meta property=\"og:description\" content=\"Basil Basket Cento Black MIK Ready on suunniteltu erityisesti MIK-j\u00e4rjestelm\u00e4ll\u00e4 varustettuihin py\u00f6riin. Valmiiksi asennettu MIK-adapterilevy mahdollistaa vaivattoman kiinnityksen ja irrotuksen, mik\u00e4 helpottaa kiireist\u00e4 arkea. Laadukas metalliverkkomateriaali takaa korin kest\u00e4vyyden ja pitk\u00e4ik\u00e4isyyden, ja sen vahvistettu sek\u00e4 s\u00e4\u00e4nkest\u00e4v\u00e4 rakenne sopii erinomaisesti vaihteleviin olosuhteisiin. Tyylik\u00e4s mattamusta viimeistely tekee korista houkuttelevan eri py\u00f6r\u00e4malleille. Kori tarjoaa k\u00e4yt\u00e4nn\u00f6llisen s\u00e4ilytysratkaisun arjen tarpeisiin, [...]L\u00e4s mer \u2026 from BASIL Cento MIK, tavaratelinekiinnitys, musta\" \/>\n<meta property=\"og:url\" content=\"https:\/\/vmsport.fi\/sv\/webbutik\/tillbehor\/vaskor\/korit\/basil-basket-cento-black-mik-ready\/\" \/>\n<meta property=\"og:site_name\" content=\"VM Sport\" \/>\n<meta property=\"article:publisher\" content=\"https:\/\/www.facebook.com\/Vmsport.fi\/\" \/>\n<meta property=\"article:modified_time\" content=\"2026-04-01T12:45:31+00:00\" \/>\n<meta property=\"og:image\" content=\"https:\/\/vmsport.fi\/wp-content\/uploads\/2025\/03\/CE8vy6sOL39eo0Oj9uh54OSjcRX9oSuzRuUFu5vOO8YZgx6ShE-1.jpg\" \/>\n\t<meta property=\"og:image:width\" content=\"600\" \/>\n\t<meta property=\"og:image:height\" content=\"600\" \/>\n\t<meta property=\"og:image:type\" content=\"image\/jpeg\" \/>\n<meta name=\"twitter:card\" content=\"summary_large_image\" \/>\n<meta name=\"twitter:label1\" content=\"Ber\u00e4knad l\u00e4stid\" \/>\n\t<meta name=\"twitter:data1\" content=\"1 minut\" \/>\n<script type=\"application\/ld+json\" class=\"yoast-schema-graph\">{\"@context\":\"https:\\\/\\\/schema.org\",\"@graph\":[{\"@type\":[\"WebPage\",\"ItemPage\"],\"@id\":\"https:\\\/\\\/vmsport.fi\\\/verkkokauppa\\\/tarvikkeet\\\/laukut\\\/korit\\\/basil-basket-cento-black-mik-ready\\\/\",\"url\":\"https:\\\/\\\/vmsport.fi\\\/verkkokauppa\\\/tarvikkeet\\\/laukut\\\/korit\\\/basil-basket-cento-black-mik-ready\\\/\",\"name\":\"BASIL Cento MIK, tavaratelinekiinnitys, musta - VM Sport\",\"isPartOf\":{\"@id\":\"https:\\\/\\\/vmsport.fi\\\/#website\"},\"primaryImageOfPage\":{\"@id\":\"https:\\\/\\\/vmsport.fi\\\/verkkokauppa\\\/tarvikkeet\\\/laukut\\\/korit\\\/basil-basket-cento-black-mik-ready\\\/#primaryimage\"},\"image\":{\"@id\":\"https:\\\/\\\/vmsport.fi\\\/verkkokauppa\\\/tarvikkeet\\\/laukut\\\/korit\\\/basil-basket-cento-black-mik-ready\\\/#primaryimage\"},\"thumbnailUrl\":\"https:\\\/\\\/vmsport.fi\\\/wp-content\\\/uploads\\\/2025\\\/03\\\/CE8vy6sOL39eo0Oj9uh54OSjcRX9oSuzRuUFu5vOO8YZgx6ShE-1.jpg\",\"datePublished\":\"2025-03-05T22:30:50+00:00\",\"dateModified\":\"2026-04-01T12:45:31+00:00\",\"breadcrumb\":{\"@id\":\"https:\\\/\\\/vmsport.fi\\\/verkkokauppa\\\/tarvikkeet\\\/laukut\\\/korit\\\/basil-basket-cento-black-mik-ready\\\/#breadcrumb\"},\"inLanguage\":\"sv-SE\",\"potentialAction\":[{\"@type\":\"ReadAction\",\"target\":[\"https:\\\/\\\/vmsport.fi\\\/verkkokauppa\\\/tarvikkeet\\\/laukut\\\/korit\\\/basil-basket-cento-black-mik-ready\\\/\"]}]},{\"@type\":\"ImageObject\",\"inLanguage\":\"sv-SE\",\"@id\":\"https:\\\/\\\/vmsport.fi\\\/verkkokauppa\\\/tarvikkeet\\\/laukut\\\/korit\\\/basil-basket-cento-black-mik-ready\\\/#primaryimage\",\"url\":\"https:\\\/\\\/vmsport.fi\\\/wp-content\\\/uploads\\\/2025\\\/03\\\/CE8vy6sOL39eo0Oj9uh54OSjcRX9oSuzRuUFu5vOO8YZgx6ShE-1.jpg\",\"contentUrl\":\"https:\\\/\\\/vmsport.fi\\\/wp-content\\\/uploads\\\/2025\\\/03\\\/CE8vy6sOL39eo0Oj9uh54OSjcRX9oSuzRuUFu5vOO8YZgx6ShE-1.jpg\",\"width\":600,\"height\":600,\"caption\":\"CE8vy6sOL39eo0Oj9uh54OSjcRX9oSuzRuUFu5vOO8YZgx6ShE\"},{\"@type\":\"BreadcrumbList\",\"@id\":\"https:\\\/\\\/vmsport.fi\\\/verkkokauppa\\\/tarvikkeet\\\/laukut\\\/korit\\\/basil-basket-cento-black-mik-ready\\\/#breadcrumb\",\"itemListElement\":[{\"@type\":\"ListItem\",\"position\":1,\"name\":\"Etusivu\",\"item\":\"https:\\\/\\\/vmsport.fi\\\/\"},{\"@type\":\"ListItem\",\"position\":2,\"name\":\"Online Store\",\"item\":\"https:\\\/\\\/vmsport.fi\\\/en\\\/online-store\\\/\"},{\"@type\":\"ListItem\",\"position\":3,\"name\":\"BASIL Cento MIK, tavaratelinekiinnitys, musta\"}]},{\"@type\":\"WebSite\",\"@id\":\"https:\\\/\\\/vmsport.fi\\\/#website\",\"url\":\"https:\\\/\\\/vmsport.fi\\\/\",\"name\":\"Vmsport\",\"description\":\"Kaikki py\u00f6r\u00e4ilyyn yhdest\u00e4 paikasta\",\"publisher\":{\"@id\":\"https:\\\/\\\/vmsport.fi\\\/#organization\"},\"potentialAction\":[{\"@type\":\"SearchAction\",\"target\":{\"@type\":\"EntryPoint\",\"urlTemplate\":\"https:\\\/\\\/vmsport.fi\\\/?s={search_term_string}\"},\"query-input\":{\"@type\":\"PropertyValueSpecification\",\"valueRequired\":true,\"valueName\":\"search_term_string\"}}],\"inLanguage\":\"sv-SE\"},{\"@type\":\"Organization\",\"@id\":\"https:\\\/\\\/vmsport.fi\\\/#organization\",\"name\":\"Vmsport\",\"url\":\"https:\\\/\\\/vmsport.fi\\\/\",\"logo\":{\"@type\":\"ImageObject\",\"inLanguage\":\"sv-SE\",\"@id\":\"https:\\\/\\\/vmsport.fi\\\/#\\\/schema\\\/logo\\\/image\\\/\",\"url\":\"https:\\\/\\\/vmsport.fi\\\/wp-content\\\/uploads\\\/2024\\\/12\\\/vm_sport_RGB_horisontal-e1734526017575.png\",\"contentUrl\":\"https:\\\/\\\/vmsport.fi\\\/wp-content\\\/uploads\\\/2024\\\/12\\\/vm_sport_RGB_horisontal-e1734526017575.png\",\"width\":668,\"height\":85,\"caption\":\"Vmsport\"},\"image\":{\"@id\":\"https:\\\/\\\/vmsport.fi\\\/#\\\/schema\\\/logo\\\/image\\\/\"},\"sameAs\":[\"https:\\\/\\\/www.facebook.com\\\/Vmsport.fi\\\/\",\"https:\\\/\\\/www.instagram.com\\\/vmsport\\\/\"]}]}<\/script>\n<!-- \/ Yoast SEO plugin. -->","yoast_head_json":{"title":"BASIL Cento MIK, tavaratelinekiinnitys, musta - VM Sport","robots":{"index":"index","follow":"follow","max-snippet":"max-snippet:-1","max-image-preview":"max-image-preview:large","max-video-preview":"max-video-preview:-1"},"canonical":"https:\/\/vmsport.fi\/sv\/webbutik\/tillbehor\/vaskor\/korit\/basil-basket-cento-black-mik-ready\/","og_locale":"sv_SE","og_type":"article","og_title":"BASIL Cento MIK, tavaratelinekiinnitys, musta - VM Sport","og_description":"Basil Basket Cento Black MIK Ready on suunniteltu erityisesti MIK-j\u00e4rjestelm\u00e4ll\u00e4 varustettuihin py\u00f6riin. Valmiiksi asennettu MIK-adapterilevy mahdollistaa vaivattoman kiinnityksen ja irrotuksen, mik\u00e4 helpottaa kiireist\u00e4 arkea. Laadukas metalliverkkomateriaali takaa korin kest\u00e4vyyden ja pitk\u00e4ik\u00e4isyyden, ja sen vahvistettu sek\u00e4 s\u00e4\u00e4nkest\u00e4v\u00e4 rakenne sopii erinomaisesti vaihteleviin olosuhteisiin. Tyylik\u00e4s mattamusta viimeistely tekee korista houkuttelevan eri py\u00f6r\u00e4malleille. Kori tarjoaa k\u00e4yt\u00e4nn\u00f6llisen s\u00e4ilytysratkaisun arjen tarpeisiin, [...]L\u00e4s mer \u2026 from BASIL Cento MIK, tavaratelinekiinnitys, musta","og_url":"https:\/\/vmsport.fi\/sv\/webbutik\/tillbehor\/vaskor\/korit\/basil-basket-cento-black-mik-ready\/","og_site_name":"VM Sport","article_publisher":"https:\/\/www.facebook.com\/Vmsport.fi\/","article_modified_time":"2026-04-01T12:45:31+00:00","og_image":[{"width":600,"height":600,"url":"https:\/\/vmsport.fi\/wp-content\/uploads\/2025\/03\/CE8vy6sOL39eo0Oj9uh54OSjcRX9oSuzRuUFu5vOO8YZgx6ShE-1.jpg","type":"image\/jpeg"}],"twitter_card":"summary_large_image","twitter_misc":{"Ber\u00e4knad l\u00e4stid":"1 minut"},"schema":{"@context":"https:\/\/schema.org","@graph":[{"@type":["WebPage","ItemPage"],"@id":"https:\/\/vmsport.fi\/verkkokauppa\/tarvikkeet\/laukut\/korit\/basil-basket-cento-black-mik-ready\/","url":"https:\/\/vmsport.fi\/verkkokauppa\/tarvikkeet\/laukut\/korit\/basil-basket-cento-black-mik-ready\/","name":"BASIL Cento MIK, tavaratelinekiinnitys, musta - VM Sport","isPartOf":{"@id":"https:\/\/vmsport.fi\/#website"},"primaryImageOfPage":{"@id":"https:\/\/vmsport.fi\/verkkokauppa\/tarvikkeet\/laukut\/korit\/basil-basket-cento-black-mik-ready\/#primaryimage"},"image":{"@id":"https:\/\/vmsport.fi\/verkkokauppa\/tarvikkeet\/laukut\/korit\/basil-basket-cento-black-mik-ready\/#primaryimage"},"thumbnailUrl":"https:\/\/vmsport.fi\/wp-content\/uploads\/2025\/03\/CE8vy6sOL39eo0Oj9uh54OSjcRX9oSuzRuUFu5vOO8YZgx6ShE-1.jpg","datePublished":"2025-03-05T22:30:50+00:00","dateModified":"2026-04-01T12:45:31+00:00","breadcrumb":{"@id":"https:\/\/vmsport.fi\/verkkokauppa\/tarvikkeet\/laukut\/korit\/basil-basket-cento-black-mik-ready\/#breadcrumb"},"inLanguage":"sv-SE","potentialAction":[{"@type":"ReadAction","target":["https:\/\/vmsport.fi\/verkkokauppa\/tarvikkeet\/laukut\/korit\/basil-basket-cento-black-mik-ready\/"]}]},{"@type":"ImageObject","inLanguage":"sv-SE","@id":"https:\/\/vmsport.fi\/verkkokauppa\/tarvikkeet\/laukut\/korit\/basil-basket-cento-black-mik-ready\/#primaryimage","url":"https:\/\/vmsport.fi\/wp-content\/uploads\/2025\/03\/CE8vy6sOL39eo0Oj9uh54OSjcRX9oSuzRuUFu5vOO8YZgx6ShE-1.jpg","contentUrl":"https:\/\/vmsport.fi\/wp-content\/uploads\/2025\/03\/CE8vy6sOL39eo0Oj9uh54OSjcRX9oSuzRuUFu5vOO8YZgx6ShE-1.jpg","width":600,"height":600,"caption":"CE8vy6sOL39eo0Oj9uh54OSjcRX9oSuzRuUFu5vOO8YZgx6ShE"},{"@type":"BreadcrumbList","@id":"https:\/\/vmsport.fi\/verkkokauppa\/tarvikkeet\/laukut\/korit\/basil-basket-cento-black-mik-ready\/#breadcrumb","itemListElement":[{"@type":"ListItem","position":1,"name":"Etusivu","item":"https:\/\/vmsport.fi\/"},{"@type":"ListItem","position":2,"name":"Online Store","item":"https:\/\/vmsport.fi\/en\/online-store\/"},{"@type":"ListItem","position":3,"name":"BASIL Cento MIK, tavaratelinekiinnitys, musta"}]},{"@type":"WebSite","@id":"https:\/\/vmsport.fi\/#website","url":"https:\/\/vmsport.fi\/","name":"Vmsport","description":"Allt p\u00e5 ett st\u00e4lle f\u00f6r cykling","publisher":{"@id":"https:\/\/vmsport.fi\/#organization"},"potentialAction":[{"@type":"SearchAction","target":{"@type":"EntryPoint","urlTemplate":"https:\/\/vmsport.fi\/?s={search_term_string}"},"query-input":{"@type":"PropertyValueSpecification","valueRequired":true,"valueName":"search_term_string"}}],"inLanguage":"sv-SE"},{"@type":"Organization","@id":"https:\/\/vmsport.fi\/#organization","name":"Vmsport","url":"https:\/\/vmsport.fi\/","logo":{"@type":"ImageObject","inLanguage":"sv-SE","@id":"https:\/\/vmsport.fi\/#\/schema\/logo\/image\/","url":"https:\/\/vmsport.fi\/wp-content\/uploads\/2024\/12\/vm_sport_RGB_horisontal-e1734526017575.png","contentUrl":"https:\/\/vmsport.fi\/wp-content\/uploads\/2024\/12\/vm_sport_RGB_horisontal-e1734526017575.png","width":668,"height":85,"caption":"Vmsport"},"image":{"@id":"https:\/\/vmsport.fi\/#\/schema\/logo\/image\/"},"sameAs":["https:\/\/www.facebook.com\/Vmsport.fi\/","https:\/\/www.instagram.com\/vmsport\/"]}]}},"global_unique_id":"","_links":{"self":[{"href":"https:\/\/vmsport.fi\/sv\/wp-json\/wp\/v2\/product\/57297","targetHints":{"allow":["GET"]}}],"collection":[{"href":"https:\/\/vmsport.fi\/sv\/wp-json\/wp\/v2\/product"}],"about":[{"href":"https:\/\/vmsport.fi\/sv\/wp-json\/wp\/v2\/types\/product"}],"replies":[{"embeddable":true,"href":"https:\/\/vmsport.fi\/sv\/wp-json\/wp\/v2\/comments?post=57297"}],"wp:featuredmedia":[{"embeddable":true,"href":"https:\/\/vmsport.fi\/sv\/wp-json\/wp\/v2\/media\/57296"}],"wp:attachment":[{"href":"https:\/\/vmsport.fi\/sv\/wp-json\/wp\/v2\/media?parent=57297"}],"wp:term":[{"taxonomy":"product_brand","embeddable":true,"href":"https:\/\/vmsport.fi\/sv\/wp-json\/wp\/v2\/product_brand?post=57297"},{"taxonomy":"product_model","embeddable":true,"href":"https:\/\/vmsport.fi\/sv\/wp-json\/wp\/v2\/product_model?post=57297"},{"taxonomy":"product_cat","embeddable":true,"href":"https:\/\/vmsport.fi\/sv\/wp-json\/wp\/v2\/product_cat?post=57297"},{"taxonomy":"product_tag","embeddable":true,"href":"https:\/\/vmsport.fi\/sv\/wp-json\/wp\/v2\/product_tag?post=57297"},{"taxonomy":"industry_terminology","embeddable":true,"href":"https:\/\/vmsport.fi\/sv\/wp-json\/wp\/v2\/industry-terminology?post=57297"}],"curies":[{"name":"wp","href":"https:\/\/api.w.org\/{rel}","templated":true}]}}