{"id":57282,"date":"2025-03-06T00:30:40","date_gmt":"2025-03-05T22:30:40","guid":{"rendered":"https:\/\/vmsport.fi\/verkkokauppa\/Ei-luokiteltu\/shimano-ajolasit-ce-tspk2-twinspark-ridescape-korkea-kontrasti-musta\/"},"modified":"2026-01-16T13:24:19","modified_gmt":"2026-01-16T11:24:19","slug":"shimano-ajolasit-ce-tspk2-twinspark-ridescape-korkea-kontrasti-musta","status":"publish","type":"product","link":"https:\/\/vmsport.fi\/sv\/verkkokauppa\/ajovarusteet\/ajolasit\/shimano-ajolasit-ce-tspk2-twinspark-ridescape-korkea-kontrasti-musta\/","title":{"rendered":"SHIMANO CE-TSPK2 TWINSPARK Ridescape solglas\u00f6gon med h\u00f6g kontrast Svart"},"content":{"rendered":"<p>Shimano CE-TSPK2 TWINSPARK -ajolasit ovat t\u00e4ydellinen valinta py\u00f6r\u00e4ilyn harrastajille, tarjoten erinomaisen kontrastin ja selkeyden RIDESCAPE HC -linssien ansiosta. N\u00e4m\u00e4 linssit suodattavat h\u00e4ik\u00e4isev\u00e4\u00e4 valoa ja korostavat pintojen yksityiskohtia. Pehme\u00e4t ja kaarevat silikoniset sangat varmistavat, ett\u00e4 lasit pysyv\u00e4t tukevasti paikoillaan, vaikka vauhti kiihtyisi. UV-400-suojaus takaa kattavan suojan haitallisilta UV-s\u00e4teilt\u00e4, olipa kyseess\u00e4 maantie- tai maastopy\u00f6r\u00e4ily.<\/p>\n<p>Kevyt ja puolikehyksinen muotoilu tekee laseista eritt\u00e4in mukavat k\u00e4ytt\u00e4\u00e4, niin ett\u00e4 ne tuntuvat l\u00e4hes huomaamattomilta pidemmill\u00e4kin matkoilla. Hydrofobinen pinnoite varmistaa, ett\u00e4 linssit pysyv\u00e4t puhtaina vedest\u00e4 ja hiest\u00e4, s\u00e4ilytt\u00e4en kirkkaan n\u00e4kyvyyden koko matkan ajan. Kokonainen linssi tarjoaa laajan n\u00e4k\u00f6kent\u00e4n ja parantaa silmien suojaa tehokkaasti. N\u00e4iden ominaisuuksien ansiosta Shimano-ajolasit integroituvat vaivattomasti nykyaikaisiin py\u00f6r\u00e4ilykyp\u00e4riin ja miellytt\u00e4v\u00e4t erilaisista tyyleist\u00e4 pit\u00e4vi\u00e4. Saatavana tyylikk\u00e4\u00e4ss\u00e4 mustassa s\u00e4vyss\u00e4.<\/p>","protected":false},"excerpt":{"rendered":"<p>Shimano CE-TSPK2 TWINSPARK -ajolasit ovat t\u00e4ydellinen valinta py\u00f6r\u00e4ilyn harrastajille, tarjoten erinomaisen kontrastin ja selkeyden RIDESCAPE HC -linssien ansiosta. N\u00e4m\u00e4 linssit suodattavat h\u00e4ik\u00e4isev\u00e4\u00e4 valoa ja korostavat pintojen yksityiskohtia. Pehme\u00e4t ja kaarevat silikoniset sangat varmistavat, ett\u00e4 lasit pysyv\u00e4t tukevasti paikoillaan, vaikka vauhti kiihtyisi. UV-400-suojaus takaa kattavan suojan haitallisilta UV-s\u00e4teilt\u00e4, olipa kyseess\u00e4 maantie- tai maastopy\u00f6r\u00e4ily. Kevyt ja puolikehyksinen [&#8230;]<\/p>\n<p><a class=\"btn btn-secondary understrap-read-more-link\" href=\"https:\/\/vmsport.fi\/sv\/verkkokauppa\/ajovarusteet\/ajolasit\/shimano-ajolasit-ce-tspk2-twinspark-ridescape-korkea-kontrasti-musta\/\">L\u00e4s mer \u2026<span class=\"screen-reader-text\"> from SHIMANO Ajolasit CE-TSPK2 TWINSPARK Ridescape korkea kontrasti Musta<\/span><\/a><\/p>\n","protected":false},"featured_media":57281,"comment_status":"open","ping_status":"closed","template":"","meta":{"_acf_changed":false,"_improvement_type_select":"improve_an_existing","_thumb_yes_seoaic":false,"_frame_yes_seoaic":false,"seoaic_generate_description":"","seoaic_improve_instructions_prompt":"","seoaic_rollback_content_improvement":"","seoaic_idea_thumbnail_generator":"","thumbnail_generated":false,"thumbnail_generate_prompt":"","seoaic_article_description":"","_supplier_stock_quantity":0},"product_brand":[],"product_model":[],"product_cat":[9280],"product_tag":[],"industry-terminology":[],"class_list":{"0":"post-57282","1":"product","2":"type-product","3":"status-publish","4":"has-post-thumbnail","6":"product_cat-ajolasit","8":"first","9":"outofstock","10":"taxable","11":"shipping-taxable","12":"product-type-simple"},"acf":{"bike_features":null,"overview":{"copy_overview":null,"key_features":null,"statement":"","youtube_url":""}},"yoast_head":"<!-- This site is optimized with the Yoast SEO plugin v27.3 - https:\/\/yoast.com\/product\/yoast-seo-wordpress\/ -->\n<title>SHIMANO Ajolasit CE-TSPK2 TWINSPARK Ridescape korkea kontrasti Musta - VM Sport<\/title>\n<meta name=\"robots\" content=\"index, follow, max-snippet:-1, max-image-preview:large, max-video-preview:-1\" \/>\n<link rel=\"canonical\" href=\"https:\/\/vmsport.fi\/sv\/webbutik\/korutrustning\/drivande-glasogon\/shimano-ajolasit-ce-tspk2-twinspark-ridescape-korkea-kontrasti-musta\/\" \/>\n<meta property=\"og:locale\" content=\"sv_SE\" \/>\n<meta property=\"og:type\" content=\"article\" \/>\n<meta property=\"og:title\" content=\"SHIMANO Ajolasit CE-TSPK2 TWINSPARK Ridescape korkea kontrasti Musta - VM Sport\" \/>\n<meta property=\"og:description\" content=\"Shimano CE-TSPK2 TWINSPARK -ajolasit ovat t\u00e4ydellinen valinta py\u00f6r\u00e4ilyn harrastajille, tarjoten erinomaisen kontrastin ja selkeyden RIDESCAPE HC -linssien ansiosta. N\u00e4m\u00e4 linssit suodattavat h\u00e4ik\u00e4isev\u00e4\u00e4 valoa ja korostavat pintojen yksityiskohtia. Pehme\u00e4t ja kaarevat silikoniset sangat varmistavat, ett\u00e4 lasit pysyv\u00e4t tukevasti paikoillaan, vaikka vauhti kiihtyisi. UV-400-suojaus takaa kattavan suojan haitallisilta UV-s\u00e4teilt\u00e4, olipa kyseess\u00e4 maantie- tai maastopy\u00f6r\u00e4ily. Kevyt ja puolikehyksinen [...]L\u00e4s mer \u2026 from SHIMANO Ajolasit CE-TSPK2 TWINSPARK Ridescape korkea kontrasti Musta\" \/>\n<meta property=\"og:url\" content=\"https:\/\/vmsport.fi\/sv\/webbutik\/korutrustning\/drivande-glasogon\/shimano-ajolasit-ce-tspk2-twinspark-ridescape-korkea-kontrasti-musta\/\" \/>\n<meta property=\"og:site_name\" content=\"VM Sport\" \/>\n<meta property=\"article:publisher\" content=\"https:\/\/www.facebook.com\/Vmsport.fi\/\" \/>\n<meta property=\"article:modified_time\" content=\"2026-01-16T11:24:19+00:00\" \/>\n<meta property=\"og:image\" content=\"https:\/\/vmsport.fi\/wp-content\/uploads\/2025\/03\/CE-TSPK2-HC-shic6-primary-1-jpg-thumb-572-572-1.png\" \/>\n\t<meta property=\"og:image:width\" content=\"572\" \/>\n\t<meta property=\"og:image:height\" content=\"572\" \/>\n\t<meta property=\"og:image:type\" content=\"image\/png\" \/>\n<meta name=\"twitter:card\" content=\"summary_large_image\" \/>\n<meta name=\"twitter:label1\" content=\"Ber\u00e4knad l\u00e4stid\" \/>\n\t<meta name=\"twitter:data1\" content=\"1 minut\" \/>\n<script type=\"application\/ld+json\" class=\"yoast-schema-graph\">{\"@context\":\"https:\\\/\\\/schema.org\",\"@graph\":[{\"@type\":[\"WebPage\",\"ItemPage\"],\"@id\":\"https:\\\/\\\/vmsport.fi\\\/verkkokauppa\\\/ajovarusteet\\\/ajolasit\\\/shimano-ajolasit-ce-tspk2-twinspark-ridescape-korkea-kontrasti-musta\\\/\",\"url\":\"https:\\\/\\\/vmsport.fi\\\/verkkokauppa\\\/ajovarusteet\\\/ajolasit\\\/shimano-ajolasit-ce-tspk2-twinspark-ridescape-korkea-kontrasti-musta\\\/\",\"name\":\"SHIMANO Ajolasit CE-TSPK2 TWINSPARK Ridescape korkea kontrasti Musta - VM Sport\",\"isPartOf\":{\"@id\":\"https:\\\/\\\/vmsport.fi\\\/#website\"},\"primaryImageOfPage\":{\"@id\":\"https:\\\/\\\/vmsport.fi\\\/verkkokauppa\\\/ajovarusteet\\\/ajolasit\\\/shimano-ajolasit-ce-tspk2-twinspark-ridescape-korkea-kontrasti-musta\\\/#primaryimage\"},\"image\":{\"@id\":\"https:\\\/\\\/vmsport.fi\\\/verkkokauppa\\\/ajovarusteet\\\/ajolasit\\\/shimano-ajolasit-ce-tspk2-twinspark-ridescape-korkea-kontrasti-musta\\\/#primaryimage\"},\"thumbnailUrl\":\"https:\\\/\\\/vmsport.fi\\\/wp-content\\\/uploads\\\/2025\\\/03\\\/CE-TSPK2-HC-shic6-primary-1-jpg-thumb-572-572-1.png\",\"datePublished\":\"2025-03-05T22:30:40+00:00\",\"dateModified\":\"2026-01-16T11:24:19+00:00\",\"breadcrumb\":{\"@id\":\"https:\\\/\\\/vmsport.fi\\\/verkkokauppa\\\/ajovarusteet\\\/ajolasit\\\/shimano-ajolasit-ce-tspk2-twinspark-ridescape-korkea-kontrasti-musta\\\/#breadcrumb\"},\"inLanguage\":\"sv-SE\",\"potentialAction\":[{\"@type\":\"ReadAction\",\"target\":[\"https:\\\/\\\/vmsport.fi\\\/verkkokauppa\\\/ajovarusteet\\\/ajolasit\\\/shimano-ajolasit-ce-tspk2-twinspark-ridescape-korkea-kontrasti-musta\\\/\"]}]},{\"@type\":\"ImageObject\",\"inLanguage\":\"sv-SE\",\"@id\":\"https:\\\/\\\/vmsport.fi\\\/verkkokauppa\\\/ajovarusteet\\\/ajolasit\\\/shimano-ajolasit-ce-tspk2-twinspark-ridescape-korkea-kontrasti-musta\\\/#primaryimage\",\"url\":\"https:\\\/\\\/vmsport.fi\\\/wp-content\\\/uploads\\\/2025\\\/03\\\/CE-TSPK2-HC-shic6-primary-1-jpg-thumb-572-572-1.png\",\"contentUrl\":\"https:\\\/\\\/vmsport.fi\\\/wp-content\\\/uploads\\\/2025\\\/03\\\/CE-TSPK2-HC-shic6-primary-1-jpg-thumb-572-572-1.png\",\"width\":572,\"height\":572,\"caption\":\"CE-TSPK2-HC-shic6-primary-1-jpg-thumb-572-572\"},{\"@type\":\"BreadcrumbList\",\"@id\":\"https:\\\/\\\/vmsport.fi\\\/verkkokauppa\\\/ajovarusteet\\\/ajolasit\\\/shimano-ajolasit-ce-tspk2-twinspark-ridescape-korkea-kontrasti-musta\\\/#breadcrumb\",\"itemListElement\":[{\"@type\":\"ListItem\",\"position\":1,\"name\":\"Etusivu\",\"item\":\"https:\\\/\\\/vmsport.fi\\\/\"},{\"@type\":\"ListItem\",\"position\":2,\"name\":\"Online Store\",\"item\":\"https:\\\/\\\/vmsport.fi\\\/en\\\/online-store\\\/\"},{\"@type\":\"ListItem\",\"position\":3,\"name\":\"SHIMANO Ajolasit CE-TSPK2 TWINSPARK Ridescape korkea kontrasti Musta\"}]},{\"@type\":\"WebSite\",\"@id\":\"https:\\\/\\\/vmsport.fi\\\/#website\",\"url\":\"https:\\\/\\\/vmsport.fi\\\/\",\"name\":\"Vmsport\",\"description\":\"Kaikki py\u00f6r\u00e4ilyyn yhdest\u00e4 paikasta\",\"publisher\":{\"@id\":\"https:\\\/\\\/vmsport.fi\\\/#organization\"},\"potentialAction\":[{\"@type\":\"SearchAction\",\"target\":{\"@type\":\"EntryPoint\",\"urlTemplate\":\"https:\\\/\\\/vmsport.fi\\\/?s={search_term_string}\"},\"query-input\":{\"@type\":\"PropertyValueSpecification\",\"valueRequired\":true,\"valueName\":\"search_term_string\"}}],\"inLanguage\":\"sv-SE\"},{\"@type\":\"Organization\",\"@id\":\"https:\\\/\\\/vmsport.fi\\\/#organization\",\"name\":\"Vmsport\",\"url\":\"https:\\\/\\\/vmsport.fi\\\/\",\"logo\":{\"@type\":\"ImageObject\",\"inLanguage\":\"sv-SE\",\"@id\":\"https:\\\/\\\/vmsport.fi\\\/#\\\/schema\\\/logo\\\/image\\\/\",\"url\":\"https:\\\/\\\/vmsport.fi\\\/wp-content\\\/uploads\\\/2024\\\/12\\\/vm_sport_RGB_horisontal-e1734526017575.png\",\"contentUrl\":\"https:\\\/\\\/vmsport.fi\\\/wp-content\\\/uploads\\\/2024\\\/12\\\/vm_sport_RGB_horisontal-e1734526017575.png\",\"width\":668,\"height\":85,\"caption\":\"Vmsport\"},\"image\":{\"@id\":\"https:\\\/\\\/vmsport.fi\\\/#\\\/schema\\\/logo\\\/image\\\/\"},\"sameAs\":[\"https:\\\/\\\/www.facebook.com\\\/Vmsport.fi\\\/\",\"https:\\\/\\\/www.instagram.com\\\/vmsport\\\/\"]}]}<\/script>\n<!-- \/ Yoast SEO plugin. -->","yoast_head_json":{"title":"SHIMANO Ajolasit CE-TSPK2 TWINSPARK Ridescape korkea kontrasti Musta - VM Sport","robots":{"index":"index","follow":"follow","max-snippet":"max-snippet:-1","max-image-preview":"max-image-preview:large","max-video-preview":"max-video-preview:-1"},"canonical":"https:\/\/vmsport.fi\/sv\/webbutik\/korutrustning\/drivande-glasogon\/shimano-ajolasit-ce-tspk2-twinspark-ridescape-korkea-kontrasti-musta\/","og_locale":"sv_SE","og_type":"article","og_title":"SHIMANO Ajolasit CE-TSPK2 TWINSPARK Ridescape korkea kontrasti Musta - VM Sport","og_description":"Shimano CE-TSPK2 TWINSPARK -ajolasit ovat t\u00e4ydellinen valinta py\u00f6r\u00e4ilyn harrastajille, tarjoten erinomaisen kontrastin ja selkeyden RIDESCAPE HC -linssien ansiosta. N\u00e4m\u00e4 linssit suodattavat h\u00e4ik\u00e4isev\u00e4\u00e4 valoa ja korostavat pintojen yksityiskohtia. Pehme\u00e4t ja kaarevat silikoniset sangat varmistavat, ett\u00e4 lasit pysyv\u00e4t tukevasti paikoillaan, vaikka vauhti kiihtyisi. UV-400-suojaus takaa kattavan suojan haitallisilta UV-s\u00e4teilt\u00e4, olipa kyseess\u00e4 maantie- tai maastopy\u00f6r\u00e4ily. Kevyt ja puolikehyksinen [...]L\u00e4s mer \u2026 from SHIMANO Ajolasit CE-TSPK2 TWINSPARK Ridescape korkea kontrasti Musta","og_url":"https:\/\/vmsport.fi\/sv\/webbutik\/korutrustning\/drivande-glasogon\/shimano-ajolasit-ce-tspk2-twinspark-ridescape-korkea-kontrasti-musta\/","og_site_name":"VM Sport","article_publisher":"https:\/\/www.facebook.com\/Vmsport.fi\/","article_modified_time":"2026-01-16T11:24:19+00:00","og_image":[{"width":572,"height":572,"url":"https:\/\/vmsport.fi\/wp-content\/uploads\/2025\/03\/CE-TSPK2-HC-shic6-primary-1-jpg-thumb-572-572-1.png","type":"image\/png"}],"twitter_card":"summary_large_image","twitter_misc":{"Ber\u00e4knad l\u00e4stid":"1 minut"},"schema":{"@context":"https:\/\/schema.org","@graph":[{"@type":["WebPage","ItemPage"],"@id":"https:\/\/vmsport.fi\/verkkokauppa\/ajovarusteet\/ajolasit\/shimano-ajolasit-ce-tspk2-twinspark-ridescape-korkea-kontrasti-musta\/","url":"https:\/\/vmsport.fi\/verkkokauppa\/ajovarusteet\/ajolasit\/shimano-ajolasit-ce-tspk2-twinspark-ridescape-korkea-kontrasti-musta\/","name":"SHIMANO Ajolasit CE-TSPK2 TWINSPARK Ridescape korkea kontrasti Musta - VM Sport","isPartOf":{"@id":"https:\/\/vmsport.fi\/#website"},"primaryImageOfPage":{"@id":"https:\/\/vmsport.fi\/verkkokauppa\/ajovarusteet\/ajolasit\/shimano-ajolasit-ce-tspk2-twinspark-ridescape-korkea-kontrasti-musta\/#primaryimage"},"image":{"@id":"https:\/\/vmsport.fi\/verkkokauppa\/ajovarusteet\/ajolasit\/shimano-ajolasit-ce-tspk2-twinspark-ridescape-korkea-kontrasti-musta\/#primaryimage"},"thumbnailUrl":"https:\/\/vmsport.fi\/wp-content\/uploads\/2025\/03\/CE-TSPK2-HC-shic6-primary-1-jpg-thumb-572-572-1.png","datePublished":"2025-03-05T22:30:40+00:00","dateModified":"2026-01-16T11:24:19+00:00","breadcrumb":{"@id":"https:\/\/vmsport.fi\/verkkokauppa\/ajovarusteet\/ajolasit\/shimano-ajolasit-ce-tspk2-twinspark-ridescape-korkea-kontrasti-musta\/#breadcrumb"},"inLanguage":"sv-SE","potentialAction":[{"@type":"ReadAction","target":["https:\/\/vmsport.fi\/verkkokauppa\/ajovarusteet\/ajolasit\/shimano-ajolasit-ce-tspk2-twinspark-ridescape-korkea-kontrasti-musta\/"]}]},{"@type":"ImageObject","inLanguage":"sv-SE","@id":"https:\/\/vmsport.fi\/verkkokauppa\/ajovarusteet\/ajolasit\/shimano-ajolasit-ce-tspk2-twinspark-ridescape-korkea-kontrasti-musta\/#primaryimage","url":"https:\/\/vmsport.fi\/wp-content\/uploads\/2025\/03\/CE-TSPK2-HC-shic6-primary-1-jpg-thumb-572-572-1.png","contentUrl":"https:\/\/vmsport.fi\/wp-content\/uploads\/2025\/03\/CE-TSPK2-HC-shic6-primary-1-jpg-thumb-572-572-1.png","width":572,"height":572,"caption":"CE-TSPK2-HC-shic6-primary-1-jpg-thumb-572-572"},{"@type":"BreadcrumbList","@id":"https:\/\/vmsport.fi\/verkkokauppa\/ajovarusteet\/ajolasit\/shimano-ajolasit-ce-tspk2-twinspark-ridescape-korkea-kontrasti-musta\/#breadcrumb","itemListElement":[{"@type":"ListItem","position":1,"name":"Etusivu","item":"https:\/\/vmsport.fi\/"},{"@type":"ListItem","position":2,"name":"Online Store","item":"https:\/\/vmsport.fi\/en\/online-store\/"},{"@type":"ListItem","position":3,"name":"SHIMANO Ajolasit CE-TSPK2 TWINSPARK Ridescape korkea kontrasti Musta"}]},{"@type":"WebSite","@id":"https:\/\/vmsport.fi\/#website","url":"https:\/\/vmsport.fi\/","name":"Vmsport","description":"Allt p\u00e5 ett st\u00e4lle f\u00f6r cykling","publisher":{"@id":"https:\/\/vmsport.fi\/#organization"},"potentialAction":[{"@type":"SearchAction","target":{"@type":"EntryPoint","urlTemplate":"https:\/\/vmsport.fi\/?s={search_term_string}"},"query-input":{"@type":"PropertyValueSpecification","valueRequired":true,"valueName":"search_term_string"}}],"inLanguage":"sv-SE"},{"@type":"Organization","@id":"https:\/\/vmsport.fi\/#organization","name":"Vmsport","url":"https:\/\/vmsport.fi\/","logo":{"@type":"ImageObject","inLanguage":"sv-SE","@id":"https:\/\/vmsport.fi\/#\/schema\/logo\/image\/","url":"https:\/\/vmsport.fi\/wp-content\/uploads\/2024\/12\/vm_sport_RGB_horisontal-e1734526017575.png","contentUrl":"https:\/\/vmsport.fi\/wp-content\/uploads\/2024\/12\/vm_sport_RGB_horisontal-e1734526017575.png","width":668,"height":85,"caption":"Vmsport"},"image":{"@id":"https:\/\/vmsport.fi\/#\/schema\/logo\/image\/"},"sameAs":["https:\/\/www.facebook.com\/Vmsport.fi\/","https:\/\/www.instagram.com\/vmsport\/"]}]}},"global_unique_id":"","_links":{"self":[{"href":"https:\/\/vmsport.fi\/sv\/wp-json\/wp\/v2\/product\/57282","targetHints":{"allow":["GET"]}}],"collection":[{"href":"https:\/\/vmsport.fi\/sv\/wp-json\/wp\/v2\/product"}],"about":[{"href":"https:\/\/vmsport.fi\/sv\/wp-json\/wp\/v2\/types\/product"}],"replies":[{"embeddable":true,"href":"https:\/\/vmsport.fi\/sv\/wp-json\/wp\/v2\/comments?post=57282"}],"wp:featuredmedia":[{"embeddable":true,"href":"https:\/\/vmsport.fi\/sv\/wp-json\/wp\/v2\/media\/57281"}],"wp:attachment":[{"href":"https:\/\/vmsport.fi\/sv\/wp-json\/wp\/v2\/media?parent=57282"}],"wp:term":[{"taxonomy":"product_brand","embeddable":true,"href":"https:\/\/vmsport.fi\/sv\/wp-json\/wp\/v2\/product_brand?post=57282"},{"taxonomy":"product_model","embeddable":true,"href":"https:\/\/vmsport.fi\/sv\/wp-json\/wp\/v2\/product_model?post=57282"},{"taxonomy":"product_cat","embeddable":true,"href":"https:\/\/vmsport.fi\/sv\/wp-json\/wp\/v2\/product_cat?post=57282"},{"taxonomy":"product_tag","embeddable":true,"href":"https:\/\/vmsport.fi\/sv\/wp-json\/wp\/v2\/product_tag?post=57282"},{"taxonomy":"industry_terminology","embeddable":true,"href":"https:\/\/vmsport.fi\/sv\/wp-json\/wp\/v2\/industry-terminology?post=57282"}],"curies":[{"name":"wp","href":"https:\/\/api.w.org\/{rel}","templated":true}]}}