{"id":57277,"date":"2025-03-06T00:30:38","date_gmt":"2025-03-05T22:30:38","guid":{"rendered":"https:\/\/vmsport.fi\/verkkokauppa\/Ei-luokiteltu\/nastarengas-29-57-622-black-ice-300-350-nastaa-kartionasta\/"},"modified":"2026-04-22T15:07:00","modified_gmt":"2026-04-22T12:07:00","slug":"dubbdack-29-57-622-black-ice-300-350-dubbar-fran-kon","status":"publish","type":"product","link":"https:\/\/vmsport.fi\/sv\/verkkokauppa\/renkaat\/ulkorenkaat\/nastarenkaat\/nastarengas-29-57-622-black-ice-300-350-nastaa-kartionasta\/","title":{"rendered":"BLACK ICE 300, 350st dubbar, dubbd\u00e4ck 29\u2033 57-622"},"content":{"rendered":"<p>29\u2033 BLACK ICE 300 dubbd\u00e4ck \u00e4r speciellt utformat f\u00f6r nordliga vinterf\u00f6rh\u00e5llanden. Det har 350 h\u00e4rdade koniska stift som ger ett exceptionellt grepp p\u00e5 hala underlag. D\u00e4ckets flerm\u00f6nstrade slitbanem\u00f6nster maximerar b\u00e5de grepp och rullbarhet. Med en diameter p\u00e5 29 tum och en bredd p\u00e5 2,25 tum ger d\u00e4cket stabilitet under k\u00f6rning. D\u00e4cket har en elastisk gummiblandning som ger utm\u00e4rkt grepp och h\u00e5llbarhet. S\u00e4kerhetsaspekterna har beaktats med en reflekterande rand f\u00f6r f\u00f6rb\u00e4ttrad synlighet. D\u00e4cket \u00e4r inte slangl\u00f6st kompatibelt och v\u00e4ger ca 1165 gram. Rekommenderat lufttryck \u00e4r 35-55 PSI (2,5-3,8 bar) f\u00f6r b\u00e4sta prestanda p\u00e5 vinterv\u00e4gar.<\/p>","protected":false},"excerpt":{"rendered":"<p>Nastarengas 29&#8243; BLACK ICE 300 on suunniteltu erityisesti pohjoisiin talviolosuhteisiin. Siin\u00e4 on 350 karkaistua kartionastaa, jotka tarjoavat poikkeuksellista pitoa liukkailla pinnoilla. Renkaan monimuotoinen kuviointi maksimoi sek\u00e4 pidon ett\u00e4 rullaavuuden. Renkaan halkaisija on 29 tuumaa ja leveys 2,25 tuumaa, mik\u00e4 tarjoaa vakautta ajon aikana. K\u00e4ytt\u00e4m\u00e4ll\u00e4 elastista kumiseosta, rengas saavuttaa erinomaisen otteen ja kest\u00e4vyyden. Turvallisuusn\u00e4k\u00f6kohdat on otettu [&#8230;]<\/p>\n<p><a class=\"btn btn-secondary understrap-read-more-link\" href=\"https:\/\/vmsport.fi\/sv\/verkkokauppa\/renkaat\/ulkorenkaat\/nastarenkaat\/nastarengas-29-57-622-black-ice-300-350-nastaa-kartionasta\/\">L\u00e4s mer \u2026<span class=\"screen-reader-text\"> from BLACK ICE 300, 350kpl nastaa, Nastarengas 29&#8243; 57-622<\/span><\/a><\/p>\n","protected":false},"featured_media":57276,"comment_status":"open","ping_status":"closed","template":"","meta":{"_acf_changed":false,"_improvement_type_select":"improve_an_existing","_thumb_yes_seoaic":false,"_frame_yes_seoaic":false,"seoaic_generate_description":"","seoaic_improve_instructions_prompt":"","seoaic_rollback_content_improvement":"","seoaic_idea_thumbnail_generator":"","thumbnail_generated":false,"thumbnail_generate_prompt":"","seoaic_article_description":"","_supplier_stock_quantity":0},"product_brand":[],"product_model":[],"product_cat":[9336],"product_tag":[],"industry-terminology":[],"class_list":{"0":"post-57277","1":"product","2":"type-product","3":"status-publish","4":"has-post-thumbnail","6":"product_cat-nastarenkaat","8":"first","9":"outofstock","10":"taxable","11":"shipping-taxable","12":"product-type-simple"},"acf":{"bike_features":null,"overview":{"copy_overview":null,"key_features":null,"statement":"","youtube_url":""}},"yoast_head":"<!-- This site is optimized with the Yoast SEO plugin v27.4 - https:\/\/yoast.com\/product\/yoast-seo-wordpress\/ -->\n<title>BLACK ICE 300, 350kpl nastaa, Nastarengas 29&quot; 57-622 - VM Sport<\/title>\n<meta name=\"robots\" content=\"index, follow, max-snippet:-1, max-image-preview:large, max-video-preview:-1\" \/>\n<link rel=\"canonical\" href=\"https:\/\/vmsport.fi\/sv\/webbutik\/dack\/dack-for-utomhusbruk\/dubbdack\/dubbdack-29-57-622-black-ice-300-350-dubbar-fran-kon\/\" \/>\n<meta property=\"og:locale\" content=\"sv_SE\" \/>\n<meta property=\"og:type\" content=\"article\" \/>\n<meta property=\"og:title\" content=\"BLACK ICE 300, 350kpl nastaa, Nastarengas 29&quot; 57-622 - VM Sport\" \/>\n<meta property=\"og:description\" content=\"Nastarengas 29&#8243; BLACK ICE 300 on suunniteltu erityisesti pohjoisiin talviolosuhteisiin. Siin\u00e4 on 350 karkaistua kartionastaa, jotka tarjoavat poikkeuksellista pitoa liukkailla pinnoilla. Renkaan monimuotoinen kuviointi maksimoi sek\u00e4 pidon ett\u00e4 rullaavuuden. Renkaan halkaisija on 29 tuumaa ja leveys 2,25 tuumaa, mik\u00e4 tarjoaa vakautta ajon aikana. K\u00e4ytt\u00e4m\u00e4ll\u00e4 elastista kumiseosta, rengas saavuttaa erinomaisen otteen ja kest\u00e4vyyden. Turvallisuusn\u00e4k\u00f6kohdat on otettu [...]L\u00e4s mer \u2026 from BLACK ICE 300, 350kpl nastaa, Nastarengas 29&#8243; 57-622\" \/>\n<meta property=\"og:url\" content=\"https:\/\/vmsport.fi\/sv\/webbutik\/dack\/dack-for-utomhusbruk\/dubbdack\/dubbdack-29-57-622-black-ice-300-350-dubbar-fran-kon\/\" \/>\n<meta property=\"og:site_name\" content=\"VM Sport\" \/>\n<meta property=\"article:publisher\" content=\"https:\/\/www.facebook.com\/Vmsport.fi\/\" \/>\n<meta property=\"article:modified_time\" content=\"2026-04-22T12:07:00+00:00\" \/>\n<meta property=\"og:image\" content=\"https:\/\/vmsport.fi\/wp-content\/uploads\/2025\/03\/bi57584300-1.jpg\" \/>\n\t<meta property=\"og:image:width\" content=\"602\" \/>\n\t<meta property=\"og:image:height\" content=\"1000\" \/>\n\t<meta property=\"og:image:type\" content=\"image\/jpeg\" \/>\n<meta name=\"twitter:card\" content=\"summary_large_image\" \/>\n<script type=\"application\/ld+json\" class=\"yoast-schema-graph\">{\"@context\":\"https:\\\/\\\/schema.org\",\"@graph\":[{\"@type\":[\"WebPage\",\"ItemPage\"],\"@id\":\"https:\\\/\\\/vmsport.fi\\\/verkkokauppa\\\/renkaat\\\/ulkorenkaat\\\/nastarenkaat\\\/nastarengas-29-57-622-black-ice-300-350-nastaa-kartionasta\\\/\",\"url\":\"https:\\\/\\\/vmsport.fi\\\/verkkokauppa\\\/renkaat\\\/ulkorenkaat\\\/nastarenkaat\\\/nastarengas-29-57-622-black-ice-300-350-nastaa-kartionasta\\\/\",\"name\":\"BLACK ICE 300, 350kpl nastaa, Nastarengas 29\\\" 57-622 - VM Sport\",\"isPartOf\":{\"@id\":\"https:\\\/\\\/vmsport.fi\\\/#website\"},\"primaryImageOfPage\":{\"@id\":\"https:\\\/\\\/vmsport.fi\\\/verkkokauppa\\\/renkaat\\\/ulkorenkaat\\\/nastarenkaat\\\/nastarengas-29-57-622-black-ice-300-350-nastaa-kartionasta\\\/#primaryimage\"},\"image\":{\"@id\":\"https:\\\/\\\/vmsport.fi\\\/verkkokauppa\\\/renkaat\\\/ulkorenkaat\\\/nastarenkaat\\\/nastarengas-29-57-622-black-ice-300-350-nastaa-kartionasta\\\/#primaryimage\"},\"thumbnailUrl\":\"https:\\\/\\\/vmsport.fi\\\/wp-content\\\/uploads\\\/2025\\\/03\\\/bi57584300-1.jpg\",\"datePublished\":\"2025-03-05T22:30:38+00:00\",\"dateModified\":\"2026-04-22T12:07:00+00:00\",\"breadcrumb\":{\"@id\":\"https:\\\/\\\/vmsport.fi\\\/verkkokauppa\\\/renkaat\\\/ulkorenkaat\\\/nastarenkaat\\\/nastarengas-29-57-622-black-ice-300-350-nastaa-kartionasta\\\/#breadcrumb\"},\"inLanguage\":\"sv-SE\",\"potentialAction\":[{\"@type\":\"ReadAction\",\"target\":[\"https:\\\/\\\/vmsport.fi\\\/verkkokauppa\\\/renkaat\\\/ulkorenkaat\\\/nastarenkaat\\\/nastarengas-29-57-622-black-ice-300-350-nastaa-kartionasta\\\/\"]}]},{\"@type\":\"ImageObject\",\"inLanguage\":\"sv-SE\",\"@id\":\"https:\\\/\\\/vmsport.fi\\\/verkkokauppa\\\/renkaat\\\/ulkorenkaat\\\/nastarenkaat\\\/nastarengas-29-57-622-black-ice-300-350-nastaa-kartionasta\\\/#primaryimage\",\"url\":\"https:\\\/\\\/vmsport.fi\\\/wp-content\\\/uploads\\\/2025\\\/03\\\/bi57584300-1.jpg\",\"contentUrl\":\"https:\\\/\\\/vmsport.fi\\\/wp-content\\\/uploads\\\/2025\\\/03\\\/bi57584300-1.jpg\",\"width\":602,\"height\":1000,\"caption\":\"bi57584300\"},{\"@type\":\"BreadcrumbList\",\"@id\":\"https:\\\/\\\/vmsport.fi\\\/verkkokauppa\\\/renkaat\\\/ulkorenkaat\\\/nastarenkaat\\\/nastarengas-29-57-622-black-ice-300-350-nastaa-kartionasta\\\/#breadcrumb\",\"itemListElement\":[{\"@type\":\"ListItem\",\"position\":1,\"name\":\"Etusivu\",\"item\":\"https:\\\/\\\/vmsport.fi\\\/\"},{\"@type\":\"ListItem\",\"position\":2,\"name\":\"Online Store\",\"item\":\"https:\\\/\\\/vmsport.fi\\\/en\\\/online-store\\\/\"},{\"@type\":\"ListItem\",\"position\":3,\"name\":\"BLACK ICE 300, 350kpl nastaa, Nastarengas 29&#8243; 57-622\"}]},{\"@type\":\"WebSite\",\"@id\":\"https:\\\/\\\/vmsport.fi\\\/#website\",\"url\":\"https:\\\/\\\/vmsport.fi\\\/\",\"name\":\"Vmsport\",\"description\":\"Kaikki py\u00f6r\u00e4ilyyn yhdest\u00e4 paikasta\",\"publisher\":{\"@id\":\"https:\\\/\\\/vmsport.fi\\\/#organization\"},\"potentialAction\":[{\"@type\":\"SearchAction\",\"target\":{\"@type\":\"EntryPoint\",\"urlTemplate\":\"https:\\\/\\\/vmsport.fi\\\/?s={search_term_string}\"},\"query-input\":{\"@type\":\"PropertyValueSpecification\",\"valueRequired\":true,\"valueName\":\"search_term_string\"}}],\"inLanguage\":\"sv-SE\"},{\"@type\":\"Organization\",\"@id\":\"https:\\\/\\\/vmsport.fi\\\/#organization\",\"name\":\"Vmsport\",\"url\":\"https:\\\/\\\/vmsport.fi\\\/\",\"logo\":{\"@type\":\"ImageObject\",\"inLanguage\":\"sv-SE\",\"@id\":\"https:\\\/\\\/vmsport.fi\\\/#\\\/schema\\\/logo\\\/image\\\/\",\"url\":\"https:\\\/\\\/vmsport.fi\\\/wp-content\\\/uploads\\\/2024\\\/12\\\/vm_sport_RGB_horisontal-e1734526017575.png\",\"contentUrl\":\"https:\\\/\\\/vmsport.fi\\\/wp-content\\\/uploads\\\/2024\\\/12\\\/vm_sport_RGB_horisontal-e1734526017575.png\",\"width\":668,\"height\":85,\"caption\":\"Vmsport\"},\"image\":{\"@id\":\"https:\\\/\\\/vmsport.fi\\\/#\\\/schema\\\/logo\\\/image\\\/\"},\"sameAs\":[\"https:\\\/\\\/www.facebook.com\\\/Vmsport.fi\\\/\",\"https:\\\/\\\/www.instagram.com\\\/vmsport\\\/\"]}]}<\/script>\n<!-- \/ Yoast SEO plugin. -->","yoast_head_json":{"title":"BLACK ICE 300, 350st dubbar, Dubbd\u00e4ck 29\" 57-622 - VM Sport","robots":{"index":"index","follow":"follow","max-snippet":"max-snippet:-1","max-image-preview":"max-image-preview:large","max-video-preview":"max-video-preview:-1"},"canonical":"https:\/\/vmsport.fi\/sv\/webbutik\/dack\/dack-for-utomhusbruk\/dubbdack\/dubbdack-29-57-622-black-ice-300-350-dubbar-fran-kon\/","og_locale":"sv_SE","og_type":"article","og_title":"BLACK ICE 300, 350kpl nastaa, Nastarengas 29\" 57-622 - VM Sport","og_description":"Nastarengas 29&#8243; BLACK ICE 300 on suunniteltu erityisesti pohjoisiin talviolosuhteisiin. Siin\u00e4 on 350 karkaistua kartionastaa, jotka tarjoavat poikkeuksellista pitoa liukkailla pinnoilla. Renkaan monimuotoinen kuviointi maksimoi sek\u00e4 pidon ett\u00e4 rullaavuuden. Renkaan halkaisija on 29 tuumaa ja leveys 2,25 tuumaa, mik\u00e4 tarjoaa vakautta ajon aikana. K\u00e4ytt\u00e4m\u00e4ll\u00e4 elastista kumiseosta, rengas saavuttaa erinomaisen otteen ja kest\u00e4vyyden. Turvallisuusn\u00e4k\u00f6kohdat on otettu [...]L\u00e4s mer \u2026 from BLACK ICE 300, 350kpl nastaa, Nastarengas 29&#8243; 57-622","og_url":"https:\/\/vmsport.fi\/sv\/webbutik\/dack\/dack-for-utomhusbruk\/dubbdack\/dubbdack-29-57-622-black-ice-300-350-dubbar-fran-kon\/","og_site_name":"VM Sport","article_publisher":"https:\/\/www.facebook.com\/Vmsport.fi\/","article_modified_time":"2026-04-22T12:07:00+00:00","og_image":[{"width":602,"height":1000,"url":"https:\/\/vmsport.fi\/wp-content\/uploads\/2025\/03\/bi57584300-1.jpg","type":"image\/jpeg"}],"twitter_card":"summary_large_image","schema":{"@context":"https:\/\/schema.org","@graph":[{"@type":["WebPage","ItemPage"],"@id":"https:\/\/vmsport.fi\/verkkokauppa\/renkaat\/ulkorenkaat\/nastarenkaat\/nastarengas-29-57-622-black-ice-300-350-nastaa-kartionasta\/","url":"https:\/\/vmsport.fi\/verkkokauppa\/renkaat\/ulkorenkaat\/nastarenkaat\/nastarengas-29-57-622-black-ice-300-350-nastaa-kartionasta\/","name":"BLACK ICE 300, 350st dubbar, Dubbd\u00e4ck 29\" 57-622 - VM Sport","isPartOf":{"@id":"https:\/\/vmsport.fi\/#website"},"primaryImageOfPage":{"@id":"https:\/\/vmsport.fi\/verkkokauppa\/renkaat\/ulkorenkaat\/nastarenkaat\/nastarengas-29-57-622-black-ice-300-350-nastaa-kartionasta\/#primaryimage"},"image":{"@id":"https:\/\/vmsport.fi\/verkkokauppa\/renkaat\/ulkorenkaat\/nastarenkaat\/nastarengas-29-57-622-black-ice-300-350-nastaa-kartionasta\/#primaryimage"},"thumbnailUrl":"https:\/\/vmsport.fi\/wp-content\/uploads\/2025\/03\/bi57584300-1.jpg","datePublished":"2025-03-05T22:30:38+00:00","dateModified":"2026-04-22T12:07:00+00:00","breadcrumb":{"@id":"https:\/\/vmsport.fi\/verkkokauppa\/renkaat\/ulkorenkaat\/nastarenkaat\/nastarengas-29-57-622-black-ice-300-350-nastaa-kartionasta\/#breadcrumb"},"inLanguage":"sv-SE","potentialAction":[{"@type":"ReadAction","target":["https:\/\/vmsport.fi\/verkkokauppa\/renkaat\/ulkorenkaat\/nastarenkaat\/nastarengas-29-57-622-black-ice-300-350-nastaa-kartionasta\/"]}]},{"@type":"ImageObject","inLanguage":"sv-SE","@id":"https:\/\/vmsport.fi\/verkkokauppa\/renkaat\/ulkorenkaat\/nastarenkaat\/nastarengas-29-57-622-black-ice-300-350-nastaa-kartionasta\/#primaryimage","url":"https:\/\/vmsport.fi\/wp-content\/uploads\/2025\/03\/bi57584300-1.jpg","contentUrl":"https:\/\/vmsport.fi\/wp-content\/uploads\/2025\/03\/bi57584300-1.jpg","width":602,"height":1000,"caption":"bi57584300"},{"@type":"BreadcrumbList","@id":"https:\/\/vmsport.fi\/verkkokauppa\/renkaat\/ulkorenkaat\/nastarenkaat\/nastarengas-29-57-622-black-ice-300-350-nastaa-kartionasta\/#breadcrumb","itemListElement":[{"@type":"ListItem","position":1,"name":"Etusivu","item":"https:\/\/vmsport.fi\/"},{"@type":"ListItem","position":2,"name":"Online Store","item":"https:\/\/vmsport.fi\/en\/online-store\/"},{"@type":"ListItem","position":3,"name":"BLACK ICE 300, 350kpl nastaa, Nastarengas 29&#8243; 57-622"}]},{"@type":"WebSite","@id":"https:\/\/vmsport.fi\/#website","url":"https:\/\/vmsport.fi\/","name":"Vmsport","description":"Allt p\u00e5 ett st\u00e4lle f\u00f6r cykling","publisher":{"@id":"https:\/\/vmsport.fi\/#organization"},"potentialAction":[{"@type":"SearchAction","target":{"@type":"EntryPoint","urlTemplate":"https:\/\/vmsport.fi\/?s={search_term_string}"},"query-input":{"@type":"PropertyValueSpecification","valueRequired":true,"valueName":"search_term_string"}}],"inLanguage":"sv-SE"},{"@type":"Organization","@id":"https:\/\/vmsport.fi\/#organization","name":"Vmsport","url":"https:\/\/vmsport.fi\/","logo":{"@type":"ImageObject","inLanguage":"sv-SE","@id":"https:\/\/vmsport.fi\/#\/schema\/logo\/image\/","url":"https:\/\/vmsport.fi\/wp-content\/uploads\/2024\/12\/vm_sport_RGB_horisontal-e1734526017575.png","contentUrl":"https:\/\/vmsport.fi\/wp-content\/uploads\/2024\/12\/vm_sport_RGB_horisontal-e1734526017575.png","width":668,"height":85,"caption":"Vmsport"},"image":{"@id":"https:\/\/vmsport.fi\/#\/schema\/logo\/image\/"},"sameAs":["https:\/\/www.facebook.com\/Vmsport.fi\/","https:\/\/www.instagram.com\/vmsport\/"]}]}},"global_unique_id":"","_links":{"self":[{"href":"https:\/\/vmsport.fi\/sv\/wp-json\/wp\/v2\/product\/57277","targetHints":{"allow":["GET"]}}],"collection":[{"href":"https:\/\/vmsport.fi\/sv\/wp-json\/wp\/v2\/product"}],"about":[{"href":"https:\/\/vmsport.fi\/sv\/wp-json\/wp\/v2\/types\/product"}],"replies":[{"embeddable":true,"href":"https:\/\/vmsport.fi\/sv\/wp-json\/wp\/v2\/comments?post=57277"}],"wp:featuredmedia":[{"embeddable":true,"href":"https:\/\/vmsport.fi\/sv\/wp-json\/wp\/v2\/media\/57276"}],"wp:attachment":[{"href":"https:\/\/vmsport.fi\/sv\/wp-json\/wp\/v2\/media?parent=57277"}],"wp:term":[{"taxonomy":"product_brand","embeddable":true,"href":"https:\/\/vmsport.fi\/sv\/wp-json\/wp\/v2\/product_brand?post=57277"},{"taxonomy":"product_model","embeddable":true,"href":"https:\/\/vmsport.fi\/sv\/wp-json\/wp\/v2\/product_model?post=57277"},{"taxonomy":"product_cat","embeddable":true,"href":"https:\/\/vmsport.fi\/sv\/wp-json\/wp\/v2\/product_cat?post=57277"},{"taxonomy":"product_tag","embeddable":true,"href":"https:\/\/vmsport.fi\/sv\/wp-json\/wp\/v2\/product_tag?post=57277"},{"taxonomy":"industry_terminology","embeddable":true,"href":"https:\/\/vmsport.fi\/sv\/wp-json\/wp\/v2\/industry-terminology?post=57277"}],"curies":[{"name":"wp","href":"https:\/\/api.w.org\/{rel}","templated":true}]}}