{"id":57265,"date":"2025-03-06T00:30:33","date_gmt":"2025-03-05T22:30:33","guid":{"rendered":"https:\/\/vmsport.fi\/verkkokauppa\/Ei-luokiteltu\/bontrager-anara-womens-cycling-short\/"},"modified":"2026-01-16T13:41:06","modified_gmt":"2026-01-16T11:41:06","slug":"bontrager-anara-womens-cycling-short","status":"publish","type":"product","link":"https:\/\/vmsport.fi\/sv\/verkkokauppa\/ajovarusteet\/vaatteet\/shortsit\/bontrager-anara-womens-cycling-short\/","title":{"rendered":"Bontrager Anara cykelbyxa f\u00f6r damer"},"content":{"rendered":"<p>Bontrager Anara -naisten py\u00f6r\u00e4ilyshortsit on suunniteltu tarjoamaan sek\u00e4 mukavuutta ett\u00e4 huippuluokan suorituskyky\u00e4. Hengitt\u00e4v\u00e4 materiaali takaa optimaalisen ilmankierron, mik\u00e4 on erityisen t\u00e4rke\u00e4\u00e4 pitkille ajomatkoille. Shortsien anatominen muotoilu varmistaa erinomaisen istuvuuden, tehden niist\u00e4 t\u00e4ydellisen valinnan innokkaalle py\u00f6r\u00e4ilij\u00e4lle. Hyvin pehmustettu sis\u00e4osa lis\u00e4\u00e4 ajomukavuutta ja auttaa ehk\u00e4isem\u00e4\u00e4n v\u00e4symyst\u00e4 pitk\u00e4n ajon aikana. N\u00e4m\u00e4 shortsit ovat erinomainen vaihtoehto naisille, jotka arvostavat sek\u00e4 tyylik\u00e4st\u00e4 ulkon\u00e4k\u00f6\u00e4 ett\u00e4 k\u00e4yt\u00e4nn\u00f6llist\u00e4 toimivuutta.<\/p>","protected":false},"excerpt":{"rendered":"<p>Bontrager Anara -naisten py\u00f6r\u00e4ilyshortsit on suunniteltu tarjoamaan sek\u00e4 mukavuutta ett\u00e4 huippuluokan suorituskyky\u00e4. Hengitt\u00e4v\u00e4 materiaali takaa optimaalisen ilmankierron, mik\u00e4 on erityisen t\u00e4rke\u00e4\u00e4 pitkille ajomatkoille. Shortsien anatominen muotoilu varmistaa erinomaisen istuvuuden, tehden niist\u00e4 t\u00e4ydellisen valinnan innokkaalle py\u00f6r\u00e4ilij\u00e4lle. Hyvin pehmustettu sis\u00e4osa lis\u00e4\u00e4 ajomukavuutta ja auttaa ehk\u00e4isem\u00e4\u00e4n v\u00e4symyst\u00e4 pitk\u00e4n ajon aikana. N\u00e4m\u00e4 shortsit ovat erinomainen vaihtoehto naisille, jotka arvostavat [&#8230;]<\/p>\n<p><a class=\"btn btn-secondary understrap-read-more-link\" href=\"https:\/\/vmsport.fi\/sv\/verkkokauppa\/ajovarusteet\/vaatteet\/shortsit\/bontrager-anara-womens-cycling-short\/\">L\u00e4s mer \u2026<span class=\"screen-reader-text\"> from Bontrager Anara Women&#8217;s Cycling Short<\/span><\/a><\/p>\n","protected":false},"featured_media":57263,"comment_status":"open","ping_status":"closed","template":"","meta":{"_acf_changed":false,"_improvement_type_select":"improve_an_existing","_thumb_yes_seoaic":false,"_frame_yes_seoaic":false,"seoaic_generate_description":"","seoaic_improve_instructions_prompt":"","seoaic_rollback_content_improvement":"","seoaic_idea_thumbnail_generator":"","thumbnail_generated":false,"thumbnail_generate_prompt":"","seoaic_article_description":"","_supplier_stock_quantity":0},"product_brand":[],"product_model":[],"product_cat":[9462],"product_tag":[],"industry-terminology":[],"class_list":{"0":"post-57265","1":"product","2":"type-product","3":"status-publish","4":"has-post-thumbnail","6":"product_cat-shortsit","8":"first","9":"instock","10":"taxable","11":"shipping-taxable","12":"purchasable","13":"product-type-variable"},"acf":{"bike_features":null,"overview":{"copy_overview":null,"key_features":null,"statement":"","youtube_url":""}},"yoast_head":"<!-- This site is optimized with the Yoast SEO plugin v27.3 - https:\/\/yoast.com\/product\/yoast-seo-wordpress\/ -->\n<title>Bontrager Anara Women&#039;s Cycling Short - VM Sport<\/title>\n<meta name=\"robots\" content=\"index, follow, max-snippet:-1, max-image-preview:large, max-video-preview:-1\" \/>\n<link rel=\"canonical\" href=\"https:\/\/vmsport.fi\/sv\/webbutik\/korutrustning\/klader\/shorts\/bontrager-anara-womens-cycling-short\/\" \/>\n<meta property=\"og:locale\" content=\"sv_SE\" \/>\n<meta property=\"og:type\" content=\"article\" \/>\n<meta property=\"og:title\" content=\"Bontrager Anara Women&#039;s Cycling Short - VM Sport\" \/>\n<meta property=\"og:description\" content=\"Bontrager Anara -naisten py\u00f6r\u00e4ilyshortsit on suunniteltu tarjoamaan sek\u00e4 mukavuutta ett\u00e4 huippuluokan suorituskyky\u00e4. Hengitt\u00e4v\u00e4 materiaali takaa optimaalisen ilmankierron, mik\u00e4 on erityisen t\u00e4rke\u00e4\u00e4 pitkille ajomatkoille. Shortsien anatominen muotoilu varmistaa erinomaisen istuvuuden, tehden niist\u00e4 t\u00e4ydellisen valinnan innokkaalle py\u00f6r\u00e4ilij\u00e4lle. Hyvin pehmustettu sis\u00e4osa lis\u00e4\u00e4 ajomukavuutta ja auttaa ehk\u00e4isem\u00e4\u00e4n v\u00e4symyst\u00e4 pitk\u00e4n ajon aikana. N\u00e4m\u00e4 shortsit ovat erinomainen vaihtoehto naisille, jotka arvostavat [...]L\u00e4s mer \u2026 from Bontrager Anara Women&#8217;s Cycling Short\" \/>\n<meta property=\"og:url\" content=\"https:\/\/vmsport.fi\/sv\/webbutik\/korutrustning\/klader\/shorts\/bontrager-anara-womens-cycling-short\/\" \/>\n<meta property=\"og:site_name\" content=\"VM Sport\" \/>\n<meta property=\"article:publisher\" content=\"https:\/\/www.facebook.com\/Vmsport.fi\/\" \/>\n<meta property=\"article:modified_time\" content=\"2026-01-16T11:41:06+00:00\" \/>\n<meta property=\"og:image\" content=\"https:\/\/vmsport.fi\/wp-content\/uploads\/2025\/03\/14967-A-1-Anara-Womens-8-Inch-Short-1.jpg\" \/>\n\t<meta property=\"og:image:width\" content=\"1000\" \/>\n\t<meta property=\"og:image:height\" content=\"750\" \/>\n\t<meta property=\"og:image:type\" content=\"image\/jpeg\" \/>\n<meta name=\"twitter:card\" content=\"summary_large_image\" \/>\n<script type=\"application\/ld+json\" class=\"yoast-schema-graph\">{\"@context\":\"https:\\\/\\\/schema.org\",\"@graph\":[{\"@type\":[\"WebPage\",\"ItemPage\"],\"@id\":\"https:\\\/\\\/vmsport.fi\\\/verkkokauppa\\\/ajovarusteet\\\/vaatteet\\\/shortsit\\\/bontrager-anara-womens-cycling-short\\\/\",\"url\":\"https:\\\/\\\/vmsport.fi\\\/verkkokauppa\\\/ajovarusteet\\\/vaatteet\\\/shortsit\\\/bontrager-anara-womens-cycling-short\\\/\",\"name\":\"Bontrager Anara Women's Cycling Short - VM Sport\",\"isPartOf\":{\"@id\":\"https:\\\/\\\/vmsport.fi\\\/#website\"},\"primaryImageOfPage\":{\"@id\":\"https:\\\/\\\/vmsport.fi\\\/verkkokauppa\\\/ajovarusteet\\\/vaatteet\\\/shortsit\\\/bontrager-anara-womens-cycling-short\\\/#primaryimage\"},\"image\":{\"@id\":\"https:\\\/\\\/vmsport.fi\\\/verkkokauppa\\\/ajovarusteet\\\/vaatteet\\\/shortsit\\\/bontrager-anara-womens-cycling-short\\\/#primaryimage\"},\"thumbnailUrl\":\"https:\\\/\\\/vmsport.fi\\\/wp-content\\\/uploads\\\/2025\\\/03\\\/14967-A-1-Anara-Womens-8-Inch-Short-1.jpg\",\"datePublished\":\"2025-03-05T22:30:33+00:00\",\"dateModified\":\"2026-01-16T11:41:06+00:00\",\"breadcrumb\":{\"@id\":\"https:\\\/\\\/vmsport.fi\\\/verkkokauppa\\\/ajovarusteet\\\/vaatteet\\\/shortsit\\\/bontrager-anara-womens-cycling-short\\\/#breadcrumb\"},\"inLanguage\":\"sv-SE\",\"potentialAction\":[{\"@type\":\"ReadAction\",\"target\":[\"https:\\\/\\\/vmsport.fi\\\/verkkokauppa\\\/ajovarusteet\\\/vaatteet\\\/shortsit\\\/bontrager-anara-womens-cycling-short\\\/\"]}]},{\"@type\":\"ImageObject\",\"inLanguage\":\"sv-SE\",\"@id\":\"https:\\\/\\\/vmsport.fi\\\/verkkokauppa\\\/ajovarusteet\\\/vaatteet\\\/shortsit\\\/bontrager-anara-womens-cycling-short\\\/#primaryimage\",\"url\":\"https:\\\/\\\/vmsport.fi\\\/wp-content\\\/uploads\\\/2025\\\/03\\\/14967-A-1-Anara-Womens-8-Inch-Short-1.jpg\",\"contentUrl\":\"https:\\\/\\\/vmsport.fi\\\/wp-content\\\/uploads\\\/2025\\\/03\\\/14967-A-1-Anara-Womens-8-Inch-Short-1.jpg\",\"width\":1000,\"height\":750,\"caption\":\"14967-A-1-Anara-Womens-8-Inch-Short\"},{\"@type\":\"BreadcrumbList\",\"@id\":\"https:\\\/\\\/vmsport.fi\\\/verkkokauppa\\\/ajovarusteet\\\/vaatteet\\\/shortsit\\\/bontrager-anara-womens-cycling-short\\\/#breadcrumb\",\"itemListElement\":[{\"@type\":\"ListItem\",\"position\":1,\"name\":\"Etusivu\",\"item\":\"https:\\\/\\\/vmsport.fi\\\/\"},{\"@type\":\"ListItem\",\"position\":2,\"name\":\"Online Store\",\"item\":\"https:\\\/\\\/vmsport.fi\\\/en\\\/online-store\\\/\"},{\"@type\":\"ListItem\",\"position\":3,\"name\":\"Bontrager Anara Women&#8217;s Cycling Short\"}]},{\"@type\":\"WebSite\",\"@id\":\"https:\\\/\\\/vmsport.fi\\\/#website\",\"url\":\"https:\\\/\\\/vmsport.fi\\\/\",\"name\":\"Vmsport\",\"description\":\"Kaikki py\u00f6r\u00e4ilyyn yhdest\u00e4 paikasta\",\"publisher\":{\"@id\":\"https:\\\/\\\/vmsport.fi\\\/#organization\"},\"potentialAction\":[{\"@type\":\"SearchAction\",\"target\":{\"@type\":\"EntryPoint\",\"urlTemplate\":\"https:\\\/\\\/vmsport.fi\\\/?s={search_term_string}\"},\"query-input\":{\"@type\":\"PropertyValueSpecification\",\"valueRequired\":true,\"valueName\":\"search_term_string\"}}],\"inLanguage\":\"sv-SE\"},{\"@type\":\"Organization\",\"@id\":\"https:\\\/\\\/vmsport.fi\\\/#organization\",\"name\":\"Vmsport\",\"url\":\"https:\\\/\\\/vmsport.fi\\\/\",\"logo\":{\"@type\":\"ImageObject\",\"inLanguage\":\"sv-SE\",\"@id\":\"https:\\\/\\\/vmsport.fi\\\/#\\\/schema\\\/logo\\\/image\\\/\",\"url\":\"https:\\\/\\\/vmsport.fi\\\/wp-content\\\/uploads\\\/2024\\\/12\\\/vm_sport_RGB_horisontal-e1734526017575.png\",\"contentUrl\":\"https:\\\/\\\/vmsport.fi\\\/wp-content\\\/uploads\\\/2024\\\/12\\\/vm_sport_RGB_horisontal-e1734526017575.png\",\"width\":668,\"height\":85,\"caption\":\"Vmsport\"},\"image\":{\"@id\":\"https:\\\/\\\/vmsport.fi\\\/#\\\/schema\\\/logo\\\/image\\\/\"},\"sameAs\":[\"https:\\\/\\\/www.facebook.com\\\/Vmsport.fi\\\/\",\"https:\\\/\\\/www.instagram.com\\\/vmsport\\\/\"]}]}<\/script>\n<!-- \/ Yoast SEO plugin. -->","yoast_head_json":{"title":"Bontrager Anara Women's Cycling Short - VM Sport","robots":{"index":"index","follow":"follow","max-snippet":"max-snippet:-1","max-image-preview":"max-image-preview:large","max-video-preview":"max-video-preview:-1"},"canonical":"https:\/\/vmsport.fi\/sv\/webbutik\/korutrustning\/klader\/shorts\/bontrager-anara-womens-cycling-short\/","og_locale":"sv_SE","og_type":"article","og_title":"Bontrager Anara Women's Cycling Short - VM Sport","og_description":"Bontrager Anara -naisten py\u00f6r\u00e4ilyshortsit on suunniteltu tarjoamaan sek\u00e4 mukavuutta ett\u00e4 huippuluokan suorituskyky\u00e4. Hengitt\u00e4v\u00e4 materiaali takaa optimaalisen ilmankierron, mik\u00e4 on erityisen t\u00e4rke\u00e4\u00e4 pitkille ajomatkoille. Shortsien anatominen muotoilu varmistaa erinomaisen istuvuuden, tehden niist\u00e4 t\u00e4ydellisen valinnan innokkaalle py\u00f6r\u00e4ilij\u00e4lle. Hyvin pehmustettu sis\u00e4osa lis\u00e4\u00e4 ajomukavuutta ja auttaa ehk\u00e4isem\u00e4\u00e4n v\u00e4symyst\u00e4 pitk\u00e4n ajon aikana. N\u00e4m\u00e4 shortsit ovat erinomainen vaihtoehto naisille, jotka arvostavat [...]L\u00e4s mer \u2026 from Bontrager Anara Women&#8217;s Cycling Short","og_url":"https:\/\/vmsport.fi\/sv\/webbutik\/korutrustning\/klader\/shorts\/bontrager-anara-womens-cycling-short\/","og_site_name":"VM Sport","article_publisher":"https:\/\/www.facebook.com\/Vmsport.fi\/","article_modified_time":"2026-01-16T11:41:06+00:00","og_image":[{"width":1000,"height":750,"url":"https:\/\/vmsport.fi\/wp-content\/uploads\/2025\/03\/14967-A-1-Anara-Womens-8-Inch-Short-1.jpg","type":"image\/jpeg"}],"twitter_card":"summary_large_image","schema":{"@context":"https:\/\/schema.org","@graph":[{"@type":["WebPage","ItemPage"],"@id":"https:\/\/vmsport.fi\/verkkokauppa\/ajovarusteet\/vaatteet\/shortsit\/bontrager-anara-womens-cycling-short\/","url":"https:\/\/vmsport.fi\/verkkokauppa\/ajovarusteet\/vaatteet\/shortsit\/bontrager-anara-womens-cycling-short\/","name":"Bontrager Anara Women's Cycling Short - VM Sport","isPartOf":{"@id":"https:\/\/vmsport.fi\/#website"},"primaryImageOfPage":{"@id":"https:\/\/vmsport.fi\/verkkokauppa\/ajovarusteet\/vaatteet\/shortsit\/bontrager-anara-womens-cycling-short\/#primaryimage"},"image":{"@id":"https:\/\/vmsport.fi\/verkkokauppa\/ajovarusteet\/vaatteet\/shortsit\/bontrager-anara-womens-cycling-short\/#primaryimage"},"thumbnailUrl":"https:\/\/vmsport.fi\/wp-content\/uploads\/2025\/03\/14967-A-1-Anara-Womens-8-Inch-Short-1.jpg","datePublished":"2025-03-05T22:30:33+00:00","dateModified":"2026-01-16T11:41:06+00:00","breadcrumb":{"@id":"https:\/\/vmsport.fi\/verkkokauppa\/ajovarusteet\/vaatteet\/shortsit\/bontrager-anara-womens-cycling-short\/#breadcrumb"},"inLanguage":"sv-SE","potentialAction":[{"@type":"ReadAction","target":["https:\/\/vmsport.fi\/verkkokauppa\/ajovarusteet\/vaatteet\/shortsit\/bontrager-anara-womens-cycling-short\/"]}]},{"@type":"ImageObject","inLanguage":"sv-SE","@id":"https:\/\/vmsport.fi\/verkkokauppa\/ajovarusteet\/vaatteet\/shortsit\/bontrager-anara-womens-cycling-short\/#primaryimage","url":"https:\/\/vmsport.fi\/wp-content\/uploads\/2025\/03\/14967-A-1-Anara-Womens-8-Inch-Short-1.jpg","contentUrl":"https:\/\/vmsport.fi\/wp-content\/uploads\/2025\/03\/14967-A-1-Anara-Womens-8-Inch-Short-1.jpg","width":1000,"height":750,"caption":"14967-A-1-Anara-Womens-8-Inch-Short"},{"@type":"BreadcrumbList","@id":"https:\/\/vmsport.fi\/verkkokauppa\/ajovarusteet\/vaatteet\/shortsit\/bontrager-anara-womens-cycling-short\/#breadcrumb","itemListElement":[{"@type":"ListItem","position":1,"name":"Etusivu","item":"https:\/\/vmsport.fi\/"},{"@type":"ListItem","position":2,"name":"Online Store","item":"https:\/\/vmsport.fi\/en\/online-store\/"},{"@type":"ListItem","position":3,"name":"Bontrager Anara Women&#8217;s Cycling Short"}]},{"@type":"WebSite","@id":"https:\/\/vmsport.fi\/#website","url":"https:\/\/vmsport.fi\/","name":"Vmsport","description":"Allt p\u00e5 ett st\u00e4lle f\u00f6r cykling","publisher":{"@id":"https:\/\/vmsport.fi\/#organization"},"potentialAction":[{"@type":"SearchAction","target":{"@type":"EntryPoint","urlTemplate":"https:\/\/vmsport.fi\/?s={search_term_string}"},"query-input":{"@type":"PropertyValueSpecification","valueRequired":true,"valueName":"search_term_string"}}],"inLanguage":"sv-SE"},{"@type":"Organization","@id":"https:\/\/vmsport.fi\/#organization","name":"Vmsport","url":"https:\/\/vmsport.fi\/","logo":{"@type":"ImageObject","inLanguage":"sv-SE","@id":"https:\/\/vmsport.fi\/#\/schema\/logo\/image\/","url":"https:\/\/vmsport.fi\/wp-content\/uploads\/2024\/12\/vm_sport_RGB_horisontal-e1734526017575.png","contentUrl":"https:\/\/vmsport.fi\/wp-content\/uploads\/2024\/12\/vm_sport_RGB_horisontal-e1734526017575.png","width":668,"height":85,"caption":"Vmsport"},"image":{"@id":"https:\/\/vmsport.fi\/#\/schema\/logo\/image\/"},"sameAs":["https:\/\/www.facebook.com\/Vmsport.fi\/","https:\/\/www.instagram.com\/vmsport\/"]}]}},"global_unique_id":"","_links":{"self":[{"href":"https:\/\/vmsport.fi\/sv\/wp-json\/wp\/v2\/product\/57265","targetHints":{"allow":["GET"]}}],"collection":[{"href":"https:\/\/vmsport.fi\/sv\/wp-json\/wp\/v2\/product"}],"about":[{"href":"https:\/\/vmsport.fi\/sv\/wp-json\/wp\/v2\/types\/product"}],"replies":[{"embeddable":true,"href":"https:\/\/vmsport.fi\/sv\/wp-json\/wp\/v2\/comments?post=57265"}],"wp:featuredmedia":[{"embeddable":true,"href":"https:\/\/vmsport.fi\/sv\/wp-json\/wp\/v2\/media\/57263"}],"wp:attachment":[{"href":"https:\/\/vmsport.fi\/sv\/wp-json\/wp\/v2\/media?parent=57265"}],"wp:term":[{"taxonomy":"product_brand","embeddable":true,"href":"https:\/\/vmsport.fi\/sv\/wp-json\/wp\/v2\/product_brand?post=57265"},{"taxonomy":"product_model","embeddable":true,"href":"https:\/\/vmsport.fi\/sv\/wp-json\/wp\/v2\/product_model?post=57265"},{"taxonomy":"product_cat","embeddable":true,"href":"https:\/\/vmsport.fi\/sv\/wp-json\/wp\/v2\/product_cat?post=57265"},{"taxonomy":"product_tag","embeddable":true,"href":"https:\/\/vmsport.fi\/sv\/wp-json\/wp\/v2\/product_tag?post=57265"},{"taxonomy":"industry_terminology","embeddable":true,"href":"https:\/\/vmsport.fi\/sv\/wp-json\/wp\/v2\/industry-terminology?post=57265"}],"curies":[{"name":"wp","href":"https:\/\/api.w.org\/{rel}","templated":true}]}}