{"id":57251,"date":"2025-03-06T00:30:26","date_gmt":"2025-03-05T22:30:26","guid":{"rendered":"https:\/\/vmsport.fi\/verkkokauppa\/Ei-luokiteltu\/sis-beta-fuel-geeli-appelsiini-60ml\/"},"modified":"2026-05-08T03:00:55","modified_gmt":"2026-05-08T00:00:55","slug":"sis-beta-fuel-gel-orange-60ml","status":"publish","type":"product","link":"https:\/\/vmsport.fi\/sv\/verkkokauppa\/tarvikkeet\/muut-oheistuotteet\/ravinteet\/sis-beta-fuel-geeli-appelsiini-60ml\/","title":{"rendered":"SIS Beta Fuel Gel Orange 60ML"},"content":{"rendered":"<p>SIS Beta Fuel Gel Orange \u00e4r en energil\u00f6sning utformad f\u00f6r uth\u00e5llighetsidrottare f\u00f6r att effektivt hantera kolhydratintag och minska magbesv\u00e4r under l\u00e5ngvarig fysisk aktivitet. Denna gel kombinerar maltodextrin och fruktos i f\u00f6rh\u00e5llandet 1:0,8 f\u00f6r att maximera kraften och f\u00f6rb\u00e4ttra kolhydratupptaget, vilket ger 40 g kolhydrater i en enda portion. Denna expertutvecklade produkt rekommenderas s\u00e4rskilt f\u00f6r uth\u00e5llighetst\u00e4vlingar som varar mer \u00e4n tv\u00e5 timmar och uppfyller de h\u00f6ga kolhydratkraven vid intensiv tr\u00e4ning. Formulan inneh\u00e5ller vatten, maltodextrin och fruktos fr\u00e5n majs samt surhetsreglerande medel och konserveringsmedel f\u00f6r optimal effekt. Gelen \u00e4r l\u00e4mplig f\u00f6r anv\u00e4ndning i uth\u00e5llighetssporter och tr\u00e4ning d\u00e4r vetenskapligt optimerad energi kr\u00e4vs f\u00f6r att uppr\u00e4tth\u00e5lla prestationen.<\/p>","protected":false},"excerpt":{"rendered":"<p>SIS Beta Fuel Geeli Appelsiini on kest\u00e4vyysurheilijoille suunniteltu energiaratkaisu, joka hallitsee hiilihydraattien saantia tehokkaasti ja v\u00e4hent\u00e4\u00e4 vatsavaivoja pitk\u00e4n fyysisen suorituksen aikana. T\u00e4m\u00e4 geeli yhdist\u00e4\u00e4 maltodekstriinin ja fruktoosin suhteessa 1:0.8, mik\u00e4 maksimoi tehon ja parantaa hiilihydraattien imeytymist\u00e4, tarjoten 40 g hiilihydraattia yhdell\u00e4 annoksella. Suositeltu erityisesti yli kahden tunnin kest\u00e4vyystapahtumiin, t\u00e4m\u00e4 asiantuntijoiden kehitt\u00e4m\u00e4 tuote t\u00e4ytt\u00e4\u00e4 intensiivisen liikunnan [&#8230;]<\/p>\n<p><a class=\"btn btn-secondary understrap-read-more-link\" href=\"https:\/\/vmsport.fi\/sv\/verkkokauppa\/tarvikkeet\/muut-oheistuotteet\/ravinteet\/sis-beta-fuel-geeli-appelsiini-60ml\/\">L\u00e4s mer \u2026<span class=\"screen-reader-text\"> from SIS Beta Fuel Geeli Appelsiini 60ML<\/span><\/a><\/p>\n","protected":false},"featured_media":57250,"comment_status":"open","ping_status":"closed","template":"","meta":{"_acf_changed":false,"_improvement_type_select":"improve_an_existing","_thumb_yes_seoaic":false,"_frame_yes_seoaic":false,"seoaic_generate_description":"","seoaic_improve_instructions_prompt":"","seoaic_rollback_content_improvement":"","seoaic_idea_thumbnail_generator":"","thumbnail_generated":false,"thumbnail_generate_prompt":"","seoaic_article_description":"","_supplier_stock_quantity":0},"product_brand":[],"product_model":[],"product_cat":[9428],"product_tag":[],"industry-terminology":[],"class_list":{"0":"post-57251","1":"product","2":"type-product","3":"status-publish","4":"has-post-thumbnail","6":"product_cat-ravinteet","8":"first","9":"instock","10":"taxable","11":"shipping-taxable","12":"purchasable","13":"product-type-simple"},"acf":{"bike_features":null,"overview":{"copy_overview":null,"key_features":null,"statement":"","youtube_url":""}},"yoast_head":"<!-- This site is optimized with the Yoast SEO plugin v27.5 - https:\/\/yoast.com\/product\/yoast-seo-wordpress\/ -->\n<title>SIS Beta Fuel Geeli Appelsiini 60ML - VM Sport<\/title>\n<meta name=\"robots\" content=\"index, follow, max-snippet:-1, max-image-preview:large, max-video-preview:-1\" \/>\n<link rel=\"canonical\" href=\"https:\/\/vmsport.fi\/sv\/webbutik\/tillbehor\/andra-kompletterande-produkter\/naringsamnen\/sis-beta-fuel-gel-orange-60ml\/\" \/>\n<meta property=\"og:locale\" content=\"sv_SE\" \/>\n<meta property=\"og:type\" content=\"article\" \/>\n<meta property=\"og:title\" content=\"SIS Beta Fuel Geeli Appelsiini 60ML - VM Sport\" \/>\n<meta property=\"og:description\" content=\"SIS Beta Fuel Geeli Appelsiini on kest\u00e4vyysurheilijoille suunniteltu energiaratkaisu, joka hallitsee hiilihydraattien saantia tehokkaasti ja v\u00e4hent\u00e4\u00e4 vatsavaivoja pitk\u00e4n fyysisen suorituksen aikana. T\u00e4m\u00e4 geeli yhdist\u00e4\u00e4 maltodekstriinin ja fruktoosin suhteessa 1:0.8, mik\u00e4 maksimoi tehon ja parantaa hiilihydraattien imeytymist\u00e4, tarjoten 40 g hiilihydraattia yhdell\u00e4 annoksella. Suositeltu erityisesti yli kahden tunnin kest\u00e4vyystapahtumiin, t\u00e4m\u00e4 asiantuntijoiden kehitt\u00e4m\u00e4 tuote t\u00e4ytt\u00e4\u00e4 intensiivisen liikunnan [...]L\u00e4s mer \u2026 from SIS Beta Fuel Geeli Appelsiini 60ML\" \/>\n<meta property=\"og:url\" content=\"https:\/\/vmsport.fi\/sv\/webbutik\/tillbehor\/andra-kompletterande-produkter\/naringsamnen\/sis-beta-fuel-gel-orange-60ml\/\" \/>\n<meta property=\"og:site_name\" content=\"VM Sport\" \/>\n<meta property=\"article:publisher\" content=\"https:\/\/www.facebook.com\/Vmsport.fi\/\" \/>\n<meta property=\"article:modified_time\" content=\"2026-05-08T00:00:55+00:00\" \/>\n<meta property=\"og:image\" content=\"https:\/\/vmsport.fi\/wp-content\/uploads\/2025\/03\/k5OG2SpCSSSe52zEi7TyDTwSbfIf1bnNpQoP4LpDXczhLmRp2A-1.jpg\" \/>\n\t<meta property=\"og:image:width\" content=\"600\" \/>\n\t<meta property=\"og:image:height\" content=\"600\" \/>\n\t<meta property=\"og:image:type\" content=\"image\/jpeg\" \/>\n<meta name=\"twitter:card\" content=\"summary_large_image\" \/>\n<meta name=\"twitter:label1\" content=\"Ber\u00e4knad l\u00e4stid\" \/>\n\t<meta name=\"twitter:data1\" content=\"1 minut\" \/>\n<script type=\"application\/ld+json\" class=\"yoast-schema-graph\">{\"@context\":\"https:\\\/\\\/schema.org\",\"@graph\":[{\"@type\":[\"WebPage\",\"ItemPage\"],\"@id\":\"https:\\\/\\\/vmsport.fi\\\/verkkokauppa\\\/tarvikkeet\\\/muut-oheistuotteet\\\/ravinteet\\\/sis-beta-fuel-geeli-appelsiini-60ml\\\/\",\"url\":\"https:\\\/\\\/vmsport.fi\\\/verkkokauppa\\\/tarvikkeet\\\/muut-oheistuotteet\\\/ravinteet\\\/sis-beta-fuel-geeli-appelsiini-60ml\\\/\",\"name\":\"SIS Beta Fuel Geeli Appelsiini 60ML - VM Sport\",\"isPartOf\":{\"@id\":\"https:\\\/\\\/vmsport.fi\\\/#website\"},\"primaryImageOfPage\":{\"@id\":\"https:\\\/\\\/vmsport.fi\\\/verkkokauppa\\\/tarvikkeet\\\/muut-oheistuotteet\\\/ravinteet\\\/sis-beta-fuel-geeli-appelsiini-60ml\\\/#primaryimage\"},\"image\":{\"@id\":\"https:\\\/\\\/vmsport.fi\\\/verkkokauppa\\\/tarvikkeet\\\/muut-oheistuotteet\\\/ravinteet\\\/sis-beta-fuel-geeli-appelsiini-60ml\\\/#primaryimage\"},\"thumbnailUrl\":\"https:\\\/\\\/vmsport.fi\\\/wp-content\\\/uploads\\\/2025\\\/03\\\/k5OG2SpCSSSe52zEi7TyDTwSbfIf1bnNpQoP4LpDXczhLmRp2A-1.jpg\",\"datePublished\":\"2025-03-05T22:30:26+00:00\",\"dateModified\":\"2026-05-08T00:00:55+00:00\",\"breadcrumb\":{\"@id\":\"https:\\\/\\\/vmsport.fi\\\/verkkokauppa\\\/tarvikkeet\\\/muut-oheistuotteet\\\/ravinteet\\\/sis-beta-fuel-geeli-appelsiini-60ml\\\/#breadcrumb\"},\"inLanguage\":\"sv-SE\",\"potentialAction\":[{\"@type\":\"ReadAction\",\"target\":[\"https:\\\/\\\/vmsport.fi\\\/verkkokauppa\\\/tarvikkeet\\\/muut-oheistuotteet\\\/ravinteet\\\/sis-beta-fuel-geeli-appelsiini-60ml\\\/\"]}]},{\"@type\":\"ImageObject\",\"inLanguage\":\"sv-SE\",\"@id\":\"https:\\\/\\\/vmsport.fi\\\/verkkokauppa\\\/tarvikkeet\\\/muut-oheistuotteet\\\/ravinteet\\\/sis-beta-fuel-geeli-appelsiini-60ml\\\/#primaryimage\",\"url\":\"https:\\\/\\\/vmsport.fi\\\/wp-content\\\/uploads\\\/2025\\\/03\\\/k5OG2SpCSSSe52zEi7TyDTwSbfIf1bnNpQoP4LpDXczhLmRp2A-1.jpg\",\"contentUrl\":\"https:\\\/\\\/vmsport.fi\\\/wp-content\\\/uploads\\\/2025\\\/03\\\/k5OG2SpCSSSe52zEi7TyDTwSbfIf1bnNpQoP4LpDXczhLmRp2A-1.jpg\",\"width\":600,\"height\":600,\"caption\":\"k5OG2SpCSSSe52zEi7TyDTwSbfIf1bnNpQoP4LpDXczhLmRp2A\"},{\"@type\":\"BreadcrumbList\",\"@id\":\"https:\\\/\\\/vmsport.fi\\\/verkkokauppa\\\/tarvikkeet\\\/muut-oheistuotteet\\\/ravinteet\\\/sis-beta-fuel-geeli-appelsiini-60ml\\\/#breadcrumb\",\"itemListElement\":[{\"@type\":\"ListItem\",\"position\":1,\"name\":\"Etusivu\",\"item\":\"https:\\\/\\\/vmsport.fi\\\/\"},{\"@type\":\"ListItem\",\"position\":2,\"name\":\"Online Store\",\"item\":\"https:\\\/\\\/vmsport.fi\\\/en\\\/online-store\\\/\"},{\"@type\":\"ListItem\",\"position\":3,\"name\":\"SIS Beta Fuel Geeli Appelsiini 60ML\"}]},{\"@type\":\"WebSite\",\"@id\":\"https:\\\/\\\/vmsport.fi\\\/#website\",\"url\":\"https:\\\/\\\/vmsport.fi\\\/\",\"name\":\"Vmsport\",\"description\":\"Kaikki py\u00f6r\u00e4ilyyn yhdest\u00e4 paikasta\",\"publisher\":{\"@id\":\"https:\\\/\\\/vmsport.fi\\\/#organization\"},\"potentialAction\":[{\"@type\":\"SearchAction\",\"target\":{\"@type\":\"EntryPoint\",\"urlTemplate\":\"https:\\\/\\\/vmsport.fi\\\/?s={search_term_string}\"},\"query-input\":{\"@type\":\"PropertyValueSpecification\",\"valueRequired\":true,\"valueName\":\"search_term_string\"}}],\"inLanguage\":\"sv-SE\"},{\"@type\":\"Organization\",\"@id\":\"https:\\\/\\\/vmsport.fi\\\/#organization\",\"name\":\"Vmsport\",\"url\":\"https:\\\/\\\/vmsport.fi\\\/\",\"logo\":{\"@type\":\"ImageObject\",\"inLanguage\":\"sv-SE\",\"@id\":\"https:\\\/\\\/vmsport.fi\\\/#\\\/schema\\\/logo\\\/image\\\/\",\"url\":\"https:\\\/\\\/vmsport.fi\\\/wp-content\\\/uploads\\\/2024\\\/12\\\/vm_sport_RGB_horisontal-e1734526017575.png\",\"contentUrl\":\"https:\\\/\\\/vmsport.fi\\\/wp-content\\\/uploads\\\/2024\\\/12\\\/vm_sport_RGB_horisontal-e1734526017575.png\",\"width\":668,\"height\":85,\"caption\":\"Vmsport\"},\"image\":{\"@id\":\"https:\\\/\\\/vmsport.fi\\\/#\\\/schema\\\/logo\\\/image\\\/\"},\"sameAs\":[\"https:\\\/\\\/www.facebook.com\\\/Vmsport.fi\\\/\",\"https:\\\/\\\/www.instagram.com\\\/vmsport\\\/\"]}]}<\/script>\n<!-- \/ Yoast SEO plugin. -->","yoast_head_json":{"title":"SIS Beta Fuel Gel Orange 60ML - VM Sport","robots":{"index":"index","follow":"follow","max-snippet":"max-snippet:-1","max-image-preview":"max-image-preview:large","max-video-preview":"max-video-preview:-1"},"canonical":"https:\/\/vmsport.fi\/sv\/webbutik\/tillbehor\/andra-kompletterande-produkter\/naringsamnen\/sis-beta-fuel-gel-orange-60ml\/","og_locale":"sv_SE","og_type":"article","og_title":"SIS Beta Fuel Geeli Appelsiini 60ML - VM Sport","og_description":"SIS Beta Fuel Geeli Appelsiini on kest\u00e4vyysurheilijoille suunniteltu energiaratkaisu, joka hallitsee hiilihydraattien saantia tehokkaasti ja v\u00e4hent\u00e4\u00e4 vatsavaivoja pitk\u00e4n fyysisen suorituksen aikana. T\u00e4m\u00e4 geeli yhdist\u00e4\u00e4 maltodekstriinin ja fruktoosin suhteessa 1:0.8, mik\u00e4 maksimoi tehon ja parantaa hiilihydraattien imeytymist\u00e4, tarjoten 40 g hiilihydraattia yhdell\u00e4 annoksella. Suositeltu erityisesti yli kahden tunnin kest\u00e4vyystapahtumiin, t\u00e4m\u00e4 asiantuntijoiden kehitt\u00e4m\u00e4 tuote t\u00e4ytt\u00e4\u00e4 intensiivisen liikunnan [...]L\u00e4s mer \u2026 from SIS Beta Fuel Geeli Appelsiini 60ML","og_url":"https:\/\/vmsport.fi\/sv\/webbutik\/tillbehor\/andra-kompletterande-produkter\/naringsamnen\/sis-beta-fuel-gel-orange-60ml\/","og_site_name":"VM Sport","article_publisher":"https:\/\/www.facebook.com\/Vmsport.fi\/","article_modified_time":"2026-05-08T00:00:55+00:00","og_image":[{"width":600,"height":600,"url":"https:\/\/vmsport.fi\/wp-content\/uploads\/2025\/03\/k5OG2SpCSSSe52zEi7TyDTwSbfIf1bnNpQoP4LpDXczhLmRp2A-1.jpg","type":"image\/jpeg"}],"twitter_card":"summary_large_image","twitter_misc":{"Ber\u00e4knad l\u00e4stid":"1 minut"},"schema":{"@context":"https:\/\/schema.org","@graph":[{"@type":["WebPage","ItemPage"],"@id":"https:\/\/vmsport.fi\/verkkokauppa\/tarvikkeet\/muut-oheistuotteet\/ravinteet\/sis-beta-fuel-geeli-appelsiini-60ml\/","url":"https:\/\/vmsport.fi\/verkkokauppa\/tarvikkeet\/muut-oheistuotteet\/ravinteet\/sis-beta-fuel-geeli-appelsiini-60ml\/","name":"SIS Beta Fuel Gel Orange 60ML - VM Sport","isPartOf":{"@id":"https:\/\/vmsport.fi\/#website"},"primaryImageOfPage":{"@id":"https:\/\/vmsport.fi\/verkkokauppa\/tarvikkeet\/muut-oheistuotteet\/ravinteet\/sis-beta-fuel-geeli-appelsiini-60ml\/#primaryimage"},"image":{"@id":"https:\/\/vmsport.fi\/verkkokauppa\/tarvikkeet\/muut-oheistuotteet\/ravinteet\/sis-beta-fuel-geeli-appelsiini-60ml\/#primaryimage"},"thumbnailUrl":"https:\/\/vmsport.fi\/wp-content\/uploads\/2025\/03\/k5OG2SpCSSSe52zEi7TyDTwSbfIf1bnNpQoP4LpDXczhLmRp2A-1.jpg","datePublished":"2025-03-05T22:30:26+00:00","dateModified":"2026-05-08T00:00:55+00:00","breadcrumb":{"@id":"https:\/\/vmsport.fi\/verkkokauppa\/tarvikkeet\/muut-oheistuotteet\/ravinteet\/sis-beta-fuel-geeli-appelsiini-60ml\/#breadcrumb"},"inLanguage":"sv-SE","potentialAction":[{"@type":"ReadAction","target":["https:\/\/vmsport.fi\/verkkokauppa\/tarvikkeet\/muut-oheistuotteet\/ravinteet\/sis-beta-fuel-geeli-appelsiini-60ml\/"]}]},{"@type":"ImageObject","inLanguage":"sv-SE","@id":"https:\/\/vmsport.fi\/verkkokauppa\/tarvikkeet\/muut-oheistuotteet\/ravinteet\/sis-beta-fuel-geeli-appelsiini-60ml\/#primaryimage","url":"https:\/\/vmsport.fi\/wp-content\/uploads\/2025\/03\/k5OG2SpCSSSe52zEi7TyDTwSbfIf1bnNpQoP4LpDXczhLmRp2A-1.jpg","contentUrl":"https:\/\/vmsport.fi\/wp-content\/uploads\/2025\/03\/k5OG2SpCSSSe52zEi7TyDTwSbfIf1bnNpQoP4LpDXczhLmRp2A-1.jpg","width":600,"height":600,"caption":"k5OG2SpCSSSe52zEi7TyDTwSbfIf1bnNpQoP4LpDXczhLmRp2A"},{"@type":"BreadcrumbList","@id":"https:\/\/vmsport.fi\/verkkokauppa\/tarvikkeet\/muut-oheistuotteet\/ravinteet\/sis-beta-fuel-geeli-appelsiini-60ml\/#breadcrumb","itemListElement":[{"@type":"ListItem","position":1,"name":"Etusivu","item":"https:\/\/vmsport.fi\/"},{"@type":"ListItem","position":2,"name":"Online Store","item":"https:\/\/vmsport.fi\/en\/online-store\/"},{"@type":"ListItem","position":3,"name":"SIS Beta Fuel Geeli Appelsiini 60ML"}]},{"@type":"WebSite","@id":"https:\/\/vmsport.fi\/#website","url":"https:\/\/vmsport.fi\/","name":"Vmsport","description":"Allt p\u00e5 ett st\u00e4lle f\u00f6r cykling","publisher":{"@id":"https:\/\/vmsport.fi\/#organization"},"potentialAction":[{"@type":"SearchAction","target":{"@type":"EntryPoint","urlTemplate":"https:\/\/vmsport.fi\/?s={search_term_string}"},"query-input":{"@type":"PropertyValueSpecification","valueRequired":true,"valueName":"search_term_string"}}],"inLanguage":"sv-SE"},{"@type":"Organization","@id":"https:\/\/vmsport.fi\/#organization","name":"Vmsport","url":"https:\/\/vmsport.fi\/","logo":{"@type":"ImageObject","inLanguage":"sv-SE","@id":"https:\/\/vmsport.fi\/#\/schema\/logo\/image\/","url":"https:\/\/vmsport.fi\/wp-content\/uploads\/2024\/12\/vm_sport_RGB_horisontal-e1734526017575.png","contentUrl":"https:\/\/vmsport.fi\/wp-content\/uploads\/2024\/12\/vm_sport_RGB_horisontal-e1734526017575.png","width":668,"height":85,"caption":"Vmsport"},"image":{"@id":"https:\/\/vmsport.fi\/#\/schema\/logo\/image\/"},"sameAs":["https:\/\/www.facebook.com\/Vmsport.fi\/","https:\/\/www.instagram.com\/vmsport\/"]}]}},"global_unique_id":"","_links":{"self":[{"href":"https:\/\/vmsport.fi\/sv\/wp-json\/wp\/v2\/product\/57251","targetHints":{"allow":["GET"]}}],"collection":[{"href":"https:\/\/vmsport.fi\/sv\/wp-json\/wp\/v2\/product"}],"about":[{"href":"https:\/\/vmsport.fi\/sv\/wp-json\/wp\/v2\/types\/product"}],"replies":[{"embeddable":true,"href":"https:\/\/vmsport.fi\/sv\/wp-json\/wp\/v2\/comments?post=57251"}],"wp:featuredmedia":[{"embeddable":true,"href":"https:\/\/vmsport.fi\/sv\/wp-json\/wp\/v2\/media\/57250"}],"wp:attachment":[{"href":"https:\/\/vmsport.fi\/sv\/wp-json\/wp\/v2\/media?parent=57251"}],"wp:term":[{"taxonomy":"product_brand","embeddable":true,"href":"https:\/\/vmsport.fi\/sv\/wp-json\/wp\/v2\/product_brand?post=57251"},{"taxonomy":"product_model","embeddable":true,"href":"https:\/\/vmsport.fi\/sv\/wp-json\/wp\/v2\/product_model?post=57251"},{"taxonomy":"product_cat","embeddable":true,"href":"https:\/\/vmsport.fi\/sv\/wp-json\/wp\/v2\/product_cat?post=57251"},{"taxonomy":"product_tag","embeddable":true,"href":"https:\/\/vmsport.fi\/sv\/wp-json\/wp\/v2\/product_tag?post=57251"},{"taxonomy":"industry_terminology","embeddable":true,"href":"https:\/\/vmsport.fi\/sv\/wp-json\/wp\/v2\/industry-terminology?post=57251"}],"curies":[{"name":"wp","href":"https:\/\/api.w.org\/{rel}","templated":true}]}}