{"id":57247,"date":"2025-03-06T00:30:25","date_gmt":"2025-03-05T22:30:25","guid":{"rendered":"https:\/\/vmsport.fi\/verkkokauppa\/Ei-luokiteltu\/jarrupalasarja-r55c4-br-r8100-ultegra-1-pari\/"},"modified":"2026-01-16T13:22:01","modified_gmt":"2026-01-16T11:22:01","slug":"jarrupalasarja-r55c4-br-r8100-ultegra-1-pari","status":"publish","type":"product","link":"https:\/\/vmsport.fi\/sv\/verkkokauppa\/varaosat\/jarrut\/jarrupalat\/jarrupalasarja-r55c4-br-r8100-ultegra-1-pari\/","title":{"rendered":"Jarrupalasarja R55C4 BR-R8100 Ultegra, 1 pari"},"content":{"rendered":"<p>T\u00e4m\u00e4 Shimano Ultegra R55C4 BR-R8100 -jarrupalasarja on suunniteltu alumiinivanteille, ja se tarjoaa sek\u00e4 kest\u00e4vyytt\u00e4 ett\u00e4 erinomaisen suorituskyvyn. Sarja sis\u00e4lt\u00e4\u00e4 patruunamalliset jarrupalat ja kiinnityspultit, mik\u00e4 tekee asennuksesta vaivatonta. Erityisesti maantiek\u00e4ytt\u00f6\u00f6n suunniteltu seos takaa loistavan jarrutustehon. T\u00e4m\u00e4 jarrupalasarja on yhteensopiva Shimano Ultegra BR-8100 ja BR-8110-RS -jarrusatuloiden kanssa. Se tarjoaa t\u00e4ydellisen vaihtoratkaisun yhdelle jarrusatulalle ja auttaa yll\u00e4pit\u00e4m\u00e4\u00e4n py\u00f6r\u00e4si jarrutusj\u00e4rjestelm\u00e4n huippusuorituskyvyn.<\/p>","protected":false},"excerpt":{"rendered":"<p>T\u00e4m\u00e4 Shimano Ultegra R55C4 BR-R8100 -jarrupalasarja on suunniteltu alumiinivanteille, ja se tarjoaa sek\u00e4 kest\u00e4vyytt\u00e4 ett\u00e4 erinomaisen suorituskyvyn. Sarja sis\u00e4lt\u00e4\u00e4 patruunamalliset jarrupalat ja kiinnityspultit, mik\u00e4 tekee asennuksesta vaivatonta. Erityisesti maantiek\u00e4ytt\u00f6\u00f6n suunniteltu seos takaa loistavan jarrutustehon. T\u00e4m\u00e4 jarrupalasarja on yhteensopiva Shimano Ultegra BR-8100 ja BR-8110-RS -jarrusatuloiden kanssa. Se tarjoaa t\u00e4ydellisen vaihtoratkaisun yhdelle jarrusatulalle ja auttaa yll\u00e4pit\u00e4m\u00e4\u00e4n py\u00f6r\u00e4si [&#8230;]<\/p>\n<p><a class=\"btn btn-secondary understrap-read-more-link\" href=\"https:\/\/vmsport.fi\/sv\/verkkokauppa\/varaosat\/jarrut\/jarrupalat\/jarrupalasarja-r55c4-br-r8100-ultegra-1-pari\/\">L\u00e4s mer \u2026<span class=\"screen-reader-text\"> from Jarrupalasarja R55C4 BR-R8100 Ultegra, 1 pari<\/span><\/a><\/p>\n","protected":false},"featured_media":57246,"comment_status":"open","ping_status":"closed","template":"","meta":{"_acf_changed":false,"_improvement_type_select":"improve_an_existing","_thumb_yes_seoaic":false,"_frame_yes_seoaic":false,"seoaic_generate_description":"","seoaic_improve_instructions_prompt":"","seoaic_rollback_content_improvement":"","seoaic_idea_thumbnail_generator":"","thumbnail_generated":false,"thumbnail_generate_prompt":"","seoaic_article_description":"","_supplier_stock_quantity":0},"product_brand":[],"product_model":[],"product_cat":[9288],"product_tag":[],"industry-terminology":[],"class_list":{"0":"post-57247","1":"product","2":"type-product","3":"status-publish","4":"has-post-thumbnail","6":"product_cat-jarrupalat","8":"first","9":"instock","10":"taxable","11":"shipping-taxable","12":"purchasable","13":"product-type-simple"},"acf":{"bike_features":null,"overview":{"copy_overview":null,"key_features":null,"statement":"","youtube_url":""}},"yoast_head":"<!-- This site is optimized with the Yoast SEO plugin v27.3 - https:\/\/yoast.com\/product\/yoast-seo-wordpress\/ -->\n<title>Jarrupalasarja R55C4 BR-R8100 Ultegra, 1 pari - VM Sport<\/title>\n<meta name=\"robots\" content=\"index, follow, max-snippet:-1, max-image-preview:large, max-video-preview:-1\" \/>\n<link rel=\"canonical\" href=\"https:\/\/vmsport.fi\/sv\/webbutik\/reservdelar\/bromsar\/bromsbelagg\/jarrupalasarja-r55c4-br-r8100-ultegra-1-pari\/\" \/>\n<meta property=\"og:locale\" content=\"sv_SE\" \/>\n<meta property=\"og:type\" content=\"article\" \/>\n<meta property=\"og:title\" content=\"Jarrupalasarja R55C4 BR-R8100 Ultegra, 1 pari - VM Sport\" \/>\n<meta property=\"og:description\" content=\"T\u00e4m\u00e4 Shimano Ultegra R55C4 BR-R8100 -jarrupalasarja on suunniteltu alumiinivanteille, ja se tarjoaa sek\u00e4 kest\u00e4vyytt\u00e4 ett\u00e4 erinomaisen suorituskyvyn. Sarja sis\u00e4lt\u00e4\u00e4 patruunamalliset jarrupalat ja kiinnityspultit, mik\u00e4 tekee asennuksesta vaivatonta. Erityisesti maantiek\u00e4ytt\u00f6\u00f6n suunniteltu seos takaa loistavan jarrutustehon. T\u00e4m\u00e4 jarrupalasarja on yhteensopiva Shimano Ultegra BR-8100 ja BR-8110-RS -jarrusatuloiden kanssa. Se tarjoaa t\u00e4ydellisen vaihtoratkaisun yhdelle jarrusatulalle ja auttaa yll\u00e4pit\u00e4m\u00e4\u00e4n py\u00f6r\u00e4si [...]L\u00e4s mer \u2026 from Jarrupalasarja R55C4 BR-R8100 Ultegra, 1 pari\" \/>\n<meta property=\"og:url\" content=\"https:\/\/vmsport.fi\/sv\/webbutik\/reservdelar\/bromsar\/bromsbelagg\/jarrupalasarja-r55c4-br-r8100-ultegra-1-pari\/\" \/>\n<meta property=\"og:site_name\" content=\"VM Sport\" \/>\n<meta property=\"article:publisher\" content=\"https:\/\/www.facebook.com\/Vmsport.fi\/\" \/>\n<meta property=\"article:modified_time\" content=\"2026-01-16T11:22:01+00:00\" \/>\n<meta property=\"og:image\" content=\"https:\/\/vmsport.fi\/wp-content\/uploads\/2025\/03\/Bxy8X6Q87Md1Z8TctkEas6OrIG1tMZc4DYXuPT4fxoCQfXF6Wu-1.jpg\" \/>\n\t<meta property=\"og:image:width\" content=\"600\" \/>\n\t<meta property=\"og:image:height\" content=\"600\" \/>\n\t<meta property=\"og:image:type\" content=\"image\/jpeg\" \/>\n<meta name=\"twitter:card\" content=\"summary_large_image\" \/>\n<script type=\"application\/ld+json\" class=\"yoast-schema-graph\">{\"@context\":\"https:\\\/\\\/schema.org\",\"@graph\":[{\"@type\":[\"WebPage\",\"ItemPage\"],\"@id\":\"https:\\\/\\\/vmsport.fi\\\/verkkokauppa\\\/varaosat\\\/jarrut\\\/jarrupalat\\\/jarrupalasarja-r55c4-br-r8100-ultegra-1-pari\\\/\",\"url\":\"https:\\\/\\\/vmsport.fi\\\/verkkokauppa\\\/varaosat\\\/jarrut\\\/jarrupalat\\\/jarrupalasarja-r55c4-br-r8100-ultegra-1-pari\\\/\",\"name\":\"Jarrupalasarja R55C4 BR-R8100 Ultegra, 1 pari - VM Sport\",\"isPartOf\":{\"@id\":\"https:\\\/\\\/vmsport.fi\\\/#website\"},\"primaryImageOfPage\":{\"@id\":\"https:\\\/\\\/vmsport.fi\\\/verkkokauppa\\\/varaosat\\\/jarrut\\\/jarrupalat\\\/jarrupalasarja-r55c4-br-r8100-ultegra-1-pari\\\/#primaryimage\"},\"image\":{\"@id\":\"https:\\\/\\\/vmsport.fi\\\/verkkokauppa\\\/varaosat\\\/jarrut\\\/jarrupalat\\\/jarrupalasarja-r55c4-br-r8100-ultegra-1-pari\\\/#primaryimage\"},\"thumbnailUrl\":\"https:\\\/\\\/vmsport.fi\\\/wp-content\\\/uploads\\\/2025\\\/03\\\/Bxy8X6Q87Md1Z8TctkEas6OrIG1tMZc4DYXuPT4fxoCQfXF6Wu-1.jpg\",\"datePublished\":\"2025-03-05T22:30:25+00:00\",\"dateModified\":\"2026-01-16T11:22:01+00:00\",\"breadcrumb\":{\"@id\":\"https:\\\/\\\/vmsport.fi\\\/verkkokauppa\\\/varaosat\\\/jarrut\\\/jarrupalat\\\/jarrupalasarja-r55c4-br-r8100-ultegra-1-pari\\\/#breadcrumb\"},\"inLanguage\":\"sv-SE\",\"potentialAction\":[{\"@type\":\"ReadAction\",\"target\":[\"https:\\\/\\\/vmsport.fi\\\/verkkokauppa\\\/varaosat\\\/jarrut\\\/jarrupalat\\\/jarrupalasarja-r55c4-br-r8100-ultegra-1-pari\\\/\"]}]},{\"@type\":\"ImageObject\",\"inLanguage\":\"sv-SE\",\"@id\":\"https:\\\/\\\/vmsport.fi\\\/verkkokauppa\\\/varaosat\\\/jarrut\\\/jarrupalat\\\/jarrupalasarja-r55c4-br-r8100-ultegra-1-pari\\\/#primaryimage\",\"url\":\"https:\\\/\\\/vmsport.fi\\\/wp-content\\\/uploads\\\/2025\\\/03\\\/Bxy8X6Q87Md1Z8TctkEas6OrIG1tMZc4DYXuPT4fxoCQfXF6Wu-1.jpg\",\"contentUrl\":\"https:\\\/\\\/vmsport.fi\\\/wp-content\\\/uploads\\\/2025\\\/03\\\/Bxy8X6Q87Md1Z8TctkEas6OrIG1tMZc4DYXuPT4fxoCQfXF6Wu-1.jpg\",\"width\":600,\"height\":600,\"caption\":\"Bxy8X6Q87Md1Z8TctkEas6OrIG1tMZc4DYXuPT4fxoCQfXF6Wu\"},{\"@type\":\"BreadcrumbList\",\"@id\":\"https:\\\/\\\/vmsport.fi\\\/verkkokauppa\\\/varaosat\\\/jarrut\\\/jarrupalat\\\/jarrupalasarja-r55c4-br-r8100-ultegra-1-pari\\\/#breadcrumb\",\"itemListElement\":[{\"@type\":\"ListItem\",\"position\":1,\"name\":\"Etusivu\",\"item\":\"https:\\\/\\\/vmsport.fi\\\/\"},{\"@type\":\"ListItem\",\"position\":2,\"name\":\"Online Store\",\"item\":\"https:\\\/\\\/vmsport.fi\\\/en\\\/online-store\\\/\"},{\"@type\":\"ListItem\",\"position\":3,\"name\":\"Jarrupalasarja R55C4 BR-R8100 Ultegra, 1 pari\"}]},{\"@type\":\"WebSite\",\"@id\":\"https:\\\/\\\/vmsport.fi\\\/#website\",\"url\":\"https:\\\/\\\/vmsport.fi\\\/\",\"name\":\"Vmsport\",\"description\":\"Kaikki py\u00f6r\u00e4ilyyn yhdest\u00e4 paikasta\",\"publisher\":{\"@id\":\"https:\\\/\\\/vmsport.fi\\\/#organization\"},\"potentialAction\":[{\"@type\":\"SearchAction\",\"target\":{\"@type\":\"EntryPoint\",\"urlTemplate\":\"https:\\\/\\\/vmsport.fi\\\/?s={search_term_string}\"},\"query-input\":{\"@type\":\"PropertyValueSpecification\",\"valueRequired\":true,\"valueName\":\"search_term_string\"}}],\"inLanguage\":\"sv-SE\"},{\"@type\":\"Organization\",\"@id\":\"https:\\\/\\\/vmsport.fi\\\/#organization\",\"name\":\"Vmsport\",\"url\":\"https:\\\/\\\/vmsport.fi\\\/\",\"logo\":{\"@type\":\"ImageObject\",\"inLanguage\":\"sv-SE\",\"@id\":\"https:\\\/\\\/vmsport.fi\\\/#\\\/schema\\\/logo\\\/image\\\/\",\"url\":\"https:\\\/\\\/vmsport.fi\\\/wp-content\\\/uploads\\\/2024\\\/12\\\/vm_sport_RGB_horisontal-e1734526017575.png\",\"contentUrl\":\"https:\\\/\\\/vmsport.fi\\\/wp-content\\\/uploads\\\/2024\\\/12\\\/vm_sport_RGB_horisontal-e1734526017575.png\",\"width\":668,\"height\":85,\"caption\":\"Vmsport\"},\"image\":{\"@id\":\"https:\\\/\\\/vmsport.fi\\\/#\\\/schema\\\/logo\\\/image\\\/\"},\"sameAs\":[\"https:\\\/\\\/www.facebook.com\\\/Vmsport.fi\\\/\",\"https:\\\/\\\/www.instagram.com\\\/vmsport\\\/\"]}]}<\/script>\n<!-- \/ Yoast SEO plugin. -->","yoast_head_json":{"title":"Jarrupalasarja R55C4 BR-R8100 Ultegra, 1 pari - VM Sport","robots":{"index":"index","follow":"follow","max-snippet":"max-snippet:-1","max-image-preview":"max-image-preview:large","max-video-preview":"max-video-preview:-1"},"canonical":"https:\/\/vmsport.fi\/sv\/webbutik\/reservdelar\/bromsar\/bromsbelagg\/jarrupalasarja-r55c4-br-r8100-ultegra-1-pari\/","og_locale":"sv_SE","og_type":"article","og_title":"Jarrupalasarja R55C4 BR-R8100 Ultegra, 1 pari - VM Sport","og_description":"T\u00e4m\u00e4 Shimano Ultegra R55C4 BR-R8100 -jarrupalasarja on suunniteltu alumiinivanteille, ja se tarjoaa sek\u00e4 kest\u00e4vyytt\u00e4 ett\u00e4 erinomaisen suorituskyvyn. Sarja sis\u00e4lt\u00e4\u00e4 patruunamalliset jarrupalat ja kiinnityspultit, mik\u00e4 tekee asennuksesta vaivatonta. Erityisesti maantiek\u00e4ytt\u00f6\u00f6n suunniteltu seos takaa loistavan jarrutustehon. T\u00e4m\u00e4 jarrupalasarja on yhteensopiva Shimano Ultegra BR-8100 ja BR-8110-RS -jarrusatuloiden kanssa. Se tarjoaa t\u00e4ydellisen vaihtoratkaisun yhdelle jarrusatulalle ja auttaa yll\u00e4pit\u00e4m\u00e4\u00e4n py\u00f6r\u00e4si [...]L\u00e4s mer \u2026 from Jarrupalasarja R55C4 BR-R8100 Ultegra, 1 pari","og_url":"https:\/\/vmsport.fi\/sv\/webbutik\/reservdelar\/bromsar\/bromsbelagg\/jarrupalasarja-r55c4-br-r8100-ultegra-1-pari\/","og_site_name":"VM Sport","article_publisher":"https:\/\/www.facebook.com\/Vmsport.fi\/","article_modified_time":"2026-01-16T11:22:01+00:00","og_image":[{"width":600,"height":600,"url":"https:\/\/vmsport.fi\/wp-content\/uploads\/2025\/03\/Bxy8X6Q87Md1Z8TctkEas6OrIG1tMZc4DYXuPT4fxoCQfXF6Wu-1.jpg","type":"image\/jpeg"}],"twitter_card":"summary_large_image","schema":{"@context":"https:\/\/schema.org","@graph":[{"@type":["WebPage","ItemPage"],"@id":"https:\/\/vmsport.fi\/verkkokauppa\/varaosat\/jarrut\/jarrupalat\/jarrupalasarja-r55c4-br-r8100-ultegra-1-pari\/","url":"https:\/\/vmsport.fi\/verkkokauppa\/varaosat\/jarrut\/jarrupalat\/jarrupalasarja-r55c4-br-r8100-ultegra-1-pari\/","name":"Jarrupalasarja R55C4 BR-R8100 Ultegra, 1 pari - VM Sport","isPartOf":{"@id":"https:\/\/vmsport.fi\/#website"},"primaryImageOfPage":{"@id":"https:\/\/vmsport.fi\/verkkokauppa\/varaosat\/jarrut\/jarrupalat\/jarrupalasarja-r55c4-br-r8100-ultegra-1-pari\/#primaryimage"},"image":{"@id":"https:\/\/vmsport.fi\/verkkokauppa\/varaosat\/jarrut\/jarrupalat\/jarrupalasarja-r55c4-br-r8100-ultegra-1-pari\/#primaryimage"},"thumbnailUrl":"https:\/\/vmsport.fi\/wp-content\/uploads\/2025\/03\/Bxy8X6Q87Md1Z8TctkEas6OrIG1tMZc4DYXuPT4fxoCQfXF6Wu-1.jpg","datePublished":"2025-03-05T22:30:25+00:00","dateModified":"2026-01-16T11:22:01+00:00","breadcrumb":{"@id":"https:\/\/vmsport.fi\/verkkokauppa\/varaosat\/jarrut\/jarrupalat\/jarrupalasarja-r55c4-br-r8100-ultegra-1-pari\/#breadcrumb"},"inLanguage":"sv-SE","potentialAction":[{"@type":"ReadAction","target":["https:\/\/vmsport.fi\/verkkokauppa\/varaosat\/jarrut\/jarrupalat\/jarrupalasarja-r55c4-br-r8100-ultegra-1-pari\/"]}]},{"@type":"ImageObject","inLanguage":"sv-SE","@id":"https:\/\/vmsport.fi\/verkkokauppa\/varaosat\/jarrut\/jarrupalat\/jarrupalasarja-r55c4-br-r8100-ultegra-1-pari\/#primaryimage","url":"https:\/\/vmsport.fi\/wp-content\/uploads\/2025\/03\/Bxy8X6Q87Md1Z8TctkEas6OrIG1tMZc4DYXuPT4fxoCQfXF6Wu-1.jpg","contentUrl":"https:\/\/vmsport.fi\/wp-content\/uploads\/2025\/03\/Bxy8X6Q87Md1Z8TctkEas6OrIG1tMZc4DYXuPT4fxoCQfXF6Wu-1.jpg","width":600,"height":600,"caption":"Bxy8X6Q87Md1Z8TctkEas6OrIG1tMZc4DYXuPT4fxoCQfXF6Wu"},{"@type":"BreadcrumbList","@id":"https:\/\/vmsport.fi\/verkkokauppa\/varaosat\/jarrut\/jarrupalat\/jarrupalasarja-r55c4-br-r8100-ultegra-1-pari\/#breadcrumb","itemListElement":[{"@type":"ListItem","position":1,"name":"Etusivu","item":"https:\/\/vmsport.fi\/"},{"@type":"ListItem","position":2,"name":"Online Store","item":"https:\/\/vmsport.fi\/en\/online-store\/"},{"@type":"ListItem","position":3,"name":"Jarrupalasarja R55C4 BR-R8100 Ultegra, 1 pari"}]},{"@type":"WebSite","@id":"https:\/\/vmsport.fi\/#website","url":"https:\/\/vmsport.fi\/","name":"Vmsport","description":"Allt p\u00e5 ett st\u00e4lle f\u00f6r cykling","publisher":{"@id":"https:\/\/vmsport.fi\/#organization"},"potentialAction":[{"@type":"SearchAction","target":{"@type":"EntryPoint","urlTemplate":"https:\/\/vmsport.fi\/?s={search_term_string}"},"query-input":{"@type":"PropertyValueSpecification","valueRequired":true,"valueName":"search_term_string"}}],"inLanguage":"sv-SE"},{"@type":"Organization","@id":"https:\/\/vmsport.fi\/#organization","name":"Vmsport","url":"https:\/\/vmsport.fi\/","logo":{"@type":"ImageObject","inLanguage":"sv-SE","@id":"https:\/\/vmsport.fi\/#\/schema\/logo\/image\/","url":"https:\/\/vmsport.fi\/wp-content\/uploads\/2024\/12\/vm_sport_RGB_horisontal-e1734526017575.png","contentUrl":"https:\/\/vmsport.fi\/wp-content\/uploads\/2024\/12\/vm_sport_RGB_horisontal-e1734526017575.png","width":668,"height":85,"caption":"Vmsport"},"image":{"@id":"https:\/\/vmsport.fi\/#\/schema\/logo\/image\/"},"sameAs":["https:\/\/www.facebook.com\/Vmsport.fi\/","https:\/\/www.instagram.com\/vmsport\/"]}]}},"global_unique_id":"","_links":{"self":[{"href":"https:\/\/vmsport.fi\/sv\/wp-json\/wp\/v2\/product\/57247","targetHints":{"allow":["GET"]}}],"collection":[{"href":"https:\/\/vmsport.fi\/sv\/wp-json\/wp\/v2\/product"}],"about":[{"href":"https:\/\/vmsport.fi\/sv\/wp-json\/wp\/v2\/types\/product"}],"replies":[{"embeddable":true,"href":"https:\/\/vmsport.fi\/sv\/wp-json\/wp\/v2\/comments?post=57247"}],"wp:featuredmedia":[{"embeddable":true,"href":"https:\/\/vmsport.fi\/sv\/wp-json\/wp\/v2\/media\/57246"}],"wp:attachment":[{"href":"https:\/\/vmsport.fi\/sv\/wp-json\/wp\/v2\/media?parent=57247"}],"wp:term":[{"taxonomy":"product_brand","embeddable":true,"href":"https:\/\/vmsport.fi\/sv\/wp-json\/wp\/v2\/product_brand?post=57247"},{"taxonomy":"product_model","embeddable":true,"href":"https:\/\/vmsport.fi\/sv\/wp-json\/wp\/v2\/product_model?post=57247"},{"taxonomy":"product_cat","embeddable":true,"href":"https:\/\/vmsport.fi\/sv\/wp-json\/wp\/v2\/product_cat?post=57247"},{"taxonomy":"product_tag","embeddable":true,"href":"https:\/\/vmsport.fi\/sv\/wp-json\/wp\/v2\/product_tag?post=57247"},{"taxonomy":"industry_terminology","embeddable":true,"href":"https:\/\/vmsport.fi\/sv\/wp-json\/wp\/v2\/industry-terminology?post=57247"}],"curies":[{"name":"wp","href":"https:\/\/api.w.org\/{rel}","templated":true}]}}