{"id":57245,"date":"2025-03-06T00:30:24","date_gmt":"2025-03-05T22:30:24","guid":{"rendered":"https:\/\/vmsport.fi\/verkkokauppa\/Ei-luokiteltu\/trek-diamant-e-bike-bosch-2-boost-chainring\/"},"modified":"2026-04-22T15:09:42","modified_gmt":"2026-04-22T12:09:42","slug":"trek-diamond-e-bike-bosch-2-boost-kedjehjul","status":"publish","type":"product","link":"https:\/\/vmsport.fi\/sv\/verkkokauppa\/varaosat\/sahkopyorien-osat\/sahkopyorien-osat-sahkopyorien-osat\/trek-diamant-e-bike-bosch-2-boost-chainring\/","title":{"rendered":"Trek-Diamond E-bike Bosch 2 Boost kedjekrans"},"content":{"rendered":"<p>Trek-Diamant E-bike Bosch 2 Boost-kedjehjul \u00e4r speciellt utformat f\u00f6r elcyklar med Bosch Generation 2-system. Dess direktmonterade design m\u00f6jligg\u00f6r enkel och s\u00e4ker installation, vilket g\u00f6r det till en idealisk uppgradering eller reservdel f\u00f6r ditt cykelsystem. Den svarta f\u00e4rgen ger kedjehjulet ett snyggt och modernt utseende. Det h\u00e4r 15-tandade kedjehjulet ger optimal prestanda och h\u00e5llbarhet, vilket g\u00f6r det till det perfekta valet f\u00f6r cyklister som v\u00e4rdes\u00e4tter kvalitet och tillf\u00f6rlitlighet. Varum\u00e4rket Trek kombinerar kvalitet och h\u00e5llbarhet i alla sina komponenter.<\/p>","protected":false},"excerpt":{"rendered":"<p>Trek-Diamant E-bike Bosch 2 Boost -ketjupy\u00f6r\u00e4 on suunniteltu erityisesti Bosch Generation 2 -j\u00e4rjestelm\u00e4ll\u00e4 varustetuille s\u00e4hk\u00f6py\u00f6rille. Sen suorakiinnitys mahdollistaa helpon ja turvallisen asennuksen, tehden siit\u00e4 ihanteellisen p\u00e4ivityksen tai varaosan ajoj\u00e4rjestelm\u00e4\u00e4n. Musta v\u00e4ri antaa ketjupy\u00f6r\u00e4lle tyylikk\u00e4\u00e4n ja modernin ilmeen. T\u00e4m\u00e4 15-hampainen ketjupy\u00f6r\u00e4 takaa optimaalisen suorituskyvyn ja kest\u00e4vyyden, joten se on t\u00e4ydellinen valinta laatua ja luotettavuutta arvostaville py\u00f6r\u00e4ilij\u00f6ille. [&#8230;]<\/p>\n<p><a class=\"btn btn-secondary understrap-read-more-link\" href=\"https:\/\/vmsport.fi\/sv\/verkkokauppa\/varaosat\/sahkopyorien-osat\/sahkopyorien-osat-sahkopyorien-osat\/trek-diamant-e-bike-bosch-2-boost-chainring\/\">L\u00e4s mer \u2026<span class=\"screen-reader-text\"> from Trek-Diamant E-bike Bosch 2 Boost Chainring<\/span><\/a><\/p>\n","protected":false},"featured_media":57244,"comment_status":"open","ping_status":"closed","template":"","meta":{"_acf_changed":false,"_improvement_type_select":"improve_an_existing","_thumb_yes_seoaic":false,"_frame_yes_seoaic":false,"seoaic_generate_description":"","seoaic_improve_instructions_prompt":"","seoaic_rollback_content_improvement":"","seoaic_idea_thumbnail_generator":"","thumbnail_generated":false,"thumbnail_generate_prompt":"","seoaic_article_description":"","_supplier_stock_quantity":0},"product_brand":[37],"product_model":[],"product_cat":[9482,9252],"product_tag":[],"industry-terminology":[],"class_list":{"0":"post-57245","1":"product","2":"type-product","3":"status-publish","4":"has-post-thumbnail","6":"product_brand-trek","7":"product_cat-sahkopyorien-osat-sahkopyorien-osat","8":"product_cat-eturattaat","10":"first","11":"instock","12":"taxable","13":"shipping-taxable","14":"purchasable","15":"product-type-simple"},"acf":{"bike_features":null,"overview":{"copy_overview":null,"key_features":null,"statement":"","youtube_url":""}},"yoast_head":"<!-- This site is optimized with the Yoast SEO plugin v27.4 - https:\/\/yoast.com\/product\/yoast-seo-wordpress\/ -->\n<title>Trek-Diamant E-bike Bosch 2 Boost Chainring - VM Sport<\/title>\n<meta name=\"robots\" content=\"index, follow, max-snippet:-1, max-image-preview:large, max-video-preview:-1\" \/>\n<link rel=\"canonical\" href=\"https:\/\/vmsport.fi\/sv\/webbutik\/reservdelar\/delar-av-sagbockar\/delar-av-sagbock-delar-av-sagbock\/trek-diamond-e-bike-bosch-2-boost-kedjehjul\/\" \/>\n<meta property=\"og:locale\" content=\"sv_SE\" \/>\n<meta property=\"og:type\" content=\"article\" \/>\n<meta property=\"og:title\" content=\"Trek-Diamant E-bike Bosch 2 Boost Chainring - VM Sport\" \/>\n<meta property=\"og:description\" content=\"Trek-Diamant E-bike Bosch 2 Boost -ketjupy\u00f6r\u00e4 on suunniteltu erityisesti Bosch Generation 2 -j\u00e4rjestelm\u00e4ll\u00e4 varustetuille s\u00e4hk\u00f6py\u00f6rille. Sen suorakiinnitys mahdollistaa helpon ja turvallisen asennuksen, tehden siit\u00e4 ihanteellisen p\u00e4ivityksen tai varaosan ajoj\u00e4rjestelm\u00e4\u00e4n. Musta v\u00e4ri antaa ketjupy\u00f6r\u00e4lle tyylikk\u00e4\u00e4n ja modernin ilmeen. T\u00e4m\u00e4 15-hampainen ketjupy\u00f6r\u00e4 takaa optimaalisen suorituskyvyn ja kest\u00e4vyyden, joten se on t\u00e4ydellinen valinta laatua ja luotettavuutta arvostaville py\u00f6r\u00e4ilij\u00f6ille. [...]L\u00e4s mer \u2026 from Trek-Diamant E-bike Bosch 2 Boost Chainring\" \/>\n<meta property=\"og:url\" content=\"https:\/\/vmsport.fi\/sv\/webbutik\/reservdelar\/delar-av-sagbockar\/delar-av-sagbock-delar-av-sagbock\/trek-diamond-e-bike-bosch-2-boost-kedjehjul\/\" \/>\n<meta property=\"og:site_name\" content=\"VM Sport\" \/>\n<meta property=\"article:publisher\" content=\"https:\/\/www.facebook.com\/Vmsport.fi\/\" \/>\n<meta property=\"article:modified_time\" content=\"2026-04-22T12:09:42+00:00\" \/>\n<meta property=\"og:image\" content=\"https:\/\/vmsport.fi\/wp-content\/uploads\/2025\/03\/4tXNwLBUDpH0ny700YNH5tjwYT2uE9AS6QCxa81B5A7bvaEnm9-1.jpg\" \/>\n\t<meta property=\"og:image:width\" content=\"400\" \/>\n\t<meta property=\"og:image:height\" content=\"397\" \/>\n\t<meta property=\"og:image:type\" content=\"image\/jpeg\" \/>\n<meta name=\"twitter:card\" content=\"summary_large_image\" \/>\n<script type=\"application\/ld+json\" class=\"yoast-schema-graph\">{\"@context\":\"https:\\\/\\\/schema.org\",\"@graph\":[{\"@type\":[\"WebPage\",\"ItemPage\"],\"@id\":\"https:\\\/\\\/vmsport.fi\\\/verkkokauppa\\\/varaosat\\\/sahkopyorien-osat\\\/sahkopyorien-osat-sahkopyorien-osat\\\/trek-diamant-e-bike-bosch-2-boost-chainring\\\/\",\"url\":\"https:\\\/\\\/vmsport.fi\\\/verkkokauppa\\\/varaosat\\\/sahkopyorien-osat\\\/sahkopyorien-osat-sahkopyorien-osat\\\/trek-diamant-e-bike-bosch-2-boost-chainring\\\/\",\"name\":\"Trek-Diamant E-bike Bosch 2 Boost Chainring - VM Sport\",\"isPartOf\":{\"@id\":\"https:\\\/\\\/vmsport.fi\\\/#website\"},\"primaryImageOfPage\":{\"@id\":\"https:\\\/\\\/vmsport.fi\\\/verkkokauppa\\\/varaosat\\\/sahkopyorien-osat\\\/sahkopyorien-osat-sahkopyorien-osat\\\/trek-diamant-e-bike-bosch-2-boost-chainring\\\/#primaryimage\"},\"image\":{\"@id\":\"https:\\\/\\\/vmsport.fi\\\/verkkokauppa\\\/varaosat\\\/sahkopyorien-osat\\\/sahkopyorien-osat-sahkopyorien-osat\\\/trek-diamant-e-bike-bosch-2-boost-chainring\\\/#primaryimage\"},\"thumbnailUrl\":\"https:\\\/\\\/vmsport.fi\\\/wp-content\\\/uploads\\\/2025\\\/03\\\/4tXNwLBUDpH0ny700YNH5tjwYT2uE9AS6QCxa81B5A7bvaEnm9-1.jpg\",\"datePublished\":\"2025-03-05T22:30:24+00:00\",\"dateModified\":\"2026-04-22T12:09:42+00:00\",\"breadcrumb\":{\"@id\":\"https:\\\/\\\/vmsport.fi\\\/verkkokauppa\\\/varaosat\\\/sahkopyorien-osat\\\/sahkopyorien-osat-sahkopyorien-osat\\\/trek-diamant-e-bike-bosch-2-boost-chainring\\\/#breadcrumb\"},\"inLanguage\":\"sv-SE\",\"potentialAction\":[{\"@type\":\"ReadAction\",\"target\":[\"https:\\\/\\\/vmsport.fi\\\/verkkokauppa\\\/varaosat\\\/sahkopyorien-osat\\\/sahkopyorien-osat-sahkopyorien-osat\\\/trek-diamant-e-bike-bosch-2-boost-chainring\\\/\"]}]},{\"@type\":\"ImageObject\",\"inLanguage\":\"sv-SE\",\"@id\":\"https:\\\/\\\/vmsport.fi\\\/verkkokauppa\\\/varaosat\\\/sahkopyorien-osat\\\/sahkopyorien-osat-sahkopyorien-osat\\\/trek-diamant-e-bike-bosch-2-boost-chainring\\\/#primaryimage\",\"url\":\"https:\\\/\\\/vmsport.fi\\\/wp-content\\\/uploads\\\/2025\\\/03\\\/4tXNwLBUDpH0ny700YNH5tjwYT2uE9AS6QCxa81B5A7bvaEnm9-1.jpg\",\"contentUrl\":\"https:\\\/\\\/vmsport.fi\\\/wp-content\\\/uploads\\\/2025\\\/03\\\/4tXNwLBUDpH0ny700YNH5tjwYT2uE9AS6QCxa81B5A7bvaEnm9-1.jpg\",\"width\":400,\"height\":397,\"caption\":\"4tXNwLBUDpH0ny700YNH5tjwYT2uE9AS6QCxa81B5A7bvaEnm9\"},{\"@type\":\"BreadcrumbList\",\"@id\":\"https:\\\/\\\/vmsport.fi\\\/verkkokauppa\\\/varaosat\\\/sahkopyorien-osat\\\/sahkopyorien-osat-sahkopyorien-osat\\\/trek-diamant-e-bike-bosch-2-boost-chainring\\\/#breadcrumb\",\"itemListElement\":[{\"@type\":\"ListItem\",\"position\":1,\"name\":\"Etusivu\",\"item\":\"https:\\\/\\\/vmsport.fi\\\/\"},{\"@type\":\"ListItem\",\"position\":2,\"name\":\"Online Store\",\"item\":\"https:\\\/\\\/vmsport.fi\\\/en\\\/online-store\\\/\"},{\"@type\":\"ListItem\",\"position\":3,\"name\":\"Trek polkupy\u00f6r\u00e4t\",\"item\":\"https:\\\/\\\/vmsport.fi\\\/sv\\\/merkki\\\/trek\\\/\"},{\"@type\":\"ListItem\",\"position\":4,\"name\":\"Trek-Diamant E-bike Bosch 2 Boost Chainring\"}]},{\"@type\":\"WebSite\",\"@id\":\"https:\\\/\\\/vmsport.fi\\\/#website\",\"url\":\"https:\\\/\\\/vmsport.fi\\\/\",\"name\":\"Vmsport\",\"description\":\"Kaikki py\u00f6r\u00e4ilyyn yhdest\u00e4 paikasta\",\"publisher\":{\"@id\":\"https:\\\/\\\/vmsport.fi\\\/#organization\"},\"potentialAction\":[{\"@type\":\"SearchAction\",\"target\":{\"@type\":\"EntryPoint\",\"urlTemplate\":\"https:\\\/\\\/vmsport.fi\\\/?s={search_term_string}\"},\"query-input\":{\"@type\":\"PropertyValueSpecification\",\"valueRequired\":true,\"valueName\":\"search_term_string\"}}],\"inLanguage\":\"sv-SE\"},{\"@type\":\"Organization\",\"@id\":\"https:\\\/\\\/vmsport.fi\\\/#organization\",\"name\":\"Vmsport\",\"url\":\"https:\\\/\\\/vmsport.fi\\\/\",\"logo\":{\"@type\":\"ImageObject\",\"inLanguage\":\"sv-SE\",\"@id\":\"https:\\\/\\\/vmsport.fi\\\/#\\\/schema\\\/logo\\\/image\\\/\",\"url\":\"https:\\\/\\\/vmsport.fi\\\/wp-content\\\/uploads\\\/2024\\\/12\\\/vm_sport_RGB_horisontal-e1734526017575.png\",\"contentUrl\":\"https:\\\/\\\/vmsport.fi\\\/wp-content\\\/uploads\\\/2024\\\/12\\\/vm_sport_RGB_horisontal-e1734526017575.png\",\"width\":668,\"height\":85,\"caption\":\"Vmsport\"},\"image\":{\"@id\":\"https:\\\/\\\/vmsport.fi\\\/#\\\/schema\\\/logo\\\/image\\\/\"},\"sameAs\":[\"https:\\\/\\\/www.facebook.com\\\/Vmsport.fi\\\/\",\"https:\\\/\\\/www.instagram.com\\\/vmsport\\\/\"]}]}<\/script>\n<!-- \/ Yoast SEO plugin. -->","yoast_head_json":{"title":"Trek-Diamond E-bike Bosch 2 Boost kedjekrans - VM Sport","robots":{"index":"index","follow":"follow","max-snippet":"max-snippet:-1","max-image-preview":"max-image-preview:large","max-video-preview":"max-video-preview:-1"},"canonical":"https:\/\/vmsport.fi\/sv\/webbutik\/reservdelar\/delar-av-sagbockar\/delar-av-sagbock-delar-av-sagbock\/trek-diamond-e-bike-bosch-2-boost-kedjehjul\/","og_locale":"sv_SE","og_type":"article","og_title":"Trek-Diamant E-bike Bosch 2 Boost Chainring - VM Sport","og_description":"Trek-Diamant E-bike Bosch 2 Boost -ketjupy\u00f6r\u00e4 on suunniteltu erityisesti Bosch Generation 2 -j\u00e4rjestelm\u00e4ll\u00e4 varustetuille s\u00e4hk\u00f6py\u00f6rille. Sen suorakiinnitys mahdollistaa helpon ja turvallisen asennuksen, tehden siit\u00e4 ihanteellisen p\u00e4ivityksen tai varaosan ajoj\u00e4rjestelm\u00e4\u00e4n. Musta v\u00e4ri antaa ketjupy\u00f6r\u00e4lle tyylikk\u00e4\u00e4n ja modernin ilmeen. T\u00e4m\u00e4 15-hampainen ketjupy\u00f6r\u00e4 takaa optimaalisen suorituskyvyn ja kest\u00e4vyyden, joten se on t\u00e4ydellinen valinta laatua ja luotettavuutta arvostaville py\u00f6r\u00e4ilij\u00f6ille. [...]L\u00e4s mer \u2026 from Trek-Diamant E-bike Bosch 2 Boost Chainring","og_url":"https:\/\/vmsport.fi\/sv\/webbutik\/reservdelar\/delar-av-sagbockar\/delar-av-sagbock-delar-av-sagbock\/trek-diamond-e-bike-bosch-2-boost-kedjehjul\/","og_site_name":"VM Sport","article_publisher":"https:\/\/www.facebook.com\/Vmsport.fi\/","article_modified_time":"2026-04-22T12:09:42+00:00","og_image":[{"width":400,"height":397,"url":"https:\/\/vmsport.fi\/wp-content\/uploads\/2025\/03\/4tXNwLBUDpH0ny700YNH5tjwYT2uE9AS6QCxa81B5A7bvaEnm9-1.jpg","type":"image\/jpeg"}],"twitter_card":"summary_large_image","schema":{"@context":"https:\/\/schema.org","@graph":[{"@type":["WebPage","ItemPage"],"@id":"https:\/\/vmsport.fi\/verkkokauppa\/varaosat\/sahkopyorien-osat\/sahkopyorien-osat-sahkopyorien-osat\/trek-diamant-e-bike-bosch-2-boost-chainring\/","url":"https:\/\/vmsport.fi\/verkkokauppa\/varaosat\/sahkopyorien-osat\/sahkopyorien-osat-sahkopyorien-osat\/trek-diamant-e-bike-bosch-2-boost-chainring\/","name":"Trek-Diamond E-bike Bosch 2 Boost kedjekrans - VM Sport","isPartOf":{"@id":"https:\/\/vmsport.fi\/#website"},"primaryImageOfPage":{"@id":"https:\/\/vmsport.fi\/verkkokauppa\/varaosat\/sahkopyorien-osat\/sahkopyorien-osat-sahkopyorien-osat\/trek-diamant-e-bike-bosch-2-boost-chainring\/#primaryimage"},"image":{"@id":"https:\/\/vmsport.fi\/verkkokauppa\/varaosat\/sahkopyorien-osat\/sahkopyorien-osat-sahkopyorien-osat\/trek-diamant-e-bike-bosch-2-boost-chainring\/#primaryimage"},"thumbnailUrl":"https:\/\/vmsport.fi\/wp-content\/uploads\/2025\/03\/4tXNwLBUDpH0ny700YNH5tjwYT2uE9AS6QCxa81B5A7bvaEnm9-1.jpg","datePublished":"2025-03-05T22:30:24+00:00","dateModified":"2026-04-22T12:09:42+00:00","breadcrumb":{"@id":"https:\/\/vmsport.fi\/verkkokauppa\/varaosat\/sahkopyorien-osat\/sahkopyorien-osat-sahkopyorien-osat\/trek-diamant-e-bike-bosch-2-boost-chainring\/#breadcrumb"},"inLanguage":"sv-SE","potentialAction":[{"@type":"ReadAction","target":["https:\/\/vmsport.fi\/verkkokauppa\/varaosat\/sahkopyorien-osat\/sahkopyorien-osat-sahkopyorien-osat\/trek-diamant-e-bike-bosch-2-boost-chainring\/"]}]},{"@type":"ImageObject","inLanguage":"sv-SE","@id":"https:\/\/vmsport.fi\/verkkokauppa\/varaosat\/sahkopyorien-osat\/sahkopyorien-osat-sahkopyorien-osat\/trek-diamant-e-bike-bosch-2-boost-chainring\/#primaryimage","url":"https:\/\/vmsport.fi\/wp-content\/uploads\/2025\/03\/4tXNwLBUDpH0ny700YNH5tjwYT2uE9AS6QCxa81B5A7bvaEnm9-1.jpg","contentUrl":"https:\/\/vmsport.fi\/wp-content\/uploads\/2025\/03\/4tXNwLBUDpH0ny700YNH5tjwYT2uE9AS6QCxa81B5A7bvaEnm9-1.jpg","width":400,"height":397,"caption":"4tXNwLBUDpH0ny700YNH5tjwYT2uE9AS6QCxa81B5A7bvaEnm9"},{"@type":"BreadcrumbList","@id":"https:\/\/vmsport.fi\/verkkokauppa\/varaosat\/sahkopyorien-osat\/sahkopyorien-osat-sahkopyorien-osat\/trek-diamant-e-bike-bosch-2-boost-chainring\/#breadcrumb","itemListElement":[{"@type":"ListItem","position":1,"name":"Etusivu","item":"https:\/\/vmsport.fi\/"},{"@type":"ListItem","position":2,"name":"Online Store","item":"https:\/\/vmsport.fi\/en\/online-store\/"},{"@type":"ListItem","position":3,"name":"Trek polkupy\u00f6r\u00e4t","item":"https:\/\/vmsport.fi\/sv\/merkki\/trek\/"},{"@type":"ListItem","position":4,"name":"Trek-Diamant E-bike Bosch 2 Boost Chainring"}]},{"@type":"WebSite","@id":"https:\/\/vmsport.fi\/#website","url":"https:\/\/vmsport.fi\/","name":"Vmsport","description":"Allt p\u00e5 ett st\u00e4lle f\u00f6r cykling","publisher":{"@id":"https:\/\/vmsport.fi\/#organization"},"potentialAction":[{"@type":"SearchAction","target":{"@type":"EntryPoint","urlTemplate":"https:\/\/vmsport.fi\/?s={search_term_string}"},"query-input":{"@type":"PropertyValueSpecification","valueRequired":true,"valueName":"search_term_string"}}],"inLanguage":"sv-SE"},{"@type":"Organization","@id":"https:\/\/vmsport.fi\/#organization","name":"Vmsport","url":"https:\/\/vmsport.fi\/","logo":{"@type":"ImageObject","inLanguage":"sv-SE","@id":"https:\/\/vmsport.fi\/#\/schema\/logo\/image\/","url":"https:\/\/vmsport.fi\/wp-content\/uploads\/2024\/12\/vm_sport_RGB_horisontal-e1734526017575.png","contentUrl":"https:\/\/vmsport.fi\/wp-content\/uploads\/2024\/12\/vm_sport_RGB_horisontal-e1734526017575.png","width":668,"height":85,"caption":"Vmsport"},"image":{"@id":"https:\/\/vmsport.fi\/#\/schema\/logo\/image\/"},"sameAs":["https:\/\/www.facebook.com\/Vmsport.fi\/","https:\/\/www.instagram.com\/vmsport\/"]}]}},"global_unique_id":"","_links":{"self":[{"href":"https:\/\/vmsport.fi\/sv\/wp-json\/wp\/v2\/product\/57245","targetHints":{"allow":["GET"]}}],"collection":[{"href":"https:\/\/vmsport.fi\/sv\/wp-json\/wp\/v2\/product"}],"about":[{"href":"https:\/\/vmsport.fi\/sv\/wp-json\/wp\/v2\/types\/product"}],"replies":[{"embeddable":true,"href":"https:\/\/vmsport.fi\/sv\/wp-json\/wp\/v2\/comments?post=57245"}],"wp:featuredmedia":[{"embeddable":true,"href":"https:\/\/vmsport.fi\/sv\/wp-json\/wp\/v2\/media\/57244"}],"wp:attachment":[{"href":"https:\/\/vmsport.fi\/sv\/wp-json\/wp\/v2\/media?parent=57245"}],"wp:term":[{"taxonomy":"product_brand","embeddable":true,"href":"https:\/\/vmsport.fi\/sv\/wp-json\/wp\/v2\/product_brand?post=57245"},{"taxonomy":"product_model","embeddable":true,"href":"https:\/\/vmsport.fi\/sv\/wp-json\/wp\/v2\/product_model?post=57245"},{"taxonomy":"product_cat","embeddable":true,"href":"https:\/\/vmsport.fi\/sv\/wp-json\/wp\/v2\/product_cat?post=57245"},{"taxonomy":"product_tag","embeddable":true,"href":"https:\/\/vmsport.fi\/sv\/wp-json\/wp\/v2\/product_tag?post=57245"},{"taxonomy":"industry_terminology","embeddable":true,"href":"https:\/\/vmsport.fi\/sv\/wp-json\/wp\/v2\/industry-terminology?post=57245"}],"curies":[{"name":"wp","href":"https:\/\/api.w.org\/{rel}","templated":true}]}}