{"id":57241,"date":"2025-03-06T00:30:22","date_gmt":"2025-03-05T22:30:22","guid":{"rendered":"https:\/\/vmsport.fi\/verkkokauppa\/Ei-luokiteltu\/kasetti-8-v-11-30-cs-hg41-8-acera\/"},"modified":"2026-01-16T13:21:44","modified_gmt":"2026-01-16T11:21:44","slug":"kassett-8-v-11-30-cs-hg41-8-acera","status":"publish","type":"product","link":"https:\/\/vmsport.fi\/sv\/verkkokauppa\/varaosat\/voimansiirto\/takarattaat\/kasetti-8-v-11-30-cs-hg41-8-acera\/","title":{"rendered":"Kassett 8-v 11-30 CS-HG41-8 Acera"},"content":{"rendered":"<p>Shimano Acera CS-HG41-kassetten \u00e4r utformad f\u00f6r kr\u00e4vande mountainbikecyklister som beh\u00f6ver en tillf\u00f6rlitlig 8-v\u00e4xlad v\u00e4xell\u00e5da. Kassettens kuggstorlekar str\u00e4cker sig fr\u00e5n 11 till 30 t\u00e4nder, vilket ger utm\u00e4rkt v\u00e4xling i m\u00e5nga olika typer av terr\u00e4ng. Den h\u00e4r h\u00f6gkvalitativa komponenten \u00e4r perfekt f\u00f6r cyklar som beh\u00f6ver den h\u00e4r typen av v\u00e4xlingskapacitet och s\u00e4kerst\u00e4ller en smidig och effektiv k\u00f6rupplevelse, vilket g\u00f6r det till ett n\u00f6je att trampa p\u00e5 alla stigar.<\/p>","protected":false},"excerpt":{"rendered":"<p>Shimano Acera CS-HG41 -kasetti on suunniteltu vaativille maastopy\u00f6r\u00e4ilij\u00f6ille, jotka tarvitsevat luotettavan 8-vaihteisen vaihteiston. Kasetin rattaiden koot vaihtelevat 11:sta hampaasta 30:een hampaaseen, mahdollistaen erinomaisen vaihteensiirron monenlaisissa maastoissa. T\u00e4m\u00e4 eritt\u00e4in laadukas osa sopii t\u00e4ydellisesti py\u00f6riin, joissa tarvitaan t\u00e4llaista vaihteen vaihtamisen kapasiteettia, ja se varmistaa sujuvan ja tehokkaan ajokokemuksen, jolloin polkeminen on miellytt\u00e4v\u00e4\u00e4 kaikilla reiteill\u00e4. [&#8230;]<\/p>\n<p><a class=\"btn btn-secondary understrap-read-more-link\" href=\"https:\/\/vmsport.fi\/sv\/verkkokauppa\/varaosat\/voimansiirto\/takarattaat\/kasetti-8-v-11-30-cs-hg41-8-acera\/\">L\u00e4s mer \u2026<span class=\"screen-reader-text\"> from Kasetti 8-v 11-30 CS-HG41-8 Acera<\/span><\/a><\/p>\n","protected":false},"featured_media":57240,"comment_status":"open","ping_status":"closed","template":"","meta":{"_acf_changed":false,"_improvement_type_select":"improve_an_existing","_thumb_yes_seoaic":false,"_frame_yes_seoaic":false,"seoaic_generate_description":"","seoaic_improve_instructions_prompt":"","seoaic_rollback_content_improvement":"","seoaic_idea_thumbnail_generator":"","thumbnail_generated":false,"thumbnail_generate_prompt":"","seoaic_article_description":"","_supplier_stock_quantity":0},"product_brand":[],"product_model":[],"product_cat":[9348],"product_tag":[],"industry-terminology":[],"class_list":{"0":"post-57241","1":"product","2":"type-product","3":"status-publish","4":"has-post-thumbnail","6":"product_cat-takarattaat","8":"first","9":"outofstock","10":"taxable","11":"shipping-taxable","12":"product-type-simple"},"acf":{"bike_features":null,"overview":{"copy_overview":null,"key_features":null,"statement":"","youtube_url":""}},"yoast_head":"<!-- This site is optimized with the Yoast SEO plugin v27.3 - https:\/\/yoast.com\/product\/yoast-seo-wordpress\/ -->\n<title>Kasetti 8-v 11-30 CS-HG41-8 Acera - VM Sport<\/title>\n<meta name=\"robots\" content=\"index, follow, max-snippet:-1, max-image-preview:large, max-video-preview:-1\" \/>\n<link rel=\"canonical\" href=\"https:\/\/vmsport.fi\/sv\/webbutik\/reservdelar\/transmission\/takarattaat\/kassett-8-v-11-30-cs-hg41-8-acera\/\" \/>\n<meta property=\"og:locale\" content=\"sv_SE\" \/>\n<meta property=\"og:type\" content=\"article\" \/>\n<meta property=\"og:title\" content=\"Kasetti 8-v 11-30 CS-HG41-8 Acera - VM Sport\" \/>\n<meta property=\"og:description\" content=\"Shimano Acera CS-HG41 -kasetti on suunniteltu vaativille maastopy\u00f6r\u00e4ilij\u00f6ille, jotka tarvitsevat luotettavan 8-vaihteisen vaihteiston. Kasetin rattaiden koot vaihtelevat 11:sta hampaasta 30:een hampaaseen, mahdollistaen erinomaisen vaihteensiirron monenlaisissa maastoissa. T\u00e4m\u00e4 eritt\u00e4in laadukas osa sopii t\u00e4ydellisesti py\u00f6riin, joissa tarvitaan t\u00e4llaista vaihteen vaihtamisen kapasiteettia, ja se varmistaa sujuvan ja tehokkaan ajokokemuksen, jolloin polkeminen on miellytt\u00e4v\u00e4\u00e4 kaikilla reiteill\u00e4. [...]L\u00e4s mer \u2026 from Kasetti 8-v 11-30 CS-HG41-8 Acera\" \/>\n<meta property=\"og:url\" content=\"https:\/\/vmsport.fi\/sv\/webbutik\/reservdelar\/transmission\/takarattaat\/kassett-8-v-11-30-cs-hg41-8-acera\/\" \/>\n<meta property=\"og:site_name\" content=\"VM Sport\" \/>\n<meta property=\"article:publisher\" content=\"https:\/\/www.facebook.com\/Vmsport.fi\/\" \/>\n<meta property=\"article:modified_time\" content=\"2026-01-16T11:21:44+00:00\" \/>\n<meta property=\"og:image\" content=\"https:\/\/vmsport.fi\/wp-content\/uploads\/2025\/03\/LNiDCFMGSwu6AP4OJA5gDPAxm8478D9p0B5ong6r9f2NVpWbKe-1.jpg\" \/>\n\t<meta property=\"og:image:width\" content=\"600\" \/>\n\t<meta property=\"og:image:height\" content=\"600\" \/>\n\t<meta property=\"og:image:type\" content=\"image\/jpeg\" \/>\n<meta name=\"twitter:card\" content=\"summary_large_image\" \/>\n<script type=\"application\/ld+json\" class=\"yoast-schema-graph\">{\"@context\":\"https:\\\/\\\/schema.org\",\"@graph\":[{\"@type\":[\"WebPage\",\"ItemPage\"],\"@id\":\"https:\\\/\\\/vmsport.fi\\\/verkkokauppa\\\/varaosat\\\/voimansiirto\\\/takarattaat\\\/kasetti-8-v-11-30-cs-hg41-8-acera\\\/\",\"url\":\"https:\\\/\\\/vmsport.fi\\\/verkkokauppa\\\/varaosat\\\/voimansiirto\\\/takarattaat\\\/kasetti-8-v-11-30-cs-hg41-8-acera\\\/\",\"name\":\"Kasetti 8-v 11-30 CS-HG41-8 Acera - VM Sport\",\"isPartOf\":{\"@id\":\"https:\\\/\\\/vmsport.fi\\\/#website\"},\"primaryImageOfPage\":{\"@id\":\"https:\\\/\\\/vmsport.fi\\\/verkkokauppa\\\/varaosat\\\/voimansiirto\\\/takarattaat\\\/kasetti-8-v-11-30-cs-hg41-8-acera\\\/#primaryimage\"},\"image\":{\"@id\":\"https:\\\/\\\/vmsport.fi\\\/verkkokauppa\\\/varaosat\\\/voimansiirto\\\/takarattaat\\\/kasetti-8-v-11-30-cs-hg41-8-acera\\\/#primaryimage\"},\"thumbnailUrl\":\"https:\\\/\\\/vmsport.fi\\\/wp-content\\\/uploads\\\/2025\\\/03\\\/LNiDCFMGSwu6AP4OJA5gDPAxm8478D9p0B5ong6r9f2NVpWbKe-1.jpg\",\"datePublished\":\"2025-03-05T22:30:22+00:00\",\"dateModified\":\"2026-01-16T11:21:44+00:00\",\"breadcrumb\":{\"@id\":\"https:\\\/\\\/vmsport.fi\\\/verkkokauppa\\\/varaosat\\\/voimansiirto\\\/takarattaat\\\/kasetti-8-v-11-30-cs-hg41-8-acera\\\/#breadcrumb\"},\"inLanguage\":\"sv-SE\",\"potentialAction\":[{\"@type\":\"ReadAction\",\"target\":[\"https:\\\/\\\/vmsport.fi\\\/verkkokauppa\\\/varaosat\\\/voimansiirto\\\/takarattaat\\\/kasetti-8-v-11-30-cs-hg41-8-acera\\\/\"]}]},{\"@type\":\"ImageObject\",\"inLanguage\":\"sv-SE\",\"@id\":\"https:\\\/\\\/vmsport.fi\\\/verkkokauppa\\\/varaosat\\\/voimansiirto\\\/takarattaat\\\/kasetti-8-v-11-30-cs-hg41-8-acera\\\/#primaryimage\",\"url\":\"https:\\\/\\\/vmsport.fi\\\/wp-content\\\/uploads\\\/2025\\\/03\\\/LNiDCFMGSwu6AP4OJA5gDPAxm8478D9p0B5ong6r9f2NVpWbKe-1.jpg\",\"contentUrl\":\"https:\\\/\\\/vmsport.fi\\\/wp-content\\\/uploads\\\/2025\\\/03\\\/LNiDCFMGSwu6AP4OJA5gDPAxm8478D9p0B5ong6r9f2NVpWbKe-1.jpg\",\"width\":600,\"height\":600,\"caption\":\"LNiDCFMGSwu6AP4OJA5gDPAxm8478D9p0B5ong6r9f2NVpWbKe\"},{\"@type\":\"BreadcrumbList\",\"@id\":\"https:\\\/\\\/vmsport.fi\\\/verkkokauppa\\\/varaosat\\\/voimansiirto\\\/takarattaat\\\/kasetti-8-v-11-30-cs-hg41-8-acera\\\/#breadcrumb\",\"itemListElement\":[{\"@type\":\"ListItem\",\"position\":1,\"name\":\"Etusivu\",\"item\":\"https:\\\/\\\/vmsport.fi\\\/\"},{\"@type\":\"ListItem\",\"position\":2,\"name\":\"Online Store\",\"item\":\"https:\\\/\\\/vmsport.fi\\\/en\\\/online-store\\\/\"},{\"@type\":\"ListItem\",\"position\":3,\"name\":\"Kasetti 8-v 11-30 CS-HG41-8 Acera\"}]},{\"@type\":\"WebSite\",\"@id\":\"https:\\\/\\\/vmsport.fi\\\/#website\",\"url\":\"https:\\\/\\\/vmsport.fi\\\/\",\"name\":\"Vmsport\",\"description\":\"Kaikki py\u00f6r\u00e4ilyyn yhdest\u00e4 paikasta\",\"publisher\":{\"@id\":\"https:\\\/\\\/vmsport.fi\\\/#organization\"},\"potentialAction\":[{\"@type\":\"SearchAction\",\"target\":{\"@type\":\"EntryPoint\",\"urlTemplate\":\"https:\\\/\\\/vmsport.fi\\\/?s={search_term_string}\"},\"query-input\":{\"@type\":\"PropertyValueSpecification\",\"valueRequired\":true,\"valueName\":\"search_term_string\"}}],\"inLanguage\":\"sv-SE\"},{\"@type\":\"Organization\",\"@id\":\"https:\\\/\\\/vmsport.fi\\\/#organization\",\"name\":\"Vmsport\",\"url\":\"https:\\\/\\\/vmsport.fi\\\/\",\"logo\":{\"@type\":\"ImageObject\",\"inLanguage\":\"sv-SE\",\"@id\":\"https:\\\/\\\/vmsport.fi\\\/#\\\/schema\\\/logo\\\/image\\\/\",\"url\":\"https:\\\/\\\/vmsport.fi\\\/wp-content\\\/uploads\\\/2024\\\/12\\\/vm_sport_RGB_horisontal-e1734526017575.png\",\"contentUrl\":\"https:\\\/\\\/vmsport.fi\\\/wp-content\\\/uploads\\\/2024\\\/12\\\/vm_sport_RGB_horisontal-e1734526017575.png\",\"width\":668,\"height\":85,\"caption\":\"Vmsport\"},\"image\":{\"@id\":\"https:\\\/\\\/vmsport.fi\\\/#\\\/schema\\\/logo\\\/image\\\/\"},\"sameAs\":[\"https:\\\/\\\/www.facebook.com\\\/Vmsport.fi\\\/\",\"https:\\\/\\\/www.instagram.com\\\/vmsport\\\/\"]}]}<\/script>\n<!-- \/ Yoast SEO plugin. -->","yoast_head_json":{"title":"Kassett 8-v 11-30 CS-HG41-8 Acera - VM Sport","robots":{"index":"index","follow":"follow","max-snippet":"max-snippet:-1","max-image-preview":"max-image-preview:large","max-video-preview":"max-video-preview:-1"},"canonical":"https:\/\/vmsport.fi\/sv\/webbutik\/reservdelar\/transmission\/takarattaat\/kassett-8-v-11-30-cs-hg41-8-acera\/","og_locale":"sv_SE","og_type":"article","og_title":"Kasetti 8-v 11-30 CS-HG41-8 Acera - VM Sport","og_description":"Shimano Acera CS-HG41 -kasetti on suunniteltu vaativille maastopy\u00f6r\u00e4ilij\u00f6ille, jotka tarvitsevat luotettavan 8-vaihteisen vaihteiston. Kasetin rattaiden koot vaihtelevat 11:sta hampaasta 30:een hampaaseen, mahdollistaen erinomaisen vaihteensiirron monenlaisissa maastoissa. T\u00e4m\u00e4 eritt\u00e4in laadukas osa sopii t\u00e4ydellisesti py\u00f6riin, joissa tarvitaan t\u00e4llaista vaihteen vaihtamisen kapasiteettia, ja se varmistaa sujuvan ja tehokkaan ajokokemuksen, jolloin polkeminen on miellytt\u00e4v\u00e4\u00e4 kaikilla reiteill\u00e4. [...]L\u00e4s mer \u2026 from Kasetti 8-v 11-30 CS-HG41-8 Acera","og_url":"https:\/\/vmsport.fi\/sv\/webbutik\/reservdelar\/transmission\/takarattaat\/kassett-8-v-11-30-cs-hg41-8-acera\/","og_site_name":"VM Sport","article_publisher":"https:\/\/www.facebook.com\/Vmsport.fi\/","article_modified_time":"2026-01-16T11:21:44+00:00","og_image":[{"width":600,"height":600,"url":"https:\/\/vmsport.fi\/wp-content\/uploads\/2025\/03\/LNiDCFMGSwu6AP4OJA5gDPAxm8478D9p0B5ong6r9f2NVpWbKe-1.jpg","type":"image\/jpeg"}],"twitter_card":"summary_large_image","schema":{"@context":"https:\/\/schema.org","@graph":[{"@type":["WebPage","ItemPage"],"@id":"https:\/\/vmsport.fi\/verkkokauppa\/varaosat\/voimansiirto\/takarattaat\/kasetti-8-v-11-30-cs-hg41-8-acera\/","url":"https:\/\/vmsport.fi\/verkkokauppa\/varaosat\/voimansiirto\/takarattaat\/kasetti-8-v-11-30-cs-hg41-8-acera\/","name":"Kassett 8-v 11-30 CS-HG41-8 Acera - VM Sport","isPartOf":{"@id":"https:\/\/vmsport.fi\/#website"},"primaryImageOfPage":{"@id":"https:\/\/vmsport.fi\/verkkokauppa\/varaosat\/voimansiirto\/takarattaat\/kasetti-8-v-11-30-cs-hg41-8-acera\/#primaryimage"},"image":{"@id":"https:\/\/vmsport.fi\/verkkokauppa\/varaosat\/voimansiirto\/takarattaat\/kasetti-8-v-11-30-cs-hg41-8-acera\/#primaryimage"},"thumbnailUrl":"https:\/\/vmsport.fi\/wp-content\/uploads\/2025\/03\/LNiDCFMGSwu6AP4OJA5gDPAxm8478D9p0B5ong6r9f2NVpWbKe-1.jpg","datePublished":"2025-03-05T22:30:22+00:00","dateModified":"2026-01-16T11:21:44+00:00","breadcrumb":{"@id":"https:\/\/vmsport.fi\/verkkokauppa\/varaosat\/voimansiirto\/takarattaat\/kasetti-8-v-11-30-cs-hg41-8-acera\/#breadcrumb"},"inLanguage":"sv-SE","potentialAction":[{"@type":"ReadAction","target":["https:\/\/vmsport.fi\/verkkokauppa\/varaosat\/voimansiirto\/takarattaat\/kasetti-8-v-11-30-cs-hg41-8-acera\/"]}]},{"@type":"ImageObject","inLanguage":"sv-SE","@id":"https:\/\/vmsport.fi\/verkkokauppa\/varaosat\/voimansiirto\/takarattaat\/kasetti-8-v-11-30-cs-hg41-8-acera\/#primaryimage","url":"https:\/\/vmsport.fi\/wp-content\/uploads\/2025\/03\/LNiDCFMGSwu6AP4OJA5gDPAxm8478D9p0B5ong6r9f2NVpWbKe-1.jpg","contentUrl":"https:\/\/vmsport.fi\/wp-content\/uploads\/2025\/03\/LNiDCFMGSwu6AP4OJA5gDPAxm8478D9p0B5ong6r9f2NVpWbKe-1.jpg","width":600,"height":600,"caption":"LNiDCFMGSwu6AP4OJA5gDPAxm8478D9p0B5ong6r9f2NVpWbKe"},{"@type":"BreadcrumbList","@id":"https:\/\/vmsport.fi\/verkkokauppa\/varaosat\/voimansiirto\/takarattaat\/kasetti-8-v-11-30-cs-hg41-8-acera\/#breadcrumb","itemListElement":[{"@type":"ListItem","position":1,"name":"Etusivu","item":"https:\/\/vmsport.fi\/"},{"@type":"ListItem","position":2,"name":"Online Store","item":"https:\/\/vmsport.fi\/en\/online-store\/"},{"@type":"ListItem","position":3,"name":"Kasetti 8-v 11-30 CS-HG41-8 Acera"}]},{"@type":"WebSite","@id":"https:\/\/vmsport.fi\/#website","url":"https:\/\/vmsport.fi\/","name":"Vmsport","description":"Allt p\u00e5 ett st\u00e4lle f\u00f6r cykling","publisher":{"@id":"https:\/\/vmsport.fi\/#organization"},"potentialAction":[{"@type":"SearchAction","target":{"@type":"EntryPoint","urlTemplate":"https:\/\/vmsport.fi\/?s={search_term_string}"},"query-input":{"@type":"PropertyValueSpecification","valueRequired":true,"valueName":"search_term_string"}}],"inLanguage":"sv-SE"},{"@type":"Organization","@id":"https:\/\/vmsport.fi\/#organization","name":"Vmsport","url":"https:\/\/vmsport.fi\/","logo":{"@type":"ImageObject","inLanguage":"sv-SE","@id":"https:\/\/vmsport.fi\/#\/schema\/logo\/image\/","url":"https:\/\/vmsport.fi\/wp-content\/uploads\/2024\/12\/vm_sport_RGB_horisontal-e1734526017575.png","contentUrl":"https:\/\/vmsport.fi\/wp-content\/uploads\/2024\/12\/vm_sport_RGB_horisontal-e1734526017575.png","width":668,"height":85,"caption":"Vmsport"},"image":{"@id":"https:\/\/vmsport.fi\/#\/schema\/logo\/image\/"},"sameAs":["https:\/\/www.facebook.com\/Vmsport.fi\/","https:\/\/www.instagram.com\/vmsport\/"]}]}},"global_unique_id":"","_links":{"self":[{"href":"https:\/\/vmsport.fi\/sv\/wp-json\/wp\/v2\/product\/57241","targetHints":{"allow":["GET"]}}],"collection":[{"href":"https:\/\/vmsport.fi\/sv\/wp-json\/wp\/v2\/product"}],"about":[{"href":"https:\/\/vmsport.fi\/sv\/wp-json\/wp\/v2\/types\/product"}],"replies":[{"embeddable":true,"href":"https:\/\/vmsport.fi\/sv\/wp-json\/wp\/v2\/comments?post=57241"}],"wp:featuredmedia":[{"embeddable":true,"href":"https:\/\/vmsport.fi\/sv\/wp-json\/wp\/v2\/media\/57240"}],"wp:attachment":[{"href":"https:\/\/vmsport.fi\/sv\/wp-json\/wp\/v2\/media?parent=57241"}],"wp:term":[{"taxonomy":"product_brand","embeddable":true,"href":"https:\/\/vmsport.fi\/sv\/wp-json\/wp\/v2\/product_brand?post=57241"},{"taxonomy":"product_model","embeddable":true,"href":"https:\/\/vmsport.fi\/sv\/wp-json\/wp\/v2\/product_model?post=57241"},{"taxonomy":"product_cat","embeddable":true,"href":"https:\/\/vmsport.fi\/sv\/wp-json\/wp\/v2\/product_cat?post=57241"},{"taxonomy":"product_tag","embeddable":true,"href":"https:\/\/vmsport.fi\/sv\/wp-json\/wp\/v2\/product_tag?post=57241"},{"taxonomy":"industry_terminology","embeddable":true,"href":"https:\/\/vmsport.fi\/sv\/wp-json\/wp\/v2\/industry-terminology?post=57241"}],"curies":[{"name":"wp","href":"https:\/\/api.w.org\/{rel}","templated":true}]}}