{"id":57239,"date":"2025-03-06T00:30:21","date_gmt":"2025-03-05T22:30:21","guid":{"rendered":"https:\/\/vmsport.fi\/verkkokauppa\/Ei-luokiteltu\/bontrager-backrack-deluxe-mik-m-xl-54-62-cm\/"},"modified":"2026-01-16T13:20:58","modified_gmt":"2026-01-16T11:20:58","slug":"bontrager-backrack-deluxe-mik-m-xl-54-62-cm","status":"publish","type":"product","link":"https:\/\/vmsport.fi\/sv\/verkkokauppa\/tarvikkeet\/telineet\/tavaratelineet\/bontrager-backrack-deluxe-mik-m-xl-54-62-cm\/","title":{"rendered":"Bontrager BackRack Deluxe MIK M-XL (54-62 cm)"},"content":{"rendered":"<p>Bontrager BackRack Deluxe MIK \u00e4r utformad som ett cykeltillbeh\u00f6r som kombinerar funktionalitet och h\u00e5llbarhet. MIK-f\u00e4stsystemet g\u00f6r det snabbt och s\u00e4kert att f\u00e4sta v\u00e4skorna, och de kan enkelt tas bort vid behov. Detta paketh\u00e5llare \u00e4r s\u00e4rskilt l\u00e4mpligt f\u00f6r medelstora och stora cyklar fr\u00e5n 54 till 62 cm och \u00e4r kompatibelt med en m\u00e4ngd olika v\u00e4skor, inklusive sidov\u00e4skor, vilket ger m\u00e5ngsidighet f\u00f6r olika transportbehov.<\/p>\n<p>Enkel montering tack vare st\u00f6d med en enda stift som ger maximal justerbarhet. Ett integrerat lampf\u00e4ste f\u00f6rb\u00e4ttrar s\u00e4kerheten och stativet \u00e4r utformat f\u00f6r att fungera s\u00f6ml\u00f6st med andra cykeltillbeh\u00f6r som st\u00e4nksk\u00e4rmar och stativst\u00f6d. Dessutom klarar paketh\u00e5llaren en vikt p\u00e5 upp till 25 kg, vilket g\u00f6r att du kan transportera flera f\u00f6rem\u00e5l, men \u00e4r inte l\u00e4mplig f\u00f6r anv\u00e4ndning med en barnstol. Kompatibilitet med skivbromsar s\u00e4kerst\u00e4ller bredare anv\u00e4ndning med olika hjulmodeller.<\/p>","protected":false},"excerpt":{"rendered":"<p>Bontrager BackRack Deluxe MIK on suunniteltu py\u00f6r\u00e4n lis\u00e4varusteeksi, joka yhdist\u00e4\u00e4 k\u00e4yt\u00e4nn\u00f6llisyyden ja kest\u00e4vyyden. MIK-kiinnitysj\u00e4rjestelm\u00e4n ansiosta laukkujen kiinnitt\u00e4minen on nopeaa ja turvallista, ja ne voidaan helposti irrottaa tarpeen tullen. T\u00e4m\u00e4 teline sopii erityisesti keskikokoisiin ja suuriin py\u00f6riin, jotka ovat kooltaan 54-62 cm, ja se on yhteensopiva erilaisten laukkujen, kuten sivulaukkujen, kanssa, mik\u00e4 tarjoaa monipuolisuutta erilaisiin kuljetustarpeisiin. [&#8230;]<\/p>\n<p><a class=\"btn btn-secondary understrap-read-more-link\" href=\"https:\/\/vmsport.fi\/sv\/verkkokauppa\/tarvikkeet\/telineet\/tavaratelineet\/bontrager-backrack-deluxe-mik-m-xl-54-62-cm\/\">L\u00e4s mer \u2026<span class=\"screen-reader-text\"> from Bontrager BackRack Deluxe MIK M\u2013XL (54\u201362 cm)<\/span><\/a><\/p>\n","protected":false},"featured_media":57237,"comment_status":"open","ping_status":"closed","template":"","meta":{"_acf_changed":false,"_improvement_type_select":"improve_an_existing","_thumb_yes_seoaic":false,"_frame_yes_seoaic":false,"seoaic_generate_description":"","seoaic_improve_instructions_prompt":"","seoaic_rollback_content_improvement":"","seoaic_idea_thumbnail_generator":"","thumbnail_generated":false,"thumbnail_generate_prompt":"","seoaic_article_description":"","_supplier_stock_quantity":0},"product_brand":[],"product_model":[],"product_cat":[9588],"product_tag":[],"industry-terminology":[],"class_list":{"0":"post-57239","1":"product","2":"type-product","3":"status-publish","4":"has-post-thumbnail","6":"product_cat-tavaratelineet","8":"first","9":"outofstock","10":"taxable","11":"shipping-taxable","12":"product-type-simple"},"acf":{"bike_features":null,"overview":{"copy_overview":null,"key_features":null,"statement":"","youtube_url":""}},"yoast_head":"<!-- This site is optimized with the Yoast SEO plugin v27.3 - https:\/\/yoast.com\/product\/yoast-seo-wordpress\/ -->\n<title>Bontrager BackRack Deluxe MIK M\u2013XL (54\u201362 cm) - VM Sport<\/title>\n<meta name=\"robots\" content=\"index, follow, max-snippet:-1, max-image-preview:large, max-video-preview:-1\" \/>\n<link rel=\"canonical\" href=\"https:\/\/vmsport.fi\/sv\/webbutik\/tillbehor\/byggnadsstallningar\/bagagehyllor\/bontrager-backrack-deluxe-mik-m-xl-54-62-cm\/\" \/>\n<meta property=\"og:locale\" content=\"sv_SE\" \/>\n<meta property=\"og:type\" content=\"article\" \/>\n<meta property=\"og:title\" content=\"Bontrager BackRack Deluxe MIK M\u2013XL (54\u201362 cm) - VM Sport\" \/>\n<meta property=\"og:description\" content=\"Bontrager BackRack Deluxe MIK on suunniteltu py\u00f6r\u00e4n lis\u00e4varusteeksi, joka yhdist\u00e4\u00e4 k\u00e4yt\u00e4nn\u00f6llisyyden ja kest\u00e4vyyden. MIK-kiinnitysj\u00e4rjestelm\u00e4n ansiosta laukkujen kiinnitt\u00e4minen on nopeaa ja turvallista, ja ne voidaan helposti irrottaa tarpeen tullen. T\u00e4m\u00e4 teline sopii erityisesti keskikokoisiin ja suuriin py\u00f6riin, jotka ovat kooltaan 54-62 cm, ja se on yhteensopiva erilaisten laukkujen, kuten sivulaukkujen, kanssa, mik\u00e4 tarjoaa monipuolisuutta erilaisiin kuljetustarpeisiin. [...]L\u00e4s mer \u2026 from Bontrager BackRack Deluxe MIK M\u2013XL (54\u201362 cm)\" \/>\n<meta property=\"og:url\" content=\"https:\/\/vmsport.fi\/sv\/webbutik\/tillbehor\/byggnadsstallningar\/bagagehyllor\/bontrager-backrack-deluxe-mik-m-xl-54-62-cm\/\" \/>\n<meta property=\"og:site_name\" content=\"VM Sport\" \/>\n<meta property=\"article:publisher\" content=\"https:\/\/www.facebook.com\/Vmsport.fi\/\" \/>\n<meta property=\"article:modified_time\" content=\"2026-01-16T11:20:58+00:00\" \/>\n<meta property=\"og:image\" content=\"https:\/\/vmsport.fi\/wp-content\/uploads\/2025\/03\/BontragerBackRackDeluxeLargeMIK-27228-A-Primary-1.jpg\" \/>\n\t<meta property=\"og:image:width\" content=\"1000\" \/>\n\t<meta property=\"og:image:height\" content=\"750\" \/>\n\t<meta property=\"og:image:type\" content=\"image\/jpeg\" \/>\n<meta name=\"twitter:card\" content=\"summary_large_image\" \/>\n<meta name=\"twitter:label1\" content=\"Ber\u00e4knad l\u00e4stid\" \/>\n\t<meta name=\"twitter:data1\" content=\"1 minut\" \/>\n<script type=\"application\/ld+json\" class=\"yoast-schema-graph\">{\"@context\":\"https:\\\/\\\/schema.org\",\"@graph\":[{\"@type\":[\"WebPage\",\"ItemPage\"],\"@id\":\"https:\\\/\\\/vmsport.fi\\\/verkkokauppa\\\/tarvikkeet\\\/telineet\\\/tavaratelineet\\\/bontrager-backrack-deluxe-mik-m-xl-54-62-cm\\\/\",\"url\":\"https:\\\/\\\/vmsport.fi\\\/verkkokauppa\\\/tarvikkeet\\\/telineet\\\/tavaratelineet\\\/bontrager-backrack-deluxe-mik-m-xl-54-62-cm\\\/\",\"name\":\"Bontrager BackRack Deluxe MIK M\u2013XL (54\u201362 cm) - VM Sport\",\"isPartOf\":{\"@id\":\"https:\\\/\\\/vmsport.fi\\\/#website\"},\"primaryImageOfPage\":{\"@id\":\"https:\\\/\\\/vmsport.fi\\\/verkkokauppa\\\/tarvikkeet\\\/telineet\\\/tavaratelineet\\\/bontrager-backrack-deluxe-mik-m-xl-54-62-cm\\\/#primaryimage\"},\"image\":{\"@id\":\"https:\\\/\\\/vmsport.fi\\\/verkkokauppa\\\/tarvikkeet\\\/telineet\\\/tavaratelineet\\\/bontrager-backrack-deluxe-mik-m-xl-54-62-cm\\\/#primaryimage\"},\"thumbnailUrl\":\"https:\\\/\\\/vmsport.fi\\\/wp-content\\\/uploads\\\/2025\\\/03\\\/BontragerBackRackDeluxeLargeMIK-27228-A-Primary-1.jpg\",\"datePublished\":\"2025-03-05T22:30:21+00:00\",\"dateModified\":\"2026-01-16T11:20:58+00:00\",\"breadcrumb\":{\"@id\":\"https:\\\/\\\/vmsport.fi\\\/verkkokauppa\\\/tarvikkeet\\\/telineet\\\/tavaratelineet\\\/bontrager-backrack-deluxe-mik-m-xl-54-62-cm\\\/#breadcrumb\"},\"inLanguage\":\"sv-SE\",\"potentialAction\":[{\"@type\":\"ReadAction\",\"target\":[\"https:\\\/\\\/vmsport.fi\\\/verkkokauppa\\\/tarvikkeet\\\/telineet\\\/tavaratelineet\\\/bontrager-backrack-deluxe-mik-m-xl-54-62-cm\\\/\"]}]},{\"@type\":\"ImageObject\",\"inLanguage\":\"sv-SE\",\"@id\":\"https:\\\/\\\/vmsport.fi\\\/verkkokauppa\\\/tarvikkeet\\\/telineet\\\/tavaratelineet\\\/bontrager-backrack-deluxe-mik-m-xl-54-62-cm\\\/#primaryimage\",\"url\":\"https:\\\/\\\/vmsport.fi\\\/wp-content\\\/uploads\\\/2025\\\/03\\\/BontragerBackRackDeluxeLargeMIK-27228-A-Primary-1.jpg\",\"contentUrl\":\"https:\\\/\\\/vmsport.fi\\\/wp-content\\\/uploads\\\/2025\\\/03\\\/BontragerBackRackDeluxeLargeMIK-27228-A-Primary-1.jpg\",\"width\":1000,\"height\":750,\"caption\":\"BontragerBackRackDeluxeLargeMIK-27228-A-Primary\"},{\"@type\":\"BreadcrumbList\",\"@id\":\"https:\\\/\\\/vmsport.fi\\\/verkkokauppa\\\/tarvikkeet\\\/telineet\\\/tavaratelineet\\\/bontrager-backrack-deluxe-mik-m-xl-54-62-cm\\\/#breadcrumb\",\"itemListElement\":[{\"@type\":\"ListItem\",\"position\":1,\"name\":\"Etusivu\",\"item\":\"https:\\\/\\\/vmsport.fi\\\/\"},{\"@type\":\"ListItem\",\"position\":2,\"name\":\"Online Store\",\"item\":\"https:\\\/\\\/vmsport.fi\\\/en\\\/online-store\\\/\"},{\"@type\":\"ListItem\",\"position\":3,\"name\":\"Bontrager BackRack Deluxe MIK M\u2013XL (54\u201362 cm)\"}]},{\"@type\":\"WebSite\",\"@id\":\"https:\\\/\\\/vmsport.fi\\\/#website\",\"url\":\"https:\\\/\\\/vmsport.fi\\\/\",\"name\":\"Vmsport\",\"description\":\"Kaikki py\u00f6r\u00e4ilyyn yhdest\u00e4 paikasta\",\"publisher\":{\"@id\":\"https:\\\/\\\/vmsport.fi\\\/#organization\"},\"potentialAction\":[{\"@type\":\"SearchAction\",\"target\":{\"@type\":\"EntryPoint\",\"urlTemplate\":\"https:\\\/\\\/vmsport.fi\\\/?s={search_term_string}\"},\"query-input\":{\"@type\":\"PropertyValueSpecification\",\"valueRequired\":true,\"valueName\":\"search_term_string\"}}],\"inLanguage\":\"sv-SE\"},{\"@type\":\"Organization\",\"@id\":\"https:\\\/\\\/vmsport.fi\\\/#organization\",\"name\":\"Vmsport\",\"url\":\"https:\\\/\\\/vmsport.fi\\\/\",\"logo\":{\"@type\":\"ImageObject\",\"inLanguage\":\"sv-SE\",\"@id\":\"https:\\\/\\\/vmsport.fi\\\/#\\\/schema\\\/logo\\\/image\\\/\",\"url\":\"https:\\\/\\\/vmsport.fi\\\/wp-content\\\/uploads\\\/2024\\\/12\\\/vm_sport_RGB_horisontal-e1734526017575.png\",\"contentUrl\":\"https:\\\/\\\/vmsport.fi\\\/wp-content\\\/uploads\\\/2024\\\/12\\\/vm_sport_RGB_horisontal-e1734526017575.png\",\"width\":668,\"height\":85,\"caption\":\"Vmsport\"},\"image\":{\"@id\":\"https:\\\/\\\/vmsport.fi\\\/#\\\/schema\\\/logo\\\/image\\\/\"},\"sameAs\":[\"https:\\\/\\\/www.facebook.com\\\/Vmsport.fi\\\/\",\"https:\\\/\\\/www.instagram.com\\\/vmsport\\\/\"]}]}<\/script>\n<!-- \/ Yoast SEO plugin. -->","yoast_head_json":{"title":"Bontrager BackRack Deluxe MIK M-XL (54-62 cm) - VM Sport","robots":{"index":"index","follow":"follow","max-snippet":"max-snippet:-1","max-image-preview":"max-image-preview:large","max-video-preview":"max-video-preview:-1"},"canonical":"https:\/\/vmsport.fi\/sv\/webbutik\/tillbehor\/byggnadsstallningar\/bagagehyllor\/bontrager-backrack-deluxe-mik-m-xl-54-62-cm\/","og_locale":"sv_SE","og_type":"article","og_title":"Bontrager BackRack Deluxe MIK M\u2013XL (54\u201362 cm) - VM Sport","og_description":"Bontrager BackRack Deluxe MIK on suunniteltu py\u00f6r\u00e4n lis\u00e4varusteeksi, joka yhdist\u00e4\u00e4 k\u00e4yt\u00e4nn\u00f6llisyyden ja kest\u00e4vyyden. MIK-kiinnitysj\u00e4rjestelm\u00e4n ansiosta laukkujen kiinnitt\u00e4minen on nopeaa ja turvallista, ja ne voidaan helposti irrottaa tarpeen tullen. T\u00e4m\u00e4 teline sopii erityisesti keskikokoisiin ja suuriin py\u00f6riin, jotka ovat kooltaan 54-62 cm, ja se on yhteensopiva erilaisten laukkujen, kuten sivulaukkujen, kanssa, mik\u00e4 tarjoaa monipuolisuutta erilaisiin kuljetustarpeisiin. [...]L\u00e4s mer \u2026 from Bontrager BackRack Deluxe MIK M\u2013XL (54\u201362 cm)","og_url":"https:\/\/vmsport.fi\/sv\/webbutik\/tillbehor\/byggnadsstallningar\/bagagehyllor\/bontrager-backrack-deluxe-mik-m-xl-54-62-cm\/","og_site_name":"VM Sport","article_publisher":"https:\/\/www.facebook.com\/Vmsport.fi\/","article_modified_time":"2026-01-16T11:20:58+00:00","og_image":[{"width":1000,"height":750,"url":"https:\/\/vmsport.fi\/wp-content\/uploads\/2025\/03\/BontragerBackRackDeluxeLargeMIK-27228-A-Primary-1.jpg","type":"image\/jpeg"}],"twitter_card":"summary_large_image","twitter_misc":{"Ber\u00e4knad l\u00e4stid":"1 minut"},"schema":{"@context":"https:\/\/schema.org","@graph":[{"@type":["WebPage","ItemPage"],"@id":"https:\/\/vmsport.fi\/verkkokauppa\/tarvikkeet\/telineet\/tavaratelineet\/bontrager-backrack-deluxe-mik-m-xl-54-62-cm\/","url":"https:\/\/vmsport.fi\/verkkokauppa\/tarvikkeet\/telineet\/tavaratelineet\/bontrager-backrack-deluxe-mik-m-xl-54-62-cm\/","name":"Bontrager BackRack Deluxe MIK M-XL (54-62 cm) - VM Sport","isPartOf":{"@id":"https:\/\/vmsport.fi\/#website"},"primaryImageOfPage":{"@id":"https:\/\/vmsport.fi\/verkkokauppa\/tarvikkeet\/telineet\/tavaratelineet\/bontrager-backrack-deluxe-mik-m-xl-54-62-cm\/#primaryimage"},"image":{"@id":"https:\/\/vmsport.fi\/verkkokauppa\/tarvikkeet\/telineet\/tavaratelineet\/bontrager-backrack-deluxe-mik-m-xl-54-62-cm\/#primaryimage"},"thumbnailUrl":"https:\/\/vmsport.fi\/wp-content\/uploads\/2025\/03\/BontragerBackRackDeluxeLargeMIK-27228-A-Primary-1.jpg","datePublished":"2025-03-05T22:30:21+00:00","dateModified":"2026-01-16T11:20:58+00:00","breadcrumb":{"@id":"https:\/\/vmsport.fi\/verkkokauppa\/tarvikkeet\/telineet\/tavaratelineet\/bontrager-backrack-deluxe-mik-m-xl-54-62-cm\/#breadcrumb"},"inLanguage":"sv-SE","potentialAction":[{"@type":"ReadAction","target":["https:\/\/vmsport.fi\/verkkokauppa\/tarvikkeet\/telineet\/tavaratelineet\/bontrager-backrack-deluxe-mik-m-xl-54-62-cm\/"]}]},{"@type":"ImageObject","inLanguage":"sv-SE","@id":"https:\/\/vmsport.fi\/verkkokauppa\/tarvikkeet\/telineet\/tavaratelineet\/bontrager-backrack-deluxe-mik-m-xl-54-62-cm\/#primaryimage","url":"https:\/\/vmsport.fi\/wp-content\/uploads\/2025\/03\/BontragerBackRackDeluxeLargeMIK-27228-A-Primary-1.jpg","contentUrl":"https:\/\/vmsport.fi\/wp-content\/uploads\/2025\/03\/BontragerBackRackDeluxeLargeMIK-27228-A-Primary-1.jpg","width":1000,"height":750,"caption":"BontragerBackRackDeluxeLargeMIK-27228-A-Primary"},{"@type":"BreadcrumbList","@id":"https:\/\/vmsport.fi\/verkkokauppa\/tarvikkeet\/telineet\/tavaratelineet\/bontrager-backrack-deluxe-mik-m-xl-54-62-cm\/#breadcrumb","itemListElement":[{"@type":"ListItem","position":1,"name":"Etusivu","item":"https:\/\/vmsport.fi\/"},{"@type":"ListItem","position":2,"name":"Online Store","item":"https:\/\/vmsport.fi\/en\/online-store\/"},{"@type":"ListItem","position":3,"name":"Bontrager BackRack Deluxe MIK M\u2013XL (54\u201362 cm)"}]},{"@type":"WebSite","@id":"https:\/\/vmsport.fi\/#website","url":"https:\/\/vmsport.fi\/","name":"Vmsport","description":"Allt p\u00e5 ett st\u00e4lle f\u00f6r cykling","publisher":{"@id":"https:\/\/vmsport.fi\/#organization"},"potentialAction":[{"@type":"SearchAction","target":{"@type":"EntryPoint","urlTemplate":"https:\/\/vmsport.fi\/?s={search_term_string}"},"query-input":{"@type":"PropertyValueSpecification","valueRequired":true,"valueName":"search_term_string"}}],"inLanguage":"sv-SE"},{"@type":"Organization","@id":"https:\/\/vmsport.fi\/#organization","name":"Vmsport","url":"https:\/\/vmsport.fi\/","logo":{"@type":"ImageObject","inLanguage":"sv-SE","@id":"https:\/\/vmsport.fi\/#\/schema\/logo\/image\/","url":"https:\/\/vmsport.fi\/wp-content\/uploads\/2024\/12\/vm_sport_RGB_horisontal-e1734526017575.png","contentUrl":"https:\/\/vmsport.fi\/wp-content\/uploads\/2024\/12\/vm_sport_RGB_horisontal-e1734526017575.png","width":668,"height":85,"caption":"Vmsport"},"image":{"@id":"https:\/\/vmsport.fi\/#\/schema\/logo\/image\/"},"sameAs":["https:\/\/www.facebook.com\/Vmsport.fi\/","https:\/\/www.instagram.com\/vmsport\/"]}]}},"global_unique_id":"","_links":{"self":[{"href":"https:\/\/vmsport.fi\/sv\/wp-json\/wp\/v2\/product\/57239","targetHints":{"allow":["GET"]}}],"collection":[{"href":"https:\/\/vmsport.fi\/sv\/wp-json\/wp\/v2\/product"}],"about":[{"href":"https:\/\/vmsport.fi\/sv\/wp-json\/wp\/v2\/types\/product"}],"replies":[{"embeddable":true,"href":"https:\/\/vmsport.fi\/sv\/wp-json\/wp\/v2\/comments?post=57239"}],"wp:featuredmedia":[{"embeddable":true,"href":"https:\/\/vmsport.fi\/sv\/wp-json\/wp\/v2\/media\/57237"}],"wp:attachment":[{"href":"https:\/\/vmsport.fi\/sv\/wp-json\/wp\/v2\/media?parent=57239"}],"wp:term":[{"taxonomy":"product_brand","embeddable":true,"href":"https:\/\/vmsport.fi\/sv\/wp-json\/wp\/v2\/product_brand?post=57239"},{"taxonomy":"product_model","embeddable":true,"href":"https:\/\/vmsport.fi\/sv\/wp-json\/wp\/v2\/product_model?post=57239"},{"taxonomy":"product_cat","embeddable":true,"href":"https:\/\/vmsport.fi\/sv\/wp-json\/wp\/v2\/product_cat?post=57239"},{"taxonomy":"product_tag","embeddable":true,"href":"https:\/\/vmsport.fi\/sv\/wp-json\/wp\/v2\/product_tag?post=57239"},{"taxonomy":"industry_terminology","embeddable":true,"href":"https:\/\/vmsport.fi\/sv\/wp-json\/wp\/v2\/industry-terminology?post=57239"}],"curies":[{"name":"wp","href":"https:\/\/api.w.org\/{rel}","templated":true}]}}