{"id":57236,"date":"2025-03-06T00:30:19","date_gmt":"2025-03-05T22:30:19","guid":{"rendered":"https:\/\/vmsport.fi\/verkkokauppa\/Ei-luokiteltu\/sram-shift-cable-road-2200mm-1-1mm\/"},"modified":"2026-03-27T02:00:26","modified_gmt":"2026-03-27T00:00:26","slug":"sram-vaxlingskabel-vag-2200mm-1-1mm","status":"publish","type":"product","link":"https:\/\/vmsport.fi\/sv\/verkkokauppa\/varaosat\/vaihteistot\/sram-shift-cable-road-2200mm-1-1mm\/","title":{"rendered":"Sram v\u00e4xlingskabel - v\u00e4g 2200mm 1,1mm"},"content":{"rendered":"<p>Med en l\u00e4ngd p\u00e5 2200 mm och en diameter p\u00e5 1,1 mm \u00e4r Sram-v\u00e4xelvajern utformad f\u00f6r att uppfylla behoven f\u00f6r b\u00e5de landsv\u00e4gs- och mountainbikecykling. Den \u00e4r kompatibel med b\u00e5de v\u00e4nster och h\u00f6ger v\u00e4xelspak och ger anv\u00e4ndaren flexibilitet. Vajern i rostfritt st\u00e5l \u00e4r polerad f\u00f6r h\u00e5llbarhet och smidiga v\u00e4xlingar. Den silverf\u00e4rgade vajern sm\u00e4lter subtilt in i olika hjul och vajern \u00e4r optimerad f\u00f6r exakta v\u00e4xlingar. Detta g\u00f6r den till ett v\u00e4rdefullt tillskott f\u00f6r alla cyklister som vill s\u00e4kerst\u00e4lla att deras v\u00e4xlar fungerar effektivt.<\/p>","protected":false},"excerpt":{"rendered":"<p>Sramin vaihdevaijeri, jonka pituus on 2200 mm ja halkaisija 1,1 mm, on suunniteltu t\u00e4ytt\u00e4m\u00e4\u00e4n sek\u00e4 maantie- ett\u00e4 maastopy\u00f6r\u00e4ilyn tarpeet. Sen yhteensopivuus sek\u00e4 vasemman ett\u00e4 oikean vaihdevivun kanssa tarjoaa k\u00e4ytt\u00e4j\u00e4lle joustavuutta. Ruostumattomasta ter\u00e4ksest\u00e4 valmistettu vaijeri on kiillotettu, mik\u00e4 varmistaa kest\u00e4vyyden ja sujuvan vaihteiden vaihtamisen. Sen hopeinen v\u00e4ri sulautuu hienovaraisesti erilaisten py\u00f6rien ulkoasuun, ja vaijeri on optimoitu [&#8230;]<\/p>\n<p><a class=\"btn btn-secondary understrap-read-more-link\" href=\"https:\/\/vmsport.fi\/sv\/verkkokauppa\/varaosat\/vaihteistot\/sram-shift-cable-road-2200mm-1-1mm\/\">L\u00e4s mer \u2026<span class=\"screen-reader-text\"> from Sram Shift Cable &#8211; Road 2200mm 1.1mm<\/span><\/a><\/p>\n","protected":false},"featured_media":57234,"comment_status":"open","ping_status":"closed","template":"","meta":{"_acf_changed":false,"_improvement_type_select":"improve_an_existing","_thumb_yes_seoaic":false,"_frame_yes_seoaic":false,"seoaic_generate_description":"","seoaic_improve_instructions_prompt":"","seoaic_rollback_content_improvement":"","seoaic_idea_thumbnail_generator":"","thumbnail_generated":false,"thumbnail_generate_prompt":"","seoaic_article_description":"","_supplier_stock_quantity":0},"product_brand":[1588],"product_model":[],"product_cat":[9316],"product_tag":[],"industry-terminology":[],"class_list":{"0":"post-57236","1":"product","2":"type-product","3":"status-publish","4":"has-post-thumbnail","6":"product_brand-sram","7":"product_cat-vaihteistot","9":"first","10":"outofstock","11":"taxable","12":"shipping-taxable","13":"product-type-simple"},"acf":{"bike_features":null,"overview":{"copy_overview":null,"key_features":null,"statement":"","youtube_url":""}},"yoast_head":"<!-- This site is optimized with the Yoast SEO plugin v27.3 - https:\/\/yoast.com\/product\/yoast-seo-wordpress\/ -->\n<title>Sram Shift Cable - Road 2200mm 1.1mm - VM Sport<\/title>\n<meta name=\"robots\" content=\"index, follow, max-snippet:-1, max-image-preview:large, max-video-preview:-1\" \/>\n<link rel=\"canonical\" href=\"https:\/\/vmsport.fi\/sv\/webbutik\/reservdelar\/vaxellador\/sram-vaxlingskabel-vag-2200mm-1-1mm\/\" \/>\n<meta property=\"og:locale\" content=\"sv_SE\" \/>\n<meta property=\"og:type\" content=\"article\" \/>\n<meta property=\"og:title\" content=\"Sram Shift Cable - Road 2200mm 1.1mm - VM Sport\" \/>\n<meta property=\"og:description\" content=\"Sramin vaihdevaijeri, jonka pituus on 2200 mm ja halkaisija 1,1 mm, on suunniteltu t\u00e4ytt\u00e4m\u00e4\u00e4n sek\u00e4 maantie- ett\u00e4 maastopy\u00f6r\u00e4ilyn tarpeet. Sen yhteensopivuus sek\u00e4 vasemman ett\u00e4 oikean vaihdevivun kanssa tarjoaa k\u00e4ytt\u00e4j\u00e4lle joustavuutta. Ruostumattomasta ter\u00e4ksest\u00e4 valmistettu vaijeri on kiillotettu, mik\u00e4 varmistaa kest\u00e4vyyden ja sujuvan vaihteiden vaihtamisen. Sen hopeinen v\u00e4ri sulautuu hienovaraisesti erilaisten py\u00f6rien ulkoasuun, ja vaijeri on optimoitu [...]L\u00e4s mer \u2026 from Sram Shift Cable &#8211; Road 2200mm 1.1mm\" \/>\n<meta property=\"og:url\" content=\"https:\/\/vmsport.fi\/sv\/webbutik\/reservdelar\/vaxellador\/sram-vaxlingskabel-vag-2200mm-1-1mm\/\" \/>\n<meta property=\"og:site_name\" content=\"VM Sport\" \/>\n<meta property=\"article:publisher\" content=\"https:\/\/www.facebook.com\/Vmsport.fi\/\" \/>\n<meta property=\"article:modified_time\" content=\"2026-03-27T00:00:26+00:00\" \/>\n<meta property=\"og:image\" content=\"https:\/\/vmsport.fi\/wp-content\/uploads\/2025\/03\/3fa6d7d7-77b6-4328-938e-98b0269a118e-1.jpg\" \/>\n\t<meta property=\"og:image:width\" content=\"350\" \/>\n\t<meta property=\"og:image:height\" content=\"350\" \/>\n\t<meta property=\"og:image:type\" content=\"image\/jpeg\" \/>\n<meta name=\"twitter:card\" content=\"summary_large_image\" \/>\n<script type=\"application\/ld+json\" class=\"yoast-schema-graph\">{\"@context\":\"https:\\\/\\\/schema.org\",\"@graph\":[{\"@type\":[\"WebPage\",\"ItemPage\"],\"@id\":\"https:\\\/\\\/vmsport.fi\\\/verkkokauppa\\\/varaosat\\\/vaihteistot\\\/sram-shift-cable-road-2200mm-1-1mm\\\/\",\"url\":\"https:\\\/\\\/vmsport.fi\\\/verkkokauppa\\\/varaosat\\\/vaihteistot\\\/sram-shift-cable-road-2200mm-1-1mm\\\/\",\"name\":\"Sram Shift Cable - Road 2200mm 1.1mm - VM Sport\",\"isPartOf\":{\"@id\":\"https:\\\/\\\/vmsport.fi\\\/#website\"},\"primaryImageOfPage\":{\"@id\":\"https:\\\/\\\/vmsport.fi\\\/verkkokauppa\\\/varaosat\\\/vaihteistot\\\/sram-shift-cable-road-2200mm-1-1mm\\\/#primaryimage\"},\"image\":{\"@id\":\"https:\\\/\\\/vmsport.fi\\\/verkkokauppa\\\/varaosat\\\/vaihteistot\\\/sram-shift-cable-road-2200mm-1-1mm\\\/#primaryimage\"},\"thumbnailUrl\":\"https:\\\/\\\/vmsport.fi\\\/wp-content\\\/uploads\\\/2025\\\/03\\\/3fa6d7d7-77b6-4328-938e-98b0269a118e-1.jpg\",\"datePublished\":\"2025-03-05T22:30:19+00:00\",\"dateModified\":\"2026-03-27T00:00:26+00:00\",\"breadcrumb\":{\"@id\":\"https:\\\/\\\/vmsport.fi\\\/verkkokauppa\\\/varaosat\\\/vaihteistot\\\/sram-shift-cable-road-2200mm-1-1mm\\\/#breadcrumb\"},\"inLanguage\":\"sv-SE\",\"potentialAction\":[{\"@type\":\"ReadAction\",\"target\":[\"https:\\\/\\\/vmsport.fi\\\/verkkokauppa\\\/varaosat\\\/vaihteistot\\\/sram-shift-cable-road-2200mm-1-1mm\\\/\"]}]},{\"@type\":\"ImageObject\",\"inLanguage\":\"sv-SE\",\"@id\":\"https:\\\/\\\/vmsport.fi\\\/verkkokauppa\\\/varaosat\\\/vaihteistot\\\/sram-shift-cable-road-2200mm-1-1mm\\\/#primaryimage\",\"url\":\"https:\\\/\\\/vmsport.fi\\\/wp-content\\\/uploads\\\/2025\\\/03\\\/3fa6d7d7-77b6-4328-938e-98b0269a118e-1.jpg\",\"contentUrl\":\"https:\\\/\\\/vmsport.fi\\\/wp-content\\\/uploads\\\/2025\\\/03\\\/3fa6d7d7-77b6-4328-938e-98b0269a118e-1.jpg\",\"width\":350,\"height\":350,\"caption\":\"3fa6d7d7-77b6-4328-938e-98b0269a118e\"},{\"@type\":\"BreadcrumbList\",\"@id\":\"https:\\\/\\\/vmsport.fi\\\/verkkokauppa\\\/varaosat\\\/vaihteistot\\\/sram-shift-cable-road-2200mm-1-1mm\\\/#breadcrumb\",\"itemListElement\":[{\"@type\":\"ListItem\",\"position\":1,\"name\":\"Etusivu\",\"item\":\"https:\\\/\\\/vmsport.fi\\\/\"},{\"@type\":\"ListItem\",\"position\":2,\"name\":\"Online Store\",\"item\":\"https:\\\/\\\/vmsport.fi\\\/en\\\/online-store\\\/\"},{\"@type\":\"ListItem\",\"position\":3,\"name\":\"Sram Shift Cable &#8211; Road 2200mm 1.1mm\"}]},{\"@type\":\"WebSite\",\"@id\":\"https:\\\/\\\/vmsport.fi\\\/#website\",\"url\":\"https:\\\/\\\/vmsport.fi\\\/\",\"name\":\"Vmsport\",\"description\":\"Kaikki py\u00f6r\u00e4ilyyn yhdest\u00e4 paikasta\",\"publisher\":{\"@id\":\"https:\\\/\\\/vmsport.fi\\\/#organization\"},\"potentialAction\":[{\"@type\":\"SearchAction\",\"target\":{\"@type\":\"EntryPoint\",\"urlTemplate\":\"https:\\\/\\\/vmsport.fi\\\/?s={search_term_string}\"},\"query-input\":{\"@type\":\"PropertyValueSpecification\",\"valueRequired\":true,\"valueName\":\"search_term_string\"}}],\"inLanguage\":\"sv-SE\"},{\"@type\":\"Organization\",\"@id\":\"https:\\\/\\\/vmsport.fi\\\/#organization\",\"name\":\"Vmsport\",\"url\":\"https:\\\/\\\/vmsport.fi\\\/\",\"logo\":{\"@type\":\"ImageObject\",\"inLanguage\":\"sv-SE\",\"@id\":\"https:\\\/\\\/vmsport.fi\\\/#\\\/schema\\\/logo\\\/image\\\/\",\"url\":\"https:\\\/\\\/vmsport.fi\\\/wp-content\\\/uploads\\\/2024\\\/12\\\/vm_sport_RGB_horisontal-e1734526017575.png\",\"contentUrl\":\"https:\\\/\\\/vmsport.fi\\\/wp-content\\\/uploads\\\/2024\\\/12\\\/vm_sport_RGB_horisontal-e1734526017575.png\",\"width\":668,\"height\":85,\"caption\":\"Vmsport\"},\"image\":{\"@id\":\"https:\\\/\\\/vmsport.fi\\\/#\\\/schema\\\/logo\\\/image\\\/\"},\"sameAs\":[\"https:\\\/\\\/www.facebook.com\\\/Vmsport.fi\\\/\",\"https:\\\/\\\/www.instagram.com\\\/vmsport\\\/\"]}]}<\/script>\n<!-- \/ Yoast SEO plugin. -->","yoast_head_json":{"title":"Sram v\u00e4xlingsvajer - Road 2200mm 1,1mm - VM Sport","robots":{"index":"index","follow":"follow","max-snippet":"max-snippet:-1","max-image-preview":"max-image-preview:large","max-video-preview":"max-video-preview:-1"},"canonical":"https:\/\/vmsport.fi\/sv\/webbutik\/reservdelar\/vaxellador\/sram-vaxlingskabel-vag-2200mm-1-1mm\/","og_locale":"sv_SE","og_type":"article","og_title":"Sram Shift Cable - Road 2200mm 1.1mm - VM Sport","og_description":"Sramin vaihdevaijeri, jonka pituus on 2200 mm ja halkaisija 1,1 mm, on suunniteltu t\u00e4ytt\u00e4m\u00e4\u00e4n sek\u00e4 maantie- ett\u00e4 maastopy\u00f6r\u00e4ilyn tarpeet. Sen yhteensopivuus sek\u00e4 vasemman ett\u00e4 oikean vaihdevivun kanssa tarjoaa k\u00e4ytt\u00e4j\u00e4lle joustavuutta. Ruostumattomasta ter\u00e4ksest\u00e4 valmistettu vaijeri on kiillotettu, mik\u00e4 varmistaa kest\u00e4vyyden ja sujuvan vaihteiden vaihtamisen. Sen hopeinen v\u00e4ri sulautuu hienovaraisesti erilaisten py\u00f6rien ulkoasuun, ja vaijeri on optimoitu [...]L\u00e4s mer \u2026 from Sram Shift Cable &#8211; Road 2200mm 1.1mm","og_url":"https:\/\/vmsport.fi\/sv\/webbutik\/reservdelar\/vaxellador\/sram-vaxlingskabel-vag-2200mm-1-1mm\/","og_site_name":"VM Sport","article_publisher":"https:\/\/www.facebook.com\/Vmsport.fi\/","article_modified_time":"2026-03-27T00:00:26+00:00","og_image":[{"width":350,"height":350,"url":"https:\/\/vmsport.fi\/wp-content\/uploads\/2025\/03\/3fa6d7d7-77b6-4328-938e-98b0269a118e-1.jpg","type":"image\/jpeg"}],"twitter_card":"summary_large_image","schema":{"@context":"https:\/\/schema.org","@graph":[{"@type":["WebPage","ItemPage"],"@id":"https:\/\/vmsport.fi\/verkkokauppa\/varaosat\/vaihteistot\/sram-shift-cable-road-2200mm-1-1mm\/","url":"https:\/\/vmsport.fi\/verkkokauppa\/varaosat\/vaihteistot\/sram-shift-cable-road-2200mm-1-1mm\/","name":"Sram v\u00e4xlingsvajer - Road 2200mm 1,1mm - VM Sport","isPartOf":{"@id":"https:\/\/vmsport.fi\/#website"},"primaryImageOfPage":{"@id":"https:\/\/vmsport.fi\/verkkokauppa\/varaosat\/vaihteistot\/sram-shift-cable-road-2200mm-1-1mm\/#primaryimage"},"image":{"@id":"https:\/\/vmsport.fi\/verkkokauppa\/varaosat\/vaihteistot\/sram-shift-cable-road-2200mm-1-1mm\/#primaryimage"},"thumbnailUrl":"https:\/\/vmsport.fi\/wp-content\/uploads\/2025\/03\/3fa6d7d7-77b6-4328-938e-98b0269a118e-1.jpg","datePublished":"2025-03-05T22:30:19+00:00","dateModified":"2026-03-27T00:00:26+00:00","breadcrumb":{"@id":"https:\/\/vmsport.fi\/verkkokauppa\/varaosat\/vaihteistot\/sram-shift-cable-road-2200mm-1-1mm\/#breadcrumb"},"inLanguage":"sv-SE","potentialAction":[{"@type":"ReadAction","target":["https:\/\/vmsport.fi\/verkkokauppa\/varaosat\/vaihteistot\/sram-shift-cable-road-2200mm-1-1mm\/"]}]},{"@type":"ImageObject","inLanguage":"sv-SE","@id":"https:\/\/vmsport.fi\/verkkokauppa\/varaosat\/vaihteistot\/sram-shift-cable-road-2200mm-1-1mm\/#primaryimage","url":"https:\/\/vmsport.fi\/wp-content\/uploads\/2025\/03\/3fa6d7d7-77b6-4328-938e-98b0269a118e-1.jpg","contentUrl":"https:\/\/vmsport.fi\/wp-content\/uploads\/2025\/03\/3fa6d7d7-77b6-4328-938e-98b0269a118e-1.jpg","width":350,"height":350,"caption":"3fa6d7d7-77b6-4328-938e-98b0269a118e"},{"@type":"BreadcrumbList","@id":"https:\/\/vmsport.fi\/verkkokauppa\/varaosat\/vaihteistot\/sram-shift-cable-road-2200mm-1-1mm\/#breadcrumb","itemListElement":[{"@type":"ListItem","position":1,"name":"Etusivu","item":"https:\/\/vmsport.fi\/"},{"@type":"ListItem","position":2,"name":"Online Store","item":"https:\/\/vmsport.fi\/en\/online-store\/"},{"@type":"ListItem","position":3,"name":"Sram Shift Cable &#8211; Road 2200mm 1.1mm"}]},{"@type":"WebSite","@id":"https:\/\/vmsport.fi\/#website","url":"https:\/\/vmsport.fi\/","name":"Vmsport","description":"Allt p\u00e5 ett st\u00e4lle f\u00f6r cykling","publisher":{"@id":"https:\/\/vmsport.fi\/#organization"},"potentialAction":[{"@type":"SearchAction","target":{"@type":"EntryPoint","urlTemplate":"https:\/\/vmsport.fi\/?s={search_term_string}"},"query-input":{"@type":"PropertyValueSpecification","valueRequired":true,"valueName":"search_term_string"}}],"inLanguage":"sv-SE"},{"@type":"Organization","@id":"https:\/\/vmsport.fi\/#organization","name":"Vmsport","url":"https:\/\/vmsport.fi\/","logo":{"@type":"ImageObject","inLanguage":"sv-SE","@id":"https:\/\/vmsport.fi\/#\/schema\/logo\/image\/","url":"https:\/\/vmsport.fi\/wp-content\/uploads\/2024\/12\/vm_sport_RGB_horisontal-e1734526017575.png","contentUrl":"https:\/\/vmsport.fi\/wp-content\/uploads\/2024\/12\/vm_sport_RGB_horisontal-e1734526017575.png","width":668,"height":85,"caption":"Vmsport"},"image":{"@id":"https:\/\/vmsport.fi\/#\/schema\/logo\/image\/"},"sameAs":["https:\/\/www.facebook.com\/Vmsport.fi\/","https:\/\/www.instagram.com\/vmsport\/"]}]}},"global_unique_id":"","_links":{"self":[{"href":"https:\/\/vmsport.fi\/sv\/wp-json\/wp\/v2\/product\/57236","targetHints":{"allow":["GET"]}}],"collection":[{"href":"https:\/\/vmsport.fi\/sv\/wp-json\/wp\/v2\/product"}],"about":[{"href":"https:\/\/vmsport.fi\/sv\/wp-json\/wp\/v2\/types\/product"}],"replies":[{"embeddable":true,"href":"https:\/\/vmsport.fi\/sv\/wp-json\/wp\/v2\/comments?post=57236"}],"wp:featuredmedia":[{"embeddable":true,"href":"https:\/\/vmsport.fi\/sv\/wp-json\/wp\/v2\/media\/57234"}],"wp:attachment":[{"href":"https:\/\/vmsport.fi\/sv\/wp-json\/wp\/v2\/media?parent=57236"}],"wp:term":[{"taxonomy":"product_brand","embeddable":true,"href":"https:\/\/vmsport.fi\/sv\/wp-json\/wp\/v2\/product_brand?post=57236"},{"taxonomy":"product_model","embeddable":true,"href":"https:\/\/vmsport.fi\/sv\/wp-json\/wp\/v2\/product_model?post=57236"},{"taxonomy":"product_cat","embeddable":true,"href":"https:\/\/vmsport.fi\/sv\/wp-json\/wp\/v2\/product_cat?post=57236"},{"taxonomy":"product_tag","embeddable":true,"href":"https:\/\/vmsport.fi\/sv\/wp-json\/wp\/v2\/product_tag?post=57236"},{"taxonomy":"industry_terminology","embeddable":true,"href":"https:\/\/vmsport.fi\/sv\/wp-json\/wp\/v2\/industry-terminology?post=57236"}],"curies":[{"name":"wp","href":"https:\/\/api.w.org\/{rel}","templated":true}]}}