{"id":57228,"date":"2025-03-06T00:30:16","date_gmt":"2025-03-05T22:30:16","guid":{"rendered":"https:\/\/vmsport.fi\/verkkokauppa\/Ei-luokiteltu\/fox-finisher-5-panel-hat\/"},"modified":"2026-03-05T10:05:11","modified_gmt":"2026-03-05T08:05:11","slug":"fox-finisher-5-panel-hatt","status":"publish","type":"product","link":"https:\/\/vmsport.fi\/sv\/verkkokauppa\/ajovarusteet\/vaatteet\/vapaa-ajan-vaatteet\/fox-finisher-5-panel-hat\/","title":{"rendered":"FOX FINISHER 5 PANEL HATT"},"content":{"rendered":"<p>FOX Finisher 5-Panel Hat kombinerar klassisk design med praktisk funktion. Med den ber\u00f6mda triangel-logotypen ger den h\u00e4r kepsen en enkel men elegant look till din garderob. Snapback-st\u00e4ngningen g\u00f6r den l\u00e4tt att justera, vilket ger en bekv\u00e4m passform f\u00f6r olika storlekar. Den h\u00e4r kepsen \u00e4r tillverkad av h\u00f6gkvalitativa material och \u00e4r utformad f\u00f6r att h\u00e5lla l\u00e4nge. Det \u00e4r en viktig accessoar som kompletterar och f\u00f6rh\u00f6jer dina vardagliga outfits.<\/p>","protected":false},"excerpt":{"rendered":"<p>FOX Finisher 5-Panel Hat yhdist\u00e4\u00e4 klassisen muotoilun ja k\u00e4yt\u00e4nn\u00f6llisyyden. T\u00e4m\u00e4 lippalakki, jossa on tunnettu kolmio-logo, tuo yksinkertaisen mutta tyylikk\u00e4\u00e4n ilmeen vaatekaappiisi. Snapback-suljin tekee siit\u00e4 helposti s\u00e4\u00e4dett\u00e4v\u00e4n, mik\u00e4 varmistaa mukavan istuvuuden eri kokoisille. Valmistettu korkealaatuisista materiaaleista, t\u00e4m\u00e4 hattu on suunniteltu palvelemaan pitk\u00e4\u00e4n. Se on olennaisen t\u00e4rke\u00e4 asuste, joka t\u00e4ydent\u00e4\u00e4 ja parantaa p\u00e4ivitt\u00e4isi\u00e4 asukokonaisuuksia. [&#8230;]<\/p>\n<p><a class=\"btn btn-secondary understrap-read-more-link\" href=\"https:\/\/vmsport.fi\/sv\/verkkokauppa\/ajovarusteet\/vaatteet\/vapaa-ajan-vaatteet\/fox-finisher-5-panel-hat\/\">L\u00e4s mer \u2026<span class=\"screen-reader-text\"> from FOX FINISHER 5 PANEL HAT<\/span><\/a><\/p>\n","protected":false},"featured_media":57227,"comment_status":"open","ping_status":"closed","template":"","meta":{"_acf_changed":false,"_improvement_type_select":"improve_an_existing","_thumb_yes_seoaic":false,"_frame_yes_seoaic":false,"seoaic_generate_description":"","seoaic_improve_instructions_prompt":"","seoaic_rollback_content_improvement":"","seoaic_idea_thumbnail_generator":"","thumbnail_generated":false,"thumbnail_generate_prompt":"","seoaic_article_description":"","_supplier_stock_quantity":0},"product_brand":[45],"product_model":[],"product_cat":[9466],"product_tag":[],"industry-terminology":[],"class_list":{"0":"post-57228","1":"product","2":"type-product","3":"status-publish","4":"has-post-thumbnail","6":"product_brand-fox","7":"product_cat-vapaa-ajan-vaatteet","9":"first","10":"outofstock","11":"sale","12":"taxable","13":"shipping-taxable","14":"product-type-simple"},"acf":{"bike_features":null,"overview":{"copy_overview":null,"key_features":null,"statement":"","youtube_url":""}},"yoast_head":"<!-- This site is optimized with the Yoast SEO plugin v27.3 - https:\/\/yoast.com\/product\/yoast-seo-wordpress\/ -->\n<title>FOX FINISHER 5 PANEL HAT - VM Sport<\/title>\n<meta name=\"robots\" content=\"index, follow, max-snippet:-1, max-image-preview:large, max-video-preview:-1\" \/>\n<link rel=\"canonical\" href=\"https:\/\/vmsport.fi\/sv\/webbutik\/korutrustning\/klader\/fritidsklader\/fox-finisher-5-panel-hatt\/\" \/>\n<meta property=\"og:locale\" content=\"sv_SE\" \/>\n<meta property=\"og:type\" content=\"article\" \/>\n<meta property=\"og:title\" content=\"FOX FINISHER 5 PANEL HAT - VM Sport\" \/>\n<meta property=\"og:description\" content=\"FOX Finisher 5-Panel Hat yhdist\u00e4\u00e4 klassisen muotoilun ja k\u00e4yt\u00e4nn\u00f6llisyyden. T\u00e4m\u00e4 lippalakki, jossa on tunnettu kolmio-logo, tuo yksinkertaisen mutta tyylikk\u00e4\u00e4n ilmeen vaatekaappiisi. Snapback-suljin tekee siit\u00e4 helposti s\u00e4\u00e4dett\u00e4v\u00e4n, mik\u00e4 varmistaa mukavan istuvuuden eri kokoisille. Valmistettu korkealaatuisista materiaaleista, t\u00e4m\u00e4 hattu on suunniteltu palvelemaan pitk\u00e4\u00e4n. Se on olennaisen t\u00e4rke\u00e4 asuste, joka t\u00e4ydent\u00e4\u00e4 ja parantaa p\u00e4ivitt\u00e4isi\u00e4 asukokonaisuuksia. [...]L\u00e4s mer \u2026 from FOX FINISHER 5 PANEL HAT\" \/>\n<meta property=\"og:url\" content=\"https:\/\/vmsport.fi\/sv\/webbutik\/korutrustning\/klader\/fritidsklader\/fox-finisher-5-panel-hatt\/\" \/>\n<meta property=\"og:site_name\" content=\"VM Sport\" \/>\n<meta property=\"article:publisher\" content=\"https:\/\/www.facebook.com\/Vmsport.fi\/\" \/>\n<meta property=\"article:modified_time\" content=\"2026-03-05T08:05:11+00:00\" \/>\n<meta property=\"og:image\" content=\"https:\/\/vmsport.fi\/wp-content\/uploads\/2025\/03\/Fox-Head-Finisher-5-Panel-Kappe-29913-001-1-1.jpg\" \/>\n\t<meta property=\"og:image:width\" content=\"1000\" \/>\n\t<meta property=\"og:image:height\" content=\"694\" \/>\n\t<meta property=\"og:image:type\" content=\"image\/jpeg\" \/>\n<meta name=\"twitter:card\" content=\"summary_large_image\" \/>\n<script type=\"application\/ld+json\" class=\"yoast-schema-graph\">{\"@context\":\"https:\\\/\\\/schema.org\",\"@graph\":[{\"@type\":[\"WebPage\",\"ItemPage\"],\"@id\":\"https:\\\/\\\/vmsport.fi\\\/verkkokauppa\\\/ajovarusteet\\\/vaatteet\\\/vapaa-ajan-vaatteet\\\/fox-finisher-5-panel-hat\\\/\",\"url\":\"https:\\\/\\\/vmsport.fi\\\/verkkokauppa\\\/ajovarusteet\\\/vaatteet\\\/vapaa-ajan-vaatteet\\\/fox-finisher-5-panel-hat\\\/\",\"name\":\"FOX FINISHER 5 PANEL HAT - VM Sport\",\"isPartOf\":{\"@id\":\"https:\\\/\\\/vmsport.fi\\\/#website\"},\"primaryImageOfPage\":{\"@id\":\"https:\\\/\\\/vmsport.fi\\\/verkkokauppa\\\/ajovarusteet\\\/vaatteet\\\/vapaa-ajan-vaatteet\\\/fox-finisher-5-panel-hat\\\/#primaryimage\"},\"image\":{\"@id\":\"https:\\\/\\\/vmsport.fi\\\/verkkokauppa\\\/ajovarusteet\\\/vaatteet\\\/vapaa-ajan-vaatteet\\\/fox-finisher-5-panel-hat\\\/#primaryimage\"},\"thumbnailUrl\":\"https:\\\/\\\/vmsport.fi\\\/wp-content\\\/uploads\\\/2025\\\/03\\\/Fox-Head-Finisher-5-Panel-Kappe-29913-001-1-1.jpg\",\"datePublished\":\"2025-03-05T22:30:16+00:00\",\"dateModified\":\"2026-03-05T08:05:11+00:00\",\"breadcrumb\":{\"@id\":\"https:\\\/\\\/vmsport.fi\\\/verkkokauppa\\\/ajovarusteet\\\/vaatteet\\\/vapaa-ajan-vaatteet\\\/fox-finisher-5-panel-hat\\\/#breadcrumb\"},\"inLanguage\":\"sv-SE\",\"potentialAction\":[{\"@type\":\"ReadAction\",\"target\":[\"https:\\\/\\\/vmsport.fi\\\/verkkokauppa\\\/ajovarusteet\\\/vaatteet\\\/vapaa-ajan-vaatteet\\\/fox-finisher-5-panel-hat\\\/\"]}]},{\"@type\":\"ImageObject\",\"inLanguage\":\"sv-SE\",\"@id\":\"https:\\\/\\\/vmsport.fi\\\/verkkokauppa\\\/ajovarusteet\\\/vaatteet\\\/vapaa-ajan-vaatteet\\\/fox-finisher-5-panel-hat\\\/#primaryimage\",\"url\":\"https:\\\/\\\/vmsport.fi\\\/wp-content\\\/uploads\\\/2025\\\/03\\\/Fox-Head-Finisher-5-Panel-Kappe-29913-001-1-1.jpg\",\"contentUrl\":\"https:\\\/\\\/vmsport.fi\\\/wp-content\\\/uploads\\\/2025\\\/03\\\/Fox-Head-Finisher-5-Panel-Kappe-29913-001-1-1.jpg\",\"width\":1000,\"height\":694,\"caption\":\"Fox-Head-Finisher-5-Panel-Kappe-29913-001-1\"},{\"@type\":\"BreadcrumbList\",\"@id\":\"https:\\\/\\\/vmsport.fi\\\/verkkokauppa\\\/ajovarusteet\\\/vaatteet\\\/vapaa-ajan-vaatteet\\\/fox-finisher-5-panel-hat\\\/#breadcrumb\",\"itemListElement\":[{\"@type\":\"ListItem\",\"position\":1,\"name\":\"Etusivu\",\"item\":\"https:\\\/\\\/vmsport.fi\\\/\"},{\"@type\":\"ListItem\",\"position\":2,\"name\":\"Online Store\",\"item\":\"https:\\\/\\\/vmsport.fi\\\/en\\\/online-store\\\/\"},{\"@type\":\"ListItem\",\"position\":3,\"name\":\"FOX FINISHER 5 PANEL HAT\"}]},{\"@type\":\"WebSite\",\"@id\":\"https:\\\/\\\/vmsport.fi\\\/#website\",\"url\":\"https:\\\/\\\/vmsport.fi\\\/\",\"name\":\"Vmsport\",\"description\":\"Kaikki py\u00f6r\u00e4ilyyn yhdest\u00e4 paikasta\",\"publisher\":{\"@id\":\"https:\\\/\\\/vmsport.fi\\\/#organization\"},\"potentialAction\":[{\"@type\":\"SearchAction\",\"target\":{\"@type\":\"EntryPoint\",\"urlTemplate\":\"https:\\\/\\\/vmsport.fi\\\/?s={search_term_string}\"},\"query-input\":{\"@type\":\"PropertyValueSpecification\",\"valueRequired\":true,\"valueName\":\"search_term_string\"}}],\"inLanguage\":\"sv-SE\"},{\"@type\":\"Organization\",\"@id\":\"https:\\\/\\\/vmsport.fi\\\/#organization\",\"name\":\"Vmsport\",\"url\":\"https:\\\/\\\/vmsport.fi\\\/\",\"logo\":{\"@type\":\"ImageObject\",\"inLanguage\":\"sv-SE\",\"@id\":\"https:\\\/\\\/vmsport.fi\\\/#\\\/schema\\\/logo\\\/image\\\/\",\"url\":\"https:\\\/\\\/vmsport.fi\\\/wp-content\\\/uploads\\\/2024\\\/12\\\/vm_sport_RGB_horisontal-e1734526017575.png\",\"contentUrl\":\"https:\\\/\\\/vmsport.fi\\\/wp-content\\\/uploads\\\/2024\\\/12\\\/vm_sport_RGB_horisontal-e1734526017575.png\",\"width\":668,\"height\":85,\"caption\":\"Vmsport\"},\"image\":{\"@id\":\"https:\\\/\\\/vmsport.fi\\\/#\\\/schema\\\/logo\\\/image\\\/\"},\"sameAs\":[\"https:\\\/\\\/www.facebook.com\\\/Vmsport.fi\\\/\",\"https:\\\/\\\/www.instagram.com\\\/vmsport\\\/\"]}]}<\/script>\n<!-- \/ Yoast SEO plugin. -->","yoast_head_json":{"title":"FOX FINISHER 5 PANEL HAT - VM Sport","robots":{"index":"index","follow":"follow","max-snippet":"max-snippet:-1","max-image-preview":"max-image-preview:large","max-video-preview":"max-video-preview:-1"},"canonical":"https:\/\/vmsport.fi\/sv\/webbutik\/korutrustning\/klader\/fritidsklader\/fox-finisher-5-panel-hatt\/","og_locale":"sv_SE","og_type":"article","og_title":"FOX FINISHER 5 PANEL HAT - VM Sport","og_description":"FOX Finisher 5-Panel Hat yhdist\u00e4\u00e4 klassisen muotoilun ja k\u00e4yt\u00e4nn\u00f6llisyyden. T\u00e4m\u00e4 lippalakki, jossa on tunnettu kolmio-logo, tuo yksinkertaisen mutta tyylikk\u00e4\u00e4n ilmeen vaatekaappiisi. Snapback-suljin tekee siit\u00e4 helposti s\u00e4\u00e4dett\u00e4v\u00e4n, mik\u00e4 varmistaa mukavan istuvuuden eri kokoisille. Valmistettu korkealaatuisista materiaaleista, t\u00e4m\u00e4 hattu on suunniteltu palvelemaan pitk\u00e4\u00e4n. Se on olennaisen t\u00e4rke\u00e4 asuste, joka t\u00e4ydent\u00e4\u00e4 ja parantaa p\u00e4ivitt\u00e4isi\u00e4 asukokonaisuuksia. [...]L\u00e4s mer \u2026 from FOX FINISHER 5 PANEL HAT","og_url":"https:\/\/vmsport.fi\/sv\/webbutik\/korutrustning\/klader\/fritidsklader\/fox-finisher-5-panel-hatt\/","og_site_name":"VM Sport","article_publisher":"https:\/\/www.facebook.com\/Vmsport.fi\/","article_modified_time":"2026-03-05T08:05:11+00:00","og_image":[{"width":1000,"height":694,"url":"https:\/\/vmsport.fi\/wp-content\/uploads\/2025\/03\/Fox-Head-Finisher-5-Panel-Kappe-29913-001-1-1.jpg","type":"image\/jpeg"}],"twitter_card":"summary_large_image","schema":{"@context":"https:\/\/schema.org","@graph":[{"@type":["WebPage","ItemPage"],"@id":"https:\/\/vmsport.fi\/verkkokauppa\/ajovarusteet\/vaatteet\/vapaa-ajan-vaatteet\/fox-finisher-5-panel-hat\/","url":"https:\/\/vmsport.fi\/verkkokauppa\/ajovarusteet\/vaatteet\/vapaa-ajan-vaatteet\/fox-finisher-5-panel-hat\/","name":"FOX FINISHER 5 PANEL HAT - VM Sport","isPartOf":{"@id":"https:\/\/vmsport.fi\/#website"},"primaryImageOfPage":{"@id":"https:\/\/vmsport.fi\/verkkokauppa\/ajovarusteet\/vaatteet\/vapaa-ajan-vaatteet\/fox-finisher-5-panel-hat\/#primaryimage"},"image":{"@id":"https:\/\/vmsport.fi\/verkkokauppa\/ajovarusteet\/vaatteet\/vapaa-ajan-vaatteet\/fox-finisher-5-panel-hat\/#primaryimage"},"thumbnailUrl":"https:\/\/vmsport.fi\/wp-content\/uploads\/2025\/03\/Fox-Head-Finisher-5-Panel-Kappe-29913-001-1-1.jpg","datePublished":"2025-03-05T22:30:16+00:00","dateModified":"2026-03-05T08:05:11+00:00","breadcrumb":{"@id":"https:\/\/vmsport.fi\/verkkokauppa\/ajovarusteet\/vaatteet\/vapaa-ajan-vaatteet\/fox-finisher-5-panel-hat\/#breadcrumb"},"inLanguage":"sv-SE","potentialAction":[{"@type":"ReadAction","target":["https:\/\/vmsport.fi\/verkkokauppa\/ajovarusteet\/vaatteet\/vapaa-ajan-vaatteet\/fox-finisher-5-panel-hat\/"]}]},{"@type":"ImageObject","inLanguage":"sv-SE","@id":"https:\/\/vmsport.fi\/verkkokauppa\/ajovarusteet\/vaatteet\/vapaa-ajan-vaatteet\/fox-finisher-5-panel-hat\/#primaryimage","url":"https:\/\/vmsport.fi\/wp-content\/uploads\/2025\/03\/Fox-Head-Finisher-5-Panel-Kappe-29913-001-1-1.jpg","contentUrl":"https:\/\/vmsport.fi\/wp-content\/uploads\/2025\/03\/Fox-Head-Finisher-5-Panel-Kappe-29913-001-1-1.jpg","width":1000,"height":694,"caption":"Fox-Head-Finisher-5-Panel-Kappe-29913-001-1"},{"@type":"BreadcrumbList","@id":"https:\/\/vmsport.fi\/verkkokauppa\/ajovarusteet\/vaatteet\/vapaa-ajan-vaatteet\/fox-finisher-5-panel-hat\/#breadcrumb","itemListElement":[{"@type":"ListItem","position":1,"name":"Etusivu","item":"https:\/\/vmsport.fi\/"},{"@type":"ListItem","position":2,"name":"Online Store","item":"https:\/\/vmsport.fi\/en\/online-store\/"},{"@type":"ListItem","position":3,"name":"FOX FINISHER 5 PANEL HAT"}]},{"@type":"WebSite","@id":"https:\/\/vmsport.fi\/#website","url":"https:\/\/vmsport.fi\/","name":"Vmsport","description":"Allt p\u00e5 ett st\u00e4lle f\u00f6r cykling","publisher":{"@id":"https:\/\/vmsport.fi\/#organization"},"potentialAction":[{"@type":"SearchAction","target":{"@type":"EntryPoint","urlTemplate":"https:\/\/vmsport.fi\/?s={search_term_string}"},"query-input":{"@type":"PropertyValueSpecification","valueRequired":true,"valueName":"search_term_string"}}],"inLanguage":"sv-SE"},{"@type":"Organization","@id":"https:\/\/vmsport.fi\/#organization","name":"Vmsport","url":"https:\/\/vmsport.fi\/","logo":{"@type":"ImageObject","inLanguage":"sv-SE","@id":"https:\/\/vmsport.fi\/#\/schema\/logo\/image\/","url":"https:\/\/vmsport.fi\/wp-content\/uploads\/2024\/12\/vm_sport_RGB_horisontal-e1734526017575.png","contentUrl":"https:\/\/vmsport.fi\/wp-content\/uploads\/2024\/12\/vm_sport_RGB_horisontal-e1734526017575.png","width":668,"height":85,"caption":"Vmsport"},"image":{"@id":"https:\/\/vmsport.fi\/#\/schema\/logo\/image\/"},"sameAs":["https:\/\/www.facebook.com\/Vmsport.fi\/","https:\/\/www.instagram.com\/vmsport\/"]}]}},"global_unique_id":"","_links":{"self":[{"href":"https:\/\/vmsport.fi\/sv\/wp-json\/wp\/v2\/product\/57228","targetHints":{"allow":["GET"]}}],"collection":[{"href":"https:\/\/vmsport.fi\/sv\/wp-json\/wp\/v2\/product"}],"about":[{"href":"https:\/\/vmsport.fi\/sv\/wp-json\/wp\/v2\/types\/product"}],"replies":[{"embeddable":true,"href":"https:\/\/vmsport.fi\/sv\/wp-json\/wp\/v2\/comments?post=57228"}],"wp:featuredmedia":[{"embeddable":true,"href":"https:\/\/vmsport.fi\/sv\/wp-json\/wp\/v2\/media\/57227"}],"wp:attachment":[{"href":"https:\/\/vmsport.fi\/sv\/wp-json\/wp\/v2\/media?parent=57228"}],"wp:term":[{"taxonomy":"product_brand","embeddable":true,"href":"https:\/\/vmsport.fi\/sv\/wp-json\/wp\/v2\/product_brand?post=57228"},{"taxonomy":"product_model","embeddable":true,"href":"https:\/\/vmsport.fi\/sv\/wp-json\/wp\/v2\/product_model?post=57228"},{"taxonomy":"product_cat","embeddable":true,"href":"https:\/\/vmsport.fi\/sv\/wp-json\/wp\/v2\/product_cat?post=57228"},{"taxonomy":"product_tag","embeddable":true,"href":"https:\/\/vmsport.fi\/sv\/wp-json\/wp\/v2\/product_tag?post=57228"},{"taxonomy":"industry_terminology","embeddable":true,"href":"https:\/\/vmsport.fi\/sv\/wp-json\/wp\/v2\/industry-terminology?post=57228"}],"curies":[{"name":"wp","href":"https:\/\/api.w.org\/{rel}","templated":true}]}}