{"id":57223,"date":"2025-03-06T00:30:13","date_gmt":"2025-03-05T22:30:13","guid":{"rendered":"https:\/\/vmsport.fi\/verkkokauppa\/Ei-luokiteltu\/ajokenka-gr501-musta-36\/"},"modified":"2026-04-22T15:10:39","modified_gmt":"2026-04-22T12:10:39","slug":"drivring-gr501-svart-36","status":"publish","type":"product","link":"https:\/\/vmsport.fi\/sv\/verkkokauppa\/ajovarusteet\/kengat\/maastokengat\/ajokenka-gr501-musta-36\/","title":{"rendered":"K\u00f6rsko GR501 Svart 36"},"content":{"rendered":"<p>Dessa svarta GR501-cykelskor \u00e4r ett Shimano-m\u00e4rke som \u00e4r s\u00e4rskilt utformat f\u00f6r cykling. Skornas sulor ger exceptionellt grepp och stabil r\u00f6relse f\u00f6r f\u00f6rb\u00e4ttrad s\u00e4kerhet och komfort n\u00e4r du cyklar. Storlek 36 \u00e4r perfekt f\u00f6r dig som vill ha en \u00e5tsittande och bekv\u00e4m passform. Tillverkade av slitstarka material som garanterar l\u00e5ng livsl\u00e4ngd \u00e4r dessa skor ett utm\u00e4rkt val f\u00f6r aktiva cyklister.<\/p>","protected":false},"excerpt":{"rendered":"<p>N\u00e4m\u00e4 mustat GR501-ajokeng\u00e4t ovat Shimano-merkkiset, ja ne on suunniteltu erityisesti py\u00f6r\u00e4ilyyn. Kenkien pohjat tarjoavat poikkeuksellisen pidon ja vakaan liikkeen, mik\u00e4 parantaa turvallisuutta ja mukavuutta py\u00f6r\u00e4illess\u00e4. Koko 36 on ihanteellinen niille, jotka etsiv\u00e4t napakkaa ja mukavaa istuvuutta. Valmistettu kest\u00e4vist\u00e4 materiaaleista, jotka takaavat pitk\u00e4n k\u00e4ytt\u00f6i\u00e4n, n\u00e4m\u00e4 keng\u00e4t ovat erinomainen valinta aktiivisille py\u00f6r\u00e4ilij\u00f6ille. [&#8230;]<\/p>\n<p><a class=\"btn btn-secondary understrap-read-more-link\" href=\"https:\/\/vmsport.fi\/sv\/verkkokauppa\/ajovarusteet\/kengat\/maastokengat\/ajokenka-gr501-musta-36\/\">L\u00e4s mer \u2026<span class=\"screen-reader-text\"> from Ajokenk\u00e4 GR501 Musta 36<\/span><\/a><\/p>\n","protected":false},"featured_media":57222,"comment_status":"open","ping_status":"closed","template":"","meta":{"_acf_changed":false,"_improvement_type_select":"improve_an_existing","_thumb_yes_seoaic":false,"_frame_yes_seoaic":false,"seoaic_generate_description":"","seoaic_improve_instructions_prompt":"","seoaic_rollback_content_improvement":"","seoaic_idea_thumbnail_generator":"","thumbnail_generated":false,"thumbnail_generate_prompt":"","seoaic_article_description":"","_supplier_stock_quantity":0},"product_brand":[],"product_model":[],"product_cat":[9498],"product_tag":[],"industry-terminology":[],"class_list":{"0":"post-57223","1":"product","2":"type-product","3":"status-publish","4":"has-post-thumbnail","6":"product_cat-maastokengat","8":"first","9":"instock","10":"taxable","11":"shipping-taxable","12":"purchasable","13":"product-type-simple"},"acf":{"bike_features":null,"overview":{"copy_overview":null,"key_features":null,"statement":"","youtube_url":""}},"yoast_head":"<!-- This site is optimized with the Yoast SEO plugin v27.4 - https:\/\/yoast.com\/product\/yoast-seo-wordpress\/ -->\n<title>Ajokenk\u00e4 GR501 Musta 36 - VM Sport<\/title>\n<meta name=\"robots\" content=\"index, follow, max-snippet:-1, max-image-preview:large, max-video-preview:-1\" \/>\n<link rel=\"canonical\" href=\"https:\/\/vmsport.fi\/sv\/webbutik\/korutrustning\/skor\/terrangskor\/drivring-gr501-svart-36\/\" \/>\n<meta property=\"og:locale\" content=\"sv_SE\" \/>\n<meta property=\"og:type\" content=\"article\" \/>\n<meta property=\"og:title\" content=\"Ajokenk\u00e4 GR501 Musta 36 - VM Sport\" \/>\n<meta property=\"og:description\" content=\"N\u00e4m\u00e4 mustat GR501-ajokeng\u00e4t ovat Shimano-merkkiset, ja ne on suunniteltu erityisesti py\u00f6r\u00e4ilyyn. Kenkien pohjat tarjoavat poikkeuksellisen pidon ja vakaan liikkeen, mik\u00e4 parantaa turvallisuutta ja mukavuutta py\u00f6r\u00e4illess\u00e4. Koko 36 on ihanteellinen niille, jotka etsiv\u00e4t napakkaa ja mukavaa istuvuutta. Valmistettu kest\u00e4vist\u00e4 materiaaleista, jotka takaavat pitk\u00e4n k\u00e4ytt\u00f6i\u00e4n, n\u00e4m\u00e4 keng\u00e4t ovat erinomainen valinta aktiivisille py\u00f6r\u00e4ilij\u00f6ille. [...]L\u00e4s mer \u2026 from Ajokenk\u00e4 GR501 Musta 36\" \/>\n<meta property=\"og:url\" content=\"https:\/\/vmsport.fi\/sv\/webbutik\/korutrustning\/skor\/terrangskor\/drivring-gr501-svart-36\/\" \/>\n<meta property=\"og:site_name\" content=\"VM Sport\" \/>\n<meta property=\"article:publisher\" content=\"https:\/\/www.facebook.com\/Vmsport.fi\/\" \/>\n<meta property=\"article:modified_time\" content=\"2026-04-22T12:10:39+00:00\" \/>\n<meta property=\"og:image\" content=\"https:\/\/vmsport.fi\/wp-content\/uploads\/2025\/03\/mRMlPmpx1kWalm1N5PU8yKxjCMgxRat5GE70aVnQC6JQ66sLVi-1.jpg\" \/>\n\t<meta property=\"og:image:width\" content=\"600\" \/>\n\t<meta property=\"og:image:height\" content=\"600\" \/>\n\t<meta property=\"og:image:type\" content=\"image\/jpeg\" \/>\n<meta name=\"twitter:card\" content=\"summary_large_image\" \/>\n<script type=\"application\/ld+json\" class=\"yoast-schema-graph\">{\"@context\":\"https:\\\/\\\/schema.org\",\"@graph\":[{\"@type\":[\"WebPage\",\"ItemPage\"],\"@id\":\"https:\\\/\\\/vmsport.fi\\\/verkkokauppa\\\/ajovarusteet\\\/kengat\\\/maastokengat\\\/ajokenka-gr501-musta-36\\\/\",\"url\":\"https:\\\/\\\/vmsport.fi\\\/verkkokauppa\\\/ajovarusteet\\\/kengat\\\/maastokengat\\\/ajokenka-gr501-musta-36\\\/\",\"name\":\"Ajokenk\u00e4 GR501 Musta 36 - VM Sport\",\"isPartOf\":{\"@id\":\"https:\\\/\\\/vmsport.fi\\\/#website\"},\"primaryImageOfPage\":{\"@id\":\"https:\\\/\\\/vmsport.fi\\\/verkkokauppa\\\/ajovarusteet\\\/kengat\\\/maastokengat\\\/ajokenka-gr501-musta-36\\\/#primaryimage\"},\"image\":{\"@id\":\"https:\\\/\\\/vmsport.fi\\\/verkkokauppa\\\/ajovarusteet\\\/kengat\\\/maastokengat\\\/ajokenka-gr501-musta-36\\\/#primaryimage\"},\"thumbnailUrl\":\"https:\\\/\\\/vmsport.fi\\\/wp-content\\\/uploads\\\/2025\\\/03\\\/mRMlPmpx1kWalm1N5PU8yKxjCMgxRat5GE70aVnQC6JQ66sLVi-1.jpg\",\"datePublished\":\"2025-03-05T22:30:13+00:00\",\"dateModified\":\"2026-04-22T12:10:39+00:00\",\"breadcrumb\":{\"@id\":\"https:\\\/\\\/vmsport.fi\\\/verkkokauppa\\\/ajovarusteet\\\/kengat\\\/maastokengat\\\/ajokenka-gr501-musta-36\\\/#breadcrumb\"},\"inLanguage\":\"sv-SE\",\"potentialAction\":[{\"@type\":\"ReadAction\",\"target\":[\"https:\\\/\\\/vmsport.fi\\\/verkkokauppa\\\/ajovarusteet\\\/kengat\\\/maastokengat\\\/ajokenka-gr501-musta-36\\\/\"]}]},{\"@type\":\"ImageObject\",\"inLanguage\":\"sv-SE\",\"@id\":\"https:\\\/\\\/vmsport.fi\\\/verkkokauppa\\\/ajovarusteet\\\/kengat\\\/maastokengat\\\/ajokenka-gr501-musta-36\\\/#primaryimage\",\"url\":\"https:\\\/\\\/vmsport.fi\\\/wp-content\\\/uploads\\\/2025\\\/03\\\/mRMlPmpx1kWalm1N5PU8yKxjCMgxRat5GE70aVnQC6JQ66sLVi-1.jpg\",\"contentUrl\":\"https:\\\/\\\/vmsport.fi\\\/wp-content\\\/uploads\\\/2025\\\/03\\\/mRMlPmpx1kWalm1N5PU8yKxjCMgxRat5GE70aVnQC6JQ66sLVi-1.jpg\",\"width\":600,\"height\":600,\"caption\":\"mRMlPmpx1kWalm1N5PU8yKxjCMgxRat5GE70aVnQC6JQ66sLVi\"},{\"@type\":\"BreadcrumbList\",\"@id\":\"https:\\\/\\\/vmsport.fi\\\/verkkokauppa\\\/ajovarusteet\\\/kengat\\\/maastokengat\\\/ajokenka-gr501-musta-36\\\/#breadcrumb\",\"itemListElement\":[{\"@type\":\"ListItem\",\"position\":1,\"name\":\"Etusivu\",\"item\":\"https:\\\/\\\/vmsport.fi\\\/\"},{\"@type\":\"ListItem\",\"position\":2,\"name\":\"Online Store\",\"item\":\"https:\\\/\\\/vmsport.fi\\\/en\\\/online-store\\\/\"},{\"@type\":\"ListItem\",\"position\":3,\"name\":\"Ajokenk\u00e4 GR501 Musta 36\"}]},{\"@type\":\"WebSite\",\"@id\":\"https:\\\/\\\/vmsport.fi\\\/#website\",\"url\":\"https:\\\/\\\/vmsport.fi\\\/\",\"name\":\"Vmsport\",\"description\":\"Kaikki py\u00f6r\u00e4ilyyn yhdest\u00e4 paikasta\",\"publisher\":{\"@id\":\"https:\\\/\\\/vmsport.fi\\\/#organization\"},\"potentialAction\":[{\"@type\":\"SearchAction\",\"target\":{\"@type\":\"EntryPoint\",\"urlTemplate\":\"https:\\\/\\\/vmsport.fi\\\/?s={search_term_string}\"},\"query-input\":{\"@type\":\"PropertyValueSpecification\",\"valueRequired\":true,\"valueName\":\"search_term_string\"}}],\"inLanguage\":\"sv-SE\"},{\"@type\":\"Organization\",\"@id\":\"https:\\\/\\\/vmsport.fi\\\/#organization\",\"name\":\"Vmsport\",\"url\":\"https:\\\/\\\/vmsport.fi\\\/\",\"logo\":{\"@type\":\"ImageObject\",\"inLanguage\":\"sv-SE\",\"@id\":\"https:\\\/\\\/vmsport.fi\\\/#\\\/schema\\\/logo\\\/image\\\/\",\"url\":\"https:\\\/\\\/vmsport.fi\\\/wp-content\\\/uploads\\\/2024\\\/12\\\/vm_sport_RGB_horisontal-e1734526017575.png\",\"contentUrl\":\"https:\\\/\\\/vmsport.fi\\\/wp-content\\\/uploads\\\/2024\\\/12\\\/vm_sport_RGB_horisontal-e1734526017575.png\",\"width\":668,\"height\":85,\"caption\":\"Vmsport\"},\"image\":{\"@id\":\"https:\\\/\\\/vmsport.fi\\\/#\\\/schema\\\/logo\\\/image\\\/\"},\"sameAs\":[\"https:\\\/\\\/www.facebook.com\\\/Vmsport.fi\\\/\",\"https:\\\/\\\/www.instagram.com\\\/vmsport\\\/\"]}]}<\/script>\n<!-- \/ Yoast SEO plugin. -->","yoast_head_json":{"title":"K\u00f6rsko GR501 Svart 36 - VM Sport","robots":{"index":"index","follow":"follow","max-snippet":"max-snippet:-1","max-image-preview":"max-image-preview:large","max-video-preview":"max-video-preview:-1"},"canonical":"https:\/\/vmsport.fi\/sv\/webbutik\/korutrustning\/skor\/terrangskor\/drivring-gr501-svart-36\/","og_locale":"sv_SE","og_type":"article","og_title":"Ajokenk\u00e4 GR501 Musta 36 - VM Sport","og_description":"N\u00e4m\u00e4 mustat GR501-ajokeng\u00e4t ovat Shimano-merkkiset, ja ne on suunniteltu erityisesti py\u00f6r\u00e4ilyyn. Kenkien pohjat tarjoavat poikkeuksellisen pidon ja vakaan liikkeen, mik\u00e4 parantaa turvallisuutta ja mukavuutta py\u00f6r\u00e4illess\u00e4. Koko 36 on ihanteellinen niille, jotka etsiv\u00e4t napakkaa ja mukavaa istuvuutta. Valmistettu kest\u00e4vist\u00e4 materiaaleista, jotka takaavat pitk\u00e4n k\u00e4ytt\u00f6i\u00e4n, n\u00e4m\u00e4 keng\u00e4t ovat erinomainen valinta aktiivisille py\u00f6r\u00e4ilij\u00f6ille. [...]L\u00e4s mer \u2026 from Ajokenk\u00e4 GR501 Musta 36","og_url":"https:\/\/vmsport.fi\/sv\/webbutik\/korutrustning\/skor\/terrangskor\/drivring-gr501-svart-36\/","og_site_name":"VM Sport","article_publisher":"https:\/\/www.facebook.com\/Vmsport.fi\/","article_modified_time":"2026-04-22T12:10:39+00:00","og_image":[{"width":600,"height":600,"url":"https:\/\/vmsport.fi\/wp-content\/uploads\/2025\/03\/mRMlPmpx1kWalm1N5PU8yKxjCMgxRat5GE70aVnQC6JQ66sLVi-1.jpg","type":"image\/jpeg"}],"twitter_card":"summary_large_image","schema":{"@context":"https:\/\/schema.org","@graph":[{"@type":["WebPage","ItemPage"],"@id":"https:\/\/vmsport.fi\/verkkokauppa\/ajovarusteet\/kengat\/maastokengat\/ajokenka-gr501-musta-36\/","url":"https:\/\/vmsport.fi\/verkkokauppa\/ajovarusteet\/kengat\/maastokengat\/ajokenka-gr501-musta-36\/","name":"K\u00f6rsko GR501 Svart 36 - VM Sport","isPartOf":{"@id":"https:\/\/vmsport.fi\/#website"},"primaryImageOfPage":{"@id":"https:\/\/vmsport.fi\/verkkokauppa\/ajovarusteet\/kengat\/maastokengat\/ajokenka-gr501-musta-36\/#primaryimage"},"image":{"@id":"https:\/\/vmsport.fi\/verkkokauppa\/ajovarusteet\/kengat\/maastokengat\/ajokenka-gr501-musta-36\/#primaryimage"},"thumbnailUrl":"https:\/\/vmsport.fi\/wp-content\/uploads\/2025\/03\/mRMlPmpx1kWalm1N5PU8yKxjCMgxRat5GE70aVnQC6JQ66sLVi-1.jpg","datePublished":"2025-03-05T22:30:13+00:00","dateModified":"2026-04-22T12:10:39+00:00","breadcrumb":{"@id":"https:\/\/vmsport.fi\/verkkokauppa\/ajovarusteet\/kengat\/maastokengat\/ajokenka-gr501-musta-36\/#breadcrumb"},"inLanguage":"sv-SE","potentialAction":[{"@type":"ReadAction","target":["https:\/\/vmsport.fi\/verkkokauppa\/ajovarusteet\/kengat\/maastokengat\/ajokenka-gr501-musta-36\/"]}]},{"@type":"ImageObject","inLanguage":"sv-SE","@id":"https:\/\/vmsport.fi\/verkkokauppa\/ajovarusteet\/kengat\/maastokengat\/ajokenka-gr501-musta-36\/#primaryimage","url":"https:\/\/vmsport.fi\/wp-content\/uploads\/2025\/03\/mRMlPmpx1kWalm1N5PU8yKxjCMgxRat5GE70aVnQC6JQ66sLVi-1.jpg","contentUrl":"https:\/\/vmsport.fi\/wp-content\/uploads\/2025\/03\/mRMlPmpx1kWalm1N5PU8yKxjCMgxRat5GE70aVnQC6JQ66sLVi-1.jpg","width":600,"height":600,"caption":"mRMlPmpx1kWalm1N5PU8yKxjCMgxRat5GE70aVnQC6JQ66sLVi"},{"@type":"BreadcrumbList","@id":"https:\/\/vmsport.fi\/verkkokauppa\/ajovarusteet\/kengat\/maastokengat\/ajokenka-gr501-musta-36\/#breadcrumb","itemListElement":[{"@type":"ListItem","position":1,"name":"Etusivu","item":"https:\/\/vmsport.fi\/"},{"@type":"ListItem","position":2,"name":"Online Store","item":"https:\/\/vmsport.fi\/en\/online-store\/"},{"@type":"ListItem","position":3,"name":"Ajokenk\u00e4 GR501 Musta 36"}]},{"@type":"WebSite","@id":"https:\/\/vmsport.fi\/#website","url":"https:\/\/vmsport.fi\/","name":"Vmsport","description":"Allt p\u00e5 ett st\u00e4lle f\u00f6r cykling","publisher":{"@id":"https:\/\/vmsport.fi\/#organization"},"potentialAction":[{"@type":"SearchAction","target":{"@type":"EntryPoint","urlTemplate":"https:\/\/vmsport.fi\/?s={search_term_string}"},"query-input":{"@type":"PropertyValueSpecification","valueRequired":true,"valueName":"search_term_string"}}],"inLanguage":"sv-SE"},{"@type":"Organization","@id":"https:\/\/vmsport.fi\/#organization","name":"Vmsport","url":"https:\/\/vmsport.fi\/","logo":{"@type":"ImageObject","inLanguage":"sv-SE","@id":"https:\/\/vmsport.fi\/#\/schema\/logo\/image\/","url":"https:\/\/vmsport.fi\/wp-content\/uploads\/2024\/12\/vm_sport_RGB_horisontal-e1734526017575.png","contentUrl":"https:\/\/vmsport.fi\/wp-content\/uploads\/2024\/12\/vm_sport_RGB_horisontal-e1734526017575.png","width":668,"height":85,"caption":"Vmsport"},"image":{"@id":"https:\/\/vmsport.fi\/#\/schema\/logo\/image\/"},"sameAs":["https:\/\/www.facebook.com\/Vmsport.fi\/","https:\/\/www.instagram.com\/vmsport\/"]}]}},"global_unique_id":"","_links":{"self":[{"href":"https:\/\/vmsport.fi\/sv\/wp-json\/wp\/v2\/product\/57223","targetHints":{"allow":["GET"]}}],"collection":[{"href":"https:\/\/vmsport.fi\/sv\/wp-json\/wp\/v2\/product"}],"about":[{"href":"https:\/\/vmsport.fi\/sv\/wp-json\/wp\/v2\/types\/product"}],"replies":[{"embeddable":true,"href":"https:\/\/vmsport.fi\/sv\/wp-json\/wp\/v2\/comments?post=57223"}],"wp:featuredmedia":[{"embeddable":true,"href":"https:\/\/vmsport.fi\/sv\/wp-json\/wp\/v2\/media\/57222"}],"wp:attachment":[{"href":"https:\/\/vmsport.fi\/sv\/wp-json\/wp\/v2\/media?parent=57223"}],"wp:term":[{"taxonomy":"product_brand","embeddable":true,"href":"https:\/\/vmsport.fi\/sv\/wp-json\/wp\/v2\/product_brand?post=57223"},{"taxonomy":"product_model","embeddable":true,"href":"https:\/\/vmsport.fi\/sv\/wp-json\/wp\/v2\/product_model?post=57223"},{"taxonomy":"product_cat","embeddable":true,"href":"https:\/\/vmsport.fi\/sv\/wp-json\/wp\/v2\/product_cat?post=57223"},{"taxonomy":"product_tag","embeddable":true,"href":"https:\/\/vmsport.fi\/sv\/wp-json\/wp\/v2\/product_tag?post=57223"},{"taxonomy":"industry_terminology","embeddable":true,"href":"https:\/\/vmsport.fi\/sv\/wp-json\/wp\/v2\/industry-terminology?post=57223"}],"curies":[{"name":"wp","href":"https:\/\/api.w.org\/{rel}","templated":true}]}}