{"id":57217,"date":"2025-03-06T00:30:10","date_gmt":"2025-03-05T22:30:10","guid":{"rendered":"https:\/\/vmsport.fi\/verkkokauppa\/Ei-luokiteltu\/trek-e2-fsa-headset-lower-bearing-36-degree\/"},"modified":"2026-03-14T02:00:18","modified_gmt":"2026-03-14T00:00:18","slug":"trek-e2-fsa-headset-nedre-lager-36-grader","status":"publish","type":"product","link":"https:\/\/vmsport.fi\/sv\/verkkokauppa\/varaosat\/ohjaamo\/ohjainlaakerit-ja-osat\/trek-e2-fsa-headset-lower-bearing-36-degree\/","title":{"rendered":"Trek E2 FSA Headset Nedre lager 36 grader"},"content":{"rendered":"<p>Trek E2 FSA Headset Lower Bearing \u00e4r utformat f\u00f6r att passa perfekt i E2-underr\u00f6ret p\u00e5 Trek-cyklar. Det nedre lagret \u00e4r tillverkat av FSA och har en vinkel p\u00e5 36 grader f\u00f6r smidig styrning. Det \u00e4r avsett f\u00f6r anv\u00e4ndning i headsetets lagerenhet, och dess design s\u00e4kerst\u00e4ller optimal prestanda och h\u00e5llbarhet.<\/p>","protected":false},"excerpt":{"rendered":"<p>Trek E2 FSA Headset Lower Bearing on suunniteltu sopimaan t\u00e4ydellisesti Trek-py\u00f6rien E2-em\u00e4putkeen. Valmistajana toimii FSA, ja t\u00e4m\u00e4 alaosan laakeri tarjoaa 36 asteen kulman, mik\u00e4 takaa sujuvan ohjauksen. Se on tarkoitettu k\u00e4ytett\u00e4v\u00e4ksi ohjainlaakerin asennuksessa, ja sen suunnittelu varmistaa optimaalisen suorituskyvyn ja kest\u00e4vyyden. [&#8230;]<\/p>\n<p><a class=\"btn btn-secondary understrap-read-more-link\" href=\"https:\/\/vmsport.fi\/sv\/verkkokauppa\/varaosat\/ohjaamo\/ohjainlaakerit-ja-osat\/trek-e2-fsa-headset-lower-bearing-36-degree\/\">L\u00e4s mer \u2026<span class=\"screen-reader-text\"> from Trek E2 FSA Headset Lower Bearing 36 Degree<\/span><\/a><\/p>\n","protected":false},"featured_media":57216,"comment_status":"open","ping_status":"closed","template":"","meta":{"_acf_changed":false,"_improvement_type_select":"improve_an_existing","_thumb_yes_seoaic":false,"_frame_yes_seoaic":false,"seoaic_generate_description":"","seoaic_improve_instructions_prompt":"","seoaic_rollback_content_improvement":"","seoaic_idea_thumbnail_generator":"","thumbnail_generated":false,"thumbnail_generate_prompt":"","seoaic_article_description":"","_supplier_stock_quantity":0},"product_brand":[37],"product_model":[],"product_cat":[9492],"product_tag":[],"industry-terminology":[],"class_list":{"0":"post-57217","1":"product","2":"type-product","3":"status-publish","4":"has-post-thumbnail","6":"product_brand-trek","7":"product_cat-ohjainlaakerit-ja-osat","9":"first","10":"outofstock","11":"taxable","12":"shipping-taxable","13":"product-type-simple"},"acf":{"bike_features":null,"overview":{"copy_overview":null,"key_features":null,"statement":"","youtube_url":""}},"yoast_head":"<!-- This site is optimized with the Yoast SEO plugin v27.3 - https:\/\/yoast.com\/product\/yoast-seo-wordpress\/ -->\n<title>Trek E2 FSA Headset Lower Bearing 36 Degree - VM Sport<\/title>\n<meta name=\"robots\" content=\"index, follow, max-snippet:-1, max-image-preview:large, max-video-preview:-1\" \/>\n<link rel=\"canonical\" href=\"https:\/\/vmsport.fi\/sv\/webbutik\/reservdelar\/taxi\/styrlager-och-delar\/trek-e2-fsa-headset-nedre-lager-36-grader\/\" \/>\n<meta property=\"og:locale\" content=\"sv_SE\" \/>\n<meta property=\"og:type\" content=\"article\" \/>\n<meta property=\"og:title\" content=\"Trek E2 FSA Headset Lower Bearing 36 Degree - VM Sport\" \/>\n<meta property=\"og:description\" content=\"Trek E2 FSA Headset Lower Bearing on suunniteltu sopimaan t\u00e4ydellisesti Trek-py\u00f6rien E2-em\u00e4putkeen. Valmistajana toimii FSA, ja t\u00e4m\u00e4 alaosan laakeri tarjoaa 36 asteen kulman, mik\u00e4 takaa sujuvan ohjauksen. Se on tarkoitettu k\u00e4ytett\u00e4v\u00e4ksi ohjainlaakerin asennuksessa, ja sen suunnittelu varmistaa optimaalisen suorituskyvyn ja kest\u00e4vyyden. [...]L\u00e4s mer \u2026 from Trek E2 FSA Headset Lower Bearing 36 Degree\" \/>\n<meta property=\"og:url\" content=\"https:\/\/vmsport.fi\/sv\/webbutik\/reservdelar\/taxi\/styrlager-och-delar\/trek-e2-fsa-headset-nedre-lager-36-grader\/\" \/>\n<meta property=\"og:site_name\" content=\"VM Sport\" \/>\n<meta property=\"article:publisher\" content=\"https:\/\/www.facebook.com\/Vmsport.fi\/\" \/>\n<meta property=\"article:modified_time\" content=\"2026-03-14T00:00:18+00:00\" \/>\n<meta property=\"og:image\" content=\"https:\/\/vmsport.fi\/wp-content\/uploads\/2025\/03\/Q0xR0IWuybW3jQFETSgDVoMTcV3XGlXltn8vaKzU33nNQQ2i5z-1.jpg\" \/>\n\t<meta property=\"og:image:width\" content=\"1000\" \/>\n\t<meta property=\"og:image:height\" content=\"539\" \/>\n\t<meta property=\"og:image:type\" content=\"image\/jpeg\" \/>\n<meta name=\"twitter:card\" content=\"summary_large_image\" \/>\n<script type=\"application\/ld+json\" class=\"yoast-schema-graph\">{\"@context\":\"https:\\\/\\\/schema.org\",\"@graph\":[{\"@type\":[\"WebPage\",\"ItemPage\"],\"@id\":\"https:\\\/\\\/vmsport.fi\\\/verkkokauppa\\\/varaosat\\\/ohjaamo\\\/ohjainlaakerit-ja-osat\\\/trek-e2-fsa-headset-lower-bearing-36-degree\\\/\",\"url\":\"https:\\\/\\\/vmsport.fi\\\/verkkokauppa\\\/varaosat\\\/ohjaamo\\\/ohjainlaakerit-ja-osat\\\/trek-e2-fsa-headset-lower-bearing-36-degree\\\/\",\"name\":\"Trek E2 FSA Headset Lower Bearing 36 Degree - VM Sport\",\"isPartOf\":{\"@id\":\"https:\\\/\\\/vmsport.fi\\\/#website\"},\"primaryImageOfPage\":{\"@id\":\"https:\\\/\\\/vmsport.fi\\\/verkkokauppa\\\/varaosat\\\/ohjaamo\\\/ohjainlaakerit-ja-osat\\\/trek-e2-fsa-headset-lower-bearing-36-degree\\\/#primaryimage\"},\"image\":{\"@id\":\"https:\\\/\\\/vmsport.fi\\\/verkkokauppa\\\/varaosat\\\/ohjaamo\\\/ohjainlaakerit-ja-osat\\\/trek-e2-fsa-headset-lower-bearing-36-degree\\\/#primaryimage\"},\"thumbnailUrl\":\"https:\\\/\\\/vmsport.fi\\\/wp-content\\\/uploads\\\/2025\\\/03\\\/Q0xR0IWuybW3jQFETSgDVoMTcV3XGlXltn8vaKzU33nNQQ2i5z-1.jpg\",\"datePublished\":\"2025-03-05T22:30:10+00:00\",\"dateModified\":\"2026-03-14T00:00:18+00:00\",\"breadcrumb\":{\"@id\":\"https:\\\/\\\/vmsport.fi\\\/verkkokauppa\\\/varaosat\\\/ohjaamo\\\/ohjainlaakerit-ja-osat\\\/trek-e2-fsa-headset-lower-bearing-36-degree\\\/#breadcrumb\"},\"inLanguage\":\"sv-SE\",\"potentialAction\":[{\"@type\":\"ReadAction\",\"target\":[\"https:\\\/\\\/vmsport.fi\\\/verkkokauppa\\\/varaosat\\\/ohjaamo\\\/ohjainlaakerit-ja-osat\\\/trek-e2-fsa-headset-lower-bearing-36-degree\\\/\"]}]},{\"@type\":\"ImageObject\",\"inLanguage\":\"sv-SE\",\"@id\":\"https:\\\/\\\/vmsport.fi\\\/verkkokauppa\\\/varaosat\\\/ohjaamo\\\/ohjainlaakerit-ja-osat\\\/trek-e2-fsa-headset-lower-bearing-36-degree\\\/#primaryimage\",\"url\":\"https:\\\/\\\/vmsport.fi\\\/wp-content\\\/uploads\\\/2025\\\/03\\\/Q0xR0IWuybW3jQFETSgDVoMTcV3XGlXltn8vaKzU33nNQQ2i5z-1.jpg\",\"contentUrl\":\"https:\\\/\\\/vmsport.fi\\\/wp-content\\\/uploads\\\/2025\\\/03\\\/Q0xR0IWuybW3jQFETSgDVoMTcV3XGlXltn8vaKzU33nNQQ2i5z-1.jpg\",\"width\":1000,\"height\":539,\"caption\":\"Q0xR0IWuybW3jQFETSgDVoMTcV3XGlXltn8vaKzU33nNQQ2i5z\"},{\"@type\":\"BreadcrumbList\",\"@id\":\"https:\\\/\\\/vmsport.fi\\\/verkkokauppa\\\/varaosat\\\/ohjaamo\\\/ohjainlaakerit-ja-osat\\\/trek-e2-fsa-headset-lower-bearing-36-degree\\\/#breadcrumb\",\"itemListElement\":[{\"@type\":\"ListItem\",\"position\":1,\"name\":\"Etusivu\",\"item\":\"https:\\\/\\\/vmsport.fi\\\/\"},{\"@type\":\"ListItem\",\"position\":2,\"name\":\"Online Store\",\"item\":\"https:\\\/\\\/vmsport.fi\\\/en\\\/online-store\\\/\"},{\"@type\":\"ListItem\",\"position\":3,\"name\":\"Trek polkupy\u00f6r\u00e4t\",\"item\":\"https:\\\/\\\/vmsport.fi\\\/sv\\\/merkki\\\/trek\\\/\"},{\"@type\":\"ListItem\",\"position\":4,\"name\":\"Trek E2 FSA Headset Lower Bearing 36 Degree\"}]},{\"@type\":\"WebSite\",\"@id\":\"https:\\\/\\\/vmsport.fi\\\/#website\",\"url\":\"https:\\\/\\\/vmsport.fi\\\/\",\"name\":\"Vmsport\",\"description\":\"Kaikki py\u00f6r\u00e4ilyyn yhdest\u00e4 paikasta\",\"publisher\":{\"@id\":\"https:\\\/\\\/vmsport.fi\\\/#organization\"},\"potentialAction\":[{\"@type\":\"SearchAction\",\"target\":{\"@type\":\"EntryPoint\",\"urlTemplate\":\"https:\\\/\\\/vmsport.fi\\\/?s={search_term_string}\"},\"query-input\":{\"@type\":\"PropertyValueSpecification\",\"valueRequired\":true,\"valueName\":\"search_term_string\"}}],\"inLanguage\":\"sv-SE\"},{\"@type\":\"Organization\",\"@id\":\"https:\\\/\\\/vmsport.fi\\\/#organization\",\"name\":\"Vmsport\",\"url\":\"https:\\\/\\\/vmsport.fi\\\/\",\"logo\":{\"@type\":\"ImageObject\",\"inLanguage\":\"sv-SE\",\"@id\":\"https:\\\/\\\/vmsport.fi\\\/#\\\/schema\\\/logo\\\/image\\\/\",\"url\":\"https:\\\/\\\/vmsport.fi\\\/wp-content\\\/uploads\\\/2024\\\/12\\\/vm_sport_RGB_horisontal-e1734526017575.png\",\"contentUrl\":\"https:\\\/\\\/vmsport.fi\\\/wp-content\\\/uploads\\\/2024\\\/12\\\/vm_sport_RGB_horisontal-e1734526017575.png\",\"width\":668,\"height\":85,\"caption\":\"Vmsport\"},\"image\":{\"@id\":\"https:\\\/\\\/vmsport.fi\\\/#\\\/schema\\\/logo\\\/image\\\/\"},\"sameAs\":[\"https:\\\/\\\/www.facebook.com\\\/Vmsport.fi\\\/\",\"https:\\\/\\\/www.instagram.com\\\/vmsport\\\/\"]}]}<\/script>\n<!-- \/ Yoast SEO plugin. -->","yoast_head_json":{"title":"Trek E2 FSA Headset Nedre lager 36 grader - VM Sport","robots":{"index":"index","follow":"follow","max-snippet":"max-snippet:-1","max-image-preview":"max-image-preview:large","max-video-preview":"max-video-preview:-1"},"canonical":"https:\/\/vmsport.fi\/sv\/webbutik\/reservdelar\/taxi\/styrlager-och-delar\/trek-e2-fsa-headset-nedre-lager-36-grader\/","og_locale":"sv_SE","og_type":"article","og_title":"Trek E2 FSA Headset Lower Bearing 36 Degree - VM Sport","og_description":"Trek E2 FSA Headset Lower Bearing on suunniteltu sopimaan t\u00e4ydellisesti Trek-py\u00f6rien E2-em\u00e4putkeen. Valmistajana toimii FSA, ja t\u00e4m\u00e4 alaosan laakeri tarjoaa 36 asteen kulman, mik\u00e4 takaa sujuvan ohjauksen. Se on tarkoitettu k\u00e4ytett\u00e4v\u00e4ksi ohjainlaakerin asennuksessa, ja sen suunnittelu varmistaa optimaalisen suorituskyvyn ja kest\u00e4vyyden. [...]L\u00e4s mer \u2026 from Trek E2 FSA Headset Lower Bearing 36 Degree","og_url":"https:\/\/vmsport.fi\/sv\/webbutik\/reservdelar\/taxi\/styrlager-och-delar\/trek-e2-fsa-headset-nedre-lager-36-grader\/","og_site_name":"VM Sport","article_publisher":"https:\/\/www.facebook.com\/Vmsport.fi\/","article_modified_time":"2026-03-14T00:00:18+00:00","og_image":[{"width":1000,"height":539,"url":"https:\/\/vmsport.fi\/wp-content\/uploads\/2025\/03\/Q0xR0IWuybW3jQFETSgDVoMTcV3XGlXltn8vaKzU33nNQQ2i5z-1.jpg","type":"image\/jpeg"}],"twitter_card":"summary_large_image","schema":{"@context":"https:\/\/schema.org","@graph":[{"@type":["WebPage","ItemPage"],"@id":"https:\/\/vmsport.fi\/verkkokauppa\/varaosat\/ohjaamo\/ohjainlaakerit-ja-osat\/trek-e2-fsa-headset-lower-bearing-36-degree\/","url":"https:\/\/vmsport.fi\/verkkokauppa\/varaosat\/ohjaamo\/ohjainlaakerit-ja-osat\/trek-e2-fsa-headset-lower-bearing-36-degree\/","name":"Trek E2 FSA Headset Nedre lager 36 grader - VM Sport","isPartOf":{"@id":"https:\/\/vmsport.fi\/#website"},"primaryImageOfPage":{"@id":"https:\/\/vmsport.fi\/verkkokauppa\/varaosat\/ohjaamo\/ohjainlaakerit-ja-osat\/trek-e2-fsa-headset-lower-bearing-36-degree\/#primaryimage"},"image":{"@id":"https:\/\/vmsport.fi\/verkkokauppa\/varaosat\/ohjaamo\/ohjainlaakerit-ja-osat\/trek-e2-fsa-headset-lower-bearing-36-degree\/#primaryimage"},"thumbnailUrl":"https:\/\/vmsport.fi\/wp-content\/uploads\/2025\/03\/Q0xR0IWuybW3jQFETSgDVoMTcV3XGlXltn8vaKzU33nNQQ2i5z-1.jpg","datePublished":"2025-03-05T22:30:10+00:00","dateModified":"2026-03-14T00:00:18+00:00","breadcrumb":{"@id":"https:\/\/vmsport.fi\/verkkokauppa\/varaosat\/ohjaamo\/ohjainlaakerit-ja-osat\/trek-e2-fsa-headset-lower-bearing-36-degree\/#breadcrumb"},"inLanguage":"sv-SE","potentialAction":[{"@type":"ReadAction","target":["https:\/\/vmsport.fi\/verkkokauppa\/varaosat\/ohjaamo\/ohjainlaakerit-ja-osat\/trek-e2-fsa-headset-lower-bearing-36-degree\/"]}]},{"@type":"ImageObject","inLanguage":"sv-SE","@id":"https:\/\/vmsport.fi\/verkkokauppa\/varaosat\/ohjaamo\/ohjainlaakerit-ja-osat\/trek-e2-fsa-headset-lower-bearing-36-degree\/#primaryimage","url":"https:\/\/vmsport.fi\/wp-content\/uploads\/2025\/03\/Q0xR0IWuybW3jQFETSgDVoMTcV3XGlXltn8vaKzU33nNQQ2i5z-1.jpg","contentUrl":"https:\/\/vmsport.fi\/wp-content\/uploads\/2025\/03\/Q0xR0IWuybW3jQFETSgDVoMTcV3XGlXltn8vaKzU33nNQQ2i5z-1.jpg","width":1000,"height":539,"caption":"Q0xR0IWuybW3jQFETSgDVoMTcV3XGlXltn8vaKzU33nNQQ2i5z"},{"@type":"BreadcrumbList","@id":"https:\/\/vmsport.fi\/verkkokauppa\/varaosat\/ohjaamo\/ohjainlaakerit-ja-osat\/trek-e2-fsa-headset-lower-bearing-36-degree\/#breadcrumb","itemListElement":[{"@type":"ListItem","position":1,"name":"Etusivu","item":"https:\/\/vmsport.fi\/"},{"@type":"ListItem","position":2,"name":"Online Store","item":"https:\/\/vmsport.fi\/en\/online-store\/"},{"@type":"ListItem","position":3,"name":"Trek polkupy\u00f6r\u00e4t","item":"https:\/\/vmsport.fi\/sv\/merkki\/trek\/"},{"@type":"ListItem","position":4,"name":"Trek E2 FSA Headset Lower Bearing 36 Degree"}]},{"@type":"WebSite","@id":"https:\/\/vmsport.fi\/#website","url":"https:\/\/vmsport.fi\/","name":"Vmsport","description":"Allt p\u00e5 ett st\u00e4lle f\u00f6r cykling","publisher":{"@id":"https:\/\/vmsport.fi\/#organization"},"potentialAction":[{"@type":"SearchAction","target":{"@type":"EntryPoint","urlTemplate":"https:\/\/vmsport.fi\/?s={search_term_string}"},"query-input":{"@type":"PropertyValueSpecification","valueRequired":true,"valueName":"search_term_string"}}],"inLanguage":"sv-SE"},{"@type":"Organization","@id":"https:\/\/vmsport.fi\/#organization","name":"Vmsport","url":"https:\/\/vmsport.fi\/","logo":{"@type":"ImageObject","inLanguage":"sv-SE","@id":"https:\/\/vmsport.fi\/#\/schema\/logo\/image\/","url":"https:\/\/vmsport.fi\/wp-content\/uploads\/2024\/12\/vm_sport_RGB_horisontal-e1734526017575.png","contentUrl":"https:\/\/vmsport.fi\/wp-content\/uploads\/2024\/12\/vm_sport_RGB_horisontal-e1734526017575.png","width":668,"height":85,"caption":"Vmsport"},"image":{"@id":"https:\/\/vmsport.fi\/#\/schema\/logo\/image\/"},"sameAs":["https:\/\/www.facebook.com\/Vmsport.fi\/","https:\/\/www.instagram.com\/vmsport\/"]}]}},"global_unique_id":"","_links":{"self":[{"href":"https:\/\/vmsport.fi\/sv\/wp-json\/wp\/v2\/product\/57217","targetHints":{"allow":["GET"]}}],"collection":[{"href":"https:\/\/vmsport.fi\/sv\/wp-json\/wp\/v2\/product"}],"about":[{"href":"https:\/\/vmsport.fi\/sv\/wp-json\/wp\/v2\/types\/product"}],"replies":[{"embeddable":true,"href":"https:\/\/vmsport.fi\/sv\/wp-json\/wp\/v2\/comments?post=57217"}],"wp:featuredmedia":[{"embeddable":true,"href":"https:\/\/vmsport.fi\/sv\/wp-json\/wp\/v2\/media\/57216"}],"wp:attachment":[{"href":"https:\/\/vmsport.fi\/sv\/wp-json\/wp\/v2\/media?parent=57217"}],"wp:term":[{"taxonomy":"product_brand","embeddable":true,"href":"https:\/\/vmsport.fi\/sv\/wp-json\/wp\/v2\/product_brand?post=57217"},{"taxonomy":"product_model","embeddable":true,"href":"https:\/\/vmsport.fi\/sv\/wp-json\/wp\/v2\/product_model?post=57217"},{"taxonomy":"product_cat","embeddable":true,"href":"https:\/\/vmsport.fi\/sv\/wp-json\/wp\/v2\/product_cat?post=57217"},{"taxonomy":"product_tag","embeddable":true,"href":"https:\/\/vmsport.fi\/sv\/wp-json\/wp\/v2\/product_tag?post=57217"},{"taxonomy":"industry_terminology","embeddable":true,"href":"https:\/\/vmsport.fi\/sv\/wp-json\/wp\/v2\/industry-terminology?post=57217"}],"curies":[{"name":"wp","href":"https:\/\/api.w.org\/{rel}","templated":true}]}}