{"id":57203,"date":"2025-03-06T00:30:02","date_gmt":"2025-03-05T22:30:02","guid":{"rendered":"https:\/\/vmsport.fi\/verkkokauppa\/Ei-luokiteltu\/fox-ranger-fire-pyorailyhanska-musta\/"},"modified":"2026-01-16T13:30:28","modified_gmt":"2026-01-16T11:30:28","slug":"fox-ranger-fire-pyorail-handske-svart","status":"publish","type":"product","link":"https:\/\/vmsport.fi\/sv\/verkkokauppa\/ajovarusteet\/vaatteet\/pyorailyhanskat\/fox-ranger-fire-pyorailyhanska-musta\/","title":{"rendered":"Fox Ranger Fire Cykelhandske Svart"},"content":{"rendered":"<p>Fox Ranger Fire cykelhandskar \u00e4r m\u00e5ngsidiga, svarta cykelhandskar som kombinerar praktik och stil f\u00f6r den kr\u00e4sne cyklisten. De har utm\u00e4rkt grepp och en flexibel konstruktion f\u00f6r komfort och kontroll i en m\u00e4ngd olika cykelsituationer. Materialet har noga valts ut f\u00f6r att skydda mot kyla och f\u00f6rb\u00e4ttra r\u00f6rligheten. Den ergonomiska designen ger en perfekt passform och \u00f6kar h\u00e5llbarheten. Modellen med Fox-logotypen \u00e4r speciellt utformad f\u00f6r att f\u00f6rhindra att h\u00e4nderna glider av fr\u00e5n styret. Med de h\u00e4r handskarna kan du koncentrera dig p\u00e5 att cykla i alla v\u00e4derf\u00f6rh\u00e5llanden.<\/p>","protected":false},"excerpt":{"rendered":"<p>Fox Ranger Fire -py\u00f6r\u00e4ilyhanskat ovat monik\u00e4ytt\u00f6iset, mustat ajohanskat, jotka yhdist\u00e4v\u00e4t k\u00e4yt\u00e4nn\u00f6llisyyden ja tyylikkyyden vaativille py\u00f6r\u00e4ilij\u00f6ille. Niiss\u00e4 on erinomainen pito ja joustava rakenne, joka takaa mukavuuden ja hallinnan erilaisissa ajotilanteissa. Hanskojen materiaali on huolella valittu suojaamaan kylm\u00e4lt\u00e4 ja parantamaan liikkuvuutta. Ergonominen muotoilu takaa t\u00e4ydellisen istuvuuden ja lis\u00e4\u00e4 kest\u00e4vyytt\u00e4. Fox-logolla varustettu malli on suunniteltu erityisesti est\u00e4m\u00e4\u00e4n k\u00e4sien [&#8230;]<\/p>\n<p><a class=\"btn btn-secondary understrap-read-more-link\" href=\"https:\/\/vmsport.fi\/sv\/verkkokauppa\/ajovarusteet\/vaatteet\/pyorailyhanskat\/fox-ranger-fire-pyorailyhanska-musta\/\">L\u00e4s mer \u2026<span class=\"screen-reader-text\"> from Fox Ranger Fire Py\u00f6r\u00e4ilyhanska Musta<\/span><\/a><\/p>\n","protected":false},"featured_media":57201,"comment_status":"open","ping_status":"closed","template":"","meta":{"_acf_changed":false,"_improvement_type_select":"improve_an_existing","_thumb_yes_seoaic":false,"_frame_yes_seoaic":false,"seoaic_generate_description":"","seoaic_improve_instructions_prompt":"","seoaic_rollback_content_improvement":"","seoaic_idea_thumbnail_generator":"","thumbnail_generated":false,"thumbnail_generate_prompt":"","seoaic_article_description":"","_supplier_stock_quantity":0},"product_brand":[45],"product_model":[],"product_cat":[9454],"product_tag":[],"industry-terminology":[],"class_list":{"0":"post-57203","1":"product","2":"type-product","3":"status-publish","4":"has-post-thumbnail","6":"product_brand-fox","7":"product_cat-pyorailyhanskat","9":"first","10":"outofstock","11":"taxable","12":"shipping-taxable","13":"product-type-variable"},"acf":{"bike_features":null,"overview":{"copy_overview":null,"key_features":null,"statement":"","youtube_url":""}},"yoast_head":"<!-- This site is optimized with the Yoast SEO plugin v27.3 - https:\/\/yoast.com\/product\/yoast-seo-wordpress\/ -->\n<title>Fox Ranger Fire Py\u00f6r\u00e4ilyhanska Musta - VM Sport<\/title>\n<meta name=\"robots\" content=\"index, follow, max-snippet:-1, max-image-preview:large, max-video-preview:-1\" \/>\n<link rel=\"canonical\" href=\"https:\/\/vmsport.fi\/sv\/webbutik\/korutrustning\/klader\/pyorailhandskar\/fox-ranger-fire-pyorail-handske-svart\/\" \/>\n<meta property=\"og:locale\" content=\"sv_SE\" \/>\n<meta property=\"og:type\" content=\"article\" \/>\n<meta property=\"og:title\" content=\"Fox Ranger Fire Py\u00f6r\u00e4ilyhanska Musta - VM Sport\" \/>\n<meta property=\"og:description\" content=\"Fox Ranger Fire -py\u00f6r\u00e4ilyhanskat ovat monik\u00e4ytt\u00f6iset, mustat ajohanskat, jotka yhdist\u00e4v\u00e4t k\u00e4yt\u00e4nn\u00f6llisyyden ja tyylikkyyden vaativille py\u00f6r\u00e4ilij\u00f6ille. Niiss\u00e4 on erinomainen pito ja joustava rakenne, joka takaa mukavuuden ja hallinnan erilaisissa ajotilanteissa. Hanskojen materiaali on huolella valittu suojaamaan kylm\u00e4lt\u00e4 ja parantamaan liikkuvuutta. Ergonominen muotoilu takaa t\u00e4ydellisen istuvuuden ja lis\u00e4\u00e4 kest\u00e4vyytt\u00e4. Fox-logolla varustettu malli on suunniteltu erityisesti est\u00e4m\u00e4\u00e4n k\u00e4sien [...]L\u00e4s mer \u2026 from Fox Ranger Fire Py\u00f6r\u00e4ilyhanska Musta\" \/>\n<meta property=\"og:url\" content=\"https:\/\/vmsport.fi\/sv\/webbutik\/korutrustning\/klader\/pyorailhandskar\/fox-ranger-fire-pyorail-handske-svart\/\" \/>\n<meta property=\"og:site_name\" content=\"VM Sport\" \/>\n<meta property=\"article:publisher\" content=\"https:\/\/www.facebook.com\/Vmsport.fi\/\" \/>\n<meta property=\"article:modified_time\" content=\"2026-01-16T11:30:28+00:00\" \/>\n<meta property=\"og:image\" content=\"https:\/\/vmsport.fi\/wp-content\/uploads\/2025\/03\/24172-001-1-1.png\" \/>\n\t<meta property=\"og:image:width\" content=\"547\" \/>\n\t<meta property=\"og:image:height\" content=\"1000\" \/>\n\t<meta property=\"og:image:type\" content=\"image\/png\" \/>\n<meta name=\"twitter:card\" content=\"summary_large_image\" \/>\n<script type=\"application\/ld+json\" class=\"yoast-schema-graph\">{\"@context\":\"https:\\\/\\\/schema.org\",\"@graph\":[{\"@type\":[\"WebPage\",\"ItemPage\"],\"@id\":\"https:\\\/\\\/vmsport.fi\\\/verkkokauppa\\\/ajovarusteet\\\/vaatteet\\\/pyorailyhanskat\\\/fox-ranger-fire-pyorailyhanska-musta\\\/\",\"url\":\"https:\\\/\\\/vmsport.fi\\\/verkkokauppa\\\/ajovarusteet\\\/vaatteet\\\/pyorailyhanskat\\\/fox-ranger-fire-pyorailyhanska-musta\\\/\",\"name\":\"Fox Ranger Fire Py\u00f6r\u00e4ilyhanska Musta - VM Sport\",\"isPartOf\":{\"@id\":\"https:\\\/\\\/vmsport.fi\\\/#website\"},\"primaryImageOfPage\":{\"@id\":\"https:\\\/\\\/vmsport.fi\\\/verkkokauppa\\\/ajovarusteet\\\/vaatteet\\\/pyorailyhanskat\\\/fox-ranger-fire-pyorailyhanska-musta\\\/#primaryimage\"},\"image\":{\"@id\":\"https:\\\/\\\/vmsport.fi\\\/verkkokauppa\\\/ajovarusteet\\\/vaatteet\\\/pyorailyhanskat\\\/fox-ranger-fire-pyorailyhanska-musta\\\/#primaryimage\"},\"thumbnailUrl\":\"https:\\\/\\\/vmsport.fi\\\/wp-content\\\/uploads\\\/2025\\\/03\\\/24172-001-1-1.png\",\"datePublished\":\"2025-03-05T22:30:02+00:00\",\"dateModified\":\"2026-01-16T11:30:28+00:00\",\"breadcrumb\":{\"@id\":\"https:\\\/\\\/vmsport.fi\\\/verkkokauppa\\\/ajovarusteet\\\/vaatteet\\\/pyorailyhanskat\\\/fox-ranger-fire-pyorailyhanska-musta\\\/#breadcrumb\"},\"inLanguage\":\"sv-SE\",\"potentialAction\":[{\"@type\":\"ReadAction\",\"target\":[\"https:\\\/\\\/vmsport.fi\\\/verkkokauppa\\\/ajovarusteet\\\/vaatteet\\\/pyorailyhanskat\\\/fox-ranger-fire-pyorailyhanska-musta\\\/\"]}]},{\"@type\":\"ImageObject\",\"inLanguage\":\"sv-SE\",\"@id\":\"https:\\\/\\\/vmsport.fi\\\/verkkokauppa\\\/ajovarusteet\\\/vaatteet\\\/pyorailyhanskat\\\/fox-ranger-fire-pyorailyhanska-musta\\\/#primaryimage\",\"url\":\"https:\\\/\\\/vmsport.fi\\\/wp-content\\\/uploads\\\/2025\\\/03\\\/24172-001-1-1.png\",\"contentUrl\":\"https:\\\/\\\/vmsport.fi\\\/wp-content\\\/uploads\\\/2025\\\/03\\\/24172-001-1-1.png\",\"width\":547,\"height\":1000,\"caption\":\"24172-001-1\"},{\"@type\":\"BreadcrumbList\",\"@id\":\"https:\\\/\\\/vmsport.fi\\\/verkkokauppa\\\/ajovarusteet\\\/vaatteet\\\/pyorailyhanskat\\\/fox-ranger-fire-pyorailyhanska-musta\\\/#breadcrumb\",\"itemListElement\":[{\"@type\":\"ListItem\",\"position\":1,\"name\":\"Etusivu\",\"item\":\"https:\\\/\\\/vmsport.fi\\\/\"},{\"@type\":\"ListItem\",\"position\":2,\"name\":\"Online Store\",\"item\":\"https:\\\/\\\/vmsport.fi\\\/en\\\/online-store\\\/\"},{\"@type\":\"ListItem\",\"position\":3,\"name\":\"Fox Ranger Fire Py\u00f6r\u00e4ilyhanska Musta\"}]},{\"@type\":\"WebSite\",\"@id\":\"https:\\\/\\\/vmsport.fi\\\/#website\",\"url\":\"https:\\\/\\\/vmsport.fi\\\/\",\"name\":\"Vmsport\",\"description\":\"Kaikki py\u00f6r\u00e4ilyyn yhdest\u00e4 paikasta\",\"publisher\":{\"@id\":\"https:\\\/\\\/vmsport.fi\\\/#organization\"},\"potentialAction\":[{\"@type\":\"SearchAction\",\"target\":{\"@type\":\"EntryPoint\",\"urlTemplate\":\"https:\\\/\\\/vmsport.fi\\\/?s={search_term_string}\"},\"query-input\":{\"@type\":\"PropertyValueSpecification\",\"valueRequired\":true,\"valueName\":\"search_term_string\"}}],\"inLanguage\":\"sv-SE\"},{\"@type\":\"Organization\",\"@id\":\"https:\\\/\\\/vmsport.fi\\\/#organization\",\"name\":\"Vmsport\",\"url\":\"https:\\\/\\\/vmsport.fi\\\/\",\"logo\":{\"@type\":\"ImageObject\",\"inLanguage\":\"sv-SE\",\"@id\":\"https:\\\/\\\/vmsport.fi\\\/#\\\/schema\\\/logo\\\/image\\\/\",\"url\":\"https:\\\/\\\/vmsport.fi\\\/wp-content\\\/uploads\\\/2024\\\/12\\\/vm_sport_RGB_horisontal-e1734526017575.png\",\"contentUrl\":\"https:\\\/\\\/vmsport.fi\\\/wp-content\\\/uploads\\\/2024\\\/12\\\/vm_sport_RGB_horisontal-e1734526017575.png\",\"width\":668,\"height\":85,\"caption\":\"Vmsport\"},\"image\":{\"@id\":\"https:\\\/\\\/vmsport.fi\\\/#\\\/schema\\\/logo\\\/image\\\/\"},\"sameAs\":[\"https:\\\/\\\/www.facebook.com\\\/Vmsport.fi\\\/\",\"https:\\\/\\\/www.instagram.com\\\/vmsport\\\/\"]}]}<\/script>\n<!-- \/ Yoast SEO plugin. -->","yoast_head_json":{"title":"Fox Ranger Fire Cykelhandskar Svart - VM Sport","robots":{"index":"index","follow":"follow","max-snippet":"max-snippet:-1","max-image-preview":"max-image-preview:large","max-video-preview":"max-video-preview:-1"},"canonical":"https:\/\/vmsport.fi\/sv\/webbutik\/korutrustning\/klader\/pyorailhandskar\/fox-ranger-fire-pyorail-handske-svart\/","og_locale":"sv_SE","og_type":"article","og_title":"Fox Ranger Fire Py\u00f6r\u00e4ilyhanska Musta - VM Sport","og_description":"Fox Ranger Fire -py\u00f6r\u00e4ilyhanskat ovat monik\u00e4ytt\u00f6iset, mustat ajohanskat, jotka yhdist\u00e4v\u00e4t k\u00e4yt\u00e4nn\u00f6llisyyden ja tyylikkyyden vaativille py\u00f6r\u00e4ilij\u00f6ille. Niiss\u00e4 on erinomainen pito ja joustava rakenne, joka takaa mukavuuden ja hallinnan erilaisissa ajotilanteissa. Hanskojen materiaali on huolella valittu suojaamaan kylm\u00e4lt\u00e4 ja parantamaan liikkuvuutta. Ergonominen muotoilu takaa t\u00e4ydellisen istuvuuden ja lis\u00e4\u00e4 kest\u00e4vyytt\u00e4. Fox-logolla varustettu malli on suunniteltu erityisesti est\u00e4m\u00e4\u00e4n k\u00e4sien [...]L\u00e4s mer \u2026 from Fox Ranger Fire Py\u00f6r\u00e4ilyhanska Musta","og_url":"https:\/\/vmsport.fi\/sv\/webbutik\/korutrustning\/klader\/pyorailhandskar\/fox-ranger-fire-pyorail-handske-svart\/","og_site_name":"VM Sport","article_publisher":"https:\/\/www.facebook.com\/Vmsport.fi\/","article_modified_time":"2026-01-16T11:30:28+00:00","og_image":[{"width":547,"height":1000,"url":"https:\/\/vmsport.fi\/wp-content\/uploads\/2025\/03\/24172-001-1-1.png","type":"image\/png"}],"twitter_card":"summary_large_image","schema":{"@context":"https:\/\/schema.org","@graph":[{"@type":["WebPage","ItemPage"],"@id":"https:\/\/vmsport.fi\/verkkokauppa\/ajovarusteet\/vaatteet\/pyorailyhanskat\/fox-ranger-fire-pyorailyhanska-musta\/","url":"https:\/\/vmsport.fi\/verkkokauppa\/ajovarusteet\/vaatteet\/pyorailyhanskat\/fox-ranger-fire-pyorailyhanska-musta\/","name":"Fox Ranger Fire Cykelhandskar Svart - VM Sport","isPartOf":{"@id":"https:\/\/vmsport.fi\/#website"},"primaryImageOfPage":{"@id":"https:\/\/vmsport.fi\/verkkokauppa\/ajovarusteet\/vaatteet\/pyorailyhanskat\/fox-ranger-fire-pyorailyhanska-musta\/#primaryimage"},"image":{"@id":"https:\/\/vmsport.fi\/verkkokauppa\/ajovarusteet\/vaatteet\/pyorailyhanskat\/fox-ranger-fire-pyorailyhanska-musta\/#primaryimage"},"thumbnailUrl":"https:\/\/vmsport.fi\/wp-content\/uploads\/2025\/03\/24172-001-1-1.png","datePublished":"2025-03-05T22:30:02+00:00","dateModified":"2026-01-16T11:30:28+00:00","breadcrumb":{"@id":"https:\/\/vmsport.fi\/verkkokauppa\/ajovarusteet\/vaatteet\/pyorailyhanskat\/fox-ranger-fire-pyorailyhanska-musta\/#breadcrumb"},"inLanguage":"sv-SE","potentialAction":[{"@type":"ReadAction","target":["https:\/\/vmsport.fi\/verkkokauppa\/ajovarusteet\/vaatteet\/pyorailyhanskat\/fox-ranger-fire-pyorailyhanska-musta\/"]}]},{"@type":"ImageObject","inLanguage":"sv-SE","@id":"https:\/\/vmsport.fi\/verkkokauppa\/ajovarusteet\/vaatteet\/pyorailyhanskat\/fox-ranger-fire-pyorailyhanska-musta\/#primaryimage","url":"https:\/\/vmsport.fi\/wp-content\/uploads\/2025\/03\/24172-001-1-1.png","contentUrl":"https:\/\/vmsport.fi\/wp-content\/uploads\/2025\/03\/24172-001-1-1.png","width":547,"height":1000,"caption":"24172-001-1"},{"@type":"BreadcrumbList","@id":"https:\/\/vmsport.fi\/verkkokauppa\/ajovarusteet\/vaatteet\/pyorailyhanskat\/fox-ranger-fire-pyorailyhanska-musta\/#breadcrumb","itemListElement":[{"@type":"ListItem","position":1,"name":"Etusivu","item":"https:\/\/vmsport.fi\/"},{"@type":"ListItem","position":2,"name":"Online Store","item":"https:\/\/vmsport.fi\/en\/online-store\/"},{"@type":"ListItem","position":3,"name":"Fox Ranger Fire Py\u00f6r\u00e4ilyhanska Musta"}]},{"@type":"WebSite","@id":"https:\/\/vmsport.fi\/#website","url":"https:\/\/vmsport.fi\/","name":"Vmsport","description":"Allt p\u00e5 ett st\u00e4lle f\u00f6r cykling","publisher":{"@id":"https:\/\/vmsport.fi\/#organization"},"potentialAction":[{"@type":"SearchAction","target":{"@type":"EntryPoint","urlTemplate":"https:\/\/vmsport.fi\/?s={search_term_string}"},"query-input":{"@type":"PropertyValueSpecification","valueRequired":true,"valueName":"search_term_string"}}],"inLanguage":"sv-SE"},{"@type":"Organization","@id":"https:\/\/vmsport.fi\/#organization","name":"Vmsport","url":"https:\/\/vmsport.fi\/","logo":{"@type":"ImageObject","inLanguage":"sv-SE","@id":"https:\/\/vmsport.fi\/#\/schema\/logo\/image\/","url":"https:\/\/vmsport.fi\/wp-content\/uploads\/2024\/12\/vm_sport_RGB_horisontal-e1734526017575.png","contentUrl":"https:\/\/vmsport.fi\/wp-content\/uploads\/2024\/12\/vm_sport_RGB_horisontal-e1734526017575.png","width":668,"height":85,"caption":"Vmsport"},"image":{"@id":"https:\/\/vmsport.fi\/#\/schema\/logo\/image\/"},"sameAs":["https:\/\/www.facebook.com\/Vmsport.fi\/","https:\/\/www.instagram.com\/vmsport\/"]}]}},"global_unique_id":"","_links":{"self":[{"href":"https:\/\/vmsport.fi\/sv\/wp-json\/wp\/v2\/product\/57203","targetHints":{"allow":["GET"]}}],"collection":[{"href":"https:\/\/vmsport.fi\/sv\/wp-json\/wp\/v2\/product"}],"about":[{"href":"https:\/\/vmsport.fi\/sv\/wp-json\/wp\/v2\/types\/product"}],"replies":[{"embeddable":true,"href":"https:\/\/vmsport.fi\/sv\/wp-json\/wp\/v2\/comments?post=57203"}],"wp:featuredmedia":[{"embeddable":true,"href":"https:\/\/vmsport.fi\/sv\/wp-json\/wp\/v2\/media\/57201"}],"wp:attachment":[{"href":"https:\/\/vmsport.fi\/sv\/wp-json\/wp\/v2\/media?parent=57203"}],"wp:term":[{"taxonomy":"product_brand","embeddable":true,"href":"https:\/\/vmsport.fi\/sv\/wp-json\/wp\/v2\/product_brand?post=57203"},{"taxonomy":"product_model","embeddable":true,"href":"https:\/\/vmsport.fi\/sv\/wp-json\/wp\/v2\/product_model?post=57203"},{"taxonomy":"product_cat","embeddable":true,"href":"https:\/\/vmsport.fi\/sv\/wp-json\/wp\/v2\/product_cat?post=57203"},{"taxonomy":"product_tag","embeddable":true,"href":"https:\/\/vmsport.fi\/sv\/wp-json\/wp\/v2\/product_tag?post=57203"},{"taxonomy":"industry_terminology","embeddable":true,"href":"https:\/\/vmsport.fi\/sv\/wp-json\/wp\/v2\/industry-terminology?post=57203"}],"curies":[{"name":"wp","href":"https:\/\/api.w.org\/{rel}","templated":true}]}}