{"id":57200,"date":"2025-03-06T00:29:59","date_gmt":"2025-03-05T22:29:59","guid":{"rendered":"https:\/\/vmsport.fi\/verkkokauppa\/Ei-luokiteltu\/xlc-gr-s31-lime-130-mm\/"},"modified":"2026-01-16T13:25:20","modified_gmt":"2026-01-16T11:25:20","slug":"xlc-gr-s31-kalk-130-mm","status":"publish","type":"product","link":"https:\/\/vmsport.fi\/sv\/verkkokauppa\/varaosat\/ohjaamo\/gripit\/xlc-gr-s31-lime-130-mm\/","title":{"rendered":"XLC GR-S31 Kalk 130 mm"},"content":{"rendered":"<p>XLC GR-S31 har snygga och praktiska styrhandtag som sticker ut med sin fr\u00e4scha limegr\u00f6na f\u00e4rg. Den ergonomiska utformningen av dessa 130 mm l\u00e5nga handtag f\u00f6rb\u00e4ttrar k\u00f6rkomforten och kontrollen, vilket g\u00f6r dem idealiska f\u00f6r l\u00e5nga turer. Noggrant utvalda material g\u00f6r den h\u00e4r produkten till en h\u00e5llbar och p\u00e5litlig partner. Det utm\u00e4rkta greppet \u00f6kar k\u00f6rs\u00e4kerheten och den unika f\u00e4rgen g\u00f6r att din cykel f\u00e5r en helt ny look.<\/p>","protected":false},"excerpt":{"rendered":"<p>XLC GR-S31 on tyylikk\u00e4\u00e4t ja k\u00e4yt\u00e4nn\u00f6lliset ohjaustangon kahvat, jotka erottuvat raikkaalla limenvihre\u00e4ll\u00e4 v\u00e4rill\u00e4\u00e4n. N\u00e4iden 130 mm pitkien kahvojen ergonominen muotoilu parantaa ajomukavuutta ja hallittavuutta, mink\u00e4 ansiosta ne sopivat erinomaisesti pitkille ajomatkoille. Huolella valitut materiaalit tekev\u00e4t t\u00e4st\u00e4 tuotteesta kest\u00e4v\u00e4n ja luotettavan kumppanin. Erinomainen pito lis\u00e4\u00e4 ajoturvallisuutta, samalla kun niiden ainutlaatuinen v\u00e4ri viimeistelee py\u00f6r\u00e4si ulkon\u00e4\u00f6n. [&#8230;]<\/p>\n<p><a class=\"btn btn-secondary understrap-read-more-link\" href=\"https:\/\/vmsport.fi\/sv\/verkkokauppa\/varaosat\/ohjaamo\/gripit\/xlc-gr-s31-lime-130-mm\/\">L\u00e4s mer \u2026<span class=\"screen-reader-text\"> from XLC GR-S31 Lime 130 mm<\/span><\/a><\/p>\n","protected":false},"featured_media":57199,"comment_status":"open","ping_status":"closed","template":"","meta":{"_acf_changed":false,"_improvement_type_select":"improve_an_existing","_thumb_yes_seoaic":false,"_frame_yes_seoaic":false,"seoaic_generate_description":"","seoaic_improve_instructions_prompt":"","seoaic_rollback_content_improvement":"","seoaic_idea_thumbnail_generator":"","thumbnail_generated":false,"thumbnail_generate_prompt":"","seoaic_article_description":"","_supplier_stock_quantity":0},"product_brand":[],"product_model":[],"product_cat":[9292],"product_tag":[],"industry-terminology":[],"class_list":{"0":"post-57200","1":"product","2":"type-product","3":"status-publish","4":"has-post-thumbnail","6":"product_cat-gripit","8":"first","9":"outofstock","10":"taxable","11":"shipping-taxable","12":"product-type-simple"},"acf":{"bike_features":null,"overview":{"copy_overview":null,"key_features":null,"statement":"","youtube_url":""}},"yoast_head":"<!-- This site is optimized with the Yoast SEO plugin v27.3 - https:\/\/yoast.com\/product\/yoast-seo-wordpress\/ -->\n<title>XLC GR-S31 Lime 130 mm - VM Sport<\/title>\n<meta name=\"robots\" content=\"index, follow, max-snippet:-1, max-image-preview:large, max-video-preview:-1\" \/>\n<link rel=\"canonical\" href=\"https:\/\/vmsport.fi\/sv\/webbutik\/reservdelar\/taxi\/grepp\/xlc-gr-s31-kalk-130-mm\/\" \/>\n<meta property=\"og:locale\" content=\"sv_SE\" \/>\n<meta property=\"og:type\" content=\"article\" \/>\n<meta property=\"og:title\" content=\"XLC GR-S31 Lime 130 mm - VM Sport\" \/>\n<meta property=\"og:description\" content=\"XLC GR-S31 on tyylikk\u00e4\u00e4t ja k\u00e4yt\u00e4nn\u00f6lliset ohjaustangon kahvat, jotka erottuvat raikkaalla limenvihre\u00e4ll\u00e4 v\u00e4rill\u00e4\u00e4n. N\u00e4iden 130 mm pitkien kahvojen ergonominen muotoilu parantaa ajomukavuutta ja hallittavuutta, mink\u00e4 ansiosta ne sopivat erinomaisesti pitkille ajomatkoille. Huolella valitut materiaalit tekev\u00e4t t\u00e4st\u00e4 tuotteesta kest\u00e4v\u00e4n ja luotettavan kumppanin. Erinomainen pito lis\u00e4\u00e4 ajoturvallisuutta, samalla kun niiden ainutlaatuinen v\u00e4ri viimeistelee py\u00f6r\u00e4si ulkon\u00e4\u00f6n. [...]L\u00e4s mer \u2026 from XLC GR-S31 Lime 130 mm\" \/>\n<meta property=\"og:url\" content=\"https:\/\/vmsport.fi\/sv\/webbutik\/reservdelar\/taxi\/grepp\/xlc-gr-s31-kalk-130-mm\/\" \/>\n<meta property=\"og:site_name\" content=\"VM Sport\" \/>\n<meta property=\"article:publisher\" content=\"https:\/\/www.facebook.com\/Vmsport.fi\/\" \/>\n<meta property=\"article:modified_time\" content=\"2026-01-16T11:25:20+00:00\" \/>\n<meta property=\"og:image\" content=\"https:\/\/vmsport.fi\/wp-content\/uploads\/2025\/03\/lFBvGZ65McYNQ6ZbKduSkyheoNDJdLS8yiCfJWJWdOJoOSxBjr-1.jpg\" \/>\n\t<meta property=\"og:image:width\" content=\"800\" \/>\n\t<meta property=\"og:image:height\" content=\"800\" \/>\n\t<meta property=\"og:image:type\" content=\"image\/jpeg\" \/>\n<meta name=\"twitter:card\" content=\"summary_large_image\" \/>\n<script type=\"application\/ld+json\" class=\"yoast-schema-graph\">{\"@context\":\"https:\\\/\\\/schema.org\",\"@graph\":[{\"@type\":[\"WebPage\",\"ItemPage\"],\"@id\":\"https:\\\/\\\/vmsport.fi\\\/verkkokauppa\\\/varaosat\\\/ohjaamo\\\/gripit\\\/xlc-gr-s31-lime-130-mm\\\/\",\"url\":\"https:\\\/\\\/vmsport.fi\\\/verkkokauppa\\\/varaosat\\\/ohjaamo\\\/gripit\\\/xlc-gr-s31-lime-130-mm\\\/\",\"name\":\"XLC GR-S31 Lime 130 mm - VM Sport\",\"isPartOf\":{\"@id\":\"https:\\\/\\\/vmsport.fi\\\/#website\"},\"primaryImageOfPage\":{\"@id\":\"https:\\\/\\\/vmsport.fi\\\/verkkokauppa\\\/varaosat\\\/ohjaamo\\\/gripit\\\/xlc-gr-s31-lime-130-mm\\\/#primaryimage\"},\"image\":{\"@id\":\"https:\\\/\\\/vmsport.fi\\\/verkkokauppa\\\/varaosat\\\/ohjaamo\\\/gripit\\\/xlc-gr-s31-lime-130-mm\\\/#primaryimage\"},\"thumbnailUrl\":\"https:\\\/\\\/vmsport.fi\\\/wp-content\\\/uploads\\\/2025\\\/03\\\/lFBvGZ65McYNQ6ZbKduSkyheoNDJdLS8yiCfJWJWdOJoOSxBjr-1.jpg\",\"datePublished\":\"2025-03-05T22:29:59+00:00\",\"dateModified\":\"2026-01-16T11:25:20+00:00\",\"breadcrumb\":{\"@id\":\"https:\\\/\\\/vmsport.fi\\\/verkkokauppa\\\/varaosat\\\/ohjaamo\\\/gripit\\\/xlc-gr-s31-lime-130-mm\\\/#breadcrumb\"},\"inLanguage\":\"sv-SE\",\"potentialAction\":[{\"@type\":\"ReadAction\",\"target\":[\"https:\\\/\\\/vmsport.fi\\\/verkkokauppa\\\/varaosat\\\/ohjaamo\\\/gripit\\\/xlc-gr-s31-lime-130-mm\\\/\"]}]},{\"@type\":\"ImageObject\",\"inLanguage\":\"sv-SE\",\"@id\":\"https:\\\/\\\/vmsport.fi\\\/verkkokauppa\\\/varaosat\\\/ohjaamo\\\/gripit\\\/xlc-gr-s31-lime-130-mm\\\/#primaryimage\",\"url\":\"https:\\\/\\\/vmsport.fi\\\/wp-content\\\/uploads\\\/2025\\\/03\\\/lFBvGZ65McYNQ6ZbKduSkyheoNDJdLS8yiCfJWJWdOJoOSxBjr-1.jpg\",\"contentUrl\":\"https:\\\/\\\/vmsport.fi\\\/wp-content\\\/uploads\\\/2025\\\/03\\\/lFBvGZ65McYNQ6ZbKduSkyheoNDJdLS8yiCfJWJWdOJoOSxBjr-1.jpg\",\"width\":800,\"height\":800,\"caption\":\"lFBvGZ65McYNQ6ZbKduSkyheoNDJdLS8yiCfJWJWdOJoOSxBjr\"},{\"@type\":\"BreadcrumbList\",\"@id\":\"https:\\\/\\\/vmsport.fi\\\/verkkokauppa\\\/varaosat\\\/ohjaamo\\\/gripit\\\/xlc-gr-s31-lime-130-mm\\\/#breadcrumb\",\"itemListElement\":[{\"@type\":\"ListItem\",\"position\":1,\"name\":\"Etusivu\",\"item\":\"https:\\\/\\\/vmsport.fi\\\/\"},{\"@type\":\"ListItem\",\"position\":2,\"name\":\"Online Store\",\"item\":\"https:\\\/\\\/vmsport.fi\\\/en\\\/online-store\\\/\"},{\"@type\":\"ListItem\",\"position\":3,\"name\":\"XLC GR-S31 Lime 130 mm\"}]},{\"@type\":\"WebSite\",\"@id\":\"https:\\\/\\\/vmsport.fi\\\/#website\",\"url\":\"https:\\\/\\\/vmsport.fi\\\/\",\"name\":\"Vmsport\",\"description\":\"Kaikki py\u00f6r\u00e4ilyyn yhdest\u00e4 paikasta\",\"publisher\":{\"@id\":\"https:\\\/\\\/vmsport.fi\\\/#organization\"},\"potentialAction\":[{\"@type\":\"SearchAction\",\"target\":{\"@type\":\"EntryPoint\",\"urlTemplate\":\"https:\\\/\\\/vmsport.fi\\\/?s={search_term_string}\"},\"query-input\":{\"@type\":\"PropertyValueSpecification\",\"valueRequired\":true,\"valueName\":\"search_term_string\"}}],\"inLanguage\":\"sv-SE\"},{\"@type\":\"Organization\",\"@id\":\"https:\\\/\\\/vmsport.fi\\\/#organization\",\"name\":\"Vmsport\",\"url\":\"https:\\\/\\\/vmsport.fi\\\/\",\"logo\":{\"@type\":\"ImageObject\",\"inLanguage\":\"sv-SE\",\"@id\":\"https:\\\/\\\/vmsport.fi\\\/#\\\/schema\\\/logo\\\/image\\\/\",\"url\":\"https:\\\/\\\/vmsport.fi\\\/wp-content\\\/uploads\\\/2024\\\/12\\\/vm_sport_RGB_horisontal-e1734526017575.png\",\"contentUrl\":\"https:\\\/\\\/vmsport.fi\\\/wp-content\\\/uploads\\\/2024\\\/12\\\/vm_sport_RGB_horisontal-e1734526017575.png\",\"width\":668,\"height\":85,\"caption\":\"Vmsport\"},\"image\":{\"@id\":\"https:\\\/\\\/vmsport.fi\\\/#\\\/schema\\\/logo\\\/image\\\/\"},\"sameAs\":[\"https:\\\/\\\/www.facebook.com\\\/Vmsport.fi\\\/\",\"https:\\\/\\\/www.instagram.com\\\/vmsport\\\/\"]}]}<\/script>\n<!-- \/ Yoast SEO plugin. -->","yoast_head_json":{"title":"XLC GR-S31 Lime 130 mm - VM Sport","robots":{"index":"index","follow":"follow","max-snippet":"max-snippet:-1","max-image-preview":"max-image-preview:large","max-video-preview":"max-video-preview:-1"},"canonical":"https:\/\/vmsport.fi\/sv\/webbutik\/reservdelar\/taxi\/grepp\/xlc-gr-s31-kalk-130-mm\/","og_locale":"sv_SE","og_type":"article","og_title":"XLC GR-S31 Lime 130 mm - VM Sport","og_description":"XLC GR-S31 on tyylikk\u00e4\u00e4t ja k\u00e4yt\u00e4nn\u00f6lliset ohjaustangon kahvat, jotka erottuvat raikkaalla limenvihre\u00e4ll\u00e4 v\u00e4rill\u00e4\u00e4n. N\u00e4iden 130 mm pitkien kahvojen ergonominen muotoilu parantaa ajomukavuutta ja hallittavuutta, mink\u00e4 ansiosta ne sopivat erinomaisesti pitkille ajomatkoille. Huolella valitut materiaalit tekev\u00e4t t\u00e4st\u00e4 tuotteesta kest\u00e4v\u00e4n ja luotettavan kumppanin. Erinomainen pito lis\u00e4\u00e4 ajoturvallisuutta, samalla kun niiden ainutlaatuinen v\u00e4ri viimeistelee py\u00f6r\u00e4si ulkon\u00e4\u00f6n. [...]L\u00e4s mer \u2026 from XLC GR-S31 Lime 130 mm","og_url":"https:\/\/vmsport.fi\/sv\/webbutik\/reservdelar\/taxi\/grepp\/xlc-gr-s31-kalk-130-mm\/","og_site_name":"VM Sport","article_publisher":"https:\/\/www.facebook.com\/Vmsport.fi\/","article_modified_time":"2026-01-16T11:25:20+00:00","og_image":[{"width":800,"height":800,"url":"https:\/\/vmsport.fi\/wp-content\/uploads\/2025\/03\/lFBvGZ65McYNQ6ZbKduSkyheoNDJdLS8yiCfJWJWdOJoOSxBjr-1.jpg","type":"image\/jpeg"}],"twitter_card":"summary_large_image","schema":{"@context":"https:\/\/schema.org","@graph":[{"@type":["WebPage","ItemPage"],"@id":"https:\/\/vmsport.fi\/verkkokauppa\/varaosat\/ohjaamo\/gripit\/xlc-gr-s31-lime-130-mm\/","url":"https:\/\/vmsport.fi\/verkkokauppa\/varaosat\/ohjaamo\/gripit\/xlc-gr-s31-lime-130-mm\/","name":"XLC GR-S31 Lime 130 mm - VM Sport","isPartOf":{"@id":"https:\/\/vmsport.fi\/#website"},"primaryImageOfPage":{"@id":"https:\/\/vmsport.fi\/verkkokauppa\/varaosat\/ohjaamo\/gripit\/xlc-gr-s31-lime-130-mm\/#primaryimage"},"image":{"@id":"https:\/\/vmsport.fi\/verkkokauppa\/varaosat\/ohjaamo\/gripit\/xlc-gr-s31-lime-130-mm\/#primaryimage"},"thumbnailUrl":"https:\/\/vmsport.fi\/wp-content\/uploads\/2025\/03\/lFBvGZ65McYNQ6ZbKduSkyheoNDJdLS8yiCfJWJWdOJoOSxBjr-1.jpg","datePublished":"2025-03-05T22:29:59+00:00","dateModified":"2026-01-16T11:25:20+00:00","breadcrumb":{"@id":"https:\/\/vmsport.fi\/verkkokauppa\/varaosat\/ohjaamo\/gripit\/xlc-gr-s31-lime-130-mm\/#breadcrumb"},"inLanguage":"sv-SE","potentialAction":[{"@type":"ReadAction","target":["https:\/\/vmsport.fi\/verkkokauppa\/varaosat\/ohjaamo\/gripit\/xlc-gr-s31-lime-130-mm\/"]}]},{"@type":"ImageObject","inLanguage":"sv-SE","@id":"https:\/\/vmsport.fi\/verkkokauppa\/varaosat\/ohjaamo\/gripit\/xlc-gr-s31-lime-130-mm\/#primaryimage","url":"https:\/\/vmsport.fi\/wp-content\/uploads\/2025\/03\/lFBvGZ65McYNQ6ZbKduSkyheoNDJdLS8yiCfJWJWdOJoOSxBjr-1.jpg","contentUrl":"https:\/\/vmsport.fi\/wp-content\/uploads\/2025\/03\/lFBvGZ65McYNQ6ZbKduSkyheoNDJdLS8yiCfJWJWdOJoOSxBjr-1.jpg","width":800,"height":800,"caption":"lFBvGZ65McYNQ6ZbKduSkyheoNDJdLS8yiCfJWJWdOJoOSxBjr"},{"@type":"BreadcrumbList","@id":"https:\/\/vmsport.fi\/verkkokauppa\/varaosat\/ohjaamo\/gripit\/xlc-gr-s31-lime-130-mm\/#breadcrumb","itemListElement":[{"@type":"ListItem","position":1,"name":"Etusivu","item":"https:\/\/vmsport.fi\/"},{"@type":"ListItem","position":2,"name":"Online Store","item":"https:\/\/vmsport.fi\/en\/online-store\/"},{"@type":"ListItem","position":3,"name":"XLC GR-S31 Lime 130 mm"}]},{"@type":"WebSite","@id":"https:\/\/vmsport.fi\/#website","url":"https:\/\/vmsport.fi\/","name":"Vmsport","description":"Allt p\u00e5 ett st\u00e4lle f\u00f6r cykling","publisher":{"@id":"https:\/\/vmsport.fi\/#organization"},"potentialAction":[{"@type":"SearchAction","target":{"@type":"EntryPoint","urlTemplate":"https:\/\/vmsport.fi\/?s={search_term_string}"},"query-input":{"@type":"PropertyValueSpecification","valueRequired":true,"valueName":"search_term_string"}}],"inLanguage":"sv-SE"},{"@type":"Organization","@id":"https:\/\/vmsport.fi\/#organization","name":"Vmsport","url":"https:\/\/vmsport.fi\/","logo":{"@type":"ImageObject","inLanguage":"sv-SE","@id":"https:\/\/vmsport.fi\/#\/schema\/logo\/image\/","url":"https:\/\/vmsport.fi\/wp-content\/uploads\/2024\/12\/vm_sport_RGB_horisontal-e1734526017575.png","contentUrl":"https:\/\/vmsport.fi\/wp-content\/uploads\/2024\/12\/vm_sport_RGB_horisontal-e1734526017575.png","width":668,"height":85,"caption":"Vmsport"},"image":{"@id":"https:\/\/vmsport.fi\/#\/schema\/logo\/image\/"},"sameAs":["https:\/\/www.facebook.com\/Vmsport.fi\/","https:\/\/www.instagram.com\/vmsport\/"]}]}},"global_unique_id":"","_links":{"self":[{"href":"https:\/\/vmsport.fi\/sv\/wp-json\/wp\/v2\/product\/57200","targetHints":{"allow":["GET"]}}],"collection":[{"href":"https:\/\/vmsport.fi\/sv\/wp-json\/wp\/v2\/product"}],"about":[{"href":"https:\/\/vmsport.fi\/sv\/wp-json\/wp\/v2\/types\/product"}],"replies":[{"embeddable":true,"href":"https:\/\/vmsport.fi\/sv\/wp-json\/wp\/v2\/comments?post=57200"}],"wp:featuredmedia":[{"embeddable":true,"href":"https:\/\/vmsport.fi\/sv\/wp-json\/wp\/v2\/media\/57199"}],"wp:attachment":[{"href":"https:\/\/vmsport.fi\/sv\/wp-json\/wp\/v2\/media?parent=57200"}],"wp:term":[{"taxonomy":"product_brand","embeddable":true,"href":"https:\/\/vmsport.fi\/sv\/wp-json\/wp\/v2\/product_brand?post=57200"},{"taxonomy":"product_model","embeddable":true,"href":"https:\/\/vmsport.fi\/sv\/wp-json\/wp\/v2\/product_model?post=57200"},{"taxonomy":"product_cat","embeddable":true,"href":"https:\/\/vmsport.fi\/sv\/wp-json\/wp\/v2\/product_cat?post=57200"},{"taxonomy":"product_tag","embeddable":true,"href":"https:\/\/vmsport.fi\/sv\/wp-json\/wp\/v2\/product_tag?post=57200"},{"taxonomy":"industry_terminology","embeddable":true,"href":"https:\/\/vmsport.fi\/sv\/wp-json\/wp\/v2\/industry-terminology?post=57200"}],"curies":[{"name":"wp","href":"https:\/\/api.w.org\/{rel}","templated":true}]}}