{"id":57196,"date":"2025-03-06T00:29:57","date_gmt":"2025-03-05T22:29:57","guid":{"rendered":"https:\/\/vmsport.fi\/verkkokauppa\/Ei-luokiteltu\/disc-brake-tubing-for-mt4-to-mt-trail-sl-black\/"},"modified":"2026-04-22T15:01:55","modified_gmt":"2026-04-22T12:01:55","slug":"skivbromsslang-for-mt4-till-mt-trail-sl-svart","status":"publish","type":"product","link":"https:\/\/vmsport.fi\/sv\/verkkokauppa\/varaosat\/jarrut\/vaijerit-kuoret-ja-muut-jarruosat\/disc-brake-tubing-for-mt4-to-mt-trail-sl-black\/","title":{"rendered":"Skivbromsslang f\u00f6r MT4 till MT TRAIL SL, svart"},"content":{"rendered":"<p>Den h\u00e4r bromsslangen \u00e4r utformad f\u00f6r att passa modellerna MT4 upp till MT TRAIL SL och ger en j\u00e4mn och tillf\u00f6rlitlig bromsning under cyklingen. Den eleganta svarta f\u00e4rgen sm\u00e4lter harmoniskt in i alla ramf\u00e4rger och f\u00f6rb\u00e4ttrar cykelns estetiska utseende. Det hydrauliska bromssystemet ger utm\u00e4rkt bromsprestanda n\u00e4r du cyklar i oj\u00e4mn terr\u00e4ng. Den h\u00e4r bromsslangen \u00e4r ett utm\u00e4rkt val f\u00f6r att s\u00e4kerst\u00e4lla en s\u00e4ker och tillf\u00f6rlitlig cykelupplevelse.<\/p>","protected":false},"excerpt":{"rendered":"<p>T\u00e4m\u00e4 jarruletku on suunniteltu soveltuvaksi malleista MT4 aina MT TRAIL SL:\u00e4\u00e4n asti, mik\u00e4 takaa tasaisen ja luotettavan jarrutuksen py\u00f6r\u00e4ilyn aikana. Tyylik\u00e4s musta v\u00e4ri sulautuu harmonisesti kaikkiin runkov\u00e4reihin, korostaen py\u00f6r\u00e4n esteettist\u00e4 ulkon\u00e4k\u00f6\u00e4. Hydraulinen jarruj\u00e4rjestelm\u00e4 tuottaa erinomaista jarrutehoa, kun ajoreitti kulkee vaikeakulkuisissa maastoissa. T\u00e4m\u00e4 jarruletku on erinomainen valinta varmistamaan turvallisen ja luotettavan py\u00f6r\u00e4ilyel\u00e4myksen. [&#8230;]<\/p>\n<p><a class=\"btn btn-secondary understrap-read-more-link\" href=\"https:\/\/vmsport.fi\/sv\/verkkokauppa\/varaosat\/jarrut\/vaijerit-kuoret-ja-muut-jarruosat\/disc-brake-tubing-for-mt4-to-mt-trail-sl-black\/\">L\u00e4s mer \u2026<span class=\"screen-reader-text\"> from Disc brake tubing for MT4 to MT TRAIL SL, black<\/span><\/a><\/p>\n","protected":false},"featured_media":57195,"comment_status":"open","ping_status":"closed","template":"","meta":{"_acf_changed":false,"_improvement_type_select":"improve_an_existing","_thumb_yes_seoaic":false,"_frame_yes_seoaic":false,"seoaic_generate_description":"","seoaic_improve_instructions_prompt":"","seoaic_rollback_content_improvement":"","seoaic_idea_thumbnail_generator":"","thumbnail_generated":false,"thumbnail_generate_prompt":"","seoaic_article_description":"","_supplier_stock_quantity":0},"product_brand":[],"product_model":[],"product_cat":[9338],"product_tag":[],"industry-terminology":[],"class_list":{"0":"post-57196","1":"product","2":"type-product","3":"status-publish","4":"has-post-thumbnail","6":"product_cat-vaijerit-kuoret-ja-muut-jarruosat","8":"first","9":"outofstock","10":"taxable","11":"shipping-taxable","12":"product-type-simple"},"acf":{"bike_features":null,"overview":{"copy_overview":null,"key_features":null,"statement":"","youtube_url":""}},"yoast_head":"<!-- This site is optimized with the Yoast SEO plugin v27.4 - https:\/\/yoast.com\/product\/yoast-seo-wordpress\/ -->\n<title>Disc brake tubing for MT4 to MT TRAIL SL, black - VM Sport<\/title>\n<meta name=\"robots\" content=\"index, follow, max-snippet:-1, max-image-preview:large, max-video-preview:-1\" \/>\n<link rel=\"canonical\" href=\"https:\/\/vmsport.fi\/sv\/webbutik\/reservdelar\/bromsar\/linor-skivor-och-andra-bromsdelar\/skivbromsslang-for-mt4-till-mt-trail-sl-svart\/\" \/>\n<meta property=\"og:locale\" content=\"sv_SE\" \/>\n<meta property=\"og:type\" content=\"article\" \/>\n<meta property=\"og:title\" content=\"Disc brake tubing for MT4 to MT TRAIL SL, black - VM Sport\" \/>\n<meta property=\"og:description\" content=\"T\u00e4m\u00e4 jarruletku on suunniteltu soveltuvaksi malleista MT4 aina MT TRAIL SL:\u00e4\u00e4n asti, mik\u00e4 takaa tasaisen ja luotettavan jarrutuksen py\u00f6r\u00e4ilyn aikana. Tyylik\u00e4s musta v\u00e4ri sulautuu harmonisesti kaikkiin runkov\u00e4reihin, korostaen py\u00f6r\u00e4n esteettist\u00e4 ulkon\u00e4k\u00f6\u00e4. Hydraulinen jarruj\u00e4rjestelm\u00e4 tuottaa erinomaista jarrutehoa, kun ajoreitti kulkee vaikeakulkuisissa maastoissa. T\u00e4m\u00e4 jarruletku on erinomainen valinta varmistamaan turvallisen ja luotettavan py\u00f6r\u00e4ilyel\u00e4myksen. [...]L\u00e4s mer \u2026 from Disc brake tubing for MT4 to MT TRAIL SL, black\" \/>\n<meta property=\"og:url\" content=\"https:\/\/vmsport.fi\/sv\/webbutik\/reservdelar\/bromsar\/linor-skivor-och-andra-bromsdelar\/skivbromsslang-for-mt4-till-mt-trail-sl-svart\/\" \/>\n<meta property=\"og:site_name\" content=\"VM Sport\" \/>\n<meta property=\"article:publisher\" content=\"https:\/\/www.facebook.com\/Vmsport.fi\/\" \/>\n<meta property=\"article:modified_time\" content=\"2026-04-22T12:01:55+00:00\" \/>\n<meta property=\"og:image\" content=\"https:\/\/vmsport.fi\/wp-content\/uploads\/2025\/03\/2702632-1200Wx1200H-1.png\" \/>\n\t<meta property=\"og:image:width\" content=\"1000\" \/>\n\t<meta property=\"og:image:height\" content=\"1000\" \/>\n\t<meta property=\"og:image:type\" content=\"image\/png\" \/>\n<meta name=\"twitter:card\" content=\"summary_large_image\" \/>\n<script type=\"application\/ld+json\" class=\"yoast-schema-graph\">{\"@context\":\"https:\\\/\\\/schema.org\",\"@graph\":[{\"@type\":[\"WebPage\",\"ItemPage\"],\"@id\":\"https:\\\/\\\/vmsport.fi\\\/verkkokauppa\\\/varaosat\\\/jarrut\\\/vaijerit-kuoret-ja-muut-jarruosat\\\/disc-brake-tubing-for-mt4-to-mt-trail-sl-black\\\/\",\"url\":\"https:\\\/\\\/vmsport.fi\\\/verkkokauppa\\\/varaosat\\\/jarrut\\\/vaijerit-kuoret-ja-muut-jarruosat\\\/disc-brake-tubing-for-mt4-to-mt-trail-sl-black\\\/\",\"name\":\"Disc brake tubing for MT4 to MT TRAIL SL, black - VM Sport\",\"isPartOf\":{\"@id\":\"https:\\\/\\\/vmsport.fi\\\/#website\"},\"primaryImageOfPage\":{\"@id\":\"https:\\\/\\\/vmsport.fi\\\/verkkokauppa\\\/varaosat\\\/jarrut\\\/vaijerit-kuoret-ja-muut-jarruosat\\\/disc-brake-tubing-for-mt4-to-mt-trail-sl-black\\\/#primaryimage\"},\"image\":{\"@id\":\"https:\\\/\\\/vmsport.fi\\\/verkkokauppa\\\/varaosat\\\/jarrut\\\/vaijerit-kuoret-ja-muut-jarruosat\\\/disc-brake-tubing-for-mt4-to-mt-trail-sl-black\\\/#primaryimage\"},\"thumbnailUrl\":\"https:\\\/\\\/vmsport.fi\\\/wp-content\\\/uploads\\\/2025\\\/03\\\/2702632-1200Wx1200H-1.png\",\"datePublished\":\"2025-03-05T22:29:57+00:00\",\"dateModified\":\"2026-04-22T12:01:55+00:00\",\"breadcrumb\":{\"@id\":\"https:\\\/\\\/vmsport.fi\\\/verkkokauppa\\\/varaosat\\\/jarrut\\\/vaijerit-kuoret-ja-muut-jarruosat\\\/disc-brake-tubing-for-mt4-to-mt-trail-sl-black\\\/#breadcrumb\"},\"inLanguage\":\"sv-SE\",\"potentialAction\":[{\"@type\":\"ReadAction\",\"target\":[\"https:\\\/\\\/vmsport.fi\\\/verkkokauppa\\\/varaosat\\\/jarrut\\\/vaijerit-kuoret-ja-muut-jarruosat\\\/disc-brake-tubing-for-mt4-to-mt-trail-sl-black\\\/\"]}]},{\"@type\":\"ImageObject\",\"inLanguage\":\"sv-SE\",\"@id\":\"https:\\\/\\\/vmsport.fi\\\/verkkokauppa\\\/varaosat\\\/jarrut\\\/vaijerit-kuoret-ja-muut-jarruosat\\\/disc-brake-tubing-for-mt4-to-mt-trail-sl-black\\\/#primaryimage\",\"url\":\"https:\\\/\\\/vmsport.fi\\\/wp-content\\\/uploads\\\/2025\\\/03\\\/2702632-1200Wx1200H-1.png\",\"contentUrl\":\"https:\\\/\\\/vmsport.fi\\\/wp-content\\\/uploads\\\/2025\\\/03\\\/2702632-1200Wx1200H-1.png\",\"width\":1000,\"height\":1000,\"caption\":\"2702632-1200Wx1200H\"},{\"@type\":\"BreadcrumbList\",\"@id\":\"https:\\\/\\\/vmsport.fi\\\/verkkokauppa\\\/varaosat\\\/jarrut\\\/vaijerit-kuoret-ja-muut-jarruosat\\\/disc-brake-tubing-for-mt4-to-mt-trail-sl-black\\\/#breadcrumb\",\"itemListElement\":[{\"@type\":\"ListItem\",\"position\":1,\"name\":\"Etusivu\",\"item\":\"https:\\\/\\\/vmsport.fi\\\/\"},{\"@type\":\"ListItem\",\"position\":2,\"name\":\"Online Store\",\"item\":\"https:\\\/\\\/vmsport.fi\\\/en\\\/online-store\\\/\"},{\"@type\":\"ListItem\",\"position\":3,\"name\":\"Disc brake tubing for MT4 to MT TRAIL SL, black\"}]},{\"@type\":\"WebSite\",\"@id\":\"https:\\\/\\\/vmsport.fi\\\/#website\",\"url\":\"https:\\\/\\\/vmsport.fi\\\/\",\"name\":\"Vmsport\",\"description\":\"Kaikki py\u00f6r\u00e4ilyyn yhdest\u00e4 paikasta\",\"publisher\":{\"@id\":\"https:\\\/\\\/vmsport.fi\\\/#organization\"},\"potentialAction\":[{\"@type\":\"SearchAction\",\"target\":{\"@type\":\"EntryPoint\",\"urlTemplate\":\"https:\\\/\\\/vmsport.fi\\\/?s={search_term_string}\"},\"query-input\":{\"@type\":\"PropertyValueSpecification\",\"valueRequired\":true,\"valueName\":\"search_term_string\"}}],\"inLanguage\":\"sv-SE\"},{\"@type\":\"Organization\",\"@id\":\"https:\\\/\\\/vmsport.fi\\\/#organization\",\"name\":\"Vmsport\",\"url\":\"https:\\\/\\\/vmsport.fi\\\/\",\"logo\":{\"@type\":\"ImageObject\",\"inLanguage\":\"sv-SE\",\"@id\":\"https:\\\/\\\/vmsport.fi\\\/#\\\/schema\\\/logo\\\/image\\\/\",\"url\":\"https:\\\/\\\/vmsport.fi\\\/wp-content\\\/uploads\\\/2024\\\/12\\\/vm_sport_RGB_horisontal-e1734526017575.png\",\"contentUrl\":\"https:\\\/\\\/vmsport.fi\\\/wp-content\\\/uploads\\\/2024\\\/12\\\/vm_sport_RGB_horisontal-e1734526017575.png\",\"width\":668,\"height\":85,\"caption\":\"Vmsport\"},\"image\":{\"@id\":\"https:\\\/\\\/vmsport.fi\\\/#\\\/schema\\\/logo\\\/image\\\/\"},\"sameAs\":[\"https:\\\/\\\/www.facebook.com\\\/Vmsport.fi\\\/\",\"https:\\\/\\\/www.instagram.com\\\/vmsport\\\/\"]}]}<\/script>\n<!-- \/ Yoast SEO plugin. -->","yoast_head_json":{"title":"Skivbromsr\u00f6r f\u00f6r MT4 till MT TRAIL SL, svart - VM Sport","robots":{"index":"index","follow":"follow","max-snippet":"max-snippet:-1","max-image-preview":"max-image-preview:large","max-video-preview":"max-video-preview:-1"},"canonical":"https:\/\/vmsport.fi\/sv\/webbutik\/reservdelar\/bromsar\/linor-skivor-och-andra-bromsdelar\/skivbromsslang-for-mt4-till-mt-trail-sl-svart\/","og_locale":"sv_SE","og_type":"article","og_title":"Disc brake tubing for MT4 to MT TRAIL SL, black - VM Sport","og_description":"T\u00e4m\u00e4 jarruletku on suunniteltu soveltuvaksi malleista MT4 aina MT TRAIL SL:\u00e4\u00e4n asti, mik\u00e4 takaa tasaisen ja luotettavan jarrutuksen py\u00f6r\u00e4ilyn aikana. Tyylik\u00e4s musta v\u00e4ri sulautuu harmonisesti kaikkiin runkov\u00e4reihin, korostaen py\u00f6r\u00e4n esteettist\u00e4 ulkon\u00e4k\u00f6\u00e4. Hydraulinen jarruj\u00e4rjestelm\u00e4 tuottaa erinomaista jarrutehoa, kun ajoreitti kulkee vaikeakulkuisissa maastoissa. T\u00e4m\u00e4 jarruletku on erinomainen valinta varmistamaan turvallisen ja luotettavan py\u00f6r\u00e4ilyel\u00e4myksen. [...]L\u00e4s mer \u2026 from Disc brake tubing for MT4 to MT TRAIL SL, black","og_url":"https:\/\/vmsport.fi\/sv\/webbutik\/reservdelar\/bromsar\/linor-skivor-och-andra-bromsdelar\/skivbromsslang-for-mt4-till-mt-trail-sl-svart\/","og_site_name":"VM Sport","article_publisher":"https:\/\/www.facebook.com\/Vmsport.fi\/","article_modified_time":"2026-04-22T12:01:55+00:00","og_image":[{"width":1000,"height":1000,"url":"https:\/\/vmsport.fi\/wp-content\/uploads\/2025\/03\/2702632-1200Wx1200H-1.png","type":"image\/png"}],"twitter_card":"summary_large_image","schema":{"@context":"https:\/\/schema.org","@graph":[{"@type":["WebPage","ItemPage"],"@id":"https:\/\/vmsport.fi\/verkkokauppa\/varaosat\/jarrut\/vaijerit-kuoret-ja-muut-jarruosat\/disc-brake-tubing-for-mt4-to-mt-trail-sl-black\/","url":"https:\/\/vmsport.fi\/verkkokauppa\/varaosat\/jarrut\/vaijerit-kuoret-ja-muut-jarruosat\/disc-brake-tubing-for-mt4-to-mt-trail-sl-black\/","name":"Skivbromsr\u00f6r f\u00f6r MT4 till MT TRAIL SL, svart - VM Sport","isPartOf":{"@id":"https:\/\/vmsport.fi\/#website"},"primaryImageOfPage":{"@id":"https:\/\/vmsport.fi\/verkkokauppa\/varaosat\/jarrut\/vaijerit-kuoret-ja-muut-jarruosat\/disc-brake-tubing-for-mt4-to-mt-trail-sl-black\/#primaryimage"},"image":{"@id":"https:\/\/vmsport.fi\/verkkokauppa\/varaosat\/jarrut\/vaijerit-kuoret-ja-muut-jarruosat\/disc-brake-tubing-for-mt4-to-mt-trail-sl-black\/#primaryimage"},"thumbnailUrl":"https:\/\/vmsport.fi\/wp-content\/uploads\/2025\/03\/2702632-1200Wx1200H-1.png","datePublished":"2025-03-05T22:29:57+00:00","dateModified":"2026-04-22T12:01:55+00:00","breadcrumb":{"@id":"https:\/\/vmsport.fi\/verkkokauppa\/varaosat\/jarrut\/vaijerit-kuoret-ja-muut-jarruosat\/disc-brake-tubing-for-mt4-to-mt-trail-sl-black\/#breadcrumb"},"inLanguage":"sv-SE","potentialAction":[{"@type":"ReadAction","target":["https:\/\/vmsport.fi\/verkkokauppa\/varaosat\/jarrut\/vaijerit-kuoret-ja-muut-jarruosat\/disc-brake-tubing-for-mt4-to-mt-trail-sl-black\/"]}]},{"@type":"ImageObject","inLanguage":"sv-SE","@id":"https:\/\/vmsport.fi\/verkkokauppa\/varaosat\/jarrut\/vaijerit-kuoret-ja-muut-jarruosat\/disc-brake-tubing-for-mt4-to-mt-trail-sl-black\/#primaryimage","url":"https:\/\/vmsport.fi\/wp-content\/uploads\/2025\/03\/2702632-1200Wx1200H-1.png","contentUrl":"https:\/\/vmsport.fi\/wp-content\/uploads\/2025\/03\/2702632-1200Wx1200H-1.png","width":1000,"height":1000,"caption":"2702632-1200Wx1200H"},{"@type":"BreadcrumbList","@id":"https:\/\/vmsport.fi\/verkkokauppa\/varaosat\/jarrut\/vaijerit-kuoret-ja-muut-jarruosat\/disc-brake-tubing-for-mt4-to-mt-trail-sl-black\/#breadcrumb","itemListElement":[{"@type":"ListItem","position":1,"name":"Etusivu","item":"https:\/\/vmsport.fi\/"},{"@type":"ListItem","position":2,"name":"Online Store","item":"https:\/\/vmsport.fi\/en\/online-store\/"},{"@type":"ListItem","position":3,"name":"Disc brake tubing for MT4 to MT TRAIL SL, black"}]},{"@type":"WebSite","@id":"https:\/\/vmsport.fi\/#website","url":"https:\/\/vmsport.fi\/","name":"Vmsport","description":"Allt p\u00e5 ett st\u00e4lle f\u00f6r cykling","publisher":{"@id":"https:\/\/vmsport.fi\/#organization"},"potentialAction":[{"@type":"SearchAction","target":{"@type":"EntryPoint","urlTemplate":"https:\/\/vmsport.fi\/?s={search_term_string}"},"query-input":{"@type":"PropertyValueSpecification","valueRequired":true,"valueName":"search_term_string"}}],"inLanguage":"sv-SE"},{"@type":"Organization","@id":"https:\/\/vmsport.fi\/#organization","name":"Vmsport","url":"https:\/\/vmsport.fi\/","logo":{"@type":"ImageObject","inLanguage":"sv-SE","@id":"https:\/\/vmsport.fi\/#\/schema\/logo\/image\/","url":"https:\/\/vmsport.fi\/wp-content\/uploads\/2024\/12\/vm_sport_RGB_horisontal-e1734526017575.png","contentUrl":"https:\/\/vmsport.fi\/wp-content\/uploads\/2024\/12\/vm_sport_RGB_horisontal-e1734526017575.png","width":668,"height":85,"caption":"Vmsport"},"image":{"@id":"https:\/\/vmsport.fi\/#\/schema\/logo\/image\/"},"sameAs":["https:\/\/www.facebook.com\/Vmsport.fi\/","https:\/\/www.instagram.com\/vmsport\/"]}]}},"global_unique_id":"","_links":{"self":[{"href":"https:\/\/vmsport.fi\/sv\/wp-json\/wp\/v2\/product\/57196","targetHints":{"allow":["GET"]}}],"collection":[{"href":"https:\/\/vmsport.fi\/sv\/wp-json\/wp\/v2\/product"}],"about":[{"href":"https:\/\/vmsport.fi\/sv\/wp-json\/wp\/v2\/types\/product"}],"replies":[{"embeddable":true,"href":"https:\/\/vmsport.fi\/sv\/wp-json\/wp\/v2\/comments?post=57196"}],"wp:featuredmedia":[{"embeddable":true,"href":"https:\/\/vmsport.fi\/sv\/wp-json\/wp\/v2\/media\/57195"}],"wp:attachment":[{"href":"https:\/\/vmsport.fi\/sv\/wp-json\/wp\/v2\/media?parent=57196"}],"wp:term":[{"taxonomy":"product_brand","embeddable":true,"href":"https:\/\/vmsport.fi\/sv\/wp-json\/wp\/v2\/product_brand?post=57196"},{"taxonomy":"product_model","embeddable":true,"href":"https:\/\/vmsport.fi\/sv\/wp-json\/wp\/v2\/product_model?post=57196"},{"taxonomy":"product_cat","embeddable":true,"href":"https:\/\/vmsport.fi\/sv\/wp-json\/wp\/v2\/product_cat?post=57196"},{"taxonomy":"product_tag","embeddable":true,"href":"https:\/\/vmsport.fi\/sv\/wp-json\/wp\/v2\/product_tag?post=57196"},{"taxonomy":"industry_terminology","embeddable":true,"href":"https:\/\/vmsport.fi\/sv\/wp-json\/wp\/v2\/industry-terminology?post=57196"}],"curies":[{"name":"wp","href":"https:\/\/api.w.org\/{rel}","templated":true}]}}