{"id":57190,"date":"2025-03-06T00:29:54","date_gmt":"2025-03-05T22:29:54","guid":{"rendered":"https:\/\/vmsport.fi\/verkkokauppa\/Ei-luokiteltu\/muc-off-x3-dirty-chain-machine\/"},"modified":"2026-03-30T11:00:42","modified_gmt":"2026-03-30T08:00:42","slug":"muc-off-x3-smutsig-kedjemaskin","status":"publish","type":"product","link":"https:\/\/vmsport.fi\/sv\/verkkokauppa\/tarvikkeet\/huolto-ja-pesu\/puhdistustyokalut\/muc-off-x3-dirty-chain-machine\/","title":{"rendered":"Muc-OFF X3 Smutsig kedjemaskin"},"content":{"rendered":"<p>Muc-Off X3 Dirty Chain Machine \u00e4r ett premiumverktyg f\u00f6r reng\u00f6ring av hjulkedjor som effektivt avl\u00e4gsnar fett, smuts och olja, s\u00e5 att kedjan ser ny ut p\u00e5 nolltid. Den \u00e4r s\u00e4rskilt l\u00e4mplig f\u00f6r kedjor till landsv\u00e4gs-, MTB- och cyclocrosscyklar. Observera att BMX-, ban- och motorcykelkedjor inte \u00e4r kompatibla p\u00e5 grund av sin bredd. <\/p>\n<p>Enhetens reng\u00f6ringsprestanda \u00e4r mycket bra tack vare de kraftfulla reng\u00f6ringsborstarna och den gener\u00f6sa kontaktytan, som s\u00e4kerst\u00e4ller grundlig reng\u00f6ring. Den ergonomiska och patenterade designen g\u00f6r den enkel att anv\u00e4nda och den h\u00e5llbara konstruktionen garanterar l\u00e5ng livsl\u00e4ngd. Tv\u00e5stegs-tanksystemet f\u00f6rhindrar \u00e5terkontaminering av kedjan genom att samla upp \u00f6verfl\u00f6dig smutsig v\u00e4tska.<\/p>\n<p>Bruksanvisningen \u00e4r enkel: fyll tanken med Muc-Off Drivetrain Cleaner, placera enheten p\u00e5 kedjan och s\u00e4tt fast den, rotera pedalerna bak\u00e5t n\u00e5gra g\u00e5nger tills kedjan \u00e4r ren. Ta bort enheten, sk\u00f6lj kedjan och f\u00f6rvara den redo f\u00f6r framtida anv\u00e4ndning.<\/p>\n<p>Ekologiska l\u00f6sningar \u00e4r viktiga, eftersom Muc-Off Drivetrain Cleaner \u00e4r biologiskt nedbrytbart och kan kasseras p\u00e5 ett milj\u00f6v\u00e4nligt s\u00e4tt. Som en del av Project Green-initiativet fokuserar enheten p\u00e5 biologiskt nedbrytbara, \u00e5teranv\u00e4ndbara och \u00e5tervinningsbara l\u00f6sningar. Den h\u00e5llbara designen g\u00f6r maskinen l\u00e4tt att reng\u00f6ra och \u00e5teranv\u00e4nda, vilket f\u00f6rl\u00e4nger dess livsl\u00e4ngd och bibeh\u00e5ller effektiviteten.<\/p>","protected":false},"excerpt":{"rendered":"<p>Muc-Off X3 Dirty Chain Machine on ensiluokkainen py\u00f6r\u00e4n ketjun puhdistusty\u00f6kalu, joka poistaa tehokkaasti rasvan, lian ja \u00f6ljyn, saaden ketjun n\u00e4ytt\u00e4m\u00e4\u00e4n uudelta hetkess\u00e4. Se sopii erityisesti maantie-, MTB- ja cyclocross-py\u00f6rien ketjuille. Huomioithan, ett\u00e4 BMX-, rata- ja moottoripy\u00f6rien ketjut eiv\u00e4t ole yhteensopivia johtuen niiden leveydest\u00e4. Laitteen puhdistusteho on eritt\u00e4in hyv\u00e4 sen tehokkaiden puhdistusharjasten ja runsaan kosketuspinnan ansiosta, [&#8230;]<\/p>\n<p><a class=\"btn btn-secondary understrap-read-more-link\" href=\"https:\/\/vmsport.fi\/sv\/verkkokauppa\/tarvikkeet\/huolto-ja-pesu\/puhdistustyokalut\/muc-off-x3-dirty-chain-machine\/\">L\u00e4s mer \u2026<span class=\"screen-reader-text\"> from Muc-OFF X3 Dirty Chain Machine<\/span><\/a><\/p>\n","protected":false},"featured_media":57189,"comment_status":"open","ping_status":"closed","template":"","meta":{"_acf_changed":false,"_improvement_type_select":"improve_an_existing","_thumb_yes_seoaic":false,"_frame_yes_seoaic":false,"seoaic_generate_description":"","seoaic_improve_instructions_prompt":"","seoaic_rollback_content_improvement":"","seoaic_idea_thumbnail_generator":"","thumbnail_generated":false,"thumbnail_generate_prompt":"","seoaic_article_description":"","_supplier_stock_quantity":0},"product_brand":[1584],"product_model":[],"product_cat":[9576],"product_tag":[],"industry-terminology":[],"class_list":{"0":"post-57190","1":"product","2":"type-product","3":"status-publish","4":"has-post-thumbnail","6":"product_brand-muc-off","7":"product_cat-puhdistustyokalut","9":"first","10":"instock","11":"taxable","12":"shipping-taxable","13":"purchasable","14":"product-type-simple"},"acf":{"bike_features":null,"overview":{"copy_overview":null,"key_features":null,"statement":"","youtube_url":""}},"yoast_head":"<!-- This site is optimized with the Yoast SEO plugin v27.3 - https:\/\/yoast.com\/product\/yoast-seo-wordpress\/ -->\n<title>Muc-OFF X3 Dirty Chain Machine - VM Sport<\/title>\n<meta name=\"robots\" content=\"index, follow, max-snippet:-1, max-image-preview:large, max-video-preview:-1\" \/>\n<link rel=\"canonical\" href=\"https:\/\/vmsport.fi\/sv\/webbutik\/tillbehor\/underhall-och-tvatt\/rengoringsutrustning\/muc-off-x3-smutsig-kedjemaskin\/\" \/>\n<meta property=\"og:locale\" content=\"sv_SE\" \/>\n<meta property=\"og:type\" content=\"article\" \/>\n<meta property=\"og:title\" content=\"Muc-OFF X3 Dirty Chain Machine - VM Sport\" \/>\n<meta property=\"og:description\" content=\"Muc-Off X3 Dirty Chain Machine on ensiluokkainen py\u00f6r\u00e4n ketjun puhdistusty\u00f6kalu, joka poistaa tehokkaasti rasvan, lian ja \u00f6ljyn, saaden ketjun n\u00e4ytt\u00e4m\u00e4\u00e4n uudelta hetkess\u00e4. Se sopii erityisesti maantie-, MTB- ja cyclocross-py\u00f6rien ketjuille. Huomioithan, ett\u00e4 BMX-, rata- ja moottoripy\u00f6rien ketjut eiv\u00e4t ole yhteensopivia johtuen niiden leveydest\u00e4. Laitteen puhdistusteho on eritt\u00e4in hyv\u00e4 sen tehokkaiden puhdistusharjasten ja runsaan kosketuspinnan ansiosta, [...]L\u00e4s mer \u2026 from Muc-OFF X3 Dirty Chain Machine\" \/>\n<meta property=\"og:url\" content=\"https:\/\/vmsport.fi\/sv\/webbutik\/tillbehor\/underhall-och-tvatt\/rengoringsutrustning\/muc-off-x3-smutsig-kedjemaskin\/\" \/>\n<meta property=\"og:site_name\" content=\"VM Sport\" \/>\n<meta property=\"article:publisher\" content=\"https:\/\/www.facebook.com\/Vmsport.fi\/\" \/>\n<meta property=\"article:modified_time\" content=\"2026-03-30T08:00:42+00:00\" \/>\n<meta property=\"og:image\" content=\"https:\/\/vmsport.fi\/wp-content\/uploads\/2025\/03\/277-S-1.jpg\" \/>\n\t<meta property=\"og:image:width\" content=\"800\" \/>\n\t<meta property=\"og:image:height\" content=\"800\" \/>\n\t<meta property=\"og:image:type\" content=\"image\/jpeg\" \/>\n<meta name=\"twitter:card\" content=\"summary_large_image\" \/>\n<meta name=\"twitter:label1\" content=\"Ber\u00e4knad l\u00e4stid\" \/>\n\t<meta name=\"twitter:data1\" content=\"1 minut\" \/>\n<script type=\"application\/ld+json\" class=\"yoast-schema-graph\">{\"@context\":\"https:\\\/\\\/schema.org\",\"@graph\":[{\"@type\":[\"WebPage\",\"ItemPage\"],\"@id\":\"https:\\\/\\\/vmsport.fi\\\/verkkokauppa\\\/tarvikkeet\\\/huolto-ja-pesu\\\/puhdistustyokalut\\\/muc-off-x3-dirty-chain-machine\\\/\",\"url\":\"https:\\\/\\\/vmsport.fi\\\/verkkokauppa\\\/tarvikkeet\\\/huolto-ja-pesu\\\/puhdistustyokalut\\\/muc-off-x3-dirty-chain-machine\\\/\",\"name\":\"Muc-OFF X3 Dirty Chain Machine - VM Sport\",\"isPartOf\":{\"@id\":\"https:\\\/\\\/vmsport.fi\\\/#website\"},\"primaryImageOfPage\":{\"@id\":\"https:\\\/\\\/vmsport.fi\\\/verkkokauppa\\\/tarvikkeet\\\/huolto-ja-pesu\\\/puhdistustyokalut\\\/muc-off-x3-dirty-chain-machine\\\/#primaryimage\"},\"image\":{\"@id\":\"https:\\\/\\\/vmsport.fi\\\/verkkokauppa\\\/tarvikkeet\\\/huolto-ja-pesu\\\/puhdistustyokalut\\\/muc-off-x3-dirty-chain-machine\\\/#primaryimage\"},\"thumbnailUrl\":\"https:\\\/\\\/vmsport.fi\\\/wp-content\\\/uploads\\\/2025\\\/03\\\/277-S-1.jpg\",\"datePublished\":\"2025-03-05T22:29:54+00:00\",\"dateModified\":\"2026-03-30T08:00:42+00:00\",\"breadcrumb\":{\"@id\":\"https:\\\/\\\/vmsport.fi\\\/verkkokauppa\\\/tarvikkeet\\\/huolto-ja-pesu\\\/puhdistustyokalut\\\/muc-off-x3-dirty-chain-machine\\\/#breadcrumb\"},\"inLanguage\":\"sv-SE\",\"potentialAction\":[{\"@type\":\"ReadAction\",\"target\":[\"https:\\\/\\\/vmsport.fi\\\/verkkokauppa\\\/tarvikkeet\\\/huolto-ja-pesu\\\/puhdistustyokalut\\\/muc-off-x3-dirty-chain-machine\\\/\"]}]},{\"@type\":\"ImageObject\",\"inLanguage\":\"sv-SE\",\"@id\":\"https:\\\/\\\/vmsport.fi\\\/verkkokauppa\\\/tarvikkeet\\\/huolto-ja-pesu\\\/puhdistustyokalut\\\/muc-off-x3-dirty-chain-machine\\\/#primaryimage\",\"url\":\"https:\\\/\\\/vmsport.fi\\\/wp-content\\\/uploads\\\/2025\\\/03\\\/277-S-1.jpg\",\"contentUrl\":\"https:\\\/\\\/vmsport.fi\\\/wp-content\\\/uploads\\\/2025\\\/03\\\/277-S-1.jpg\",\"width\":800,\"height\":800,\"caption\":\"277-S\"},{\"@type\":\"BreadcrumbList\",\"@id\":\"https:\\\/\\\/vmsport.fi\\\/verkkokauppa\\\/tarvikkeet\\\/huolto-ja-pesu\\\/puhdistustyokalut\\\/muc-off-x3-dirty-chain-machine\\\/#breadcrumb\",\"itemListElement\":[{\"@type\":\"ListItem\",\"position\":1,\"name\":\"Etusivu\",\"item\":\"https:\\\/\\\/vmsport.fi\\\/\"},{\"@type\":\"ListItem\",\"position\":2,\"name\":\"Online Store\",\"item\":\"https:\\\/\\\/vmsport.fi\\\/en\\\/online-store\\\/\"},{\"@type\":\"ListItem\",\"position\":3,\"name\":\"Muc-OFF X3 Dirty Chain Machine\"}]},{\"@type\":\"WebSite\",\"@id\":\"https:\\\/\\\/vmsport.fi\\\/#website\",\"url\":\"https:\\\/\\\/vmsport.fi\\\/\",\"name\":\"Vmsport\",\"description\":\"Kaikki py\u00f6r\u00e4ilyyn yhdest\u00e4 paikasta\",\"publisher\":{\"@id\":\"https:\\\/\\\/vmsport.fi\\\/#organization\"},\"potentialAction\":[{\"@type\":\"SearchAction\",\"target\":{\"@type\":\"EntryPoint\",\"urlTemplate\":\"https:\\\/\\\/vmsport.fi\\\/?s={search_term_string}\"},\"query-input\":{\"@type\":\"PropertyValueSpecification\",\"valueRequired\":true,\"valueName\":\"search_term_string\"}}],\"inLanguage\":\"sv-SE\"},{\"@type\":\"Organization\",\"@id\":\"https:\\\/\\\/vmsport.fi\\\/#organization\",\"name\":\"Vmsport\",\"url\":\"https:\\\/\\\/vmsport.fi\\\/\",\"logo\":{\"@type\":\"ImageObject\",\"inLanguage\":\"sv-SE\",\"@id\":\"https:\\\/\\\/vmsport.fi\\\/#\\\/schema\\\/logo\\\/image\\\/\",\"url\":\"https:\\\/\\\/vmsport.fi\\\/wp-content\\\/uploads\\\/2024\\\/12\\\/vm_sport_RGB_horisontal-e1734526017575.png\",\"contentUrl\":\"https:\\\/\\\/vmsport.fi\\\/wp-content\\\/uploads\\\/2024\\\/12\\\/vm_sport_RGB_horisontal-e1734526017575.png\",\"width\":668,\"height\":85,\"caption\":\"Vmsport\"},\"image\":{\"@id\":\"https:\\\/\\\/vmsport.fi\\\/#\\\/schema\\\/logo\\\/image\\\/\"},\"sameAs\":[\"https:\\\/\\\/www.facebook.com\\\/Vmsport.fi\\\/\",\"https:\\\/\\\/www.instagram.com\\\/vmsport\\\/\"]}]}<\/script>\n<!-- \/ Yoast SEO plugin. -->","yoast_head_json":{"title":"Muc-OFF X3 Smutsig kedjemaskin - VM Sport","robots":{"index":"index","follow":"follow","max-snippet":"max-snippet:-1","max-image-preview":"max-image-preview:large","max-video-preview":"max-video-preview:-1"},"canonical":"https:\/\/vmsport.fi\/sv\/webbutik\/tillbehor\/underhall-och-tvatt\/rengoringsutrustning\/muc-off-x3-smutsig-kedjemaskin\/","og_locale":"sv_SE","og_type":"article","og_title":"Muc-OFF X3 Dirty Chain Machine - VM Sport","og_description":"Muc-Off X3 Dirty Chain Machine on ensiluokkainen py\u00f6r\u00e4n ketjun puhdistusty\u00f6kalu, joka poistaa tehokkaasti rasvan, lian ja \u00f6ljyn, saaden ketjun n\u00e4ytt\u00e4m\u00e4\u00e4n uudelta hetkess\u00e4. Se sopii erityisesti maantie-, MTB- ja cyclocross-py\u00f6rien ketjuille. Huomioithan, ett\u00e4 BMX-, rata- ja moottoripy\u00f6rien ketjut eiv\u00e4t ole yhteensopivia johtuen niiden leveydest\u00e4. Laitteen puhdistusteho on eritt\u00e4in hyv\u00e4 sen tehokkaiden puhdistusharjasten ja runsaan kosketuspinnan ansiosta, [...]L\u00e4s mer \u2026 from Muc-OFF X3 Dirty Chain Machine","og_url":"https:\/\/vmsport.fi\/sv\/webbutik\/tillbehor\/underhall-och-tvatt\/rengoringsutrustning\/muc-off-x3-smutsig-kedjemaskin\/","og_site_name":"VM Sport","article_publisher":"https:\/\/www.facebook.com\/Vmsport.fi\/","article_modified_time":"2026-03-30T08:00:42+00:00","og_image":[{"width":800,"height":800,"url":"https:\/\/vmsport.fi\/wp-content\/uploads\/2025\/03\/277-S-1.jpg","type":"image\/jpeg"}],"twitter_card":"summary_large_image","twitter_misc":{"Ber\u00e4knad l\u00e4stid":"1 minut"},"schema":{"@context":"https:\/\/schema.org","@graph":[{"@type":["WebPage","ItemPage"],"@id":"https:\/\/vmsport.fi\/verkkokauppa\/tarvikkeet\/huolto-ja-pesu\/puhdistustyokalut\/muc-off-x3-dirty-chain-machine\/","url":"https:\/\/vmsport.fi\/verkkokauppa\/tarvikkeet\/huolto-ja-pesu\/puhdistustyokalut\/muc-off-x3-dirty-chain-machine\/","name":"Muc-OFF X3 Smutsig kedjemaskin - VM Sport","isPartOf":{"@id":"https:\/\/vmsport.fi\/#website"},"primaryImageOfPage":{"@id":"https:\/\/vmsport.fi\/verkkokauppa\/tarvikkeet\/huolto-ja-pesu\/puhdistustyokalut\/muc-off-x3-dirty-chain-machine\/#primaryimage"},"image":{"@id":"https:\/\/vmsport.fi\/verkkokauppa\/tarvikkeet\/huolto-ja-pesu\/puhdistustyokalut\/muc-off-x3-dirty-chain-machine\/#primaryimage"},"thumbnailUrl":"https:\/\/vmsport.fi\/wp-content\/uploads\/2025\/03\/277-S-1.jpg","datePublished":"2025-03-05T22:29:54+00:00","dateModified":"2026-03-30T08:00:42+00:00","breadcrumb":{"@id":"https:\/\/vmsport.fi\/verkkokauppa\/tarvikkeet\/huolto-ja-pesu\/puhdistustyokalut\/muc-off-x3-dirty-chain-machine\/#breadcrumb"},"inLanguage":"sv-SE","potentialAction":[{"@type":"ReadAction","target":["https:\/\/vmsport.fi\/verkkokauppa\/tarvikkeet\/huolto-ja-pesu\/puhdistustyokalut\/muc-off-x3-dirty-chain-machine\/"]}]},{"@type":"ImageObject","inLanguage":"sv-SE","@id":"https:\/\/vmsport.fi\/verkkokauppa\/tarvikkeet\/huolto-ja-pesu\/puhdistustyokalut\/muc-off-x3-dirty-chain-machine\/#primaryimage","url":"https:\/\/vmsport.fi\/wp-content\/uploads\/2025\/03\/277-S-1.jpg","contentUrl":"https:\/\/vmsport.fi\/wp-content\/uploads\/2025\/03\/277-S-1.jpg","width":800,"height":800,"caption":"277-S"},{"@type":"BreadcrumbList","@id":"https:\/\/vmsport.fi\/verkkokauppa\/tarvikkeet\/huolto-ja-pesu\/puhdistustyokalut\/muc-off-x3-dirty-chain-machine\/#breadcrumb","itemListElement":[{"@type":"ListItem","position":1,"name":"Etusivu","item":"https:\/\/vmsport.fi\/"},{"@type":"ListItem","position":2,"name":"Online Store","item":"https:\/\/vmsport.fi\/en\/online-store\/"},{"@type":"ListItem","position":3,"name":"Muc-OFF X3 Dirty Chain Machine"}]},{"@type":"WebSite","@id":"https:\/\/vmsport.fi\/#website","url":"https:\/\/vmsport.fi\/","name":"Vmsport","description":"Allt p\u00e5 ett st\u00e4lle f\u00f6r cykling","publisher":{"@id":"https:\/\/vmsport.fi\/#organization"},"potentialAction":[{"@type":"SearchAction","target":{"@type":"EntryPoint","urlTemplate":"https:\/\/vmsport.fi\/?s={search_term_string}"},"query-input":{"@type":"PropertyValueSpecification","valueRequired":true,"valueName":"search_term_string"}}],"inLanguage":"sv-SE"},{"@type":"Organization","@id":"https:\/\/vmsport.fi\/#organization","name":"Vmsport","url":"https:\/\/vmsport.fi\/","logo":{"@type":"ImageObject","inLanguage":"sv-SE","@id":"https:\/\/vmsport.fi\/#\/schema\/logo\/image\/","url":"https:\/\/vmsport.fi\/wp-content\/uploads\/2024\/12\/vm_sport_RGB_horisontal-e1734526017575.png","contentUrl":"https:\/\/vmsport.fi\/wp-content\/uploads\/2024\/12\/vm_sport_RGB_horisontal-e1734526017575.png","width":668,"height":85,"caption":"Vmsport"},"image":{"@id":"https:\/\/vmsport.fi\/#\/schema\/logo\/image\/"},"sameAs":["https:\/\/www.facebook.com\/Vmsport.fi\/","https:\/\/www.instagram.com\/vmsport\/"]}]}},"global_unique_id":"","_links":{"self":[{"href":"https:\/\/vmsport.fi\/sv\/wp-json\/wp\/v2\/product\/57190","targetHints":{"allow":["GET"]}}],"collection":[{"href":"https:\/\/vmsport.fi\/sv\/wp-json\/wp\/v2\/product"}],"about":[{"href":"https:\/\/vmsport.fi\/sv\/wp-json\/wp\/v2\/types\/product"}],"replies":[{"embeddable":true,"href":"https:\/\/vmsport.fi\/sv\/wp-json\/wp\/v2\/comments?post=57190"}],"wp:featuredmedia":[{"embeddable":true,"href":"https:\/\/vmsport.fi\/sv\/wp-json\/wp\/v2\/media\/57189"}],"wp:attachment":[{"href":"https:\/\/vmsport.fi\/sv\/wp-json\/wp\/v2\/media?parent=57190"}],"wp:term":[{"taxonomy":"product_brand","embeddable":true,"href":"https:\/\/vmsport.fi\/sv\/wp-json\/wp\/v2\/product_brand?post=57190"},{"taxonomy":"product_model","embeddable":true,"href":"https:\/\/vmsport.fi\/sv\/wp-json\/wp\/v2\/product_model?post=57190"},{"taxonomy":"product_cat","embeddable":true,"href":"https:\/\/vmsport.fi\/sv\/wp-json\/wp\/v2\/product_cat?post=57190"},{"taxonomy":"product_tag","embeddable":true,"href":"https:\/\/vmsport.fi\/sv\/wp-json\/wp\/v2\/product_tag?post=57190"},{"taxonomy":"industry_terminology","embeddable":true,"href":"https:\/\/vmsport.fi\/sv\/wp-json\/wp\/v2\/industry-terminology?post=57190"}],"curies":[{"name":"wp","href":"https:\/\/api.w.org\/{rel}","templated":true}]}}