{"id":57188,"date":"2025-03-06T00:29:52","date_gmt":"2025-03-05T22:29:52","guid":{"rendered":"https:\/\/vmsport.fi\/verkkokauppa\/Ei-luokiteltu\/scott-hub-rep-kit-form-cl-2241\/"},"modified":"2026-04-22T15:03:26","modified_gmt":"2026-04-22T12:03:26","slug":"scott-hub-rep-kit-form-cl-2241","status":"publish","type":"product","link":"https:\/\/vmsport.fi\/sv\/verkkokauppa\/varaosat\/kiekot-ja-navat\/navat-ja-osat\/scott-hub-rep-kit-form-cl-2241\/","title":{"rendered":"SCOTT HUB REP KIT BLANKETT CL-2241"},"content":{"rendered":"<p>SCOTT HUB REP KIT FORM CL-2241 \u00e4r en noggrant utformad reparationsl\u00f6sning speciellt f\u00f6r underh\u00e5ll och reparation av cykelnav. Satsen inneh\u00e5ller viktiga delar som axel och lager, s\u00e5 att du snabbt och enkelt kan byta ut skadade eller slitna delar. Med alla n\u00f6dv\u00e4ndiga verktyg n\u00e4ra till hands \u00e4r installationen enkel. Oavsett om du \u00e4r en cykelentusiast eller ett proffs kommer den h\u00e4r reparationssatsen att s\u00e4kerst\u00e4lla tillf\u00f6rlitlig drift och l\u00e5ng livsl\u00e4ngd f\u00f6r din cykel, s\u00e5 att du kan fokusera mer p\u00e5 att njuta av din cykling.<\/p>","protected":false},"excerpt":{"rendered":"<p>SCOTT HUB REP KIT FORM CL-2241 on huolellisesti suunniteltu korjausratkaisu, joka soveltuu erityisesti py\u00f6r\u00e4n napojen huoltoon ja korjaamiseen. Sarja sis\u00e4lt\u00e4\u00e4 keskeiset osat, kuten akselin ja laakerit, joiden avulla voit vaihtaa vaurioituneet tai kuluneet osat nopeasti ja vaivattomasti. Kun kaikki tarvittavat v\u00e4lineet ovat l\u00e4hell\u00e4, asennus sujuu helposti. Olitpa sitten py\u00f6r\u00e4ilyharrastaja tai ammattilainen, t\u00e4m\u00e4 korjaussarja takaa py\u00f6r\u00e4si [&#8230;]<\/p>\n<p><a class=\"btn btn-secondary understrap-read-more-link\" href=\"https:\/\/vmsport.fi\/sv\/verkkokauppa\/varaosat\/kiekot-ja-navat\/navat-ja-osat\/scott-hub-rep-kit-form-cl-2241\/\">L\u00e4s mer \u2026<span class=\"screen-reader-text\"> from SCOTT HUB REP KIT FORM CL-2241<\/span><\/a><\/p>\n","protected":false},"featured_media":57187,"comment_status":"open","ping_status":"closed","template":"","meta":{"_acf_changed":false,"_improvement_type_select":"improve_an_existing","_thumb_yes_seoaic":false,"_frame_yes_seoaic":false,"seoaic_generate_description":"","seoaic_improve_instructions_prompt":"","seoaic_rollback_content_improvement":"","seoaic_idea_thumbnail_generator":"","thumbnail_generated":false,"thumbnail_generate_prompt":"","seoaic_article_description":"","_supplier_stock_quantity":0},"product_brand":[38],"product_model":[],"product_cat":[9248],"product_tag":[],"industry-terminology":[],"class_list":{"0":"post-57188","1":"product","2":"type-product","3":"status-publish","4":"has-post-thumbnail","6":"product_brand-scott","7":"product_cat-navat-ja-osat","9":"first","10":"outofstock","11":"taxable","12":"shipping-taxable","13":"product-type-simple"},"acf":{"bike_features":null,"overview":{"copy_overview":null,"key_features":null,"statement":"","youtube_url":""}},"yoast_head":"<!-- This site is optimized with the Yoast SEO plugin v27.4 - https:\/\/yoast.com\/product\/yoast-seo-wordpress\/ -->\n<title>SCOTT HUB REP KIT FORM CL-2241 - VM Sport<\/title>\n<meta name=\"robots\" content=\"index, follow, max-snippet:-1, max-image-preview:large, max-video-preview:-1\" \/>\n<link rel=\"canonical\" href=\"https:\/\/vmsport.fi\/sv\/webbutik\/reservdelar\/skivor-och-nav\/stolpar-och-delar\/scott-hub-rep-kit-form-cl-2241\/\" \/>\n<meta property=\"og:locale\" content=\"sv_SE\" \/>\n<meta property=\"og:type\" content=\"article\" \/>\n<meta property=\"og:title\" content=\"SCOTT HUB REP KIT FORM CL-2241 - VM Sport\" \/>\n<meta property=\"og:description\" content=\"SCOTT HUB REP KIT FORM CL-2241 on huolellisesti suunniteltu korjausratkaisu, joka soveltuu erityisesti py\u00f6r\u00e4n napojen huoltoon ja korjaamiseen. Sarja sis\u00e4lt\u00e4\u00e4 keskeiset osat, kuten akselin ja laakerit, joiden avulla voit vaihtaa vaurioituneet tai kuluneet osat nopeasti ja vaivattomasti. Kun kaikki tarvittavat v\u00e4lineet ovat l\u00e4hell\u00e4, asennus sujuu helposti. Olitpa sitten py\u00f6r\u00e4ilyharrastaja tai ammattilainen, t\u00e4m\u00e4 korjaussarja takaa py\u00f6r\u00e4si [...]L\u00e4s mer \u2026 from SCOTT HUB REP KIT FORM CL-2241\" \/>\n<meta property=\"og:url\" content=\"https:\/\/vmsport.fi\/sv\/webbutik\/reservdelar\/skivor-och-nav\/stolpar-och-delar\/scott-hub-rep-kit-form-cl-2241\/\" \/>\n<meta property=\"og:site_name\" content=\"VM Sport\" \/>\n<meta property=\"article:publisher\" content=\"https:\/\/www.facebook.com\/Vmsport.fi\/\" \/>\n<meta property=\"article:modified_time\" content=\"2026-04-22T12:03:26+00:00\" \/>\n<meta property=\"og:image\" content=\"https:\/\/vmsport.fi\/wp-content\/uploads\/2025\/03\/2770369999-1679962-JPG-zoom-1-1.jpg\" \/>\n\t<meta property=\"og:image:width\" content=\"260\" \/>\n\t<meta property=\"og:image:height\" content=\"260\" \/>\n\t<meta property=\"og:image:type\" content=\"image\/jpeg\" \/>\n<meta name=\"twitter:card\" content=\"summary_large_image\" \/>\n<script type=\"application\/ld+json\" class=\"yoast-schema-graph\">{\"@context\":\"https:\\\/\\\/schema.org\",\"@graph\":[{\"@type\":[\"WebPage\",\"ItemPage\"],\"@id\":\"https:\\\/\\\/vmsport.fi\\\/verkkokauppa\\\/varaosat\\\/kiekot-ja-navat\\\/navat-ja-osat\\\/scott-hub-rep-kit-form-cl-2241\\\/\",\"url\":\"https:\\\/\\\/vmsport.fi\\\/verkkokauppa\\\/varaosat\\\/kiekot-ja-navat\\\/navat-ja-osat\\\/scott-hub-rep-kit-form-cl-2241\\\/\",\"name\":\"SCOTT HUB REP KIT FORM CL-2241 - VM Sport\",\"isPartOf\":{\"@id\":\"https:\\\/\\\/vmsport.fi\\\/#website\"},\"primaryImageOfPage\":{\"@id\":\"https:\\\/\\\/vmsport.fi\\\/verkkokauppa\\\/varaosat\\\/kiekot-ja-navat\\\/navat-ja-osat\\\/scott-hub-rep-kit-form-cl-2241\\\/#primaryimage\"},\"image\":{\"@id\":\"https:\\\/\\\/vmsport.fi\\\/verkkokauppa\\\/varaosat\\\/kiekot-ja-navat\\\/navat-ja-osat\\\/scott-hub-rep-kit-form-cl-2241\\\/#primaryimage\"},\"thumbnailUrl\":\"https:\\\/\\\/vmsport.fi\\\/wp-content\\\/uploads\\\/2025\\\/03\\\/2770369999-1679962-JPG-zoom-1-1.jpg\",\"datePublished\":\"2025-03-05T22:29:52+00:00\",\"dateModified\":\"2026-04-22T12:03:26+00:00\",\"breadcrumb\":{\"@id\":\"https:\\\/\\\/vmsport.fi\\\/verkkokauppa\\\/varaosat\\\/kiekot-ja-navat\\\/navat-ja-osat\\\/scott-hub-rep-kit-form-cl-2241\\\/#breadcrumb\"},\"inLanguage\":\"sv-SE\",\"potentialAction\":[{\"@type\":\"ReadAction\",\"target\":[\"https:\\\/\\\/vmsport.fi\\\/verkkokauppa\\\/varaosat\\\/kiekot-ja-navat\\\/navat-ja-osat\\\/scott-hub-rep-kit-form-cl-2241\\\/\"]}]},{\"@type\":\"ImageObject\",\"inLanguage\":\"sv-SE\",\"@id\":\"https:\\\/\\\/vmsport.fi\\\/verkkokauppa\\\/varaosat\\\/kiekot-ja-navat\\\/navat-ja-osat\\\/scott-hub-rep-kit-form-cl-2241\\\/#primaryimage\",\"url\":\"https:\\\/\\\/vmsport.fi\\\/wp-content\\\/uploads\\\/2025\\\/03\\\/2770369999-1679962-JPG-zoom-1-1.jpg\",\"contentUrl\":\"https:\\\/\\\/vmsport.fi\\\/wp-content\\\/uploads\\\/2025\\\/03\\\/2770369999-1679962-JPG-zoom-1-1.jpg\",\"width\":260,\"height\":260,\"caption\":\"2770369999-1679962-JPG-zoom-1\"},{\"@type\":\"BreadcrumbList\",\"@id\":\"https:\\\/\\\/vmsport.fi\\\/verkkokauppa\\\/varaosat\\\/kiekot-ja-navat\\\/navat-ja-osat\\\/scott-hub-rep-kit-form-cl-2241\\\/#breadcrumb\",\"itemListElement\":[{\"@type\":\"ListItem\",\"position\":1,\"name\":\"Etusivu\",\"item\":\"https:\\\/\\\/vmsport.fi\\\/\"},{\"@type\":\"ListItem\",\"position\":2,\"name\":\"Online Store\",\"item\":\"https:\\\/\\\/vmsport.fi\\\/en\\\/online-store\\\/\"},{\"@type\":\"ListItem\",\"position\":3,\"name\":\"SCOTT HUB REP KIT FORM CL-2241\"}]},{\"@type\":\"WebSite\",\"@id\":\"https:\\\/\\\/vmsport.fi\\\/#website\",\"url\":\"https:\\\/\\\/vmsport.fi\\\/\",\"name\":\"Vmsport\",\"description\":\"Kaikki py\u00f6r\u00e4ilyyn yhdest\u00e4 paikasta\",\"publisher\":{\"@id\":\"https:\\\/\\\/vmsport.fi\\\/#organization\"},\"potentialAction\":[{\"@type\":\"SearchAction\",\"target\":{\"@type\":\"EntryPoint\",\"urlTemplate\":\"https:\\\/\\\/vmsport.fi\\\/?s={search_term_string}\"},\"query-input\":{\"@type\":\"PropertyValueSpecification\",\"valueRequired\":true,\"valueName\":\"search_term_string\"}}],\"inLanguage\":\"sv-SE\"},{\"@type\":\"Organization\",\"@id\":\"https:\\\/\\\/vmsport.fi\\\/#organization\",\"name\":\"Vmsport\",\"url\":\"https:\\\/\\\/vmsport.fi\\\/\",\"logo\":{\"@type\":\"ImageObject\",\"inLanguage\":\"sv-SE\",\"@id\":\"https:\\\/\\\/vmsport.fi\\\/#\\\/schema\\\/logo\\\/image\\\/\",\"url\":\"https:\\\/\\\/vmsport.fi\\\/wp-content\\\/uploads\\\/2024\\\/12\\\/vm_sport_RGB_horisontal-e1734526017575.png\",\"contentUrl\":\"https:\\\/\\\/vmsport.fi\\\/wp-content\\\/uploads\\\/2024\\\/12\\\/vm_sport_RGB_horisontal-e1734526017575.png\",\"width\":668,\"height\":85,\"caption\":\"Vmsport\"},\"image\":{\"@id\":\"https:\\\/\\\/vmsport.fi\\\/#\\\/schema\\\/logo\\\/image\\\/\"},\"sameAs\":[\"https:\\\/\\\/www.facebook.com\\\/Vmsport.fi\\\/\",\"https:\\\/\\\/www.instagram.com\\\/vmsport\\\/\"]}]}<\/script>\n<!-- \/ Yoast SEO plugin. -->","yoast_head_json":{"title":"SCOTT HUB REP KIT FORM CL-2241 - VM Sport","robots":{"index":"index","follow":"follow","max-snippet":"max-snippet:-1","max-image-preview":"max-image-preview:large","max-video-preview":"max-video-preview:-1"},"canonical":"https:\/\/vmsport.fi\/sv\/webbutik\/reservdelar\/skivor-och-nav\/stolpar-och-delar\/scott-hub-rep-kit-form-cl-2241\/","og_locale":"sv_SE","og_type":"article","og_title":"SCOTT HUB REP KIT FORM CL-2241 - VM Sport","og_description":"SCOTT HUB REP KIT FORM CL-2241 on huolellisesti suunniteltu korjausratkaisu, joka soveltuu erityisesti py\u00f6r\u00e4n napojen huoltoon ja korjaamiseen. Sarja sis\u00e4lt\u00e4\u00e4 keskeiset osat, kuten akselin ja laakerit, joiden avulla voit vaihtaa vaurioituneet tai kuluneet osat nopeasti ja vaivattomasti. Kun kaikki tarvittavat v\u00e4lineet ovat l\u00e4hell\u00e4, asennus sujuu helposti. Olitpa sitten py\u00f6r\u00e4ilyharrastaja tai ammattilainen, t\u00e4m\u00e4 korjaussarja takaa py\u00f6r\u00e4si [...]L\u00e4s mer \u2026 from SCOTT HUB REP KIT FORM CL-2241","og_url":"https:\/\/vmsport.fi\/sv\/webbutik\/reservdelar\/skivor-och-nav\/stolpar-och-delar\/scott-hub-rep-kit-form-cl-2241\/","og_site_name":"VM Sport","article_publisher":"https:\/\/www.facebook.com\/Vmsport.fi\/","article_modified_time":"2026-04-22T12:03:26+00:00","og_image":[{"width":260,"height":260,"url":"https:\/\/vmsport.fi\/wp-content\/uploads\/2025\/03\/2770369999-1679962-JPG-zoom-1-1.jpg","type":"image\/jpeg"}],"twitter_card":"summary_large_image","schema":{"@context":"https:\/\/schema.org","@graph":[{"@type":["WebPage","ItemPage"],"@id":"https:\/\/vmsport.fi\/verkkokauppa\/varaosat\/kiekot-ja-navat\/navat-ja-osat\/scott-hub-rep-kit-form-cl-2241\/","url":"https:\/\/vmsport.fi\/verkkokauppa\/varaosat\/kiekot-ja-navat\/navat-ja-osat\/scott-hub-rep-kit-form-cl-2241\/","name":"SCOTT HUB REP KIT FORM CL-2241 - VM Sport","isPartOf":{"@id":"https:\/\/vmsport.fi\/#website"},"primaryImageOfPage":{"@id":"https:\/\/vmsport.fi\/verkkokauppa\/varaosat\/kiekot-ja-navat\/navat-ja-osat\/scott-hub-rep-kit-form-cl-2241\/#primaryimage"},"image":{"@id":"https:\/\/vmsport.fi\/verkkokauppa\/varaosat\/kiekot-ja-navat\/navat-ja-osat\/scott-hub-rep-kit-form-cl-2241\/#primaryimage"},"thumbnailUrl":"https:\/\/vmsport.fi\/wp-content\/uploads\/2025\/03\/2770369999-1679962-JPG-zoom-1-1.jpg","datePublished":"2025-03-05T22:29:52+00:00","dateModified":"2026-04-22T12:03:26+00:00","breadcrumb":{"@id":"https:\/\/vmsport.fi\/verkkokauppa\/varaosat\/kiekot-ja-navat\/navat-ja-osat\/scott-hub-rep-kit-form-cl-2241\/#breadcrumb"},"inLanguage":"sv-SE","potentialAction":[{"@type":"ReadAction","target":["https:\/\/vmsport.fi\/verkkokauppa\/varaosat\/kiekot-ja-navat\/navat-ja-osat\/scott-hub-rep-kit-form-cl-2241\/"]}]},{"@type":"ImageObject","inLanguage":"sv-SE","@id":"https:\/\/vmsport.fi\/verkkokauppa\/varaosat\/kiekot-ja-navat\/navat-ja-osat\/scott-hub-rep-kit-form-cl-2241\/#primaryimage","url":"https:\/\/vmsport.fi\/wp-content\/uploads\/2025\/03\/2770369999-1679962-JPG-zoom-1-1.jpg","contentUrl":"https:\/\/vmsport.fi\/wp-content\/uploads\/2025\/03\/2770369999-1679962-JPG-zoom-1-1.jpg","width":260,"height":260,"caption":"2770369999-1679962-JPG-zoom-1"},{"@type":"BreadcrumbList","@id":"https:\/\/vmsport.fi\/verkkokauppa\/varaosat\/kiekot-ja-navat\/navat-ja-osat\/scott-hub-rep-kit-form-cl-2241\/#breadcrumb","itemListElement":[{"@type":"ListItem","position":1,"name":"Etusivu","item":"https:\/\/vmsport.fi\/"},{"@type":"ListItem","position":2,"name":"Online Store","item":"https:\/\/vmsport.fi\/en\/online-store\/"},{"@type":"ListItem","position":3,"name":"SCOTT HUB REP KIT FORM CL-2241"}]},{"@type":"WebSite","@id":"https:\/\/vmsport.fi\/#website","url":"https:\/\/vmsport.fi\/","name":"Vmsport","description":"Allt p\u00e5 ett st\u00e4lle f\u00f6r cykling","publisher":{"@id":"https:\/\/vmsport.fi\/#organization"},"potentialAction":[{"@type":"SearchAction","target":{"@type":"EntryPoint","urlTemplate":"https:\/\/vmsport.fi\/?s={search_term_string}"},"query-input":{"@type":"PropertyValueSpecification","valueRequired":true,"valueName":"search_term_string"}}],"inLanguage":"sv-SE"},{"@type":"Organization","@id":"https:\/\/vmsport.fi\/#organization","name":"Vmsport","url":"https:\/\/vmsport.fi\/","logo":{"@type":"ImageObject","inLanguage":"sv-SE","@id":"https:\/\/vmsport.fi\/#\/schema\/logo\/image\/","url":"https:\/\/vmsport.fi\/wp-content\/uploads\/2024\/12\/vm_sport_RGB_horisontal-e1734526017575.png","contentUrl":"https:\/\/vmsport.fi\/wp-content\/uploads\/2024\/12\/vm_sport_RGB_horisontal-e1734526017575.png","width":668,"height":85,"caption":"Vmsport"},"image":{"@id":"https:\/\/vmsport.fi\/#\/schema\/logo\/image\/"},"sameAs":["https:\/\/www.facebook.com\/Vmsport.fi\/","https:\/\/www.instagram.com\/vmsport\/"]}]}},"global_unique_id":"","_links":{"self":[{"href":"https:\/\/vmsport.fi\/sv\/wp-json\/wp\/v2\/product\/57188","targetHints":{"allow":["GET"]}}],"collection":[{"href":"https:\/\/vmsport.fi\/sv\/wp-json\/wp\/v2\/product"}],"about":[{"href":"https:\/\/vmsport.fi\/sv\/wp-json\/wp\/v2\/types\/product"}],"replies":[{"embeddable":true,"href":"https:\/\/vmsport.fi\/sv\/wp-json\/wp\/v2\/comments?post=57188"}],"wp:featuredmedia":[{"embeddable":true,"href":"https:\/\/vmsport.fi\/sv\/wp-json\/wp\/v2\/media\/57187"}],"wp:attachment":[{"href":"https:\/\/vmsport.fi\/sv\/wp-json\/wp\/v2\/media?parent=57188"}],"wp:term":[{"taxonomy":"product_brand","embeddable":true,"href":"https:\/\/vmsport.fi\/sv\/wp-json\/wp\/v2\/product_brand?post=57188"},{"taxonomy":"product_model","embeddable":true,"href":"https:\/\/vmsport.fi\/sv\/wp-json\/wp\/v2\/product_model?post=57188"},{"taxonomy":"product_cat","embeddable":true,"href":"https:\/\/vmsport.fi\/sv\/wp-json\/wp\/v2\/product_cat?post=57188"},{"taxonomy":"product_tag","embeddable":true,"href":"https:\/\/vmsport.fi\/sv\/wp-json\/wp\/v2\/product_tag?post=57188"},{"taxonomy":"industry_terminology","embeddable":true,"href":"https:\/\/vmsport.fi\/sv\/wp-json\/wp\/v2\/industry-terminology?post=57188"}],"curies":[{"name":"wp","href":"https:\/\/api.w.org\/{rel}","templated":true}]}}