{"id":57184,"date":"2025-03-06T00:29:51","date_gmt":"2025-03-05T22:29:51","guid":{"rendered":"https:\/\/vmsport.fi\/verkkokauppa\/Ei-luokiteltu\/ulkorengas-16-continental-ride-tour-47-305\/"},"modified":"2026-04-22T15:09:57","modified_gmt":"2026-04-22T12:09:57","slug":"ytterdack-16-continental-ride-tour-47-305","status":"publish","type":"product","link":"https:\/\/vmsport.fi\/sv\/verkkokauppa\/renkaat\/ulkorenkaat\/kaupunki-ja-hybridirenkaat\/ulkorengas-16-continental-ride-tour-47-305\/","title":{"rendered":"Ytterd\u00e4ck 16\u2033 CONTINENTAL Ride Tour 47-305"},"content":{"rendered":"<p>16\u2033 CONTINENTAL Ride Tour 47-305 \u00e4r ett utomhusd\u00e4ck som \u00e4r utformat f\u00f6r stads- och gatuk\u00f6rning. Det \u00e4r ett m\u00e5ngsidigt alternativ f\u00f6r en m\u00e4ngd olika underlag. Den slitstarka gummiblandningen garanterar d\u00e4ckets l\u00e5nga livsl\u00e4ngd, medan det tjocka EXTRAbelt-punkteringsskyddet \u00f6kar k\u00f6rs\u00e4kerheten s\u00e5 att du kan k\u00f6ra med tillf\u00f6rsikt. Stommen med 180 g\u00e4ngor per tum anpassar sig effektivt till v\u00e4gytan, vilket f\u00f6rb\u00e4ttrar rullmotst\u00e5ndet och skyddar mot punktering. Det h\u00e4r d\u00e4cket \u00e4r ett kostnadseffektivt val som ger utm\u00e4rkt prestanda och tillf\u00f6rlitlighet f\u00f6r regelbunden stadsk\u00f6rning.<\/p>","protected":false},"excerpt":{"rendered":"<p>Ulkorengas 16&#8243; CONTINENTAL Ride Tour 47-305 on suunniteltu kaupunki- ja katuajoon. Se on monipuolinen vaihtoehto erilaisille alustoille. Kest\u00e4v\u00e4 kumiseos varmistaa renkaan pitk\u00e4ik\u00e4isyyden, ja paksu EXTRAbelt-pistosuojaus lis\u00e4\u00e4 ajoturvallisuutta, joten voit ajaa huoletta. Rengasrunko, jossa on 180 lankaa tuumalla, mukautuu tehokkaasti tien pintaan, mik\u00e4 parantaa vierint\u00e4vastusta ja suojaa puhkeamisilta. T\u00e4m\u00e4 rengas on kustannustehokas valinta, joka tarjoaa erinomaisen [&#8230;]<\/p>\n<p><a class=\"btn btn-secondary understrap-read-more-link\" href=\"https:\/\/vmsport.fi\/sv\/verkkokauppa\/renkaat\/ulkorenkaat\/kaupunki-ja-hybridirenkaat\/ulkorengas-16-continental-ride-tour-47-305\/\">L\u00e4s mer \u2026<span class=\"screen-reader-text\"> from Ulkorengas 16&#8243; CONTINENTAL Ride Tour 47-305<\/span><\/a><\/p>\n","protected":false},"featured_media":57183,"comment_status":"open","ping_status":"closed","template":"","meta":{"_acf_changed":false,"_improvement_type_select":"improve_an_existing","_thumb_yes_seoaic":false,"_frame_yes_seoaic":false,"seoaic_generate_description":"","seoaic_improve_instructions_prompt":"","seoaic_rollback_content_improvement":"","seoaic_idea_thumbnail_generator":"","thumbnail_generated":false,"thumbnail_generate_prompt":"","seoaic_article_description":"","_supplier_stock_quantity":0},"product_brand":[1585],"product_model":[],"product_cat":[9318],"product_tag":[],"industry-terminology":[],"class_list":{"0":"post-57184","1":"product","2":"type-product","3":"status-publish","4":"has-post-thumbnail","6":"product_brand-continental","7":"product_cat-kaupunki-ja-hybridirenkaat","9":"first","10":"instock","11":"taxable","12":"shipping-taxable","13":"purchasable","14":"product-type-simple"},"acf":{"bike_features":null,"overview":{"copy_overview":null,"key_features":null,"statement":"","youtube_url":""}},"yoast_head":"<!-- This site is optimized with the Yoast SEO plugin v27.4 - https:\/\/yoast.com\/product\/yoast-seo-wordpress\/ -->\n<title>Ulkorengas 16&quot; CONTINENTAL Ride Tour 47-305 - VM Sport<\/title>\n<meta name=\"robots\" content=\"index, follow, max-snippet:-1, max-image-preview:large, max-video-preview:-1\" \/>\n<link rel=\"canonical\" href=\"https:\/\/vmsport.fi\/sv\/webbutik\/dack\/dack-for-utomhusbruk\/stads-och-hybriddack\/ytterdack-16-continental-ride-tour-47-305\/\" \/>\n<meta property=\"og:locale\" content=\"sv_SE\" \/>\n<meta property=\"og:type\" content=\"article\" \/>\n<meta property=\"og:title\" content=\"Ulkorengas 16&quot; CONTINENTAL Ride Tour 47-305 - VM Sport\" \/>\n<meta property=\"og:description\" content=\"Ulkorengas 16&#8243; CONTINENTAL Ride Tour 47-305 on suunniteltu kaupunki- ja katuajoon. Se on monipuolinen vaihtoehto erilaisille alustoille. Kest\u00e4v\u00e4 kumiseos varmistaa renkaan pitk\u00e4ik\u00e4isyyden, ja paksu EXTRAbelt-pistosuojaus lis\u00e4\u00e4 ajoturvallisuutta, joten voit ajaa huoletta. Rengasrunko, jossa on 180 lankaa tuumalla, mukautuu tehokkaasti tien pintaan, mik\u00e4 parantaa vierint\u00e4vastusta ja suojaa puhkeamisilta. T\u00e4m\u00e4 rengas on kustannustehokas valinta, joka tarjoaa erinomaisen [...]L\u00e4s mer \u2026 from Ulkorengas 16&#8243; CONTINENTAL Ride Tour 47-305\" \/>\n<meta property=\"og:url\" content=\"https:\/\/vmsport.fi\/sv\/webbutik\/dack\/dack-for-utomhusbruk\/stads-och-hybriddack\/ytterdack-16-continental-ride-tour-47-305\/\" \/>\n<meta property=\"og:site_name\" content=\"VM Sport\" \/>\n<meta property=\"article:publisher\" content=\"https:\/\/www.facebook.com\/Vmsport.fi\/\" \/>\n<meta property=\"article:modified_time\" content=\"2026-04-22T12:09:57+00:00\" \/>\n<meta property=\"og:image\" content=\"https:\/\/vmsport.fi\/wp-content\/uploads\/2025\/03\/ride-tour-3-1.jpg\" \/>\n\t<meta property=\"og:image:width\" content=\"1000\" \/>\n\t<meta property=\"og:image:height\" content=\"1000\" \/>\n\t<meta property=\"og:image:type\" content=\"image\/jpeg\" \/>\n<meta name=\"twitter:card\" content=\"summary_large_image\" \/>\n<script type=\"application\/ld+json\" class=\"yoast-schema-graph\">{\"@context\":\"https:\\\/\\\/schema.org\",\"@graph\":[{\"@type\":[\"WebPage\",\"ItemPage\"],\"@id\":\"https:\\\/\\\/vmsport.fi\\\/verkkokauppa\\\/renkaat\\\/ulkorenkaat\\\/kaupunki-ja-hybridirenkaat\\\/ulkorengas-16-continental-ride-tour-47-305\\\/\",\"url\":\"https:\\\/\\\/vmsport.fi\\\/verkkokauppa\\\/renkaat\\\/ulkorenkaat\\\/kaupunki-ja-hybridirenkaat\\\/ulkorengas-16-continental-ride-tour-47-305\\\/\",\"name\":\"Ulkorengas 16\\\" CONTINENTAL Ride Tour 47-305 - VM Sport\",\"isPartOf\":{\"@id\":\"https:\\\/\\\/vmsport.fi\\\/#website\"},\"primaryImageOfPage\":{\"@id\":\"https:\\\/\\\/vmsport.fi\\\/verkkokauppa\\\/renkaat\\\/ulkorenkaat\\\/kaupunki-ja-hybridirenkaat\\\/ulkorengas-16-continental-ride-tour-47-305\\\/#primaryimage\"},\"image\":{\"@id\":\"https:\\\/\\\/vmsport.fi\\\/verkkokauppa\\\/renkaat\\\/ulkorenkaat\\\/kaupunki-ja-hybridirenkaat\\\/ulkorengas-16-continental-ride-tour-47-305\\\/#primaryimage\"},\"thumbnailUrl\":\"https:\\\/\\\/vmsport.fi\\\/wp-content\\\/uploads\\\/2025\\\/03\\\/ride-tour-3-1.jpg\",\"datePublished\":\"2025-03-05T22:29:51+00:00\",\"dateModified\":\"2026-04-22T12:09:57+00:00\",\"breadcrumb\":{\"@id\":\"https:\\\/\\\/vmsport.fi\\\/verkkokauppa\\\/renkaat\\\/ulkorenkaat\\\/kaupunki-ja-hybridirenkaat\\\/ulkorengas-16-continental-ride-tour-47-305\\\/#breadcrumb\"},\"inLanguage\":\"sv-SE\",\"potentialAction\":[{\"@type\":\"ReadAction\",\"target\":[\"https:\\\/\\\/vmsport.fi\\\/verkkokauppa\\\/renkaat\\\/ulkorenkaat\\\/kaupunki-ja-hybridirenkaat\\\/ulkorengas-16-continental-ride-tour-47-305\\\/\"]}]},{\"@type\":\"ImageObject\",\"inLanguage\":\"sv-SE\",\"@id\":\"https:\\\/\\\/vmsport.fi\\\/verkkokauppa\\\/renkaat\\\/ulkorenkaat\\\/kaupunki-ja-hybridirenkaat\\\/ulkorengas-16-continental-ride-tour-47-305\\\/#primaryimage\",\"url\":\"https:\\\/\\\/vmsport.fi\\\/wp-content\\\/uploads\\\/2025\\\/03\\\/ride-tour-3-1.jpg\",\"contentUrl\":\"https:\\\/\\\/vmsport.fi\\\/wp-content\\\/uploads\\\/2025\\\/03\\\/ride-tour-3-1.jpg\",\"width\":1000,\"height\":1000,\"caption\":\"ride-tour-3\"},{\"@type\":\"BreadcrumbList\",\"@id\":\"https:\\\/\\\/vmsport.fi\\\/verkkokauppa\\\/renkaat\\\/ulkorenkaat\\\/kaupunki-ja-hybridirenkaat\\\/ulkorengas-16-continental-ride-tour-47-305\\\/#breadcrumb\",\"itemListElement\":[{\"@type\":\"ListItem\",\"position\":1,\"name\":\"Etusivu\",\"item\":\"https:\\\/\\\/vmsport.fi\\\/\"},{\"@type\":\"ListItem\",\"position\":2,\"name\":\"Online Store\",\"item\":\"https:\\\/\\\/vmsport.fi\\\/en\\\/online-store\\\/\"},{\"@type\":\"ListItem\",\"position\":3,\"name\":\"Continental\",\"item\":\"https:\\\/\\\/vmsport.fi\\\/merkki\\\/continental\\\/\"},{\"@type\":\"ListItem\",\"position\":4,\"name\":\"Ulkorengas 16&#8243; CONTINENTAL Ride Tour 47-305\"}]},{\"@type\":\"WebSite\",\"@id\":\"https:\\\/\\\/vmsport.fi\\\/#website\",\"url\":\"https:\\\/\\\/vmsport.fi\\\/\",\"name\":\"Vmsport\",\"description\":\"Kaikki py\u00f6r\u00e4ilyyn yhdest\u00e4 paikasta\",\"publisher\":{\"@id\":\"https:\\\/\\\/vmsport.fi\\\/#organization\"},\"potentialAction\":[{\"@type\":\"SearchAction\",\"target\":{\"@type\":\"EntryPoint\",\"urlTemplate\":\"https:\\\/\\\/vmsport.fi\\\/?s={search_term_string}\"},\"query-input\":{\"@type\":\"PropertyValueSpecification\",\"valueRequired\":true,\"valueName\":\"search_term_string\"}}],\"inLanguage\":\"sv-SE\"},{\"@type\":\"Organization\",\"@id\":\"https:\\\/\\\/vmsport.fi\\\/#organization\",\"name\":\"Vmsport\",\"url\":\"https:\\\/\\\/vmsport.fi\\\/\",\"logo\":{\"@type\":\"ImageObject\",\"inLanguage\":\"sv-SE\",\"@id\":\"https:\\\/\\\/vmsport.fi\\\/#\\\/schema\\\/logo\\\/image\\\/\",\"url\":\"https:\\\/\\\/vmsport.fi\\\/wp-content\\\/uploads\\\/2024\\\/12\\\/vm_sport_RGB_horisontal-e1734526017575.png\",\"contentUrl\":\"https:\\\/\\\/vmsport.fi\\\/wp-content\\\/uploads\\\/2024\\\/12\\\/vm_sport_RGB_horisontal-e1734526017575.png\",\"width\":668,\"height\":85,\"caption\":\"Vmsport\"},\"image\":{\"@id\":\"https:\\\/\\\/vmsport.fi\\\/#\\\/schema\\\/logo\\\/image\\\/\"},\"sameAs\":[\"https:\\\/\\\/www.facebook.com\\\/Vmsport.fi\\\/\",\"https:\\\/\\\/www.instagram.com\\\/vmsport\\\/\"]}]}<\/script>\n<!-- \/ Yoast SEO plugin. -->","yoast_head_json":{"title":"Ytterd\u00e4ck 16\" CONTINENTAL Ride Tour 47-305 - VM Sport","robots":{"index":"index","follow":"follow","max-snippet":"max-snippet:-1","max-image-preview":"max-image-preview:large","max-video-preview":"max-video-preview:-1"},"canonical":"https:\/\/vmsport.fi\/sv\/webbutik\/dack\/dack-for-utomhusbruk\/stads-och-hybriddack\/ytterdack-16-continental-ride-tour-47-305\/","og_locale":"sv_SE","og_type":"article","og_title":"Ulkorengas 16\" CONTINENTAL Ride Tour 47-305 - VM Sport","og_description":"Ulkorengas 16&#8243; CONTINENTAL Ride Tour 47-305 on suunniteltu kaupunki- ja katuajoon. Se on monipuolinen vaihtoehto erilaisille alustoille. Kest\u00e4v\u00e4 kumiseos varmistaa renkaan pitk\u00e4ik\u00e4isyyden, ja paksu EXTRAbelt-pistosuojaus lis\u00e4\u00e4 ajoturvallisuutta, joten voit ajaa huoletta. Rengasrunko, jossa on 180 lankaa tuumalla, mukautuu tehokkaasti tien pintaan, mik\u00e4 parantaa vierint\u00e4vastusta ja suojaa puhkeamisilta. T\u00e4m\u00e4 rengas on kustannustehokas valinta, joka tarjoaa erinomaisen [...]L\u00e4s mer \u2026 from Ulkorengas 16&#8243; CONTINENTAL Ride Tour 47-305","og_url":"https:\/\/vmsport.fi\/sv\/webbutik\/dack\/dack-for-utomhusbruk\/stads-och-hybriddack\/ytterdack-16-continental-ride-tour-47-305\/","og_site_name":"VM Sport","article_publisher":"https:\/\/www.facebook.com\/Vmsport.fi\/","article_modified_time":"2026-04-22T12:09:57+00:00","og_image":[{"width":1000,"height":1000,"url":"https:\/\/vmsport.fi\/wp-content\/uploads\/2025\/03\/ride-tour-3-1.jpg","type":"image\/jpeg"}],"twitter_card":"summary_large_image","schema":{"@context":"https:\/\/schema.org","@graph":[{"@type":["WebPage","ItemPage"],"@id":"https:\/\/vmsport.fi\/verkkokauppa\/renkaat\/ulkorenkaat\/kaupunki-ja-hybridirenkaat\/ulkorengas-16-continental-ride-tour-47-305\/","url":"https:\/\/vmsport.fi\/verkkokauppa\/renkaat\/ulkorenkaat\/kaupunki-ja-hybridirenkaat\/ulkorengas-16-continental-ride-tour-47-305\/","name":"Ytterd\u00e4ck 16\" CONTINENTAL Ride Tour 47-305 - VM Sport","isPartOf":{"@id":"https:\/\/vmsport.fi\/#website"},"primaryImageOfPage":{"@id":"https:\/\/vmsport.fi\/verkkokauppa\/renkaat\/ulkorenkaat\/kaupunki-ja-hybridirenkaat\/ulkorengas-16-continental-ride-tour-47-305\/#primaryimage"},"image":{"@id":"https:\/\/vmsport.fi\/verkkokauppa\/renkaat\/ulkorenkaat\/kaupunki-ja-hybridirenkaat\/ulkorengas-16-continental-ride-tour-47-305\/#primaryimage"},"thumbnailUrl":"https:\/\/vmsport.fi\/wp-content\/uploads\/2025\/03\/ride-tour-3-1.jpg","datePublished":"2025-03-05T22:29:51+00:00","dateModified":"2026-04-22T12:09:57+00:00","breadcrumb":{"@id":"https:\/\/vmsport.fi\/verkkokauppa\/renkaat\/ulkorenkaat\/kaupunki-ja-hybridirenkaat\/ulkorengas-16-continental-ride-tour-47-305\/#breadcrumb"},"inLanguage":"sv-SE","potentialAction":[{"@type":"ReadAction","target":["https:\/\/vmsport.fi\/verkkokauppa\/renkaat\/ulkorenkaat\/kaupunki-ja-hybridirenkaat\/ulkorengas-16-continental-ride-tour-47-305\/"]}]},{"@type":"ImageObject","inLanguage":"sv-SE","@id":"https:\/\/vmsport.fi\/verkkokauppa\/renkaat\/ulkorenkaat\/kaupunki-ja-hybridirenkaat\/ulkorengas-16-continental-ride-tour-47-305\/#primaryimage","url":"https:\/\/vmsport.fi\/wp-content\/uploads\/2025\/03\/ride-tour-3-1.jpg","contentUrl":"https:\/\/vmsport.fi\/wp-content\/uploads\/2025\/03\/ride-tour-3-1.jpg","width":1000,"height":1000,"caption":"ride-tour-3"},{"@type":"BreadcrumbList","@id":"https:\/\/vmsport.fi\/verkkokauppa\/renkaat\/ulkorenkaat\/kaupunki-ja-hybridirenkaat\/ulkorengas-16-continental-ride-tour-47-305\/#breadcrumb","itemListElement":[{"@type":"ListItem","position":1,"name":"Etusivu","item":"https:\/\/vmsport.fi\/"},{"@type":"ListItem","position":2,"name":"Online Store","item":"https:\/\/vmsport.fi\/en\/online-store\/"},{"@type":"ListItem","position":3,"name":"Continental","item":"https:\/\/vmsport.fi\/merkki\/continental\/"},{"@type":"ListItem","position":4,"name":"Ulkorengas 16&#8243; CONTINENTAL Ride Tour 47-305"}]},{"@type":"WebSite","@id":"https:\/\/vmsport.fi\/#website","url":"https:\/\/vmsport.fi\/","name":"Vmsport","description":"Allt p\u00e5 ett st\u00e4lle f\u00f6r cykling","publisher":{"@id":"https:\/\/vmsport.fi\/#organization"},"potentialAction":[{"@type":"SearchAction","target":{"@type":"EntryPoint","urlTemplate":"https:\/\/vmsport.fi\/?s={search_term_string}"},"query-input":{"@type":"PropertyValueSpecification","valueRequired":true,"valueName":"search_term_string"}}],"inLanguage":"sv-SE"},{"@type":"Organization","@id":"https:\/\/vmsport.fi\/#organization","name":"Vmsport","url":"https:\/\/vmsport.fi\/","logo":{"@type":"ImageObject","inLanguage":"sv-SE","@id":"https:\/\/vmsport.fi\/#\/schema\/logo\/image\/","url":"https:\/\/vmsport.fi\/wp-content\/uploads\/2024\/12\/vm_sport_RGB_horisontal-e1734526017575.png","contentUrl":"https:\/\/vmsport.fi\/wp-content\/uploads\/2024\/12\/vm_sport_RGB_horisontal-e1734526017575.png","width":668,"height":85,"caption":"Vmsport"},"image":{"@id":"https:\/\/vmsport.fi\/#\/schema\/logo\/image\/"},"sameAs":["https:\/\/www.facebook.com\/Vmsport.fi\/","https:\/\/www.instagram.com\/vmsport\/"]}]}},"global_unique_id":"","_links":{"self":[{"href":"https:\/\/vmsport.fi\/sv\/wp-json\/wp\/v2\/product\/57184","targetHints":{"allow":["GET"]}}],"collection":[{"href":"https:\/\/vmsport.fi\/sv\/wp-json\/wp\/v2\/product"}],"about":[{"href":"https:\/\/vmsport.fi\/sv\/wp-json\/wp\/v2\/types\/product"}],"replies":[{"embeddable":true,"href":"https:\/\/vmsport.fi\/sv\/wp-json\/wp\/v2\/comments?post=57184"}],"wp:featuredmedia":[{"embeddable":true,"href":"https:\/\/vmsport.fi\/sv\/wp-json\/wp\/v2\/media\/57183"}],"wp:attachment":[{"href":"https:\/\/vmsport.fi\/sv\/wp-json\/wp\/v2\/media?parent=57184"}],"wp:term":[{"taxonomy":"product_brand","embeddable":true,"href":"https:\/\/vmsport.fi\/sv\/wp-json\/wp\/v2\/product_brand?post=57184"},{"taxonomy":"product_model","embeddable":true,"href":"https:\/\/vmsport.fi\/sv\/wp-json\/wp\/v2\/product_model?post=57184"},{"taxonomy":"product_cat","embeddable":true,"href":"https:\/\/vmsport.fi\/sv\/wp-json\/wp\/v2\/product_cat?post=57184"},{"taxonomy":"product_tag","embeddable":true,"href":"https:\/\/vmsport.fi\/sv\/wp-json\/wp\/v2\/product_tag?post=57184"},{"taxonomy":"industry_terminology","embeddable":true,"href":"https:\/\/vmsport.fi\/sv\/wp-json\/wp\/v2\/industry-terminology?post=57184"}],"curies":[{"name":"wp","href":"https:\/\/api.w.org\/{rel}","templated":true}]}}