{"id":57169,"date":"2025-03-06T00:29:39","date_gmt":"2025-03-05T22:29:39","guid":{"rendered":"https:\/\/vmsport.fi\/verkkokauppa\/Ei-luokiteltu\/lazer-kypara-coyote-kineticore-matte-black\/"},"modified":"2026-03-20T02:00:17","modified_gmt":"2026-03-20T00:00:17","slug":"lazer-kypara-coyote-kineticore-matt-svart","status":"publish","type":"product","link":"https:\/\/vmsport.fi\/sv\/verkkokauppa\/ajovarusteet\/kyparat\/maastokyparat\/lazer-kypara-coyote-kineticore-matte-black\/","title":{"rendered":"Lazer Hj\u00e4lm Coyote KinetiCore Matt Svart"},"content":{"rendered":"<p>Lazer Coyote KinetiCore -kyp\u00e4r\u00e4ss\u00e4 on KinetiCore-rakenne, joka tarjoaa kehittyneen suojan erityisesti sivuttaisissa iskuissa. Kyp\u00e4r\u00e4n turvallisuuden takeena on Virginia Techin 5 t\u00e4hden luokitus. TurnSys-s\u00e4\u00e4t\u00f6j\u00e4rjestelm\u00e4 mahdollistaa helpon ja nopean istuvuuss\u00e4\u00e4d\u00f6n. K\u00e4yt\u00e4nn\u00f6llinen, s\u00e4\u00e4dett\u00e4v\u00e4 lippa tuo suojaa s\u00e4\u00e4lt\u00e4 ja maaston risuilta. Lis\u00e4ksi kyp\u00e4r\u00e4ss\u00e4 on paikka LED-valolle, mutta valo ei sis\u00e4lly tuotteeseen.<\/p>","protected":false},"excerpt":{"rendered":"<p>KinetiCore-rakenne, korkea turvallisuusluokitus ja s\u00e4\u00e4dett\u00e4v\u00e4 istuvuus tekev\u00e4t mallista monipuolisen maastokyp\u00e4r\u00e4n. [&#8230;]<\/p>\n<p><a class=\"btn btn-secondary understrap-read-more-link\" href=\"https:\/\/vmsport.fi\/sv\/verkkokauppa\/ajovarusteet\/kyparat\/maastokyparat\/lazer-kypara-coyote-kineticore-matte-black\/\">L\u00e4s mer \u2026<span class=\"screen-reader-text\"> from Lazer Kyp\u00e4r\u00e4 Coyote KinetiCore Matte Black<\/span><\/a><\/p>\n","protected":false},"featured_media":57166,"comment_status":"open","ping_status":"closed","template":"","meta":{"_acf_changed":false,"_improvement_type_select":"improve_an_existing","_thumb_yes_seoaic":false,"_frame_yes_seoaic":false,"seoaic_generate_description":"","seoaic_improve_instructions_prompt":"","seoaic_rollback_content_improvement":"","seoaic_idea_thumbnail_generator":"","thumbnail_generated":false,"thumbnail_generate_prompt":"","seoaic_article_description":"","_supplier_stock_quantity":0},"product_brand":[],"product_model":[],"product_cat":[9512],"product_tag":[],"industry-terminology":[],"class_list":{"0":"post-57169","1":"product","2":"type-product","3":"status-publish","4":"has-post-thumbnail","6":"product_cat-maastokyparat","8":"first","9":"instock","10":"taxable","11":"shipping-taxable","12":"purchasable","13":"product-type-variable"},"acf":{"bike_features":null,"overview":{"copy_overview":null,"key_features":null,"statement":"","youtube_url":""}},"yoast_head":"<!-- This site is optimized with the Yoast SEO plugin v27.3 - https:\/\/yoast.com\/product\/yoast-seo-wordpress\/ -->\n<title>Lazer Kyp\u00e4r\u00e4 Coyote KinetiCore Matte Black - VM Sport<\/title>\n<meta name=\"robots\" content=\"index, follow, max-snippet:-1, max-image-preview:large, max-video-preview:-1\" \/>\n<link rel=\"canonical\" href=\"https:\/\/vmsport.fi\/sv\/webbutik\/korutrustning\/kyparat\/terrangcykling\/lazer-kypara-coyote-kineticore-matt-svart\/\" \/>\n<meta property=\"og:locale\" content=\"sv_SE\" \/>\n<meta property=\"og:type\" content=\"article\" \/>\n<meta property=\"og:title\" content=\"Lazer Kyp\u00e4r\u00e4 Coyote KinetiCore Matte Black - VM Sport\" \/>\n<meta property=\"og:description\" content=\"KinetiCore-rakenne, korkea turvallisuusluokitus ja s\u00e4\u00e4dett\u00e4v\u00e4 istuvuus tekev\u00e4t mallista monipuolisen maastokyp\u00e4r\u00e4n. [...]L\u00e4s mer \u2026 from Lazer Kyp\u00e4r\u00e4 Coyote KinetiCore Matte Black\" \/>\n<meta property=\"og:url\" content=\"https:\/\/vmsport.fi\/sv\/webbutik\/korutrustning\/kyparat\/terrangcykling\/lazer-kypara-coyote-kineticore-matt-svart\/\" \/>\n<meta property=\"og:site_name\" content=\"VM Sport\" \/>\n<meta property=\"article:publisher\" content=\"https:\/\/www.facebook.com\/Vmsport.fi\/\" \/>\n<meta property=\"article:modified_time\" content=\"2026-03-20T00:00:17+00:00\" \/>\n<meta property=\"og:image\" content=\"https:\/\/vmsport.fi\/wp-content\/uploads\/2025\/03\/MY2023-Coyote-KC-Matte-Black-01-jpg-thumb-572-572-1.png\" \/>\n\t<meta property=\"og:image:width\" content=\"572\" \/>\n\t<meta property=\"og:image:height\" content=\"572\" \/>\n\t<meta property=\"og:image:type\" content=\"image\/png\" \/>\n<meta name=\"twitter:card\" content=\"summary_large_image\" \/>\n<script type=\"application\/ld+json\" class=\"yoast-schema-graph\">{\"@context\":\"https:\\\/\\\/schema.org\",\"@graph\":[{\"@type\":[\"WebPage\",\"ItemPage\"],\"@id\":\"https:\\\/\\\/vmsport.fi\\\/verkkokauppa\\\/ajovarusteet\\\/kyparat\\\/maastokyparat\\\/lazer-kypara-coyote-kineticore-matte-black\\\/\",\"url\":\"https:\\\/\\\/vmsport.fi\\\/verkkokauppa\\\/ajovarusteet\\\/kyparat\\\/maastokyparat\\\/lazer-kypara-coyote-kineticore-matte-black\\\/\",\"name\":\"Lazer Kyp\u00e4r\u00e4 Coyote KinetiCore Matte Black - VM Sport\",\"isPartOf\":{\"@id\":\"https:\\\/\\\/vmsport.fi\\\/#website\"},\"primaryImageOfPage\":{\"@id\":\"https:\\\/\\\/vmsport.fi\\\/verkkokauppa\\\/ajovarusteet\\\/kyparat\\\/maastokyparat\\\/lazer-kypara-coyote-kineticore-matte-black\\\/#primaryimage\"},\"image\":{\"@id\":\"https:\\\/\\\/vmsport.fi\\\/verkkokauppa\\\/ajovarusteet\\\/kyparat\\\/maastokyparat\\\/lazer-kypara-coyote-kineticore-matte-black\\\/#primaryimage\"},\"thumbnailUrl\":\"https:\\\/\\\/vmsport.fi\\\/wp-content\\\/uploads\\\/2025\\\/03\\\/MY2023-Coyote-KC-Matte-Black-01-jpg-thumb-572-572-1.png\",\"datePublished\":\"2025-03-05T22:29:39+00:00\",\"dateModified\":\"2026-03-20T00:00:17+00:00\",\"breadcrumb\":{\"@id\":\"https:\\\/\\\/vmsport.fi\\\/verkkokauppa\\\/ajovarusteet\\\/kyparat\\\/maastokyparat\\\/lazer-kypara-coyote-kineticore-matte-black\\\/#breadcrumb\"},\"inLanguage\":\"sv-SE\",\"potentialAction\":[{\"@type\":\"ReadAction\",\"target\":[\"https:\\\/\\\/vmsport.fi\\\/verkkokauppa\\\/ajovarusteet\\\/kyparat\\\/maastokyparat\\\/lazer-kypara-coyote-kineticore-matte-black\\\/\"]}]},{\"@type\":\"ImageObject\",\"inLanguage\":\"sv-SE\",\"@id\":\"https:\\\/\\\/vmsport.fi\\\/verkkokauppa\\\/ajovarusteet\\\/kyparat\\\/maastokyparat\\\/lazer-kypara-coyote-kineticore-matte-black\\\/#primaryimage\",\"url\":\"https:\\\/\\\/vmsport.fi\\\/wp-content\\\/uploads\\\/2025\\\/03\\\/MY2023-Coyote-KC-Matte-Black-01-jpg-thumb-572-572-1.png\",\"contentUrl\":\"https:\\\/\\\/vmsport.fi\\\/wp-content\\\/uploads\\\/2025\\\/03\\\/MY2023-Coyote-KC-Matte-Black-01-jpg-thumb-572-572-1.png\",\"width\":572,\"height\":572,\"caption\":\"MY2023-Coyote-KC-Matte-Black-01-jpg-thumb-572-572\"},{\"@type\":\"BreadcrumbList\",\"@id\":\"https:\\\/\\\/vmsport.fi\\\/verkkokauppa\\\/ajovarusteet\\\/kyparat\\\/maastokyparat\\\/lazer-kypara-coyote-kineticore-matte-black\\\/#breadcrumb\",\"itemListElement\":[{\"@type\":\"ListItem\",\"position\":1,\"name\":\"Etusivu\",\"item\":\"https:\\\/\\\/vmsport.fi\\\/\"},{\"@type\":\"ListItem\",\"position\":2,\"name\":\"Online Store\",\"item\":\"https:\\\/\\\/vmsport.fi\\\/en\\\/online-store\\\/\"},{\"@type\":\"ListItem\",\"position\":3,\"name\":\"Lazer Kyp\u00e4r\u00e4 Coyote KinetiCore Matte Black\"}]},{\"@type\":\"WebSite\",\"@id\":\"https:\\\/\\\/vmsport.fi\\\/#website\",\"url\":\"https:\\\/\\\/vmsport.fi\\\/\",\"name\":\"Vmsport\",\"description\":\"Kaikki py\u00f6r\u00e4ilyyn yhdest\u00e4 paikasta\",\"publisher\":{\"@id\":\"https:\\\/\\\/vmsport.fi\\\/#organization\"},\"potentialAction\":[{\"@type\":\"SearchAction\",\"target\":{\"@type\":\"EntryPoint\",\"urlTemplate\":\"https:\\\/\\\/vmsport.fi\\\/?s={search_term_string}\"},\"query-input\":{\"@type\":\"PropertyValueSpecification\",\"valueRequired\":true,\"valueName\":\"search_term_string\"}}],\"inLanguage\":\"sv-SE\"},{\"@type\":\"Organization\",\"@id\":\"https:\\\/\\\/vmsport.fi\\\/#organization\",\"name\":\"Vmsport\",\"url\":\"https:\\\/\\\/vmsport.fi\\\/\",\"logo\":{\"@type\":\"ImageObject\",\"inLanguage\":\"sv-SE\",\"@id\":\"https:\\\/\\\/vmsport.fi\\\/#\\\/schema\\\/logo\\\/image\\\/\",\"url\":\"https:\\\/\\\/vmsport.fi\\\/wp-content\\\/uploads\\\/2024\\\/12\\\/vm_sport_RGB_horisontal-e1734526017575.png\",\"contentUrl\":\"https:\\\/\\\/vmsport.fi\\\/wp-content\\\/uploads\\\/2024\\\/12\\\/vm_sport_RGB_horisontal-e1734526017575.png\",\"width\":668,\"height\":85,\"caption\":\"Vmsport\"},\"image\":{\"@id\":\"https:\\\/\\\/vmsport.fi\\\/#\\\/schema\\\/logo\\\/image\\\/\"},\"sameAs\":[\"https:\\\/\\\/www.facebook.com\\\/Vmsport.fi\\\/\",\"https:\\\/\\\/www.instagram.com\\\/vmsport\\\/\"]}]}<\/script>\n<!-- \/ Yoast SEO plugin. -->","yoast_head_json":{"title":"Lazer hj\u00e4lm Coyote KinetiCore matt svart - VM Sport","robots":{"index":"index","follow":"follow","max-snippet":"max-snippet:-1","max-image-preview":"max-image-preview:large","max-video-preview":"max-video-preview:-1"},"canonical":"https:\/\/vmsport.fi\/sv\/webbutik\/korutrustning\/kyparat\/terrangcykling\/lazer-kypara-coyote-kineticore-matt-svart\/","og_locale":"sv_SE","og_type":"article","og_title":"Lazer Kyp\u00e4r\u00e4 Coyote KinetiCore Matte Black - VM Sport","og_description":"KinetiCore-rakenne, korkea turvallisuusluokitus ja s\u00e4\u00e4dett\u00e4v\u00e4 istuvuus tekev\u00e4t mallista monipuolisen maastokyp\u00e4r\u00e4n. [...]L\u00e4s mer \u2026 from Lazer Kyp\u00e4r\u00e4 Coyote KinetiCore Matte Black","og_url":"https:\/\/vmsport.fi\/sv\/webbutik\/korutrustning\/kyparat\/terrangcykling\/lazer-kypara-coyote-kineticore-matt-svart\/","og_site_name":"VM Sport","article_publisher":"https:\/\/www.facebook.com\/Vmsport.fi\/","article_modified_time":"2026-03-20T00:00:17+00:00","og_image":[{"width":572,"height":572,"url":"https:\/\/vmsport.fi\/wp-content\/uploads\/2025\/03\/MY2023-Coyote-KC-Matte-Black-01-jpg-thumb-572-572-1.png","type":"image\/png"}],"twitter_card":"summary_large_image","schema":{"@context":"https:\/\/schema.org","@graph":[{"@type":["WebPage","ItemPage"],"@id":"https:\/\/vmsport.fi\/verkkokauppa\/ajovarusteet\/kyparat\/maastokyparat\/lazer-kypara-coyote-kineticore-matte-black\/","url":"https:\/\/vmsport.fi\/verkkokauppa\/ajovarusteet\/kyparat\/maastokyparat\/lazer-kypara-coyote-kineticore-matte-black\/","name":"Lazer hj\u00e4lm Coyote KinetiCore matt svart - VM Sport","isPartOf":{"@id":"https:\/\/vmsport.fi\/#website"},"primaryImageOfPage":{"@id":"https:\/\/vmsport.fi\/verkkokauppa\/ajovarusteet\/kyparat\/maastokyparat\/lazer-kypara-coyote-kineticore-matte-black\/#primaryimage"},"image":{"@id":"https:\/\/vmsport.fi\/verkkokauppa\/ajovarusteet\/kyparat\/maastokyparat\/lazer-kypara-coyote-kineticore-matte-black\/#primaryimage"},"thumbnailUrl":"https:\/\/vmsport.fi\/wp-content\/uploads\/2025\/03\/MY2023-Coyote-KC-Matte-Black-01-jpg-thumb-572-572-1.png","datePublished":"2025-03-05T22:29:39+00:00","dateModified":"2026-03-20T00:00:17+00:00","breadcrumb":{"@id":"https:\/\/vmsport.fi\/verkkokauppa\/ajovarusteet\/kyparat\/maastokyparat\/lazer-kypara-coyote-kineticore-matte-black\/#breadcrumb"},"inLanguage":"sv-SE","potentialAction":[{"@type":"ReadAction","target":["https:\/\/vmsport.fi\/verkkokauppa\/ajovarusteet\/kyparat\/maastokyparat\/lazer-kypara-coyote-kineticore-matte-black\/"]}]},{"@type":"ImageObject","inLanguage":"sv-SE","@id":"https:\/\/vmsport.fi\/verkkokauppa\/ajovarusteet\/kyparat\/maastokyparat\/lazer-kypara-coyote-kineticore-matte-black\/#primaryimage","url":"https:\/\/vmsport.fi\/wp-content\/uploads\/2025\/03\/MY2023-Coyote-KC-Matte-Black-01-jpg-thumb-572-572-1.png","contentUrl":"https:\/\/vmsport.fi\/wp-content\/uploads\/2025\/03\/MY2023-Coyote-KC-Matte-Black-01-jpg-thumb-572-572-1.png","width":572,"height":572,"caption":"MY2023-Coyote-KC-Matte-Black-01-jpg-thumb-572-572"},{"@type":"BreadcrumbList","@id":"https:\/\/vmsport.fi\/verkkokauppa\/ajovarusteet\/kyparat\/maastokyparat\/lazer-kypara-coyote-kineticore-matte-black\/#breadcrumb","itemListElement":[{"@type":"ListItem","position":1,"name":"Etusivu","item":"https:\/\/vmsport.fi\/"},{"@type":"ListItem","position":2,"name":"Online Store","item":"https:\/\/vmsport.fi\/en\/online-store\/"},{"@type":"ListItem","position":3,"name":"Lazer Kyp\u00e4r\u00e4 Coyote KinetiCore Matte Black"}]},{"@type":"WebSite","@id":"https:\/\/vmsport.fi\/#website","url":"https:\/\/vmsport.fi\/","name":"Vmsport","description":"Allt p\u00e5 ett st\u00e4lle f\u00f6r cykling","publisher":{"@id":"https:\/\/vmsport.fi\/#organization"},"potentialAction":[{"@type":"SearchAction","target":{"@type":"EntryPoint","urlTemplate":"https:\/\/vmsport.fi\/?s={search_term_string}"},"query-input":{"@type":"PropertyValueSpecification","valueRequired":true,"valueName":"search_term_string"}}],"inLanguage":"sv-SE"},{"@type":"Organization","@id":"https:\/\/vmsport.fi\/#organization","name":"Vmsport","url":"https:\/\/vmsport.fi\/","logo":{"@type":"ImageObject","inLanguage":"sv-SE","@id":"https:\/\/vmsport.fi\/#\/schema\/logo\/image\/","url":"https:\/\/vmsport.fi\/wp-content\/uploads\/2024\/12\/vm_sport_RGB_horisontal-e1734526017575.png","contentUrl":"https:\/\/vmsport.fi\/wp-content\/uploads\/2024\/12\/vm_sport_RGB_horisontal-e1734526017575.png","width":668,"height":85,"caption":"Vmsport"},"image":{"@id":"https:\/\/vmsport.fi\/#\/schema\/logo\/image\/"},"sameAs":["https:\/\/www.facebook.com\/Vmsport.fi\/","https:\/\/www.instagram.com\/vmsport\/"]}]}},"global_unique_id":"","_links":{"self":[{"href":"https:\/\/vmsport.fi\/sv\/wp-json\/wp\/v2\/product\/57169","targetHints":{"allow":["GET"]}}],"collection":[{"href":"https:\/\/vmsport.fi\/sv\/wp-json\/wp\/v2\/product"}],"about":[{"href":"https:\/\/vmsport.fi\/sv\/wp-json\/wp\/v2\/types\/product"}],"replies":[{"embeddable":true,"href":"https:\/\/vmsport.fi\/sv\/wp-json\/wp\/v2\/comments?post=57169"}],"wp:featuredmedia":[{"embeddable":true,"href":"https:\/\/vmsport.fi\/sv\/wp-json\/wp\/v2\/media\/57166"}],"wp:attachment":[{"href":"https:\/\/vmsport.fi\/sv\/wp-json\/wp\/v2\/media?parent=57169"}],"wp:term":[{"taxonomy":"product_brand","embeddable":true,"href":"https:\/\/vmsport.fi\/sv\/wp-json\/wp\/v2\/product_brand?post=57169"},{"taxonomy":"product_model","embeddable":true,"href":"https:\/\/vmsport.fi\/sv\/wp-json\/wp\/v2\/product_model?post=57169"},{"taxonomy":"product_cat","embeddable":true,"href":"https:\/\/vmsport.fi\/sv\/wp-json\/wp\/v2\/product_cat?post=57169"},{"taxonomy":"product_tag","embeddable":true,"href":"https:\/\/vmsport.fi\/sv\/wp-json\/wp\/v2\/product_tag?post=57169"},{"taxonomy":"industry_terminology","embeddable":true,"href":"https:\/\/vmsport.fi\/sv\/wp-json\/wp\/v2\/industry-terminology?post=57169"}],"curies":[{"name":"wp","href":"https:\/\/api.w.org\/{rel}","templated":true}]}}