{"id":57165,"date":"2025-03-06T00:29:37","date_gmt":"2025-03-05T22:29:37","guid":{"rendered":"https:\/\/vmsport.fi\/verkkokauppa\/Ei-luokiteltu\/supernova-bosch-smart-system-bes3-front-light-connection-cable-1300mm\/"},"modified":"2026-01-16T13:24:25","modified_gmt":"2026-01-16T11:24:25","slug":"supernova-bosch-smart-system-bes3-front-light-connection-cable-1300mm","status":"publish","type":"product","link":"https:\/\/vmsport.fi\/sv\/verkkokauppa\/varaosat\/sahkopyorien-osat\/sahkopyora-tarvikkeet\/supernova-bosch-smart-system-bes3-front-light-connection-cable-1300mm\/","title":{"rendered":"Supernova Bosch Smart System\/BES3 anslutningskabel f\u00f6r framljus 1300 mm"},"content":{"rendered":"<p>Supernova Bosch Smart System\/BES3 -etuvalon liit\u00e4nt\u00e4kaapeli on suunniteltu tarjoamaan erinomaista suorituskyky\u00e4 ja on t\u00e4ysin yhteensopiva Bosch Smart Systemin kanssa. T\u00e4m\u00e4 musta kaapeli, jonka pituus on 1300 mm, on tarkoitettu etuvalojen liit\u00e4nt\u00e4\u00e4n, mik\u00e4 takaa parhaan mahdollisen toimivuuden. Supernovan alkuper\u00e4isten kaapeleiden k\u00e4ytt\u00f6\u00e4 suositellaan, sill\u00e4 ne tarjoavat luotettavuutta ja tehokkuutta kaikissa olosuhteissa.<\/p>","protected":false},"excerpt":{"rendered":"<p>Supernova Bosch Smart System\/BES3 -etuvalon liit\u00e4nt\u00e4kaapeli on suunniteltu tarjoamaan erinomaista suorituskyky\u00e4 ja on t\u00e4ysin yhteensopiva Bosch Smart Systemin kanssa. T\u00e4m\u00e4 musta kaapeli, jonka pituus on 1300 mm, on tarkoitettu etuvalojen liit\u00e4nt\u00e4\u00e4n, mik\u00e4 takaa parhaan mahdollisen toimivuuden. Supernovan alkuper\u00e4isten kaapeleiden k\u00e4ytt\u00f6\u00e4 suositellaan, sill\u00e4 ne tarjoavat luotettavuutta ja tehokkuutta kaikissa olosuhteissa. [&#8230;]<\/p>\n<p><a class=\"btn btn-secondary understrap-read-more-link\" href=\"https:\/\/vmsport.fi\/sv\/verkkokauppa\/varaosat\/sahkopyorien-osat\/sahkopyora-tarvikkeet\/supernova-bosch-smart-system-bes3-front-light-connection-cable-1300mm\/\">L\u00e4s mer \u2026<span class=\"screen-reader-text\"> from Supernova Bosch Smart System\/BES3 Front Light Connection Cable 1300mm<\/span><\/a><\/p>\n","protected":false},"featured_media":57164,"comment_status":"open","ping_status":"closed","template":"","meta":{"_acf_changed":false,"_improvement_type_select":"improve_an_existing","_thumb_yes_seoaic":false,"_frame_yes_seoaic":false,"seoaic_generate_description":"","seoaic_improve_instructions_prompt":"","seoaic_rollback_content_improvement":"","seoaic_idea_thumbnail_generator":"","thumbnail_generated":false,"thumbnail_generate_prompt":"","seoaic_article_description":"","_supplier_stock_quantity":0},"product_brand":[],"product_model":[],"product_cat":[9468],"product_tag":[],"industry-terminology":[],"class_list":{"0":"post-57165","1":"product","2":"type-product","3":"status-publish","4":"has-post-thumbnail","6":"product_cat-sahkopyora-tarvikkeet","8":"first","9":"outofstock","10":"taxable","11":"shipping-taxable","12":"product-type-simple"},"acf":{"bike_features":null,"overview":{"copy_overview":null,"key_features":null,"statement":"","youtube_url":""}},"yoast_head":"<!-- This site is optimized with the Yoast SEO plugin v27.3 - https:\/\/yoast.com\/product\/yoast-seo-wordpress\/ -->\n<title>Supernova Bosch Smart System\/BES3 Front Light Connection Cable 1300mm - VM Sport<\/title>\n<meta name=\"robots\" content=\"index, follow, max-snippet:-1, max-image-preview:large, max-video-preview:-1\" \/>\n<link rel=\"canonical\" href=\"https:\/\/vmsport.fi\/sv\/webbutik\/reservdelar\/delar-av-sagbockar\/tillbehor-till-sagbock\/supernova-bosch-smart-system-bes3-front-light-connection-cable-1300mm\/\" \/>\n<meta property=\"og:locale\" content=\"sv_SE\" \/>\n<meta property=\"og:type\" content=\"article\" \/>\n<meta property=\"og:title\" content=\"Supernova Bosch Smart System\/BES3 Front Light Connection Cable 1300mm - VM Sport\" \/>\n<meta property=\"og:description\" content=\"Supernova Bosch Smart System\/BES3 -etuvalon liit\u00e4nt\u00e4kaapeli on suunniteltu tarjoamaan erinomaista suorituskyky\u00e4 ja on t\u00e4ysin yhteensopiva Bosch Smart Systemin kanssa. T\u00e4m\u00e4 musta kaapeli, jonka pituus on 1300 mm, on tarkoitettu etuvalojen liit\u00e4nt\u00e4\u00e4n, mik\u00e4 takaa parhaan mahdollisen toimivuuden. Supernovan alkuper\u00e4isten kaapeleiden k\u00e4ytt\u00f6\u00e4 suositellaan, sill\u00e4 ne tarjoavat luotettavuutta ja tehokkuutta kaikissa olosuhteissa. [...]L\u00e4s mer \u2026 from Supernova Bosch Smart System\/BES3 Front Light Connection Cable 1300mm\" \/>\n<meta property=\"og:url\" content=\"https:\/\/vmsport.fi\/sv\/webbutik\/reservdelar\/delar-av-sagbockar\/tillbehor-till-sagbock\/supernova-bosch-smart-system-bes3-front-light-connection-cable-1300mm\/\" \/>\n<meta property=\"og:site_name\" content=\"VM Sport\" \/>\n<meta property=\"article:publisher\" content=\"https:\/\/www.facebook.com\/Vmsport.fi\/\" \/>\n<meta property=\"article:modified_time\" content=\"2026-01-16T11:24:25+00:00\" \/>\n<meta property=\"og:image\" content=\"https:\/\/vmsport.fi\/wp-content\/uploads\/2025\/03\/SupernovaPowercableBoschBES3DriveUnittoLight-41207-A-Primary-1.jpg\" \/>\n\t<meta property=\"og:image:width\" content=\"1000\" \/>\n\t<meta property=\"og:image:height\" content=\"750\" \/>\n\t<meta property=\"og:image:type\" content=\"image\/jpeg\" \/>\n<meta name=\"twitter:card\" content=\"summary_large_image\" \/>\n<script type=\"application\/ld+json\" class=\"yoast-schema-graph\">{\"@context\":\"https:\\\/\\\/schema.org\",\"@graph\":[{\"@type\":[\"WebPage\",\"ItemPage\"],\"@id\":\"https:\\\/\\\/vmsport.fi\\\/verkkokauppa\\\/varaosat\\\/sahkopyorien-osat\\\/sahkopyora-tarvikkeet\\\/supernova-bosch-smart-system-bes3-front-light-connection-cable-1300mm\\\/\",\"url\":\"https:\\\/\\\/vmsport.fi\\\/verkkokauppa\\\/varaosat\\\/sahkopyorien-osat\\\/sahkopyora-tarvikkeet\\\/supernova-bosch-smart-system-bes3-front-light-connection-cable-1300mm\\\/\",\"name\":\"Supernova Bosch Smart System\\\/BES3 Front Light Connection Cable 1300mm - VM Sport\",\"isPartOf\":{\"@id\":\"https:\\\/\\\/vmsport.fi\\\/#website\"},\"primaryImageOfPage\":{\"@id\":\"https:\\\/\\\/vmsport.fi\\\/verkkokauppa\\\/varaosat\\\/sahkopyorien-osat\\\/sahkopyora-tarvikkeet\\\/supernova-bosch-smart-system-bes3-front-light-connection-cable-1300mm\\\/#primaryimage\"},\"image\":{\"@id\":\"https:\\\/\\\/vmsport.fi\\\/verkkokauppa\\\/varaosat\\\/sahkopyorien-osat\\\/sahkopyora-tarvikkeet\\\/supernova-bosch-smart-system-bes3-front-light-connection-cable-1300mm\\\/#primaryimage\"},\"thumbnailUrl\":\"https:\\\/\\\/vmsport.fi\\\/wp-content\\\/uploads\\\/2025\\\/03\\\/SupernovaPowercableBoschBES3DriveUnittoLight-41207-A-Primary-1.jpg\",\"datePublished\":\"2025-03-05T22:29:37+00:00\",\"dateModified\":\"2026-01-16T11:24:25+00:00\",\"breadcrumb\":{\"@id\":\"https:\\\/\\\/vmsport.fi\\\/verkkokauppa\\\/varaosat\\\/sahkopyorien-osat\\\/sahkopyora-tarvikkeet\\\/supernova-bosch-smart-system-bes3-front-light-connection-cable-1300mm\\\/#breadcrumb\"},\"inLanguage\":\"sv-SE\",\"potentialAction\":[{\"@type\":\"ReadAction\",\"target\":[\"https:\\\/\\\/vmsport.fi\\\/verkkokauppa\\\/varaosat\\\/sahkopyorien-osat\\\/sahkopyora-tarvikkeet\\\/supernova-bosch-smart-system-bes3-front-light-connection-cable-1300mm\\\/\"]}]},{\"@type\":\"ImageObject\",\"inLanguage\":\"sv-SE\",\"@id\":\"https:\\\/\\\/vmsport.fi\\\/verkkokauppa\\\/varaosat\\\/sahkopyorien-osat\\\/sahkopyora-tarvikkeet\\\/supernova-bosch-smart-system-bes3-front-light-connection-cable-1300mm\\\/#primaryimage\",\"url\":\"https:\\\/\\\/vmsport.fi\\\/wp-content\\\/uploads\\\/2025\\\/03\\\/SupernovaPowercableBoschBES3DriveUnittoLight-41207-A-Primary-1.jpg\",\"contentUrl\":\"https:\\\/\\\/vmsport.fi\\\/wp-content\\\/uploads\\\/2025\\\/03\\\/SupernovaPowercableBoschBES3DriveUnittoLight-41207-A-Primary-1.jpg\",\"width\":1000,\"height\":750,\"caption\":\"SupernovaPowercableBoschBES3DriveUnittoLight-41207-A-Primary\"},{\"@type\":\"BreadcrumbList\",\"@id\":\"https:\\\/\\\/vmsport.fi\\\/verkkokauppa\\\/varaosat\\\/sahkopyorien-osat\\\/sahkopyora-tarvikkeet\\\/supernova-bosch-smart-system-bes3-front-light-connection-cable-1300mm\\\/#breadcrumb\",\"itemListElement\":[{\"@type\":\"ListItem\",\"position\":1,\"name\":\"Etusivu\",\"item\":\"https:\\\/\\\/vmsport.fi\\\/\"},{\"@type\":\"ListItem\",\"position\":2,\"name\":\"Online Store\",\"item\":\"https:\\\/\\\/vmsport.fi\\\/en\\\/online-store\\\/\"},{\"@type\":\"ListItem\",\"position\":3,\"name\":\"Supernova Bosch Smart System\\\/BES3 Front Light Connection Cable 1300mm\"}]},{\"@type\":\"WebSite\",\"@id\":\"https:\\\/\\\/vmsport.fi\\\/#website\",\"url\":\"https:\\\/\\\/vmsport.fi\\\/\",\"name\":\"Vmsport\",\"description\":\"Kaikki py\u00f6r\u00e4ilyyn yhdest\u00e4 paikasta\",\"publisher\":{\"@id\":\"https:\\\/\\\/vmsport.fi\\\/#organization\"},\"potentialAction\":[{\"@type\":\"SearchAction\",\"target\":{\"@type\":\"EntryPoint\",\"urlTemplate\":\"https:\\\/\\\/vmsport.fi\\\/?s={search_term_string}\"},\"query-input\":{\"@type\":\"PropertyValueSpecification\",\"valueRequired\":true,\"valueName\":\"search_term_string\"}}],\"inLanguage\":\"sv-SE\"},{\"@type\":\"Organization\",\"@id\":\"https:\\\/\\\/vmsport.fi\\\/#organization\",\"name\":\"Vmsport\",\"url\":\"https:\\\/\\\/vmsport.fi\\\/\",\"logo\":{\"@type\":\"ImageObject\",\"inLanguage\":\"sv-SE\",\"@id\":\"https:\\\/\\\/vmsport.fi\\\/#\\\/schema\\\/logo\\\/image\\\/\",\"url\":\"https:\\\/\\\/vmsport.fi\\\/wp-content\\\/uploads\\\/2024\\\/12\\\/vm_sport_RGB_horisontal-e1734526017575.png\",\"contentUrl\":\"https:\\\/\\\/vmsport.fi\\\/wp-content\\\/uploads\\\/2024\\\/12\\\/vm_sport_RGB_horisontal-e1734526017575.png\",\"width\":668,\"height\":85,\"caption\":\"Vmsport\"},\"image\":{\"@id\":\"https:\\\/\\\/vmsport.fi\\\/#\\\/schema\\\/logo\\\/image\\\/\"},\"sameAs\":[\"https:\\\/\\\/www.facebook.com\\\/Vmsport.fi\\\/\",\"https:\\\/\\\/www.instagram.com\\\/vmsport\\\/\"]}]}<\/script>\n<!-- \/ Yoast SEO plugin. -->","yoast_head_json":{"title":"Supernova Bosch Smart System\/BES3 Front Light Connection Cable 1300mm - VM Sport","robots":{"index":"index","follow":"follow","max-snippet":"max-snippet:-1","max-image-preview":"max-image-preview:large","max-video-preview":"max-video-preview:-1"},"canonical":"https:\/\/vmsport.fi\/sv\/webbutik\/reservdelar\/delar-av-sagbockar\/tillbehor-till-sagbock\/supernova-bosch-smart-system-bes3-front-light-connection-cable-1300mm\/","og_locale":"sv_SE","og_type":"article","og_title":"Supernova Bosch Smart System\/BES3 Front Light Connection Cable 1300mm - VM Sport","og_description":"Supernova Bosch Smart System\/BES3 -etuvalon liit\u00e4nt\u00e4kaapeli on suunniteltu tarjoamaan erinomaista suorituskyky\u00e4 ja on t\u00e4ysin yhteensopiva Bosch Smart Systemin kanssa. T\u00e4m\u00e4 musta kaapeli, jonka pituus on 1300 mm, on tarkoitettu etuvalojen liit\u00e4nt\u00e4\u00e4n, mik\u00e4 takaa parhaan mahdollisen toimivuuden. Supernovan alkuper\u00e4isten kaapeleiden k\u00e4ytt\u00f6\u00e4 suositellaan, sill\u00e4 ne tarjoavat luotettavuutta ja tehokkuutta kaikissa olosuhteissa. [...]L\u00e4s mer \u2026 from Supernova Bosch Smart System\/BES3 Front Light Connection Cable 1300mm","og_url":"https:\/\/vmsport.fi\/sv\/webbutik\/reservdelar\/delar-av-sagbockar\/tillbehor-till-sagbock\/supernova-bosch-smart-system-bes3-front-light-connection-cable-1300mm\/","og_site_name":"VM Sport","article_publisher":"https:\/\/www.facebook.com\/Vmsport.fi\/","article_modified_time":"2026-01-16T11:24:25+00:00","og_image":[{"width":1000,"height":750,"url":"https:\/\/vmsport.fi\/wp-content\/uploads\/2025\/03\/SupernovaPowercableBoschBES3DriveUnittoLight-41207-A-Primary-1.jpg","type":"image\/jpeg"}],"twitter_card":"summary_large_image","schema":{"@context":"https:\/\/schema.org","@graph":[{"@type":["WebPage","ItemPage"],"@id":"https:\/\/vmsport.fi\/verkkokauppa\/varaosat\/sahkopyorien-osat\/sahkopyora-tarvikkeet\/supernova-bosch-smart-system-bes3-front-light-connection-cable-1300mm\/","url":"https:\/\/vmsport.fi\/verkkokauppa\/varaosat\/sahkopyorien-osat\/sahkopyora-tarvikkeet\/supernova-bosch-smart-system-bes3-front-light-connection-cable-1300mm\/","name":"Supernova Bosch Smart System\/BES3 Front Light Connection Cable 1300mm - VM Sport","isPartOf":{"@id":"https:\/\/vmsport.fi\/#website"},"primaryImageOfPage":{"@id":"https:\/\/vmsport.fi\/verkkokauppa\/varaosat\/sahkopyorien-osat\/sahkopyora-tarvikkeet\/supernova-bosch-smart-system-bes3-front-light-connection-cable-1300mm\/#primaryimage"},"image":{"@id":"https:\/\/vmsport.fi\/verkkokauppa\/varaosat\/sahkopyorien-osat\/sahkopyora-tarvikkeet\/supernova-bosch-smart-system-bes3-front-light-connection-cable-1300mm\/#primaryimage"},"thumbnailUrl":"https:\/\/vmsport.fi\/wp-content\/uploads\/2025\/03\/SupernovaPowercableBoschBES3DriveUnittoLight-41207-A-Primary-1.jpg","datePublished":"2025-03-05T22:29:37+00:00","dateModified":"2026-01-16T11:24:25+00:00","breadcrumb":{"@id":"https:\/\/vmsport.fi\/verkkokauppa\/varaosat\/sahkopyorien-osat\/sahkopyora-tarvikkeet\/supernova-bosch-smart-system-bes3-front-light-connection-cable-1300mm\/#breadcrumb"},"inLanguage":"sv-SE","potentialAction":[{"@type":"ReadAction","target":["https:\/\/vmsport.fi\/verkkokauppa\/varaosat\/sahkopyorien-osat\/sahkopyora-tarvikkeet\/supernova-bosch-smart-system-bes3-front-light-connection-cable-1300mm\/"]}]},{"@type":"ImageObject","inLanguage":"sv-SE","@id":"https:\/\/vmsport.fi\/verkkokauppa\/varaosat\/sahkopyorien-osat\/sahkopyora-tarvikkeet\/supernova-bosch-smart-system-bes3-front-light-connection-cable-1300mm\/#primaryimage","url":"https:\/\/vmsport.fi\/wp-content\/uploads\/2025\/03\/SupernovaPowercableBoschBES3DriveUnittoLight-41207-A-Primary-1.jpg","contentUrl":"https:\/\/vmsport.fi\/wp-content\/uploads\/2025\/03\/SupernovaPowercableBoschBES3DriveUnittoLight-41207-A-Primary-1.jpg","width":1000,"height":750,"caption":"SupernovaPowercableBoschBES3DriveUnittoLight-41207-A-Primary"},{"@type":"BreadcrumbList","@id":"https:\/\/vmsport.fi\/verkkokauppa\/varaosat\/sahkopyorien-osat\/sahkopyora-tarvikkeet\/supernova-bosch-smart-system-bes3-front-light-connection-cable-1300mm\/#breadcrumb","itemListElement":[{"@type":"ListItem","position":1,"name":"Etusivu","item":"https:\/\/vmsport.fi\/"},{"@type":"ListItem","position":2,"name":"Online Store","item":"https:\/\/vmsport.fi\/en\/online-store\/"},{"@type":"ListItem","position":3,"name":"Supernova Bosch Smart System\/BES3 Front Light Connection Cable 1300mm"}]},{"@type":"WebSite","@id":"https:\/\/vmsport.fi\/#website","url":"https:\/\/vmsport.fi\/","name":"Vmsport","description":"Allt p\u00e5 ett st\u00e4lle f\u00f6r cykling","publisher":{"@id":"https:\/\/vmsport.fi\/#organization"},"potentialAction":[{"@type":"SearchAction","target":{"@type":"EntryPoint","urlTemplate":"https:\/\/vmsport.fi\/?s={search_term_string}"},"query-input":{"@type":"PropertyValueSpecification","valueRequired":true,"valueName":"search_term_string"}}],"inLanguage":"sv-SE"},{"@type":"Organization","@id":"https:\/\/vmsport.fi\/#organization","name":"Vmsport","url":"https:\/\/vmsport.fi\/","logo":{"@type":"ImageObject","inLanguage":"sv-SE","@id":"https:\/\/vmsport.fi\/#\/schema\/logo\/image\/","url":"https:\/\/vmsport.fi\/wp-content\/uploads\/2024\/12\/vm_sport_RGB_horisontal-e1734526017575.png","contentUrl":"https:\/\/vmsport.fi\/wp-content\/uploads\/2024\/12\/vm_sport_RGB_horisontal-e1734526017575.png","width":668,"height":85,"caption":"Vmsport"},"image":{"@id":"https:\/\/vmsport.fi\/#\/schema\/logo\/image\/"},"sameAs":["https:\/\/www.facebook.com\/Vmsport.fi\/","https:\/\/www.instagram.com\/vmsport\/"]}]}},"global_unique_id":"","_links":{"self":[{"href":"https:\/\/vmsport.fi\/sv\/wp-json\/wp\/v2\/product\/57165","targetHints":{"allow":["GET"]}}],"collection":[{"href":"https:\/\/vmsport.fi\/sv\/wp-json\/wp\/v2\/product"}],"about":[{"href":"https:\/\/vmsport.fi\/sv\/wp-json\/wp\/v2\/types\/product"}],"replies":[{"embeddable":true,"href":"https:\/\/vmsport.fi\/sv\/wp-json\/wp\/v2\/comments?post=57165"}],"wp:featuredmedia":[{"embeddable":true,"href":"https:\/\/vmsport.fi\/sv\/wp-json\/wp\/v2\/media\/57164"}],"wp:attachment":[{"href":"https:\/\/vmsport.fi\/sv\/wp-json\/wp\/v2\/media?parent=57165"}],"wp:term":[{"taxonomy":"product_brand","embeddable":true,"href":"https:\/\/vmsport.fi\/sv\/wp-json\/wp\/v2\/product_brand?post=57165"},{"taxonomy":"product_model","embeddable":true,"href":"https:\/\/vmsport.fi\/sv\/wp-json\/wp\/v2\/product_model?post=57165"},{"taxonomy":"product_cat","embeddable":true,"href":"https:\/\/vmsport.fi\/sv\/wp-json\/wp\/v2\/product_cat?post=57165"},{"taxonomy":"product_tag","embeddable":true,"href":"https:\/\/vmsport.fi\/sv\/wp-json\/wp\/v2\/product_tag?post=57165"},{"taxonomy":"industry_terminology","embeddable":true,"href":"https:\/\/vmsport.fi\/sv\/wp-json\/wp\/v2\/industry-terminology?post=57165"}],"curies":[{"name":"wp","href":"https:\/\/api.w.org\/{rel}","templated":true}]}}