{"id":57161,"date":"2025-03-06T00:29:35","date_gmt":"2025-03-05T22:29:35","guid":{"rendered":"https:\/\/vmsport.fi\/verkkokauppa\/Ei-luokiteltu\/sram-chain-connector-powerlock-10-speed-black\/"},"modified":"2026-03-30T11:00:44","modified_gmt":"2026-03-30T08:00:44","slug":"sram-kedjekoppling-powerlock-10-speed-svart","status":"publish","type":"product","link":"https:\/\/vmsport.fi\/sv\/verkkokauppa\/varaosat\/voimansiirto\/ketjut\/sram-chain-connector-powerlock-10-speed-black\/","title":{"rendered":"SRAM kedjekoppling PowerLock 10 v\u00e4xlar Svart"},"content":{"rendered":"<p>SRAM PowerLock 10-v\u00e4xlad kedjekoppling erbjuder ett enkelt och tillf\u00f6rlitligt s\u00e4tt att koppla ihop 10-v\u00e4xlade kedjor. Inga verktyg kr\u00e4vs f\u00f6r att installera kopplingen, vilket garanterar en s\u00e4ker passform varje g\u00e5ng du anv\u00e4nder den. Den svarta oxidbel\u00e4ggningen skyddar effektivt mot slitage och rost, samtidigt som den ger kopplingen ett snyggt utseende. Denna slitstarka och l\u00e4tta produkt \u00e4r kompatibel med SRAM:s v\u00e4lk\u00e4nda kedjor och \u00e4r utformad f\u00f6r eng\u00e5ngsbruk f\u00f6r att uppfylla str\u00e4nga noggrannhetskrav. Den h\u00e4r komponenten spelar en nyckelroll f\u00f6r att s\u00e4kerst\u00e4lla smidiga v\u00e4xlingar och l\u00e5ngvarig prestanda i din cykels drivlina.<\/p>","protected":false},"excerpt":{"rendered":"<p>SRAM PowerLock 10-vaihteinen ketjuliitin tarjoaa helpon ja luotettavan tavan yhdist\u00e4\u00e4 10-vaihteiset ketjut. Ty\u00f6kaluja ei tarvita liittimen asentamiseen, ja t\u00e4m\u00e4 takaa varman kiinnityksen joka kerta, kun k\u00e4yt\u00e4t sit\u00e4. Musta oksidipinnoite suojaa tehokkaasti kulumiselta ja ruostumiselta, antaen samalla liittimelle tyylikk\u00e4\u00e4n ilmeen. T\u00e4m\u00e4 kest\u00e4v\u00e4 ja kevyt tuote on yhteensopiva SRAM:in tunnettujen ketjujen kanssa ja on suunniteltu kertak\u00e4ytt\u00f6iseksi, jotta [&#8230;]<\/p>\n<p><a class=\"btn btn-secondary understrap-read-more-link\" href=\"https:\/\/vmsport.fi\/sv\/verkkokauppa\/varaosat\/voimansiirto\/ketjut\/sram-chain-connector-powerlock-10-speed-black\/\">L\u00e4s mer \u2026<span class=\"screen-reader-text\"> from SRAM Chain connector PowerLock 10 speed Black<\/span><\/a><\/p>\n","protected":false},"featured_media":57160,"comment_status":"open","ping_status":"closed","template":"","meta":{"_acf_changed":false,"_improvement_type_select":"improve_an_existing","_thumb_yes_seoaic":false,"_frame_yes_seoaic":false,"seoaic_generate_description":"","seoaic_improve_instructions_prompt":"","seoaic_rollback_content_improvement":"","seoaic_idea_thumbnail_generator":"","thumbnail_generated":false,"thumbnail_generate_prompt":"","seoaic_article_description":"","_supplier_stock_quantity":0},"product_brand":[1588],"product_model":[],"product_cat":[9352],"product_tag":[],"industry-terminology":[],"class_list":{"0":"post-57161","1":"product","2":"type-product","3":"status-publish","4":"has-post-thumbnail","6":"product_brand-sram","7":"product_cat-ketjut","9":"first","10":"instock","11":"taxable","12":"shipping-taxable","13":"purchasable","14":"product-type-simple"},"acf":{"bike_features":null,"overview":{"copy_overview":null,"key_features":null,"statement":"","youtube_url":""}},"yoast_head":"<!-- This site is optimized with the Yoast SEO plugin v27.4 - https:\/\/yoast.com\/product\/yoast-seo-wordpress\/ -->\n<title>SRAM Chain connector PowerLock 10 speed Black - VM Sport<\/title>\n<meta name=\"robots\" content=\"index, follow, max-snippet:-1, max-image-preview:large, max-video-preview:-1\" \/>\n<link rel=\"canonical\" href=\"https:\/\/vmsport.fi\/sv\/webbutik\/reservdelar\/transmission\/kedjor\/sram-kedjekoppling-powerlock-10-speed-svart\/\" \/>\n<meta property=\"og:locale\" content=\"sv_SE\" \/>\n<meta property=\"og:type\" content=\"article\" \/>\n<meta property=\"og:title\" content=\"SRAM Chain connector PowerLock 10 speed Black - VM Sport\" \/>\n<meta property=\"og:description\" content=\"SRAM PowerLock 10-vaihteinen ketjuliitin tarjoaa helpon ja luotettavan tavan yhdist\u00e4\u00e4 10-vaihteiset ketjut. Ty\u00f6kaluja ei tarvita liittimen asentamiseen, ja t\u00e4m\u00e4 takaa varman kiinnityksen joka kerta, kun k\u00e4yt\u00e4t sit\u00e4. Musta oksidipinnoite suojaa tehokkaasti kulumiselta ja ruostumiselta, antaen samalla liittimelle tyylikk\u00e4\u00e4n ilmeen. T\u00e4m\u00e4 kest\u00e4v\u00e4 ja kevyt tuote on yhteensopiva SRAM:in tunnettujen ketjujen kanssa ja on suunniteltu kertak\u00e4ytt\u00f6iseksi, jotta [...]L\u00e4s mer \u2026 from SRAM Chain connector PowerLock 10 speed Black\" \/>\n<meta property=\"og:url\" content=\"https:\/\/vmsport.fi\/sv\/webbutik\/reservdelar\/transmission\/kedjor\/sram-kedjekoppling-powerlock-10-speed-svart\/\" \/>\n<meta property=\"og:site_name\" content=\"VM Sport\" \/>\n<meta property=\"article:publisher\" content=\"https:\/\/www.facebook.com\/Vmsport.fi\/\" \/>\n<meta property=\"article:modified_time\" content=\"2026-03-30T08:00:44+00:00\" \/>\n<meta property=\"og:image\" content=\"https:\/\/vmsport.fi\/wp-content\/uploads\/2025\/03\/fp6ySVkxibpQ0OsMMAPvYj2jONbfDl3zziZNs9tKjeUCcAnLrQ-1.jpg\" \/>\n\t<meta property=\"og:image:width\" content=\"800\" \/>\n\t<meta property=\"og:image:height\" content=\"800\" \/>\n\t<meta property=\"og:image:type\" content=\"image\/jpeg\" \/>\n<meta name=\"twitter:card\" content=\"summary_large_image\" \/>\n<script type=\"application\/ld+json\" class=\"yoast-schema-graph\">{\"@context\":\"https:\\\/\\\/schema.org\",\"@graph\":[{\"@type\":[\"WebPage\",\"ItemPage\"],\"@id\":\"https:\\\/\\\/vmsport.fi\\\/verkkokauppa\\\/varaosat\\\/voimansiirto\\\/ketjut\\\/sram-chain-connector-powerlock-10-speed-black\\\/\",\"url\":\"https:\\\/\\\/vmsport.fi\\\/verkkokauppa\\\/varaosat\\\/voimansiirto\\\/ketjut\\\/sram-chain-connector-powerlock-10-speed-black\\\/\",\"name\":\"SRAM Chain connector PowerLock 10 speed Black - VM Sport\",\"isPartOf\":{\"@id\":\"https:\\\/\\\/vmsport.fi\\\/#website\"},\"primaryImageOfPage\":{\"@id\":\"https:\\\/\\\/vmsport.fi\\\/verkkokauppa\\\/varaosat\\\/voimansiirto\\\/ketjut\\\/sram-chain-connector-powerlock-10-speed-black\\\/#primaryimage\"},\"image\":{\"@id\":\"https:\\\/\\\/vmsport.fi\\\/verkkokauppa\\\/varaosat\\\/voimansiirto\\\/ketjut\\\/sram-chain-connector-powerlock-10-speed-black\\\/#primaryimage\"},\"thumbnailUrl\":\"https:\\\/\\\/vmsport.fi\\\/wp-content\\\/uploads\\\/2025\\\/03\\\/fp6ySVkxibpQ0OsMMAPvYj2jONbfDl3zziZNs9tKjeUCcAnLrQ-1.jpg\",\"datePublished\":\"2025-03-05T22:29:35+00:00\",\"dateModified\":\"2026-03-30T08:00:44+00:00\",\"breadcrumb\":{\"@id\":\"https:\\\/\\\/vmsport.fi\\\/verkkokauppa\\\/varaosat\\\/voimansiirto\\\/ketjut\\\/sram-chain-connector-powerlock-10-speed-black\\\/#breadcrumb\"},\"inLanguage\":\"sv-SE\",\"potentialAction\":[{\"@type\":\"ReadAction\",\"target\":[\"https:\\\/\\\/vmsport.fi\\\/verkkokauppa\\\/varaosat\\\/voimansiirto\\\/ketjut\\\/sram-chain-connector-powerlock-10-speed-black\\\/\"]}]},{\"@type\":\"ImageObject\",\"inLanguage\":\"sv-SE\",\"@id\":\"https:\\\/\\\/vmsport.fi\\\/verkkokauppa\\\/varaosat\\\/voimansiirto\\\/ketjut\\\/sram-chain-connector-powerlock-10-speed-black\\\/#primaryimage\",\"url\":\"https:\\\/\\\/vmsport.fi\\\/wp-content\\\/uploads\\\/2025\\\/03\\\/fp6ySVkxibpQ0OsMMAPvYj2jONbfDl3zziZNs9tKjeUCcAnLrQ-1.jpg\",\"contentUrl\":\"https:\\\/\\\/vmsport.fi\\\/wp-content\\\/uploads\\\/2025\\\/03\\\/fp6ySVkxibpQ0OsMMAPvYj2jONbfDl3zziZNs9tKjeUCcAnLrQ-1.jpg\",\"width\":800,\"height\":800,\"caption\":\"fp6ySVkxibpQ0OsMMAPvYj2jONbfDl3zziZNs9tKjeUCcAnLrQ\"},{\"@type\":\"BreadcrumbList\",\"@id\":\"https:\\\/\\\/vmsport.fi\\\/verkkokauppa\\\/varaosat\\\/voimansiirto\\\/ketjut\\\/sram-chain-connector-powerlock-10-speed-black\\\/#breadcrumb\",\"itemListElement\":[{\"@type\":\"ListItem\",\"position\":1,\"name\":\"Etusivu\",\"item\":\"https:\\\/\\\/vmsport.fi\\\/\"},{\"@type\":\"ListItem\",\"position\":2,\"name\":\"Online Store\",\"item\":\"https:\\\/\\\/vmsport.fi\\\/en\\\/online-store\\\/\"},{\"@type\":\"ListItem\",\"position\":3,\"name\":\"SRAM Chain connector PowerLock 10 speed Black\"}]},{\"@type\":\"WebSite\",\"@id\":\"https:\\\/\\\/vmsport.fi\\\/#website\",\"url\":\"https:\\\/\\\/vmsport.fi\\\/\",\"name\":\"Vmsport\",\"description\":\"Kaikki py\u00f6r\u00e4ilyyn yhdest\u00e4 paikasta\",\"publisher\":{\"@id\":\"https:\\\/\\\/vmsport.fi\\\/#organization\"},\"potentialAction\":[{\"@type\":\"SearchAction\",\"target\":{\"@type\":\"EntryPoint\",\"urlTemplate\":\"https:\\\/\\\/vmsport.fi\\\/?s={search_term_string}\"},\"query-input\":{\"@type\":\"PropertyValueSpecification\",\"valueRequired\":true,\"valueName\":\"search_term_string\"}}],\"inLanguage\":\"sv-SE\"},{\"@type\":\"Organization\",\"@id\":\"https:\\\/\\\/vmsport.fi\\\/#organization\",\"name\":\"Vmsport\",\"url\":\"https:\\\/\\\/vmsport.fi\\\/\",\"logo\":{\"@type\":\"ImageObject\",\"inLanguage\":\"sv-SE\",\"@id\":\"https:\\\/\\\/vmsport.fi\\\/#\\\/schema\\\/logo\\\/image\\\/\",\"url\":\"https:\\\/\\\/vmsport.fi\\\/wp-content\\\/uploads\\\/2024\\\/12\\\/vm_sport_RGB_horisontal-e1734526017575.png\",\"contentUrl\":\"https:\\\/\\\/vmsport.fi\\\/wp-content\\\/uploads\\\/2024\\\/12\\\/vm_sport_RGB_horisontal-e1734526017575.png\",\"width\":668,\"height\":85,\"caption\":\"Vmsport\"},\"image\":{\"@id\":\"https:\\\/\\\/vmsport.fi\\\/#\\\/schema\\\/logo\\\/image\\\/\"},\"sameAs\":[\"https:\\\/\\\/www.facebook.com\\\/Vmsport.fi\\\/\",\"https:\\\/\\\/www.instagram.com\\\/vmsport\\\/\"]}]}<\/script>\n<!-- \/ Yoast SEO plugin. -->","yoast_head_json":{"title":"SRAM Kedjekoppling PowerLock 10 v\u00e4xlar Svart - VM Sport","robots":{"index":"index","follow":"follow","max-snippet":"max-snippet:-1","max-image-preview":"max-image-preview:large","max-video-preview":"max-video-preview:-1"},"canonical":"https:\/\/vmsport.fi\/sv\/webbutik\/reservdelar\/transmission\/kedjor\/sram-kedjekoppling-powerlock-10-speed-svart\/","og_locale":"sv_SE","og_type":"article","og_title":"SRAM Chain connector PowerLock 10 speed Black - VM Sport","og_description":"SRAM PowerLock 10-vaihteinen ketjuliitin tarjoaa helpon ja luotettavan tavan yhdist\u00e4\u00e4 10-vaihteiset ketjut. Ty\u00f6kaluja ei tarvita liittimen asentamiseen, ja t\u00e4m\u00e4 takaa varman kiinnityksen joka kerta, kun k\u00e4yt\u00e4t sit\u00e4. Musta oksidipinnoite suojaa tehokkaasti kulumiselta ja ruostumiselta, antaen samalla liittimelle tyylikk\u00e4\u00e4n ilmeen. T\u00e4m\u00e4 kest\u00e4v\u00e4 ja kevyt tuote on yhteensopiva SRAM:in tunnettujen ketjujen kanssa ja on suunniteltu kertak\u00e4ytt\u00f6iseksi, jotta [...]L\u00e4s mer \u2026 from SRAM Chain connector PowerLock 10 speed Black","og_url":"https:\/\/vmsport.fi\/sv\/webbutik\/reservdelar\/transmission\/kedjor\/sram-kedjekoppling-powerlock-10-speed-svart\/","og_site_name":"VM Sport","article_publisher":"https:\/\/www.facebook.com\/Vmsport.fi\/","article_modified_time":"2026-03-30T08:00:44+00:00","og_image":[{"width":800,"height":800,"url":"https:\/\/vmsport.fi\/wp-content\/uploads\/2025\/03\/fp6ySVkxibpQ0OsMMAPvYj2jONbfDl3zziZNs9tKjeUCcAnLrQ-1.jpg","type":"image\/jpeg"}],"twitter_card":"summary_large_image","schema":{"@context":"https:\/\/schema.org","@graph":[{"@type":["WebPage","ItemPage"],"@id":"https:\/\/vmsport.fi\/verkkokauppa\/varaosat\/voimansiirto\/ketjut\/sram-chain-connector-powerlock-10-speed-black\/","url":"https:\/\/vmsport.fi\/verkkokauppa\/varaosat\/voimansiirto\/ketjut\/sram-chain-connector-powerlock-10-speed-black\/","name":"SRAM Kedjekoppling PowerLock 10 v\u00e4xlar Svart - VM Sport","isPartOf":{"@id":"https:\/\/vmsport.fi\/#website"},"primaryImageOfPage":{"@id":"https:\/\/vmsport.fi\/verkkokauppa\/varaosat\/voimansiirto\/ketjut\/sram-chain-connector-powerlock-10-speed-black\/#primaryimage"},"image":{"@id":"https:\/\/vmsport.fi\/verkkokauppa\/varaosat\/voimansiirto\/ketjut\/sram-chain-connector-powerlock-10-speed-black\/#primaryimage"},"thumbnailUrl":"https:\/\/vmsport.fi\/wp-content\/uploads\/2025\/03\/fp6ySVkxibpQ0OsMMAPvYj2jONbfDl3zziZNs9tKjeUCcAnLrQ-1.jpg","datePublished":"2025-03-05T22:29:35+00:00","dateModified":"2026-03-30T08:00:44+00:00","breadcrumb":{"@id":"https:\/\/vmsport.fi\/verkkokauppa\/varaosat\/voimansiirto\/ketjut\/sram-chain-connector-powerlock-10-speed-black\/#breadcrumb"},"inLanguage":"sv-SE","potentialAction":[{"@type":"ReadAction","target":["https:\/\/vmsport.fi\/verkkokauppa\/varaosat\/voimansiirto\/ketjut\/sram-chain-connector-powerlock-10-speed-black\/"]}]},{"@type":"ImageObject","inLanguage":"sv-SE","@id":"https:\/\/vmsport.fi\/verkkokauppa\/varaosat\/voimansiirto\/ketjut\/sram-chain-connector-powerlock-10-speed-black\/#primaryimage","url":"https:\/\/vmsport.fi\/wp-content\/uploads\/2025\/03\/fp6ySVkxibpQ0OsMMAPvYj2jONbfDl3zziZNs9tKjeUCcAnLrQ-1.jpg","contentUrl":"https:\/\/vmsport.fi\/wp-content\/uploads\/2025\/03\/fp6ySVkxibpQ0OsMMAPvYj2jONbfDl3zziZNs9tKjeUCcAnLrQ-1.jpg","width":800,"height":800,"caption":"fp6ySVkxibpQ0OsMMAPvYj2jONbfDl3zziZNs9tKjeUCcAnLrQ"},{"@type":"BreadcrumbList","@id":"https:\/\/vmsport.fi\/verkkokauppa\/varaosat\/voimansiirto\/ketjut\/sram-chain-connector-powerlock-10-speed-black\/#breadcrumb","itemListElement":[{"@type":"ListItem","position":1,"name":"Etusivu","item":"https:\/\/vmsport.fi\/"},{"@type":"ListItem","position":2,"name":"Online Store","item":"https:\/\/vmsport.fi\/en\/online-store\/"},{"@type":"ListItem","position":3,"name":"SRAM Chain connector PowerLock 10 speed Black"}]},{"@type":"WebSite","@id":"https:\/\/vmsport.fi\/#website","url":"https:\/\/vmsport.fi\/","name":"Vmsport","description":"Allt p\u00e5 ett st\u00e4lle f\u00f6r cykling","publisher":{"@id":"https:\/\/vmsport.fi\/#organization"},"potentialAction":[{"@type":"SearchAction","target":{"@type":"EntryPoint","urlTemplate":"https:\/\/vmsport.fi\/?s={search_term_string}"},"query-input":{"@type":"PropertyValueSpecification","valueRequired":true,"valueName":"search_term_string"}}],"inLanguage":"sv-SE"},{"@type":"Organization","@id":"https:\/\/vmsport.fi\/#organization","name":"Vmsport","url":"https:\/\/vmsport.fi\/","logo":{"@type":"ImageObject","inLanguage":"sv-SE","@id":"https:\/\/vmsport.fi\/#\/schema\/logo\/image\/","url":"https:\/\/vmsport.fi\/wp-content\/uploads\/2024\/12\/vm_sport_RGB_horisontal-e1734526017575.png","contentUrl":"https:\/\/vmsport.fi\/wp-content\/uploads\/2024\/12\/vm_sport_RGB_horisontal-e1734526017575.png","width":668,"height":85,"caption":"Vmsport"},"image":{"@id":"https:\/\/vmsport.fi\/#\/schema\/logo\/image\/"},"sameAs":["https:\/\/www.facebook.com\/Vmsport.fi\/","https:\/\/www.instagram.com\/vmsport\/"]}]}},"global_unique_id":"","_links":{"self":[{"href":"https:\/\/vmsport.fi\/sv\/wp-json\/wp\/v2\/product\/57161","targetHints":{"allow":["GET"]}}],"collection":[{"href":"https:\/\/vmsport.fi\/sv\/wp-json\/wp\/v2\/product"}],"about":[{"href":"https:\/\/vmsport.fi\/sv\/wp-json\/wp\/v2\/types\/product"}],"replies":[{"embeddable":true,"href":"https:\/\/vmsport.fi\/sv\/wp-json\/wp\/v2\/comments?post=57161"}],"wp:featuredmedia":[{"embeddable":true,"href":"https:\/\/vmsport.fi\/sv\/wp-json\/wp\/v2\/media\/57160"}],"wp:attachment":[{"href":"https:\/\/vmsport.fi\/sv\/wp-json\/wp\/v2\/media?parent=57161"}],"wp:term":[{"taxonomy":"product_brand","embeddable":true,"href":"https:\/\/vmsport.fi\/sv\/wp-json\/wp\/v2\/product_brand?post=57161"},{"taxonomy":"product_model","embeddable":true,"href":"https:\/\/vmsport.fi\/sv\/wp-json\/wp\/v2\/product_model?post=57161"},{"taxonomy":"product_cat","embeddable":true,"href":"https:\/\/vmsport.fi\/sv\/wp-json\/wp\/v2\/product_cat?post=57161"},{"taxonomy":"product_tag","embeddable":true,"href":"https:\/\/vmsport.fi\/sv\/wp-json\/wp\/v2\/product_tag?post=57161"},{"taxonomy":"industry_terminology","embeddable":true,"href":"https:\/\/vmsport.fi\/sv\/wp-json\/wp\/v2\/industry-terminology?post=57161"}],"curies":[{"name":"wp","href":"https:\/\/api.w.org\/{rel}","templated":true}]}}