{"id":57140,"date":"2025-03-06T00:29:15","date_gmt":"2025-03-05T22:29:15","guid":{"rendered":"https:\/\/vmsport.fi\/verkkokauppa\/Ei-luokiteltu\/dt-swiss-dt-spare-part-b-bearing-6803-esb-esnb-l\/"},"modified":"2026-01-16T13:25:49","modified_gmt":"2026-01-16T11:25:49","slug":"dt-swiss-dt-reservdel-b-lager-6803-esb-esnb-l","status":"publish","type":"product","link":"https:\/\/vmsport.fi\/sv\/verkkokauppa\/varaosat\/kiekot-ja-navat\/laakerit\/dt-swiss-dt-spare-part-b-bearing-6803-esb-esnb-l\/","title":{"rendered":"DT SWISS DT Reservdel B.BEARING 6803 ESB\/ESNB L"},"content":{"rendered":"<p>DT Swiss topprodukt, DT reservdel B.BEARING 6803 ESB\/ESNB L, \u00e4r speciellt utformad f\u00f6r naven p\u00e5 DT Swiss 240s och 190s framcyklar. Detta h\u00f6gkvalitativa lager, som m\u00e4ter 17 mm x 26 mm x 5 mm, ger utm\u00e4rkt st\u00f6d f\u00f6r axeln vid navet. Lagret \u00e4r ocks\u00e5 kompatibelt med m\u00e5nga andra kompatibla system, vilket g\u00f6r det till ett m\u00e5ngsidigt val f\u00f6r en m\u00e4ngd olika behov. Originalprodukten fr\u00e5n DT Swiss garanterar den tillf\u00f6rlitlighet och kvalitet som \u00e4r k\u00e4nnetecknande f\u00f6r varum\u00e4rket.<\/p>","protected":false},"excerpt":{"rendered":"<p>DT Swissin huipputuote, DT varaosa B.BEARING 6803 ESB\/ESNB L, on erityisesti suunniteltu DT Swiss 240s- ja 190-etupy\u00f6r\u00e4n napoihin. T\u00e4m\u00e4 laadukas laakeri, mitoiltaan 17 mm x 26 mm x 5 mm, tarjoaa erinomaisen tuen akselille napaosassa. Laakeri soveltuu my\u00f6s moniin muihin yhteensopiviin j\u00e4rjestelmiin, mik\u00e4 tekee siit\u00e4 monik\u00e4ytt\u00f6isen valinnan eri tarpeisiin. Alkuper\u00e4inen DT Swiss -tuote takaa br\u00e4ndille [&#8230;]<\/p>\n<p><a class=\"btn btn-secondary understrap-read-more-link\" href=\"https:\/\/vmsport.fi\/sv\/verkkokauppa\/varaosat\/kiekot-ja-navat\/laakerit\/dt-swiss-dt-spare-part-b-bearing-6803-esb-esnb-l\/\">L\u00e4s mer \u2026<span class=\"screen-reader-text\"> from DT SWISS DT Spare part B.BEARING 6803 ESB\/ESNB L<\/span><\/a><\/p>\n","protected":false},"featured_media":57139,"comment_status":"open","ping_status":"closed","template":"","meta":{"_acf_changed":false,"_improvement_type_select":"improve_an_existing","_thumb_yes_seoaic":false,"_frame_yes_seoaic":false,"seoaic_generate_description":"","seoaic_improve_instructions_prompt":"","seoaic_rollback_content_improvement":"","seoaic_idea_thumbnail_generator":"","thumbnail_generated":false,"thumbnail_generate_prompt":"","seoaic_article_description":"","_supplier_stock_quantity":0},"product_brand":[],"product_model":[],"product_cat":[9464],"product_tag":[],"industry-terminology":[],"class_list":{"0":"post-57140","1":"product","2":"type-product","3":"status-publish","4":"has-post-thumbnail","6":"product_cat-laakerit","8":"first","9":"outofstock","10":"taxable","11":"shipping-taxable","12":"product-type-simple"},"acf":{"bike_features":null,"overview":{"copy_overview":null,"key_features":null,"statement":"","youtube_url":""}},"yoast_head":"<!-- This site is optimized with the Yoast SEO plugin v27.3 - https:\/\/yoast.com\/product\/yoast-seo-wordpress\/ -->\n<title>DT SWISS DT Spare part B.BEARING 6803 ESB\/ESNB L - VM Sport<\/title>\n<meta name=\"robots\" content=\"index, follow, max-snippet:-1, max-image-preview:large, max-video-preview:-1\" \/>\n<link rel=\"canonical\" href=\"https:\/\/vmsport.fi\/sv\/webbutik\/reservdelar\/skivor-och-nav\/lager\/dt-swiss-dt-reservdel-b-lager-6803-esb-esnb-l\/\" \/>\n<meta property=\"og:locale\" content=\"sv_SE\" \/>\n<meta property=\"og:type\" content=\"article\" \/>\n<meta property=\"og:title\" content=\"DT SWISS DT Spare part B.BEARING 6803 ESB\/ESNB L - VM Sport\" \/>\n<meta property=\"og:description\" content=\"DT Swissin huipputuote, DT varaosa B.BEARING 6803 ESB\/ESNB L, on erityisesti suunniteltu DT Swiss 240s- ja 190-etupy\u00f6r\u00e4n napoihin. T\u00e4m\u00e4 laadukas laakeri, mitoiltaan 17 mm x 26 mm x 5 mm, tarjoaa erinomaisen tuen akselille napaosassa. Laakeri soveltuu my\u00f6s moniin muihin yhteensopiviin j\u00e4rjestelmiin, mik\u00e4 tekee siit\u00e4 monik\u00e4ytt\u00f6isen valinnan eri tarpeisiin. Alkuper\u00e4inen DT Swiss -tuote takaa br\u00e4ndille [...]L\u00e4s mer \u2026 from DT SWISS DT Spare part B.BEARING 6803 ESB\/ESNB L\" \/>\n<meta property=\"og:url\" content=\"https:\/\/vmsport.fi\/sv\/webbutik\/reservdelar\/skivor-och-nav\/lager\/dt-swiss-dt-reservdel-b-lager-6803-esb-esnb-l\/\" \/>\n<meta property=\"og:site_name\" content=\"VM Sport\" \/>\n<meta property=\"article:publisher\" content=\"https:\/\/www.facebook.com\/Vmsport.fi\/\" \/>\n<meta property=\"article:modified_time\" content=\"2026-01-16T11:25:49+00:00\" \/>\n<meta property=\"og:image\" content=\"https:\/\/vmsport.fi\/wp-content\/uploads\/2025\/03\/1IMFc65xMKMMJ9OXV9EspefhqN0jBtvfQ2l8mQxagADjiUuxHn-1.jpg\" \/>\n\t<meta property=\"og:image:width\" content=\"800\" \/>\n\t<meta property=\"og:image:height\" content=\"800\" \/>\n\t<meta property=\"og:image:type\" content=\"image\/jpeg\" \/>\n<meta name=\"twitter:card\" content=\"summary_large_image\" \/>\n<script type=\"application\/ld+json\" class=\"yoast-schema-graph\">{\"@context\":\"https:\\\/\\\/schema.org\",\"@graph\":[{\"@type\":[\"WebPage\",\"ItemPage\"],\"@id\":\"https:\\\/\\\/vmsport.fi\\\/verkkokauppa\\\/varaosat\\\/kiekot-ja-navat\\\/laakerit\\\/dt-swiss-dt-spare-part-b-bearing-6803-esb-esnb-l\\\/\",\"url\":\"https:\\\/\\\/vmsport.fi\\\/verkkokauppa\\\/varaosat\\\/kiekot-ja-navat\\\/laakerit\\\/dt-swiss-dt-spare-part-b-bearing-6803-esb-esnb-l\\\/\",\"name\":\"DT SWISS DT Spare part B.BEARING 6803 ESB\\\/ESNB L - VM Sport\",\"isPartOf\":{\"@id\":\"https:\\\/\\\/vmsport.fi\\\/#website\"},\"primaryImageOfPage\":{\"@id\":\"https:\\\/\\\/vmsport.fi\\\/verkkokauppa\\\/varaosat\\\/kiekot-ja-navat\\\/laakerit\\\/dt-swiss-dt-spare-part-b-bearing-6803-esb-esnb-l\\\/#primaryimage\"},\"image\":{\"@id\":\"https:\\\/\\\/vmsport.fi\\\/verkkokauppa\\\/varaosat\\\/kiekot-ja-navat\\\/laakerit\\\/dt-swiss-dt-spare-part-b-bearing-6803-esb-esnb-l\\\/#primaryimage\"},\"thumbnailUrl\":\"https:\\\/\\\/vmsport.fi\\\/wp-content\\\/uploads\\\/2025\\\/03\\\/1IMFc65xMKMMJ9OXV9EspefhqN0jBtvfQ2l8mQxagADjiUuxHn-1.jpg\",\"datePublished\":\"2025-03-05T22:29:15+00:00\",\"dateModified\":\"2026-01-16T11:25:49+00:00\",\"breadcrumb\":{\"@id\":\"https:\\\/\\\/vmsport.fi\\\/verkkokauppa\\\/varaosat\\\/kiekot-ja-navat\\\/laakerit\\\/dt-swiss-dt-spare-part-b-bearing-6803-esb-esnb-l\\\/#breadcrumb\"},\"inLanguage\":\"sv-SE\",\"potentialAction\":[{\"@type\":\"ReadAction\",\"target\":[\"https:\\\/\\\/vmsport.fi\\\/verkkokauppa\\\/varaosat\\\/kiekot-ja-navat\\\/laakerit\\\/dt-swiss-dt-spare-part-b-bearing-6803-esb-esnb-l\\\/\"]}]},{\"@type\":\"ImageObject\",\"inLanguage\":\"sv-SE\",\"@id\":\"https:\\\/\\\/vmsport.fi\\\/verkkokauppa\\\/varaosat\\\/kiekot-ja-navat\\\/laakerit\\\/dt-swiss-dt-spare-part-b-bearing-6803-esb-esnb-l\\\/#primaryimage\",\"url\":\"https:\\\/\\\/vmsport.fi\\\/wp-content\\\/uploads\\\/2025\\\/03\\\/1IMFc65xMKMMJ9OXV9EspefhqN0jBtvfQ2l8mQxagADjiUuxHn-1.jpg\",\"contentUrl\":\"https:\\\/\\\/vmsport.fi\\\/wp-content\\\/uploads\\\/2025\\\/03\\\/1IMFc65xMKMMJ9OXV9EspefhqN0jBtvfQ2l8mQxagADjiUuxHn-1.jpg\",\"width\":800,\"height\":800,\"caption\":\"1IMFc65xMKMMJ9OXV9EspefhqN0jBtvfQ2l8mQxagADjiUuxHn\"},{\"@type\":\"BreadcrumbList\",\"@id\":\"https:\\\/\\\/vmsport.fi\\\/verkkokauppa\\\/varaosat\\\/kiekot-ja-navat\\\/laakerit\\\/dt-swiss-dt-spare-part-b-bearing-6803-esb-esnb-l\\\/#breadcrumb\",\"itemListElement\":[{\"@type\":\"ListItem\",\"position\":1,\"name\":\"Etusivu\",\"item\":\"https:\\\/\\\/vmsport.fi\\\/\"},{\"@type\":\"ListItem\",\"position\":2,\"name\":\"Online Store\",\"item\":\"https:\\\/\\\/vmsport.fi\\\/en\\\/online-store\\\/\"},{\"@type\":\"ListItem\",\"position\":3,\"name\":\"DT SWISS DT Spare part B.BEARING 6803 ESB\\\/ESNB L\"}]},{\"@type\":\"WebSite\",\"@id\":\"https:\\\/\\\/vmsport.fi\\\/#website\",\"url\":\"https:\\\/\\\/vmsport.fi\\\/\",\"name\":\"Vmsport\",\"description\":\"Kaikki py\u00f6r\u00e4ilyyn yhdest\u00e4 paikasta\",\"publisher\":{\"@id\":\"https:\\\/\\\/vmsport.fi\\\/#organization\"},\"potentialAction\":[{\"@type\":\"SearchAction\",\"target\":{\"@type\":\"EntryPoint\",\"urlTemplate\":\"https:\\\/\\\/vmsport.fi\\\/?s={search_term_string}\"},\"query-input\":{\"@type\":\"PropertyValueSpecification\",\"valueRequired\":true,\"valueName\":\"search_term_string\"}}],\"inLanguage\":\"sv-SE\"},{\"@type\":\"Organization\",\"@id\":\"https:\\\/\\\/vmsport.fi\\\/#organization\",\"name\":\"Vmsport\",\"url\":\"https:\\\/\\\/vmsport.fi\\\/\",\"logo\":{\"@type\":\"ImageObject\",\"inLanguage\":\"sv-SE\",\"@id\":\"https:\\\/\\\/vmsport.fi\\\/#\\\/schema\\\/logo\\\/image\\\/\",\"url\":\"https:\\\/\\\/vmsport.fi\\\/wp-content\\\/uploads\\\/2024\\\/12\\\/vm_sport_RGB_horisontal-e1734526017575.png\",\"contentUrl\":\"https:\\\/\\\/vmsport.fi\\\/wp-content\\\/uploads\\\/2024\\\/12\\\/vm_sport_RGB_horisontal-e1734526017575.png\",\"width\":668,\"height\":85,\"caption\":\"Vmsport\"},\"image\":{\"@id\":\"https:\\\/\\\/vmsport.fi\\\/#\\\/schema\\\/logo\\\/image\\\/\"},\"sameAs\":[\"https:\\\/\\\/www.facebook.com\\\/Vmsport.fi\\\/\",\"https:\\\/\\\/www.instagram.com\\\/vmsport\\\/\"]}]}<\/script>\n<!-- \/ Yoast SEO plugin. -->","yoast_head_json":{"title":"DT SWISS DT Reservdel B.BEARING 6803 ESB\/ESNB L - VM Sport","robots":{"index":"index","follow":"follow","max-snippet":"max-snippet:-1","max-image-preview":"max-image-preview:large","max-video-preview":"max-video-preview:-1"},"canonical":"https:\/\/vmsport.fi\/sv\/webbutik\/reservdelar\/skivor-och-nav\/lager\/dt-swiss-dt-reservdel-b-lager-6803-esb-esnb-l\/","og_locale":"sv_SE","og_type":"article","og_title":"DT SWISS DT Spare part B.BEARING 6803 ESB\/ESNB L - VM Sport","og_description":"DT Swissin huipputuote, DT varaosa B.BEARING 6803 ESB\/ESNB L, on erityisesti suunniteltu DT Swiss 240s- ja 190-etupy\u00f6r\u00e4n napoihin. T\u00e4m\u00e4 laadukas laakeri, mitoiltaan 17 mm x 26 mm x 5 mm, tarjoaa erinomaisen tuen akselille napaosassa. Laakeri soveltuu my\u00f6s moniin muihin yhteensopiviin j\u00e4rjestelmiin, mik\u00e4 tekee siit\u00e4 monik\u00e4ytt\u00f6isen valinnan eri tarpeisiin. Alkuper\u00e4inen DT Swiss -tuote takaa br\u00e4ndille [...]L\u00e4s mer \u2026 from DT SWISS DT Spare part B.BEARING 6803 ESB\/ESNB L","og_url":"https:\/\/vmsport.fi\/sv\/webbutik\/reservdelar\/skivor-och-nav\/lager\/dt-swiss-dt-reservdel-b-lager-6803-esb-esnb-l\/","og_site_name":"VM Sport","article_publisher":"https:\/\/www.facebook.com\/Vmsport.fi\/","article_modified_time":"2026-01-16T11:25:49+00:00","og_image":[{"width":800,"height":800,"url":"https:\/\/vmsport.fi\/wp-content\/uploads\/2025\/03\/1IMFc65xMKMMJ9OXV9EspefhqN0jBtvfQ2l8mQxagADjiUuxHn-1.jpg","type":"image\/jpeg"}],"twitter_card":"summary_large_image","schema":{"@context":"https:\/\/schema.org","@graph":[{"@type":["WebPage","ItemPage"],"@id":"https:\/\/vmsport.fi\/verkkokauppa\/varaosat\/kiekot-ja-navat\/laakerit\/dt-swiss-dt-spare-part-b-bearing-6803-esb-esnb-l\/","url":"https:\/\/vmsport.fi\/verkkokauppa\/varaosat\/kiekot-ja-navat\/laakerit\/dt-swiss-dt-spare-part-b-bearing-6803-esb-esnb-l\/","name":"DT SWISS DT Reservdel B.BEARING 6803 ESB\/ESNB L - VM Sport","isPartOf":{"@id":"https:\/\/vmsport.fi\/#website"},"primaryImageOfPage":{"@id":"https:\/\/vmsport.fi\/verkkokauppa\/varaosat\/kiekot-ja-navat\/laakerit\/dt-swiss-dt-spare-part-b-bearing-6803-esb-esnb-l\/#primaryimage"},"image":{"@id":"https:\/\/vmsport.fi\/verkkokauppa\/varaosat\/kiekot-ja-navat\/laakerit\/dt-swiss-dt-spare-part-b-bearing-6803-esb-esnb-l\/#primaryimage"},"thumbnailUrl":"https:\/\/vmsport.fi\/wp-content\/uploads\/2025\/03\/1IMFc65xMKMMJ9OXV9EspefhqN0jBtvfQ2l8mQxagADjiUuxHn-1.jpg","datePublished":"2025-03-05T22:29:15+00:00","dateModified":"2026-01-16T11:25:49+00:00","breadcrumb":{"@id":"https:\/\/vmsport.fi\/verkkokauppa\/varaosat\/kiekot-ja-navat\/laakerit\/dt-swiss-dt-spare-part-b-bearing-6803-esb-esnb-l\/#breadcrumb"},"inLanguage":"sv-SE","potentialAction":[{"@type":"ReadAction","target":["https:\/\/vmsport.fi\/verkkokauppa\/varaosat\/kiekot-ja-navat\/laakerit\/dt-swiss-dt-spare-part-b-bearing-6803-esb-esnb-l\/"]}]},{"@type":"ImageObject","inLanguage":"sv-SE","@id":"https:\/\/vmsport.fi\/verkkokauppa\/varaosat\/kiekot-ja-navat\/laakerit\/dt-swiss-dt-spare-part-b-bearing-6803-esb-esnb-l\/#primaryimage","url":"https:\/\/vmsport.fi\/wp-content\/uploads\/2025\/03\/1IMFc65xMKMMJ9OXV9EspefhqN0jBtvfQ2l8mQxagADjiUuxHn-1.jpg","contentUrl":"https:\/\/vmsport.fi\/wp-content\/uploads\/2025\/03\/1IMFc65xMKMMJ9OXV9EspefhqN0jBtvfQ2l8mQxagADjiUuxHn-1.jpg","width":800,"height":800,"caption":"1IMFc65xMKMMJ9OXV9EspefhqN0jBtvfQ2l8mQxagADjiUuxHn"},{"@type":"BreadcrumbList","@id":"https:\/\/vmsport.fi\/verkkokauppa\/varaosat\/kiekot-ja-navat\/laakerit\/dt-swiss-dt-spare-part-b-bearing-6803-esb-esnb-l\/#breadcrumb","itemListElement":[{"@type":"ListItem","position":1,"name":"Etusivu","item":"https:\/\/vmsport.fi\/"},{"@type":"ListItem","position":2,"name":"Online Store","item":"https:\/\/vmsport.fi\/en\/online-store\/"},{"@type":"ListItem","position":3,"name":"DT SWISS DT Spare part B.BEARING 6803 ESB\/ESNB L"}]},{"@type":"WebSite","@id":"https:\/\/vmsport.fi\/#website","url":"https:\/\/vmsport.fi\/","name":"Vmsport","description":"Allt p\u00e5 ett st\u00e4lle f\u00f6r cykling","publisher":{"@id":"https:\/\/vmsport.fi\/#organization"},"potentialAction":[{"@type":"SearchAction","target":{"@type":"EntryPoint","urlTemplate":"https:\/\/vmsport.fi\/?s={search_term_string}"},"query-input":{"@type":"PropertyValueSpecification","valueRequired":true,"valueName":"search_term_string"}}],"inLanguage":"sv-SE"},{"@type":"Organization","@id":"https:\/\/vmsport.fi\/#organization","name":"Vmsport","url":"https:\/\/vmsport.fi\/","logo":{"@type":"ImageObject","inLanguage":"sv-SE","@id":"https:\/\/vmsport.fi\/#\/schema\/logo\/image\/","url":"https:\/\/vmsport.fi\/wp-content\/uploads\/2024\/12\/vm_sport_RGB_horisontal-e1734526017575.png","contentUrl":"https:\/\/vmsport.fi\/wp-content\/uploads\/2024\/12\/vm_sport_RGB_horisontal-e1734526017575.png","width":668,"height":85,"caption":"Vmsport"},"image":{"@id":"https:\/\/vmsport.fi\/#\/schema\/logo\/image\/"},"sameAs":["https:\/\/www.facebook.com\/Vmsport.fi\/","https:\/\/www.instagram.com\/vmsport\/"]}]}},"global_unique_id":"","_links":{"self":[{"href":"https:\/\/vmsport.fi\/sv\/wp-json\/wp\/v2\/product\/57140","targetHints":{"allow":["GET"]}}],"collection":[{"href":"https:\/\/vmsport.fi\/sv\/wp-json\/wp\/v2\/product"}],"about":[{"href":"https:\/\/vmsport.fi\/sv\/wp-json\/wp\/v2\/types\/product"}],"replies":[{"embeddable":true,"href":"https:\/\/vmsport.fi\/sv\/wp-json\/wp\/v2\/comments?post=57140"}],"wp:featuredmedia":[{"embeddable":true,"href":"https:\/\/vmsport.fi\/sv\/wp-json\/wp\/v2\/media\/57139"}],"wp:attachment":[{"href":"https:\/\/vmsport.fi\/sv\/wp-json\/wp\/v2\/media?parent=57140"}],"wp:term":[{"taxonomy":"product_brand","embeddable":true,"href":"https:\/\/vmsport.fi\/sv\/wp-json\/wp\/v2\/product_brand?post=57140"},{"taxonomy":"product_model","embeddable":true,"href":"https:\/\/vmsport.fi\/sv\/wp-json\/wp\/v2\/product_model?post=57140"},{"taxonomy":"product_cat","embeddable":true,"href":"https:\/\/vmsport.fi\/sv\/wp-json\/wp\/v2\/product_cat?post=57140"},{"taxonomy":"product_tag","embeddable":true,"href":"https:\/\/vmsport.fi\/sv\/wp-json\/wp\/v2\/product_tag?post=57140"},{"taxonomy":"industry_terminology","embeddable":true,"href":"https:\/\/vmsport.fi\/sv\/wp-json\/wp\/v2\/industry-terminology?post=57140"}],"curies":[{"name":"wp","href":"https:\/\/api.w.org\/{rel}","templated":true}]}}