{"id":57130,"date":"2025-03-06T00:29:10","date_gmt":"2025-03-05T22:29:10","guid":{"rendered":"https:\/\/vmsport.fi\/verkkokauppa\/Ei-luokiteltu\/trek-powerfly-4-gen-5-gloss-radioactive-red-matte-dark-star\/"},"modified":"2026-04-02T18:00:41","modified_gmt":"2026-04-02T15:00:41","slug":"trek-powerfly-4-gen-5-glansig-radioaktiv-rod-matt-mork-stjarna","status":"publish","type":"product","link":"https:\/\/vmsport.fi\/sv\/verkkokauppa\/polkupyorat\/sahkopyorat\/sahkomaastopyorat\/etujousitetut-sahkomaastopyorat\/trek-powerfly-4-gen-5-gloss-radioactive-red-matte-dark-star\/","title":{"rendered":"Trek Powerfly+ 4 Gen 5 - Glansig radioaktiv r\u00f6d\/matt m\u00f6rk stj\u00e4rna"},"content":{"rendered":"<p>Elcykeln Powerfly+ 4 kombinerar en kraftfull 85 Nm Bosch Performance Line CX-motor, ett l\u00f6stagbart batteri med stor kapacitet och en p\u00e5litlig Shimano CUES-drivlina med l\u00e5nglivad LINKGLIDE-konstruktion. SR Suntours luftfj\u00e4drade framgaffel \u00f6kar \u00e5kkomforten, hydrauliska skivbromsar s\u00e4kerst\u00e4ller stoppkraften och ramen \u00e4r enkel att montera utrustning som bagageh\u00e5llare och st\u00e4nksk\u00e4rmar p\u00e5. Cykeln \u00e4r kompatibel med Bosch eBike Flow-appen, och det finns batterialternativ f\u00f6r olika behov.<\/p>","protected":false},"excerpt":{"rendered":"<p>Tehokas s\u00e4hk\u00f6moottori, irrotettava akku, kest\u00e4v\u00e4 Shimano CUES -vaihteisto sek\u00e4 laajat varustelumahdollisuudet tekev\u00e4t py\u00f6r\u00e4st\u00e4 monipuolisen s\u00e4hk\u00f6maastopy\u00f6r\u00e4n. [&#8230;]<\/p>\n<p><a class=\"btn btn-secondary understrap-read-more-link\" href=\"https:\/\/vmsport.fi\/sv\/verkkokauppa\/polkupyorat\/sahkopyorat\/sahkomaastopyorat\/etujousitetut-sahkomaastopyorat\/trek-powerfly-4-gen-5-gloss-radioactive-red-matte-dark-star\/\">L\u00e4s mer \u2026<span class=\"screen-reader-text\"> from Trek Powerfly+ 4 Gen 5 &#8211; Gloss Radioactive Red\/Matte Dark Star<\/span><\/a><\/p>\n","protected":false},"featured_media":58970,"comment_status":"open","ping_status":"closed","template":"","meta":{"_acf_changed":false,"_improvement_type_select":"improve_an_existing","_thumb_yes_seoaic":false,"_frame_yes_seoaic":false,"seoaic_generate_description":"","seoaic_improve_instructions_prompt":"","seoaic_rollback_content_improvement":"","seoaic_idea_thumbnail_generator":"","thumbnail_generated":false,"thumbnail_generate_prompt":"","seoaic_article_description":"","_supplier_stock_quantity":0},"product_brand":[37],"product_model":[1538],"product_cat":[9440],"product_tag":[],"industry-terminology":[],"class_list":{"0":"post-57130","1":"product","2":"type-product","3":"status-publish","4":"has-post-thumbnail","6":"product_brand-trek","7":"product_model-powerfly-plus","8":"product_cat-etujousitetut-sahkomaastopyorat","9":"product_shipping_class-ilmainen-toimitus","11":"first","12":"instock","13":"sale","14":"taxable","15":"shipping-taxable","16":"purchasable","17":"product-type-variable","18":"has-default-attributes"},"acf":{"bike_features":null,"overview":{"copy_overview":[{"overview":"Trek Powerfly+ 4 yhdist\u00e4\u00e4 voiman ja monipuolisuuden s\u00e4hk\u00f6avusteisessa py\u00f6r\u00e4ss\u00e4. Maastopoluille ja kaupunkiseikkailuihin suunniteltu se tarjoaa luotettavan kumppanin matkallesi."},{"overview":"Varusteluna Bosch Performance Line CX -moottori, joka tarjoaa luonnollisen avustustahdon, ja irrotettava RIB 2.0 -akku, joka tekee akun k\u00e4yt\u00f6st\u00e4 saumattoman ja k\u00e4ytt\u00f6alueen laajenemisen valinnaisilla p\u00e4ivitysoptioilla."}],"key_features":[{"feature":"Bosch Performance CX -moottori tarjoaa tukevaa tehoa maastossa"},{"feature":"Irrotettava RIB 2.0 -akku helppoon lataamiseen ja s\u00e4ilytykseen"},{"feature":"Yhteensopiva ylim\u00e4\u00e4r\u00e4isten PowerMore-lis\u00e4akkujen kanssa"},{"feature":"Kest\u00e4v\u00e4 Alpha Platinum -alumiinirunko"},{"feature":"Shimano CUES -voimansiirto LINKGLIDE-teknologialla"}],"statement":"L\u00e4hde uusille retkille monipuolisen ja tehokkaan Trek Powerfly+ 4:n kanssa.","youtube_url":"https:\/\/www.youtube.com\/watch?v=1VVSaUm7HoM"}},"yoast_head":"<!-- This site is optimized with the Yoast SEO plugin v27.3 - https:\/\/yoast.com\/product\/yoast-seo-wordpress\/ -->\n<title>Trek Powerfly+ 4 Gen 5 - Gloss Radioactive Red\/Matte Dark Star - VM Sport<\/title>\n<meta name=\"robots\" content=\"index, follow, max-snippet:-1, max-image-preview:large, max-video-preview:-1\" \/>\n<link rel=\"canonical\" href=\"https:\/\/vmsport.fi\/sv\/webbutik\/cyklar\/sahkopyorat\/sagverksskorsten\/frontfjadrade-sagtandsplogar\/trek-powerfly-4-gen-5-glansig-radioaktiv-rod-matt-mork-stjarna\/\" \/>\n<meta property=\"og:locale\" content=\"sv_SE\" \/>\n<meta property=\"og:type\" content=\"article\" \/>\n<meta property=\"og:title\" content=\"Trek Powerfly+ 4 Gen 5 - Gloss Radioactive Red\/Matte Dark Star - VM Sport\" \/>\n<meta property=\"og:description\" content=\"Tehokas s\u00e4hk\u00f6moottori, irrotettava akku, kest\u00e4v\u00e4 Shimano CUES -vaihteisto sek\u00e4 laajat varustelumahdollisuudet tekev\u00e4t py\u00f6r\u00e4st\u00e4 monipuolisen s\u00e4hk\u00f6maastopy\u00f6r\u00e4n. [...]L\u00e4s mer \u2026 from Trek Powerfly+ 4 Gen 5 &#8211; Gloss Radioactive Red\/Matte Dark Star\" \/>\n<meta property=\"og:url\" content=\"https:\/\/vmsport.fi\/sv\/webbutik\/cyklar\/sahkopyorat\/sagverksskorsten\/frontfjadrade-sagtandsplogar\/trek-powerfly-4-gen-5-glansig-radioaktiv-rod-matt-mork-stjarna\/\" \/>\n<meta property=\"og:site_name\" content=\"VM Sport\" \/>\n<meta property=\"article:publisher\" content=\"https:\/\/www.facebook.com\/Vmsport.fi\/\" \/>\n<meta property=\"article:modified_time\" content=\"2026-04-02T15:00:41+00:00\" \/>\n<meta property=\"og:image\" content=\"https:\/\/vmsport.fi\/wp-content\/uploads\/2025\/05\/Powerfly-4.jpg\" \/>\n\t<meta property=\"og:image:width\" content=\"1000\" \/>\n\t<meta property=\"og:image:height\" content=\"553\" \/>\n\t<meta property=\"og:image:type\" content=\"image\/jpeg\" \/>\n<meta name=\"twitter:card\" content=\"summary_large_image\" \/>\n<meta name=\"twitter:label1\" content=\"Ber\u00e4knad l\u00e4stid\" \/>\n\t<meta name=\"twitter:data1\" content=\"2 minuter\" \/>\n<script type=\"application\/ld+json\" class=\"yoast-schema-graph\">{\"@context\":\"https:\\\/\\\/schema.org\",\"@graph\":[{\"@type\":[\"WebPage\",\"ItemPage\"],\"@id\":\"https:\\\/\\\/vmsport.fi\\\/verkkokauppa\\\/polkupyorat\\\/sahkopyorat\\\/sahkomaastopyorat\\\/etujousitetut-sahkomaastopyorat\\\/trek-powerfly-4-gen-5-gloss-radioactive-red-matte-dark-star\\\/\",\"url\":\"https:\\\/\\\/vmsport.fi\\\/verkkokauppa\\\/polkupyorat\\\/sahkopyorat\\\/sahkomaastopyorat\\\/etujousitetut-sahkomaastopyorat\\\/trek-powerfly-4-gen-5-gloss-radioactive-red-matte-dark-star\\\/\",\"name\":\"Trek Powerfly+ 4 Gen 5 - Gloss Radioactive Red\\\/Matte Dark Star - VM Sport\",\"isPartOf\":{\"@id\":\"https:\\\/\\\/vmsport.fi\\\/#website\"},\"primaryImageOfPage\":{\"@id\":\"https:\\\/\\\/vmsport.fi\\\/verkkokauppa\\\/polkupyorat\\\/sahkopyorat\\\/sahkomaastopyorat\\\/etujousitetut-sahkomaastopyorat\\\/trek-powerfly-4-gen-5-gloss-radioactive-red-matte-dark-star\\\/#primaryimage\"},\"image\":{\"@id\":\"https:\\\/\\\/vmsport.fi\\\/verkkokauppa\\\/polkupyorat\\\/sahkopyorat\\\/sahkomaastopyorat\\\/etujousitetut-sahkomaastopyorat\\\/trek-powerfly-4-gen-5-gloss-radioactive-red-matte-dark-star\\\/#primaryimage\"},\"thumbnailUrl\":\"https:\\\/\\\/vmsport.fi\\\/wp-content\\\/uploads\\\/2025\\\/05\\\/Powerfly-4.jpg\",\"datePublished\":\"2025-03-05T22:29:10+00:00\",\"dateModified\":\"2026-04-02T15:00:41+00:00\",\"breadcrumb\":{\"@id\":\"https:\\\/\\\/vmsport.fi\\\/verkkokauppa\\\/polkupyorat\\\/sahkopyorat\\\/sahkomaastopyorat\\\/etujousitetut-sahkomaastopyorat\\\/trek-powerfly-4-gen-5-gloss-radioactive-red-matte-dark-star\\\/#breadcrumb\"},\"inLanguage\":\"sv-SE\",\"potentialAction\":[{\"@type\":\"ReadAction\",\"target\":[\"https:\\\/\\\/vmsport.fi\\\/verkkokauppa\\\/polkupyorat\\\/sahkopyorat\\\/sahkomaastopyorat\\\/etujousitetut-sahkomaastopyorat\\\/trek-powerfly-4-gen-5-gloss-radioactive-red-matte-dark-star\\\/\"]}]},{\"@type\":\"ImageObject\",\"inLanguage\":\"sv-SE\",\"@id\":\"https:\\\/\\\/vmsport.fi\\\/verkkokauppa\\\/polkupyorat\\\/sahkopyorat\\\/sahkomaastopyorat\\\/etujousitetut-sahkomaastopyorat\\\/trek-powerfly-4-gen-5-gloss-radioactive-red-matte-dark-star\\\/#primaryimage\",\"url\":\"https:\\\/\\\/vmsport.fi\\\/wp-content\\\/uploads\\\/2025\\\/05\\\/Powerfly-4.jpg\",\"contentUrl\":\"https:\\\/\\\/vmsport.fi\\\/wp-content\\\/uploads\\\/2025\\\/05\\\/Powerfly-4.jpg\",\"width\":1000,\"height\":553,\"caption\":\"Powerfly-4\"},{\"@type\":\"BreadcrumbList\",\"@id\":\"https:\\\/\\\/vmsport.fi\\\/verkkokauppa\\\/polkupyorat\\\/sahkopyorat\\\/sahkomaastopyorat\\\/etujousitetut-sahkomaastopyorat\\\/trek-powerfly-4-gen-5-gloss-radioactive-red-matte-dark-star\\\/#breadcrumb\",\"itemListElement\":[{\"@type\":\"ListItem\",\"position\":1,\"name\":\"Etusivu\",\"item\":\"https:\\\/\\\/vmsport.fi\\\/\"},{\"@type\":\"ListItem\",\"position\":2,\"name\":\"Online Store\",\"item\":\"https:\\\/\\\/vmsport.fi\\\/en\\\/online-store\\\/\"},{\"@type\":\"ListItem\",\"position\":3,\"name\":\"Trek polkupy\u00f6r\u00e4t\",\"item\":\"https:\\\/\\\/vmsport.fi\\\/sv\\\/merkki\\\/trek\\\/\"},{\"@type\":\"ListItem\",\"position\":4,\"name\":\"Trek Powerfly+ 4 Gen 5 &#8211; Gloss Radioactive Red\\\/Matte Dark Star\"}]},{\"@type\":\"WebSite\",\"@id\":\"https:\\\/\\\/vmsport.fi\\\/#website\",\"url\":\"https:\\\/\\\/vmsport.fi\\\/\",\"name\":\"Vmsport\",\"description\":\"Kaikki py\u00f6r\u00e4ilyyn yhdest\u00e4 paikasta\",\"publisher\":{\"@id\":\"https:\\\/\\\/vmsport.fi\\\/#organization\"},\"potentialAction\":[{\"@type\":\"SearchAction\",\"target\":{\"@type\":\"EntryPoint\",\"urlTemplate\":\"https:\\\/\\\/vmsport.fi\\\/?s={search_term_string}\"},\"query-input\":{\"@type\":\"PropertyValueSpecification\",\"valueRequired\":true,\"valueName\":\"search_term_string\"}}],\"inLanguage\":\"sv-SE\"},{\"@type\":\"Organization\",\"@id\":\"https:\\\/\\\/vmsport.fi\\\/#organization\",\"name\":\"Vmsport\",\"url\":\"https:\\\/\\\/vmsport.fi\\\/\",\"logo\":{\"@type\":\"ImageObject\",\"inLanguage\":\"sv-SE\",\"@id\":\"https:\\\/\\\/vmsport.fi\\\/#\\\/schema\\\/logo\\\/image\\\/\",\"url\":\"https:\\\/\\\/vmsport.fi\\\/wp-content\\\/uploads\\\/2024\\\/12\\\/vm_sport_RGB_horisontal-e1734526017575.png\",\"contentUrl\":\"https:\\\/\\\/vmsport.fi\\\/wp-content\\\/uploads\\\/2024\\\/12\\\/vm_sport_RGB_horisontal-e1734526017575.png\",\"width\":668,\"height\":85,\"caption\":\"Vmsport\"},\"image\":{\"@id\":\"https:\\\/\\\/vmsport.fi\\\/#\\\/schema\\\/logo\\\/image\\\/\"},\"sameAs\":[\"https:\\\/\\\/www.facebook.com\\\/Vmsport.fi\\\/\",\"https:\\\/\\\/www.instagram.com\\\/vmsport\\\/\"]}]}<\/script>\n<!-- \/ Yoast SEO plugin. -->","yoast_head_json":{"title":"Trek Powerfly+ 4 Gen 5 - Glansig radioaktiv r\u00f6d\/matt m\u00f6rk stj\u00e4rna - VM Sport","robots":{"index":"index","follow":"follow","max-snippet":"max-snippet:-1","max-image-preview":"max-image-preview:large","max-video-preview":"max-video-preview:-1"},"canonical":"https:\/\/vmsport.fi\/sv\/webbutik\/cyklar\/sahkopyorat\/sagverksskorsten\/frontfjadrade-sagtandsplogar\/trek-powerfly-4-gen-5-glansig-radioaktiv-rod-matt-mork-stjarna\/","og_locale":"sv_SE","og_type":"article","og_title":"Trek Powerfly+ 4 Gen 5 - Gloss Radioactive Red\/Matte Dark Star - VM Sport","og_description":"Tehokas s\u00e4hk\u00f6moottori, irrotettava akku, kest\u00e4v\u00e4 Shimano CUES -vaihteisto sek\u00e4 laajat varustelumahdollisuudet tekev\u00e4t py\u00f6r\u00e4st\u00e4 monipuolisen s\u00e4hk\u00f6maastopy\u00f6r\u00e4n. [...]L\u00e4s mer \u2026 from Trek Powerfly+ 4 Gen 5 &#8211; Gloss Radioactive Red\/Matte Dark Star","og_url":"https:\/\/vmsport.fi\/sv\/webbutik\/cyklar\/sahkopyorat\/sagverksskorsten\/frontfjadrade-sagtandsplogar\/trek-powerfly-4-gen-5-glansig-radioaktiv-rod-matt-mork-stjarna\/","og_site_name":"VM Sport","article_publisher":"https:\/\/www.facebook.com\/Vmsport.fi\/","article_modified_time":"2026-04-02T15:00:41+00:00","og_image":[{"width":1000,"height":553,"url":"https:\/\/vmsport.fi\/wp-content\/uploads\/2025\/05\/Powerfly-4.jpg","type":"image\/jpeg"}],"twitter_card":"summary_large_image","twitter_misc":{"Ber\u00e4knad l\u00e4stid":"2 minuter"},"schema":{"@context":"https:\/\/schema.org","@graph":[{"@type":["WebPage","ItemPage"],"@id":"https:\/\/vmsport.fi\/verkkokauppa\/polkupyorat\/sahkopyorat\/sahkomaastopyorat\/etujousitetut-sahkomaastopyorat\/trek-powerfly-4-gen-5-gloss-radioactive-red-matte-dark-star\/","url":"https:\/\/vmsport.fi\/verkkokauppa\/polkupyorat\/sahkopyorat\/sahkomaastopyorat\/etujousitetut-sahkomaastopyorat\/trek-powerfly-4-gen-5-gloss-radioactive-red-matte-dark-star\/","name":"Trek Powerfly+ 4 Gen 5 - Glansig radioaktiv r\u00f6d\/matt m\u00f6rk stj\u00e4rna - VM Sport","isPartOf":{"@id":"https:\/\/vmsport.fi\/#website"},"primaryImageOfPage":{"@id":"https:\/\/vmsport.fi\/verkkokauppa\/polkupyorat\/sahkopyorat\/sahkomaastopyorat\/etujousitetut-sahkomaastopyorat\/trek-powerfly-4-gen-5-gloss-radioactive-red-matte-dark-star\/#primaryimage"},"image":{"@id":"https:\/\/vmsport.fi\/verkkokauppa\/polkupyorat\/sahkopyorat\/sahkomaastopyorat\/etujousitetut-sahkomaastopyorat\/trek-powerfly-4-gen-5-gloss-radioactive-red-matte-dark-star\/#primaryimage"},"thumbnailUrl":"https:\/\/vmsport.fi\/wp-content\/uploads\/2025\/05\/Powerfly-4.jpg","datePublished":"2025-03-05T22:29:10+00:00","dateModified":"2026-04-02T15:00:41+00:00","breadcrumb":{"@id":"https:\/\/vmsport.fi\/verkkokauppa\/polkupyorat\/sahkopyorat\/sahkomaastopyorat\/etujousitetut-sahkomaastopyorat\/trek-powerfly-4-gen-5-gloss-radioactive-red-matte-dark-star\/#breadcrumb"},"inLanguage":"sv-SE","potentialAction":[{"@type":"ReadAction","target":["https:\/\/vmsport.fi\/verkkokauppa\/polkupyorat\/sahkopyorat\/sahkomaastopyorat\/etujousitetut-sahkomaastopyorat\/trek-powerfly-4-gen-5-gloss-radioactive-red-matte-dark-star\/"]}]},{"@type":"ImageObject","inLanguage":"sv-SE","@id":"https:\/\/vmsport.fi\/verkkokauppa\/polkupyorat\/sahkopyorat\/sahkomaastopyorat\/etujousitetut-sahkomaastopyorat\/trek-powerfly-4-gen-5-gloss-radioactive-red-matte-dark-star\/#primaryimage","url":"https:\/\/vmsport.fi\/wp-content\/uploads\/2025\/05\/Powerfly-4.jpg","contentUrl":"https:\/\/vmsport.fi\/wp-content\/uploads\/2025\/05\/Powerfly-4.jpg","width":1000,"height":553,"caption":"Powerfly-4"},{"@type":"BreadcrumbList","@id":"https:\/\/vmsport.fi\/verkkokauppa\/polkupyorat\/sahkopyorat\/sahkomaastopyorat\/etujousitetut-sahkomaastopyorat\/trek-powerfly-4-gen-5-gloss-radioactive-red-matte-dark-star\/#breadcrumb","itemListElement":[{"@type":"ListItem","position":1,"name":"Etusivu","item":"https:\/\/vmsport.fi\/"},{"@type":"ListItem","position":2,"name":"Online Store","item":"https:\/\/vmsport.fi\/en\/online-store\/"},{"@type":"ListItem","position":3,"name":"Trek polkupy\u00f6r\u00e4t","item":"https:\/\/vmsport.fi\/sv\/merkki\/trek\/"},{"@type":"ListItem","position":4,"name":"Trek Powerfly+ 4 Gen 5 &#8211; Gloss Radioactive Red\/Matte Dark Star"}]},{"@type":"WebSite","@id":"https:\/\/vmsport.fi\/#website","url":"https:\/\/vmsport.fi\/","name":"Vmsport","description":"Allt p\u00e5 ett st\u00e4lle f\u00f6r cykling","publisher":{"@id":"https:\/\/vmsport.fi\/#organization"},"potentialAction":[{"@type":"SearchAction","target":{"@type":"EntryPoint","urlTemplate":"https:\/\/vmsport.fi\/?s={search_term_string}"},"query-input":{"@type":"PropertyValueSpecification","valueRequired":true,"valueName":"search_term_string"}}],"inLanguage":"sv-SE"},{"@type":"Organization","@id":"https:\/\/vmsport.fi\/#organization","name":"Vmsport","url":"https:\/\/vmsport.fi\/","logo":{"@type":"ImageObject","inLanguage":"sv-SE","@id":"https:\/\/vmsport.fi\/#\/schema\/logo\/image\/","url":"https:\/\/vmsport.fi\/wp-content\/uploads\/2024\/12\/vm_sport_RGB_horisontal-e1734526017575.png","contentUrl":"https:\/\/vmsport.fi\/wp-content\/uploads\/2024\/12\/vm_sport_RGB_horisontal-e1734526017575.png","width":668,"height":85,"caption":"Vmsport"},"image":{"@id":"https:\/\/vmsport.fi\/#\/schema\/logo\/image\/"},"sameAs":["https:\/\/www.facebook.com\/Vmsport.fi\/","https:\/\/www.instagram.com\/vmsport\/"]}]}},"global_unique_id":"","_links":{"self":[{"href":"https:\/\/vmsport.fi\/sv\/wp-json\/wp\/v2\/product\/57130","targetHints":{"allow":["GET"]}}],"collection":[{"href":"https:\/\/vmsport.fi\/sv\/wp-json\/wp\/v2\/product"}],"about":[{"href":"https:\/\/vmsport.fi\/sv\/wp-json\/wp\/v2\/types\/product"}],"replies":[{"embeddable":true,"href":"https:\/\/vmsport.fi\/sv\/wp-json\/wp\/v2\/comments?post=57130"}],"wp:featuredmedia":[{"embeddable":true,"href":"https:\/\/vmsport.fi\/sv\/wp-json\/wp\/v2\/media\/58970"}],"wp:attachment":[{"href":"https:\/\/vmsport.fi\/sv\/wp-json\/wp\/v2\/media?parent=57130"}],"wp:term":[{"taxonomy":"product_brand","embeddable":true,"href":"https:\/\/vmsport.fi\/sv\/wp-json\/wp\/v2\/product_brand?post=57130"},{"taxonomy":"product_model","embeddable":true,"href":"https:\/\/vmsport.fi\/sv\/wp-json\/wp\/v2\/product_model?post=57130"},{"taxonomy":"product_cat","embeddable":true,"href":"https:\/\/vmsport.fi\/sv\/wp-json\/wp\/v2\/product_cat?post=57130"},{"taxonomy":"product_tag","embeddable":true,"href":"https:\/\/vmsport.fi\/sv\/wp-json\/wp\/v2\/product_tag?post=57130"},{"taxonomy":"industry_terminology","embeddable":true,"href":"https:\/\/vmsport.fi\/sv\/wp-json\/wp\/v2\/industry-terminology?post=57130"}],"curies":[{"name":"wp","href":"https:\/\/api.w.org\/{rel}","templated":true}]}}