{"id":57115,"date":"2025-03-06T00:29:01","date_gmt":"2025-03-05T22:29:01","guid":{"rendered":"https:\/\/vmsport.fi\/verkkokauppa\/Ei-luokiteltu\/muc-off-e-bike-all-weather-chain-lube\/"},"modified":"2026-01-16T13:23:31","modified_gmt":"2026-01-16T11:23:31","slug":"muc-off-e-bike-all-weather-chain-lube","status":"publish","type":"product","link":"https:\/\/vmsport.fi\/sv\/verkkokauppa\/tarvikkeet\/huolto-ja-pesu\/voiteluaineet\/muc-off-e-bike-all-weather-chain-lube\/","title":{"rendered":"MUC-OFF E-Bike All Weather 250 ml"},"content":{"rendered":"<p>MUC-OFF E-Bike All Weather Chain Lube on kehitetty tarjoamaan erinomaisen suojan s\u00e4hk\u00f6py\u00f6rien ketjuille s\u00e4\u00e4olosuhteista riippumatta. Sen synteettinen koostumus takaa pitk\u00e4kestoisen voitelun ja suojaa ketjuja kulumiselta, mik\u00e4 tekee siit\u00e4 ihanteellisen sek\u00e4 pitkille ajomatkoille ett\u00e4 erilaisiin maastoihin, olipa kyseess\u00e4 sitten p\u00e4\u00e4llystetty tie tai sorapolku. T\u00e4m\u00e4 voiteluaine varmistaa sujuvan ajokokemuksen ja tarjoaa tehokkaan suojan kaikissa s\u00e4\u00e4olosuhteissa.<\/p>","protected":false},"excerpt":{"rendered":"<p>MUC-OFF E-Bike All Weather Chain Lube on kehitetty tarjoamaan erinomaisen suojan s\u00e4hk\u00f6py\u00f6rien ketjuille s\u00e4\u00e4olosuhteista riippumatta. Sen synteettinen koostumus takaa pitk\u00e4kestoisen voitelun ja suojaa ketjuja kulumiselta, mik\u00e4 tekee siit\u00e4 ihanteellisen sek\u00e4 pitkille ajomatkoille ett\u00e4 erilaisiin maastoihin, olipa kyseess\u00e4 sitten p\u00e4\u00e4llystetty tie tai sorapolku. T\u00e4m\u00e4 voiteluaine varmistaa sujuvan ajokokemuksen ja tarjoaa tehokkaan suojan kaikissa s\u00e4\u00e4olosuhteissa. [&#8230;]<\/p>\n<p><a class=\"btn btn-secondary understrap-read-more-link\" href=\"https:\/\/vmsport.fi\/sv\/verkkokauppa\/tarvikkeet\/huolto-ja-pesu\/voiteluaineet\/muc-off-e-bike-all-weather-chain-lube\/\">L\u00e4s mer \u2026<span class=\"screen-reader-text\"> from MUC-OFF E-Bike All Weather 250 ml<\/span><\/a><\/p>\n","protected":false},"featured_media":57114,"comment_status":"open","ping_status":"closed","template":"","meta":{"_acf_changed":false,"_improvement_type_select":"improve_an_existing","_thumb_yes_seoaic":false,"_frame_yes_seoaic":false,"seoaic_generate_description":"","seoaic_improve_instructions_prompt":"","seoaic_rollback_content_improvement":"","seoaic_idea_thumbnail_generator":"","thumbnail_generated":false,"thumbnail_generate_prompt":"","seoaic_article_description":"","_supplier_stock_quantity":0},"product_brand":[1584],"product_model":[],"product_cat":[9362],"product_tag":[],"industry-terminology":[],"class_list":{"0":"post-57115","1":"product","2":"type-product","3":"status-publish","4":"has-post-thumbnail","6":"product_brand-muc-off","7":"product_cat-voiteluaineet","9":"first","10":"instock","11":"taxable","12":"shipping-taxable","13":"purchasable","14":"product-type-simple"},"acf":{"bike_features":null,"overview":{"copy_overview":null,"key_features":null,"statement":"","youtube_url":""}},"yoast_head":"<!-- This site is optimized with the Yoast SEO plugin v27.3 - https:\/\/yoast.com\/product\/yoast-seo-wordpress\/ -->\n<title>MUC-OFF E-Bike All Weather 250 ml - VM Sport<\/title>\n<meta name=\"robots\" content=\"index, follow, max-snippet:-1, max-image-preview:large, max-video-preview:-1\" \/>\n<link rel=\"canonical\" href=\"https:\/\/vmsport.fi\/sv\/webbutik\/tillbehor\/underhall-och-tvatt\/smorjmedel\/muc-off-e-bike-all-weather-chain-lube\/\" \/>\n<meta property=\"og:locale\" content=\"sv_SE\" \/>\n<meta property=\"og:type\" content=\"article\" \/>\n<meta property=\"og:title\" content=\"MUC-OFF E-Bike All Weather 250 ml - VM Sport\" \/>\n<meta property=\"og:description\" content=\"MUC-OFF E-Bike All Weather Chain Lube on kehitetty tarjoamaan erinomaisen suojan s\u00e4hk\u00f6py\u00f6rien ketjuille s\u00e4\u00e4olosuhteista riippumatta. Sen synteettinen koostumus takaa pitk\u00e4kestoisen voitelun ja suojaa ketjuja kulumiselta, mik\u00e4 tekee siit\u00e4 ihanteellisen sek\u00e4 pitkille ajomatkoille ett\u00e4 erilaisiin maastoihin, olipa kyseess\u00e4 sitten p\u00e4\u00e4llystetty tie tai sorapolku. T\u00e4m\u00e4 voiteluaine varmistaa sujuvan ajokokemuksen ja tarjoaa tehokkaan suojan kaikissa s\u00e4\u00e4olosuhteissa. [...]L\u00e4s mer \u2026 from MUC-OFF E-Bike All Weather 250 ml\" \/>\n<meta property=\"og:url\" content=\"https:\/\/vmsport.fi\/sv\/webbutik\/tillbehor\/underhall-och-tvatt\/smorjmedel\/muc-off-e-bike-all-weather-chain-lube\/\" \/>\n<meta property=\"og:site_name\" content=\"VM Sport\" \/>\n<meta property=\"article:publisher\" content=\"https:\/\/www.facebook.com\/Vmsport.fi\/\" \/>\n<meta property=\"article:modified_time\" content=\"2026-01-16T11:23:31+00:00\" \/>\n<meta property=\"og:image\" content=\"https:\/\/vmsport.fi\/wp-content\/uploads\/2025\/03\/ohV2oUGiaXaYol1ua1sqRAnrD7wzJH3iRutENBrwLhUSWwp0p4-1.jpg\" \/>\n\t<meta property=\"og:image:width\" content=\"800\" \/>\n\t<meta property=\"og:image:height\" content=\"800\" \/>\n\t<meta property=\"og:image:type\" content=\"image\/jpeg\" \/>\n<meta name=\"twitter:card\" content=\"summary_large_image\" \/>\n<script type=\"application\/ld+json\" class=\"yoast-schema-graph\">{\"@context\":\"https:\\\/\\\/schema.org\",\"@graph\":[{\"@type\":[\"WebPage\",\"ItemPage\"],\"@id\":\"https:\\\/\\\/vmsport.fi\\\/verkkokauppa\\\/tarvikkeet\\\/huolto-ja-pesu\\\/voiteluaineet\\\/muc-off-e-bike-all-weather-chain-lube\\\/\",\"url\":\"https:\\\/\\\/vmsport.fi\\\/verkkokauppa\\\/tarvikkeet\\\/huolto-ja-pesu\\\/voiteluaineet\\\/muc-off-e-bike-all-weather-chain-lube\\\/\",\"name\":\"MUC-OFF E-Bike All Weather 250 ml - VM Sport\",\"isPartOf\":{\"@id\":\"https:\\\/\\\/vmsport.fi\\\/#website\"},\"primaryImageOfPage\":{\"@id\":\"https:\\\/\\\/vmsport.fi\\\/verkkokauppa\\\/tarvikkeet\\\/huolto-ja-pesu\\\/voiteluaineet\\\/muc-off-e-bike-all-weather-chain-lube\\\/#primaryimage\"},\"image\":{\"@id\":\"https:\\\/\\\/vmsport.fi\\\/verkkokauppa\\\/tarvikkeet\\\/huolto-ja-pesu\\\/voiteluaineet\\\/muc-off-e-bike-all-weather-chain-lube\\\/#primaryimage\"},\"thumbnailUrl\":\"https:\\\/\\\/vmsport.fi\\\/wp-content\\\/uploads\\\/2025\\\/03\\\/ohV2oUGiaXaYol1ua1sqRAnrD7wzJH3iRutENBrwLhUSWwp0p4-1.jpg\",\"datePublished\":\"2025-03-05T22:29:01+00:00\",\"dateModified\":\"2026-01-16T11:23:31+00:00\",\"breadcrumb\":{\"@id\":\"https:\\\/\\\/vmsport.fi\\\/verkkokauppa\\\/tarvikkeet\\\/huolto-ja-pesu\\\/voiteluaineet\\\/muc-off-e-bike-all-weather-chain-lube\\\/#breadcrumb\"},\"inLanguage\":\"sv-SE\",\"potentialAction\":[{\"@type\":\"ReadAction\",\"target\":[\"https:\\\/\\\/vmsport.fi\\\/verkkokauppa\\\/tarvikkeet\\\/huolto-ja-pesu\\\/voiteluaineet\\\/muc-off-e-bike-all-weather-chain-lube\\\/\"]}]},{\"@type\":\"ImageObject\",\"inLanguage\":\"sv-SE\",\"@id\":\"https:\\\/\\\/vmsport.fi\\\/verkkokauppa\\\/tarvikkeet\\\/huolto-ja-pesu\\\/voiteluaineet\\\/muc-off-e-bike-all-weather-chain-lube\\\/#primaryimage\",\"url\":\"https:\\\/\\\/vmsport.fi\\\/wp-content\\\/uploads\\\/2025\\\/03\\\/ohV2oUGiaXaYol1ua1sqRAnrD7wzJH3iRutENBrwLhUSWwp0p4-1.jpg\",\"contentUrl\":\"https:\\\/\\\/vmsport.fi\\\/wp-content\\\/uploads\\\/2025\\\/03\\\/ohV2oUGiaXaYol1ua1sqRAnrD7wzJH3iRutENBrwLhUSWwp0p4-1.jpg\",\"width\":800,\"height\":800,\"caption\":\"ohV2oUGiaXaYol1ua1sqRAnrD7wzJH3iRutENBrwLhUSWwp0p4\"},{\"@type\":\"BreadcrumbList\",\"@id\":\"https:\\\/\\\/vmsport.fi\\\/verkkokauppa\\\/tarvikkeet\\\/huolto-ja-pesu\\\/voiteluaineet\\\/muc-off-e-bike-all-weather-chain-lube\\\/#breadcrumb\",\"itemListElement\":[{\"@type\":\"ListItem\",\"position\":1,\"name\":\"Etusivu\",\"item\":\"https:\\\/\\\/vmsport.fi\\\/\"},{\"@type\":\"ListItem\",\"position\":2,\"name\":\"Online Store\",\"item\":\"https:\\\/\\\/vmsport.fi\\\/en\\\/online-store\\\/\"},{\"@type\":\"ListItem\",\"position\":3,\"name\":\"Muc-Off\",\"item\":\"https:\\\/\\\/vmsport.fi\\\/merkki\\\/muc-off\\\/\"},{\"@type\":\"ListItem\",\"position\":4,\"name\":\"MUC-OFF E-Bike All Weather 250 ml\"}]},{\"@type\":\"WebSite\",\"@id\":\"https:\\\/\\\/vmsport.fi\\\/#website\",\"url\":\"https:\\\/\\\/vmsport.fi\\\/\",\"name\":\"Vmsport\",\"description\":\"Kaikki py\u00f6r\u00e4ilyyn yhdest\u00e4 paikasta\",\"publisher\":{\"@id\":\"https:\\\/\\\/vmsport.fi\\\/#organization\"},\"potentialAction\":[{\"@type\":\"SearchAction\",\"target\":{\"@type\":\"EntryPoint\",\"urlTemplate\":\"https:\\\/\\\/vmsport.fi\\\/?s={search_term_string}\"},\"query-input\":{\"@type\":\"PropertyValueSpecification\",\"valueRequired\":true,\"valueName\":\"search_term_string\"}}],\"inLanguage\":\"sv-SE\"},{\"@type\":\"Organization\",\"@id\":\"https:\\\/\\\/vmsport.fi\\\/#organization\",\"name\":\"Vmsport\",\"url\":\"https:\\\/\\\/vmsport.fi\\\/\",\"logo\":{\"@type\":\"ImageObject\",\"inLanguage\":\"sv-SE\",\"@id\":\"https:\\\/\\\/vmsport.fi\\\/#\\\/schema\\\/logo\\\/image\\\/\",\"url\":\"https:\\\/\\\/vmsport.fi\\\/wp-content\\\/uploads\\\/2024\\\/12\\\/vm_sport_RGB_horisontal-e1734526017575.png\",\"contentUrl\":\"https:\\\/\\\/vmsport.fi\\\/wp-content\\\/uploads\\\/2024\\\/12\\\/vm_sport_RGB_horisontal-e1734526017575.png\",\"width\":668,\"height\":85,\"caption\":\"Vmsport\"},\"image\":{\"@id\":\"https:\\\/\\\/vmsport.fi\\\/#\\\/schema\\\/logo\\\/image\\\/\"},\"sameAs\":[\"https:\\\/\\\/www.facebook.com\\\/Vmsport.fi\\\/\",\"https:\\\/\\\/www.instagram.com\\\/vmsport\\\/\"]}]}<\/script>\n<!-- \/ Yoast SEO plugin. -->","yoast_head_json":{"title":"MUC-OFF E-Bike All Weather 250 ml - VM Sport","robots":{"index":"index","follow":"follow","max-snippet":"max-snippet:-1","max-image-preview":"max-image-preview:large","max-video-preview":"max-video-preview:-1"},"canonical":"https:\/\/vmsport.fi\/sv\/webbutik\/tillbehor\/underhall-och-tvatt\/smorjmedel\/muc-off-e-bike-all-weather-chain-lube\/","og_locale":"sv_SE","og_type":"article","og_title":"MUC-OFF E-Bike All Weather 250 ml - VM Sport","og_description":"MUC-OFF E-Bike All Weather Chain Lube on kehitetty tarjoamaan erinomaisen suojan s\u00e4hk\u00f6py\u00f6rien ketjuille s\u00e4\u00e4olosuhteista riippumatta. Sen synteettinen koostumus takaa pitk\u00e4kestoisen voitelun ja suojaa ketjuja kulumiselta, mik\u00e4 tekee siit\u00e4 ihanteellisen sek\u00e4 pitkille ajomatkoille ett\u00e4 erilaisiin maastoihin, olipa kyseess\u00e4 sitten p\u00e4\u00e4llystetty tie tai sorapolku. T\u00e4m\u00e4 voiteluaine varmistaa sujuvan ajokokemuksen ja tarjoaa tehokkaan suojan kaikissa s\u00e4\u00e4olosuhteissa. [...]L\u00e4s mer \u2026 from MUC-OFF E-Bike All Weather 250 ml","og_url":"https:\/\/vmsport.fi\/sv\/webbutik\/tillbehor\/underhall-och-tvatt\/smorjmedel\/muc-off-e-bike-all-weather-chain-lube\/","og_site_name":"VM Sport","article_publisher":"https:\/\/www.facebook.com\/Vmsport.fi\/","article_modified_time":"2026-01-16T11:23:31+00:00","og_image":[{"width":800,"height":800,"url":"https:\/\/vmsport.fi\/wp-content\/uploads\/2025\/03\/ohV2oUGiaXaYol1ua1sqRAnrD7wzJH3iRutENBrwLhUSWwp0p4-1.jpg","type":"image\/jpeg"}],"twitter_card":"summary_large_image","schema":{"@context":"https:\/\/schema.org","@graph":[{"@type":["WebPage","ItemPage"],"@id":"https:\/\/vmsport.fi\/verkkokauppa\/tarvikkeet\/huolto-ja-pesu\/voiteluaineet\/muc-off-e-bike-all-weather-chain-lube\/","url":"https:\/\/vmsport.fi\/verkkokauppa\/tarvikkeet\/huolto-ja-pesu\/voiteluaineet\/muc-off-e-bike-all-weather-chain-lube\/","name":"MUC-OFF E-Bike All Weather 250 ml - VM Sport","isPartOf":{"@id":"https:\/\/vmsport.fi\/#website"},"primaryImageOfPage":{"@id":"https:\/\/vmsport.fi\/verkkokauppa\/tarvikkeet\/huolto-ja-pesu\/voiteluaineet\/muc-off-e-bike-all-weather-chain-lube\/#primaryimage"},"image":{"@id":"https:\/\/vmsport.fi\/verkkokauppa\/tarvikkeet\/huolto-ja-pesu\/voiteluaineet\/muc-off-e-bike-all-weather-chain-lube\/#primaryimage"},"thumbnailUrl":"https:\/\/vmsport.fi\/wp-content\/uploads\/2025\/03\/ohV2oUGiaXaYol1ua1sqRAnrD7wzJH3iRutENBrwLhUSWwp0p4-1.jpg","datePublished":"2025-03-05T22:29:01+00:00","dateModified":"2026-01-16T11:23:31+00:00","breadcrumb":{"@id":"https:\/\/vmsport.fi\/verkkokauppa\/tarvikkeet\/huolto-ja-pesu\/voiteluaineet\/muc-off-e-bike-all-weather-chain-lube\/#breadcrumb"},"inLanguage":"sv-SE","potentialAction":[{"@type":"ReadAction","target":["https:\/\/vmsport.fi\/verkkokauppa\/tarvikkeet\/huolto-ja-pesu\/voiteluaineet\/muc-off-e-bike-all-weather-chain-lube\/"]}]},{"@type":"ImageObject","inLanguage":"sv-SE","@id":"https:\/\/vmsport.fi\/verkkokauppa\/tarvikkeet\/huolto-ja-pesu\/voiteluaineet\/muc-off-e-bike-all-weather-chain-lube\/#primaryimage","url":"https:\/\/vmsport.fi\/wp-content\/uploads\/2025\/03\/ohV2oUGiaXaYol1ua1sqRAnrD7wzJH3iRutENBrwLhUSWwp0p4-1.jpg","contentUrl":"https:\/\/vmsport.fi\/wp-content\/uploads\/2025\/03\/ohV2oUGiaXaYol1ua1sqRAnrD7wzJH3iRutENBrwLhUSWwp0p4-1.jpg","width":800,"height":800,"caption":"ohV2oUGiaXaYol1ua1sqRAnrD7wzJH3iRutENBrwLhUSWwp0p4"},{"@type":"BreadcrumbList","@id":"https:\/\/vmsport.fi\/verkkokauppa\/tarvikkeet\/huolto-ja-pesu\/voiteluaineet\/muc-off-e-bike-all-weather-chain-lube\/#breadcrumb","itemListElement":[{"@type":"ListItem","position":1,"name":"Etusivu","item":"https:\/\/vmsport.fi\/"},{"@type":"ListItem","position":2,"name":"Online Store","item":"https:\/\/vmsport.fi\/en\/online-store\/"},{"@type":"ListItem","position":3,"name":"Muc-Off","item":"https:\/\/vmsport.fi\/merkki\/muc-off\/"},{"@type":"ListItem","position":4,"name":"MUC-OFF E-Bike All Weather 250 ml"}]},{"@type":"WebSite","@id":"https:\/\/vmsport.fi\/#website","url":"https:\/\/vmsport.fi\/","name":"Vmsport","description":"Allt p\u00e5 ett st\u00e4lle f\u00f6r cykling","publisher":{"@id":"https:\/\/vmsport.fi\/#organization"},"potentialAction":[{"@type":"SearchAction","target":{"@type":"EntryPoint","urlTemplate":"https:\/\/vmsport.fi\/?s={search_term_string}"},"query-input":{"@type":"PropertyValueSpecification","valueRequired":true,"valueName":"search_term_string"}}],"inLanguage":"sv-SE"},{"@type":"Organization","@id":"https:\/\/vmsport.fi\/#organization","name":"Vmsport","url":"https:\/\/vmsport.fi\/","logo":{"@type":"ImageObject","inLanguage":"sv-SE","@id":"https:\/\/vmsport.fi\/#\/schema\/logo\/image\/","url":"https:\/\/vmsport.fi\/wp-content\/uploads\/2024\/12\/vm_sport_RGB_horisontal-e1734526017575.png","contentUrl":"https:\/\/vmsport.fi\/wp-content\/uploads\/2024\/12\/vm_sport_RGB_horisontal-e1734526017575.png","width":668,"height":85,"caption":"Vmsport"},"image":{"@id":"https:\/\/vmsport.fi\/#\/schema\/logo\/image\/"},"sameAs":["https:\/\/www.facebook.com\/Vmsport.fi\/","https:\/\/www.instagram.com\/vmsport\/"]}]}},"global_unique_id":"","_links":{"self":[{"href":"https:\/\/vmsport.fi\/sv\/wp-json\/wp\/v2\/product\/57115","targetHints":{"allow":["GET"]}}],"collection":[{"href":"https:\/\/vmsport.fi\/sv\/wp-json\/wp\/v2\/product"}],"about":[{"href":"https:\/\/vmsport.fi\/sv\/wp-json\/wp\/v2\/types\/product"}],"replies":[{"embeddable":true,"href":"https:\/\/vmsport.fi\/sv\/wp-json\/wp\/v2\/comments?post=57115"}],"wp:featuredmedia":[{"embeddable":true,"href":"https:\/\/vmsport.fi\/sv\/wp-json\/wp\/v2\/media\/57114"}],"wp:attachment":[{"href":"https:\/\/vmsport.fi\/sv\/wp-json\/wp\/v2\/media?parent=57115"}],"wp:term":[{"taxonomy":"product_brand","embeddable":true,"href":"https:\/\/vmsport.fi\/sv\/wp-json\/wp\/v2\/product_brand?post=57115"},{"taxonomy":"product_model","embeddable":true,"href":"https:\/\/vmsport.fi\/sv\/wp-json\/wp\/v2\/product_model?post=57115"},{"taxonomy":"product_cat","embeddable":true,"href":"https:\/\/vmsport.fi\/sv\/wp-json\/wp\/v2\/product_cat?post=57115"},{"taxonomy":"product_tag","embeddable":true,"href":"https:\/\/vmsport.fi\/sv\/wp-json\/wp\/v2\/product_tag?post=57115"},{"taxonomy":"industry_terminology","embeddable":true,"href":"https:\/\/vmsport.fi\/sv\/wp-json\/wp\/v2\/industry-terminology?post=57115"}],"curies":[{"name":"wp","href":"https:\/\/api.w.org\/{rel}","templated":true}]}}