{"id":57113,"date":"2025-03-06T00:28:59","date_gmt":"2025-03-05T22:28:59","guid":{"rendered":"https:\/\/vmsport.fi\/verkkokauppa\/Ei-luokiteltu\/etuvaihtaja-3x7-8-v-fd-m310-cb\/"},"modified":"2026-04-22T15:02:56","modified_gmt":"2026-04-22T12:02:56","slug":"framre-vaxelspak-3x7-8-v-fd-m310-cb","status":"publish","type":"product","link":"https:\/\/vmsport.fi\/sv\/verkkokauppa\/varaosat\/vaihteistot\/etuvaihtajat\/etuvaihtaja-3x7-8-v-fd-m310-cb\/","title":{"rendered":"Framv\u00e4xel 3\u00d77\/8-v FD-M310 CB"},"content":{"rendered":"<p>FD-M310-framv\u00e4xeln, som \u00e4r utformad f\u00f6r 3\u00d77- och 3\u00d78-v\u00e4xelsystem, \u00e4r en h\u00e5llbar och p\u00e5litlig cykelkomponent. Den h\u00e4r v\u00e4xeln ger exakta och effektiva v\u00e4xlingar, vilket g\u00f6r cyklingen mer njutbar. Den \u00e4r tillverkad av h\u00f6gkvalitativa material, vilket s\u00e4kerst\u00e4ller smidig och exakt drift under alla f\u00f6rh\u00e5llanden. Enkel installation g\u00f6r att framv\u00e4xeln \u00e4r kompatibel med m\u00e5nga cykelmodeller, vilket g\u00f6r den till ett utm\u00e4rkt val f\u00f6r cyklister som v\u00e4rdes\u00e4tter kvalitet, h\u00e5llbarhet och tillf\u00f6rlitlighet.<\/p>","protected":false},"excerpt":{"rendered":"<p>Etuvaihtaja FD-M310, suunniteltu 3&#215;7- ja 3&#215;8-vaihteisille j\u00e4rjestelmille, on kest\u00e4v\u00e4 ja luotettava polkupy\u00f6r\u00e4n osa. T\u00e4m\u00e4 vaihteensiirt\u00e4j\u00e4 varmistaa tarkat ja tehokkaat vaihteenvaihdot, mik\u00e4 tekee py\u00f6r\u00e4ilyst\u00e4 miellytt\u00e4v\u00e4mp\u00e4\u00e4. Se on valmistettu korkealaatuisista materiaaleista, mik\u00e4 takaa sulavan ja t\u00e4sm\u00e4llisen toiminnan kaikenlaisissa olosuhteissa. Helppo asennus tekee etuvaihtajasta yhteensopivan lukuisten py\u00f6r\u00e4mallien kanssa, mik\u00e4 tekee siit\u00e4 erinomaisen valinnan py\u00f6r\u00e4ilij\u00f6ille, jotka arvostavat laatua, kest\u00e4vyytt\u00e4 [&#8230;]<\/p>\n<p><a class=\"btn btn-secondary understrap-read-more-link\" href=\"https:\/\/vmsport.fi\/sv\/verkkokauppa\/varaosat\/vaihteistot\/etuvaihtajat\/etuvaihtaja-3x7-8-v-fd-m310-cb\/\">L\u00e4s mer \u2026<span class=\"screen-reader-text\"> from Etuvaihtaja 3&#215;7\/8-v FD-M310 CB<\/span><\/a><\/p>\n","protected":false},"featured_media":57112,"comment_status":"open","ping_status":"closed","template":"","meta":{"_acf_changed":false,"_improvement_type_select":"improve_an_existing","_thumb_yes_seoaic":false,"_frame_yes_seoaic":false,"seoaic_generate_description":"","seoaic_improve_instructions_prompt":"","seoaic_rollback_content_improvement":"","seoaic_idea_thumbnail_generator":"","thumbnail_generated":false,"thumbnail_generate_prompt":"","seoaic_article_description":"","_supplier_stock_quantity":0},"product_brand":[],"product_model":[],"product_cat":[9438],"product_tag":[],"industry-terminology":[],"class_list":{"0":"post-57113","1":"product","2":"type-product","3":"status-publish","4":"has-post-thumbnail","6":"product_cat-etuvaihtajat","8":"first","9":"outofstock","10":"taxable","11":"shipping-taxable","12":"product-type-simple"},"acf":{"bike_features":null,"overview":{"copy_overview":null,"key_features":null,"statement":"","youtube_url":""}},"yoast_head":"<!-- This site is optimized with the Yoast SEO plugin v27.4 - https:\/\/yoast.com\/product\/yoast-seo-wordpress\/ -->\n<title>Etuvaihtaja 3x7\/8-v FD-M310 CB - VM Sport<\/title>\n<meta name=\"robots\" content=\"index, follow, max-snippet:-1, max-image-preview:large, max-video-preview:-1\" \/>\n<link rel=\"canonical\" href=\"https:\/\/vmsport.fi\/sv\/webbutik\/reservdelar\/vaxellador\/foregangare\/framre-vaxelspak-3x7-8-v-fd-m310-cb\/\" \/>\n<meta property=\"og:locale\" content=\"sv_SE\" \/>\n<meta property=\"og:type\" content=\"article\" \/>\n<meta property=\"og:title\" content=\"Etuvaihtaja 3x7\/8-v FD-M310 CB - VM Sport\" \/>\n<meta property=\"og:description\" content=\"Etuvaihtaja FD-M310, suunniteltu 3&#215;7- ja 3&#215;8-vaihteisille j\u00e4rjestelmille, on kest\u00e4v\u00e4 ja luotettava polkupy\u00f6r\u00e4n osa. T\u00e4m\u00e4 vaihteensiirt\u00e4j\u00e4 varmistaa tarkat ja tehokkaat vaihteenvaihdot, mik\u00e4 tekee py\u00f6r\u00e4ilyst\u00e4 miellytt\u00e4v\u00e4mp\u00e4\u00e4. Se on valmistettu korkealaatuisista materiaaleista, mik\u00e4 takaa sulavan ja t\u00e4sm\u00e4llisen toiminnan kaikenlaisissa olosuhteissa. Helppo asennus tekee etuvaihtajasta yhteensopivan lukuisten py\u00f6r\u00e4mallien kanssa, mik\u00e4 tekee siit\u00e4 erinomaisen valinnan py\u00f6r\u00e4ilij\u00f6ille, jotka arvostavat laatua, kest\u00e4vyytt\u00e4 [...]L\u00e4s mer \u2026 from Etuvaihtaja 3&#215;7\/8-v FD-M310 CB\" \/>\n<meta property=\"og:url\" content=\"https:\/\/vmsport.fi\/sv\/webbutik\/reservdelar\/vaxellador\/foregangare\/framre-vaxelspak-3x7-8-v-fd-m310-cb\/\" \/>\n<meta property=\"og:site_name\" content=\"VM Sport\" \/>\n<meta property=\"article:publisher\" content=\"https:\/\/www.facebook.com\/Vmsport.fi\/\" \/>\n<meta property=\"article:modified_time\" content=\"2026-04-22T12:02:56+00:00\" \/>\n<meta property=\"og:image\" content=\"https:\/\/vmsport.fi\/wp-content\/uploads\/2025\/03\/I7OCj7XEHC8JfZ5EjTMrRcPbEPSk79x5O8pa3SPzpbtGk641mR-1.jpg\" \/>\n\t<meta property=\"og:image:width\" content=\"600\" \/>\n\t<meta property=\"og:image:height\" content=\"600\" \/>\n\t<meta property=\"og:image:type\" content=\"image\/jpeg\" \/>\n<meta name=\"twitter:card\" content=\"summary_large_image\" \/>\n<script type=\"application\/ld+json\" class=\"yoast-schema-graph\">{\"@context\":\"https:\\\/\\\/schema.org\",\"@graph\":[{\"@type\":[\"WebPage\",\"ItemPage\"],\"@id\":\"https:\\\/\\\/vmsport.fi\\\/verkkokauppa\\\/varaosat\\\/vaihteistot\\\/etuvaihtajat\\\/etuvaihtaja-3x7-8-v-fd-m310-cb\\\/\",\"url\":\"https:\\\/\\\/vmsport.fi\\\/verkkokauppa\\\/varaosat\\\/vaihteistot\\\/etuvaihtajat\\\/etuvaihtaja-3x7-8-v-fd-m310-cb\\\/\",\"name\":\"Etuvaihtaja 3x7\\\/8-v FD-M310 CB - VM Sport\",\"isPartOf\":{\"@id\":\"https:\\\/\\\/vmsport.fi\\\/#website\"},\"primaryImageOfPage\":{\"@id\":\"https:\\\/\\\/vmsport.fi\\\/verkkokauppa\\\/varaosat\\\/vaihteistot\\\/etuvaihtajat\\\/etuvaihtaja-3x7-8-v-fd-m310-cb\\\/#primaryimage\"},\"image\":{\"@id\":\"https:\\\/\\\/vmsport.fi\\\/verkkokauppa\\\/varaosat\\\/vaihteistot\\\/etuvaihtajat\\\/etuvaihtaja-3x7-8-v-fd-m310-cb\\\/#primaryimage\"},\"thumbnailUrl\":\"https:\\\/\\\/vmsport.fi\\\/wp-content\\\/uploads\\\/2025\\\/03\\\/I7OCj7XEHC8JfZ5EjTMrRcPbEPSk79x5O8pa3SPzpbtGk641mR-1.jpg\",\"datePublished\":\"2025-03-05T22:28:59+00:00\",\"dateModified\":\"2026-04-22T12:02:56+00:00\",\"breadcrumb\":{\"@id\":\"https:\\\/\\\/vmsport.fi\\\/verkkokauppa\\\/varaosat\\\/vaihteistot\\\/etuvaihtajat\\\/etuvaihtaja-3x7-8-v-fd-m310-cb\\\/#breadcrumb\"},\"inLanguage\":\"sv-SE\",\"potentialAction\":[{\"@type\":\"ReadAction\",\"target\":[\"https:\\\/\\\/vmsport.fi\\\/verkkokauppa\\\/varaosat\\\/vaihteistot\\\/etuvaihtajat\\\/etuvaihtaja-3x7-8-v-fd-m310-cb\\\/\"]}]},{\"@type\":\"ImageObject\",\"inLanguage\":\"sv-SE\",\"@id\":\"https:\\\/\\\/vmsport.fi\\\/verkkokauppa\\\/varaosat\\\/vaihteistot\\\/etuvaihtajat\\\/etuvaihtaja-3x7-8-v-fd-m310-cb\\\/#primaryimage\",\"url\":\"https:\\\/\\\/vmsport.fi\\\/wp-content\\\/uploads\\\/2025\\\/03\\\/I7OCj7XEHC8JfZ5EjTMrRcPbEPSk79x5O8pa3SPzpbtGk641mR-1.jpg\",\"contentUrl\":\"https:\\\/\\\/vmsport.fi\\\/wp-content\\\/uploads\\\/2025\\\/03\\\/I7OCj7XEHC8JfZ5EjTMrRcPbEPSk79x5O8pa3SPzpbtGk641mR-1.jpg\",\"width\":600,\"height\":600,\"caption\":\"I7OCj7XEHC8JfZ5EjTMrRcPbEPSk79x5O8pa3SPzpbtGk641mR\"},{\"@type\":\"BreadcrumbList\",\"@id\":\"https:\\\/\\\/vmsport.fi\\\/verkkokauppa\\\/varaosat\\\/vaihteistot\\\/etuvaihtajat\\\/etuvaihtaja-3x7-8-v-fd-m310-cb\\\/#breadcrumb\",\"itemListElement\":[{\"@type\":\"ListItem\",\"position\":1,\"name\":\"Etusivu\",\"item\":\"https:\\\/\\\/vmsport.fi\\\/\"},{\"@type\":\"ListItem\",\"position\":2,\"name\":\"Online Store\",\"item\":\"https:\\\/\\\/vmsport.fi\\\/en\\\/online-store\\\/\"},{\"@type\":\"ListItem\",\"position\":3,\"name\":\"Etuvaihtaja 3&#215;7\\\/8-v FD-M310 CB\"}]},{\"@type\":\"WebSite\",\"@id\":\"https:\\\/\\\/vmsport.fi\\\/#website\",\"url\":\"https:\\\/\\\/vmsport.fi\\\/\",\"name\":\"Vmsport\",\"description\":\"Kaikki py\u00f6r\u00e4ilyyn yhdest\u00e4 paikasta\",\"publisher\":{\"@id\":\"https:\\\/\\\/vmsport.fi\\\/#organization\"},\"potentialAction\":[{\"@type\":\"SearchAction\",\"target\":{\"@type\":\"EntryPoint\",\"urlTemplate\":\"https:\\\/\\\/vmsport.fi\\\/?s={search_term_string}\"},\"query-input\":{\"@type\":\"PropertyValueSpecification\",\"valueRequired\":true,\"valueName\":\"search_term_string\"}}],\"inLanguage\":\"sv-SE\"},{\"@type\":\"Organization\",\"@id\":\"https:\\\/\\\/vmsport.fi\\\/#organization\",\"name\":\"Vmsport\",\"url\":\"https:\\\/\\\/vmsport.fi\\\/\",\"logo\":{\"@type\":\"ImageObject\",\"inLanguage\":\"sv-SE\",\"@id\":\"https:\\\/\\\/vmsport.fi\\\/#\\\/schema\\\/logo\\\/image\\\/\",\"url\":\"https:\\\/\\\/vmsport.fi\\\/wp-content\\\/uploads\\\/2024\\\/12\\\/vm_sport_RGB_horisontal-e1734526017575.png\",\"contentUrl\":\"https:\\\/\\\/vmsport.fi\\\/wp-content\\\/uploads\\\/2024\\\/12\\\/vm_sport_RGB_horisontal-e1734526017575.png\",\"width\":668,\"height\":85,\"caption\":\"Vmsport\"},\"image\":{\"@id\":\"https:\\\/\\\/vmsport.fi\\\/#\\\/schema\\\/logo\\\/image\\\/\"},\"sameAs\":[\"https:\\\/\\\/www.facebook.com\\\/Vmsport.fi\\\/\",\"https:\\\/\\\/www.instagram.com\\\/vmsport\\\/\"]}]}<\/script>\n<!-- \/ Yoast SEO plugin. -->","yoast_head_json":{"title":"Framv\u00e4xel 3x7\/8-v FD-M310 CB - VM Sport","robots":{"index":"index","follow":"follow","max-snippet":"max-snippet:-1","max-image-preview":"max-image-preview:large","max-video-preview":"max-video-preview:-1"},"canonical":"https:\/\/vmsport.fi\/sv\/webbutik\/reservdelar\/vaxellador\/foregangare\/framre-vaxelspak-3x7-8-v-fd-m310-cb\/","og_locale":"sv_SE","og_type":"article","og_title":"Etuvaihtaja 3x7\/8-v FD-M310 CB - VM Sport","og_description":"Etuvaihtaja FD-M310, suunniteltu 3&#215;7- ja 3&#215;8-vaihteisille j\u00e4rjestelmille, on kest\u00e4v\u00e4 ja luotettava polkupy\u00f6r\u00e4n osa. T\u00e4m\u00e4 vaihteensiirt\u00e4j\u00e4 varmistaa tarkat ja tehokkaat vaihteenvaihdot, mik\u00e4 tekee py\u00f6r\u00e4ilyst\u00e4 miellytt\u00e4v\u00e4mp\u00e4\u00e4. Se on valmistettu korkealaatuisista materiaaleista, mik\u00e4 takaa sulavan ja t\u00e4sm\u00e4llisen toiminnan kaikenlaisissa olosuhteissa. Helppo asennus tekee etuvaihtajasta yhteensopivan lukuisten py\u00f6r\u00e4mallien kanssa, mik\u00e4 tekee siit\u00e4 erinomaisen valinnan py\u00f6r\u00e4ilij\u00f6ille, jotka arvostavat laatua, kest\u00e4vyytt\u00e4 [...]L\u00e4s mer \u2026 from Etuvaihtaja 3&#215;7\/8-v FD-M310 CB","og_url":"https:\/\/vmsport.fi\/sv\/webbutik\/reservdelar\/vaxellador\/foregangare\/framre-vaxelspak-3x7-8-v-fd-m310-cb\/","og_site_name":"VM Sport","article_publisher":"https:\/\/www.facebook.com\/Vmsport.fi\/","article_modified_time":"2026-04-22T12:02:56+00:00","og_image":[{"width":600,"height":600,"url":"https:\/\/vmsport.fi\/wp-content\/uploads\/2025\/03\/I7OCj7XEHC8JfZ5EjTMrRcPbEPSk79x5O8pa3SPzpbtGk641mR-1.jpg","type":"image\/jpeg"}],"twitter_card":"summary_large_image","schema":{"@context":"https:\/\/schema.org","@graph":[{"@type":["WebPage","ItemPage"],"@id":"https:\/\/vmsport.fi\/verkkokauppa\/varaosat\/vaihteistot\/etuvaihtajat\/etuvaihtaja-3x7-8-v-fd-m310-cb\/","url":"https:\/\/vmsport.fi\/verkkokauppa\/varaosat\/vaihteistot\/etuvaihtajat\/etuvaihtaja-3x7-8-v-fd-m310-cb\/","name":"Framv\u00e4xel 3x7\/8-v FD-M310 CB - VM Sport","isPartOf":{"@id":"https:\/\/vmsport.fi\/#website"},"primaryImageOfPage":{"@id":"https:\/\/vmsport.fi\/verkkokauppa\/varaosat\/vaihteistot\/etuvaihtajat\/etuvaihtaja-3x7-8-v-fd-m310-cb\/#primaryimage"},"image":{"@id":"https:\/\/vmsport.fi\/verkkokauppa\/varaosat\/vaihteistot\/etuvaihtajat\/etuvaihtaja-3x7-8-v-fd-m310-cb\/#primaryimage"},"thumbnailUrl":"https:\/\/vmsport.fi\/wp-content\/uploads\/2025\/03\/I7OCj7XEHC8JfZ5EjTMrRcPbEPSk79x5O8pa3SPzpbtGk641mR-1.jpg","datePublished":"2025-03-05T22:28:59+00:00","dateModified":"2026-04-22T12:02:56+00:00","breadcrumb":{"@id":"https:\/\/vmsport.fi\/verkkokauppa\/varaosat\/vaihteistot\/etuvaihtajat\/etuvaihtaja-3x7-8-v-fd-m310-cb\/#breadcrumb"},"inLanguage":"sv-SE","potentialAction":[{"@type":"ReadAction","target":["https:\/\/vmsport.fi\/verkkokauppa\/varaosat\/vaihteistot\/etuvaihtajat\/etuvaihtaja-3x7-8-v-fd-m310-cb\/"]}]},{"@type":"ImageObject","inLanguage":"sv-SE","@id":"https:\/\/vmsport.fi\/verkkokauppa\/varaosat\/vaihteistot\/etuvaihtajat\/etuvaihtaja-3x7-8-v-fd-m310-cb\/#primaryimage","url":"https:\/\/vmsport.fi\/wp-content\/uploads\/2025\/03\/I7OCj7XEHC8JfZ5EjTMrRcPbEPSk79x5O8pa3SPzpbtGk641mR-1.jpg","contentUrl":"https:\/\/vmsport.fi\/wp-content\/uploads\/2025\/03\/I7OCj7XEHC8JfZ5EjTMrRcPbEPSk79x5O8pa3SPzpbtGk641mR-1.jpg","width":600,"height":600,"caption":"I7OCj7XEHC8JfZ5EjTMrRcPbEPSk79x5O8pa3SPzpbtGk641mR"},{"@type":"BreadcrumbList","@id":"https:\/\/vmsport.fi\/verkkokauppa\/varaosat\/vaihteistot\/etuvaihtajat\/etuvaihtaja-3x7-8-v-fd-m310-cb\/#breadcrumb","itemListElement":[{"@type":"ListItem","position":1,"name":"Etusivu","item":"https:\/\/vmsport.fi\/"},{"@type":"ListItem","position":2,"name":"Online Store","item":"https:\/\/vmsport.fi\/en\/online-store\/"},{"@type":"ListItem","position":3,"name":"Etuvaihtaja 3&#215;7\/8-v FD-M310 CB"}]},{"@type":"WebSite","@id":"https:\/\/vmsport.fi\/#website","url":"https:\/\/vmsport.fi\/","name":"Vmsport","description":"Allt p\u00e5 ett st\u00e4lle f\u00f6r cykling","publisher":{"@id":"https:\/\/vmsport.fi\/#organization"},"potentialAction":[{"@type":"SearchAction","target":{"@type":"EntryPoint","urlTemplate":"https:\/\/vmsport.fi\/?s={search_term_string}"},"query-input":{"@type":"PropertyValueSpecification","valueRequired":true,"valueName":"search_term_string"}}],"inLanguage":"sv-SE"},{"@type":"Organization","@id":"https:\/\/vmsport.fi\/#organization","name":"Vmsport","url":"https:\/\/vmsport.fi\/","logo":{"@type":"ImageObject","inLanguage":"sv-SE","@id":"https:\/\/vmsport.fi\/#\/schema\/logo\/image\/","url":"https:\/\/vmsport.fi\/wp-content\/uploads\/2024\/12\/vm_sport_RGB_horisontal-e1734526017575.png","contentUrl":"https:\/\/vmsport.fi\/wp-content\/uploads\/2024\/12\/vm_sport_RGB_horisontal-e1734526017575.png","width":668,"height":85,"caption":"Vmsport"},"image":{"@id":"https:\/\/vmsport.fi\/#\/schema\/logo\/image\/"},"sameAs":["https:\/\/www.facebook.com\/Vmsport.fi\/","https:\/\/www.instagram.com\/vmsport\/"]}]}},"global_unique_id":"","_links":{"self":[{"href":"https:\/\/vmsport.fi\/sv\/wp-json\/wp\/v2\/product\/57113","targetHints":{"allow":["GET"]}}],"collection":[{"href":"https:\/\/vmsport.fi\/sv\/wp-json\/wp\/v2\/product"}],"about":[{"href":"https:\/\/vmsport.fi\/sv\/wp-json\/wp\/v2\/types\/product"}],"replies":[{"embeddable":true,"href":"https:\/\/vmsport.fi\/sv\/wp-json\/wp\/v2\/comments?post=57113"}],"wp:featuredmedia":[{"embeddable":true,"href":"https:\/\/vmsport.fi\/sv\/wp-json\/wp\/v2\/media\/57112"}],"wp:attachment":[{"href":"https:\/\/vmsport.fi\/sv\/wp-json\/wp\/v2\/media?parent=57113"}],"wp:term":[{"taxonomy":"product_brand","embeddable":true,"href":"https:\/\/vmsport.fi\/sv\/wp-json\/wp\/v2\/product_brand?post=57113"},{"taxonomy":"product_model","embeddable":true,"href":"https:\/\/vmsport.fi\/sv\/wp-json\/wp\/v2\/product_model?post=57113"},{"taxonomy":"product_cat","embeddable":true,"href":"https:\/\/vmsport.fi\/sv\/wp-json\/wp\/v2\/product_cat?post=57113"},{"taxonomy":"product_tag","embeddable":true,"href":"https:\/\/vmsport.fi\/sv\/wp-json\/wp\/v2\/product_tag?post=57113"},{"taxonomy":"industry_terminology","embeddable":true,"href":"https:\/\/vmsport.fi\/sv\/wp-json\/wp\/v2\/industry-terminology?post=57113"}],"curies":[{"name":"wp","href":"https:\/\/api.w.org\/{rel}","templated":true}]}}