{"id":57070,"date":"2025-03-06T00:27:39","date_gmt":"2025-03-05T22:27:39","guid":{"rendered":"https:\/\/vmsport.fi\/verkkokauppa\/Ei-luokiteltu\/shimano-ajolasit-ce-tcnl2-technium-l-ridescape-gravel-pronssikulta\/"},"modified":"2026-01-16T13:26:08","modified_gmt":"2026-01-16T11:26:08","slug":"shimano-ajolasit-ce-tcnl2-technium-l-ridescape-grus-brons-guld","status":"publish","type":"product","link":"https:\/\/vmsport.fi\/sv\/verkkokauppa\/ajovarusteet\/ajolasit\/shimano-ajolasit-ce-tcnl2-technium-l-ridescape-gravel-pronssikulta\/","title":{"rendered":"SHIMANO CE-TCNL2 TECHNIUM L Ridescape Gravel brons guld solglas\u00f6gon"},"content":{"rendered":"<p>Tack vare sitt UV-skydd skyddar SHIMANO CE-TCNL2 TECHNIUM L Ridescape Gravel Bronze Gold solglas\u00f6gonen effektivt dina \u00f6gon fr\u00e5n solens skadliga str\u00e5lar, vilket g\u00f6r dem idealiska f\u00f6r l\u00e5nga cykelturer. Den l\u00e4tta ramen g\u00f6r dem bekv\u00e4ma att b\u00e4ra hela dagen, medan den f\u00f6rl\u00e4ngda linsen i ett stycke f\u00f6rb\u00e4ttrar ditt synf\u00e4lt. Linsen \u00e4r specialanpassad f\u00f6r att framh\u00e4va detaljer som \u00e4r specifika f\u00f6r olika milj\u00f6er, och dess fotokromiska funktion anpassar sig till f\u00f6r\u00e4ndringar i ljusf\u00f6rh\u00e5llandena och ger en klar sikt.<\/p>\n<p>Skyddsglas\u00f6gonens h\u00e5llbarhet f\u00f6rb\u00e4ttras av en repskyddande bel\u00e4ggning, medan den hydrofoba bel\u00e4ggningen st\u00f6ter bort vatten och svett och bibeh\u00e5ller synligheten i intensiva situationer. Ventilations\u00f6ppningar minskar imma och ger klar sikt. Mjuka, b\u00f6jda skalmar anpassar sig perfekt till huvudets form f\u00f6r \u00f6kad komfort, och ett justerbart n\u00e4sst\u00f6d ger optimal passform. Dessa k\u00f6rglas\u00f6gon \u00e4r kompatibla med moderna hj\u00e4lmar och \u00e4r praktiska och snygga i en m\u00e4ngd olika cykelf\u00f6rh\u00e5llanden.<\/p>","protected":false},"excerpt":{"rendered":"<p>UV-suojauksen ansiosta SHIMANO Ajolasit CE-TCNL2 TECHNIUM L Ridescape Gravel Pronssikulta suojaavat tehokkaasti silmi\u00e4si auringon haitallisilta s\u00e4teilt\u00e4, mik\u00e4 tekee niist\u00e4 ihanteelliset pitkille py\u00f6r\u00e4ilyretkille. Kevyen kehyksen ansiosta ne ovat mukavat koko p\u00e4iv\u00e4n k\u00e4yt\u00f6ss\u00e4, ja laajennettu yksiosainen linssi parantaa n\u00e4k\u00f6kentt\u00e4\u00e4. Linssi on erikoiss\u00e4\u00e4detty korostamaan eri ymp\u00e4rist\u00f6ille ominaisia yksityiskohtia, ja sen fotokromaattinen ominaisuus mukautuu valaistusolosuhteiden muutoksiin, tarjoten selke\u00e4n n\u00e4kym\u00e4n. [&#8230;]<\/p>\n<p><a class=\"btn btn-secondary understrap-read-more-link\" href=\"https:\/\/vmsport.fi\/sv\/verkkokauppa\/ajovarusteet\/ajolasit\/shimano-ajolasit-ce-tcnl2-technium-l-ridescape-gravel-pronssikulta\/\">L\u00e4s mer \u2026<span class=\"screen-reader-text\"> from SHIMANO Ajolasit CE-TCNL2 TECHNIUM L Ridescape Gravel Pronssikulta<\/span><\/a><\/p>\n","protected":false},"featured_media":57069,"comment_status":"open","ping_status":"closed","template":"","meta":{"_acf_changed":false,"_improvement_type_select":"improve_an_existing","_thumb_yes_seoaic":false,"_frame_yes_seoaic":false,"seoaic_generate_description":"","seoaic_improve_instructions_prompt":"","seoaic_rollback_content_improvement":"","seoaic_idea_thumbnail_generator":"","thumbnail_generated":false,"thumbnail_generate_prompt":"","seoaic_article_description":"","_supplier_stock_quantity":0},"product_brand":[],"product_model":[],"product_cat":[9280],"product_tag":[],"industry-terminology":[],"class_list":{"0":"post-57070","1":"product","2":"type-product","3":"status-publish","4":"has-post-thumbnail","6":"product_cat-ajolasit","8":"first","9":"outofstock","10":"taxable","11":"shipping-taxable","12":"product-type-simple"},"acf":{"bike_features":null,"overview":{"copy_overview":null,"key_features":null,"statement":"","youtube_url":""}},"yoast_head":"<!-- This site is optimized with the Yoast SEO plugin v27.3 - https:\/\/yoast.com\/product\/yoast-seo-wordpress\/ -->\n<title>SHIMANO Ajolasit CE-TCNL2 TECHNIUM L Ridescape Gravel Pronssikulta - VM Sport<\/title>\n<meta name=\"robots\" content=\"index, follow, max-snippet:-1, max-image-preview:large, max-video-preview:-1\" \/>\n<link rel=\"canonical\" href=\"https:\/\/vmsport.fi\/sv\/webbutik\/korutrustning\/drivande-glasogon\/shimano-ajolasit-ce-tcnl2-technium-l-ridescape-grus-brons-guld\/\" \/>\n<meta property=\"og:locale\" content=\"sv_SE\" \/>\n<meta property=\"og:type\" content=\"article\" \/>\n<meta property=\"og:title\" content=\"SHIMANO Ajolasit CE-TCNL2 TECHNIUM L Ridescape Gravel Pronssikulta - VM Sport\" \/>\n<meta property=\"og:description\" content=\"UV-suojauksen ansiosta SHIMANO Ajolasit CE-TCNL2 TECHNIUM L Ridescape Gravel Pronssikulta suojaavat tehokkaasti silmi\u00e4si auringon haitallisilta s\u00e4teilt\u00e4, mik\u00e4 tekee niist\u00e4 ihanteelliset pitkille py\u00f6r\u00e4ilyretkille. Kevyen kehyksen ansiosta ne ovat mukavat koko p\u00e4iv\u00e4n k\u00e4yt\u00f6ss\u00e4, ja laajennettu yksiosainen linssi parantaa n\u00e4k\u00f6kentt\u00e4\u00e4. Linssi on erikoiss\u00e4\u00e4detty korostamaan eri ymp\u00e4rist\u00f6ille ominaisia yksityiskohtia, ja sen fotokromaattinen ominaisuus mukautuu valaistusolosuhteiden muutoksiin, tarjoten selke\u00e4n n\u00e4kym\u00e4n. [...]L\u00e4s mer \u2026 from SHIMANO Ajolasit CE-TCNL2 TECHNIUM L Ridescape Gravel Pronssikulta\" \/>\n<meta property=\"og:url\" content=\"https:\/\/vmsport.fi\/sv\/webbutik\/korutrustning\/drivande-glasogon\/shimano-ajolasit-ce-tcnl2-technium-l-ridescape-grus-brons-guld\/\" \/>\n<meta property=\"og:site_name\" content=\"VM Sport\" \/>\n<meta property=\"article:publisher\" content=\"https:\/\/www.facebook.com\/Vmsport.fi\/\" \/>\n<meta property=\"article:modified_time\" content=\"2026-01-16T11:26:08+00:00\" \/>\n<meta property=\"og:image\" content=\"https:\/\/vmsport.fi\/wp-content\/uploads\/2025\/03\/CE-TCNL2-GR-shic358-primary-1-jpg-thumb-572-572-1.png\" \/>\n\t<meta property=\"og:image:width\" content=\"572\" \/>\n\t<meta property=\"og:image:height\" content=\"572\" \/>\n\t<meta property=\"og:image:type\" content=\"image\/png\" \/>\n<meta name=\"twitter:card\" content=\"summary_large_image\" \/>\n<meta name=\"twitter:label1\" content=\"Ber\u00e4knad l\u00e4stid\" \/>\n\t<meta name=\"twitter:data1\" content=\"1 minut\" \/>\n<script type=\"application\/ld+json\" class=\"yoast-schema-graph\">{\"@context\":\"https:\\\/\\\/schema.org\",\"@graph\":[{\"@type\":[\"WebPage\",\"ItemPage\"],\"@id\":\"https:\\\/\\\/vmsport.fi\\\/verkkokauppa\\\/ajovarusteet\\\/ajolasit\\\/shimano-ajolasit-ce-tcnl2-technium-l-ridescape-gravel-pronssikulta\\\/\",\"url\":\"https:\\\/\\\/vmsport.fi\\\/verkkokauppa\\\/ajovarusteet\\\/ajolasit\\\/shimano-ajolasit-ce-tcnl2-technium-l-ridescape-gravel-pronssikulta\\\/\",\"name\":\"SHIMANO Ajolasit CE-TCNL2 TECHNIUM L Ridescape Gravel Pronssikulta - VM Sport\",\"isPartOf\":{\"@id\":\"https:\\\/\\\/vmsport.fi\\\/#website\"},\"primaryImageOfPage\":{\"@id\":\"https:\\\/\\\/vmsport.fi\\\/verkkokauppa\\\/ajovarusteet\\\/ajolasit\\\/shimano-ajolasit-ce-tcnl2-technium-l-ridescape-gravel-pronssikulta\\\/#primaryimage\"},\"image\":{\"@id\":\"https:\\\/\\\/vmsport.fi\\\/verkkokauppa\\\/ajovarusteet\\\/ajolasit\\\/shimano-ajolasit-ce-tcnl2-technium-l-ridescape-gravel-pronssikulta\\\/#primaryimage\"},\"thumbnailUrl\":\"https:\\\/\\\/vmsport.fi\\\/wp-content\\\/uploads\\\/2025\\\/03\\\/CE-TCNL2-GR-shic358-primary-1-jpg-thumb-572-572-1.png\",\"datePublished\":\"2025-03-05T22:27:39+00:00\",\"dateModified\":\"2026-01-16T11:26:08+00:00\",\"breadcrumb\":{\"@id\":\"https:\\\/\\\/vmsport.fi\\\/verkkokauppa\\\/ajovarusteet\\\/ajolasit\\\/shimano-ajolasit-ce-tcnl2-technium-l-ridescape-gravel-pronssikulta\\\/#breadcrumb\"},\"inLanguage\":\"sv-SE\",\"potentialAction\":[{\"@type\":\"ReadAction\",\"target\":[\"https:\\\/\\\/vmsport.fi\\\/verkkokauppa\\\/ajovarusteet\\\/ajolasit\\\/shimano-ajolasit-ce-tcnl2-technium-l-ridescape-gravel-pronssikulta\\\/\"]}]},{\"@type\":\"ImageObject\",\"inLanguage\":\"sv-SE\",\"@id\":\"https:\\\/\\\/vmsport.fi\\\/verkkokauppa\\\/ajovarusteet\\\/ajolasit\\\/shimano-ajolasit-ce-tcnl2-technium-l-ridescape-gravel-pronssikulta\\\/#primaryimage\",\"url\":\"https:\\\/\\\/vmsport.fi\\\/wp-content\\\/uploads\\\/2025\\\/03\\\/CE-TCNL2-GR-shic358-primary-1-jpg-thumb-572-572-1.png\",\"contentUrl\":\"https:\\\/\\\/vmsport.fi\\\/wp-content\\\/uploads\\\/2025\\\/03\\\/CE-TCNL2-GR-shic358-primary-1-jpg-thumb-572-572-1.png\",\"width\":572,\"height\":572,\"caption\":\"CE-TCNL2-GR-shic358-primary-1-jpg-thumb-572-572\"},{\"@type\":\"BreadcrumbList\",\"@id\":\"https:\\\/\\\/vmsport.fi\\\/verkkokauppa\\\/ajovarusteet\\\/ajolasit\\\/shimano-ajolasit-ce-tcnl2-technium-l-ridescape-gravel-pronssikulta\\\/#breadcrumb\",\"itemListElement\":[{\"@type\":\"ListItem\",\"position\":1,\"name\":\"Etusivu\",\"item\":\"https:\\\/\\\/vmsport.fi\\\/\"},{\"@type\":\"ListItem\",\"position\":2,\"name\":\"Online Store\",\"item\":\"https:\\\/\\\/vmsport.fi\\\/en\\\/online-store\\\/\"},{\"@type\":\"ListItem\",\"position\":3,\"name\":\"SHIMANO Ajolasit CE-TCNL2 TECHNIUM L Ridescape Gravel Pronssikulta\"}]},{\"@type\":\"WebSite\",\"@id\":\"https:\\\/\\\/vmsport.fi\\\/#website\",\"url\":\"https:\\\/\\\/vmsport.fi\\\/\",\"name\":\"Vmsport\",\"description\":\"Kaikki py\u00f6r\u00e4ilyyn yhdest\u00e4 paikasta\",\"publisher\":{\"@id\":\"https:\\\/\\\/vmsport.fi\\\/#organization\"},\"potentialAction\":[{\"@type\":\"SearchAction\",\"target\":{\"@type\":\"EntryPoint\",\"urlTemplate\":\"https:\\\/\\\/vmsport.fi\\\/?s={search_term_string}\"},\"query-input\":{\"@type\":\"PropertyValueSpecification\",\"valueRequired\":true,\"valueName\":\"search_term_string\"}}],\"inLanguage\":\"sv-SE\"},{\"@type\":\"Organization\",\"@id\":\"https:\\\/\\\/vmsport.fi\\\/#organization\",\"name\":\"Vmsport\",\"url\":\"https:\\\/\\\/vmsport.fi\\\/\",\"logo\":{\"@type\":\"ImageObject\",\"inLanguage\":\"sv-SE\",\"@id\":\"https:\\\/\\\/vmsport.fi\\\/#\\\/schema\\\/logo\\\/image\\\/\",\"url\":\"https:\\\/\\\/vmsport.fi\\\/wp-content\\\/uploads\\\/2024\\\/12\\\/vm_sport_RGB_horisontal-e1734526017575.png\",\"contentUrl\":\"https:\\\/\\\/vmsport.fi\\\/wp-content\\\/uploads\\\/2024\\\/12\\\/vm_sport_RGB_horisontal-e1734526017575.png\",\"width\":668,\"height\":85,\"caption\":\"Vmsport\"},\"image\":{\"@id\":\"https:\\\/\\\/vmsport.fi\\\/#\\\/schema\\\/logo\\\/image\\\/\"},\"sameAs\":[\"https:\\\/\\\/www.facebook.com\\\/Vmsport.fi\\\/\",\"https:\\\/\\\/www.instagram.com\\\/vmsport\\\/\"]}]}<\/script>\n<!-- \/ Yoast SEO plugin. -->","yoast_head_json":{"title":"SHIMANO CE-TCNL2 TECHNIUM L Ridescape grus brons guld - VM Sport","robots":{"index":"index","follow":"follow","max-snippet":"max-snippet:-1","max-image-preview":"max-image-preview:large","max-video-preview":"max-video-preview:-1"},"canonical":"https:\/\/vmsport.fi\/sv\/webbutik\/korutrustning\/drivande-glasogon\/shimano-ajolasit-ce-tcnl2-technium-l-ridescape-grus-brons-guld\/","og_locale":"sv_SE","og_type":"article","og_title":"SHIMANO Ajolasit CE-TCNL2 TECHNIUM L Ridescape Gravel Pronssikulta - VM Sport","og_description":"UV-suojauksen ansiosta SHIMANO Ajolasit CE-TCNL2 TECHNIUM L Ridescape Gravel Pronssikulta suojaavat tehokkaasti silmi\u00e4si auringon haitallisilta s\u00e4teilt\u00e4, mik\u00e4 tekee niist\u00e4 ihanteelliset pitkille py\u00f6r\u00e4ilyretkille. Kevyen kehyksen ansiosta ne ovat mukavat koko p\u00e4iv\u00e4n k\u00e4yt\u00f6ss\u00e4, ja laajennettu yksiosainen linssi parantaa n\u00e4k\u00f6kentt\u00e4\u00e4. Linssi on erikoiss\u00e4\u00e4detty korostamaan eri ymp\u00e4rist\u00f6ille ominaisia yksityiskohtia, ja sen fotokromaattinen ominaisuus mukautuu valaistusolosuhteiden muutoksiin, tarjoten selke\u00e4n n\u00e4kym\u00e4n. [...]L\u00e4s mer \u2026 from SHIMANO Ajolasit CE-TCNL2 TECHNIUM L Ridescape Gravel Pronssikulta","og_url":"https:\/\/vmsport.fi\/sv\/webbutik\/korutrustning\/drivande-glasogon\/shimano-ajolasit-ce-tcnl2-technium-l-ridescape-grus-brons-guld\/","og_site_name":"VM Sport","article_publisher":"https:\/\/www.facebook.com\/Vmsport.fi\/","article_modified_time":"2026-01-16T11:26:08+00:00","og_image":[{"width":572,"height":572,"url":"https:\/\/vmsport.fi\/wp-content\/uploads\/2025\/03\/CE-TCNL2-GR-shic358-primary-1-jpg-thumb-572-572-1.png","type":"image\/png"}],"twitter_card":"summary_large_image","twitter_misc":{"Ber\u00e4knad l\u00e4stid":"1 minut"},"schema":{"@context":"https:\/\/schema.org","@graph":[{"@type":["WebPage","ItemPage"],"@id":"https:\/\/vmsport.fi\/verkkokauppa\/ajovarusteet\/ajolasit\/shimano-ajolasit-ce-tcnl2-technium-l-ridescape-gravel-pronssikulta\/","url":"https:\/\/vmsport.fi\/verkkokauppa\/ajovarusteet\/ajolasit\/shimano-ajolasit-ce-tcnl2-technium-l-ridescape-gravel-pronssikulta\/","name":"SHIMANO CE-TCNL2 TECHNIUM L Ridescape grus brons guld - VM Sport","isPartOf":{"@id":"https:\/\/vmsport.fi\/#website"},"primaryImageOfPage":{"@id":"https:\/\/vmsport.fi\/verkkokauppa\/ajovarusteet\/ajolasit\/shimano-ajolasit-ce-tcnl2-technium-l-ridescape-gravel-pronssikulta\/#primaryimage"},"image":{"@id":"https:\/\/vmsport.fi\/verkkokauppa\/ajovarusteet\/ajolasit\/shimano-ajolasit-ce-tcnl2-technium-l-ridescape-gravel-pronssikulta\/#primaryimage"},"thumbnailUrl":"https:\/\/vmsport.fi\/wp-content\/uploads\/2025\/03\/CE-TCNL2-GR-shic358-primary-1-jpg-thumb-572-572-1.png","datePublished":"2025-03-05T22:27:39+00:00","dateModified":"2026-01-16T11:26:08+00:00","breadcrumb":{"@id":"https:\/\/vmsport.fi\/verkkokauppa\/ajovarusteet\/ajolasit\/shimano-ajolasit-ce-tcnl2-technium-l-ridescape-gravel-pronssikulta\/#breadcrumb"},"inLanguage":"sv-SE","potentialAction":[{"@type":"ReadAction","target":["https:\/\/vmsport.fi\/verkkokauppa\/ajovarusteet\/ajolasit\/shimano-ajolasit-ce-tcnl2-technium-l-ridescape-gravel-pronssikulta\/"]}]},{"@type":"ImageObject","inLanguage":"sv-SE","@id":"https:\/\/vmsport.fi\/verkkokauppa\/ajovarusteet\/ajolasit\/shimano-ajolasit-ce-tcnl2-technium-l-ridescape-gravel-pronssikulta\/#primaryimage","url":"https:\/\/vmsport.fi\/wp-content\/uploads\/2025\/03\/CE-TCNL2-GR-shic358-primary-1-jpg-thumb-572-572-1.png","contentUrl":"https:\/\/vmsport.fi\/wp-content\/uploads\/2025\/03\/CE-TCNL2-GR-shic358-primary-1-jpg-thumb-572-572-1.png","width":572,"height":572,"caption":"CE-TCNL2-GR-shic358-primary-1-jpg-thumb-572-572"},{"@type":"BreadcrumbList","@id":"https:\/\/vmsport.fi\/verkkokauppa\/ajovarusteet\/ajolasit\/shimano-ajolasit-ce-tcnl2-technium-l-ridescape-gravel-pronssikulta\/#breadcrumb","itemListElement":[{"@type":"ListItem","position":1,"name":"Etusivu","item":"https:\/\/vmsport.fi\/"},{"@type":"ListItem","position":2,"name":"Online Store","item":"https:\/\/vmsport.fi\/en\/online-store\/"},{"@type":"ListItem","position":3,"name":"SHIMANO Ajolasit CE-TCNL2 TECHNIUM L Ridescape Gravel Pronssikulta"}]},{"@type":"WebSite","@id":"https:\/\/vmsport.fi\/#website","url":"https:\/\/vmsport.fi\/","name":"Vmsport","description":"Allt p\u00e5 ett st\u00e4lle f\u00f6r cykling","publisher":{"@id":"https:\/\/vmsport.fi\/#organization"},"potentialAction":[{"@type":"SearchAction","target":{"@type":"EntryPoint","urlTemplate":"https:\/\/vmsport.fi\/?s={search_term_string}"},"query-input":{"@type":"PropertyValueSpecification","valueRequired":true,"valueName":"search_term_string"}}],"inLanguage":"sv-SE"},{"@type":"Organization","@id":"https:\/\/vmsport.fi\/#organization","name":"Vmsport","url":"https:\/\/vmsport.fi\/","logo":{"@type":"ImageObject","inLanguage":"sv-SE","@id":"https:\/\/vmsport.fi\/#\/schema\/logo\/image\/","url":"https:\/\/vmsport.fi\/wp-content\/uploads\/2024\/12\/vm_sport_RGB_horisontal-e1734526017575.png","contentUrl":"https:\/\/vmsport.fi\/wp-content\/uploads\/2024\/12\/vm_sport_RGB_horisontal-e1734526017575.png","width":668,"height":85,"caption":"Vmsport"},"image":{"@id":"https:\/\/vmsport.fi\/#\/schema\/logo\/image\/"},"sameAs":["https:\/\/www.facebook.com\/Vmsport.fi\/","https:\/\/www.instagram.com\/vmsport\/"]}]}},"global_unique_id":"","_links":{"self":[{"href":"https:\/\/vmsport.fi\/sv\/wp-json\/wp\/v2\/product\/57070","targetHints":{"allow":["GET"]}}],"collection":[{"href":"https:\/\/vmsport.fi\/sv\/wp-json\/wp\/v2\/product"}],"about":[{"href":"https:\/\/vmsport.fi\/sv\/wp-json\/wp\/v2\/types\/product"}],"replies":[{"embeddable":true,"href":"https:\/\/vmsport.fi\/sv\/wp-json\/wp\/v2\/comments?post=57070"}],"wp:featuredmedia":[{"embeddable":true,"href":"https:\/\/vmsport.fi\/sv\/wp-json\/wp\/v2\/media\/57069"}],"wp:attachment":[{"href":"https:\/\/vmsport.fi\/sv\/wp-json\/wp\/v2\/media?parent=57070"}],"wp:term":[{"taxonomy":"product_brand","embeddable":true,"href":"https:\/\/vmsport.fi\/sv\/wp-json\/wp\/v2\/product_brand?post=57070"},{"taxonomy":"product_model","embeddable":true,"href":"https:\/\/vmsport.fi\/sv\/wp-json\/wp\/v2\/product_model?post=57070"},{"taxonomy":"product_cat","embeddable":true,"href":"https:\/\/vmsport.fi\/sv\/wp-json\/wp\/v2\/product_cat?post=57070"},{"taxonomy":"product_tag","embeddable":true,"href":"https:\/\/vmsport.fi\/sv\/wp-json\/wp\/v2\/product_tag?post=57070"},{"taxonomy":"industry_terminology","embeddable":true,"href":"https:\/\/vmsport.fi\/sv\/wp-json\/wp\/v2\/industry-terminology?post=57070"}],"curies":[{"name":"wp","href":"https:\/\/api.w.org\/{rel}","templated":true}]}}