{"id":57068,"date":"2025-03-06T00:27:39","date_gmt":"2025-03-05T22:27:39","guid":{"rendered":"https:\/\/vmsport.fi\/verkkokauppa\/Ei-luokiteltu\/takavaihtaja-12-v-sgs-rd-m8100-deore-xt-single-front\/"},"modified":"2026-03-19T02:00:20","modified_gmt":"2026-03-19T00:00:20","slug":"bakvaxel-12-v-sgs-rd-m8100-deore-xt-singel-fram","status":"publish","type":"product","link":"https:\/\/vmsport.fi\/sv\/verkkokauppa\/varaosat\/vaihteistot\/takavaihtajat\/takavaihtaja-12-v-sgs-rd-m8100-deore-xt-single-front\/","title":{"rendered":"Bakv\u00e4xel 12-v SGS RD-M8100 Deore XT enkel fram"},"content":{"rendered":"<p>12-v SGS RD-M8100 Deore XT-bakv\u00e4xel \u00e4r s\u00e4rskilt utformad f\u00f6r mountainbike och ger snabba och exakta v\u00e4xlingar. Tack vare Shadow Plus-tekniken minskar dess l\u00e5gprofildesign och optimerade kantvinkel kedjans vobblande p\u00e5 oj\u00e4mna underlag f\u00f6r en smidig och tyst k\u00f6rning. Breda l\u00e4nkar av kallsmidd aluminium och robusta fogar ger utm\u00e4rkt h\u00e5llbarhet. <\/p>\n<p>13-tandade hjul med t\u00e4tade lager och fyra fluorbelagda sv\u00e4ngbussningar ger b\u00e4ttre f\u00f6ljsamhet och l\u00e4ngre livsl\u00e4ngd. Det st\u00f6rsta bakre kedjehjulet med 51 t\u00e4nder och en kapacitet p\u00e5 41 t\u00e4nder g\u00f6r den l\u00e4mplig f\u00f6r en m\u00e4ngd olika 1x 12-v\u00e4xlade konfigurationer. Direkt kabelgenomf\u00f6ring minskar risken f\u00f6r trassel i terr\u00e4ngen. En genomsnittlig vikt p\u00e5 284 gram g\u00f6r den h\u00e4r bakv\u00e4xeln till en l\u00e4tt men h\u00e5llbar partner f\u00f6r kr\u00e4vande cykelturer.<\/p>","protected":false},"excerpt":{"rendered":"<p>Takavaihtaja 12-v SGS RD-M8100 Deore XT on suunniteltu erityisesti maastopy\u00f6r\u00e4ilyyn, tarjoten nopeat ja tarkat vaihteenvaihdot. Shadow Plus -teknologian ansiosta sen matalaprofiilinen muotoilu ja optimoitu kallistuskulma v\u00e4hent\u00e4v\u00e4t ketjun heilumista ep\u00e4tasaisilla alustoilla, jolloin ajo on sujuvaa ja hiljaista. Kylm\u00e4taotusta alumiinista valmistetut leve\u00e4t linkit ja tukevat nivelet takaavat erinomaisen kest\u00e4vyyden. 13-hampaiset suljetut laakeripy\u00f6r\u00e4t ja nelj\u00e4 fluoripinnoitettua nivelholkkia parantavat [&#8230;]<\/p>\n<p><a class=\"btn btn-secondary understrap-read-more-link\" href=\"https:\/\/vmsport.fi\/sv\/verkkokauppa\/varaosat\/vaihteistot\/takavaihtajat\/takavaihtaja-12-v-sgs-rd-m8100-deore-xt-single-front\/\">L\u00e4s mer \u2026<span class=\"screen-reader-text\"> from Takavaihtaja 12-v SGS RD-M8100 Deore XT single front<\/span><\/a><\/p>\n","protected":false},"featured_media":57067,"comment_status":"open","ping_status":"closed","template":"","meta":{"_acf_changed":false,"_improvement_type_select":"improve_an_existing","_thumb_yes_seoaic":false,"_frame_yes_seoaic":false,"seoaic_generate_description":"","seoaic_improve_instructions_prompt":"","seoaic_rollback_content_improvement":"","seoaic_idea_thumbnail_generator":"","thumbnail_generated":false,"thumbnail_generate_prompt":"","seoaic_article_description":"","_supplier_stock_quantity":0},"product_brand":[],"product_model":[],"product_cat":[9390],"product_tag":[],"industry-terminology":[],"class_list":{"0":"post-57068","1":"product","2":"type-product","3":"status-publish","4":"has-post-thumbnail","6":"product_cat-takavaihtajat","8":"first","9":"instock","10":"taxable","11":"shipping-taxable","12":"purchasable","13":"product-type-simple"},"acf":{"bike_features":null,"overview":{"copy_overview":null,"key_features":null,"statement":"","youtube_url":""}},"yoast_head":"<!-- This site is optimized with the Yoast SEO plugin v27.3 - https:\/\/yoast.com\/product\/yoast-seo-wordpress\/ -->\n<title>Takavaihtaja 12-v SGS RD-M8100 Deore XT single front - VM Sport<\/title>\n<meta name=\"robots\" content=\"index, follow, max-snippet:-1, max-image-preview:large, max-video-preview:-1\" \/>\n<link rel=\"canonical\" href=\"https:\/\/vmsport.fi\/sv\/webbutik\/reservdelar\/vaxellador\/bakre-vaxlar\/bakvaxel-12-v-sgs-rd-m8100-deore-xt-singel-fram\/\" \/>\n<meta property=\"og:locale\" content=\"sv_SE\" \/>\n<meta property=\"og:type\" content=\"article\" \/>\n<meta property=\"og:title\" content=\"Takavaihtaja 12-v SGS RD-M8100 Deore XT single front - VM Sport\" \/>\n<meta property=\"og:description\" content=\"Takavaihtaja 12-v SGS RD-M8100 Deore XT on suunniteltu erityisesti maastopy\u00f6r\u00e4ilyyn, tarjoten nopeat ja tarkat vaihteenvaihdot. Shadow Plus -teknologian ansiosta sen matalaprofiilinen muotoilu ja optimoitu kallistuskulma v\u00e4hent\u00e4v\u00e4t ketjun heilumista ep\u00e4tasaisilla alustoilla, jolloin ajo on sujuvaa ja hiljaista. Kylm\u00e4taotusta alumiinista valmistetut leve\u00e4t linkit ja tukevat nivelet takaavat erinomaisen kest\u00e4vyyden. 13-hampaiset suljetut laakeripy\u00f6r\u00e4t ja nelj\u00e4 fluoripinnoitettua nivelholkkia parantavat [...]L\u00e4s mer \u2026 from Takavaihtaja 12-v SGS RD-M8100 Deore XT single front\" \/>\n<meta property=\"og:url\" content=\"https:\/\/vmsport.fi\/sv\/webbutik\/reservdelar\/vaxellador\/bakre-vaxlar\/bakvaxel-12-v-sgs-rd-m8100-deore-xt-singel-fram\/\" \/>\n<meta property=\"og:site_name\" content=\"VM Sport\" \/>\n<meta property=\"article:publisher\" content=\"https:\/\/www.facebook.com\/Vmsport.fi\/\" \/>\n<meta property=\"article:modified_time\" content=\"2026-03-19T00:00:20+00:00\" \/>\n<meta property=\"og:image\" content=\"https:\/\/vmsport.fi\/wp-content\/uploads\/2025\/03\/lBY7SJmoF7cix3NFxJropuXULdenQP9tLHLU5s2hZ7x9HqIwvU-1.jpg\" \/>\n\t<meta property=\"og:image:width\" content=\"600\" \/>\n\t<meta property=\"og:image:height\" content=\"600\" \/>\n\t<meta property=\"og:image:type\" content=\"image\/jpeg\" \/>\n<meta name=\"twitter:card\" content=\"summary_large_image\" \/>\n<meta name=\"twitter:label1\" content=\"Ber\u00e4knad l\u00e4stid\" \/>\n\t<meta name=\"twitter:data1\" content=\"1 minut\" \/>\n<script type=\"application\/ld+json\" class=\"yoast-schema-graph\">{\"@context\":\"https:\\\/\\\/schema.org\",\"@graph\":[{\"@type\":[\"WebPage\",\"ItemPage\"],\"@id\":\"https:\\\/\\\/vmsport.fi\\\/verkkokauppa\\\/varaosat\\\/vaihteistot\\\/takavaihtajat\\\/takavaihtaja-12-v-sgs-rd-m8100-deore-xt-single-front\\\/\",\"url\":\"https:\\\/\\\/vmsport.fi\\\/verkkokauppa\\\/varaosat\\\/vaihteistot\\\/takavaihtajat\\\/takavaihtaja-12-v-sgs-rd-m8100-deore-xt-single-front\\\/\",\"name\":\"Takavaihtaja 12-v SGS RD-M8100 Deore XT single front - VM Sport\",\"isPartOf\":{\"@id\":\"https:\\\/\\\/vmsport.fi\\\/#website\"},\"primaryImageOfPage\":{\"@id\":\"https:\\\/\\\/vmsport.fi\\\/verkkokauppa\\\/varaosat\\\/vaihteistot\\\/takavaihtajat\\\/takavaihtaja-12-v-sgs-rd-m8100-deore-xt-single-front\\\/#primaryimage\"},\"image\":{\"@id\":\"https:\\\/\\\/vmsport.fi\\\/verkkokauppa\\\/varaosat\\\/vaihteistot\\\/takavaihtajat\\\/takavaihtaja-12-v-sgs-rd-m8100-deore-xt-single-front\\\/#primaryimage\"},\"thumbnailUrl\":\"https:\\\/\\\/vmsport.fi\\\/wp-content\\\/uploads\\\/2025\\\/03\\\/lBY7SJmoF7cix3NFxJropuXULdenQP9tLHLU5s2hZ7x9HqIwvU-1.jpg\",\"datePublished\":\"2025-03-05T22:27:39+00:00\",\"dateModified\":\"2026-03-19T00:00:20+00:00\",\"breadcrumb\":{\"@id\":\"https:\\\/\\\/vmsport.fi\\\/verkkokauppa\\\/varaosat\\\/vaihteistot\\\/takavaihtajat\\\/takavaihtaja-12-v-sgs-rd-m8100-deore-xt-single-front\\\/#breadcrumb\"},\"inLanguage\":\"sv-SE\",\"potentialAction\":[{\"@type\":\"ReadAction\",\"target\":[\"https:\\\/\\\/vmsport.fi\\\/verkkokauppa\\\/varaosat\\\/vaihteistot\\\/takavaihtajat\\\/takavaihtaja-12-v-sgs-rd-m8100-deore-xt-single-front\\\/\"]}]},{\"@type\":\"ImageObject\",\"inLanguage\":\"sv-SE\",\"@id\":\"https:\\\/\\\/vmsport.fi\\\/verkkokauppa\\\/varaosat\\\/vaihteistot\\\/takavaihtajat\\\/takavaihtaja-12-v-sgs-rd-m8100-deore-xt-single-front\\\/#primaryimage\",\"url\":\"https:\\\/\\\/vmsport.fi\\\/wp-content\\\/uploads\\\/2025\\\/03\\\/lBY7SJmoF7cix3NFxJropuXULdenQP9tLHLU5s2hZ7x9HqIwvU-1.jpg\",\"contentUrl\":\"https:\\\/\\\/vmsport.fi\\\/wp-content\\\/uploads\\\/2025\\\/03\\\/lBY7SJmoF7cix3NFxJropuXULdenQP9tLHLU5s2hZ7x9HqIwvU-1.jpg\",\"width\":600,\"height\":600,\"caption\":\"lBY7SJmoF7cix3NFxJropuXULdenQP9tLHLU5s2hZ7x9HqIwvU\"},{\"@type\":\"BreadcrumbList\",\"@id\":\"https:\\\/\\\/vmsport.fi\\\/verkkokauppa\\\/varaosat\\\/vaihteistot\\\/takavaihtajat\\\/takavaihtaja-12-v-sgs-rd-m8100-deore-xt-single-front\\\/#breadcrumb\",\"itemListElement\":[{\"@type\":\"ListItem\",\"position\":1,\"name\":\"Etusivu\",\"item\":\"https:\\\/\\\/vmsport.fi\\\/\"},{\"@type\":\"ListItem\",\"position\":2,\"name\":\"Online Store\",\"item\":\"https:\\\/\\\/vmsport.fi\\\/en\\\/online-store\\\/\"},{\"@type\":\"ListItem\",\"position\":3,\"name\":\"Takavaihtaja 12-v SGS RD-M8100 Deore XT single front\"}]},{\"@type\":\"WebSite\",\"@id\":\"https:\\\/\\\/vmsport.fi\\\/#website\",\"url\":\"https:\\\/\\\/vmsport.fi\\\/\",\"name\":\"Vmsport\",\"description\":\"Kaikki py\u00f6r\u00e4ilyyn yhdest\u00e4 paikasta\",\"publisher\":{\"@id\":\"https:\\\/\\\/vmsport.fi\\\/#organization\"},\"potentialAction\":[{\"@type\":\"SearchAction\",\"target\":{\"@type\":\"EntryPoint\",\"urlTemplate\":\"https:\\\/\\\/vmsport.fi\\\/?s={search_term_string}\"},\"query-input\":{\"@type\":\"PropertyValueSpecification\",\"valueRequired\":true,\"valueName\":\"search_term_string\"}}],\"inLanguage\":\"sv-SE\"},{\"@type\":\"Organization\",\"@id\":\"https:\\\/\\\/vmsport.fi\\\/#organization\",\"name\":\"Vmsport\",\"url\":\"https:\\\/\\\/vmsport.fi\\\/\",\"logo\":{\"@type\":\"ImageObject\",\"inLanguage\":\"sv-SE\",\"@id\":\"https:\\\/\\\/vmsport.fi\\\/#\\\/schema\\\/logo\\\/image\\\/\",\"url\":\"https:\\\/\\\/vmsport.fi\\\/wp-content\\\/uploads\\\/2024\\\/12\\\/vm_sport_RGB_horisontal-e1734526017575.png\",\"contentUrl\":\"https:\\\/\\\/vmsport.fi\\\/wp-content\\\/uploads\\\/2024\\\/12\\\/vm_sport_RGB_horisontal-e1734526017575.png\",\"width\":668,\"height\":85,\"caption\":\"Vmsport\"},\"image\":{\"@id\":\"https:\\\/\\\/vmsport.fi\\\/#\\\/schema\\\/logo\\\/image\\\/\"},\"sameAs\":[\"https:\\\/\\\/www.facebook.com\\\/Vmsport.fi\\\/\",\"https:\\\/\\\/www.instagram.com\\\/vmsport\\\/\"]}]}<\/script>\n<!-- \/ Yoast SEO plugin. -->","yoast_head_json":{"title":"Bakv\u00e4xel 12-v SGS RD-M8100 Deore XT enkel fram - VM Sport","robots":{"index":"index","follow":"follow","max-snippet":"max-snippet:-1","max-image-preview":"max-image-preview:large","max-video-preview":"max-video-preview:-1"},"canonical":"https:\/\/vmsport.fi\/sv\/webbutik\/reservdelar\/vaxellador\/bakre-vaxlar\/bakvaxel-12-v-sgs-rd-m8100-deore-xt-singel-fram\/","og_locale":"sv_SE","og_type":"article","og_title":"Takavaihtaja 12-v SGS RD-M8100 Deore XT single front - VM Sport","og_description":"Takavaihtaja 12-v SGS RD-M8100 Deore XT on suunniteltu erityisesti maastopy\u00f6r\u00e4ilyyn, tarjoten nopeat ja tarkat vaihteenvaihdot. Shadow Plus -teknologian ansiosta sen matalaprofiilinen muotoilu ja optimoitu kallistuskulma v\u00e4hent\u00e4v\u00e4t ketjun heilumista ep\u00e4tasaisilla alustoilla, jolloin ajo on sujuvaa ja hiljaista. Kylm\u00e4taotusta alumiinista valmistetut leve\u00e4t linkit ja tukevat nivelet takaavat erinomaisen kest\u00e4vyyden. 13-hampaiset suljetut laakeripy\u00f6r\u00e4t ja nelj\u00e4 fluoripinnoitettua nivelholkkia parantavat [...]L\u00e4s mer \u2026 from Takavaihtaja 12-v SGS RD-M8100 Deore XT single front","og_url":"https:\/\/vmsport.fi\/sv\/webbutik\/reservdelar\/vaxellador\/bakre-vaxlar\/bakvaxel-12-v-sgs-rd-m8100-deore-xt-singel-fram\/","og_site_name":"VM Sport","article_publisher":"https:\/\/www.facebook.com\/Vmsport.fi\/","article_modified_time":"2026-03-19T00:00:20+00:00","og_image":[{"width":600,"height":600,"url":"https:\/\/vmsport.fi\/wp-content\/uploads\/2025\/03\/lBY7SJmoF7cix3NFxJropuXULdenQP9tLHLU5s2hZ7x9HqIwvU-1.jpg","type":"image\/jpeg"}],"twitter_card":"summary_large_image","twitter_misc":{"Ber\u00e4knad l\u00e4stid":"1 minut"},"schema":{"@context":"https:\/\/schema.org","@graph":[{"@type":["WebPage","ItemPage"],"@id":"https:\/\/vmsport.fi\/verkkokauppa\/varaosat\/vaihteistot\/takavaihtajat\/takavaihtaja-12-v-sgs-rd-m8100-deore-xt-single-front\/","url":"https:\/\/vmsport.fi\/verkkokauppa\/varaosat\/vaihteistot\/takavaihtajat\/takavaihtaja-12-v-sgs-rd-m8100-deore-xt-single-front\/","name":"Bakv\u00e4xel 12-v SGS RD-M8100 Deore XT enkel fram - VM Sport","isPartOf":{"@id":"https:\/\/vmsport.fi\/#website"},"primaryImageOfPage":{"@id":"https:\/\/vmsport.fi\/verkkokauppa\/varaosat\/vaihteistot\/takavaihtajat\/takavaihtaja-12-v-sgs-rd-m8100-deore-xt-single-front\/#primaryimage"},"image":{"@id":"https:\/\/vmsport.fi\/verkkokauppa\/varaosat\/vaihteistot\/takavaihtajat\/takavaihtaja-12-v-sgs-rd-m8100-deore-xt-single-front\/#primaryimage"},"thumbnailUrl":"https:\/\/vmsport.fi\/wp-content\/uploads\/2025\/03\/lBY7SJmoF7cix3NFxJropuXULdenQP9tLHLU5s2hZ7x9HqIwvU-1.jpg","datePublished":"2025-03-05T22:27:39+00:00","dateModified":"2026-03-19T00:00:20+00:00","breadcrumb":{"@id":"https:\/\/vmsport.fi\/verkkokauppa\/varaosat\/vaihteistot\/takavaihtajat\/takavaihtaja-12-v-sgs-rd-m8100-deore-xt-single-front\/#breadcrumb"},"inLanguage":"sv-SE","potentialAction":[{"@type":"ReadAction","target":["https:\/\/vmsport.fi\/verkkokauppa\/varaosat\/vaihteistot\/takavaihtajat\/takavaihtaja-12-v-sgs-rd-m8100-deore-xt-single-front\/"]}]},{"@type":"ImageObject","inLanguage":"sv-SE","@id":"https:\/\/vmsport.fi\/verkkokauppa\/varaosat\/vaihteistot\/takavaihtajat\/takavaihtaja-12-v-sgs-rd-m8100-deore-xt-single-front\/#primaryimage","url":"https:\/\/vmsport.fi\/wp-content\/uploads\/2025\/03\/lBY7SJmoF7cix3NFxJropuXULdenQP9tLHLU5s2hZ7x9HqIwvU-1.jpg","contentUrl":"https:\/\/vmsport.fi\/wp-content\/uploads\/2025\/03\/lBY7SJmoF7cix3NFxJropuXULdenQP9tLHLU5s2hZ7x9HqIwvU-1.jpg","width":600,"height":600,"caption":"lBY7SJmoF7cix3NFxJropuXULdenQP9tLHLU5s2hZ7x9HqIwvU"},{"@type":"BreadcrumbList","@id":"https:\/\/vmsport.fi\/verkkokauppa\/varaosat\/vaihteistot\/takavaihtajat\/takavaihtaja-12-v-sgs-rd-m8100-deore-xt-single-front\/#breadcrumb","itemListElement":[{"@type":"ListItem","position":1,"name":"Etusivu","item":"https:\/\/vmsport.fi\/"},{"@type":"ListItem","position":2,"name":"Online Store","item":"https:\/\/vmsport.fi\/en\/online-store\/"},{"@type":"ListItem","position":3,"name":"Takavaihtaja 12-v SGS RD-M8100 Deore XT single front"}]},{"@type":"WebSite","@id":"https:\/\/vmsport.fi\/#website","url":"https:\/\/vmsport.fi\/","name":"Vmsport","description":"Allt p\u00e5 ett st\u00e4lle f\u00f6r cykling","publisher":{"@id":"https:\/\/vmsport.fi\/#organization"},"potentialAction":[{"@type":"SearchAction","target":{"@type":"EntryPoint","urlTemplate":"https:\/\/vmsport.fi\/?s={search_term_string}"},"query-input":{"@type":"PropertyValueSpecification","valueRequired":true,"valueName":"search_term_string"}}],"inLanguage":"sv-SE"},{"@type":"Organization","@id":"https:\/\/vmsport.fi\/#organization","name":"Vmsport","url":"https:\/\/vmsport.fi\/","logo":{"@type":"ImageObject","inLanguage":"sv-SE","@id":"https:\/\/vmsport.fi\/#\/schema\/logo\/image\/","url":"https:\/\/vmsport.fi\/wp-content\/uploads\/2024\/12\/vm_sport_RGB_horisontal-e1734526017575.png","contentUrl":"https:\/\/vmsport.fi\/wp-content\/uploads\/2024\/12\/vm_sport_RGB_horisontal-e1734526017575.png","width":668,"height":85,"caption":"Vmsport"},"image":{"@id":"https:\/\/vmsport.fi\/#\/schema\/logo\/image\/"},"sameAs":["https:\/\/www.facebook.com\/Vmsport.fi\/","https:\/\/www.instagram.com\/vmsport\/"]}]}},"global_unique_id":"","_links":{"self":[{"href":"https:\/\/vmsport.fi\/sv\/wp-json\/wp\/v2\/product\/57068","targetHints":{"allow":["GET"]}}],"collection":[{"href":"https:\/\/vmsport.fi\/sv\/wp-json\/wp\/v2\/product"}],"about":[{"href":"https:\/\/vmsport.fi\/sv\/wp-json\/wp\/v2\/types\/product"}],"replies":[{"embeddable":true,"href":"https:\/\/vmsport.fi\/sv\/wp-json\/wp\/v2\/comments?post=57068"}],"wp:featuredmedia":[{"embeddable":true,"href":"https:\/\/vmsport.fi\/sv\/wp-json\/wp\/v2\/media\/57067"}],"wp:attachment":[{"href":"https:\/\/vmsport.fi\/sv\/wp-json\/wp\/v2\/media?parent=57068"}],"wp:term":[{"taxonomy":"product_brand","embeddable":true,"href":"https:\/\/vmsport.fi\/sv\/wp-json\/wp\/v2\/product_brand?post=57068"},{"taxonomy":"product_model","embeddable":true,"href":"https:\/\/vmsport.fi\/sv\/wp-json\/wp\/v2\/product_model?post=57068"},{"taxonomy":"product_cat","embeddable":true,"href":"https:\/\/vmsport.fi\/sv\/wp-json\/wp\/v2\/product_cat?post=57068"},{"taxonomy":"product_tag","embeddable":true,"href":"https:\/\/vmsport.fi\/sv\/wp-json\/wp\/v2\/product_tag?post=57068"},{"taxonomy":"industry_terminology","embeddable":true,"href":"https:\/\/vmsport.fi\/sv\/wp-json\/wp\/v2\/industry-terminology?post=57068"}],"curies":[{"name":"wp","href":"https:\/\/api.w.org\/{rel}","templated":true}]}}